{"id":28041,"date":"2022-02-15T07:23:45","date_gmt":"2022-02-15T04:23:45","guid":{"rendered":"https:\/\/mufasatoursandtravels.com\/ruanda-safari\/"},"modified":"2025-12-15T16:56:54","modified_gmt":"2025-12-15T13:56:54","slug":"ruanda-safari","status":"publish","type":"page","link":"https:\/\/mufasatoursandtravels.com\/de\/ruanda-safari\/","title":{"rendered":"Ruanda Safari"},"content":{"rendered":"[vc_row full_width=&#8220;stretch_row_content&#8220; parallax=&#8220;content-moving&#8220; parallax_image=&#8220;41210&#8243; parallax_speed_bg=&#8220;2&#8243; css=&#8220;.vc_custom_1765805461968{margin-top: -90px !important;padding-top: 25vh !important;}&#8220; el_class=&#8220;custom-banner-image&#8220;][vc_column css=&#8220;.vc_custom_1690525511605{padding: 80px !important;}&#8220;][vc_custom_heading text=&#8220;Private Safaris in Ruanda.&#8220; font_container=&#8220;tag:h1|font_size:50|text_align:left|color:%23ffffff&#8220; google_fonts=&#8220;font_family:Roboto%3A100%2C100italic%2C300%2C300italic%2Cregular%2Citalic%2C500%2C500italic%2C700%2C700italic%2C900%2C900italic|font_style:300%20light%20regular%3A300%3Anormal&#8220; el_class=&#8220;banner-txt&#8220; css=&#8220;.vc_custom_1765803600905{margin-top: 30px !important;}&#8220;][vc_separator color=&#8220;custom&#8220; align=&#8220;align_left&#8220; el_width=&#8220;20&#8243; accent_color=&#8220;#f8f8f8&#8243; el_class=&#8220;banner-txt&#8220;][vc_custom_heading text=&#8220;Safari mit der Stra\u00dfe&#8220; font_container=&#8220;tag:h2|text_align:left|color:%23ffffff&#8220; google_fonts=&#8220;font_family:Roboto%3A100%2C100italic%2C300%2C300italic%2Cregular%2Citalic%2C500%2C500italic%2C700%2C700italic%2C900%2C900italic|font_style:300%20light%20italic%3A300%3Aitalic&#8220; el_class=&#8220;banner-txt&#8220;][\/vc_column][\/vc_row][vc_row css=&#8220;.vc_custom_1690525542972{padding-top: 10px !important;}&#8220;][vc_column][vc_headings style=&#8220;theme3&#8243; linewidth=&#8220;100&#8243; borderwidth=&#8220;3&#8243; borderclr=&#8220;#890000&#8243; title=&#8220;RWANDA SAFARI&#8220; google_fonts=&#8220;font_family:Roboto%3A100%2C100italic%2C300%2C300italic%2Cregular%2Citalic%2C500%2C500italic%2C700%2C700italic%2C900%2C900italic|font_style:400%20regular%3A400%3Anormal&#8220; titleclr=&#8220;#890000&#8243;][\/vc_headings][vc_column_text]\n<div>\n<p>Begeben Sie sich auf das Abenteuer Ihres Lebens mit Rwanda Safari Tours! Entdecken Sie die atemberaubenden Landschaften und die Tierwelt, die Ruanda zu einem <a href=\"https:\/\/mufasatoursandtravels.com\/de\/flugziele\/\">Top-Safari-Reiseziel<\/a> machen. Gorilla Trekking in Ruanda ist ein absolutes Muss, bei dem Sie diese majest\u00e4tischen Kreaturen in ihrem nat\u00fcrlichen Lebensraum hautnah erleben k\u00f6nnen. Es ist ein Erlebnis, an das Sie sich immer erinnern werden!   <\/p>\n<p>Die beste Reisezeit f\u00fcr Safaris in Ruanda ist w\u00e4hrend der Trockenzeit von Juni bis September oder Dezember bis Februar, wenn das Wetter angenehm ist und die Tierwelt besser sichtbar ist. Mit einer Reihe von Ruanda-Reisepaketen k\u00f6nnen Sie die perfekte Reiseroute f\u00fcr Ihren Traumurlaub ausw\u00e4hlen. Von Luxus bis hin zu budgetfreundlichen Optionen ist f\u00fcr jeden etwas dabei. Die Unterk\u00fcnfte w\u00e4hrend einer Gorilla-Tour durch Ruanda sind erstklassig, mit Lodges und Camps, die Komfort und einen atemberaubenden Blick auf die umliegenden Landschaften bieten.   <\/p>\n<p>Die Planung einer Ruanda-Safari ist mit seri\u00f6sen <a href=\"https:\/\/mufasatoursandtravels.com\/de\/\">Reiseveranstaltern<\/a> , die die gesamte Logistik \u00fcbernehmen, ganz einfach. Profitieren Sie von den Safari-Highlights in Ruanda, darunter Gorilla-Trekking im <a href=\"https:\/\/mufasatoursandtravels.com\/de\/ruanda-safari\/3-tage-gorilla-trek\/\">Volcanoes National Park<\/a>, Tierbeobachtungen im Akagera National Park und kulturelle Erlebnisse im Nyungwe Forest National Park. Buchen Sie noch heute Ihre Ruanda Pauschalreisen und machen Sie sich bereit f\u00fcr ein unvergessliches Abenteuer!  <\/p>\n<\/div>\n[\/vc_column_text][\/vc_column][\/vc_row][vc_row full_width=&#8220;stretch_row_content&#8220; css=&#8220;.vc_custom_1678452702121{border-top-width: 10px !important;border-right-width: 10px !important;border-bottom-width: 10px !important;border-left-width: 10px !important;}&#8220;][vc_column css=&#8220;.vc_custom_1644996871715{padding-top: px !important;}&#8220;][vc_headings style=&#8220;theme3&#8243; linewidth=&#8220;100&#8243; borderwidth=&#8220;3&#8243; borderclr=&#8220;#890000&#8243; title=&#8220;PAUSCHALREISEN RUANDA&#8220; google_fonts=&#8220;font_family:Roboto%3A100%2C100italic%2C300%2C300italic%2Cregular%2Citalic%2C500%2C500italic%2C700%2C700italic%2C900%2C900italic|font_style:400%20regular%3A400%3Anormal&#8220; titleclr=&#8220;#890000&#8243;][\/vc_headings][\/vc_column][\/vc_row][vc_row css=&#8220;.vc_custom_1765803929772{padding: 10px !important;}&#8220;][vc_column width=&#8220;1\/2&#8243; css=&#8220;.vc_custom_1690550167694{padding: 10px !important;}&#8220;]<div class=\"cq-hovercard cq-rotateY cardm cq-hovercard-hideicon\" data-contentcolor=\"\" data-iconcolor=\"\" data-bgheight=\"240\" data-captionoffset=\"\" data-videowidth=\"640\" data-linktype=\"customlink\" data-bgtype=\"image\" data-lightboxmargin=\"\"><a href=\"https:\/\/mufasatoursandtravels.com\/rwanda-safari\/3-day-gorilla-trek\/\" title=\"3 Day Gorilla Trek\" target=\"\" class=\"cq-hovercard-customlink\"><img decoding=\"async\" src=\"https:\/\/mufasatoursandtravels.com\/wp-content\/uploads\/2022\/05\/exDxHdJwZ.jpg\" class=\"cq-hovercard-background\" alt=\"Bwindi Impenetrable National Park Gorilla Trekking\" \/><div class=\"cq-hovercard-textcontainer\"><div class=\"cq-hovercard-title\">Ruanda Gorilla Trek<\/div><div class=\"cq-hovercard-content\">Kigali \u2192 Volcano National Park \u2192 Kigali<\/div><i class=\"cq-hovercard-icon \"><\/i><\/div><\/a><\/div>[\/vc_column][vc_column width=&#8220;1\/2&#8243; css=&#8220;.vc_custom_1690550183389{padding: 10px !important;}&#8220;][vc_column_text]\n<div>\n<div>\n<p data-sourcepos=\"3:1-3:469\">Begeben Sie sich auf eine unvergessliche 3-t\u00e4gige Reise in das Herz des ruandischen Volcanoes Nationalparks, einem nebelverhangenen Reich smaragdgr\u00fcner W\u00e4lder und dem letzten Zufluchtsort des Berggorillas. Ihr Abenteuer beginnt mit einem herzlichen Empfang inmitten einer atemberaubenden Landschaft und bereitet die B\u00fchne f\u00fcr eine au\u00dfergew\u00f6hnliche Wanderung in die Tiefen des Parks. Unter Anleitung von Experten durchqueren Sie den lebendigen Wald, in dem die Luft von Wildtieren brummt, und gipfeln in einer pers\u00f6nlichen Begegnung mit einer Gorillafamilie.   Dieses au\u00dfergew\u00f6hnliche Erlebnis erm\u00f6glicht es Ihnen, die sanfte Kraft des Silberr\u00fcckens und die verspielte Energie der jungen Gorillas zu erleben und eine tiefe Verbindung zu diesen gro\u00dfartigen Tieren aufzubauen. Neben der Begegnung mit Gorillas bietet die Safari die M\u00f6glichkeit, das vielf\u00e4ltige \u00d6kosystem des Parks zu erkunden, mit der M\u00f6glichkeit, goldene Affen zu beobachten oder bei Dorfbesuchen in die lokale Kultur einzutauchen. <\/p>\n<\/div>\n<\/div>\n[\/vc_column_text][vc_btn title=&#8220;Paket anzeigen&#8220; style=&#8220;custom&#8220; custom_background=&#8220;#890000&#8243; custom_text=&#8220;#ffffff&#8220; i_align=&#8220;right&#8220; i_icon_fontawesome=&#8220;fas fa-angle-double-right&#8220; add_icon=&#8220;true&#8220; link=&#8220;url:https%3A%2F%2Fmufasatoursandtravels.com%2Fde%2Fruanda-safari%2F3-tage-gorilla-trek%2F|title:Gorilla%20Trekking%203%20Tage|&#8220;][\/vc_column][\/vc_row][vc_row css=&#8220;.vc_custom_1765803929772{padding: 10px !important;}&#8220;][vc_column width=&#8220;1\/2&#8243; css=&#8220;.vc_custom_1690550167694{padding: 10px !important;}&#8220;]<div class=\"cq-hovercard cq-rotateY cardm cq-hovercard-hideicon\" data-contentcolor=\"\" data-iconcolor=\"\" data-bgheight=\"240\" data-captionoffset=\"\" data-videowidth=\"640\" data-linktype=\"customlink\" data-bgtype=\"image\" data-lightboxmargin=\"\"><a href=\"https:\/\/mufasatoursandtravels.com\/rwanda-safari\/rwanda-classic-primate-trek\/\" title=\"Rwanda Classic Primate Trek\" target=\"\" class=\"cq-hovercard-customlink\"><img decoding=\"async\" src=\"https:\/\/mufasatoursandtravels.com\/wp-content\/uploads\/2023\/02\/gorilla-trekking-and-chimpanzee-safaris.jpg\" class=\"cq-hovercard-background\" alt=\"Gorilla Trekking and Chimpanzee Safaris\" \/><div class=\"cq-hovercard-textcontainer\"><div class=\"cq-hovercard-title\">Ruanda Primatenparadies<\/div><div class=\"cq-hovercard-content\">Kigali \u2192 Volcano National Park \u2192 Gorilla Trekking \u2192 Kigali<\/div><i class=\"cq-hovercard-icon \"><\/i><\/div><\/a><\/div>[\/vc_column][vc_column width=&#8220;1\/2&#8243; css=&#8220;.vc_custom_1690550183389{padding: 10px !important;}&#8220;][vc_column_text]\n<div>\n<div>\n<p data-sourcepos=\"3:1-3:398\">Ihre Ruanda-Reise beginnt im Herzen einer atemberaubenden Landschaft und f\u00fchrt Sie in den Volcanoes National Park. Gef\u00fchrt von erfahrenen F\u00e4hrtenlesern wandern Sie durch die dichte Vegetation und bauen Vorfreude auf den Moment auf, in dem Sie einer Gorillafamilie begegnen. Erleben Sie ihr nat\u00fcrliches Miteinander, die m\u00fctterliche F\u00fcrsorge und die spielerische Energie der Jungen \u2013 eine ehrfurchtgebietende Stunde, die einen bleibenden Eindruck hinterlassen wird.  <\/p>\n<p data-sourcepos=\"5:1-5:261\">Neben der Begegnung mit Gorillas bietet diese Safari die M\u00f6glichkeit, das vielf\u00e4ltige \u00d6kosystem des Parks zu erkunden. Vielleicht beobachten Sie goldene Affen oder wandern Sie zu malerischen Aussichtspunkten und tauchen Sie in die Sch\u00f6nheit und Ruhe dieser einzigartigen und faszinierenden Ecke der Welt ein. <\/p>\n<\/div>\n<\/div>\n[\/vc_column_text][vc_btn title=&#8220;Paket anzeigen&#8220; style=&#8220;custom&#8220; custom_background=&#8220;#890000&#8243; custom_text=&#8220;#ffffff&#8220; i_align=&#8220;right&#8220; i_icon_fontawesome=&#8220;fas fa-angle-double-right&#8220; add_icon=&#8220;true&#8220; link=&#8220;url:https%3A%2F%2Fmufasatoursandtravels.com%2Fde%2Fruanda-safari%2Fruanda-klassischer-primaten-trek%2F|title:Ruanda%20Klassischer%20Primaten-Trek|&#8220;][\/vc_column][\/vc_row][vc_row css=&#8220;.vc_custom_1765803929772{padding: 10px !important;}&#8220;][vc_column width=&#8220;1\/2&#8243; css=&#8220;.vc_custom_1690550167694{padding: 10px !important;}&#8220;]<div class=\"cq-hovercard cq-rotateY cardm cq-hovercard-hideicon\" data-contentcolor=\"\" data-iconcolor=\"\" data-bgheight=\"240\" data-captionoffset=\"\" data-videowidth=\"640\" data-linktype=\"customlink\" data-bgtype=\"image\" data-lightboxmargin=\"\"><a href=\"https:\/\/mufasatoursandtravels.com\/rwanda-safari\/rwanda-primates-encounter-lake-kivu\/\" title=\"Rwanda Primates Encounter & Lake Kivu\" target=\"\" class=\"cq-hovercard-customlink\"><img decoding=\"async\" src=\"https:\/\/mufasatoursandtravels.com\/wp-content\/uploads\/2023\/05\/rwanda-safari.jpg\" class=\"cq-hovercard-background\" alt=\"rwanda safari\" \/><div class=\"cq-hovercard-textcontainer\"><div class=\"cq-hovercard-title\">Ruanda Primas Odessey &amp; Kivu-See<\/div><div class=\"cq-hovercard-content\">Kigali \u2192 Volcano National Park \u2192 Lake Kivu \u2192 Kigali<\/div><i class=\"cq-hovercard-icon \"><\/i><\/div><\/a><\/div>[\/vc_column][vc_column width=&#8220;1\/2&#8243; css=&#8220;.vc_custom_1690550183389{padding: 10px !important;}&#8220;][vc_column_text]\n<div>\n<div>\n<p data-sourcepos=\"3:1-3:410\">Begeben Sie sich auf ein aufregendes 5-t\u00e4giges Abenteuer in Ruanda, beginnend mit einer Wanderung durch den Volcanoes National Park, um eine unvergessliche Begegnung mit Berggorillas zu erleben. Erleben Sie diese sanften Riesen in ihrem nat\u00fcrlichen Lebensraum, ein Erlebnis, das einen bleibenden Eindruck hinterlassen wird. Erkunden Sie die atemberaubenden Vulkanlandschaften des Parks, wandern Sie zu atemberaubenden Aussichtspunkten und tauchen Sie ein in die Sch\u00f6nheit und Ruhe des Regenwaldes.  <\/p>\n<p data-sourcepos=\"5:1-5:389\">Beenden Sie Ihre Reise mit Entspannung und Gelassenheit am Ufer des Kivu-Sees. Entspannen Sie sich an Sandstr\u00e4nden, genie\u00dfen Sie die Sonne und genie\u00dfen Sie die friedliche Atmosph\u00e4re. Machen Sie eine Bootsfahrt, schwimmen Sie im klaren Wasser oder genie\u00dfen Sie einfach die atemberaubende Landschaft. Diese kurze, aber kraftvolle Safari bietet eine perfekte Mischung aus aufregenden Begegnungen mit der Tierwelt und ruhiger nat\u00fcrlicher Sch\u00f6nheit und schafft Erinnerungen, die f\u00fcr immer in Ehren gehalten werden   <\/p>\n<\/div>\n<\/div>\n[\/vc_column_text][vc_btn title=&#8220;Paket anzeigen&#8220; style=&#8220;custom&#8220; custom_background=&#8220;#890000&#8243; custom_text=&#8220;#ffffff&#8220; i_align=&#8220;right&#8220; i_icon_fontawesome=&#8220;fas fa-angle-double-right&#8220; add_icon=&#8220;true&#8220; link=&#8220;url:https%3A%2F%2Fmufasatoursandtravels.com%2Fde%2Fruanda-safari%2Fbegegnung-mit-den-primaten-in-ruanda-kivu-see%2F|title:Begegnung%20mit%20den%20Primaten%20in%20Ruanda%20%26amp%3B%20Kivu-See|&#8220;][\/vc_column][\/vc_row][vc_row][vc_column][vc_headings style=&#8220;theme3&#8243; linewidth=&#8220;100&#8243; borderwidth=&#8220;3&#8243; borderclr=&#8220;#890000&#8243; title=&#8220;Ruanda Safari H\u00e4ufig gestellte Fragen&#8220; google_fonts=&#8220;font_family:Open%20Sans%3A300%2C300italic%2Cregular%2Citalic%2C600%2C600italic%2C700%2C700italic%2C800%2C800italic|font_style:600%20bold%20regular%3A600%3Anormal&#8220; titleclr=&#8220;#890000&#8243;][\/vc_headings][vc_empty_space][\/vc_column][\/vc_row][vc_row][vc_column][vc_toggle title=&#8220;Was ist die beste Zeit, um Ruanda auf Safari zu besuchen?&#8220; style=&#8220;square&#8220;]\n<div>\n<div>Die beste Zeit, um Ruanda auf einer Safari zu besuchen, ist w\u00e4hrend der Trockenzeit, typischerweise von Mitte Dezember bis Anfang M\u00e4rz und von Juni bis September. Diese Monate bieten hervorragende M\u00f6glichkeiten zur Tierbeobachtung und angenehmes Wetter f\u00fcr Aktivit\u00e4ten im Freien. <\/div>\n<\/div>\n[\/vc_toggle][vc_toggle title=&#8220;Welche Arten von Unterk\u00fcnften gibt es w\u00e4hrend einer Ruanda-Safari?&#8220; style=&#8220;square&#8220;]\n<div>\n<div>\n<div>\n<div>Ruanda bietet eine Reihe von Unterkunftsm\u00f6glichkeiten f\u00fcr unterschiedliche Vorlieben und Budgets. Dazu geh\u00f6ren Luxus-Lodges, Zeltcamps, Boutique-Hotels und umweltfreundliche Resorts. Die Unterk\u00fcnfte befinden sich oft in der N\u00e4he der Nationalparks, bieten einfachen Zugang zu Wildtiergebieten und bieten Annehmlichkeiten wie komfortable Zimmer, k\u00f6stliche K\u00fcche und einen atemberaubenden Blick auf die umliegenden Landschaften.  <\/div>\n<\/div>\n<\/div>\n<\/div>\n[\/vc_toggle][vc_toggle title=&#8220;Wie hoch ist die k\u00f6rperliche Fitness, die f\u00fcr eine Gorillawanderung in Ruanda erforderlich ist?&#8220; style=&#8220;square&#8220;]\n<div>\n<div>\n<div>\n<div>Gorilla-Trekking in Ruanda erfordert ein moderates Ma\u00df an k\u00f6rperlicher Fitness. Obwohl das Gel\u00e4nde vor allem in dichten W\u00e4ldern herausfordernd sein kann, geben Ranger und Guides ein angenehmes Tempo vor und helfen auf dem Weg. Es ist ratsam, sich vor der Wanderung mit Ihrem Reiseveranstalter in Verbindung zu setzen und \u00e4rztlichen Rat einzuholen, um sicherzustellen, dass Sie auf die k\u00f6rperlichen Anforderungen vorbereitet sind.  <\/div>\n<\/div>\n<\/div>\n<\/div>\n[\/vc_toggle][vc_toggle title=&#8220;Ist es sicher, auf eine Safari in Ruanda zu gehen?&#8220; style=&#8220;square&#8220;]\n<div>\n<div>\n<div>\n<div>Ruanda gilt im Allgemeinen als sicher f\u00fcr Touristen, auch f\u00fcr diejenigen, die auf Safari gehen. Das Land hat erhebliche Fortschritte in Bezug auf Sicherheit und Stabilit\u00e4t erzielt. Es wird jedoch immer empfohlen, die Reisehinweise zu befolgen, die notwendigen Vorsichtsma\u00dfnahmen zu treffen und mit einem seri\u00f6sen Reiseveranstalter zu reisen, der Ihre Sicherheit w\u00e4hrend des gesamten Safari-Erlebnisses gew\u00e4hrleisten kann.  <\/div>\n<\/div>\n<\/div>\n<\/div>\n[\/vc_toggle][vc_toggle title=&#8220;Wie lange sollte eine Safari in Ruanda dauern?&#8220; style=&#8220;square&#8220;]\n<div>\n<div>\n<div>\n<div>Die Dauer einer Ruanda-Safari h\u00e4ngt von Ihren Vorlieben und Interessen ab. F\u00fcr Gorilla-Trekking wird empfohlen, mindestens 2 bis 3 Tage einzuplanen, um Zeit f\u00fcr die Akklimatisation und mehrere Wanderungen zu haben. Wenn Sie andere Nationalparks erkunden und an verschiedenen Aktivit\u00e4ten teilnehmen m\u00f6chten, wie z. B. Pirschfahrten und Naturwanderungen, w\u00e4re eine Safari von 5 bis 7 Tagen oder mehr ideal.  <\/div>\n<\/div>\n<\/div>\n<\/div>\n[\/vc_toggle][vc_toggle title=&#8220;Was kann ich auf einer Ruanda-Safari erwarten?&#8220; style=&#8220;square&#8220;]\n<div>\n<div>\n<div>Ruanda-Safaris bieten die M\u00f6glichkeit, eine unglaubliche Tierwelt zu beobachten, darunter die ber\u00fchmten Berggorillas im Volcanoes National Park. Zu den anderen Wildtierarten, denen Sie begegnen k\u00f6nnen, geh\u00f6ren Goldaffen, Schimpansen, Elefanten, B\u00fcffel und verschiedene Vogelarten. Ruandas Nationalparks bieten auch vielf\u00e4ltige Landschaften wie \u00fcppige Regenw\u00e4lder, malerische Seen und sanfte H\u00fcgel.  <\/div>\n<\/div>\n<\/div>\n[\/vc_toggle][vc_toggle title=&#8220;Kann ich eine Ruanda-Safari mit anderen Attraktionen kombinieren?&#8220; style=&#8220;square&#8220;]\n<div>\n<div>\n<div>\n<div>\n<div>\n<div>Absolut! Viele Besucher kombinieren ihre Ruanda-Safari mit anderen Attraktionen innerhalb des Landes oder der Nachbarl\u00e4nder. Sie k\u00f6nnen Ruandas pulsierende Hauptstadt Kigali erkunden, kulturelle St\u00e4tten besuchen, an gemeindebasierten Tourismusinitiativen teilnehmen oder Ihre Reise in Nachbarl\u00e4nder wie Uganda oder Tansania verl\u00e4ngern, um andere Begegnungen mit Wildtieren oder ikonische Sehensw\u00fcrdigkeiten wie die <a href=\"https:\/\/mufasatoursandtravels.com\/de\/flugziele\/serengeti-nationalpark\/\">Serengeti<\/a> oder den <a href=\"https:\/\/mufasatoursandtravels.com\/de\/flugziele\/ngorongoro-krater\/\">Ngorongoro-Krater<\/a> zu erleben.  <\/div>\n<\/div>\n<\/div>\n<\/div>\n<\/div>\n<\/div>\n[\/vc_toggle][\/vc_column][\/vc_row]\n","protected":false},"excerpt":{"rendered":"<p>[vc_row full_width=&#8220;stretch_row_content&#8220; parallax=&#8220;content-moving&#8220; parallax_image=&#8220;41210&#8243; parallax_speed_bg=&#8220;2&#8243; css=&#8220;.vc_custom_1765805461968{margin-top: -90px !important;padding-top: 25vh !important;}&#8220; el_class=&#8220;custom-banner-image&#8220;][vc_column css=&#8220;.vc_custom_1690525511605{padding: 80px !important;}&#8220;][vc_custom_heading text=&#8220;Private Safaris in Ruanda.&#8220; font_container=&#8220;tag:h1|font_size:50|text_align:left|color:%23ffffff&#8220; google_fonts=&#8220;font_family:Roboto%3A100%2C100italic%2C300%2C300italic%2Cregular%2Citalic%2C500%2C500italic%2C700%2C700italic%2C900%2C900italic|font_style:300%20light%20regular%3A300%3Anormal&#8220; el_class=&#8220;banner-txt&#8220; css=&#8220;.vc_custom_1765803600905{margin-top: 30px !important;}&#8220;][vc_separator color=&#8220;custom&#8220; align=&#8220;align_left&#8220; el_width=&#8220;20&#8243; accent_color=&#8220;#f8f8f8&#8243; el_class=&#8220;banner-txt&#8220;][vc_custom_heading text=&#8220;Safari mit der Stra\u00dfe&#8220; font_container=&#8220;tag:h2|text_align:left|color:%23ffffff&#8220; google_fonts=&#8220;font_family:Roboto%3A100%2C100italic%2C300%2C300italic%2Cregular%2Citalic%2C500%2C500italic%2C700%2C700italic%2C900%2C900italic|font_style:300%20light%20italic%3A300%3Aitalic&#8220; el_class=&#8220;banner-txt&#8220;][\/vc_column][\/vc_row][vc_row css=&#8220;.vc_custom_1690525542972{padding-top: 10px !important;}&#8220;][vc_column][vc_headings style=&#8220;theme3&#8243; linewidth=&#8220;100&#8243; borderwidth=&#8220;3&#8243; borderclr=&#8220;#890000&#8243; title=&#8220;RWANDA SAFARI&#8220; google_fonts=&#8220;font_family:Roboto%3A100%2C100italic%2C300%2C300italic%2Cregular%2Citalic%2C500%2C500italic%2C700%2C700italic%2C900%2C900italic|font_style:400%20regular%3A400%3Anormal&#8220; titleclr=&#8220;#890000&#8243;][\/vc_headings][vc_column_text] Begeben Sie sich auf das Abenteuer Ihres Lebens [&hellip;]<\/p>\n","protected":false},"author":4,"featured_media":0,"parent":0,"menu_order":37,"comment_status":"closed","ping_status":"closed","template":"","meta":{"_themeisle_gutenberg_block_has_review":false,"footnotes":""},"class_list":["post-28041","page","type-page","status-publish","hentry"],"_links":{"self":[{"href":"https:\/\/mufasatoursandtravels.com\/de\/wp-json\/wp\/v2\/pages\/28041","targetHints":{"allow":["GET"]}}],"collection":[{"href":"https:\/\/mufasatoursandtravels.com\/de\/wp-json\/wp\/v2\/pages"}],"about":[{"href":"https:\/\/mufasatoursandtravels.com\/de\/wp-json\/wp\/v2\/types\/page"}],"author":[{"embeddable":true,"href":"https:\/\/mufasatoursandtravels.com\/de\/wp-json\/wp\/v2\/users\/4"}],"replies":[{"embeddable":true,"href":"https:\/\/mufasatoursandtravels.com\/de\/wp-json\/wp\/v2\/comments?post=28041"}],"version-history":[{"count":2,"href":"https:\/\/mufasatoursandtravels.com\/de\/wp-json\/wp\/v2\/pages\/28041\/revisions"}],"predecessor-version":[{"id":41224,"href":"https:\/\/mufasatoursandtravels.com\/de\/wp-json\/wp\/v2\/pages\/28041\/revisions\/41224"}],"wp:attachment":[{"href":"https:\/\/mufasatoursandtravels.com\/de\/wp-json\/wp\/v2\/media?parent=28041"}],"curies":[{"name":"wp","href":"https:\/\/api.w.org\/{rel}","templated":true}]}}