{"id":28109,"date":"2024-04-11T15:53:39","date_gmt":"2024-04-11T12:53:39","guid":{"rendered":"https:\/\/mufasatoursandtravels.com\/tansania-safaris\/tansania-safaris-mit-mittlerem-aufenthalt\/"},"modified":"2025-02-20T10:11:08","modified_gmt":"2025-02-20T07:11:08","slug":"tansania-safaris-mit-mittlerem-aufenthalt","status":"publish","type":"page","link":"https:\/\/mufasatoursandtravels.com\/de\/tansania-safaris\/tansania-safaris-mit-mittlerem-aufenthalt\/","title":{"rendered":"Tansania Safaris mit mittlerem Aufenthalt"},"content":{"rendered":"[vc_row full_width=&#8220;stretch_row_content&#8220; parallax=&#8220;content-moving&#8220; css=&#8220;.vc_custom_1713163176785{margin-top: -50px !important;background: rgba(0,0,0,0.89) url(https:\/\/mufasatoursandtravels.com\/wp-content\/uploads\/2024\/04\/wildebeest-running.jpg?id=14725);*background-color:gb(0,0,0);}&#8220;][vc_column css=&#8220;.vc_custom_1687869367906{padding-top: 30px !important;padding-right: 50px !important;padding-bottom: 30px !important;padding-left: 50px !important;background-color: rgba(0,0,0,0.57) !important;*background-color: rgb(0,0,0) !important;}&#8220;][vc_custom_heading text=&#8220;TANSANIA&#8220; font_container=&#8220;tag:h1|font_size:35|text_align:center|color:%23ffffff&#8220; use_theme_fonts=&#8220;yes&#8220; el_class=&#8220;custom-opacity-text&#8220; css=&#8220;.vc_custom_1713361797451{margin-top: 30px !important;}&#8220;][vc_headings linewidth=&#8220;150&#8243; borderclr=&#8220;#ffffff&#8220; title=&#8220;Medium Stay Safaris&#8220; google_fonts=&#8220;font_family:Open%20Sans%3A300%2C300italic%2Cregular%2Citalic%2C600%2C600italic%2C700%2C700italic%2C800%2C800italic|font_style:400%20regular%3A400%3Anormal&#8220; titleclr=&#8220;#ffffff&#8220;][\/vc_headings][vc_empty_space height=&#8220;150px&#8220;][\/vc_column][\/vc_row][vc_row][vc_column][vc_empty_space][\/vc_column][\/vc_row][vc_row][vc_column][vc_column_text]\n<p style=\"font-size: 18px; text-align: center;\">Erleben Sie die vielf\u00e4ltigen Landschaften und \u00d6kosysteme Afrikas, von weiten Savannen bis hin zu \u00fcppigen W\u00e4ldern und schimmernden Wasserstra\u00dfen. Haben Sie die M\u00f6glichkeit, Wildtiere zu treffen, einschlie\u00dflich der M\u00f6glichkeit, die Gro\u00dfe Migration, die Big Five-Tiere und eine Vielzahl von Vogelarten zu erleben. Tauchen Sie ein in die lokalen Kulturen durch Interaktionen mit indigenen Gemeinschaften, Besuche in Stammesd\u00f6rfern oder kulturelle Darbietungen. <\/p>\n[\/vc_column_text][\/vc_column][\/vc_row][vc_row][vc_column][vc_headings style=&#8220;theme3&#8243; linewidth=&#8220;150&#8243; borderclr=&#8220;#890000&#8243; title=&#8220;Pakete&#8220; use_theme_fonts=&#8220;yes&#8220; titleclr=&#8220;#890000&#8243;][\/vc_headings][vc_empty_space][\/vc_column][\/vc_row][vc_row css=&#8220;.vc_custom_1712829798925{padding: 5px !important;}&#8220;][vc_column width=&#8220;1\/3&#8243; css=&#8220;.vc_custom_1712828853854{padding: 10px !important;}&#8220;]<div class=\"cq-hovercard cq-rotate  cq-hovercard-hideicon\" data-contentcolor=\"\" data-iconcolor=\"#890000\" data-bgheight=\"240\" data-captionoffset=\"\" data-videowidth=\"640\" data-linktype=\"customlink\" data-bgtype=\"image\" data-lightboxmargin=\"\"><a href=\"https:\/\/mufasatoursandtravels.com\/tanzania-safaris\/tanzania-medium-stay-safaris\/serengeti-ngorongoro-odyssey\/\" title=\"Serengeti-Ngorongoro Odyssey\" target=\"\" class=\"cq-hovercard-customlink\"><img decoding=\"async\" src=\"https:\/\/mufasatoursandtravels.com\/wp-content\/uploads\/2024\/04\/wildebeests.jpg\" class=\"cq-hovercard-background\" alt=\"\" \/><div class=\"cq-hovercard-textcontainer\"><div class=\"cq-hovercard-title\">Serengeti-Ngorongoro Odyssee<\/div><div class=\"cq-hovercard-content\">4 Days | Serengeti \u2192 Ngorongoro<\/div><i class=\"cq-hovercard-icon fas fa-paw\"><\/i><\/div><\/a><\/div>[\/vc_column][vc_column width=&#8220;1\/3&#8243; css=&#8220;.vc_custom_1712828875331{padding: 10px !important;}&#8220;]<div class=\"cq-hovercard cq-rotate  cq-hovercard-hideicon\" data-contentcolor=\"\" data-iconcolor=\"#890000\" data-bgheight=\"240\" data-captionoffset=\"\" data-videowidth=\"640\" data-linktype=\"customlink\" data-bgtype=\"image\" data-lightboxmargin=\"\"><a href=\"https:\/\/mufasatoursandtravels.com\/tanzania-safaris\/tanzania-medium-stay-safaris\/tanzania-signature-safari\/\" title=\"Tanzania Signature Safari\" target=\"\" class=\"cq-hovercard-customlink\"><img decoding=\"async\" src=\"https:\/\/mufasatoursandtravels.com\/wp-content\/uploads\/2025\/01\/Lioness.jpeg\" class=\"cq-hovercard-background\" alt=\"\" \/><div class=\"cq-hovercard-textcontainer\"><div class=\"cq-hovercard-title\">Tansania Signature Safari<\/div><div class=\"cq-hovercard-content\">5 Days | Tarangire \u2192 Serengeti \u2192 Ngorongoro<\/div><i class=\"cq-hovercard-icon fas fa-paw\"><\/i><\/div><\/a><\/div>[\/vc_column][vc_column width=&#8220;1\/3&#8243; css=&#8220;.vc_custom_1712828886767{padding: 10px !important;}&#8220;]<div class=\"cq-hovercard cq-rotate  cq-hovercard-hideicon\" data-contentcolor=\"\" data-iconcolor=\"#890000\" data-bgheight=\"240\" data-captionoffset=\"\" data-videowidth=\"640\" data-linktype=\"customlink\" data-bgtype=\"image\" data-lightboxmargin=\"\"><a href=\"https:\/\/mufasatoursandtravels.com\/tanzania-safaris\/tanzania-medium-stay-safaris\/serenade-expedition\/\" title=\"Serenade Expedition\" target=\"\" class=\"cq-hovercard-customlink\"><img decoding=\"async\" src=\"https:\/\/mufasatoursandtravels.com\/wp-content\/uploads\/2021\/12\/1553677244864_Male-and-Female-Lion-2-Serengeti-NP.jpg\" class=\"cq-hovercard-background\" alt=\"MUFASA TOURS AND TRAVEL\" \/><div class=\"cq-hovercard-textcontainer\"><div class=\"cq-hovercard-title\">Serenaden-Expedition<\/div><div class=\"cq-hovercard-content\">6 Days | Tarangire \u2192 Serengeti \u2192 Ngorongoro<\/div><i class=\"cq-hovercard-icon fas fa-paw\"><\/i><\/div><\/a><\/div>[\/vc_column][\/vc_row]\n","protected":false},"excerpt":{"rendered":"<p>[vc_row full_width=&#8220;stretch_row_content&#8220; parallax=&#8220;content-moving&#8220; css=&#8220;.vc_custom_1713163176785{margin-top: -50px !important;background: rgba(0,0,0,0.89) url(https:\/\/mufasatoursandtravels.com\/wp-content\/uploads\/2024\/04\/wildebeest-running.jpg?id=14725);*background-color:gb(0,0,0);}&#8220;][vc_column css=&#8220;.vc_custom_1687869367906{padding-top: 30px !important;padding-right: 50px !important;padding-bottom: 30px !important;padding-left: 50px !important;background-color: rgba(0,0,0,0.57) !important;*background-color: rgb(0,0,0) !important;}&#8220;][vc_custom_heading text=&#8220;TANSANIA&#8220; font_container=&#8220;tag:h1|font_size:35|text_align:center|color:%23ffffff&#8220; use_theme_fonts=&#8220;yes&#8220; el_class=&#8220;custom-opacity-text&#8220; css=&#8220;.vc_custom_1713361797451{margin-top: 30px !important;}&#8220;][vc_headings linewidth=&#8220;150&#8243; borderclr=&#8220;#ffffff&#8220; title=&#8220;Medium Stay Safaris&#8220; google_fonts=&#8220;font_family:Open%20Sans%3A300%2C300italic%2Cregular%2Citalic%2C600%2C600italic%2C700%2C700italic%2C800%2C800italic|font_style:400%20regular%3A400%3Anormal&#8220; titleclr=&#8220;#ffffff&#8220;][\/vc_headings][vc_empty_space height=&#8220;150px&#8220;][\/vc_column][\/vc_row][vc_row][vc_column][vc_empty_space][\/vc_column][\/vc_row][vc_row][vc_column][vc_column_text] Erleben Sie die vielf\u00e4ltigen Landschaften und \u00d6kosysteme Afrikas, von weiten Savannen bis hin zu \u00fcppigen W\u00e4ldern und schimmernden Wasserstra\u00dfen. [&hellip;]<\/p>\n","protected":false},"author":1,"featured_media":0,"parent":27904,"menu_order":1,"comment_status":"closed","ping_status":"closed","template":"","meta":{"_themeisle_gutenberg_block_has_review":false,"footnotes":""},"class_list":["post-28109","page","type-page","status-publish","hentry"],"_links":{"self":[{"href":"https:\/\/mufasatoursandtravels.com\/de\/wp-json\/wp\/v2\/pages\/28109","targetHints":{"allow":["GET"]}}],"collection":[{"href":"https:\/\/mufasatoursandtravels.com\/de\/wp-json\/wp\/v2\/pages"}],"about":[{"href":"https:\/\/mufasatoursandtravels.com\/de\/wp-json\/wp\/v2\/types\/page"}],"author":[{"embeddable":true,"href":"https:\/\/mufasatoursandtravels.com\/de\/wp-json\/wp\/v2\/users\/1"}],"replies":[{"embeddable":true,"href":"https:\/\/mufasatoursandtravels.com\/de\/wp-json\/wp\/v2\/comments?post=28109"}],"version-history":[{"count":0,"href":"https:\/\/mufasatoursandtravels.com\/de\/wp-json\/wp\/v2\/pages\/28109\/revisions"}],"up":[{"embeddable":true,"href":"https:\/\/mufasatoursandtravels.com\/de\/wp-json\/wp\/v2\/pages\/27904"}],"wp:attachment":[{"href":"https:\/\/mufasatoursandtravels.com\/de\/wp-json\/wp\/v2\/media?parent=28109"}],"curies":[{"name":"wp","href":"https:\/\/api.w.org\/{rel}","templated":true}]}}