{"id":28157,"date":"2023-05-16T18:55:42","date_gmt":"2023-05-16T15:55:42","guid":{"rendered":"https:\/\/mufasatoursandtravels.com\/safari-und-touren\/"},"modified":"2026-03-06T18:35:46","modified_gmt":"2026-03-06T15:35:46","slug":"safari-und-touren","status":"publish","type":"page","link":"https:\/\/mufasatoursandtravels.com\/de\/safari-und-touren\/","title":{"rendered":"Safari und Touren"},"content":{"rendered":"[vc_row full_width=&#8220;stretch_row_content&#8220; css=&#8220;.vc_custom_1687869905456{margin-top: -50px !important;background: rgba(0,0,0,0.89) url(https:\/\/mufasatoursandtravels.com\/wp-content\/uploads\/2023\/02\/travel-and-tours.jpg?id=9064) !important;*background-color: rgb(0,0,0) !important;}&#8220;][vc_column css=&#8220;.vc_custom_1687869367906{padding-top: 30px !important;padding-right: 50px !important;padding-bottom: 30px !important;padding-left: 50px !important;background-color: rgba(0,0,0,0.57) !important;*background-color: rgb(0,0,0) !important;}&#8220;][vc_custom_heading text=&#8220;Safari-Touren in Ostafrika&#8220; font_container=&#8220;tag:h1|font_size:28|text_align:center|color:%23ffffff&#8220; use_theme_fonts=&#8220;yes&#8220; el_class=&#8220;custom-opacity-text&#8220; css=&#8220;.vc_custom_1687869412399{margin-top: 30px !important;}&#8220;][vc_empty_space][vc_btn title=&#8220;Entdecken Sie mit uns&#8220; style=&#8220;outline&#8220; shape=&#8220;round&#8220; align=&#8220;center&#8220; link=&#8220;url:https%3A%2F%2Fmufasatoursandtravels.com%2Fde%2Fangebot-anfordern%2F|&#8220;][\/vc_column][\/vc_row][vc_row][vc_column][vc_empty_space][vc_custom_heading text=&#8220;Mufasa Safari Touren&#8220; font_container=&#8220;tag:h2|font_size:28|text_align:center|color:%23890000&#8243; use_theme_fonts=&#8220;yes&#8220;][\/vc_column][\/vc_row][vc_row][vc_column][vc_column_text]Willkommen bei Mufasa Safari Tours, wo wir uns darauf spezialisiert haben, die unvergesslichsten Safari-Erlebnisse in ganz Ostafrika anzubieten. Unser Ziel ist es, Ihnen zu helfen, die Magie Afrikas durch unsere ma\u00dfgeschneiderten Safari-Touren, Kulturtouren und Luxus-Tourpakete zu entdecken. <\/p>\n<p>Wenn Sie auf der Suche nach einem unvergleichlichen Wildtiererlebnis sind, sind unsere Safari-Touren perfekt f\u00fcr Sie. Unsere erfahrenen Guides nehmen Sie mit auf eine Reise durch die Savannen und Dschungel, wo Sie pr\u00e4chtige Kreaturen wie L\u00f6wen, Elefanten und Giraffen in ihrem nat\u00fcrlichen Lebensraum sehen k\u00f6nnen. Unsere Fahrzeuge mit 4&#215;4-Radantrieb sind mit modernen Ferngl\u00e4sern, Ladesystemen und Funkspr\u00fcchen ausgestattet, um sicherzustellen, dass Sie ein au\u00dfergew\u00f6hnliches Safari-Erlebnis haben.  <\/p>\n<p>Bei <a href=\"https:\/\/mufasatoursandtravels.com\/destinations\/%20https:\/\/mufasatoursandtravels.com\/rwanda-safari\/%20https:\/\/mufasatoursandtravels.com\/uganda-safari\/%20https:\/\/mufasatoursandtravels.com\/kenya-tanzania-zanzibar-safaris\/%20https:\/\/mufasatoursandtravels.com\/kenya-flying-safaris-2\/%20https:\/\/mufasatoursandtravels.com\/destinations\/serengeti-national-park\/%20https:\/\/mufasatoursandtravels.com\/destinations\/masai-mara-national-reserve\/%20https:\/\/mufasatoursandtravels.com\/destinations\/arusha-national-park\/%20https:\/\/mufasatoursandtravels.com\/destinations\/amboseli-national-park\/%20https:\/\/mufasatoursandtravels.com\/mufasa-fleet\/%20https:\/\/mufasatoursandtravels.com\/destinations\/\">Mufasa Tours and Travels<\/a> glauben wir daran, flexible und anpassbare Safari-Reiserouten anzubieten, damit Sie Ihr perfektes afrikanisches Abenteuer gestalten k\u00f6nnen. Unsere erfahrenen und sachkundigen Guides k\u00fcmmern sich um alles, von der Organisation von Transport und Unterk\u00fcnften bis hin zur Vermittlung von Insiderwissen und Einblicken in die lokale Kultur und Tierwelt.[\/vc_column_text][\/vc_column][\/vc_row][vc_row full_width=&#8220;stretch_row_content&#8220;][vc_column width=&#8220;1\/3&#8243; css=&#8220;.vc_custom_1673420114805{border-top-width: 10px !important;border-right-width: 10px !important;border-bottom-width: 10px !important;border-left-width: 10px !important;}&#8220;][wdo_ult_banner ult_banner_image=&#8220;9029&#8243; ult_banner_link=&#8220;https:\/\/mufasatoursandtravels.com\/kenya-safari-by-road\/&#8220;]\n<p style=\"text-align: center;\"><span style=\"font-size: 24pt;\"><strong>KENIA ROAD SAFARIS<\/strong><\/span><\/p>\n<p style=\"text-align: center;\"><span style=\"font-size: 14pt;\">(PRIVATE SAFARIS)<\/span><\/p>\n[\/wdo_ult_banner][\/vc_column][vc_column width=&#8220;1\/3&#8243; css=&#8220;.vc_custom_1673420131900{border-top-width: 10px !important;border-right-width: 10px !important;border-bottom-width: 10px !important;border-left-width: 10px !important;}&#8220;][wdo_ult_banner ult_banner_image=&#8220;9028&#8243; ult_banner_link=&#8220;https:\/\/mufasatoursandtravels.com\/kenya-flying-safaris-2\/&#8220;]\n<p style=\"text-align: center;\"><span style=\"font-size: 24pt;\"><strong>KENIA LUXUS-SAFARIS<\/strong><\/span><\/p>\n<p style=\"text-align: center;\"><span style=\"font-size: 14pt;\">(PRIVATE SAFARIS)<\/span><\/p>\n[\/wdo_ult_banner][\/vc_column][vc_column width=&#8220;1\/3&#8243; css=&#8220;.vc_custom_1673420149251{border-top-width: 10px !important;border-right-width: 10px !important;border-bottom-width: 10px !important;border-left-width: 10px !important;}&#8220;][wdo_ult_banner ult_banner_image=&#8220;9030&#8243; ult_banner_link=&#8220;https:\/\/mufasatoursandtravels.com\/kenya-tanzania-zanzibar-safaris\/&#8220;]\n<p style=\"text-align: center;\"><span style=\"font-size: 24pt;\"><strong>KENIA &#8211; TANSANIA SAFARIS<\/strong><\/span><\/p>\n<p style=\"text-align: center;\"><span style=\"font-size: 14pt;\">(PRIVATE SAFARIS)<\/span><\/p>\n[\/wdo_ult_banner][\/vc_column][\/vc_row][vc_row full_width=&#8220;stretch_row_content&#8220; css=&#8220;.vc_custom_1684255035024{padding-top: 10px !important;}&#8220;][vc_column width=&#8220;1\/3&#8243; css=&#8220;.vc_custom_1673420164085{border-top-width: 10px !important;border-right-width: 10px !important;border-bottom-width: 10px !important;border-left-width: 10px !important;}&#8220;][wdo_ult_banner ult_banner_image=&#8220;9027&#8243; ult_banner_link=&#8220;https:\/\/mufasatoursandtravels.com\/rwanda-safari\/&#8220;]\n<p style=\"text-align: center;\"><span style=\"font-size: 24pt;\"><strong>MUFASA IN RUANDA<\/strong><\/span><\/p>\n<p style=\"text-align: center;\"><span style=\"font-size: 14pt;\">(Gorilla Trekking Safaris)<\/span><\/p>\n[\/wdo_ult_banner][\/vc_column][vc_column width=&#8220;1\/3&#8243; css=&#8220;.vc_custom_1673420179350{border-top-width: 10px !important;border-right-width: 10px !important;border-bottom-width: 10px !important;border-left-width: 10px !important;}&#8220;][wdo_ult_banner ult_banner_image=&#8220;9043&#8243; ult_banner_link=&#8220;https:\/\/mufasatoursandtravels.com\/uganda-safari\/&#8220;]\n<p style=\"text-align: center;\"><span style=\"font-size: 24pt;\"><strong>MUFASA IN UGANDA<\/strong><\/span><\/p>\n<p style=\"text-align: center;\"><span style=\"font-size: 14pt;\">(Gorilla Trekking &amp; Schimpanse Safaris)<\/span><\/p>\n[\/wdo_ult_banner][\/vc_column][vc_column width=&#8220;1\/3&#8243; css=&#8220;.vc_custom_1673420196009{border-top-width: 10px !important;border-right-width: 10px !important;border-bottom-width: 10px !important;border-left-width: 10px !important;}&#8220;][wdo_ult_banner ult_banner_image=&#8220;15116&#8243; ult_banner_link=&#8220;#&#8220; demo=&#8220;&#8220;]\n<p style=\"text-align: center;\"><span style=\"font-size: 24pt; text-shadow: 1px 1px #333;\"><strong>FOTOGRAFISCHE SAFARIS<\/strong><\/span><\/p>\n<p style=\"text-align: center;\"><span style=\"font-size: 12pt;\">( Demn\u00e4chst verf\u00fcgbar )<\/span><\/p>\n[\/wdo_ult_banner][\/vc_column][\/vc_row][vc_row][vc_column][vc_empty_space][vc_custom_heading text=&#8220;Safari-Touren in Kenia&#8220; font_container=&#8220;tag:h2|font_size:28|text_align:center|color:%23890000&#8243; use_theme_fonts=&#8220;yes&#8220;][vc_column_text]Kenia ist eines der beliebtesten <a href=\"https:\/\/mufasatoursandtravels.com\/de\/flugziele\/\">Safari-Reiseziele<\/a> der Welt und bietet eine einzigartige Mischung aus Tierwelt, Kultur und nat\u00fcrlicher Sch\u00f6nheit. Mufasa-Safari-Touren in Kenia erm\u00f6glichen es Ihnen, die zahlreichen Nationalparks und Wildreservate des Landes zu erkunden, in denen die <a href=\"https:\/\/a-z-animals.com\/blog\/the-big-five\/\" target=\"_blank\" rel=\"dofollow noopener\">&#8222;Big Five&#8220;<\/a> (L\u00f6wen, Leoparden, Elefanten, Nash\u00f6rner und B\u00fcffel) sowie viele andere Tier- und Vogelarten leben. Zus\u00e4tzlich zu Pirschfahrten k\u00f6nnen Safari-Touren in Kenia kulturelle Besuche in lokalen D\u00f6rfern, Buschwanderungen, Hei\u00dfluftballonfahrten und Interaktionen mit Massai-Kriegern beinhalten. Luxus-Safari-Touren in Kenia bieten unvergleichlichen Komfort und Annehmlichkeiten, w\u00e4hrend Budget-Touren eine erschwinglichere M\u00f6glichkeit bieten, die Magie einer afrikanischen Safari zu erleben. Eine Safari-Tour in Kenia ist ein unvergessliches Abenteuer, das Ihnen eine tiefere Wertsch\u00e4tzung f\u00fcr die Natur und ein Leben voller Erinnerungen vermitteln wird.[\/vc_column_text][\/vc_column][\/vc_row][vc_row][vc_column][vc_empty_space][vc_custom_heading text=&#8220;Mufasa Safari Tours &#8211; Kulturelle Touren in Kenia&#8220; font_container=&#8220;tag:h2|font_size:28|text_align:center|color:%23890000&#8243; use_theme_fonts=&#8220;yes&#8220;][\/vc_column][\/vc_row][vc_row content_placement=&#8220;middle&#8220;][vc_column width=&#8220;1\/2&#8243;][vc_column_text]<a href=\"https:\/\/mufasatoursandtravels.com\/kenya-flying-safaris-2\/kenya-flying-safaris-long-stay\/\" target=\"_blank\" rel=\"noopener\">Kenia<\/a> hat eine vielf\u00e4ltige Kultur, in der \u00fcber 40 ethnische Gruppen leben. Unsere kulturellen Touren erm\u00f6glichen es Ihnen, die Br\u00e4uche, Traditionen und das t\u00e4gliche Leben dieser Gruppen zu erkunden. Wir bringen Sie in traditionelle D\u00f6rfer, in denen Sie die Einheimischen treffen, mehr \u00fcber ihre Lebensweise erfahren und traditionelle Speisen probieren. Sie haben auch die M\u00f6glichkeit, an kulturellen Veranstaltungen und Zeremonien teilzunehmen.   <\/p>\n<p>Wenn Sie auf der Suche nach einem luxuri\u00f6sen Safari-Erlebnis sind, haben wir eine Reihe von Paketen, die auf Ihre Bed\u00fcrfnisse zugeschnitten sind. Unsere Lodges, Camps und luxuri\u00f6sen Zeltcamps werden sorgf\u00e4ltig ausgew\u00e4hlt, um Ihnen Komfort und Stil zu bieten. Wir k\u00fcmmern uns um alle Details, von Transfers und Unterkunft bis hin zu Mahlzeiten und Aktivit\u00e4ten, damit Sie sich entspannen und Ihr Safari-Abenteuer genie\u00dfen k\u00f6nnen.[\/vc_column_text][\/vc_column][vc_column width=&#8220;1\/2&#8243;][vc_single_image image=&#8220;10571&#8243; img_size=&#8220;full&#8220;][\/vc_column][\/vc_row][vc_row][vc_column][vc_empty_space][vc_custom_heading text=&#8220;Ostafrika Safari Touren&#8220; font_container=&#8220;tag:h2|font_size:28|text_align:center|color:%23890000&#8243; use_theme_fonts=&#8220;yes&#8220;][vc_column_text]Unsere Ostafrika-Safari-Touren nehmen Sie mit auf eine Reise durch einige der atemberaubendsten Landschaften des Kontinents. Du erkundest die atemberaubenden Nationalparks von <a href=\"https:\/\/mufasatoursandtravels.com\/kenya-flying-safaris-2\/kenya-flying-safaris-short-stay\/\">Kenia<\/a>, <a href=\"https:\/\/mufasatoursandtravels.com\/kenya-tanzania-zanzibar-safari\/\">Tansania<\/a>, <a href=\"https:\/\/mufasatoursandtravels.com\/de\/uganda-safari\/\">Uganda<\/a>, Sansibar und <a href=\"https:\/\/mufasatoursandtravels.com\/de\/ruanda-safari\/\">Ruanda<\/a>, wo du eine reiche Tierwelt sehen wirst, darunter die Big Five: L\u00f6wen, Elefanten, B\u00fcffel, Leoparden und Nash\u00f6rner. <\/p>\n<p>Neben der Tierwelt bieten unsere Ostafrika-Safari-Touren auch die M\u00f6glichkeit, die reichen und vielf\u00e4ltigen Kulturen der Region zu erleben. Sie haben die M\u00f6glichkeit, lokale D\u00f6rfer zu besuchen, traditionelle Gemeinschaften zu treffen und mehr \u00fcber ihre Lebensweise zu erfahren. Von den Massai in Kenia und Tansania bis zu den Batwa in Uganda erhalten Sie Einblicke in die Geschichte, Traditionen und t\u00e4glichen Br\u00e4uche der Menschen, die in Ostafrika zu Hause sind.  <\/p>\n<p>Auf Ihrer Reise durch diese atemberaubenden Landschaften werden Sie Zeuge einiger der ber\u00fchmtesten Naturwunder des Kontinents. Sie sehen den majest\u00e4tischen Kilimandscharo, den <a href=\"https:\/\/mufasatoursandtravels.com\/de\/ngorongoro-crater-7\/\">Ngorongoro-Krater<\/a>, die <a href=\"https:\/\/mufasatoursandtravels.com\/destinations\/serengeti-national-park\/\">Serengeti-Ebenen<\/a> und die gro\u00dfe Gnu-Wanderung &#8211; eines der unglaublichsten Naturspektakel der Welt. Sie besuchen auch wundersch\u00f6ne Seen, sanfte H\u00fcgel und weite Savannen, in denen verschiedene Tiere, V\u00f6gel und Pflanzen leben.  <\/p>\n<p>Unsere Ostafrika-Safari-Touren sind so konzipiert, dass sie ein immersives und unvergessliches Erlebnis bieten. Sie werden von sachkundigen und erfahrenen Guides begleitet, die ihre Leidenschaft f\u00fcr Wildtiere, Natur und Kultur mit Ihnen teilen. Sie \u00fcbernachten in komfortablen Lodges und Camps und genie\u00dfen die k\u00f6stliche K\u00fcche und den au\u00dfergew\u00f6hnlichen Service. Mit Mufasa Travels wird Ihre Ostafrika-Safari-Tour zu einem Abenteuer Ihres Lebens.[\/vc_column_text][\/vc_column][\/vc_row][vc_row full_width=&#8220;stretch_row_content&#8220;][vc_column width=&#8220;1\/4&#8243;][vc_single_image image=&#8220;8375&#8243;][\/vc_column][vc_column width=&#8220;1\/4&#8243;][vc_single_image image=&#8220;10318&#8243;][\/vc_column][vc_column width=&#8220;1\/4&#8243;][vc_single_image image=&#8220;10201&#8243;][\/vc_column][vc_column width=&#8220;1\/4&#8243;][vc_single_image image=&#8220;10194&#8243;][\/vc_column][\/vc_row][vc_row][vc_column][vc_empty_space][vc_custom_heading text=&#8220;Mufasa Safari Tour Pakete&#8220; font_container=&#8220;tag:h2|font_size:28|text_align:center|color:%23890000&#8243; use_theme_fonts=&#8220;yes&#8220;][vc_column_text]Unsere Ostafrika-Reisepakete sind so konzipiert, dass sie auf verschiedene Interessen und Vorlieben zugeschnitten sind. Egal, ob Sie ein Naturliebhaber, ein Kulturliebhaber oder ein Abenteuerlustiger sind, wir haben ein Tourpaket, das zu Ihnen passt. Unsere Pakete beinhalten Unterkunft, Transport, Mahlzeiten und Aktivit\u00e4ten und k\u00f6nnen an Ihre Bed\u00fcrfnisse angepasst werden.[\/vc_column_text][\/vc_column][\/vc_row][vc_row][vc_column][vc_empty_space][vc_custom_heading text=&#8220;Touren in Afrika&#8220; font_container=&#8220;tag:h2|font_size:28|text_align:center|color:%23890000&#8243; use_theme_fonts=&#8220;yes&#8220;][vc_column_text]Wir bieten eine gro\u00dfe Auswahl an Touren in ganz Afrika an, von Gorilla-Trekking-Abenteuern in Uganda und Ruanda bis hin zu Bergsteigerexpeditionen in Tansania. Unsere Strandurlaubspakete in <a href=\"https:\/\/mufasatoursandtravels.com\/tanzania-and-zanzibar-safari\/tanzania-zanzibar-safari-package\/\">Sansibar <\/a>und <a href=\"https:\/\/mufasatoursandtravels.com\/de\/flugziele\/mombasa-malindi-diani-2\/\">Mombasa<\/a> sind perfekt f\u00fcr alle, die eine entspannende Pause verbringen m\u00f6chten. <\/p>\n<p>Wenn Sie Ostafrika erkunden, ist Mufasa Safari Tours genau das Richtige f\u00fcr Sie. Unsere Touren nehmen Sie mit auf eine Reise durch einige der atemberaubendsten Landschaften des Kontinents, von den \u00fcppigen W\u00e4ldern Ugandas und Ruandas bis hin zu den weiten Savannen Tansanias und Kenias. Egal, ob Sie auf der Suche nach einem aufregenden Gorilla-Trekking-Abenteuer, einer herausfordernden Bergsteigerexpedition oder einem entspannenden Strandurlaub in Sansibar oder Mombasa sind, wir haben ein Tourpaket, das Ihren Bed\u00fcrfnissen entspricht. Unsere erfahrenen Guides sind Experten f\u00fcr die Geschichte, Kultur und Tierwelt der Region und sorgen daf\u00fcr, dass Sie das Beste aus Ihrer Tour herausholen.   <\/p>\n<p>Bei Mufasa Safari Tours haben wir es uns zur Aufgabe gemacht, Ihr afrikanisches Abenteuer unvergesslich zu machen. Wir sind hier, um Ihnen bei der Planung der perfekten Safari-Tour mit flexiblen Reiserouten, exzellentem Service und erfahrenen Guides zu helfen. Kontaktieren Sie uns noch heute, um mit der Planung Ihres afrikanischen Abenteuers zu beginnen.[\/vc_column_text][\/vc_column][\/vc_row][vc_row content_placement=&#8220;middle&#8220;][vc_column width=&#8220;1\/2&#8243;][vc_single_image image=&#8220;10194&#8243; img_size=&#8220;full&#8220;][\/vc_column][vc_column width=&#8220;1\/2&#8243;][vc_empty_space][vc_column_text]<a href=\"https:\/\/mufasatoursandtravels.com\/de\/\">Mufasa<\/a> Safari Tours versteht, dass die Planung einer Safarireise \u00fcberw\u00e4ltigend sein kann, insbesondere im Hinblick auf das Budget. Aus diesem Grund bem\u00fchen wir uns, erschwingliche Reisepreise anzubieten, ohne die Qualit\u00e4t unserer Dienstleistungen zu beeintr\u00e4chtigen. <\/p>\n<p>Unsere Preisgestaltung ist transparent und wir stellen stets sicher, dass unsere Kunden ein gutes Preis-Leistungs-Verh\u00e4ltnis erhalten. Wir arbeiten mit unterschiedlichen Budgets und k\u00f6nnen Ihnen helfen, eine Safari-Reise im Rahmen Ihrer M\u00f6glichkeiten zu planen. Unser Team von Reiseexperten kann Sie \u00fcber die beste Reisezeit beraten und Ihnen Empfehlungen zur Kostensenkung geben, ohne die Qualit\u00e4t Ihres Erlebnisses zu beeintr\u00e4chtigen. Mit Mufasa Safari Tours k\u00f6nnen Sie sicher sein, dass Sie das beste Safari-Erlebnis zu einem erschwinglichen Preis erhalten.[\/vc_column_text][\/vc_column][\/vc_row][vc_row][vc_column][wdo_ult_banner]\n<h2 style=\"text-align: center;\">Banner-\u00dcberschrift<\/h2>\n<p>\u00dcberzeugende Neuentwicklung zukunftssicherer Wachstumsstrategien, w\u00e4hrend granulare Infomedi\u00e4re verwendet werden. Schnell aufschieben technisch fundiert. [\/wdo_ult_banner][\/vc_column][\/vc_row]\n","protected":false},"excerpt":{"rendered":"<p>[vc_row full_width=&#8220;stretch_row_content&#8220; css=&#8220;.vc_custom_1687869905456{margin-top: -50px !important;background: rgba(0,0,0,0.89) url(https:\/\/mufasatoursandtravels.com\/wp-content\/uploads\/2023\/02\/travel-and-tours.jpg?id=9064) !important;*background-color: rgb(0,0,0) !important;}&#8220;][vc_column css=&#8220;.vc_custom_1687869367906{padding-top: 30px !important;padding-right: 50px !important;padding-bottom: 30px !important;padding-left: 50px !important;background-color: rgba(0,0,0,0.57) !important;*background-color: rgb(0,0,0) !important;}&#8220;][vc_custom_heading text=&#8220;Safari-Touren in Ostafrika&#8220; font_container=&#8220;tag:h1|font_size:28|text_align:center|color:%23ffffff&#8220; use_theme_fonts=&#8220;yes&#8220; el_class=&#8220;custom-opacity-text&#8220; css=&#8220;.vc_custom_1687869412399{margin-top: 30px !important;}&#8220;][vc_empty_space][vc_btn title=&#8220;Entdecken Sie mit uns&#8220; style=&#8220;outline&#8220; shape=&#8220;round&#8220; align=&#8220;center&#8220; link=&#8220;url:https%3A%2F%2Fmufasatoursandtravels.com%2Fde%2Fangebot-anfordern%2F|&#8220;][\/vc_column][\/vc_row][vc_row][vc_column][vc_empty_space][vc_custom_heading text=&#8220;Mufasa Safari Touren&#8220; font_container=&#8220;tag:h2|font_size:28|text_align:center|color:%23890000&#8243; use_theme_fonts=&#8220;yes&#8220;][\/vc_column][\/vc_row][vc_row][vc_column][vc_column_text]Willkommen bei Mufasa Safari Tours, wo wir uns darauf spezialisiert haben, [&hellip;]<\/p>\n","protected":false},"author":7,"featured_media":0,"parent":0,"menu_order":12,"comment_status":"closed","ping_status":"closed","template":"","meta":{"_themeisle_gutenberg_block_has_review":false,"footnotes":""},"class_list":["post-28157","page","type-page","status-publish","hentry"],"_links":{"self":[{"href":"https:\/\/mufasatoursandtravels.com\/de\/wp-json\/wp\/v2\/pages\/28157","targetHints":{"allow":["GET"]}}],"collection":[{"href":"https:\/\/mufasatoursandtravels.com\/de\/wp-json\/wp\/v2\/pages"}],"about":[{"href":"https:\/\/mufasatoursandtravels.com\/de\/wp-json\/wp\/v2\/types\/page"}],"author":[{"embeddable":true,"href":"https:\/\/mufasatoursandtravels.com\/de\/wp-json\/wp\/v2\/users\/7"}],"replies":[{"embeddable":true,"href":"https:\/\/mufasatoursandtravels.com\/de\/wp-json\/wp\/v2\/comments?post=28157"}],"version-history":[{"count":9,"href":"https:\/\/mufasatoursandtravels.com\/de\/wp-json\/wp\/v2\/pages\/28157\/revisions"}],"predecessor-version":[{"id":46594,"href":"https:\/\/mufasatoursandtravels.com\/de\/wp-json\/wp\/v2\/pages\/28157\/revisions\/46594"}],"wp:attachment":[{"href":"https:\/\/mufasatoursandtravels.com\/de\/wp-json\/wp\/v2\/media?parent=28157"}],"curies":[{"name":"wp","href":"https:\/\/api.w.org\/{rel}","templated":true}]}}