{"id":28721,"date":"2025-02-28T10:29:42","date_gmt":"2025-02-28T07:29:42","guid":{"rendered":"https:\/\/mufasatoursandtravels.com\/east-africa-safaris\/"},"modified":"2025-03-03T11:20:45","modified_gmt":"2025-03-03T08:20:45","slug":"east-africa-safaris","status":"publish","type":"page","link":"https:\/\/mufasatoursandtravels.com\/de\/east-africa-safaris\/","title":{"rendered":"East Africa Safaris"},"content":{"rendered":"[vc_row full_width=&#8220;stretch_row_content&#8220; parallax=&#8220;content-moving&#8220; css=&#8220;.vc_custom_1740727887757{margin-top: -50px !important;background: rgba(0,0,0,0.89) url(https:\/\/mufasatoursandtravels.com\/wp-content\/uploads\/2025\/02\/East-africa-safari-banner-scaled.jpg?id=28697);*background-color:gb(0,0,0) !important;}&#8220;][vc_column css=&#8220;.vc_custom_1687869367906{padding-top: 30px !important;padding-right: 50px !important;padding-bottom: 30px !important;padding-left: 50px !important;background-color: rgba(0,0,0,0.57) !important;*background-color: rgb(0,0,0) !important;}&#8220;][vc_empty_space height=&#8220;70px&#8220;][vc_custom_heading text=&#8220;East Africa Safaris&#8220; font_container=&#8220;tag:h1|font_size:35|text_align:center|color:%23ffffff&#8220; use_theme_fonts=&#8220;yes&#8220; el_class=&#8220;custom-opacity-text&#8220; css=&#8220;.vc_custom_1740722970676{margin-top: 30px !important;}&#8220;][vc_separator el_width=&#8220;40&#8243;][vc_empty_space height=&#8220;70px&#8220;][\/vc_column][\/vc_row][vc_row][vc_column][vc_empty_space][vc_column_text]\n<p style=\"text-align: center;\">Ein unvergessliches Abenteuer, das Sie durch einige der atemberaubendsten Landschaften und vielf\u00e4ltigsten Tierhabitate der Welt f\u00fchrt. Kenia, Tansania, Uganda und Ruanda bieten eine einzigartige Mischung aus Kulturen, Geschichte und nat\u00fcrlicher Sch\u00f6nheit und sind damit ein ideales Reiseziel f\u00fcr Reisende, die ein authentisches afrikanisches Erlebnis suchen. <\/p>\n[\/vc_column_text][\/vc_column][\/vc_row][vc_row][vc_column][vc_empty_space][\/vc_column][\/vc_row][vc_row][vc_column width=&#8220;1\/3&#8243;]<div class=\"cq-hovercard cq-rotateY card-image cq-hovercard-hideicon\" data-contentcolor=\"\" data-iconcolor=\"\" data-bgheight=\"240\" data-captionoffset=\"\" data-videowidth=\"640\" data-linktype=\"\" data-bgtype=\"image\" data-lightboxmargin=\"\"><img decoding=\"async\" src=\"https:\/\/mufasatoursandtravels.com\/wp-content\/uploads\/2022\/03\/wildebeest-migration-3995945_1920.jpg\" class=\"cq-hovercard-background\" alt=\"\" \/><div class=\"cq-hovercard-textcontainer\"><div class=\"cq-hovercard-title\">Kenia - Tansania<\/div><div class=\"cq-hovercard-content\">6+ Days<\/div><i class=\"cq-hovercard-icon fas fa-paw\"><\/i><\/div><\/div>[\/vc_column][vc_column width=&#8220;1\/3&#8243;]<div class=\"cq-hovercard cq-rotateY card-image cq-hovercard-hideicon\" data-contentcolor=\"\" data-iconcolor=\"\" data-bgheight=\"240\" data-captionoffset=\"\" data-videowidth=\"640\" data-linktype=\"\" data-bgtype=\"image\" data-lightboxmargin=\"\"><img decoding=\"async\" src=\"https:\/\/mufasatoursandtravels.com\/wp-content\/uploads\/2023\/02\/gorilla-trekking-and-chimpanzee-safaris.jpg\" class=\"cq-hovercard-background\" alt=\"Gorilla Trekking and Chimpanzee Safaris\" \/><div class=\"cq-hovercard-textcontainer\"><div class=\"cq-hovercard-title\">Kenia - Uganda<\/div><div class=\"cq-hovercard-content\">6+ Days<\/div><i class=\"cq-hovercard-icon fas fa-paw\"><\/i><\/div><\/div>[\/vc_column][vc_column width=&#8220;1\/3&#8243;]<div class=\"cq-hovercard cq-rotateY card-image cq-hovercard-hideicon\" data-contentcolor=\"\" data-iconcolor=\"\" data-bgheight=\"240\" data-captionoffset=\"\" data-videowidth=\"640\" data-linktype=\"\" data-bgtype=\"image\" data-lightboxmargin=\"\"><img decoding=\"async\" src=\"https:\/\/mufasatoursandtravels.com\/wp-content\/uploads\/2023\/06\/herd_of_elephants-scaled.jpg\" class=\"cq-hovercard-background\" alt=\"\" \/><div class=\"cq-hovercard-textcontainer\"><div class=\"cq-hovercard-title\">Kenia - Tansania - Uganda<\/div><div class=\"cq-hovercard-content\">6+ Days<\/div><i class=\"cq-hovercard-icon fas fa-paw\"><\/i><\/div><\/div>[\/vc_column][\/vc_row][vc_row][vc_column][vc_empty_space][\/vc_column][\/vc_row][vc_row][vc_column width=&#8220;1\/3&#8243;]<div class=\"cq-hovercard cq-rotateY card-image cq-hovercard-hideicon\" data-contentcolor=\"\" data-iconcolor=\"\" data-bgheight=\"240\" data-captionoffset=\"\" data-videowidth=\"640\" data-linktype=\"\" data-bgtype=\"image\" data-lightboxmargin=\"\"><img decoding=\"async\" src=\"https:\/\/mufasatoursandtravels.com\/wp-content\/uploads\/2022\/02\/Etopi-rwanda.jpg\" class=\"cq-hovercard-background\" alt=\"\" \/><div class=\"cq-hovercard-textcontainer\"><div class=\"cq-hovercard-title\">Kenia - Tansania - Ruanda<\/div><div class=\"cq-hovercard-content\">6+ Days<\/div><i class=\"cq-hovercard-icon fas fa-paw\"><\/i><\/div><\/div>[\/vc_column][vc_column width=&#8220;1\/3&#8243;]<div class=\"cq-hovercard cq-rotateY card-image cq-hovercard-hideicon\" data-contentcolor=\"\" data-iconcolor=\"\" data-bgheight=\"240\" data-captionoffset=\"\" data-videowidth=\"640\" data-linktype=\"\" data-bgtype=\"image\" data-lightboxmargin=\"\"><img decoding=\"async\" src=\"https:\/\/mufasatoursandtravels.com\/wp-content\/uploads\/2025\/02\/giraffe-1-scaled.jpg\" class=\"cq-hovercard-background\" alt=\"\" \/><div class=\"cq-hovercard-textcontainer\"><div class=\"cq-hovercard-title\">Kenia - Tansania - Uganda - Ruanda<\/div><div class=\"cq-hovercard-content\">6+ Days<\/div><i class=\"cq-hovercard-icon fas fa-paw\"><\/i><\/div><\/div>[\/vc_column][vc_column width=&#8220;1\/3&#8243;][\/vc_column][\/vc_row]\n","protected":false},"excerpt":{"rendered":"<p>[vc_row full_width=&#8220;stretch_row_content&#8220; parallax=&#8220;content-moving&#8220; css=&#8220;.vc_custom_1740727887757{margin-top: -50px !important;background: rgba(0,0,0,0.89) url(https:\/\/mufasatoursandtravels.com\/wp-content\/uploads\/2025\/02\/East-africa-safari-banner-scaled.jpg?id=28697);*background-color:gb(0,0,0) !important;}&#8220;][vc_column css=&#8220;.vc_custom_1687869367906{padding-top: 30px !important;padding-right: 50px !important;padding-bottom: 30px !important;padding-left: 50px !important;background-color: rgba(0,0,0,0.57) !important;*background-color: rgb(0,0,0) !important;}&#8220;][vc_empty_space height=&#8220;70px&#8220;][vc_custom_heading text=&#8220;East Africa Safaris&#8220; font_container=&#8220;tag:h1|font_size:35|text_align:center|color:%23ffffff&#8220; use_theme_fonts=&#8220;yes&#8220; el_class=&#8220;custom-opacity-text&#8220; css=&#8220;.vc_custom_1740722970676{margin-top: 30px !important;}&#8220;][vc_separator el_width=&#8220;40&#8243;][vc_empty_space height=&#8220;70px&#8220;][\/vc_column][\/vc_row][vc_row][vc_column][vc_empty_space][vc_column_text] Ein unvergessliches Abenteuer, das Sie durch einige der atemberaubendsten Landschaften und vielf\u00e4ltigsten Tierhabitate der Welt f\u00fchrt. Kenia, Tansania, Uganda und Ruanda [&hellip;]<\/p>\n","protected":false},"author":2,"featured_media":0,"parent":0,"menu_order":31,"comment_status":"closed","ping_status":"closed","template":"","meta":{"_themeisle_gutenberg_block_has_review":false,"footnotes":""},"class_list":["post-28721","page","type-page","status-publish","hentry"],"_links":{"self":[{"href":"https:\/\/mufasatoursandtravels.com\/de\/wp-json\/wp\/v2\/pages\/28721","targetHints":{"allow":["GET"]}}],"collection":[{"href":"https:\/\/mufasatoursandtravels.com\/de\/wp-json\/wp\/v2\/pages"}],"about":[{"href":"https:\/\/mufasatoursandtravels.com\/de\/wp-json\/wp\/v2\/types\/page"}],"author":[{"embeddable":true,"href":"https:\/\/mufasatoursandtravels.com\/de\/wp-json\/wp\/v2\/users\/2"}],"replies":[{"embeddable":true,"href":"https:\/\/mufasatoursandtravels.com\/de\/wp-json\/wp\/v2\/comments?post=28721"}],"version-history":[{"count":1,"href":"https:\/\/mufasatoursandtravels.com\/de\/wp-json\/wp\/v2\/pages\/28721\/revisions"}],"predecessor-version":[{"id":28722,"href":"https:\/\/mufasatoursandtravels.com\/de\/wp-json\/wp\/v2\/pages\/28721\/revisions\/28722"}],"wp:attachment":[{"href":"https:\/\/mufasatoursandtravels.com\/de\/wp-json\/wp\/v2\/media?parent=28721"}],"curies":[{"name":"wp","href":"https:\/\/api.w.org\/{rel}","templated":true}]}}