{"id":30486,"date":"2021-06-01T12:13:21","date_gmt":"2021-06-01T09:13:21","guid":{"rendered":"https:\/\/mufasatoursandtravels.com\/datenschutzrichtlinie\/"},"modified":"2021-06-01T12:13:21","modified_gmt":"2021-06-01T09:13:21","slug":"datenschutzrichtlinie","status":"publish","type":"page","link":"https:\/\/mufasatoursandtravels.com\/de\/datenschutzrichtlinie\/","title":{"rendered":"Datenschutzrichtlinie"},"content":{"rendered":"<h2 style=\"text-align: center;\"><strong>Datenschutzrichtlinie<\/strong><\/h2>\n<h3><strong>Analytik<\/strong><\/h3>\n<p>Diese Website sammelt personenbezogene Daten, um unsere Website-Analysen zu betreiben, einschlie\u00dflich:<\/p>\n<ul>\n<li>Informationen \u00fcber Ihren Browser, Ihr Netzwerk und Ihr Ger\u00e4t<\/li>\n<li>Webseiten, die Sie besucht haben, bevor Sie auf diese Website gelangt sind<\/li>\n<li>Ihre IP-Adresse<\/li>\n<\/ul>\n<p>Diese Informationen k\u00f6nnen auch Details \u00fcber Ihre Nutzung dieser Website enthalten, einschlie\u00dflich:<\/p>\n<ul>\n<li>Klicks<\/li>\n<li>Interne Links<\/li>\n<li>Besuchte Seiten<\/li>\n<li>Bildlauf<\/li>\n<li>Durchsuchungen<\/li>\n<li>Zeitstempel<\/li>\n<\/ul>\n<p><em>Wir geben diese Informationen an unseren Website-Analyseanbieter weiter, um mehr \u00fcber den Website-Verkehr und die Aktivit\u00e4ten zu erfahren.<\/em><\/p>\n<h3><strong>Cookies  <\/strong><\/h3>\n<p>Diese Website verwendet Cookies und \u00e4hnliche Technologien, bei denen es sich um kleine Dateien oder Textst\u00fccke handelt, die auf ein Ger\u00e4t heruntergeladen werden, wenn ein Besucher auf eine Website oder App zugreift.<\/p>\n<ul>\n<li>Es werden immer diese funktionalen und erforderlichen Cookies verwendet, die es unserer Hosting-Plattform erm\u00f6glichen, diese Website sicher f\u00fcr Sie bereitzustellen.<\/li>\n<li>Diese Analyse- und Performance-Cookies werden, wie unten beschrieben, auf dieser Website nur dann verwendet, wenn Sie unser Cookie-Banner zur Kenntnis nehmen. Diese Website verwendet Analyse- und Leistungs-Cookies, um den Website-Verkehr, die Aktivit\u00e4t und andere Daten anzuzeigen. <\/li>\n<\/ul>\n<h3><strong>Besucherdaten<\/strong><\/h3>\n<p>F\u00fcr Kunden<\/p>\n<p>Wenn Sie auf dieser Website etwas kaufen, erfassen wir personenbezogene Daten von Ihnen, um die Bestellung auszuf\u00fchren. Wir k\u00f6nnen Informationen wie Ihre sammeln: <\/p>\n<ul>\n<li>Rechnungs- und Lieferadresse<\/li>\n<li>Details zu Ihrem Kauf (z. B. Ihre Hemdgr\u00f6\u00dfe)<\/li>\n<li>E-Mail-Adresse<\/li>\n<li>Name<\/li>\n<li>Telefonnummer<\/li>\n<\/ul>\n<p>Wir geben diese Informationen an unseren Hosting-Anbieter f\u00fcr Online-Shops weiter, damit dieser uns Website-Dienste anbieten kann.<\/p>\n<p>W\u00e4hrend Sie den Checkout durchlaufen, kann diese Website Ihre Liefer- und Rechnungsadresse automatisch vervollst\u00e4ndigen, indem sie Ihre Eingaben an die Google Places API weitergibt und Ihnen Vorschl\u00e4ge zur Verbesserung Ihres Checkout-Erlebnisses zur\u00fcckgibt.<\/p>\n<h4><strong>F\u00fcr Formularblock-Einreichungen<\/strong><\/h4>\n<p>Wenn Sie Informationen \u00fcber das Webformular an diese Website \u00fcbermitteln, erfassen wir die im Webformular angeforderten Daten, um Ihre Eingaben zu verfolgen und zu beantworten. Wir geben diese Informationen an unseren Hosting-Anbieter f\u00fcr Online-Shops weiter, damit dieser uns Website-Dienste anbieten kann. <\/p>\n<h4><strong>F\u00fcr Abonnenten des Mitgliederbereichs<\/strong><\/h4>\n<p>Wenn Sie sich auf dieser Website anmelden und eine Mitgliedschaft erwerben, erfassen wir personenbezogene Daten von Ihnen, um Ihnen den Zugriff auf Ihre Mitgliederbereiche zu erm\u00f6glichen. Wir k\u00f6nnen Informationen wie Ihre sammeln: <\/p>\n<ul>\n<li>Rechnungs- und Lieferadresse<\/li>\n<li>Details zu Ihrem Abonnement<\/li>\n<li>E-Mail-Adresse<\/li>\n<li>Name<\/li>\n<li>Telefonnummer<\/li>\n<\/ul>\n<p>Wir geben diese Informationen an unseren Website-Hosting-Anbieter weiter, damit dieser uns exklusive Hosting-Dienste f\u00fcr den Mitgliederbereich anbieten kann.<\/p>\n<p>W\u00e4hrend Sie den Checkout durchlaufen, kann diese Website Ihre Liefer- und Rechnungsadresse automatisch vervollst\u00e4ndigen, indem sie Ihre Eingaben an die Google Places API weitergibt und Ihnen Vorschl\u00e4ge zur Verbesserung Ihres Checkout-Erlebnisses zur\u00fcckgibt.<\/p>\n<h3><strong>F\u00fcr Website-Besucher<\/strong><\/h3>\n<p>Diese Website sammelt personenbezogene Daten, wenn Sie diese Website besuchen, einschlie\u00dflich:<\/p>\n<ul>\n<li>Informationen \u00fcber Ihren Browser, Ihr Netzwerk und Ihr Ger\u00e4t<\/li>\n<li>Webseiten, die Sie besucht haben, bevor Sie auf diese Website gelangt sind<\/li>\n<li>Webseiten, die Sie auf dieser Website anzeigen<\/li>\n<li>Ihre IP-Adresse<\/li>\n<\/ul>\n<p>WordPress ben\u00f6tigt die Daten, um diese Website zu betreiben und seine Plattform und Dienste zu sch\u00fctzen und zu verbessern. WordPress analysiert die Daten in einer entpersonalisierten Form. <\/p>\n<h3><strong>Kundenkonten<\/strong><\/h3>\n<p>Wenn Sie ein Kundenkonto auf dieser Website erstellen, erfassen wir personenbezogene Daten, um unser Checkout-Erlebnis und unseren Kundenservice zu verbessern.<\/p>\n<p>Diese Informationen k\u00f6nnen Folgendes umfassen:<\/p>\n<ul>\n<li>Rechnungs- und Lieferadresse(n)<\/li>\n<li>Details zu Ihren Bestellungen (z. B. Ihre Hemdgr\u00f6\u00dfe)<\/li>\n<li>E-Mail-Adresse<\/li>\n<li>Name<\/li>\n<li>Telefonnummer<\/li>\n<\/ul>\n<p>Wir geben diese Informationen an unseren Website-Hosting-Anbieter weiter, damit dieser uns Website-Dienste anbieten kann.<\/p>\n<h3><strong>E-Mails<\/strong><\/h3>\n<h4><strong>E-Mails zu verlassenen Warenk\u00f6rben<\/strong><\/h4>\n<p>Sie erhalten innerhalb von 24 Stunden, nachdem Sie Ihren Warenkorb verlassen haben, eine automatische E-Mail, wenn alle folgenden Ereignisse eintreten:<\/p>\n<ol>\n<li>Sie geben Ihre E-Mail-Adresse an der Kasse ein oder sind in Ihrem Kundenkonto angemeldet.<\/li>\n<li>Sie legen ein Produkt, das vorr\u00e4tig ist, in Ihren Warenkorb.<\/li>\n<li>Sie schlie\u00dfen Ihren Browser oder verlassen diese Website, ohne Ihren Kauf abzuschlie\u00dfen.<\/li>\n<\/ol>\n<p>Sie k\u00f6nnen diese Nachrichten am Ende der E-Mail abbestellen.<\/p>\n<p>Die E-Mail f\u00fchrt Sie zur\u00fcck zu dieser Website, wo Sie dort weitermachen k\u00f6nnen, wo Sie aufgeh\u00f6rt haben, und Ihren Kauf abschlie\u00dfen k\u00f6nnen.<\/p>\n<h4><strong>Marketing-E-Mails<\/strong><\/h4>\n<p>Wir k\u00f6nnen Ihnen Marketing-E-Mails zusenden, von denen Sie sich abmelden k\u00f6nnen, indem Sie auf den Link am Ende der E-Mail klicken. Wir geben Ihre Kontaktinformationen an unseren E-Mail-Marketing-Anbieter weiter, damit dieser diese E-Mails in unserem Namen versenden kann. <\/p>\n<h3><strong>Schriftarten<\/strong><\/h3>\n<p>Diese Website verwendet Schriftdateien von Google Fonts und Adobe Fonts. Um Ihnen diese Website ordnungsgem\u00e4\u00df anzuzeigen, k\u00f6nnen die Server, auf denen die Schriftdateien gespeichert sind, personenbezogene Daten \u00fcber Sie erhalten, einschlie\u00dflich: <\/p>\n<ul>\n<li>Informationen \u00fcber Ihren Browser, Ihr Netzwerk oder Ihr Ger\u00e4t<\/li>\n<li>Ihre IP-Adresse<\/li>\n<\/ul>\n<h3><strong>Zeitplanung<\/strong><\/h3>\n<p>Wenn Sie einen Termin vereinbaren, indem Sie auf dieser Website buchen, erfassen wir personenbezogene Daten von Ihnen, um die Buchung abzuschlie\u00dfen. Wir k\u00f6nnen Informationen wie Ihre sammeln: <\/p>\n<ul>\n<li>Name<\/li>\n<li>E-Mail-Adresse<\/li>\n<li>Telefonnummer<\/li>\n<li>Angaben zu Ihrer Ernennung (z. B. wer Sie empfohlen hat)<\/li>\n<li>Dateien, die Sie hochgeladen haben<\/li>\n<\/ul>\n<p>Wir geben diese Informationen an unseren Terminplanungsdienstleister weiter, damit dieser uns Online-Buchungsdienste anbieten kann.<\/p>\n<p>&nbsp;<\/p>\n","protected":false},"excerpt":{"rendered":"<p>Datenschutzrichtlinie Analytik Diese Website sammelt personenbezogene Daten, um unsere Website-Analysen zu betreiben, einschlie\u00dflich: Informationen \u00fcber Ihren Browser, Ihr Netzwerk und Ihr Ger\u00e4t Webseiten, die Sie besucht haben, bevor Sie auf diese Website gelangt sind Ihre IP-Adresse Diese Informationen k\u00f6nnen auch Details \u00fcber Ihre Nutzung dieser Website enthalten, einschlie\u00dflich: Klicks Interne Links Besuchte Seiten Bildlauf Durchsuchungen [&hellip;]<\/p>\n","protected":false},"author":1,"featured_media":0,"parent":0,"menu_order":49,"comment_status":"closed","ping_status":"closed","template":"","meta":{"_themeisle_gutenberg_block_has_review":false,"footnotes":""},"class_list":["post-30486","page","type-page","status-publish","hentry"],"_links":{"self":[{"href":"https:\/\/mufasatoursandtravels.com\/de\/wp-json\/wp\/v2\/pages\/30486","targetHints":{"allow":["GET"]}}],"collection":[{"href":"https:\/\/mufasatoursandtravels.com\/de\/wp-json\/wp\/v2\/pages"}],"about":[{"href":"https:\/\/mufasatoursandtravels.com\/de\/wp-json\/wp\/v2\/types\/page"}],"author":[{"embeddable":true,"href":"https:\/\/mufasatoursandtravels.com\/de\/wp-json\/wp\/v2\/users\/1"}],"replies":[{"embeddable":true,"href":"https:\/\/mufasatoursandtravels.com\/de\/wp-json\/wp\/v2\/comments?post=30486"}],"version-history":[{"count":0,"href":"https:\/\/mufasatoursandtravels.com\/de\/wp-json\/wp\/v2\/pages\/30486\/revisions"}],"wp:attachment":[{"href":"https:\/\/mufasatoursandtravels.com\/de\/wp-json\/wp\/v2\/media?parent=30486"}],"curies":[{"name":"wp","href":"https:\/\/api.w.org\/{rel}","templated":true}]}}