{"id":30695,"date":"2022-02-25T09:15:19","date_gmt":"2022-02-25T06:15:19","guid":{"rendered":"https:\/\/mufasatoursandtravels.com\/magische-kenia-safari\/"},"modified":"2025-04-08T12:15:52","modified_gmt":"2025-04-08T09:15:52","slug":"magische-kenia-safari","status":"publish","type":"page","link":"https:\/\/mufasatoursandtravels.com\/de\/kenia-flugsafaris\/kenia-flying-safaris-kurzaufenthalt\/magische-kenia-safari\/","title":{"rendered":"Magische Kenia Safari"},"content":{"rendered":"[vc_row][vc_column parallax=&#8220;content-moving&#8220; parallax_image=&#8220;6756&#8243; css=&#8220;.vc_custom_1690362073772{padding-top: 80px !important;padding-right: 80px !important;padding-bottom: 80px !important;padding-left: 80px !important;}&#8220;][vc_custom_heading text=&#8220;MAGISCHES KENIA&#8220; font_container=&#8220;tag:h2|font_size:32|text_align:center|color:%23ffffff&#8220; google_fonts=&#8220;font_family:Roboto%3A100%2C100italic%2C300%2C300italic%2Cregular%2Citalic%2C500%2C500italic%2C700%2C700italic%2C900%2C900italic|font_style:500%20bold%20regular%3A500%3Anormal&#8220;][vc_custom_heading text=&#8220;Fliegen Sie ein&#8220; font_container=&#8220;tag:h2|font_size:20|text_align:center|color:%23ffffff&#8220; google_fonts=&#8220;font_family:Roboto%3A100%2C100italic%2C300%2C300italic%2Cregular%2Citalic%2C500%2C500italic%2C700%2C700italic%2C900%2C900italic|font_style:400%20regular%3A400%3Anormal&#8220;][vc_separator color=&#8220;custom&#8220; el_width=&#8220;80&#8243; accent_color=&#8220;#f8f8f8&#8243;][vc_custom_heading text=&#8220;Samburu \u21fe Masai Mara&#8220; font_container=&#8220;tag:h2|font_size:22|text_align:center|color:%23ffffff&#8220; google_fonts=&#8220;font_family:Roboto%3A100%2C100italic%2C300%2C300italic%2Cregular%2Citalic%2C500%2C500italic%2C700%2C700italic%2C900%2C900italic|font_style:400%20regular%3A400%3Anormal&#8220;][vc_empty_space height=&#8220;16px&#8220;][\/vc_column][\/vc_row][vc_row full_width=&#8220;stretch_row&#8220;][vc_column][vc_empty_space][vc_tta_tabs shape=&#8220;square&#8220; color=&#8220;juicy-pink&#8220; alignment=&#8220;center&#8220; active_section=&#8220;1&#8243;][vc_tta_section title=&#8220;Programm&#8220; tab_id=&#8220;1646386995970-9a60a1ce-350a&#8220;][info_list_father listclr=&#8220;#f8f8f8&#8243;][info_list_son style=&#8220;icon&#8220; size=&#8220;15&#8243; width=&#8220;20&#8243; height=&#8220;20&#8243; titleclr=&#8220;#890000&#8243; icon=&#8220;fas fa-paw&#8220; iconclr=&#8220;#890000&#8243; title=&#8220;TAG 1: NAIROBI FLUG NACH SAMBURU&#8220; caption_url=&#8220;&#8220;]\n<ul>\n<li>Abholung von Ihrem Hotel in Nairobi um 8.00 Uhr und Transfer zum Flughafen Wilson.<\/li>\n<li>Checken Sie ein und warten Sie auf den Flug Samburu, der um 10.00 Uhr abfliegt und um 11.00 Uhr in Samburu ankommt.<\/li>\n<li>Bei Ihrer Ankunft werden Sie von unserem Fahrerf\u00fchrer abgeholt und zu Ihrem jeweiligen Camp gebracht.<\/li>\n<li>Machen Sie am Nachmittag eine Pirschfahrt in das Reservat, das reich an Wildtieren ist und f\u00fcr seinen Reichtum an seltenen n\u00f6rdlichen Spezialarten wie dem Grevy-Zebra, dem Somali-Strau\u00df, der Netzgiraffe, dem Gerenuk und der Beisa-Oryx (auch als Samburu Special bezeichnet) bis zum Sonnenuntergang bekannt ist. Das Reservat ist auch mit mindestens 900 Elefanten beliebt. <\/li>\n<li>R\u00fcckkehr zur Lodge oder zum Camp f\u00fcr das Abendessen und die \u00dcbernachtung.<\/li>\n<\/ul>\n[\/info_list_son][info_list_son style=&#8220;icon&#8220; size=&#8220;15&#8243; width=&#8220;20&#8243; height=&#8220;20&#8243; titleclr=&#8220;#890000&#8243; icon=&#8220;fas fa-paw&#8220; iconclr=&#8220;#890000&#8243; title=&#8220;TAG 2: SAMBURU NATIONALRESERVAT&#8220; caption_url=&#8220;&#8220;]\n<ul>\n<li>Fr\u00fches Fr\u00fchst\u00fcck im Camp oder in der Lodge<\/li>\n<li>Nach dem Fr\u00fchst\u00fcck geht es weiter zu einer morgendlichen Pirschfahrt im <a href=\"https:\/\/www.samburu.net\/\" rel=\"nofollow noopener\" target=\"_blank\">Samburu National Reserve,<\/a> wo Sie bis zum Mittag Pirschfahrten bei Sonnenaufgang unternehmen k\u00f6nnen.<\/li>\n<li>R\u00fcckkehr zur Lodge f\u00fcr ein warmes Mittagessen.<\/li>\n<li>Entspannen Sie sich und genie\u00dfen Sie die Annehmlichkeiten des Hotels wie Schwimmen usw.<\/li>\n<li>Danach begeben Sie sich auf eine abendliche Safari bis zum afrikanischen Sonnenuntergang.<\/li>\n<li>R\u00fcckkehr zum Camp oder zur Lodge zum Abendessen und zur \u00dcbernachtung.<\/li>\n<\/ul>\n[\/info_list_son][info_list_son style=&#8220;icon&#8220; size=&#8220;15&#8243; width=&#8220;20&#8243; height=&#8220;20&#8243; titleclr=&#8220;#890000&#8243; icon=&#8220;fas fa-paw&#8220; iconclr=&#8220;#890000&#8243; title=&#8220;TAG 3: SAMBURU RESERVAT FLUG ZUR MASAI MARA&#8220; caption_url=&#8220;&#8220;]\n<ul>\n<li data-shorten=\"300\">Fr\u00fches Fr\u00fchst\u00fcck in der Lodge oder im Camp.<\/li>\n<li data-shorten=\"300\">Checken Sie aus und fahren Sie zur Landebahn mit Pirschfahrten auf dem Weg, um den R\u00fcckflug nach Nairobi um 11.00 Uhr zu nehmen und um 12.00 Uhr in Nairobi anzukommen.<\/li>\n<li data-shorten=\"300\">Nach der Ankunft am Flughafen Wilson steigen Sie um 14.00 Uhr in den n\u00e4chsten Flug nach Masai Mara.<\/li>\n<li>Bei Ihrer Ankunft in der Masai Mara werden Sie von unserem Fahrerf\u00fchrer auf der Landebahn abgeholt und zu Ihrem jeweiligen Camp oder Ihrer Lodge mit Pirschfahrten auf dem Weg innerhalb des Masai Mara Nationalreservats gebracht.<\/li>\n<li>Kommen Sie zum sp\u00e4ten Mittagessen und Check-in im Camp oder in der Lodge an, um sich zu entspannen.<\/li>\n<li>Am Abend begeben Sie sich auf eine abendliche Pirschfahrt innerhalb des Masai Mara Nationalreservats bis zum afrikanischen Sonnenuntergang.<\/li>\n<li>R\u00fcckkehr zur Lodge f\u00fcr das Abendessen und die \u00dcbernachtung.<\/li>\n<\/ul>\n[\/info_list_son][info_list_son style=&#8220;icon&#8220; size=&#8220;15&#8243; width=&#8220;20&#8243; height=&#8220;20&#8243; titleclr=&#8220;#890000&#8243; icon=&#8220;fas fa-paw&#8220; iconclr=&#8220;#890000&#8243; title=&#8220;TAG 4: PIRSCHFAHRTEN IN DER MASAI MARA&#8220; caption_url=&#8220;&#8220;]\n<ul>\n<li data-shorten=\"300\">Fr\u00fches Fr\u00fchst\u00fcck im Camp oder in der Lodge.<\/li>\n<li data-shorten=\"300\">Nach dem Fr\u00fchst\u00fcck brechen die G\u00e4ste am fr\u00fchen Morgen zu einem ganzen Tag in das <a href=\"https:\/\/www.safaribookings.com\/masai-mara\" rel=\"nofollow noopener\" target=\"_blank\">Masai Mara Nationalreservat<\/a> auf, um unter dem offenen Dach eines Tourfahrzeugs mit Lunchpaket nach den <a href=\"https:\/\/www.nationalgeographic.com\/animals\/article\/africa-big-five-safaris-lions\" rel=\"nofollow noopener\" target=\"_blank\">Big Five Afrikas<\/a> zu suchen, mit Lunchpaket, das als Picknick in der wilden Savanne serviert wird. Die <a href=\"https:\/\/www.nationalgeographic.com\/animals\/article\/africa-big-five-safaris-lions\" rel=\"nofollow noopener\" target=\"_blank\">Big Five Afrikas<\/a> sind der afrikanische Elefant, der L\u00f6we, das Nashorn, der B\u00fcffel und der Leopard sowie eine Vielzahl von Vogelarten von mehr als 200 Arten und Pflanzenfressern wie Zebras und Gnus in gro\u00dfer Zahl auf dem Weg zum <a href=\"https:\/\/en.wikipedia.org\/wiki\/Mara_River\" rel=\"nofollow noopener\" target=\"_blank\">Great Mara River<\/a> , wo jedes Jahr von Juli bis August das 8. Weltwunder stattfindet, das sogenannte <a href=\"https:\/\/www.masaimara.com\/great-migration-kenya.php#:~:text=Each%20year%2C%20over%20two%20million,an%20iconic%20safari%20must%2Dsee.\" rel=\"nofollow noopener\" target=\"_blank\">Great Wildebeest Migration<\/a>. Sie werden diese erstaunliche Tierwelt w\u00e4hrend der ganzt\u00e4gigen Pirschfahrt vom offenen Dach des Fahrzeugs aus beobachten, um bis zum sp\u00e4ten Nachmittag eine herrliche Aussicht zu genie\u00dfen und Fotos zu machen.  <\/li>\n<li data-shorten=\"300\">R\u00fcckkehr zur Lodge zum Abendessen und \u00dcbernachtung im Camp oder in der Lodge.<\/li>\n<\/ul>\n[\/info_list_son][info_list_son style=&#8220;icon&#8220; size=&#8220;15&#8243; width=&#8220;20&#8243; height=&#8220;20&#8243; titleclr=&#8220;#890000&#8243; icon=&#8220;fas fa-paw&#8220; iconclr=&#8220;#890000&#8243; title=&#8220;TAG 5: MASAI MARA FLUG NACH NAIROBI&#8220; caption_url=&#8220;&#8220;]\n<ul>\n<li>Fr\u00fches Fr\u00fchst\u00fcck im Camp oder in der Lodge.<\/li>\n<li>Genie\u00dfen Sie eine Pirschfahrt bei Sonnenaufgang im <a href=\"https:\/\/www.safaribookings.com\/masai-mara\" rel=\"nofollow noopener\" target=\"_blank\">Masai Mara Nationalreservat<\/a> , bei der Sie die M\u00f6glichkeit haben, vom offenen Dach des Fahrzeugs aus die Tierwelt mit einem Sonnenaufgangshintergrund zu betrachten.<\/li>\n<li data-shorten=\"300\">Danach, wenn die G\u00e4ste m\u00f6chten, k\u00f6nnen sie das Massai Cultural Village optional @ $ 20 pro Person besuchen, w\u00e4hrend sie zur\u00fcck nach Nairobi fahren.<\/li>\n<li data-shorten=\"300\">Fahren Sie zur Landebahn und nehmen Sie um 14.00 Uhr den Flug, um zur\u00fcck zum Flughafen Wilson zu fliegen.<\/li>\n<li data-shorten=\"300\">Bei Ihrer Ankunft wird Sie unser Unternehmensvertreter abholen und Sie zu Ihrem jeweiligen Hotel in Nairobi bringen.<\/li>\n<\/ul>\n[\/info_list_son][\/info_list_father][\/vc_tta_section][vc_tta_section title=&#8220;Inklusive\/Exklusiv&#8220; tab_id=&#8220;1646386996498-a7d53226-c598&#8243;][vc_row_inner][vc_column_inner width=&#8220;1\/2&#8243;][info_list_father][info_list_son style=&#8220;icon&#8220; size=&#8220;15&#8243; width=&#8220;10&#8243; height=&#8220;10&#8243; titleclr=&#8220;#890000&#8243; icon=&#8220;fas fa-paw&#8220; iconclr=&#8220;#890000&#8243; title=&#8220;IINKLUSIVE&#8220; caption_url=&#8220;&#8220; borderclr=&#8220;#890000&#8243; iconbg=&#8220;#f8f8f8&#8243;]\n<ul class=\"list list--icon\">\n<li>Parkgeb\u00fchren f\u00fcr den Park angegeben.<\/li>\n<li>Transport in einem Landcruiser mit offenem Dach.<\/li>\n<li>Service eines professionellen Fahrer-Guides.<\/li>\n<li>Mahlzeiten mit Vollpension in der Lodge\/ im Camp.<\/li>\n<li>4 \u00dcbernachtungen im jeweils angegebenen Hotel.<\/li>\n<li>Unbegrenzt Wasser im Fahrzeug.<\/li>\n<li>Inlandsfl\u00fcge nach Samburu &amp; Masai Mara.<\/li>\n<li>Flughafentransfers.<\/li>\n<\/ul>\n<p>&nbsp;[\/info_list_son][\/info_list_father][\/vc_column_inner][vc_column_inner width=&#8220;1\/2&#8243;][info_list_father][info_list_son style=&#8220;icon&#8220; size=&#8220;15&#8243; width=&#8220;10&#8243; height=&#8220;10&#8243; titleclr=&#8220;#890000&#8243; icon=&#8220;fas fa-paw&#8220; iconclr=&#8220;#890000&#8243; title=&#8220;AUSGESCHLOSSEN&#8220; iconbg=&#8220;#f8f8f8&#8243; caption_url=&#8220;&#8220; borderclr=&#8220;#890000&#8243;]\n<ul class=\"list list--icon\">\n<li>Kultureller Besuch des Masai-Dorfes.<\/li>\n<li>Tipps zum Fahrerf\u00fchrer (<strong>Sehr empfehlenswert<\/strong>).<\/li>\n<li>Pers\u00f6nliche Gegenst\u00e4nde <span class=\"txt--xsmall txt--xgrey\">(Souvenirs, Reiseversicherungen, Visageb\u00fchren, etc.)<\/span><\/li>\n<li>Zus\u00e4tzliche Unterkunft vor und am Ende der Tour.<\/li>\n<li>Die Regierung verh\u00e4ngte eine Erh\u00f6hung der Steuern und\/oder Parkgeb\u00fchren.<\/li>\n<li>Hei\u00dfluftballonfahrten @ $ 505 pro Erwachsener \/ $ 380 pro Kind (<strong>unter 12 Jahren<\/strong>).<\/li>\n<li>Die Freigep\u00e4ckmenge ist STRENG auf 15 kg pro Person begrenzt.<\/li>\n<li>Kleinkinder, die nicht f\u00fcr einen Sitzplatz bezahlen, haben keinen Anspruch auf Freigep\u00e4ck.<\/li>\n<\/ul>\n<p>&nbsp;[\/info_list_son][\/info_list_father][\/vc_column_inner][\/vc_row_inner][\/vc_tta_section][vc_tta_section title=&#8220;Reise-Checkliste&#8220; tab_id=&#8220;1646386998242-b6c6eb79-c695&#8243;][vc_row_inner][vc_column_inner width=&#8220;1\/2&#8243;][vc_custom_heading text=&#8220;Vor der Reise&#8220; font_container=&#8220;tag:h2|text_align:left|color:%23890000&#8243; google_fonts=&#8220;font_family:Open%20Sans%3A300%2C300italic%2Cregular%2Citalic%2C600%2C600italic%2C700%2C700italic%2C800%2C800italic&#8220;][vc_separator color=&#8220;custom&#8220; align=&#8220;align_left&#8220; border_width=&#8220;2&#8243; el_width=&#8220;20&#8243; accent_color=&#8220;#890000&#8243;][vc_column_text]Bevor Sie sich auf die Reise begeben, sollten Sie sich unsere umfassenden Reisetipps durchlesen, um ein reibungsloses Erlebnis zu gew\u00e4hrleisten.[\/vc_column_text][vc_btn title=&#8220;Weitere Informationen&#8220; style=&#8220;outline-custom&#8220; outline_custom_color=&#8220;#890000&#8243; outline_custom_hover_background=&#8220;#890000&#8243; outline_custom_hover_text=&#8220;#ffffff&#8220; shape=&#8220;square&#8220; size=&#8220;sm&#8220; i_align=&#8220;right&#8220; i_icon_fontawesome=&#8220;fas fa-angle-right&#8220; add_icon=&#8220;true&#8220; link=&#8220;url:https%3A%2F%2Fmufasatoursandtravels.com%2Fpreparing-to-travel%2F|title:WAS%20SIE%20VOR%20DER%20ANKUNFT%20IN%20OSTAFRIKA%20WISSEN%20SOLLTEN|&#8220;][\/vc_column_inner][vc_column_inner width=&#8220;1\/2&#8243;][vc_custom_heading text=&#8220;Bei der Buchung&#8220; font_container=&#8220;tag:h2|text_align:left|color:%23890000&#8243; google_fonts=&#8220;font_family:Open%20Sans%3A300%2C300italic%2Cregular%2Citalic%2C600%2C600italic%2C700%2C700italic%2C800%2C800italic&#8220;][vc_separator color=&#8220;custom&#8220; align=&#8220;align_left&#8220; border_width=&#8220;2&#8243; el_width=&#8220;20&#8243; accent_color=&#8220;#890000&#8243;][vc_column_text]Verbessern Sie Ihre Reiseplanung, indem Sie wertvolle Informationen zum Reiseziel herunterladen, wie z. B. Pass- und Visabestimmungen, empfohlene Impfungen, Gep\u00e4ckbeschr\u00e4nkungen, Packliste und Trinkgeldrichtlinien.[\/vc_column_text][vc_btn title=&#8220;Weitere Informationen&#8220; style=&#8220;outline-custom&#8220; outline_custom_color=&#8220;#890000&#8243; outline_custom_hover_background=&#8220;#890000&#8243; outline_custom_hover_text=&#8220;#ffffff&#8220; shape=&#8220;square&#8220; size=&#8220;sm&#8220; i_align=&#8220;right&#8220; i_icon_fontawesome=&#8220;fas fa-angle-right&#8220; add_icon=&#8220;true&#8220; link=&#8220;url:https%3A%2F%2Fmufasatoursandtravels.com%2Fwhat-to-know-before-arrival-in-east-africa%2F|title:WAS%20SIE%20VOR%20DER%20ANKUNFT%20IN%20OSTAFRIKA%20WISSEN%20SOLLTEN|&#8220;][\/vc_column_inner][\/vc_row_inner][vc_row_inner][vc_column_inner width=&#8220;1\/2&#8243;][vc_custom_heading text=&#8220;W\u00e4hrend der Tour&#8220; font_container=&#8220;tag:h2|text_align:left|color:%23890000&#8243; google_fonts=&#8220;font_family:Open%20Sans%3A300%2C300italic%2Cregular%2Citalic%2C600%2C600italic%2C700%2C700italic%2C800%2C800italic&#8220;][vc_separator color=&#8220;custom&#8220; align=&#8220;align_left&#8220; border_width=&#8220;2&#8243; el_width=&#8220;20&#8243; accent_color=&#8220;#890000&#8243;][vc_column_text]Maximieren Sie den Erfolg Ihrer Reise, indem Sie wichtige Informationen \u00fcber Ihr(e) Reiseziel(e) herunterladen, einschlie\u00dflich Pass- und Visabestimmungen, Impfrichtlinien, Gep\u00e4ckbeschr\u00e4nkungen, Packliste und Trinkgelder.[\/vc_column_text][vc_btn title=&#8220;Weitere Informationen&#8220; style=&#8220;outline-custom&#8220; outline_custom_color=&#8220;#890000&#8243; outline_custom_hover_background=&#8220;#890000&#8243; outline_custom_hover_text=&#8220;#ffffff&#8220; shape=&#8220;square&#8220; size=&#8220;sm&#8220; i_align=&#8220;right&#8220; i_icon_fontawesome=&#8220;fas fa-angle-right&#8220; add_icon=&#8220;true&#8220; link=&#8220;url:https%3A%2F%2Fmufasatoursandtravels.com%2Fpassports-and-visas%2F|title:P%C3%A4sse%20und%20Visa|&#8220;][\/vc_column_inner][vc_column_inner width=&#8220;1\/2&#8243;][vc_custom_heading text=&#8220;Nach der Reise&#8220; font_container=&#8220;tag:h2|text_align:left|color:%23890000&#8243; google_fonts=&#8220;font_family:Open%20Sans%3A300%2C300italic%2Cregular%2Citalic%2C600%2C600italic%2C700%2C700italic%2C800%2C800italic&#8220;][vc_separator color=&#8220;custom&#8220; align=&#8220;align_left&#8220; border_width=&#8220;2&#8243; el_width=&#8220;20&#8243; accent_color=&#8220;#890000&#8243;][vc_column_text]W\u00e4hrend Sie sich im Nachglanz Ihres Abenteuers sonnen, sind wir hier, um Ihnen mit wichtigen Tipps nach der Reise zu helfen, um sicherzustellen, dass Ihre R\u00fcckkehr nach Hause so nahtlos und komfortabel ist wie Ihre Reise selbst.[\/vc_column_text][\/vc_column_inner][\/vc_row_inner][\/vc_tta_section][\/vc_tta_tabs][\/vc_column][\/vc_row][vc_row][vc_column][wdo_ult_icon_seperator wdo_seperator_icon=&#8220;fas fa-paw&#8220; wdo_seperator_color=&#8220;#890000&#8243; wdo_seperator_opacity=&#8220;.2&#8243;][vc_btn title=&#8220;Angebot anfordern&#8220; style=&#8220;outline-custom&#8220; outline_custom_color=&#8220;#890000&#8243; outline_custom_hover_background=&#8220;#890000&#8243; outline_custom_hover_text=&#8220;#ffffff&#8220; shape=&#8220;square&#8220; size=&#8220;sm&#8220; align=&#8220;center&#8220; i_align=&#8220;right&#8220; i_icon_fontawesome=&#8220;fas fa-angle-right&#8220; add_icon=&#8220;true&#8220; link=&#8220;url:https%3A%2F%2Fmufasatoursandtravels.com%2Fde%2Fangebot-anfordern%2F|title:Angebot%20anfordern|&#8220; css=&#8220;.vc_custom_1724154874390{padding: 10px !important;}&#8220;][vc_column_text]\n<p style=\"text-align: left;\"><strong>VERZICHTSERKL\u00c4RUNG.<\/strong><\/p>\n<ul>\n<li>Diese Tour wird von <a href=\"https:\/\/mufasatoursandtravels.com\/de\/\">Mufasa Tours and Travels<\/a> angeboten.<\/li>\n<li>Alle unsere Safaris finden auf privater Basis statt.<\/li>\n<li>Kinder zwischen 0 \u2013 2 Jahren sind kostenlos.<\/li>\n<li>Kinder von 3 \u2013 12 Jahren zahlen 50% des Erwachsenenpreises, wenn sie im selben Zimmer mit Erwachsenen \u00fcbernachten.<\/li>\n<li>Kinder von 3 \u2013 12 Jahren zahlen 75% des Erwachsenenpreises, wenn sie in einem separaten Zimmer von Erwachsenen \u00fcbernachten.<\/li>\n<li>Kinder \u00fcber 12 Jahre werden in den Camps und Lodges als Erwachsene anerkannt.<\/li>\n<li>Wir behalten uns das Recht vor, das Programm wie angek\u00fcndigt zu \u00e4ndern.<\/li>\n<li>Sollte eine Unterkunft ausgebucht sein, schlagen wir Ihnen vergleichbare Alternativm\u00f6glichkeiten vor.<\/li>\n<li>Die genaue Reihenfolge, der Inhalt und die Preise dieser Tour unterliegen der Verf\u00fcgbarkeit.<\/li>\n<li>Diese Tour unterliegt den <a href=\"https:\/\/mufasatoursandtravels.com\/terms-and-conditions\/\">Allgemeinen Gesch\u00e4ftsbedingungen<\/a> von <a href=\"https:\/\/mufasatoursandtravels.com\/de\/\">Mufasa Tours and Travels.<\/a><\/li>\n<\/ul>\n[\/vc_column_text][\/vc_column][\/vc_row]\n","protected":false},"excerpt":{"rendered":"<p>[vc_row][vc_column parallax=&#8220;content-moving&#8220; parallax_image=&#8220;6756&#8243; css=&#8220;.vc_custom_1690362073772{padding-top: 80px !important;padding-right: 80px !important;padding-bottom: 80px !important;padding-left: 80px !important;}&#8220;][vc_custom_heading text=&#8220;MAGISCHES KENIA&#8220; font_container=&#8220;tag:h2|font_size:32|text_align:center|color:%23ffffff&#8220; google_fonts=&#8220;font_family:Roboto%3A100%2C100italic%2C300%2C300italic%2Cregular%2Citalic%2C500%2C500italic%2C700%2C700italic%2C900%2C900italic|font_style:500%20bold%20regular%3A500%3Anormal&#8220;][vc_custom_heading text=&#8220;Fliegen Sie ein&#8220; font_container=&#8220;tag:h2|font_size:20|text_align:center|color:%23ffffff&#8220; google_fonts=&#8220;font_family:Roboto%3A100%2C100italic%2C300%2C300italic%2Cregular%2Citalic%2C500%2C500italic%2C700%2C700italic%2C900%2C900italic|font_style:400%20regular%3A400%3Anormal&#8220;][vc_separator color=&#8220;custom&#8220; el_width=&#8220;80&#8243; accent_color=&#8220;#f8f8f8&#8243;][vc_custom_heading text=&#8220;Samburu \u21fe Masai Mara&#8220; font_container=&#8220;tag:h2|font_size:22|text_align:center|color:%23ffffff&#8220; google_fonts=&#8220;font_family:Roboto%3A100%2C100italic%2C300%2C300italic%2Cregular%2Citalic%2C500%2C500italic%2C700%2C700italic%2C900%2C900italic|font_style:400%20regular%3A400%3Anormal&#8220;][vc_empty_space height=&#8220;16px&#8220;][\/vc_column][\/vc_row][vc_row full_width=&#8220;stretch_row&#8220;][vc_column][vc_empty_space][vc_tta_tabs shape=&#8220;square&#8220; color=&#8220;juicy-pink&#8220; alignment=&#8220;center&#8220; active_section=&#8220;1&#8243;][vc_tta_section title=&#8220;Programm&#8220; tab_id=&#8220;1646386995970-9a60a1ce-350a&#8220;][info_list_father listclr=&#8220;#f8f8f8&#8243;][info_list_son style=&#8220;icon&#8220; size=&#8220;15&#8243; width=&#8220;20&#8243; height=&#8220;20&#8243; titleclr=&#8220;#890000&#8243; icon=&#8220;fas fa-paw&#8220; iconclr=&#8220;#890000&#8243; title=&#8220;TAG 1: NAIROBI FLUG NACH SAMBURU&#8220; caption_url=&#8220;&#8220;] Abholung [&hellip;]<\/p>\n","protected":false},"author":4,"featured_media":0,"parent":31119,"menu_order":3,"comment_status":"closed","ping_status":"closed","template":"page-blank.php","meta":{"_themeisle_gutenberg_block_has_review":false,"footnotes":""},"class_list":["post-30695","page","type-page","status-publish","hentry"],"_links":{"self":[{"href":"https:\/\/mufasatoursandtravels.com\/de\/wp-json\/wp\/v2\/pages\/30695","targetHints":{"allow":["GET"]}}],"collection":[{"href":"https:\/\/mufasatoursandtravels.com\/de\/wp-json\/wp\/v2\/pages"}],"about":[{"href":"https:\/\/mufasatoursandtravels.com\/de\/wp-json\/wp\/v2\/types\/page"}],"author":[{"embeddable":true,"href":"https:\/\/mufasatoursandtravels.com\/de\/wp-json\/wp\/v2\/users\/4"}],"replies":[{"embeddable":true,"href":"https:\/\/mufasatoursandtravels.com\/de\/wp-json\/wp\/v2\/comments?post=30695"}],"version-history":[{"count":1,"href":"https:\/\/mufasatoursandtravels.com\/de\/wp-json\/wp\/v2\/pages\/30695\/revisions"}],"predecessor-version":[{"id":30697,"href":"https:\/\/mufasatoursandtravels.com\/de\/wp-json\/wp\/v2\/pages\/30695\/revisions\/30697"}],"up":[{"embeddable":true,"href":"https:\/\/mufasatoursandtravels.com\/de\/wp-json\/wp\/v2\/pages\/31119"}],"wp:attachment":[{"href":"https:\/\/mufasatoursandtravels.com\/de\/wp-json\/wp\/v2\/media?parent=30695"}],"curies":[{"name":"wp","href":"https:\/\/api.w.org\/{rel}","templated":true}]}}