{"id":30732,"date":"2022-02-25T06:24:19","date_gmt":"2022-02-25T03:24:19","guid":{"rendered":"https:\/\/mufasatoursandtravels.com\/finch-chataeux-erfahrung\/"},"modified":"2025-04-08T12:15:50","modified_gmt":"2025-04-08T09:15:50","slug":"finch-chataeux-erfahrung","status":"publish","type":"page","link":"https:\/\/mufasatoursandtravels.com\/de\/kenia-flugsafaris\/kenia-flying-safaris-kurzaufenthalt\/finch-chataeux-erfahrung\/","title":{"rendered":"Finch &amp; Chataeux Erfahrung"},"content":{"rendered":"[vc_row full_width=&#8220;stretch_row&#8220;][vc_column parallax=&#8220;content-moving&#8220; parallax_image=&#8220;11690&#8243; parallax_speed_bg=&#8220;1.9&#8243; css=&#8220;.vc_custom_1690365764068{padding-top: 80px !important;padding-right: 80px !important;padding-bottom: 80px !important;padding-left: 80px !important;}&#8220;][vc_custom_heading text=&#8220;FINCH &amp; CHATEAUX ERLEBNIS&#8220; font_container=&#8220;tag:h2|font_size:32|text_align:center|color:%23ffffff&#8220; google_fonts=&#8220;font_family:Roboto%3A100%2C100italic%2C300%2C300italic%2Cregular%2Citalic%2C500%2C500italic%2C700%2C700italic%2C900%2C900italic|font_style:500%20bold%20regular%3A500%3Anormal&#8220;][vc_custom_heading text=&#8220;Fliegen Sie ein&#8220; font_container=&#8220;tag:h2|font_size:20|text_align:center|color:%23ffffff&#8220; google_fonts=&#8220;font_family:Roboto%3A100%2C100italic%2C300%2C300italic%2Cregular%2Citalic%2C500%2C500italic%2C700%2C700italic%2C900%2C900italic|font_style:400%20regular%3A400%3Anormal&#8220;][vc_separator color=&#8220;custom&#8220; el_width=&#8220;80&#8243; accent_color=&#8220;#f8f8f8&#8243;][vc_custom_heading text=&#8220;Tsavo West \u21fe Masai Mara&#8220; font_container=&#8220;tag:h2|font_size:22|text_align:center|color:%23ffffff&#8220; google_fonts=&#8220;font_family:Roboto%3A100%2C100italic%2C300%2C300italic%2Cregular%2Citalic%2C500%2C500italic%2C700%2C700italic%2C900%2C900italic|font_style:400%20regular%3A400%3Anormal&#8220;][\/vc_column][\/vc_row][vc_row full_width=&#8220;stretch_row&#8220;][vc_column][vc_tta_tabs shape=&#8220;square&#8220; color=&#8220;juicy-pink&#8220; alignment=&#8220;center&#8220; active_section=&#8220;1&#8243;][vc_tta_section title=&#8220;Programm&#8220; tab_id=&#8220;1646387938036-223a152b-a82c&#8220;][info_list_father listclr=&#8220;#f8f8f8&#8243;][info_list_son style=&#8220;icon&#8220; size=&#8220;15&#8243; width=&#8220;20&#8243; height=&#8220;20&#8243; titleclr=&#8220;#890000&#8243; icon=&#8220;fas fa-paw&#8220; iconclr=&#8220;#890000&#8243; title=&#8220;TAG 1: NAIROBI FLUG NACH TSAVO WEST&#8220;]\n<ul>\n<li>Abholung vom Hotel in Nairobi um 6.00 Uhr durch unseren Unternehmensvertreter und Transfer zum Flughafen Wilson.<\/li>\n<li>Check-in und Einsteigen in den Flug nach Tsavo Finch Hatton um 7.00 Uhr, Ankunft um 8.00 Uhr.<\/li>\n<li>Bei der Ankunft in Tsavo West wird der Westen von unserem Vertreter abgeholt und Sie zum <a href=\"https:\/\/finchhattons.com\/\" rel=\"nofollow noopener\" target=\"_blank\">Finch Hattons Luxury Camp<\/a> gebracht, wo Sie unterwegs Pirschfahrten genie\u00dfen k\u00f6nnen.<\/li>\n<li>Freizeit und Entspannung im Camp vor dem Mittagessen.<\/li>\n<li>Am Abend begeben Sie sich auf eine abendliche Pirschfahrt innerhalb des Tsavo West Nationalparks bis zum afrikanischen Sonnenuntergang.<\/li>\n<li>Nach der R\u00fcckkehr zur Lodge machen Sie sich auf den Weg zu einem Sundowner in der Wildnis mit Getr\u00e4nken und Blick auf den afrikanischen Horizont.<\/li>\n<li>R\u00fcckkehr zur Lodge f\u00fcr das Abendessen und die \u00dcbernachtung.<\/li>\n<\/ul>\n[\/info_list_son][info_list_son style=&#8220;icon&#8220; size=&#8220;15&#8243; width=&#8220;20&#8243; height=&#8220;20&#8243; titleclr=&#8220;#890000&#8243; icon=&#8220;fas fa-paw&#8220; iconclr=&#8220;#890000&#8243; title=&#8220;TAG 2: TSAVO WEST PIRSCHFAHRTEN &amp; YOGA WELLNESS&#8220;]\n<ul>\n<li>Stehen Sie zu einem fr\u00fchen Fr\u00fchst\u00fcck auf und begeben Sie sich auf eine morgendliche Pirschfahrt. Begeistern Sie sich f\u00fcr die Wunder des Parks <span style=\"font-weight: 400;\">, w\u00e4hrend Sie Szenen von Elefanten genie\u00dfen, die in den Gew\u00e4ssern des Tsavo-Flusses herumtollen.<\/span> Vom Anblick von f\u00fcnfzig Millionen Gallonen kristallklarem Wasser, das aus dem unter ausgetrockneten Lavagestein der Mzima Springs hervorquillt, bis hin zu den Shetani-Lavastr\u00f6men, dem Land der Lava, Quellen, Menschenfresser und magischen Sonnenunterg\u00e4ngen, willkommen in Tsavo West eine wundersch\u00f6ne, zerkl\u00fcftete Wildnis. <\/li>\n<li>Danach kehren Sie zum Camp zur\u00fcck, um zu Mittag zu essen und sich zu entspannen.<\/li>\n<li>Ruhen Sie sich einen Teil des Nachmittags aus, g\u00f6nnen Sie sich Naturspazierg\u00e4nge mit einem bewaffneten Wachmann oder Yoga, gefolgt von einem Sundowner gegen Sonnenuntergang und genie\u00dfen Sie den afrikanischen Horizont.<\/li>\n<li>R\u00fcckkehr zum Camp zum Abendessen und \u00dcbernachtung.<\/li>\n<\/ul>\n[\/info_list_son][info_list_son style=&#8220;icon&#8220; size=&#8220;15&#8243; width=&#8220;20&#8243; height=&#8220;20&#8243; titleclr=&#8220;#890000&#8243; icon=&#8220;fas fa-paw&#8220; iconclr=&#8220;#890000&#8243; title=&#8220;TAG 3: FINCH HATTONS FLIEGEN ZUR MASAI MARA&#8220;]\n<ul>\n<li>Fr\u00fches Fr\u00fchst\u00fcck im Camp oder in der Lodge.<\/li>\n<li>Lassen Sie sich an der Landebahn absetzen, um zum ber\u00fchmten Masai Mara Nationalreservat zu fliegen, das ein 1-st\u00fcndiger Flug ist.<\/li>\n<li>Bei der Ankunft auf der Landebahn in Masai Mara holt Sie unser Fahrerguide ab und bringt Sie mit Enroute Pirschfahrten zum Camp zum jeweiligen Camp oder zur Lodge.<\/li>\n<li>Ankunft zum Mittagessen, Einchecken und Entspannen.<\/li>\n<li>Nach dem Mittagessen und der Entspannung geht es am Nachmittag zu einer Pirschfahrt im <a href=\"https:\/\/www.safaribookings.com\/masai-mara\" rel=\"nofollow noopener\" target=\"_blank\">Masai Mara National Reserve<\/a> bis sp\u00e4t in den Sonnenuntergang, wo Sie verschiedene weite Grasebenen und verstreute Akazienbusche sehen k\u00f6nnen, die eine Vielzahl von Wildtieren der BIG FIVE wie L\u00f6wen, Leoparden, Geparden, Hy\u00e4nen, B\u00fcffel, Giraffen,  Elefanten, das vom Aussterben bedrohte Spitzmaulnashorn und Gnus mit weit ge\u00f6ffnetem Dach.<\/li>\n<li>R\u00fcckkehr zur Lodge\/zum Camp zum Abendessen und zur \u00dcbernachtung.<\/li>\n<\/ul>\n[\/info_list_son][info_list_son style=&#8220;icon&#8220; size=&#8220;15&#8243; width=&#8220;20&#8243; height=&#8220;20&#8243; titleclr=&#8220;#890000&#8243; icon=&#8220;fas fa-paw&#8220; iconclr=&#8220;#890000&#8243; title=&#8220;TAG 4: PIRSCHFAHRTEN IN DER MASAI MARA&#8220;]\n<ul>\n<li data-shorten=\"300\"><span style=\"font-weight: 400;\">Genie\u00dfen Sie ein fr\u00fches Fr\u00fchst\u00fcck, der perfekte Energieschub f\u00fcr den aufregenden Tag, der vor Ihnen liegt.  <\/span><span style=\"font-weight: 400;\">Machen Sie sich auf den Weg zum Masai Mara National Reserve, einer ganzt\u00e4gigen Expedition, um eine vielf\u00e4ltige Tierwelt zu treffen. Genie\u00dfen Sie ein gem\u00fctliches Picknick in der Wildnis. Weiter geht es zum Mara-Fluss, dem Mittelpunkt des 8. Weltwunders (der Gnuwanderung, die j\u00e4hrlich von Juli bis August stattfindet). Die ganzt\u00e4gige Pirschfahrt (in unseren offenen Dachfahrzeugen) ist ein g\u00fcnstiger festlicher Moment f\u00fcr den immer neugierigen Fotografen. R\u00fcckkehr zum Camp\/Lodge zum Abendessen und zur \u00dcbernachtung.    <\/span><\/li>\n<\/ul>\n[\/info_list_son][info_list_son style=&#8220;icon&#8220; size=&#8220;15&#8243; width=&#8220;20&#8243; height=&#8220;20&#8243; titleclr=&#8220;#890000&#8243; icon=&#8220;fas fa-paw&#8220; iconclr=&#8220;#890000&#8243; title=&#8220;TAG 5: MASAI MARA FLUG NACH NAIROBI&#8220;]\n<ul>\n<li>Erheben Sie sich zu einem afrikanischen Buschfr\u00fchst\u00fcck im Freien in freier Wildbahn, w\u00e4hrend Sie Wildbeobachtungen bequem von Ihrem Fr\u00fchst\u00fcckstisch aus genie\u00dfen.<\/li>\n<li data-shorten=\"300\">Wenn die G\u00e4ste m\u00f6chten, k\u00f6nnen sie danach das Massai Cultural Village besuchen, um sich dem afrikanischen Lebensstil und der Kultur hinzugeben, w\u00e4hrend sie zur Landebahn fahren, um zur\u00fcck nach Nairobi zu fliegen.<\/li>\n<li data-shorten=\"300\">Pirschfahrten werden auf dem Weg zur Landebahn genossen.<\/li>\n<li data-shorten=\"300\">Dies wird das Ende eines unvergesslichen Erlebnisses sein und unser Guide wird Sie auf der Landebahn verabschieden, w\u00e4hrend Sie zur\u00fcck nach Nairobi fliegen.<\/li>\n<li data-shorten=\"300\">Bei Ihrer Ankunft in Nairobi wartet unser Team darauf, Sie abzuholen und zu Ihrem jeweiligen Hotel oder Flughafen zu bringen, um Ihren Heimflug zu nehmen.<\/li>\n<\/ul>\n[\/info_list_son][\/info_list_father][\/vc_tta_section][vc_tta_section title=&#8220;Inklusive\/Exklusiv&#8220; tab_id=&#8220;1646387938573-831eaf79-af4e&#8220;][vc_row_inner][vc_column_inner width=&#8220;1\/2&#8243;][info_list_father listclr=&#8220;#f8f8f8&#8243;][info_list_son style=&#8220;icon&#8220; size=&#8220;15&#8243; width=&#8220;10&#8243; height=&#8220;10&#8243; titleclr=&#8220;#890000&#8243; icon=&#8220;fas fa-paw&#8220; iconclr=&#8220;#890000&#8243; title=&#8220;IINKLUSIVE&#8220; iconbg=&#8220;#f8f8f8&#8243; borderclr=&#8220;#890000&#8243;]\n<ul>\n<li>Unterkunft<\/li>\n<li>Alle Mahlzeiten<\/li>\n<li>R\u00fcckflug Finch Hattons Landebahnverlegungen<br \/>\nGeplante Aktivit\u00e4ten<\/li>\n<li>Nutzung des Spas (ohne Behandlungen)<\/li>\n<li>W\u00e4scherei (au\u00dfer chemische Reinigung)<\/li>\n<li>Alle Getr\u00e4nke (ausgenommen Premium-Weine und Spirituosen)<\/li>\n<li>Kostenloses drahtloses Internet im gesamten Camp<\/li>\n<li>Exklusive Nutzung des Fahrzeugs, Butler-Service.<\/li>\n<li>Inlandsfl\u00fcge zwischen den Parks.<\/li>\n<\/ul>\n[\/info_list_son][\/info_list_father][\/vc_column_inner][vc_column_inner width=&#8220;1\/2&#8243;][info_list_father listclr=&#8220;#f8f8f8&#8243;][info_list_son style=&#8220;icon&#8220; size=&#8220;15&#8243; width=&#8220;10&#8243; height=&#8220;10&#8243; titleclr=&#8220;#890000&#8243; icon=&#8220;fas fa-paw&#8220; iconclr=&#8220;#890000&#8243; title=&#8220;AUSGESCHLOSSEN&#8220; borderclr=&#8220;#890000&#8243;]\n<ul class=\"list list--icon\">\n<li>Kulturelle Besichtigungen des Masai-Dorfes.<\/li>\n<li>Tipps zum Fahrerf\u00fchrer (<strong>Sehr empfehlenswert<\/strong>).<\/li>\n<li>Pers\u00f6nliche Gegenst\u00e4nde <span class=\"txt--xsmall txt--xgrey\">(Souvenirs, Reiseversicherungen, Visageb\u00fchren, etc.)<\/span><\/li>\n<li>Zus\u00e4tzliche Unterkunft vor und am Ende der Tour.<\/li>\n<li>Die Regierung verh\u00e4ngte eine Erh\u00f6hung der Steuern und\/oder Parkgeb\u00fchren.<\/li>\n<li>Hei\u00dfluftballonfahrten @ $ 505 pro Erwachsener \/ $ 380 pro Kind (<strong>unter 12 Jahren<\/strong>).<\/li>\n<li>Die Freigep\u00e4ckmenge ist STRENG auf 15 kg pro Person begrenzt.<\/li>\n<li>Kleinkinder, die nicht f\u00fcr einen Sitzplatz bezahlen, haben keinen Anspruch auf Freigep\u00e4ck.<\/li>\n<\/ul>\n[\/info_list_son][\/info_list_father][\/vc_column_inner][\/vc_row_inner][\/vc_tta_section][vc_tta_section title=&#8220;Reise-Checkliste&#8220; tab_id=&#8220;1646387939985-ed516796-7a1c&#8220;][vc_row_inner][vc_column_inner width=&#8220;1\/2&#8243;][vc_custom_heading text=&#8220;Vor der Reise&#8220; font_container=&#8220;tag:h2|text_align:left|color:%23890000&#8243; google_fonts=&#8220;font_family:Open%20Sans%3A300%2C300italic%2Cregular%2Citalic%2C600%2C600italic%2C700%2C700italic%2C800%2C800italic&#8220;][vc_separator color=&#8220;custom&#8220; align=&#8220;align_left&#8220; border_width=&#8220;2&#8243; el_width=&#8220;20&#8243; accent_color=&#8220;#890000&#8243;][vc_column_text]Bevor Sie sich auf die Reise begeben, sollten Sie sich unsere umfassenden Reisetipps durchlesen, um ein reibungsloses Erlebnis zu gew\u00e4hrleisten.[\/vc_column_text][vc_btn title=&#8220;Weitere Informationen&#8220; style=&#8220;outline-custom&#8220; outline_custom_color=&#8220;#890000&#8243; outline_custom_hover_background=&#8220;#890000&#8243; outline_custom_hover_text=&#8220;#ffffff&#8220; shape=&#8220;square&#8220; size=&#8220;sm&#8220; i_align=&#8220;right&#8220; i_icon_fontawesome=&#8220;fas fa-angle-right&#8220; add_icon=&#8220;true&#8220; link=&#8220;url:https%3A%2F%2Fmufasatoursandtravels.com%2Fpreparing-to-travel%2F|title:Vorbereitung%20auf%20die%20Reise|&#8220;][\/vc_column_inner][vc_column_inner width=&#8220;1\/2&#8243;][vc_custom_heading text=&#8220;Vor der Reise&#8220; font_container=&#8220;tag:h2|text_align:left|color:%23890000&#8243; google_fonts=&#8220;font_family:Open%20Sans%3A300%2C300italic%2Cregular%2Citalic%2C600%2C600italic%2C700%2C700italic%2C800%2C800italic&#8220;][vc_separator color=&#8220;custom&#8220; align=&#8220;align_left&#8220; border_width=&#8220;2&#8243; el_width=&#8220;20&#8243; accent_color=&#8220;#890000&#8243;][vc_column_text]Verbessern Sie Ihre Reiseplanung, indem Sie wertvolle Informationen zum Reiseziel herunterladen, wie z. B. Pass- und Visabestimmungen, empfohlene Impfungen, Gep\u00e4ckbeschr\u00e4nkungen, Packliste und Trinkgeldrichtlinien.[\/vc_column_text][vc_btn title=&#8220;Weitere Informationen&#8220; style=&#8220;outline-custom&#8220; outline_custom_color=&#8220;#890000&#8243; outline_custom_hover_background=&#8220;#890000&#8243; outline_custom_hover_text=&#8220;#ffffff&#8220; shape=&#8220;square&#8220; size=&#8220;sm&#8220; i_align=&#8220;right&#8220; i_icon_fontawesome=&#8220;fas fa-angle-right&#8220; add_icon=&#8220;true&#8220; link=&#8220;url:https%3A%2F%2Fmufasatoursandtravels.com%2Fwhat-to-know-before-arrival-in-east-africa%2F|title:WAS%20SIE%20VOR%20DER%20ANKUNFT%20IN%20OSTAFRIKA%20WISSEN%20SOLLTEN|&#8220;][\/vc_column_inner][\/vc_row_inner][vc_row_inner][vc_column_inner width=&#8220;1\/2&#8243;][vc_custom_heading text=&#8220;Vor der Reise&#8220; font_container=&#8220;tag:h2|text_align:left|color:%23890000&#8243; google_fonts=&#8220;font_family:Open%20Sans%3A300%2C300italic%2Cregular%2Citalic%2C600%2C600italic%2C700%2C700italic%2C800%2C800italic&#8220;][vc_separator color=&#8220;custom&#8220; align=&#8220;align_left&#8220; border_width=&#8220;2&#8243; el_width=&#8220;20&#8243; accent_color=&#8220;#890000&#8243;][vc_column_text]Maximieren Sie den Erfolg Ihrer Reise, indem Sie wichtige Informationen \u00fcber Ihr(e) Reiseziel(e) herunterladen, einschlie\u00dflich Pass- und Visabestimmungen, Impfrichtlinien, Gep\u00e4ckbeschr\u00e4nkungen, Packliste und Trinkgelder.[\/vc_column_text][vc_btn title=&#8220;Weitere Informationen&#8220; style=&#8220;outline-custom&#8220; outline_custom_color=&#8220;#890000&#8243; outline_custom_hover_background=&#8220;#890000&#8243; outline_custom_hover_text=&#8220;#ffffff&#8220; shape=&#8220;square&#8220; size=&#8220;sm&#8220; i_align=&#8220;right&#8220; i_icon_fontawesome=&#8220;fas fa-angle-right&#8220; add_icon=&#8220;true&#8220; link=&#8220;url:https%3A%2F%2Fmufasatoursandtravels.com%2Fpassports-and-visas%2F|title:P%C3%A4sse%20und%20Visa|&#8220;][\/vc_column_inner][vc_column_inner width=&#8220;1\/2&#8243;][vc_custom_heading text=&#8220;Vor der Reise&#8220; font_container=&#8220;tag:h2|text_align:left|color:%23890000&#8243; google_fonts=&#8220;font_family:Open%20Sans%3A300%2C300italic%2Cregular%2Citalic%2C600%2C600italic%2C700%2C700italic%2C800%2C800italic&#8220;][vc_separator color=&#8220;custom&#8220; align=&#8220;align_left&#8220; border_width=&#8220;2&#8243; el_width=&#8220;20&#8243; accent_color=&#8220;#890000&#8243;][vc_column_text]W\u00e4hrend Sie sich im Nachglanz Ihres Abenteuers sonnen, sind wir hier, um Ihnen mit wichtigen Tipps nach der Reise zu helfen, um sicherzustellen, dass Ihre R\u00fcckkehr nach Hause so nahtlos und komfortabel ist wie Ihre Reise selbst.[\/vc_column_text][\/vc_column_inner][\/vc_row_inner][\/vc_tta_section][\/vc_tta_tabs][wdo_ult_icon_seperator wdo_seperator_icon=&#8220;fas fa-paw&#8220; wdo_seperator_color=&#8220;#890000&#8243; wdo_seperator_opacity=&#8220;.2&#8243;][vc_btn title=&#8220;Angebot anfordern&#8220; style=&#8220;outline-custom&#8220; outline_custom_color=&#8220;#890000&#8243; outline_custom_hover_background=&#8220;#890000&#8243; outline_custom_hover_text=&#8220;#ffffff&#8220; shape=&#8220;square&#8220; size=&#8220;sm&#8220; align=&#8220;center&#8220; i_align=&#8220;right&#8220; i_icon_fontawesome=&#8220;fas fa-angle-right&#8220; add_icon=&#8220;true&#8220; link=&#8220;url:https%3A%2F%2Fmufasatoursandtravels.com%2Fde%2Fangebot-anfordern%2F|title:Angebot%20anfordern|&#8220; css=&#8220;.vc_custom_1724157116297{padding: 10px !important;}&#8220;][vc_column_text]\n<p style=\"text-align: left;\"><strong>VERZICHTSERKL\u00c4RUNG.<\/strong><\/p>\n<ul>\n<li>Diese Tour wird von <a href=\"https:\/\/mufasatoursandtravels.com\/de\/\">Mufasa Tours and Travels<\/a> angeboten.<\/li>\n<li>Alle unsere Safaris finden auf privater Basis statt.<\/li>\n<li>Kinder zwischen 0 \u2013 2 Jahren sind kostenlos.<\/li>\n<li>Kinder von 3 \u2013 12 Jahren zahlen 50% des Erwachsenenpreises, wenn sie im selben Zimmer mit Erwachsenen \u00fcbernachten.<\/li>\n<li>Kinder von 3 \u2013 12 Jahren zahlen 75% des Erwachsenenpreises, wenn sie in einem separaten Zimmer von Erwachsenen \u00fcbernachten.<\/li>\n<li>Kinder \u00fcber 12 Jahre werden in den Camps und Lodges als Erwachsene anerkannt.<\/li>\n<li>Wir behalten uns das Recht vor, das Programm wie angek\u00fcndigt zu \u00e4ndern.<\/li>\n<li>Sollte eine Unterkunft ausgebucht sein, schlagen wir Ihnen vergleichbare Alternativm\u00f6glichkeiten vor.<\/li>\n<li>Die genaue Reihenfolge, der Inhalt und die Preise dieser Tour unterliegen der Verf\u00fcgbarkeit.<\/li>\n<li>Diese Tour unterliegt den <a href=\"https:\/\/mufasatoursandtravels.com\/terms-and-conditions\/\">Allgemeinen Gesch\u00e4ftsbedingungen<\/a> von <a href=\"https:\/\/mufasatoursandtravels.com\/de\/\">Mufasa Tours and Travels.<\/a><\/li>\n<\/ul>\n[\/vc_column_text][\/vc_column][\/vc_row][vc_row][vc_column][vc_empty_space height=&#8220;16px&#8220;][\/vc_column][\/vc_row]\n","protected":false},"excerpt":{"rendered":"<p>[vc_row full_width=&#8220;stretch_row&#8220;][vc_column parallax=&#8220;content-moving&#8220; parallax_image=&#8220;11690&#8243; parallax_speed_bg=&#8220;1.9&#8243; css=&#8220;.vc_custom_1690365764068{padding-top: 80px !important;padding-right: 80px !important;padding-bottom: 80px !important;padding-left: 80px !important;}&#8220;][vc_custom_heading text=&#8220;FINCH &amp; CHATEAUX ERLEBNIS&#8220; font_container=&#8220;tag:h2|font_size:32|text_align:center|color:%23ffffff&#8220; google_fonts=&#8220;font_family:Roboto%3A100%2C100italic%2C300%2C300italic%2Cregular%2Citalic%2C500%2C500italic%2C700%2C700italic%2C900%2C900italic|font_style:500%20bold%20regular%3A500%3Anormal&#8220;][vc_custom_heading text=&#8220;Fliegen Sie ein&#8220; font_container=&#8220;tag:h2|font_size:20|text_align:center|color:%23ffffff&#8220; google_fonts=&#8220;font_family:Roboto%3A100%2C100italic%2C300%2C300italic%2Cregular%2Citalic%2C500%2C500italic%2C700%2C700italic%2C900%2C900italic|font_style:400%20regular%3A400%3Anormal&#8220;][vc_separator color=&#8220;custom&#8220; el_width=&#8220;80&#8243; accent_color=&#8220;#f8f8f8&#8243;][vc_custom_heading text=&#8220;Tsavo West \u21fe Masai Mara&#8220; font_container=&#8220;tag:h2|font_size:22|text_align:center|color:%23ffffff&#8220; google_fonts=&#8220;font_family:Roboto%3A100%2C100italic%2C300%2C300italic%2Cregular%2Citalic%2C500%2C500italic%2C700%2C700italic%2C900%2C900italic|font_style:400%20regular%3A400%3Anormal&#8220;][\/vc_column][\/vc_row][vc_row full_width=&#8220;stretch_row&#8220;][vc_column][vc_tta_tabs shape=&#8220;square&#8220; color=&#8220;juicy-pink&#8220; alignment=&#8220;center&#8220; active_section=&#8220;1&#8243;][vc_tta_section title=&#8220;Programm&#8220; tab_id=&#8220;1646387938036-223a152b-a82c&#8220;][info_list_father listclr=&#8220;#f8f8f8&#8243;][info_list_son style=&#8220;icon&#8220; size=&#8220;15&#8243; width=&#8220;20&#8243; height=&#8220;20&#8243; titleclr=&#8220;#890000&#8243; icon=&#8220;fas fa-paw&#8220; iconclr=&#8220;#890000&#8243; title=&#8220;TAG 1: NAIROBI FLUG [&hellip;]<\/p>\n","protected":false},"author":4,"featured_media":0,"parent":31119,"menu_order":6,"comment_status":"closed","ping_status":"closed","template":"page-blank.php","meta":{"_themeisle_gutenberg_block_has_review":false,"footnotes":""},"class_list":["post-30732","page","type-page","status-publish","hentry"],"_links":{"self":[{"href":"https:\/\/mufasatoursandtravels.com\/de\/wp-json\/wp\/v2\/pages\/30732","targetHints":{"allow":["GET"]}}],"collection":[{"href":"https:\/\/mufasatoursandtravels.com\/de\/wp-json\/wp\/v2\/pages"}],"about":[{"href":"https:\/\/mufasatoursandtravels.com\/de\/wp-json\/wp\/v2\/types\/page"}],"author":[{"embeddable":true,"href":"https:\/\/mufasatoursandtravels.com\/de\/wp-json\/wp\/v2\/users\/4"}],"replies":[{"embeddable":true,"href":"https:\/\/mufasatoursandtravels.com\/de\/wp-json\/wp\/v2\/comments?post=30732"}],"version-history":[{"count":4,"href":"https:\/\/mufasatoursandtravels.com\/de\/wp-json\/wp\/v2\/pages\/30732\/revisions"}],"predecessor-version":[{"id":30750,"href":"https:\/\/mufasatoursandtravels.com\/de\/wp-json\/wp\/v2\/pages\/30732\/revisions\/30750"}],"up":[{"embeddable":true,"href":"https:\/\/mufasatoursandtravels.com\/de\/wp-json\/wp\/v2\/pages\/31119"}],"wp:attachment":[{"href":"https:\/\/mufasatoursandtravels.com\/de\/wp-json\/wp\/v2\/media?parent=30732"}],"curies":[{"name":"wp","href":"https:\/\/api.w.org\/{rel}","templated":true}]}}