{"id":30756,"date":"2022-03-08T10:18:22","date_gmt":"2022-03-08T07:18:22","guid":{"rendered":"https:\/\/mufasatoursandtravels.com\/kenia-tansania-grandeur-safari\/"},"modified":"2025-04-08T12:08:23","modified_gmt":"2025-04-08T09:08:23","slug":"kenia-tansania-grandeur-safari","status":"publish","type":"page","link":"https:\/\/mufasatoursandtravels.com\/de\/kenia-tansania-sansibar-safaris\/kenia-tansania-grandeur-safari\/","title":{"rendered":"Kenia Tansania Grandeur Safari"},"content":{"rendered":"[vc_row full_width=&#8220;stretch_row&#8220; gap=&#8220;1&#8243;][vc_column parallax=&#8220;content-moving&#8220; parallax_image=&#8220;11238&#8243; parallax_speed_bg=&#8220;1.9&#8243; css=&#8220;.vc_custom_1687333893434{padding-top: 80px !important;padding-right: 80px !important;padding-bottom: 80px !important;padding-left: 80px !important;}&#8220;][vc_custom_heading text=&#8220;KENIA TANSANIA GRANDEUR SAFARI&#8220; font_container=&#8220;tag:h1|font_size:32|text_align:center|color:%23ffffff&#8220; google_fonts=&#8220;font_family:Roboto%3A100%2C100italic%2C300%2C300italic%2Cregular%2Citalic%2C500%2C500italic%2C700%2C700italic%2C900%2C900italic|font_style:400%20regular%3A400%3Anormal&#8220;][vc_separator color=&#8220;custom&#8220; border_width=&#8220;2&#8243; el_width=&#8220;80&#8243;][vc_custom_heading text=&#8220;Nairobi \u21fe Masai Mara \u21fe Serengeti \u21fe Ngorongoro \u21fe Sansibar&#8220; font_container=&#8220;tag:h2|font_size:18|text_align:center|color:%23ffffff&#8220; google_fonts=&#8220;font_family:Roboto%3A100%2C100italic%2C300%2C300italic%2Cregular%2Citalic%2C500%2C500italic%2C700%2C700italic%2C900%2C900italic|font_style:400%20regular%3A400%3Anormal&#8220;][\/vc_column][\/vc_row][vc_row][vc_column css=&#8220;.vc_custom_1678178999567{border-top-width: 10px !important;border-right-width: 10px !important;border-bottom-width: 10px !important;border-left-width: 10px !important;}&#8220;][vc_tta_tabs shape=&#8220;square&#8220; color=&#8220;juicy-pink&#8220; alignment=&#8220;center&#8220; active_section=&#8220;1&#8243; no_fill_content_area=&#8220;true&#8220;][vc_tta_section title=&#8220;Programm&#8220; tab_id=&#8220;1633454673222-3d94f956-010c&#8220;][info_list_father listclr=&#8220;#f8f8f8&#8243;][info_list_son style=&#8220;icon&#8220; size=&#8220;15&#8243; width=&#8220;20&#8243; height=&#8220;20&#8243; titleclr=&#8220;#811a18&#8243; title=&#8220;TAG 1: NAIROBI FLUG ZUR MASAI MARA&#8220; icon=&#8220;fas fa-hiking&#8220; iconclr=&#8220;#811a18&#8243; lineheight=&#8220;2&#8243; iconbg=&#8220;#f8f8f8&#8243; borderclr=&#8220;#f8f8f8&#8243;]\n<ul>\n<li>Sie werden um 8.30 Uhr von Ihrem jeweiligen Hotel\/Flughafen in Nairobi abgeholt.<\/li>\n<li>Lassen Sie sich am Flughafen Wilson absetzen, um f\u00fcr Ihren Masai Mara-Flug einzuchecken.<\/li>\n<li>Flug nach Masai Mara (ca. 1 Stunde)<\/li>\n<li>Bei der Ankunft auf der Landebahn werden Sie von unserem Reiseleiter abgeholt und mit Pirschfahrten zum Camp gebracht.<\/li>\n<li>Mittagessen im Camp und Einchecken.<\/li>\n<li>Entspannen Sie sich, ruhen Sie sich einen Teil des Nachmittags aus und genie\u00dfen Sie die Annehmlichkeiten des Hotels wie Schwimmen usw.<\/li>\n<li>Machen Sie eine abendliche Pirschfahrt bis zum Sonnenuntergang.<\/li>\n<li>Abendessen und \u00dcbernachtung im Camp oder in der Lodge.<\/li>\n<\/ul>\n[\/info_list_son][info_list_son style=&#8220;icon&#8220; size=&#8220;15&#8243; width=&#8220;20&#8243; height=&#8220;20&#8243; titleclr=&#8220;#811a18&#8243; icon=&#8220;fas fa-hiking&#8220; iconclr=&#8220;#811a18&#8243; title=&#8220;TAG 2 &amp; 3: MASAI MARA PIRSCHFAHRTEN&#8220; lineheight=&#8220;2&#8243; iconbg=&#8220;#f8f8f8&#8243; borderclr=&#8220;#f8f8f8&#8243;]\n<ul>\n<li data-shorten=\"300\">Fr\u00fches Fr\u00fchst\u00fcck im Camp oder in der Lodge.<\/li>\n<li data-shorten=\"300\">Nach dem Fr\u00fchst\u00fcck brechen die G\u00e4ste am fr\u00fchen Morgen zu einem ganzen Tag in das <a href=\"https:\/\/www.safaribookings.com\/masai-mara\" rel=\"nofollow noopener\" target=\"_blank\">Masai Mara Nationalreservat<\/a> auf, um unter dem offenen Dach eines Tourfahrzeugs mit Lunchpaket nach den <a href=\"https:\/\/www.nationalgeographic.com\/animals\/article\/africa-big-five-safaris-lions\" rel=\"nofollow noopener\" target=\"_blank\">Big Five Afrikas<\/a> zu suchen, mit Lunchpaket, das als Picknick in der wilden Savanne serviert wird. Die <a href=\"https:\/\/www.nationalgeographic.com\/animals\/article\/africa-big-five-safaris-lions\" rel=\"nofollow noopener\" target=\"_blank\">Big Five Afrikas<\/a> sind der afrikanische Elefant, der L\u00f6we, das Nashorn, der B\u00fcffel und der Leopard sowie eine Vielzahl von Vogelarten von mehr als 200 Arten und Pflanzenfressern wie Zebras und Gnus in gro\u00dfer Zahl auf dem Weg zum <a href=\"https:\/\/en.wikipedia.org\/wiki\/Mara_River\" rel=\"nofollow noopener\" target=\"_blank\">Great Mara River<\/a> , wo jedes Jahr von Juli bis August das 8. Weltwunder stattfindet, das sogenannte <a href=\"https:\/\/www.masaimara.com\/great-migration-kenya.php#:~:text=Each%20year%2C%20over%20two%20million,an%20iconic%20safari%20must%2Dsee.\" rel=\"nofollow noopener\" target=\"_blank\">Great Wildebeest Migration<\/a>. Sie werden diese erstaunliche Tierwelt w\u00e4hrend der ganzt\u00e4gigen Pirschfahrt vom offenen Dach des Fahrzeugs aus beobachten, um bis zum sp\u00e4ten Nachmittag eine herrliche Aussicht zu genie\u00dfen und Fotos zu machen.  <\/li>\n<li data-shorten=\"300\">R\u00fcckkehr zur Lodge zum Abendessen und \u00dcbernachtung im Camp oder in der Lodge.<\/li>\n<\/ul>\n[\/info_list_son][info_list_son style=&#8220;icon&#8220; size=&#8220;15&#8243; width=&#8220;20&#8243; height=&#8220;20&#8243; titleclr=&#8220;#811a18&#8243; icon=&#8220;fas fa-hiking&#8220; iconclr=&#8220;#811a18&#8243; title=&#8220;TAG 4: MASAI MARA ZUR SERENGETI&#8220; lineheight=&#8220;2&#8243; iconbg=&#8220;#f8f8f8&#8243; borderclr=&#8220;#f8f8f8&#8243;]\n<ul>\n<li>Fr\u00fches Fr\u00fchst\u00fcck im Camp oder in der Lodge.<\/li>\n<li>Checken Sie aus der Lodge aus und fahren Sie zur Landebahn der Masai Mara mit Pirschfahrten.<\/li>\n<li>Checken Sie f\u00fcr Ihren Flug in die Serengeti ein.<\/li>\n<li>Bei der Ankunft auf der Serengeti-Landebahn holt Sie unser anderer Guide aus dem Serengeti-Park ab und bringt Sie zum Camp, wo Sie zu Mittag essen und sich entspannen k\u00f6nnen.<\/li>\n<li>Entspannen Sie sich einen Teil des Nachmittags.<\/li>\n<li>Abendliche Pirschfahrten bis zum Sonnenuntergang.<\/li>\n<li>Abendessen und \u00dcbernachtung in der Lodge oder im Camp.<\/li>\n<\/ul>\n[\/info_list_son][info_list_son style=&#8220;icon&#8220; size=&#8220;15&#8243; width=&#8220;20&#8243; height=&#8220;20&#8243; titleclr=&#8220;#811a18&#8243; icon=&#8220;fas fa-hiking&#8220; iconclr=&#8220;#811a18&#8243; title=&#8220;TAG 5 &amp; 6: SERENGETI-PIRSCHFAHRTEN&#8220; lineheight=&#8220;2&#8243; iconbg=&#8220;#f8f8f8&#8243; borderclr=&#8220;#f8f8f8&#8243;]\n<ul>\n<li>Eine ganzt\u00e4gige Pirschfahrt, bei der wir dieses riesige Naturreservat erkunden.<\/li>\n<li>Es stehen Ihnen die M\u00f6glichkeit, Wildbeobachtungen am Vormittag und Nachmittag oder ganzt\u00e4gig zu machen.<\/li>\n<li>Die j\u00e4hrliche Wanderung der Gnus ist die ber\u00fchmteste Attraktion der Serengeti.<\/li>\n<li>Es ist auch die Heimat eines Rudels seiner L\u00f6wen, die mit Funksenderhalsb\u00e4ndern ausgestattet wurden, damit ihre Bewegungen verfolgt werden k\u00f6nnen.<\/li>\n<li>Zu den anderen Wildtieren, die Sie sehen k\u00f6nnen, geh\u00f6ren Geparden, Zebras, Giraffen, Thompson und Grant-Gazellen, Eland, Impalas, Klippspringer, Nilpferde und Warzenschweine.<\/li>\n<\/ul>\n[\/info_list_son][info_list_son style=&#8220;icon&#8220; size=&#8220;15&#8243; width=&#8220;20&#8243; height=&#8220;20&#8243; titleclr=&#8220;#811a18&#8243; icon=&#8220;fas fa-hiking&#8220; iconclr=&#8220;#811a18&#8243; title=&#8220;TAG 7: SERENGETI-FLUG ZUM NGORONGORO-KRATER&#8220; lineheight=&#8220;2&#8243; iconbg=&#8220;#f8f8f8&#8243; borderclr=&#8220;#f8f8f8&#8243;]\n<ul>\n<li>Fr\u00fches Fr\u00fchst\u00fcck im Camp oder in der Lodge.<\/li>\n<li>Checken Sie mit Gep\u00e4ck und Lunchpaketen aus und fahren Sie zum Serengeti-Flugplatz, um zu unserem n\u00e4chsten und letzten gro\u00dfartigen Ziel, dem Ngorongoro-Krater, zu fliegen.<\/li>\n<li>Der Flug dauert ca. 40 Minuten und bei der Ankunft wartet unser Guide darauf, Sie zu treffen und Sie zu Ihrem jeweiligen Camp oder Ihrer Lodge zu bringen.<\/li>\n<li>Mittagessen in der Lodge oder im Camp.<\/li>\n<li data-shorten=\"300\">Ruhen Sie sich einen Teil des Nachmittags zur freien Verf\u00fcgung aus, genie\u00dfen Sie die Annehmlichkeiten des Hotels und genie\u00dfen Sie den atemberaubenden Blick auf den Krater vom Camp oder der Lodge aus.<\/li>\n<\/ul>\n[\/info_list_son][info_list_son style=&#8220;icon&#8220; size=&#8220;15&#8243; width=&#8220;20&#8243; height=&#8220;20&#8243; titleclr=&#8220;#811a18&#8243; icon=&#8220;fas fa-hiking&#8220; iconclr=&#8220;#811a18&#8243; title=&#8220;TAG 8: NGORONGORO KRATER&#8220; lineheight=&#8220;2&#8243; iconbg=&#8220;#f8f8f8&#8243; borderclr=&#8220;#f8f8f8&#8243;]\n<ul>\n<li>Fr\u00fchst\u00fcck in der Lodge.<\/li>\n<li>Sp\u00e4ter steigen Sie auf den Boden des Kraters hinab, um in diesem einzigartigen Caldera-Park Wild zu beobachten.<\/li>\n<li>Wir halten Ausschau nach Nash\u00f6rnern, L\u00f6wen, Elefanten, Leoparden, Geparden, B\u00fcffeln und Nilpferden.<\/li>\n<li>Sp\u00e4ter steigen wir zum Kraterrand auf, um im Camp zu Mittag zu essen.<\/li>\n<li>Mach sp\u00e4ter ein paar Naturwanderungen rund um den Krater und zur\u00fcck zum Camp.<\/li>\n<li>Werfen Sie einen Blick auf die herrlichsten Sonnenunterg\u00e4nge Afrikas vom Kraterrand aus!<\/li>\n<li>R\u00fcckkehr zur Lodge oder zum Camp zum Abendessen und zur \u00dcbernachtung.<\/li>\n<\/ul>\n[\/info_list_son][info_list_son style=&#8220;icon&#8220; size=&#8220;15&#8243; width=&#8220;20&#8243; height=&#8220;20&#8243; titleclr=&#8220;#811a18&#8243; icon=&#8220;fas fa-hiking&#8220; iconclr=&#8220;#811a18&#8243; title=&#8220;TAG 9: NGORONGORO FLUG NACH SANSIBAR&#8220; lineheight=&#8220;2&#8243; iconbg=&#8220;#f8f8f8&#8243; borderclr=&#8220;#f8f8f8&#8243;]\n<ul>\n<li>Blick auf den Sonnenaufgang vom Kraterrand.<\/li>\n<li>Genie\u00dfen Sie Ihr morgendliches Fr\u00fchst\u00fcck in der Lodge und checken Sie sp\u00e4ter aus und fahren Sie zum Manyara Airstrip, um nach Arusha zu fliegen und den Sansibar-Flug zu erreichen.<\/li>\n<li>Bei Ihrer Ankunft auf Sansibar wartet unser Team darauf, Sie auf dieser wundersch\u00f6nen Insel Sansibar zu treffen und willkommen zu hei\u00dfen, w\u00e4hrend sie Sie entlang der Sandstr\u00e4nde zu Ihrem Resort bringen.<\/li>\n<li>Bei der Ankunft im Resort checken Sie ein und genie\u00dfen Sie die Ruhe einen Teil des Nachmittags am Strand oder in der Freizeit des Resorts.<\/li>\n<li>Abendessen und \u00dcbernachtung im Resort.<\/li>\n<\/ul>\n[\/info_list_son][info_list_son style=&#8220;icon&#8220; size=&#8220;15&#8243; width=&#8220;20&#8243; height=&#8220;20&#8243; titleclr=&#8220;#811a18&#8243; icon=&#8220;fas fa-hiking&#8220; iconclr=&#8220;#811a18&#8243; title=&#8220;TAG 10 &amp; 11: SANSIBAR ZUR FREIEN VERF\u00dcGUNG&#8220; lineheight=&#8220;2&#8243; iconbg=&#8220;#f8f8f8&#8243; borderclr=&#8220;#f8f8f8&#8243;]\n<ul>\n<li>Nach dem Fr\u00fchst\u00fcck haben die G\u00e4ste die Wahl zwischen einer Tour entlang der Sandstr\u00e4nde am Rande des Hotels.<\/li>\n<li>Wenn Sie auch m\u00f6chten, k\u00f6nnen Sie sich entspannen und die Annehmlichkeiten des Hotels wie Schwimmen im Hotel und die im Hotel angebotenen Aktivit\u00e4ten auf eigene Kosten genie\u00dfen, wenn dies berechnet wird.<\/li>\n<\/ul>\n[\/info_list_son][info_list_son style=&#8220;icon&#8220; size=&#8220;15&#8243; width=&#8220;20&#8243; height=&#8220;20&#8243; titleclr=&#8220;#811a18&#8243; icon=&#8220;fas fa-hiking&#8220; iconclr=&#8220;#811a18&#8243; title=&#8220;TAG 12: SANSIBAR FLIEG ZUR\u00dcCK NACH HAUSE&#8220; lineheight=&#8220;2&#8243; iconbg=&#8220;#f8f8f8&#8243; borderclr=&#8220;#f8f8f8&#8243;]\n<ul>\n<li>Fr\u00fches Fr\u00fchst\u00fcck im Camp oder in der Lodge.<\/li>\n<li>Fahren Sie sp\u00e4ter zum Flughafen, um Ihren internationalen Flug nach Hause zu erreichen.<\/li>\n<\/ul>\n[\/info_list_son][\/info_list_father][\/vc_tta_section][vc_tta_section title=&#8220;Grundsteuer&#8220; tab_id=&#8220;1633454673248-4ec9e207-8783&#8243;][vc_column_text]\n<div>\n<h3>Wichtig zu wissen:<\/h3>\n<ul>\n<li>Alle unsere Safaris finden auf privater Basis statt.<\/li>\n<li>Kinder zwischen 0 \u2013 2 Jahren sind kostenlos.<\/li>\n<li>Kinder von 3 \u2013 12 Jahren zahlen 50% des Erwachsenenpreises, wenn sie im selben Zimmer mit Erwachsenen \u00fcbernachten.<\/li>\n<li>Kinder von 3 \u2013 12 Jahren zahlen 75% des Erwachsenenpreises, wenn sie in einem separaten Zimmer von Erwachsenen \u00fcbernachten.<\/li>\n<li>Kinder \u00fcber 12 Jahre werden in den Camps und Lodges als Erwachsene anerkannt.<\/li>\n<\/ul>\n<\/div>\n<h3><\/h3>\n<h3>Preise pro Person<\/h3>\n<h3 style=\"text-align: center;\">wpDataTable mit angegebener ID nicht gefunden!<\/h3>\n<p style=\"text-align: center;\"><span style=\"color: #6a2e2e;\">LUXUS (Angama Mara + Lemala Nanyukie \/ Lemala Ngorongoro + Melia Zanzibar)<\/span><\/p>\n<p style=\"text-align: center;\">wpDataTable mit angegebener ID nicht gefunden!\n<p>&nbsp;<\/p>\n<h3 style=\"text-align: center;\"><\/h3>\n<p style=\"text-align: center;\"><span style=\"color: #822659;\">SUPER LUXUS (Angama Mara + Four Seasons Serengeti + &amp; Beyond Ngorongoro + The Residence Zanzibar)<\/span><\/p>\n<p style=\"text-align: center;\">wpDataTable mit angegebener ID nicht gefunden!\n<h3><span style=\"font-size: 16px;\">Verzichtserkl\u00e4rung:<\/span><\/h3>\n<div>\n<ul>\n<li>Diese Tour wird von <a href=\"https:\/\/mufasatoursandtravels.com\/de\/\">Mufasa Tours and Travels<\/a> angeboten.<\/li>\n<li>Dieser Betreiber beh\u00e4lt sich das Recht vor, die Preise wie angek\u00fcndigt zu \u00e4ndern.<\/li>\n<li>Wenn Sie \u00c4nderungen an dieser Tour w\u00fcnschen, \u00e4ndern sich wahrscheinlich die beworbenen Preise.<\/li>\n<li>Sollte eine Unterkunft ausgebucht sein, wird der Betreiber vergleichbare Alternativm\u00f6glichkeiten vorschlagen.<\/li>\n<li>Die genaue Reihenfolge, der Inhalt und die Preise dieser Tour unterliegen der Verf\u00fcgbarkeit.<\/li>\n<li>Diese Tour unterliegt den <a href=\"https:\/\/mufasatoursandtravels.com\/terms-and-conditions\/\">Allgemeinen Gesch\u00e4ftsbedingungen<\/a> von <a href=\"https:\/\/mufasatoursandtravels.com\/de\/\">Mufasa Tours and Travels.<\/a><\/li>\n<\/ul>\n<\/div>\n[\/vc_column_text][\/vc_tta_section][vc_tta_section title=&#8220;Inklusive\/Exklusiv&#8220; tab_id=&#8220;1633455601016-f93699bc-5d92&#8243;][vc_row_inner][vc_column_inner width=&#8220;1\/2&#8243;][info_list_father listclr=&#8220;#f8f8f8&#8243;][info_list_son style=&#8220;icon&#8220; size=&#8220;15&#8243; width=&#8220;20&#8243; height=&#8220;20&#8243; titleclr=&#8220;#890000&#8243; icon=&#8220;fas fa-plane-departure&#8220; iconclr=&#8220;#890000&#8243; title=&#8220;IINKLUSIVE&#8220; lineheight=&#8220;2&#8243; borderclr=&#8220;#f8f8f8&#8243; iconbg=&#8220;#f8f8f8&#8243;]\n<ul>\n<li>Parkgeb\u00fchren f\u00fcr den Park angegeben.<\/li>\n<li>Transport in einem offenen Landcruiser.<\/li>\n<li>Pirschfahrten wie im Programm geplant.<\/li>\n<li>Service eines professionellen Fahrerf\u00fchrers.<\/li>\n<li>Mahlzeiten mit Vollpension in der Lodge\/ im Camp.<\/li>\n<li>11 \u00dcbernachtungen im jeweils angegebenen Hotel.<\/li>\n<li>Inlandsfl\u00fcge wie im Programm geplant<\/li>\n<\/ul>\n[\/info_list_son][\/info_list_father][\/vc_column_inner][vc_column_inner width=&#8220;1\/2&#8243;][info_list_father listclr=&#8220;#f8f8f8&#8243;][info_list_son style=&#8220;icon&#8220; size=&#8220;15&#8243; width=&#8220;20&#8243; height=&#8220;20&#8243; titleclr=&#8220;#890000&#8243; icon=&#8220;fas fa-plane-arrival&#8220; iconclr=&#8220;#890000&#8243; title=&#8220;AUSGESCHLOSSEN&#8220; lineheight=&#8220;2&#8243; borderclr=&#8220;#f8f8f8&#8243; iconbg=&#8220;#f8f8f8&#8243;]\n<ul>\n<li>Kultureller Besuch des Masai-Dorfes.<\/li>\n<li>Tipps zum Fahrerf\u00fchrer (<strong>Sehr empfehlenswert<\/strong>).<\/li>\n<li>Pers\u00f6nliche Gegenst\u00e4nde (Souvenirs, Reiseversicherungen, Visageb\u00fchren usw.).<\/li>\n<li>Zus\u00e4tzliche Unterkunft vor und am Ende der Tour.<\/li>\n<li>Die Regierung verh\u00e4ngte eine Erh\u00f6hung der Steuern und\/oder Parkgeb\u00fchren.<\/li>\n<li>Hei\u00dfluftballonfahrten @ $ 450 pro Erwachsener \/ $ 350 pro Kind (<strong>unter 18 Jahren<\/strong>) in Kenia.<\/li>\n<li>Visageb\u00fchren f\u00fcr Kenia nach Tansania in H\u00f6he von 100 USD pro Person<\/li>\n<li>Die Freigep\u00e4ckmenge ist <strong>STRENG<\/strong> auf 15 kg pro Person begrenzt.<\/li>\n<li>Kleinkinder, die nicht f\u00fcr einen Sitzplatz bezahlen, haben KEINEN Anspruch auf Freigep\u00e4ck.<\/li>\n<\/ul>\n[\/info_list_son][\/info_list_father][\/vc_column_inner][\/vc_row_inner][\/vc_tta_section][vc_tta_section title=&#8220;Landkarte&#8220; tab_id=&#8220;1633892890537-5637ec0b-4c69&#8243;][vc_gmaps link=&#8220;#E-8_JTNDaWZyYW1lJTIwc3JjJTNEJTIyaHR0cHMlM0ElMkYlMkZ3d3cuZ29vZ2xlLmNvbSUyRm1hcHMlMkZlbWJlZCUzRnBiJTNEJTIxMW0xOCUyMTFtMTIlMjExbTMlMjExZDYzMDQuODI5OTg2MTMxMjcxJTIxMmQtMTIyLjQ3NDY5NjgwMzMwOTIlMjEzZDM3LjgwMzc0NzUyMTYwNDQzJTIxMm0zJTIxMWYwJTIxMmYwJTIxM2YwJTIxM20yJTIxMWkxMDI0JTIxMmk3NjglMjE0ZjEzLjElMjEzbTMlMjExbTIlMjExczB4ODA4NTg2ZTYzMDI2MTVhMSUyNTNBMHg4NmJkMTMwMjUxNzU3YzAwJTIxMnNTdG9yZXklMkJBdmUlMjUyQyUyQlNhbiUyQkZyYW5jaXNjbyUyNTJDJTJCQ0ElMkI5NDEyOSUyMTVlMCUyMTNtMiUyMTFzZW4lMjEyc3VzJTIxNHYxNDM1ODI2NDMyMDUxJTIyJTIwd2lkdGglM0QlMjI2MDAlMjIlMjBoZWlnaHQlM0QlMjI0NTAlMjIlMjBmcmFtZWJvcmRlciUzRCUyMjAlMjIlMjBzdHlsZSUzRCUyMmJvcmRlciUzQTAlMjIlMjBhbGxvd2Z1bGxzY3JlZW4lM0QlMjIlMjIlM0UlM0MlMkZpZnJhbWUlM0U=&#8220;][\/vc_tta_section][\/vc_tta_tabs][\/vc_column][\/vc_row]\n","protected":false},"excerpt":{"rendered":"<p>[vc_row full_width=&#8220;stretch_row&#8220; gap=&#8220;1&#8243;][vc_column parallax=&#8220;content-moving&#8220; parallax_image=&#8220;11238&#8243; parallax_speed_bg=&#8220;1.9&#8243; css=&#8220;.vc_custom_1687333893434{padding-top: 80px !important;padding-right: 80px !important;padding-bottom: 80px !important;padding-left: 80px !important;}&#8220;][vc_custom_heading text=&#8220;KENIA TANSANIA GRANDEUR SAFARI&#8220; font_container=&#8220;tag:h1|font_size:32|text_align:center|color:%23ffffff&#8220; google_fonts=&#8220;font_family:Roboto%3A100%2C100italic%2C300%2C300italic%2Cregular%2Citalic%2C500%2C500italic%2C700%2C700italic%2C900%2C900italic|font_style:400%20regular%3A400%3Anormal&#8220;][vc_separator color=&#8220;custom&#8220; border_width=&#8220;2&#8243; el_width=&#8220;80&#8243;][vc_custom_heading text=&#8220;Nairobi \u21fe Masai Mara \u21fe Serengeti \u21fe Ngorongoro \u21fe Sansibar&#8220; font_container=&#8220;tag:h2|font_size:18|text_align:center|color:%23ffffff&#8220; google_fonts=&#8220;font_family:Roboto%3A100%2C100italic%2C300%2C300italic%2Cregular%2Citalic%2C500%2C500italic%2C700%2C700italic%2C900%2C900italic|font_style:400%20regular%3A400%3Anormal&#8220;][\/vc_column][\/vc_row][vc_row][vc_column css=&#8220;.vc_custom_1678178999567{border-top-width: 10px !important;border-right-width: 10px !important;border-bottom-width: 10px !important;border-left-width: 10px !important;}&#8220;][vc_tta_tabs shape=&#8220;square&#8220; color=&#8220;juicy-pink&#8220; alignment=&#8220;center&#8220; active_section=&#8220;1&#8243; no_fill_content_area=&#8220;true&#8220;][vc_tta_section title=&#8220;Programm&#8220; tab_id=&#8220;1633454673222-3d94f956-010c&#8220;][info_list_father listclr=&#8220;#f8f8f8&#8243;][info_list_son style=&#8220;icon&#8220; size=&#8220;15&#8243; [&hellip;]<\/p>\n","protected":false},"author":4,"featured_media":0,"parent":27963,"menu_order":4,"comment_status":"closed","ping_status":"closed","template":"","meta":{"_themeisle_gutenberg_block_has_review":false,"footnotes":""},"class_list":["post-30756","page","type-page","status-publish","hentry"],"_links":{"self":[{"href":"https:\/\/mufasatoursandtravels.com\/de\/wp-json\/wp\/v2\/pages\/30756","targetHints":{"allow":["GET"]}}],"collection":[{"href":"https:\/\/mufasatoursandtravels.com\/de\/wp-json\/wp\/v2\/pages"}],"about":[{"href":"https:\/\/mufasatoursandtravels.com\/de\/wp-json\/wp\/v2\/types\/page"}],"author":[{"embeddable":true,"href":"https:\/\/mufasatoursandtravels.com\/de\/wp-json\/wp\/v2\/users\/4"}],"replies":[{"embeddable":true,"href":"https:\/\/mufasatoursandtravels.com\/de\/wp-json\/wp\/v2\/comments?post=30756"}],"version-history":[{"count":1,"href":"https:\/\/mufasatoursandtravels.com\/de\/wp-json\/wp\/v2\/pages\/30756\/revisions"}],"predecessor-version":[{"id":30758,"href":"https:\/\/mufasatoursandtravels.com\/de\/wp-json\/wp\/v2\/pages\/30756\/revisions\/30758"}],"up":[{"embeddable":true,"href":"https:\/\/mufasatoursandtravels.com\/de\/wp-json\/wp\/v2\/pages\/27963"}],"wp:attachment":[{"href":"https:\/\/mufasatoursandtravels.com\/de\/wp-json\/wp\/v2\/media?parent=30756"}],"curies":[{"name":"wp","href":"https:\/\/api.w.org\/{rel}","templated":true}]}}