{"id":30757,"date":"2022-03-08T10:19:59","date_gmt":"2022-03-08T07:19:59","guid":{"rendered":"https:\/\/mufasatoursandtravels.com\/kenia-tansania-sansibar-safaris\/silver-connect-private-safaris\/atemberaubende-afrika-safari\/"},"modified":"2025-04-08T12:06:56","modified_gmt":"2025-04-08T09:06:56","slug":"atemberaubende-afrika-safari","status":"publish","type":"page","link":"https:\/\/mufasatoursandtravels.com\/de\/kenia-tansania-sansibar-safaris\/atemberaubende-afrika-safari\/","title":{"rendered":"Atemberaubende Afrika-Safari"},"content":{"rendered":"[vc_row full_width=&#8220;stretch_row&#8220; gap=&#8220;1&#8243;][vc_column parallax=&#8220;content-moving&#8220; parallax_image=&#8220;11107&#8243; parallax_speed_bg=&#8220;1.7&#8243; css=&#8220;.vc_custom_1691132642508{padding-top: 80px !important;padding-right: 80px !important;padding-bottom: 80px !important;padding-left: 80px !important;}&#8220;][vc_custom_heading text=&#8220;ATEMBERAUBENDE AFRIKA-SAFARI&#8220; font_container=&#8220;tag:h1|font_size:32|text_align:center|color:%23ffffff&#8220; google_fonts=&#8220;font_family:Roboto%3A100%2C100italic%2C300%2C300italic%2Cregular%2Citalic%2C500%2C500italic%2C700%2C700italic%2C900%2C900italic|font_style:400%20regular%3A400%3Anormal&#8220;][vc_separator color=&#8220;custom&#8220; border_width=&#8220;2&#8243; el_width=&#8220;80&#8243; accent_color=&#8220;#f8f8f8&#8243;][vc_custom_heading text=&#8220;L.Nakuru \u21fe Masai Mara \u21fe Serengeti \u21fe Ngorongoro \u21fe L.Manyara \u21fe Amboseli \u21fe Diani Strand&#8220; font_container=&#8220;tag:h2|font_size:18|text_align:center|color:%23ffffff&#8220; google_fonts=&#8220;font_family:Roboto%3A100%2C100italic%2C300%2C300italic%2Cregular%2Citalic%2C500%2C500italic%2C700%2C700italic%2C900%2C900italic|font_style:400%20regular%3A400%3Anormal&#8220;][\/vc_column][\/vc_row][vc_row][vc_column css=&#8220;.vc_custom_1678181996556{border-top-width: 10px !important;border-right-width: 10px !important;border-bottom-width: 10px !important;border-left-width: 10px !important;}&#8220;][vc_tta_tabs shape=&#8220;square&#8220; color=&#8220;juicy-pink&#8220; alignment=&#8220;center&#8220; active_section=&#8220;1&#8243; no_fill_content_area=&#8220;true&#8220;][vc_tta_section title=&#8220;Programm&#8220; tab_id=&#8220;1633454673222-3d94f956-010c&#8220;][info_list_father listwidth=&#8220;0.5&#8243; listclr=&#8220;#f8f8f8&#8243;][info_list_son style=&#8220;icon&#8220; size=&#8220;20&#8243; width=&#8220;20&#8243; height=&#8220;20&#8243; titleclr=&#8220;#811a18&#8243; title=&#8220;TAG 1: NAIROBI ZUM LAKE NAKURU&#8220; icon=&#8220;fas fa-hiking&#8220; iconclr=&#8220;#811a18&#8243; lineheight=&#8220;2&#8243; iconbg=&#8220;#f8f8f8&#8243; borderclr=&#8220;#f8f8f8&#8243;]\n<ul>\n<li>Sie werden um 7.00 Uhr von Ihrem Hotel oder Flughafen in Nairobi abgeholt.<\/li>\n<li>Fahren Sie \u00fcber <a href=\"https:\/\/en.wikipedia.org\/wiki\/Great_Rift_Valley\" rel=\"nofollow noopener\" target=\"_blank\">das Great Rift Valley<\/a>, halten Sie etwa 15 Minuten an und machen Sie Fotos, w\u00e4hrend wir zum Lake Nakuru fahren.<\/li>\n<li>Ankunft im Camp oder in der Lodge zum Mittagessen und Einchecken.<\/li>\n<li>Nach dem Mittagessen und der Entspannung geht es am Nachmittag zu einer Pirschfahrt im <a href=\"http:\/\/www.kws.go.ke\/lake-nakuru-national-park\" rel=\"nofollow noopener\" target=\"_blank\">Lake Nakuru Nationalpark<\/a><\/li>\n<li>Er ist auch bekannt f\u00fcr seine ber\u00fchmten Arten wie Spitzmaulnash\u00f6rner, L\u00f6wen, Rothschild-Giraffen und andere Wildtiere, die sich bis zum Sonnenuntergang im Park aufhalten.<\/li>\n<li>R\u00fcckkehr zur Lodge f\u00fcr das Abendessen und die \u00dcbernachtung.<\/li>\n<\/ul>\n[\/info_list_son][info_list_son style=&#8220;icon&#8220; size=&#8220;20&#8243; width=&#8220;20&#8243; height=&#8220;20&#8243; titleclr=&#8220;#811a18&#8243; icon=&#8220;fas fa-hiking&#8220; iconclr=&#8220;#811a18&#8243; title=&#8220;TAG 2: LAKE NAKURU NACH MASAI MARA&#8220; lineheight=&#8220;2&#8243;]\n<ul>\n<li>Fr\u00fches Fr\u00fchst\u00fcck im Camp oder in der Lodge.<\/li>\n<li>Checken Sie aus der Lodge aus und fahren Sie zur Masai Mara, die 5-6 Stunden Fahrt entfernt ist.<\/li>\n<li>Ankunft im Camp oder in der Lodge zum Mittagessen und Einchecken.<\/li>\n<li>Nach dem Mittagessen und der Entspannung geht es am Nachmittag zu einer Pirschfahrt im <a href=\"https:\/\/www.safaribookings.com\/masai-mara\" rel=\"nofollow noopener\" target=\"_blank\">Masai Mara National Reserve<\/a> bis sp\u00e4t in den Sonnenuntergang, wo Sie verschiedene weite Grasebenen und verstreute Akazienb\u00fcsche sehen k\u00f6nnen, die eine Vielzahl von Wildtieren der BIG FIVE wie L\u00f6wen, Leoparden, Geparden, Hy\u00e4nen, B\u00fcffel, Giraffen,  Elefanten, das vom Aussterben bedrohte Spitzmaulnashorn und Gnus mit weit ge\u00f6ffnetem Dach.<\/li>\n<li>R\u00fcckkehr zur Lodge\/zum Camp zum Abendessen und zur \u00dcbernachtung.<\/li>\n<\/ul>\n[\/info_list_son][info_list_son style=&#8220;icon&#8220; size=&#8220;20&#8243; width=&#8220;20&#8243; height=&#8220;20&#8243; titleclr=&#8220;#811a18&#8243; icon=&#8220;fas fa-hiking&#8220; iconclr=&#8220;#811a18&#8243; title=&#8220;TAG 3: PIRSCHFAHRTEN IN DER MASAI MARA&#8220; lineheight=&#8220;2&#8243; iconbg=&#8220;#f8f8f8&#8243; borderclr=&#8220;#f8f8f8&#8243;]\n<ul>\n<li data-shorten=\"300\">Fr\u00fches Fr\u00fchst\u00fcck im Camp oder in der Lodge.<\/li>\n<li data-shorten=\"300\">Nach dem Fr\u00fchst\u00fcck brechen die G\u00e4ste am fr\u00fchen Morgen zu einem ganzen Tag in das <a href=\"https:\/\/www.safaribookings.com\/masai-mara\" rel=\"nofollow noopener\" target=\"_blank\">Masai Mara Nationalreservat<\/a> auf, um unter dem offenen Dach eines Tourfahrzeugs mit Lunchpaket nach den <a href=\"https:\/\/www.nationalgeographic.com\/animals\/article\/africa-big-five-safaris-lions\" rel=\"nofollow noopener\" target=\"_blank\">Big Five Afrikas<\/a> zu suchen, mit Lunchpaket, das als Picknick in der wilden Savanne serviert wird. Die <a href=\"https:\/\/www.nationalgeographic.com\/animals\/article\/africa-big-five-safaris-lions\" rel=\"nofollow noopener\" target=\"_blank\">Big Five Afrikas<\/a> sind der afrikanische Elefant, der L\u00f6we, das Nashorn, der B\u00fcffel und der Leopard sowie eine Vielzahl von Vogelarten von mehr als 200 Arten und Pflanzenfressern wie Zebras und Gnus in gro\u00dfer Zahl auf dem Weg zum <a href=\"https:\/\/en.wikipedia.org\/wiki\/Mara_River\" rel=\"nofollow noopener\" target=\"_blank\">Great Mara River<\/a> , wo jedes Jahr von Juli bis August das 8. Weltwunder stattfindet, das sogenannte <a href=\"https:\/\/www.masaimara.com\/great-migration-kenya.php#:~:text=Each%20year%2C%20over%20two%20million,an%20iconic%20safari%20must%2Dsee.\" rel=\"nofollow noopener\" target=\"_blank\">Great Wildebeest Migration<\/a>. Sie werden diese erstaunliche Tierwelt w\u00e4hrend der ganzt\u00e4gigen Pirschfahrt vom offenen Dach des Fahrzeugs aus beobachten, um bis zum sp\u00e4ten Nachmittag eine herrliche Aussicht zu genie\u00dfen und Fotos zu machen.  <\/li>\n<li data-shorten=\"300\">R\u00fcckkehr zur Lodge zum Abendessen und \u00dcbernachtung im Camp oder in der Lodge.<\/li>\n<\/ul>\n[\/info_list_son][info_list_son style=&#8220;icon&#8220; size=&#8220;20&#8243; width=&#8220;20&#8243; height=&#8220;20&#8243; titleclr=&#8220;#811a18&#8243; icon=&#8220;fas fa-hiking&#8220; iconclr=&#8220;#811a18&#8243; title=&#8220;TAG 4: MASAI MARA ZUM SERENGETI NATIONALPARK&#8220; lineheight=&#8220;2&#8243; iconbg=&#8220;#f8f8f8&#8243; borderclr=&#8220;#f8f8f8&#8243;]\n<ul>\n<li>Fr\u00fches Fr\u00fchst\u00fcck im Camp oder in der Lodge.<\/li>\n<li>Checken Sie mit Gep\u00e4ck und Lunchpaketen aus und fahren Sie in Richtung der Grenze zwischen Kenia und Tansania, die eine 4-st\u00fcndige Fahrt ist.<\/li>\n<li>Kommen Sie um 11.00 Uhr an der Grenze von Isebania an, checken Sie bei der Einwanderungsbeh\u00f6rde ein und verzichten Sie auf alle Formalit\u00e4ten, um nach Tansania zu gelangen.<\/li>\n<li>Unser tansanischer Fahrerf\u00fchrer holt Sie ab und f\u00e4hrt zum Serengeti-Nationalpark, der an das Masai Mara Nationalreservat grenzt, mit Pirschfahrten auf dem Weg zum Camp, wo Sie zum Abendessen einchecken und im Camp \u00fcbernachten k\u00f6nnen<\/li>\n<\/ul>\n[\/info_list_son][info_list_son style=&#8220;icon&#8220; size=&#8220;20&#8243; width=&#8220;20&#8243; height=&#8220;20&#8243; titleclr=&#8220;#811a18&#8243; icon=&#8220;fas fa-hiking&#8220; iconclr=&#8220;#811a18&#8243; title=&#8220;TAG 5-6: SERENGETI-PIRSCHFAHRTEN&#8220; lineheight=&#8220;2&#8243; iconbg=&#8220;#f8f8f8&#8243; borderclr=&#8220;#f8f8f8&#8243;]\n<ul>\n<li>Bei einer ganzt\u00e4gigen Pirschbeobachtungsfahrt erkunden wir dieses riesige Naturreservat.<\/li>\n<li>Es stehen Ihnen die M\u00f6glichkeit, Wildbeobachtungen am Vormittag und Nachmittag oder ganzt\u00e4gig zu machen.<\/li>\n<li>Die j\u00e4hrliche Wanderung der Gnus ist die ber\u00fchmteste Attraktion der Serengeti.<\/li>\n<li>Es ist auch die Heimat eines Rudels seiner L\u00f6wen, die mit Funksenderhalsb\u00e4ndern ausgestattet wurden, damit ihre Bewegungen verfolgt werden k\u00f6nnen.<\/li>\n<li>Zu den anderen Wildtieren, die Sie sehen k\u00f6nnen, geh\u00f6ren Geparden, Zebras, Giraffen, Thompson und Grant-Gazellen, Eland, Impalas, Klippspringer, Nilpferde und Warzenschweine.<\/li>\n<\/ul>\n[\/info_list_son][info_list_son style=&#8220;icon&#8220; size=&#8220;20&#8243; width=&#8220;20&#8243; height=&#8220;20&#8243; titleclr=&#8220;#811a18&#8243; icon=&#8220;fas fa-hiking&#8220; iconclr=&#8220;#811a18&#8243; title=&#8220;TAG 7: SERENGETI ZUM NGORONGORO-KRATER&#8220; lineheight=&#8220;2&#8243; iconbg=&#8220;#f8f8f8&#8243; borderclr=&#8220;#f8f8f8&#8243;]\n<ul>\n<li>Verlassen Sie die Serengeti mit einer Pirschbeobachtungsfahrt auf dem Weg.<\/li>\n<li>Steigen Sie auf den Boden des Ngorongoro-Kraters hinab, um in diesem einzigartigen Caldera-Park Wild zu beobachten.<\/li>\n<li>Wir halten Ausschau nach Nashorn, L\u00f6wen, Elefanten, Leoparden, Geparden, B\u00fcffeln und Nilpferden.<\/li>\n<li>Sp\u00e4ter steigen wir zum Kraterrand auf<\/li>\n<li>Werfen Sie einen Blick auf die herrlichsten Sonnenunterg\u00e4nge Afrikas vom Kraterrand aus!<\/li>\n<\/ul>\n[\/info_list_son][info_list_son style=&#8220;icon&#8220; size=&#8220;20&#8243; width=&#8220;20&#8243; height=&#8220;20&#8243; titleclr=&#8220;#811a18&#8243; icon=&#8220;fas fa-hiking&#8220; iconclr=&#8220;#811a18&#8243; title=&#8220;TAG 8: NGORONGORO ZUM LAKE MANYARA&#8220; lineheight=&#8220;2&#8243; iconbg=&#8220;#f8f8f8&#8243; borderclr=&#8220;#f8f8f8&#8243;]\n<ul>\n<li>Fr\u00fches Vorfr\u00fchst\u00fcck im Camp und Entspannung im Camp am Morgen des Camps.<\/li>\n<li>Fahren Sie weiter zum Lake Manyara, wo Sie Wildtiere auf der Suche nach den ber\u00fchmten baumkletternden L\u00f6wen und gro\u00dfen Flamingoschw\u00e4rmen beobachten k\u00f6nnen.<\/li>\n<li>Der Lake Manyara Nationalpark ist klein und landschaftlich reizvoll<\/li>\n<\/ul>\n[\/info_list_son][info_list_son style=&#8220;icon&#8220; size=&#8220;20&#8243; width=&#8220;20&#8243; height=&#8220;20&#8243; titleclr=&#8220;#811a18&#8243; icon=&#8220;fas fa-hiking&#8220; iconclr=&#8220;#811a18&#8243; title=&#8220;TAG 9: LAKE MANYARA NACH AMBOSELI&#8220; lineheight=&#8220;2&#8243; iconbg=&#8220;#f8f8f8&#8243; borderclr=&#8220;#f8f8f8&#8243;]\n<ul>\n<li>Nach dem Fr\u00fchst\u00fcck \u2013 Abfahrt nach Arusha<\/li>\n<li>Fahren Sie mit Lunchpaketen zur Namanga-Grenze.<\/li>\n<li>Kommen Sie in Namanga an und erledigen Sie die Einwanderungsformalit\u00e4ten und unser kenianischer Fahrerf\u00fchrer wartet auf Sie, um nach Amboseli zu fahren.<\/li>\n<li>Machen Sie eine Pirschfahrt am Nachmittag von 15.30 Uhr bis Sonnenuntergang. Gekr\u00f6nt vom <a href=\"https:\/\/en.wikipedia.org\/wiki\/Mount_Kilimanjaro\" rel=\"nofollow noopener\" target=\"_blank\">Kilimandscharo<\/a>, dem h\u00f6chsten Berg Afrikas. Der <a href=\"http:\/\/www.kws.go.ke\/amboseli-national-park\" rel=\"nofollow noopener\" target=\"_blank\">Amboseli Nationalpark<\/a> ist einer der beliebtesten Parks Kenias. Der Name &#8222;Amboseli&#8220; stammt von einem Massai-Wort, das &#8222;salziger Staub&#8220; bedeutet, und es ist einer der besten Orte in Afrika, um gro\u00dfe Elefantenherden aus n\u00e4chster N\u00e4he zu beobachten.   <\/li>\n<li>R\u00fcckkehr zur Lodge f\u00fcr das Abendessen und die \u00dcbernachtung.<\/li>\n<\/ul>\n[\/info_list_son][info_list_son style=&#8220;icon&#8220; size=&#8220;20&#8243; width=&#8220;20&#8243; height=&#8220;20&#8243; titleclr=&#8220;#811a18&#8243; icon=&#8220;fas fa-hiking&#8220; iconclr=&#8220;#811a18&#8243; title=&#8220;TAG 10: AMBOSELI NACH DIANI STRAND&#8220; lineheight=&#8220;2&#8243; iconbg=&#8220;#f8f8f8&#8243; borderclr=&#8220;#f8f8f8&#8243;]\n<ul>\n<li>Nach dem Fr\u00fchst\u00fcck \u2013 Abfahrt nach Arusha<\/li>\n<li>Fahren Sie weiter zum Bahnhof Emali.<\/li>\n<li>Steigen Sie in den Zug nach Mombasa, der 5 Stunden dauert, und kommen Sie um 14 Uhr am Mombasa Terminus an.<\/li>\n<li>Unser Firmenvertreter holt Sie ab und bringt Sie zu Ihrem Strandresort am Strand von Diani.<\/li>\n<li>Abendessen und \u00dcbernachtung im Resort.<\/li>\n<\/ul>\n[\/info_list_son][info_list_son style=&#8220;icon&#8220; size=&#8220;20&#8243; width=&#8220;20&#8243; height=&#8220;20&#8243; titleclr=&#8220;#811a18&#8243; icon=&#8220;fas fa-hiking&#8220; iconclr=&#8220;#811a18&#8243; title=&#8220;TAG 11-13: ENTSPANNUNG AM STRAND VON DIANI&#8220; lineheight=&#8220;2&#8243; iconbg=&#8220;#f8f8f8&#8243; borderclr=&#8220;#f8f8f8&#8243;]\n<ul>\n<li>Nach dem Fr\u00fchst\u00fcck haben die G\u00e4ste die Wahl, eine Tour entlang der Sandstr\u00e4nde am Rande des Hotels zu unternehmen oder eine Tour ins Stadtzentrum von Mombasa zu unternehmen, wo sie Fort Jesus, Haller Park, Old Mombasa Town und viele andere gro\u00dfartige Landschaften der Stadt besuchen k\u00f6nnen.<\/li>\n<li>Wenn Sie auch m\u00f6chten, k\u00f6nnen Sie sich entspannen und die Annehmlichkeiten des Hotels wie Schwimmen im Hotel und die im Hotel angebotenen Aktivit\u00e4ten auf eigene Kosten genie\u00dfen, wenn dies berechnet wird.<\/li>\n<\/ul>\n[\/info_list_son][info_list_son style=&#8220;icon&#8220; size=&#8220;20&#8243; width=&#8220;20&#8243; height=&#8220;20&#8243; titleclr=&#8220;#811a18&#8243; icon=&#8220;fas fa-hiking&#8220; iconclr=&#8220;#811a18&#8243; title=&#8220;TAG 14: DIANI BEACH FLUG ZUR\u00dcCK NACH NAIROBI&#8220; lineheight=&#8220;2&#8243; iconbg=&#8220;#f8f8f8&#8243; borderclr=&#8220;#f8f8f8&#8243;]\n<ul>\n<li>Nach dem Fr\u00fchst\u00fcck checken Sie aus und warten auf unseren Firmenwagen, der Sie abholt und zum Flughafen bringt, um einen Flug oder Zug nach Nairobi zu besteigen.<\/li>\n<li>Bei der Ankunft am Bahnhof oder Flughafen von Nairobi werden Sie abgeholt und zum Flughafen gebracht, um einen planm\u00e4\u00dfigen R\u00fcckflug nach Hause zu nehmen.<\/li>\n<\/ul>\n[\/info_list_son][\/info_list_father][\/vc_tta_section][vc_tta_section title=&#8220;Inklusive\/Exklusiv&#8220; tab_id=&#8220;1633455601016-f93699bc-5d92&#8243;][vc_row_inner][vc_column_inner width=&#8220;1\/2&#8243;][info_list_father][info_list_son style=&#8220;icon&#8220; size=&#8220;10&#8243; width=&#8220;20&#8243; height=&#8220;20&#8243; titleclr=&#8220;#890000&#8243; icon=&#8220;fas fa-plus-circle&#8220; iconclr=&#8220;#890000&#8243; title=&#8220;IINKLUSIVE&#8220; lineheight=&#8220;2&#8243; iconbg=&#8220;#f8f8f8&#8243; borderclr=&#8220;#f8f8f8&#8243;]\n<ul>\n<li>Parkgeb\u00fchren f\u00fcr den Park angegeben.<\/li>\n<li>Transport in einem Landcruiser mit offenem Dach.<\/li>\n<li>Service eines professionellen Fahrerf\u00fchrers.<\/li>\n<li>Mahlzeiten mit Vollpension in der Lodge\/ im Camp.<\/li>\n<li>13 \u00dcbernachtungen im jeweils angegebenen Hotel.<\/li>\n<li>Unbegrenzt Wasser im Fahrzeug.<\/li>\n<li>Zugtickets nach Mombasa.<\/li>\n<li>R\u00fcckflug nach Nairobi von Diani.<\/li>\n<\/ul>\n[\/info_list_son][\/info_list_father][\/vc_column_inner][vc_column_inner width=&#8220;1\/2&#8243;][info_list_father][info_list_son style=&#8220;icon&#8220; size=&#8220;10&#8243; width=&#8220;20&#8243; height=&#8220;20&#8243; titleclr=&#8220;#890000&#8243; icon=&#8220;fas fa-minus-circle&#8220; iconclr=&#8220;#890000&#8243; title=&#8220;AUSGESCHLOSSEN&#8220; lineheight=&#8220;2&#8243; iconbg=&#8220;#f8f8f8&#8243; borderclr=&#8220;#f8f8f8&#8243;]\n<ul>\n<li>Kultureller Besuch des Masai Village @ $ 20 pro Person.<\/li>\n<li>Tipps zum Fahrerf\u00fchrer (<strong>Sehr empfehlenswert<\/strong>).<\/li>\n<li>Pers\u00f6nliche Gegenst\u00e4nde (Souvenirs, Reiseversicherungen, Visageb\u00fchren usw.).<\/li>\n<li>Zus\u00e4tzliche Unterkunft vor und am Ende der Tour.<\/li>\n<li>Die Regierung verh\u00e4ngte eine Erh\u00f6hung der Steuern und\/oder Parkgeb\u00fchren.<\/li>\n<li>Hei\u00dfluftballonfahrten @ $ 450 pro Erwachsener \/ $ 350 pro Kind (<strong>unter 18 Jahren<\/strong>).<\/li>\n<li>Visageb\u00fchren f\u00fcr Kenia nach Tansania von 100 USD pro Person.<\/li>\n<li>Internationale Fl\u00fcge<\/li>\n<li>Die Freigep\u00e4ckmenge ist <strong>STRENG<\/strong> auf 15 kg pro Person begrenzt.<\/li>\n<li>Kleinkinder, die nicht f\u00fcr einen Sitzplatz bezahlen, haben keinen Anspruch auf Freigep\u00e4ck.<\/li>\n<\/ul>\n[\/info_list_son][\/info_list_father][\/vc_column_inner][\/vc_row_inner][\/vc_tta_section][vc_tta_section title=&#8220;Reise-Checkliste&#8220; tab_id=&#8220;1633892890537-5637ec0b-4c69&#8243;][vc_row_inner][vc_column_inner width=&#8220;1\/2&#8243;][vc_custom_heading text=&#8220;Vor der Reise&#8220; font_container=&#8220;tag:h2|text_align:left|color:%23890000&#8243; google_fonts=&#8220;font_family:Open%20Sans%3A300%2C300italic%2Cregular%2Citalic%2C600%2C600italic%2C700%2C700italic%2C800%2C800italic&#8220;][vc_separator color=&#8220;custom&#8220; align=&#8220;align_left&#8220; border_width=&#8220;2&#8243; el_width=&#8220;20&#8243; accent_color=&#8220;#890000&#8243;][vc_column_text]Bevor Sie sich auf die Reise begeben, sollten Sie sich unsere umfassenden Reisetipps durchlesen, um ein reibungsloses Erlebnis zu gew\u00e4hrleisten.[\/vc_column_text][vc_btn title=&#8220;Weitere Informationen&#8220; style=&#8220;outline-custom&#8220; outline_custom_color=&#8220;#890000&#8243; outline_custom_hover_background=&#8220;#890000&#8243; outline_custom_hover_text=&#8220;#ffffff&#8220; size=&#8220;sm&#8220; i_align=&#8220;right&#8220; i_icon_fontawesome=&#8220;fas fa-angle-right&#8220; add_icon=&#8220;true&#8220; link=&#8220;url:https%3A%2F%2Fmufasatoursandtravels.com%2Fpreparing-to-travel%2F|title:Vorbereitung%20auf%20die%20Reise|&#8220;][\/vc_column_inner][vc_column_inner width=&#8220;1\/2&#8243;][vc_custom_heading text=&#8220;Bei der Buchung&#8220; font_container=&#8220;tag:h2|text_align:left|color:%23890000&#8243; google_fonts=&#8220;font_family:Open%20Sans%3A300%2C300italic%2Cregular%2Citalic%2C600%2C600italic%2C700%2C700italic%2C800%2C800italic&#8220;][vc_separator color=&#8220;custom&#8220; align=&#8220;align_left&#8220; border_width=&#8220;2&#8243; el_width=&#8220;20&#8243; accent_color=&#8220;#890000&#8243;][vc_column_text]Verbessern Sie Ihre Reiseplanung, indem Sie wertvolle Informationen zum Reiseziel herunterladen, wie z. B. Pass- und Visabestimmungen, empfohlene Impfungen, Gep\u00e4ckbeschr\u00e4nkungen, Packliste und Trinkgeldrichtlinien.[\/vc_column_text][vc_btn title=&#8220;Weitere Informationen&#8220; style=&#8220;outline-custom&#8220; outline_custom_color=&#8220;#890000&#8243; outline_custom_hover_background=&#8220;#890000&#8243; outline_custom_hover_text=&#8220;#ffffff&#8220; size=&#8220;sm&#8220; i_align=&#8220;right&#8220; i_icon_fontawesome=&#8220;fas fa-angle-right&#8220; add_icon=&#8220;true&#8220; link=&#8220;url:https%3A%2F%2Fmufasatoursandtravels.com%2Fwhat-to-know-before-arrival-in-east-africa%2F|title:WAS%20SIE%20VOR%20DER%20ANKUNFT%20IN%20OSTAFRIKA%20WISSEN%20SOLLTEN|&#8220;][\/vc_column_inner][\/vc_row_inner][vc_row_inner][vc_column_inner width=&#8220;1\/2&#8243;][vc_custom_heading text=&#8220;W\u00e4hrend der Tour&#8220; font_container=&#8220;tag:h2|text_align:left|color:%23890000&#8243; google_fonts=&#8220;font_family:Open%20Sans%3A300%2C300italic%2Cregular%2Citalic%2C600%2C600italic%2C700%2C700italic%2C800%2C800italic&#8220;][vc_separator color=&#8220;custom&#8220; align=&#8220;align_left&#8220; border_width=&#8220;2&#8243; el_width=&#8220;20&#8243; accent_color=&#8220;#890000&#8243;][vc_column_text]Maximieren Sie den Erfolg Ihrer Reise, indem Sie wichtige Informationen \u00fcber Ihr(e) Reiseziel(e) herunterladen, einschlie\u00dflich Pass- und Visabestimmungen, Impfrichtlinien, Gep\u00e4ckbeschr\u00e4nkungen, Packliste und Trinkgelder.[\/vc_column_text][vc_btn title=&#8220;Weitere Informationen&#8220; style=&#8220;outline-custom&#8220; outline_custom_color=&#8220;#890000&#8243; outline_custom_hover_background=&#8220;#890000&#8243; outline_custom_hover_text=&#8220;#ffffff&#8220; size=&#8220;sm&#8220; i_align=&#8220;right&#8220; i_icon_fontawesome=&#8220;fas fa-angle-right&#8220; add_icon=&#8220;true&#8220; link=&#8220;url:https%3A%2F%2Fmufasatoursandtravels.com%2Fpassports-and-visas%2F|title:P%C3%A4sse%20und%20Visa|&#8220;][\/vc_column_inner][vc_column_inner width=&#8220;1\/2&#8243;][vc_custom_heading text=&#8220;Nach der Tour&#8220; font_container=&#8220;tag:h2|text_align:left|color:%23890000&#8243; google_fonts=&#8220;font_family:Open%20Sans%3A300%2C300italic%2Cregular%2Citalic%2C600%2C600italic%2C700%2C700italic%2C800%2C800italic&#8220;][vc_separator color=&#8220;custom&#8220; align=&#8220;align_left&#8220; border_width=&#8220;2&#8243; el_width=&#8220;20&#8243; accent_color=&#8220;#890000&#8243;][vc_column_text]W\u00e4hrend Sie sich im Nachglanz Ihres Abenteuers sonnen, sind wir hier, um Ihnen mit wichtigen Tipps nach der Reise zu helfen, um sicherzustellen, dass Ihre R\u00fcckkehr nach Hause so nahtlos und komfortabel ist wie Ihre Reise selbst.[\/vc_column_text][\/vc_column_inner][\/vc_row_inner][\/vc_tta_section][\/vc_tta_tabs][wdo_ult_icon_seperator wdo_seperator_icon=&#8220;fas fa-paw&#8220; wdo_seperator_color=&#8220;#890000&#8243; wdo_seperator_opacity=&#8220;.2&#8243;][vc_btn title=&#8220;Angebot anfordern&#8220; style=&#8220;outline-custom&#8220; outline_custom_color=&#8220;#890000&#8243; outline_custom_hover_background=&#8220;#890000&#8243; outline_custom_hover_text=&#8220;#ffffff&#8220; size=&#8220;sm&#8220; align=&#8220;center&#8220; i_align=&#8220;right&#8220; i_icon_fontawesome=&#8220;fas fa-angle-right&#8220; add_icon=&#8220;true&#8220; link=&#8220;url:https%3A%2F%2Fmufasatoursandtravels.com%2Fde%2Fangebot-anfordern%2F|title:Angebot%20anfordern|&#8220; css=&#8220;.vc_custom_1724250540747{padding-top: 10px !important;padding-right: 10px !important;padding-bottom: 10px !important;padding-left: 10px !important;}&#8220;][vc_column_text]\n<p style=\"text-align: left;\"><strong>VERZICHTSERKL\u00c4RUNG.<\/strong><\/p>\n<ul>\n<li>Diese Tour wird von <a href=\"https:\/\/mufasatoursandtravels.com\/de\/\">Mufasa Tours and Travels<\/a> angeboten.<\/li>\n<li>Alle unsere Safaris finden auf privater Basis statt.<\/li>\n<li>Kinder zwischen 0 \u2013 2 Jahren sind kostenlos.<\/li>\n<li>Kinder von 3 \u2013 12 Jahren zahlen 50% des Erwachsenenpreises, wenn sie im selben Zimmer mit Erwachsenen \u00fcbernachten.<\/li>\n<li>Kinder von 3 \u2013 12 Jahren zahlen 75% des Erwachsenenpreises, wenn sie in einem separaten Zimmer von Erwachsenen \u00fcbernachten.<\/li>\n<li>Kinder \u00fcber 12 Jahre werden in den Camps und Lodges als Erwachsene anerkannt.<\/li>\n<li>Wir behalten uns das Recht vor, das Programm wie angek\u00fcndigt zu \u00e4ndern.<\/li>\n<li>Sollte eine Unterkunft ausgebucht sein, schlagen wir Ihnen vergleichbare Alternativm\u00f6glichkeiten vor.<\/li>\n<li>Die genaue Reihenfolge, der Inhalt und die Preise dieser Tour unterliegen der Verf\u00fcgbarkeit.<\/li>\n<li>Diese Tour unterliegt den <a href=\"https:\/\/mufasatoursandtravels.com\/terms-and-conditions\/\">Allgemeinen Gesch\u00e4ftsbedingungen<\/a> von <a href=\"https:\/\/mufasatoursandtravels.com\/de\/\">Mufasa Tours and Travels.<\/a><\/li>\n<\/ul>\n[\/vc_column_text][\/vc_column][\/vc_row]\n","protected":false},"excerpt":{"rendered":"<p>[vc_row full_width=&#8220;stretch_row&#8220; gap=&#8220;1&#8243;][vc_column parallax=&#8220;content-moving&#8220; parallax_image=&#8220;11107&#8243; parallax_speed_bg=&#8220;1.7&#8243; css=&#8220;.vc_custom_1691132642508{padding-top: 80px !important;padding-right: 80px !important;padding-bottom: 80px !important;padding-left: 80px !important;}&#8220;][vc_custom_heading text=&#8220;ATEMBERAUBENDE AFRIKA-SAFARI&#8220; font_container=&#8220;tag:h1|font_size:32|text_align:center|color:%23ffffff&#8220; google_fonts=&#8220;font_family:Roboto%3A100%2C100italic%2C300%2C300italic%2Cregular%2Citalic%2C500%2C500italic%2C700%2C700italic%2C900%2C900italic|font_style:400%20regular%3A400%3Anormal&#8220;][vc_separator color=&#8220;custom&#8220; border_width=&#8220;2&#8243; el_width=&#8220;80&#8243; accent_color=&#8220;#f8f8f8&#8243;][vc_custom_heading text=&#8220;L.Nakuru \u21fe Masai Mara \u21fe Serengeti \u21fe Ngorongoro \u21fe L.Manyara \u21fe Amboseli \u21fe Diani Strand&#8220; font_container=&#8220;tag:h2|font_size:18|text_align:center|color:%23ffffff&#8220; google_fonts=&#8220;font_family:Roboto%3A100%2C100italic%2C300%2C300italic%2Cregular%2Citalic%2C500%2C500italic%2C700%2C700italic%2C900%2C900italic|font_style:400%20regular%3A400%3Anormal&#8220;][\/vc_column][\/vc_row][vc_row][vc_column css=&#8220;.vc_custom_1678181996556{border-top-width: 10px !important;border-right-width: 10px !important;border-bottom-width: 10px !important;border-left-width: 10px !important;}&#8220;][vc_tta_tabs shape=&#8220;square&#8220; color=&#8220;juicy-pink&#8220; alignment=&#8220;center&#8220; active_section=&#8220;1&#8243; no_fill_content_area=&#8220;true&#8220;][vc_tta_section title=&#8220;Programm&#8220; [&hellip;]<\/p>\n","protected":false},"author":4,"featured_media":0,"parent":27963,"menu_order":5,"comment_status":"closed","ping_status":"closed","template":"","meta":{"_themeisle_gutenberg_block_has_review":false,"footnotes":""},"class_list":["post-30757","page","type-page","status-publish","hentry"],"_links":{"self":[{"href":"https:\/\/mufasatoursandtravels.com\/de\/wp-json\/wp\/v2\/pages\/30757","targetHints":{"allow":["GET"]}}],"collection":[{"href":"https:\/\/mufasatoursandtravels.com\/de\/wp-json\/wp\/v2\/pages"}],"about":[{"href":"https:\/\/mufasatoursandtravels.com\/de\/wp-json\/wp\/v2\/types\/page"}],"author":[{"embeddable":true,"href":"https:\/\/mufasatoursandtravels.com\/de\/wp-json\/wp\/v2\/users\/4"}],"replies":[{"embeddable":true,"href":"https:\/\/mufasatoursandtravels.com\/de\/wp-json\/wp\/v2\/comments?post=30757"}],"version-history":[{"count":1,"href":"https:\/\/mufasatoursandtravels.com\/de\/wp-json\/wp\/v2\/pages\/30757\/revisions"}],"predecessor-version":[{"id":30759,"href":"https:\/\/mufasatoursandtravels.com\/de\/wp-json\/wp\/v2\/pages\/30757\/revisions\/30759"}],"up":[{"embeddable":true,"href":"https:\/\/mufasatoursandtravels.com\/de\/wp-json\/wp\/v2\/pages\/27963"}],"wp:attachment":[{"href":"https:\/\/mufasatoursandtravels.com\/de\/wp-json\/wp\/v2\/media?parent=30757"}],"curies":[{"name":"wp","href":"https:\/\/api.w.org\/{rel}","templated":true}]}}