{"id":30816,"date":"2022-03-04T13:14:19","date_gmt":"2022-03-04T10:14:19","guid":{"rendered":"https:\/\/mufasatoursandtravels.com\/kenia-tansania-sansibar-safaris\/gold-connect-private-safaris\/"},"modified":"2025-04-08T12:08:39","modified_gmt":"2025-04-08T09:08:39","slug":"gold-connect-private-safaris","status":"publish","type":"page","link":"https:\/\/mufasatoursandtravels.com\/de\/kenia-tansania-sansibar-safaris\/gold-connect-private-safaris\/","title":{"rendered":"Gold Connect Private Safaris"},"content":{"rendered":"[vc_row full_width=&#8220;stretch_row&#8220; parallax=&#8220;content-moving&#8220; parallax_image=&#8220;11244&#8243; parallax_speed_bg=&#8220;1.7&#8243; css=&#8220;.vc_custom_1687335902595{padding-top: 80px !important;padding-bottom: 80px !important;}&#8220;][vc_column css=&#8220;.vc_custom_1688040186846{padding: 100px !important;}&#8220;][vc_custom_heading text=&#8220;KENIA, TANSANIA &amp; SANSIBAR SAFARIS&#8220; font_container=&#8220;tag:h1|font_size:32|text_align:center|color:%23ffffff&#8220; google_fonts=&#8220;font_family:Roboto%3A100%2C100italic%2C300%2C300italic%2Cregular%2Citalic%2C500%2C500italic%2C700%2C700italic%2C900%2C900italic|font_style:400%20regular%3A400%3Anormal&#8220;][vc_separator color=&#8220;custom&#8220; border_width=&#8220;2&#8243; el_width=&#8220;80&#8243; accent_color=&#8220;#f8f8f8&#8243;][vc_custom_heading text=&#8220;FLY IN SAFARIS&#8220; font_container=&#8220;tag:h2|font_size:18|text_align:center|color:%23ffffff&#8220; google_fonts=&#8220;font_family:Roboto%3A100%2C100italic%2C300%2C300italic%2Cregular%2Citalic%2C500%2C500italic%2C700%2C700italic%2C900%2C900italic|font_style:400%20regular%3A400%3Anormal&#8220;][\/vc_column][\/vc_row][vc_row][vc_column css=&#8220;.vc_custom_1687335082628{padding: 10px !important;}&#8220;][vc_headings style=&#8220;theme3&#8243; linewidth=&#8220;100&#8243; borderclr=&#8220;#890000&#8243; title=&#8220;GOLD-PAKETE&#8220; google_fonts=&#8220;font_family:Roboto%3A100%2C100italic%2C300%2C300italic%2Cregular%2Citalic%2C500%2C500italic%2C700%2C700italic%2C900%2C900italic|font_style:400%20regular%3A400%3Anormal&#8220; titleclr=&#8220;#890000&#8243;][\/vc_headings][\/vc_column][\/vc_row][vc_row][vc_column css=&#8220;.vc_custom_1687335082628{padding: 10px !important;}&#8220;][vc_custom_heading text=&#8220;Begeben Sie sich auf das ultimative Abenteuer in der Luft mit unseren Kenia-Tansania Fly-In-Safaris. Schweben Sie \u00fcber die weite afrikanische Wildnis und erleben Sie atemberaubende Ausblicke auf die Savannen, W\u00e4lder, Wildtiere und Wasserwege. Sie werden den Nervenkitzel Ihres Lebens erleben, w\u00e4hrend Sie die vielf\u00e4ltige Tierwelt und die atemberaubenden Landschaften erkunden.  &#8220; font_container=&#8220;tag:h2|font_size:20|text_align:center|color:%23444444&#8243; google_fonts=&#8220;font_family:Roboto%3A100%2C100italic%2C300%2C300italic%2Cregular%2Citalic%2C500%2C500italic%2C700%2C700italic%2C900%2C900italic|font_style:400%20regular%3A400%3Anormal&#8220;][\/vc_column][\/vc_row][vc_row][vc_column width=&#8220;1\/3&#8243; css=&#8220;.vc_custom_1687335106283{padding: 10px !important;}&#8220;]<div class=\"cq-hovercard cq-rotate  cq-hovercard-hideicon\" data-contentcolor=\"#ffffff\" data-iconcolor=\"#890000\" data-bgheight=\"240\" data-captionoffset=\"\" data-videowidth=\"640\" data-linktype=\"customlink\" data-bgtype=\"image\" data-lightboxmargin=\"\"><a href=\"https:\/\/mufasatoursandtravels.com\/kenya-tanzania-zanzibar-safaris\/gold-connect-private-safaris\/magical-grasslands-safari\/\" title=\"Magical Grasslands Safari\" target=\"\" class=\"cq-hovercard-customlink\"><img decoding=\"async\" src=\"https:\/\/mufasatoursandtravels.com\/wp-content\/uploads\/2023\/01\/crater-zebras.jpg\" class=\"cq-hovercard-background\" alt=\"\" \/><div class=\"cq-hovercard-textcontainer\"><div class=\"cq-hovercard-title\">MASTISCHE WIESEN<\/div><div class=\"cq-hovercard-content\">8 Days | 7 Nights<\/div><i class=\"cq-hovercard-icon vc-material vc-material-star_border\"><\/i><\/div><\/a><\/div>[\/vc_column][vc_column width=&#8220;1\/3&#8243; css=&#8220;.vc_custom_1687335133269{padding: 10px !important;}&#8220;]<div class=\"cq-hovercard cq-rotate  cq-hovercard-hideicon\" data-contentcolor=\"\" data-iconcolor=\"#890000\" data-bgheight=\"240\" data-captionoffset=\"\" data-videowidth=\"640\" data-linktype=\"customlink\" data-bgtype=\"image\" data-lightboxmargin=\"\"><a href=\"https:\/\/mufasatoursandtravels.com\/kenya-tanzania-zanzibar-safaris\/gold-connect-private-safaris\/above-and-beyond-experience-safari\/\" title=\"Above and Beyond Experience Safari\" target=\"\" class=\"cq-hovercard-customlink\"><img decoding=\"async\" src=\"https:\/\/mufasatoursandtravels.com\/wp-content\/uploads\/2023\/01\/Lions-Mara-scaled.jpg\" class=\"cq-hovercard-background\" alt=\"\" \/><div class=\"cq-hovercard-textcontainer\"><div class=\"cq-hovercard-title\">MEHR ALS NUR<\/div><div class=\"cq-hovercard-content\">10 DAYS | 9 NIGHTS<\/div><i class=\"cq-hovercard-icon vc-material vc-material-star_border\"><\/i><\/div><\/a><\/div>[\/vc_column][vc_column width=&#8220;1\/3&#8243; css=&#8220;.vc_custom_1687335149033{padding: 10px !important;}&#8220;]<div class=\"cq-hovercard cq-rotate  cq-hovercard-hideicon\" data-contentcolor=\"\" data-iconcolor=\"#890000\" data-bgheight=\"240\" data-captionoffset=\"\" data-videowidth=\"640\" data-linktype=\"customlink\" data-bgtype=\"image\" data-lightboxmargin=\"\"><a href=\"https:\/\/mufasatoursandtravels.com\/kenya-tanzania-zanzibar-safaris\/gold-connect-private-safaris\/kenya-tanzania-grandeur-safari\/\" title=\"Kenya Tanzania Grandeur Safari\" target=\"\" class=\"cq-hovercard-customlink\"><img decoding=\"async\" src=\"https:\/\/mufasatoursandtravels.com\/wp-content\/uploads\/2023\/01\/hot-air-ballon-scaled.jpg\" class=\"cq-hovercard-background\" alt=\"\" \/><div class=\"cq-hovercard-textcontainer\"><div class=\"cq-hovercard-title\">KENIA - TANSANIA GRANDEUR<\/div><div class=\"cq-hovercard-content\">12 Days | 11 Nights<\/div><i class=\"cq-hovercard-icon vc-material vc-material-star_border\"><\/i><\/div><\/a><\/div>[\/vc_column][\/vc_row][vc_row][vc_column][vc_empty_space][\/vc_column][\/vc_row]\n","protected":false},"excerpt":{"rendered":"<p>[vc_row full_width=&#8220;stretch_row&#8220; parallax=&#8220;content-moving&#8220; parallax_image=&#8220;11244&#8243; parallax_speed_bg=&#8220;1.7&#8243; css=&#8220;.vc_custom_1687335902595{padding-top: 80px !important;padding-bottom: 80px !important;}&#8220;][vc_column css=&#8220;.vc_custom_1688040186846{padding: 100px !important;}&#8220;][vc_custom_heading text=&#8220;KENIA, TANSANIA &amp; SANSIBAR SAFARIS&#8220; font_container=&#8220;tag:h1|font_size:32|text_align:center|color:%23ffffff&#8220; google_fonts=&#8220;font_family:Roboto%3A100%2C100italic%2C300%2C300italic%2Cregular%2Citalic%2C500%2C500italic%2C700%2C700italic%2C900%2C900italic|font_style:400%20regular%3A400%3Anormal&#8220;][vc_separator color=&#8220;custom&#8220; border_width=&#8220;2&#8243; el_width=&#8220;80&#8243; accent_color=&#8220;#f8f8f8&#8243;][vc_custom_heading text=&#8220;FLY IN SAFARIS&#8220; font_container=&#8220;tag:h2|font_size:18|text_align:center|color:%23ffffff&#8220; google_fonts=&#8220;font_family:Roboto%3A100%2C100italic%2C300%2C300italic%2Cregular%2Citalic%2C500%2C500italic%2C700%2C700italic%2C900%2C900italic|font_style:400%20regular%3A400%3Anormal&#8220;][\/vc_column][\/vc_row][vc_row][vc_column css=&#8220;.vc_custom_1687335082628{padding: 10px !important;}&#8220;][vc_headings style=&#8220;theme3&#8243; linewidth=&#8220;100&#8243; borderclr=&#8220;#890000&#8243; title=&#8220;GOLD-PAKETE&#8220; google_fonts=&#8220;font_family:Roboto%3A100%2C100italic%2C300%2C300italic%2Cregular%2Citalic%2C500%2C500italic%2C700%2C700italic%2C900%2C900italic|font_style:400%20regular%3A400%3Anormal&#8220; titleclr=&#8220;#890000&#8243;][\/vc_headings][\/vc_column][\/vc_row][vc_row][vc_column css=&#8220;.vc_custom_1687335082628{padding: 10px !important;}&#8220;][vc_custom_heading text=&#8220;Begeben Sie sich auf das ultimative Abenteuer in der Luft mit unseren Kenia-Tansania Fly-In-Safaris. [&hellip;]<\/p>\n","protected":false},"author":4,"featured_media":0,"parent":27963,"menu_order":9,"comment_status":"closed","ping_status":"closed","template":"","meta":{"_themeisle_gutenberg_block_has_review":false,"footnotes":""},"class_list":["post-30816","page","type-page","status-publish","hentry"],"_links":{"self":[{"href":"https:\/\/mufasatoursandtravels.com\/de\/wp-json\/wp\/v2\/pages\/30816","targetHints":{"allow":["GET"]}}],"collection":[{"href":"https:\/\/mufasatoursandtravels.com\/de\/wp-json\/wp\/v2\/pages"}],"about":[{"href":"https:\/\/mufasatoursandtravels.com\/de\/wp-json\/wp\/v2\/types\/page"}],"author":[{"embeddable":true,"href":"https:\/\/mufasatoursandtravels.com\/de\/wp-json\/wp\/v2\/users\/4"}],"replies":[{"embeddable":true,"href":"https:\/\/mufasatoursandtravels.com\/de\/wp-json\/wp\/v2\/comments?post=30816"}],"version-history":[{"count":1,"href":"https:\/\/mufasatoursandtravels.com\/de\/wp-json\/wp\/v2\/pages\/30816\/revisions"}],"predecessor-version":[{"id":30819,"href":"https:\/\/mufasatoursandtravels.com\/de\/wp-json\/wp\/v2\/pages\/30816\/revisions\/30819"}],"up":[{"embeddable":true,"href":"https:\/\/mufasatoursandtravels.com\/de\/wp-json\/wp\/v2\/pages\/27963"}],"wp:attachment":[{"href":"https:\/\/mufasatoursandtravels.com\/de\/wp-json\/wp\/v2\/media?parent=30816"}],"curies":[{"name":"wp","href":"https:\/\/api.w.org\/{rel}","templated":true}]}}