{"id":30852,"date":"2022-02-25T08:58:37","date_gmt":"2022-02-25T05:58:37","guid":{"rendered":"https:\/\/mufasatoursandtravels.com\/fluegel-ueber-kenia\/"},"modified":"2025-04-08T12:15:50","modified_gmt":"2025-04-08T09:15:50","slug":"fluegel-ueber-kenia","status":"publish","type":"page","link":"https:\/\/mufasatoursandtravels.com\/de\/kenia-flugsafaris\/kenia-flying-safaris-kurzaufenthalt\/fluegel-ueber-kenia\/","title":{"rendered":"Fl\u00fcgel \u00fcber Kenia"},"content":{"rendered":"[vc_row css=&#8220;.vc_custom_1724157769397{border-top-width: 10px !important;border-right-width: 10px !important;border-bottom-width: 10px !important;border-left-width: 10px !important;}&#8220; el_class=&#8220;rw-ds&#8220;][vc_column parallax=&#8220;content-moving&#8220; parallax_image=&#8220;9636&#8243; css=&#8220;.vc_custom_1690359976947{padding: 80px !important;}&#8220;][vc_custom_heading text=&#8220;FL\u00dcGEL \u00dcBER KENIA&#8220; font_container=&#8220;tag:h2|font_size:32|text_align:center|color:%23ffffff&#8220; google_fonts=&#8220;font_family:Roboto%3A100%2C100italic%2C300%2C300italic%2Cregular%2Citalic%2C500%2C500italic%2C700%2C700italic%2C900%2C900italic|font_style:500%20bold%20regular%3A500%3Anormal&#8220;][vc_custom_heading text=&#8220;Fliegen Sie ein&#8220; font_container=&#8220;tag:h2|font_size:20|text_align:center|color:%23ffffff&#8220; google_fonts=&#8220;font_family:Roboto%3A100%2C100italic%2C300%2C300italic%2Cregular%2Citalic%2C500%2C500italic%2C700%2C700italic%2C900%2C900italic|font_style:400%20regular%3A400%3Anormal&#8220;][vc_separator color=&#8220;custom&#8220; el_width=&#8220;80&#8243; accent_color=&#8220;#f8f8f8&#8243;][vc_custom_heading text=&#8220;Meru Nationalpark \u21fe Masai Mara&#8220; font_container=&#8220;tag:h2|font_size:22|text_align:center|color:%23ffffff&#8220; google_fonts=&#8220;font_family:Roboto%3A100%2C100italic%2C300%2C300italic%2Cregular%2Citalic%2C500%2C500italic%2C700%2C700italic%2C900%2C900italic|font_style:400%20regular%3A400%3Anormal&#8220;][\/vc_column][\/vc_row][vc_row gap=&#8220;10&#8243; css=&#8220;.vc_custom_1724157737121{border-top-width: 10px !important;border-right-width: 10px !important;border-bottom-width: 10px !important;border-left-width: 10px !important;}&#8220; el_class=&#8220;rw-ds&#8220;][vc_column css=&#8220;.vc_custom_1646821383416{border-right-width: 10px !important;border-left-width: 10px !important;}&#8220;][vc_tta_tabs shape=&#8220;square&#8220; color=&#8220;juicy-pink&#8220; alignment=&#8220;center&#8220; active_section=&#8220;1&#8243;][vc_tta_section title=&#8220;Reise-Checkliste&#8220; tab_id=&#8220;1724157785045-8db9f95b-ba64&#8243;][vc_row_inner][vc_column_inner width=&#8220;1\/2&#8243;][vc_custom_heading text=&#8220;Vor der Reise&#8220; font_container=&#8220;tag:h2|text_align:left|color:%23890000&#8243; google_fonts=&#8220;font_family:Open%20Sans%3A300%2C300italic%2Cregular%2Citalic%2C600%2C600italic%2C700%2C700italic%2C800%2C800italic&#8220;][vc_separator color=&#8220;custom&#8220; align=&#8220;align_left&#8220; border_width=&#8220;2&#8243; el_width=&#8220;20&#8243; accent_color=&#8220;#890000&#8243;][vc_column_text]Bevor Sie sich auf die Reise begeben, sollten Sie sich unsere umfassenden Reisetipps durchlesen, um ein reibungsloses Erlebnis zu gew\u00e4hrleisten.[\/vc_column_text][vc_btn title=&#8220;Weitere Informationen&#8220; style=&#8220;outline-custom&#8220; outline_custom_color=&#8220;#890000&#8243; outline_custom_hover_background=&#8220;#890000&#8243; outline_custom_hover_text=&#8220;#ffffff&#8220; shape=&#8220;square&#8220; size=&#8220;sm&#8220; i_align=&#8220;right&#8220; i_icon_fontawesome=&#8220;fas fa-angle-right&#8220; add_icon=&#8220;true&#8220; link=&#8220;url:https%3A%2F%2Fmufasatoursandtravels.com%2Fpreparing-to-travel%2F|title:Vorbereitung%20auf%20die%20Reise|&#8220;][\/vc_column_inner][vc_column_inner width=&#8220;1\/2&#8243;][vc_custom_heading text=&#8220;Vor der Reise&#8220; font_container=&#8220;tag:h2|text_align:left|color:%23890000&#8243; google_fonts=&#8220;font_family:Open%20Sans%3A300%2C300italic%2Cregular%2Citalic%2C600%2C600italic%2C700%2C700italic%2C800%2C800italic&#8220;][vc_separator color=&#8220;custom&#8220; align=&#8220;align_left&#8220; border_width=&#8220;2&#8243; el_width=&#8220;20&#8243; accent_color=&#8220;#890000&#8243;][vc_column_text]Verbessern Sie Ihre Reiseplanung, indem Sie wertvolle Informationen zum Reiseziel herunterladen, wie z. B. Pass- und Visabestimmungen, empfohlene Impfungen, Gep\u00e4ckbeschr\u00e4nkungen, Packliste und Trinkgeldrichtlinien.[\/vc_column_text][vc_btn title=&#8220;Weitere Informationen&#8220; style=&#8220;outline-custom&#8220; outline_custom_color=&#8220;#890000&#8243; outline_custom_hover_background=&#8220;#890000&#8243; outline_custom_hover_text=&#8220;#ffffff&#8220; shape=&#8220;square&#8220; size=&#8220;sm&#8220; i_align=&#8220;right&#8220; i_icon_fontawesome=&#8220;fas fa-angle-right&#8220; add_icon=&#8220;true&#8220; link=&#8220;url:https%3A%2F%2Fmufasatoursandtravels.com%2Fwhat-to-know-before-arrival-in-east-africa%2F|title:WAS%20SIE%20VOR%20DER%20ANKUNFT%20IN%20OSTAFRIKA%20WISSEN%20SOLLTEN|&#8220;][\/vc_column_inner][\/vc_row_inner][vc_row_inner][vc_column_inner width=&#8220;1\/2&#8243;][vc_custom_heading text=&#8220;Vor der Reise&#8220; font_container=&#8220;tag:h2|text_align:left|color:%23890000&#8243; google_fonts=&#8220;font_family:Open%20Sans%3A300%2C300italic%2Cregular%2Citalic%2C600%2C600italic%2C700%2C700italic%2C800%2C800italic&#8220;][vc_separator color=&#8220;custom&#8220; align=&#8220;align_left&#8220; border_width=&#8220;2&#8243; el_width=&#8220;20&#8243; accent_color=&#8220;#890000&#8243;][vc_column_text]Maximieren Sie den Erfolg Ihrer Reise, indem Sie wichtige Informationen \u00fcber Ihr(e) Reiseziel(e) herunterladen, einschlie\u00dflich Pass- und Visabestimmungen, Impfrichtlinien, Gep\u00e4ckbeschr\u00e4nkungen, Packliste und Trinkgelder.[\/vc_column_text][vc_btn title=&#8220;Weitere Informationen&#8220; style=&#8220;outline-custom&#8220; outline_custom_color=&#8220;#890000&#8243; outline_custom_hover_background=&#8220;#890000&#8243; outline_custom_hover_text=&#8220;#ffffff&#8220; shape=&#8220;square&#8220; size=&#8220;sm&#8220; i_align=&#8220;right&#8220; i_icon_fontawesome=&#8220;fas fa-angle-right&#8220; add_icon=&#8220;true&#8220; link=&#8220;url:https%3A%2F%2Fmufasatoursandtravels.com%2Fpassports-and-visas%2F|title:P%C3%A4sse%20und%20Visa|&#8220;][\/vc_column_inner][vc_column_inner width=&#8220;1\/2&#8243;][vc_custom_heading text=&#8220;Vor der Reise&#8220; font_container=&#8220;tag:h2|text_align:left|color:%23890000&#8243; google_fonts=&#8220;font_family:Open%20Sans%3A300%2C300italic%2Cregular%2Citalic%2C600%2C600italic%2C700%2C700italic%2C800%2C800italic&#8220;][vc_separator color=&#8220;custom&#8220; align=&#8220;align_left&#8220; border_width=&#8220;2&#8243; el_width=&#8220;20&#8243; accent_color=&#8220;#890000&#8243;][vc_column_text]W\u00e4hrend Sie sich im Nachglanz Ihres Abenteuers sonnen, sind wir hier, um Ihnen mit wichtigen Tipps nach der Reise zu helfen, um sicherzustellen, dass Ihre R\u00fcckkehr nach Hause so nahtlos und komfortabel ist wie Ihre Reise selbst.[\/vc_column_text][\/vc_column_inner][\/vc_row_inner][\/vc_tta_section][vc_tta_section title=&#8220;Programm&#8220; tab_id=&#8220;1645777668819-be153009-1f91&#8243;][info_list_father listclr=&#8220;#f8f8f8&#8243;][info_list_son style=&#8220;icon&#8220; size=&#8220;20&#8243; width=&#8220;10&#8243; height=&#8220;10&#8243; titleclr=&#8220;#890000&#8243; icon=&#8220;fas fa-paw&#8220; iconclr=&#8220;#890000&#8243; title=&#8220;TAG 1: NAIROBI FLUG ZUM MERU NATIONALPARK&#8220; iconbg=&#8220;#f8f8f8&#8243; borderclr=&#8220;#f8f8f8&#8243;]\n<ul>\n<li>Abholung vom Hotel in Nairobi um 8.00 Uhr durch unseren Unternehmensvertreter und Transfer zum Flughafen Wilson.<\/li>\n<li>Check-in und Warten auf das Einsteigen in den Meru-Nationalpark um 10.00 Uhr, Ankunft um 11.00 Uhr.<\/li>\n<li>Bei Ihrer Ankunft im Meru Nationalpark werden Sie von unserem Fahrer an der Landebahn abgeholt und zu Ihrem jeweiligen Camp oder Ihrer Lodge gebracht, mit Pirschfahrten auf dem Weg innerhalb des Meru Nationalparks.<\/li>\n<li>Ankunft zum Mittagessen und Check-in im Camp oder in der Lodge und Entspannung.<\/li>\n<li>Am Abend geht es dann auf eine abendliche Pirschfahrt innerhalb des Meru Nationalparks bis zum afrikanischen Sonnenuntergang.<\/li>\n<li>R\u00fcckkehr zur Lodge f\u00fcr das Abendessen und die \u00dcbernachtung.<\/li>\n<\/ul>\n[\/info_list_son][info_list_son style=&#8220;icon&#8220; size=&#8220;20&#8243; width=&#8220;10&#8243; height=&#8220;10&#8243; titleclr=&#8220;#890000&#8243; icon=&#8220;fas fa-paw&#8220; iconclr=&#8220;#890000&#8243; title=&#8220;TAG 2: PIRSCHFAHRTEN UND SUNDOWNER&#8220; iconbg=&#8220;#f8f8f8&#8243; borderclr=&#8220;#f8f8f8&#8243;]\n<ul>\n<li data-shorten=\"300\">Fr\u00fchmorgendliche Pirschfahrten.<\/li>\n<li data-shorten=\"300\">Busch-Fr\u00fchst\u00fcck<\/li>\n<li data-shorten=\"300\">Pirschfahrten auf dem Weg zum Camp zur Entspannung.<\/li>\n<li data-shorten=\"300\">Mittagessen im Camp<\/li>\n<li data-shorten=\"300\">Besuchen Sie das Nashornschutzgebiet.<\/li>\n<li data-shorten=\"300\">Malerische Sundowner im Busch.<\/li>\n<li data-shorten=\"300\">Abendessen im Camp und \u00dcbernachtung.<\/li>\n<\/ul>\n[\/info_list_son][info_list_son style=&#8220;icon&#8220; size=&#8220;20&#8243; width=&#8220;10&#8243; height=&#8220;10&#8243; titleclr=&#8220;#890000&#8243; icon=&#8220;fas fa-paw&#8220; iconclr=&#8220;#890000&#8243; title=&#8220;TAG 3: MERU NATIONALPARK FLUG ZUR MASAI MARA&#8220; iconbg=&#8220;#f8f8f8&#8243; borderclr=&#8220;#f8f8f8&#8243;]\n<ul>\n<li>Fr\u00fches Fr\u00fchst\u00fcck im Camp oder in der Lodge.<\/li>\n<li>Morgendlicher Naturspaziergang am Elsa&#8217;s Memorial.<\/li>\n<li>Abfahrt zum Flugplatz Mughwango.<\/li>\n<li>Flug in die Masai Mara.<\/li>\n<li>Treffen und Begr\u00fc\u00dfung durch unseren Firmenvertreter auf der Landebahn und Pirschfahrten auf dem Weg zum Mittagessen.<\/li>\n<li>Nachmittags Pirschfahrten und Sundowner.<\/li>\n<li>Abendessen im Camp.<\/li>\n<\/ul>\n[\/info_list_son][info_list_son style=&#8220;icon&#8220; size=&#8220;20&#8243; width=&#8220;10&#8243; height=&#8220;10&#8243; titleclr=&#8220;#890000&#8243; icon=&#8220;fas fa-paw&#8220; iconclr=&#8220;#890000&#8243; title=&#8220;TAG 4: PIRSCHFAHRTEN IN DER MASAI MARA&#8220; iconbg=&#8220;#f8f8f8&#8243; borderclr=&#8220;#f8f8f8&#8243;]\n<ul>\n<li>Fr\u00fches Fr\u00fchst\u00fcck im Camp oder in der Lodge.<\/li>\n<li>Ganzt\u00e4gige Pirschfahrten.<\/li>\n<li>Mittagessen mit Picknickkorb im Busch.<\/li>\n<li>Besuch des Massai-Dorfes.<\/li>\n<li>Abendessen unter dem Sternenhimmel im Camp.<\/li>\n<\/ul>\n[\/info_list_son][info_list_son style=&#8220;icon&#8220; size=&#8220;20&#8243; width=&#8220;10&#8243; height=&#8220;10&#8243; titleclr=&#8220;#890000&#8243; icon=&#8220;fas fa-paw&#8220; iconclr=&#8220;#890000&#8243; title=&#8220;TAG 5: MASAI MARA FLUG NACH NAIROBI&#8220; iconbg=&#8220;#f8f8f8&#8243; borderclr=&#8220;#f8f8f8&#8243;]\n<ul>\n<li>Fr\u00fches Fr\u00fchst\u00fcck im Camp oder in der Lodge.<\/li>\n<li>Transfer zur\u00fcck zur Landebahn von Keekorok.<\/li>\n<li>Flug zum Flughafen Wilson Nairobi.<\/li>\n<li>Unser Firmenvertreter holt Sie ab und bringt Sie zur\u00fcck zu Ihrem jeweiligen Hotel oder Flughafen, um nach Hause zu fliegen.<\/li>\n<\/ul>\n[\/info_list_son][\/info_list_father][\/vc_tta_section][vc_tta_section title=&#8220;Inklusive\/Exklusiv&#8220; tab_id=&#8220;1645777679356-1f5cf022-10af&#8220;][vc_row_inner][vc_column_inner width=&#8220;1\/2&#8243;][info_list_father listclr=&#8220;#f8f8f8&#8243;][info_list_son style=&#8220;icon&#8220; size=&#8220;15&#8243; width=&#8220;20&#8243; height=&#8220;20&#8243; titleclr=&#8220;#890000&#8243; icon=&#8220;fas fa-plane-departure&#8220; iconclr=&#8220;#890000&#8243; title=&#8220;IINKLUSIVE&#8220; iconbg=&#8220;#f8f8f8&#8243; borderclr=&#8220;#890000&#8243;]\n<ul class=\"list list--icon\">\n<li>Parkgeb\u00fchren f\u00fcr den Park angegeben.<\/li>\n<li>Transport in einem Landcruiser mit offenem Dach.<\/li>\n<li>Service eines professionellen Fahrer-Guides.<\/li>\n<li>Mahlzeiten mit Vollpension in der Lodge\/ im Camp.<\/li>\n<li>4 \u00dcbernachtungen im jeweils angegebenen Hotel.<\/li>\n<li>Pirschfahrten im jeweiligen Park.<\/li>\n<li>Inlandsfl\u00fcge.<\/li>\n<li>Flughafentransfers.<\/li>\n<\/ul>\n[\/info_list_son][\/info_list_father][\/vc_column_inner][vc_column_inner width=&#8220;1\/2&#8243;][info_list_father listclr=&#8220;#f8f8f8&#8243;][info_list_son style=&#8220;icon&#8220; size=&#8220;15&#8243; width=&#8220;20&#8243; height=&#8220;20&#8243; titleclr=&#8220;#890000&#8243; icon=&#8220;fas fa-plane-arrival&#8220; iconclr=&#8220;#890000&#8243; title=&#8220;AUSGESCHLOSSEN&#8220; iconbg=&#8220;#f8f8f8&#8243; borderclr=&#8220;#890000&#8243;]\n<ul class=\"list list--icon\">\n<li>Kultureller Besuch des Masai-Dorfes..<\/li>\n<li>Tipps zum Fahrerf\u00fchrer (<strong>Sehr empfehlenswert<\/strong>).<\/li>\n<li>Pers\u00f6nliche Gegenst\u00e4nde <span class=\"txt--xsmall txt--xgrey\">(Souvenirs, Reiseversicherungen, Visageb\u00fchren, etc.)<\/span><\/li>\n<li>Zus\u00e4tzliche Unterkunft vor und am Ende der Tour.<\/li>\n<li>Die Regierung verh\u00e4ngte eine Erh\u00f6hung der Steuern und\/oder Parkgeb\u00fchren.<\/li>\n<li>Hei\u00dfluftballonfahrten @ $ 505 pro Erwachsener \/ $ 380 pro Kind (<strong>unter 18 Jahren<\/strong>).<\/li>\n<li>Die Freigep\u00e4ckmenge ist STRENG auf 15 kg pro Person begrenzt.<\/li>\n<li>Kleinkinder, die nicht f\u00fcr einen Sitzplatz bezahlen, haben keinen Anspruch auf Freigep\u00e4ck.<\/li>\n<\/ul>\n[\/info_list_son][\/info_list_father][\/vc_column_inner][\/vc_row_inner][\/vc_tta_section][\/vc_tta_tabs][wdo_ult_icon_seperator wdo_seperator_icon=&#8220;fas fa-paw&#8220; wdo_seperator_color=&#8220;#890000&#8243; wdo_seperator_opacity=&#8220;.2&#8243;][vc_btn title=&#8220;Angebot anfordern&#8220; style=&#8220;outline-custom&#8220; outline_custom_color=&#8220;#890000&#8243; outline_custom_hover_background=&#8220;#890000&#8243; outline_custom_hover_text=&#8220;#ffffff&#8220; shape=&#8220;square&#8220; size=&#8220;sm&#8220; align=&#8220;center&#8220; i_align=&#8220;right&#8220; i_icon_fontawesome=&#8220;fas fa-angle-right&#8220; add_icon=&#8220;true&#8220; link=&#8220;url:https%3A%2F%2Fmufasatoursandtravels.com%2Fde%2Fangebot-anfordern%2F|title:Angebot%20anfordern|&#8220; css=&#8220;.vc_custom_1724157668481{padding: 10px !important;}&#8220;][vc_column_text]\n<p style=\"text-align: left;\"><strong>VERZICHTSERKL\u00c4RUNG.<\/strong><\/p>\n<ul>\n<li>Diese Tour wird von <a href=\"https:\/\/mufasatoursandtravels.com\/de\/\">Mufasa Tours and Travels<\/a> angeboten.<\/li>\n<li>Alle unsere Safaris finden auf privater Basis statt.<\/li>\n<li>Kinder zwischen 0 \u2013 2 Jahren sind kostenlos.<\/li>\n<li>Kinder von 3 \u2013 12 Jahren zahlen 50% des Erwachsenenpreises, wenn sie im selben Zimmer mit Erwachsenen \u00fcbernachten.<\/li>\n<li>Kinder von 3 \u2013 12 Jahren zahlen 75% des Erwachsenenpreises, wenn sie in einem separaten Zimmer von Erwachsenen \u00fcbernachten.<\/li>\n<li>Kinder \u00fcber 12 Jahre werden in den Camps und Lodges als Erwachsene anerkannt.<\/li>\n<li>Wir behalten uns das Recht vor, das Programm wie angek\u00fcndigt zu \u00e4ndern.<\/li>\n<li>Sollte eine Unterkunft ausgebucht sein, schlagen wir Ihnen vergleichbare Alternativm\u00f6glichkeiten vor.<\/li>\n<li>Die genaue Reihenfolge, der Inhalt und die Preise dieser Tour unterliegen der Verf\u00fcgbarkeit.<\/li>\n<li>Diese Tour unterliegt den <a href=\"https:\/\/mufasatoursandtravels.com\/terms-and-conditions\/\">Allgemeinen Gesch\u00e4ftsbedingungen<\/a> von <a href=\"https:\/\/mufasatoursandtravels.com\/de\/\">Mufasa Tours and Travels.<\/a><\/li>\n<\/ul>\n[\/vc_column_text][\/vc_column][\/vc_row]\n","protected":false},"excerpt":{"rendered":"<p>[vc_row css=&#8220;.vc_custom_1724157769397{border-top-width: 10px !important;border-right-width: 10px !important;border-bottom-width: 10px !important;border-left-width: 10px !important;}&#8220; el_class=&#8220;rw-ds&#8220;][vc_column parallax=&#8220;content-moving&#8220; parallax_image=&#8220;9636&#8243; css=&#8220;.vc_custom_1690359976947{padding: 80px !important;}&#8220;][vc_custom_heading text=&#8220;FL\u00dcGEL \u00dcBER KENIA&#8220; font_container=&#8220;tag:h2|font_size:32|text_align:center|color:%23ffffff&#8220; google_fonts=&#8220;font_family:Roboto%3A100%2C100italic%2C300%2C300italic%2Cregular%2Citalic%2C500%2C500italic%2C700%2C700italic%2C900%2C900italic|font_style:500%20bold%20regular%3A500%3Anormal&#8220;][vc_custom_heading text=&#8220;Fliegen Sie ein&#8220; font_container=&#8220;tag:h2|font_size:20|text_align:center|color:%23ffffff&#8220; google_fonts=&#8220;font_family:Roboto%3A100%2C100italic%2C300%2C300italic%2Cregular%2Citalic%2C500%2C500italic%2C700%2C700italic%2C900%2C900italic|font_style:400%20regular%3A400%3Anormal&#8220;][vc_separator color=&#8220;custom&#8220; el_width=&#8220;80&#8243; accent_color=&#8220;#f8f8f8&#8243;][vc_custom_heading text=&#8220;Meru Nationalpark \u21fe Masai Mara&#8220; font_container=&#8220;tag:h2|font_size:22|text_align:center|color:%23ffffff&#8220; google_fonts=&#8220;font_family:Roboto%3A100%2C100italic%2C300%2C300italic%2Cregular%2Citalic%2C500%2C500italic%2C700%2C700italic%2C900%2C900italic|font_style:400%20regular%3A400%3Anormal&#8220;][\/vc_column][\/vc_row][vc_row gap=&#8220;10&#8243; css=&#8220;.vc_custom_1724157737121{border-top-width: 10px !important;border-right-width: 10px !important;border-bottom-width: 10px !important;border-left-width: 10px !important;}&#8220; el_class=&#8220;rw-ds&#8220;][vc_column css=&#8220;.vc_custom_1646821383416{border-right-width: 10px !important;border-left-width: 10px !important;}&#8220;][vc_tta_tabs shape=&#8220;square&#8220; color=&#8220;juicy-pink&#8220; alignment=&#8220;center&#8220; [&hellip;]<\/p>\n","protected":false},"author":4,"featured_media":0,"parent":31119,"menu_order":0,"comment_status":"closed","ping_status":"closed","template":"page-blank.php","meta":{"_themeisle_gutenberg_block_has_review":false,"footnotes":""},"class_list":["post-30852","page","type-page","status-publish","hentry"],"_links":{"self":[{"href":"https:\/\/mufasatoursandtravels.com\/de\/wp-json\/wp\/v2\/pages\/30852","targetHints":{"allow":["GET"]}}],"collection":[{"href":"https:\/\/mufasatoursandtravels.com\/de\/wp-json\/wp\/v2\/pages"}],"about":[{"href":"https:\/\/mufasatoursandtravels.com\/de\/wp-json\/wp\/v2\/types\/page"}],"author":[{"embeddable":true,"href":"https:\/\/mufasatoursandtravels.com\/de\/wp-json\/wp\/v2\/users\/4"}],"replies":[{"embeddable":true,"href":"https:\/\/mufasatoursandtravels.com\/de\/wp-json\/wp\/v2\/comments?post=30852"}],"version-history":[{"count":1,"href":"https:\/\/mufasatoursandtravels.com\/de\/wp-json\/wp\/v2\/pages\/30852\/revisions"}],"predecessor-version":[{"id":30854,"href":"https:\/\/mufasatoursandtravels.com\/de\/wp-json\/wp\/v2\/pages\/30852\/revisions\/30854"}],"up":[{"embeddable":true,"href":"https:\/\/mufasatoursandtravels.com\/de\/wp-json\/wp\/v2\/pages\/31119"}],"wp:attachment":[{"href":"https:\/\/mufasatoursandtravels.com\/de\/wp-json\/wp\/v2\/media?parent=30852"}],"curies":[{"name":"wp","href":"https:\/\/api.w.org\/{rel}","templated":true}]}}