{"id":30853,"date":"2022-02-25T08:55:46","date_gmt":"2022-02-25T05:55:46","guid":{"rendered":"https:\/\/mufasatoursandtravels.com\/samburu-flugsafari\/"},"modified":"2025-04-10T16:44:58","modified_gmt":"2025-04-10T13:44:58","slug":"samburu-flugsafari","status":"publish","type":"page","link":"https:\/\/mufasatoursandtravels.com\/de\/kenia-flugsafaris\/kenia-flying-safaris-langer-aufenthalt\/samburu-flugsafari\/","title":{"rendered":"Samburu Flugsafari"},"content":{"rendered":"[vc_row css=&#8220;.vc_custom_1688121197110{padding: 10px !important;}&#8220;][vc_column parallax=&#8220;content-moving&#8220; parallax_image=&#8220;11333&#8243; parallax_speed_bg=&#8220;1.9&#8243; css=&#8220;.vc_custom_1690359001397{padding-top: 80px !important;padding-right: 80px !important;padding-bottom: 80px !important;padding-left: 80px !important;}&#8220;][vc_custom_heading text=&#8220;DER GESCHMACK AFRIKAS&#8220; font_container=&#8220;tag:h2|font_size:32|text_align:center|color:%23ffffff&#8220; google_fonts=&#8220;font_family:Roboto%3A100%2C100italic%2C300%2C300italic%2Cregular%2Citalic%2C500%2C500italic%2C700%2C700italic%2C900%2C900italic|font_style:400%20regular%3A400%3Anormal&#8220;][vc_custom_heading text=&#8220;Fliegen Sie ein&#8220; font_container=&#8220;tag:h2|font_size:20|text_align:center|color:%23ffffff&#8220; google_fonts=&#8220;font_family:Roboto%3A100%2C100italic%2C300%2C300italic%2Cregular%2Citalic%2C500%2C500italic%2C700%2C700italic%2C900%2C900italic|font_style:400%20regular%3A400%3Anormal&#8220;][vc_separator color=&#8220;custom&#8220; el_width=&#8220;80&#8243; accent_color=&#8220;#f8f8f8&#8243;][vc_custom_heading text=&#8220;Amboseli \u21fe Naivasha-See \u21fe Masai Mara&#8220; font_container=&#8220;tag:h2|font_size:22|text_align:center|color:%23ffffff&#8220; google_fonts=&#8220;font_family:Roboto%3A100%2C100italic%2C300%2C300italic%2Cregular%2Citalic%2C500%2C500italic%2C700%2C700italic%2C900%2C900italic|font_style:400%20regular%3A400%3Anormal&#8220;][\/vc_column][\/vc_row][vc_row][vc_column offset=&#8220;vc_hidden-xs&#8220;][vc_tta_tabs shape=&#8220;square&#8220; color=&#8220;juicy-pink&#8220; alignment=&#8220;center&#8220; active_section=&#8220;1&#8243;][vc_tta_section title=&#8220;Programm&#8220; tab_id=&#8220;1645777668819-be153009-1f91&#8243;][info_list_father][info_list_son style=&#8220;icon&#8220; size=&#8220;15&#8243; width=&#8220;20&#8243; height=&#8220;20&#8243; titleclr=&#8220;#890000&#8243; icon=&#8220;fas fa-calendar-check&#8220; iconclr=&#8220;#890000&#8243; title=&#8220;TAG 1: NAIROBI FLUG NACH AMBOSELI&#8220; caption_url=&#8220;&#8220;]\n<ul>\n<li>Abholung von Ihrem Hotel in Nairobi um 6.00 Uhr und Transfer zum Flughafen Wilson.<\/li>\n<li>Checken Sie ein und warten Sie auf den Flug Amboseli, der um 7.00 Uhr abfliegt und um 8.00 Uhr in Amboseli ankommt.<\/li>\n<li>Bei Ihrer Ankunft werden Sie von unserem Fahrerf\u00fchrer abgeholt und zu Ihrem jeweiligen Camp gebracht.<\/li>\n<li>Mittagessen im Camp.<\/li>\n<li>Pirschfahrten am Nachmittag.<\/li>\n<li>R\u00fcckkehr zur Lodge oder zum Camp f\u00fcr das Abendessen und die \u00dcbernachtung.<\/li>\n<\/ul>\n[\/info_list_son][info_list_son style=&#8220;icon&#8220; size=&#8220;15&#8243; width=&#8220;20&#8243; height=&#8220;20&#8243; titleclr=&#8220;#890000&#8243; icon=&#8220;fas fa-calendar-check&#8220; iconclr=&#8220;#890000&#8243; title=&#8220;TAG 2: AMBOSELI PIRSCHFAHRTEN&#8220; caption_url=&#8220;&#8220;]\n<ul>\n<li>Fr\u00fches Fr\u00fchst\u00fcck im Camp oder in der Lodge<\/li>\n<li>Morgendliche Pirschfahrten im Amboseli Nationalpark.<\/li>\n<li>Warmes Mittagessen im Camp.<\/li>\n<li>Entspannen Sie sich und genie\u00dfen Sie die Annehmlichkeiten des Hotels wie Schwimmen usw.<\/li>\n<li>Danach begeben Sie sich auf eine abendliche Safari bis zum afrikanischen Sonnenuntergang.<\/li>\n<li>R\u00fcckkehr zum Camp oder zur Lodge zum Abendessen und zur \u00dcbernachtung.<\/li>\n<\/ul>\n[\/info_list_son][info_list_son style=&#8220;icon&#8220; size=&#8220;15&#8243; width=&#8220;20&#8243; height=&#8220;20&#8243; titleclr=&#8220;#890000&#8243; icon=&#8220;fas fa-calendar-check&#8220; iconclr=&#8220;#890000&#8243; title=&#8220;TAG 3: AMBOSELI FLUG NACH NAIROBI FAHRT ZUM LAKE NAIVASHA&#8220; caption_url=&#8220;&#8220;]\n<ul>\n<li>Fr\u00fches Fr\u00fchst\u00fcck in der Lodge.<\/li>\n<li>Pirschfahrten auf dem Weg zur Landebahn von Amboseli.<\/li>\n<li>R\u00fcckflug nach Nairobi.<\/li>\n<li>Bei der Ankunft in Wilson treffen Sie unseren Guide, der Sie \u00fcber das Great Rift Valley zum Lake Naivasha f\u00e4hrt.<\/li>\n<li>Ankunft zum Mittagessen im Camp.<\/li>\n<li data-shorten=\"300\">Entspannen Sie sich am Ufer des Naivasha-Sees.<\/li>\n<li data-shorten=\"300\">Sonnentwen am Seeufer bei Sonnenuntergang.<\/li>\n<li data-shorten=\"300\">Abendessen im Camp.<\/li>\n<\/ul>\n[\/info_list_son][info_list_son style=&#8220;icon&#8220; size=&#8220;15&#8243; width=&#8220;20&#8243; height=&#8220;20&#8243; titleclr=&#8220;#890000&#8243; icon=&#8220;fas fa-calendar-check&#8220; iconclr=&#8220;#890000&#8243; title=&#8220;TAG 4: NAIVASHA-SEE&#8220; caption_url=&#8220;&#8220;]\n<ul>\n<li>Fr\u00fches Fr\u00fchst\u00fcck in der Lodge.<\/li>\n<li>Morgendliche Bootsfahrten und Spaziergang auf der Halbmondinsel.<\/li>\n<li>Mittagessen in der Lodge.<\/li>\n<li>Nachmittags Pirschfahrten im Oserengoni Wildlife Conservancy.<\/li>\n<li>Sp\u00e4ter Abendessen im Camp.<\/li>\n<\/ul>\n[\/info_list_son][info_list_son style=&#8220;icon&#8220; size=&#8220;15&#8243; width=&#8220;20&#8243; height=&#8220;20&#8243; titleclr=&#8220;#890000&#8243; icon=&#8220;fas fa-calendar-check&#8220; iconclr=&#8220;#890000&#8243; title=&#8220;TAG 5: NAIVASHA SEE FLUG ZUR MASAI MARA&#8220; caption_url=&#8220;&#8220;]\n<ul>\n<li>Fr\u00fches Fr\u00fchst\u00fcck in der Lodge.<\/li>\n<li>Er wurde zur Landebahn gebracht, um nach Masai Mara zu fliegen.<\/li>\n<li>Bei der Ankunft auf der Landebahn werden Sie von unserem Guide abgeholt und zum Einchecken ins Camp gebracht.<\/li>\n<li>Mittagessen im Camp.<\/li>\n<li>Pirschfahrten am Nachmittag bis zum Sonnenuntergang.<\/li>\n<li>Abendessen im Camp.<\/li>\n<\/ul>\n[\/info_list_son][info_list_son style=&#8220;icon&#8220; size=&#8220;15&#8243; width=&#8220;20&#8243; height=&#8220;20&#8243; titleclr=&#8220;#890000&#8243; icon=&#8220;fas fa-calendar-check&#8220; iconclr=&#8220;#890000&#8243; title=&#8220;TAG 6: PIRSCHFAHRTEN IN DER MASAI MARA&#8220; caption_url=&#8220;&#8220;]\n<ul>\n<li>Fr\u00fches Fr\u00fchst\u00fcck in der Lodge.<\/li>\n<li>Ganzt\u00e4gige Pirschfahrten in der Masai Mara.<\/li>\n<li>Mittagessen mit Picknickkorb im Busch.<\/li>\n<li>Besuch des Massai-Dorfes.<\/li>\n<li>Sundowner im Busch.<\/li>\n<li>Abendessen im Camp.<\/li>\n<\/ul>\n[\/info_list_son][info_list_son style=&#8220;icon&#8220; size=&#8220;15&#8243; width=&#8220;20&#8243; height=&#8220;20&#8243; titleclr=&#8220;#890000&#8243; icon=&#8220;fas fa-calendar-check&#8220; iconclr=&#8220;#890000&#8243; title=&#8220;TAG 7: MASAI MARA FLUG NACH NAIROBI&#8220; caption_url=&#8220;&#8220;]\n<ul>\n<li>Fr\u00fches Fr\u00fchst\u00fcck in der Lodge.<\/li>\n<li>Checken Sie aus und setzen Sie sich an der Landebahn ab.<\/li>\n<li>Fliegen Sie zur\u00fcck nach Nairobi und kommen Sie am Flughafen Wilson in Nairobi an.<\/li>\n<li>Bei der Ankunft wird Sie unser Firmenvertreter abholen und zu Ihrem jeweiligen Hotel in Nairobi oder am Flughafen bringen.<\/li>\n<\/ul>\n[\/info_list_son][\/info_list_father][\/vc_tta_section][vc_tta_section title=&#8220;Inklusive\/Exklusiv&#8220; tab_id=&#8220;1645777679356-1f5cf022-10af&#8220;][vc_row_inner][vc_column_inner width=&#8220;1\/2&#8243;][info_list_father][info_list_son style=&#8220;icon&#8220; size=&#8220;15&#8243; width=&#8220;20&#8243; height=&#8220;20&#8243; titleclr=&#8220;#890000&#8243; icon=&#8220;fas fa-user-plus&#8220; iconclr=&#8220;#890000&#8243; title=&#8220;IINKLUSIVE&#8220; caption_url=&#8220;&#8220;]\n<ul class=\"list list--icon\">\n<li>Parkgeb\u00fchren f\u00fcr den Park angegeben.<\/li>\n<li>Transport in einem Landcruiser mit offenem Dach.<\/li>\n<li>Service eines professionellen Fahrer-Guides.<\/li>\n<li>Mahlzeiten mit Vollpension in der Lodge\/ im Camp.<\/li>\n<li>6 \u00dcbernachtungen im jeweils angegebenen Hotel.<\/li>\n<li>Inlandsfl\u00fcge innerhalb Kenias.<\/li>\n<li>Flughafentransfers<\/li>\n<\/ul>\n[\/info_list_son][\/info_list_father][\/vc_column_inner][vc_column_inner width=&#8220;1\/2&#8243;][info_list_father][info_list_son style=&#8220;icon&#8220; size=&#8220;15&#8243; width=&#8220;20&#8243; height=&#8220;20&#8243; titleclr=&#8220;#890000&#8243; icon=&#8220;fas fa-user-minus&#8220; iconclr=&#8220;#890000&#8243; title=&#8220;AUSGESCHLOSSEN&#8220; caption_url=&#8220;&#8220;]\n<ul class=\"list list--icon\">\n<li>Kultureller Besuch des Masai-Dorfes.<\/li>\n<li>Tipps zum Fahrerf\u00fchrer (<strong>Sehr empfehlenswert<\/strong>).<\/li>\n<li>Pers\u00f6nliche Gegenst\u00e4nde <span class=\"txt--xsmall txt--xgrey\">(Souvenirs, Reiseversicherungen, Visageb\u00fchren, etc.)<\/span><\/li>\n<li>Zus\u00e4tzliche Unterkunft vor und am Ende der Tour.<\/li>\n<li>Die Regierung verh\u00e4ngte eine Erh\u00f6hung der Steuern und\/oder Parkgeb\u00fchren.<\/li>\n<li>Hei\u00dfluftballonfahrten @ $ 450 pro Erwachsener \/ $ 350 pro Kind (<strong>unter 12 Jahren<\/strong>).<\/li>\n<li>Die Freigep\u00e4ckmenge ist STRENG auf 15 kg pro Person begrenzt.<\/li>\n<li>Kleinkinder, die nicht f\u00fcr einen Sitzplatz bezahlen, haben keinen Anspruch auf Freigep\u00e4ck.<\/li>\n<\/ul>\n[\/info_list_son][\/info_list_father][\/vc_column_inner][\/vc_row_inner][\/vc_tta_section][vc_tta_section title=&#8220;Reise-Checkliste&#8220; tab_id=&#8220;1645777684966-7df09203-3341&#8243;][vc_row_inner][vc_column_inner width=&#8220;1\/2&#8243;][vc_custom_heading text=&#8220;Vor der Reise&#8220; font_container=&#8220;tag:h2|text_align:left|color:%23890000&#8243; google_fonts=&#8220;font_family:Open%20Sans%3A300%2C300italic%2Cregular%2Citalic%2C600%2C600italic%2C700%2C700italic%2C800%2C800italic&#8220;][vc_separator color=&#8220;custom&#8220; align=&#8220;align_left&#8220; border_width=&#8220;2&#8243; el_width=&#8220;20&#8243; accent_color=&#8220;#890000&#8243;][vc_column_text]Bevor Sie sich auf die Reise begeben, sollten Sie sich unsere umfassenden Reisetipps durchlesen, um ein reibungsloses Erlebnis zu gew\u00e4hrleisten.[\/vc_column_text][vc_btn title=&#8220;Weitere Informationen&#8220; style=&#8220;outline-custom&#8220; outline_custom_color=&#8220;#890000&#8243; outline_custom_hover_background=&#8220;#890000&#8243; outline_custom_hover_text=&#8220;#ffffff&#8220; shape=&#8220;square&#8220; size=&#8220;sm&#8220; i_align=&#8220;right&#8220; i_icon_fontawesome=&#8220;fas fa-angle-right&#8220; add_icon=&#8220;true&#8220; link=&#8220;url:https%3A%2F%2Fmufasatoursandtravels.com%2Fde%2Fvorbereitung-auf-die-reise%2F|title:Vorbereitung%20auf%20die%20Reise|&#8220;][\/vc_column_inner][vc_column_inner width=&#8220;1\/2&#8243;][vc_custom_heading text=&#8220;Bei der Buchung&#8220; font_container=&#8220;tag:h2|text_align:left|color:%23890000&#8243; google_fonts=&#8220;font_family:Open%20Sans%3A300%2C300italic%2Cregular%2Citalic%2C600%2C600italic%2C700%2C700italic%2C800%2C800italic&#8220;][vc_separator color=&#8220;custom&#8220; align=&#8220;align_left&#8220; border_width=&#8220;2&#8243; el_width=&#8220;20&#8243; accent_color=&#8220;#890000&#8243;][vc_column_text]Verbessern Sie Ihre Reiseplanung, indem Sie wertvolle Informationen zum Reiseziel herunterladen, wie z. B. Pass- und Visabestimmungen, empfohlene Impfungen, Gep\u00e4ckbeschr\u00e4nkungen, Packliste und Trinkgeldrichtlinien.[\/vc_column_text][vc_btn title=&#8220;Weitere Informationen&#8220; style=&#8220;outline-custom&#8220; outline_custom_color=&#8220;#890000&#8243; outline_custom_hover_background=&#8220;#890000&#8243; outline_custom_hover_text=&#8220;#ffffff&#8220; shape=&#8220;square&#8220; size=&#8220;sm&#8220; i_align=&#8220;right&#8220; i_icon_fontawesome=&#8220;fas fa-angle-right&#8220; add_icon=&#8220;true&#8220; link=&#8220;url:https%3A%2F%2Fmufasatoursandtravels.com%2Fde%2Fwas-sie-vor-der-ankunft-in-ostafrika-wissen-sollten%2F|title:WAS%20SIE%20VOR%20DER%20ANKUNFT%20IN%20OSTAFRIKA%20WISSEN%20SOLLTEN|&#8220;][\/vc_column_inner][\/vc_row_inner][vc_row_inner][vc_column_inner width=&#8220;1\/2&#8243;][vc_custom_heading text=&#8220;W\u00e4hrend der Tour&#8220; font_container=&#8220;tag:h2|text_align:left|color:%23890000&#8243; google_fonts=&#8220;font_family:Open%20Sans%3A300%2C300italic%2Cregular%2Citalic%2C600%2C600italic%2C700%2C700italic%2C800%2C800italic&#8220;][vc_separator color=&#8220;custom&#8220; align=&#8220;align_left&#8220; border_width=&#8220;2&#8243; el_width=&#8220;20&#8243; accent_color=&#8220;#890000&#8243;][vc_column_text]Maximieren Sie den Erfolg Ihrer Reise, indem Sie wichtige Informationen \u00fcber Ihr(e) Reiseziel(e) herunterladen, einschlie\u00dflich Pass- und Visabestimmungen, Impfrichtlinien, Gep\u00e4ckbeschr\u00e4nkungen, Packliste und Trinkgelder.[\/vc_column_text][vc_btn title=&#8220;Weitere Informationen&#8220; style=&#8220;outline-custom&#8220; outline_custom_color=&#8220;#890000&#8243; outline_custom_hover_background=&#8220;#890000&#8243; outline_custom_hover_text=&#8220;#ffffff&#8220; shape=&#8220;square&#8220; size=&#8220;sm&#8220; i_align=&#8220;right&#8220; i_icon_fontawesome=&#8220;fas fa-angle-right&#8220; add_icon=&#8220;true&#8220; link=&#8220;url:https%3A%2F%2Fmufasatoursandtravels.com%2Fde%2Fpaesse-und-visa%2F|title:P%C3%A4sse%20und%20Visa|&#8220;][\/vc_column_inner][vc_column_inner width=&#8220;1\/2&#8243;][vc_custom_heading text=&#8220;Nach der Reise&#8220; font_container=&#8220;tag:h2|text_align:left|color:%23890000&#8243; google_fonts=&#8220;font_family:Open%20Sans%3A300%2C300italic%2Cregular%2Citalic%2C600%2C600italic%2C700%2C700italic%2C800%2C800italic&#8220;][vc_separator color=&#8220;custom&#8220; align=&#8220;align_left&#8220; border_width=&#8220;2&#8243; el_width=&#8220;20&#8243; accent_color=&#8220;#890000&#8243;][vc_column_text]W\u00e4hrend Sie sich im Nachglanz Ihres Abenteuers sonnen, sind wir hier, um Ihnen mit wichtigen Tipps nach der Reise zu helfen, um sicherzustellen, dass Ihre R\u00fcckkehr nach Hause so nahtlos und komfortabel ist wie Ihre Reise selbst.[\/vc_column_text][\/vc_column_inner][\/vc_row_inner][\/vc_tta_section][\/vc_tta_tabs][wdo_ult_icon_seperator wdo_seperator_icon=&#8220;fas fa-paw&#8220; wdo_seperator_color=&#8220;#890000&#8243; wdo_seperator_opacity=&#8220;.2&#8243;][vc_btn title=&#8220;Angebot anfordern&#8220; style=&#8220;outline-custom&#8220; outline_custom_color=&#8220;#890000&#8243; outline_custom_hover_background=&#8220;#890000&#8243; outline_custom_hover_text=&#8220;#ffffff&#8220; shape=&#8220;square&#8220; size=&#8220;sm&#8220; align=&#8220;center&#8220; i_align=&#8220;right&#8220; i_icon_fontawesome=&#8220;fas fa-angle-right&#8220; add_icon=&#8220;true&#8220; link=&#8220;url:https%3A%2F%2Fmufasatoursandtravels.com%2Fde%2Fangebot-anfordern%2F|title:Angebot%20anfordern|&#8220; css=&#8220;.vc_custom_1724245147377{padding: 10px !important;}&#8220;][vc_column_text]\n<p style=\"text-align: left;\"><strong>VERZICHTSERKL\u00c4RUNG.<\/strong><\/p>\n<ul>\n<li>Diese Tour wird von <a href=\"https:\/\/mufasatoursandtravels.com\/de\/\">Mufasa Tours and Travels<\/a> angeboten.<\/li>\n<li>Alle unsere Safaris finden auf privater Basis statt.<\/li>\n<li>Kinder zwischen 0 \u2013 2 Jahren sind kostenlos.<\/li>\n<li>Kinder von 3 \u2013 12 Jahren zahlen 50% des Erwachsenenpreises, wenn sie im selben Zimmer mit Erwachsenen \u00fcbernachten.<\/li>\n<li>Kinder von 3 \u2013 12 Jahren zahlen 75% des Erwachsenenpreises, wenn sie in einem separaten Zimmer von Erwachsenen \u00fcbernachten.<\/li>\n<li>Kinder \u00fcber 12 Jahre werden in den Camps und Lodges als Erwachsene anerkannt.<\/li>\n<li>Wir behalten uns das Recht vor, das Programm wie angek\u00fcndigt zu \u00e4ndern.<\/li>\n<li>Sollte eine Unterkunft ausgebucht sein, schlagen wir Ihnen vergleichbare Alternativm\u00f6glichkeiten vor.<\/li>\n<li>Die genaue Reihenfolge, der Inhalt und die Preise dieser Tour unterliegen der Verf\u00fcgbarkeit.<\/li>\n<li>Diese Tour unterliegt den <a href=\"https:\/\/mufasatoursandtravels.com\/de\/allgemeine-geschaeftsbedingungen\/\">Allgemeinen Gesch\u00e4ftsbedingungen<\/a> von <a href=\"https:\/\/mufasatoursandtravels.com\/de\/\">Mufasa Tours and Travels.<\/a><\/li>\n<\/ul>\n[\/vc_column_text][\/vc_column][\/vc_row]\n","protected":false},"excerpt":{"rendered":"<p>[vc_row css=&#8220;.vc_custom_1688121197110{padding: 10px !important;}&#8220;][vc_column parallax=&#8220;content-moving&#8220; parallax_image=&#8220;11333&#8243; parallax_speed_bg=&#8220;1.9&#8243; css=&#8220;.vc_custom_1690359001397{padding-top: 80px !important;padding-right: 80px !important;padding-bottom: 80px !important;padding-left: 80px !important;}&#8220;][vc_custom_heading text=&#8220;DER GESCHMACK AFRIKAS&#8220; font_container=&#8220;tag:h2|font_size:32|text_align:center|color:%23ffffff&#8220; google_fonts=&#8220;font_family:Roboto%3A100%2C100italic%2C300%2C300italic%2Cregular%2Citalic%2C500%2C500italic%2C700%2C700italic%2C900%2C900italic|font_style:400%20regular%3A400%3Anormal&#8220;][vc_custom_heading text=&#8220;Fliegen Sie ein&#8220; font_container=&#8220;tag:h2|font_size:20|text_align:center|color:%23ffffff&#8220; google_fonts=&#8220;font_family:Roboto%3A100%2C100italic%2C300%2C300italic%2Cregular%2Citalic%2C500%2C500italic%2C700%2C700italic%2C900%2C900italic|font_style:400%20regular%3A400%3Anormal&#8220;][vc_separator color=&#8220;custom&#8220; el_width=&#8220;80&#8243; accent_color=&#8220;#f8f8f8&#8243;][vc_custom_heading text=&#8220;Amboseli \u21fe Naivasha-See \u21fe Masai Mara&#8220; font_container=&#8220;tag:h2|font_size:22|text_align:center|color:%23ffffff&#8220; google_fonts=&#8220;font_family:Roboto%3A100%2C100italic%2C300%2C300italic%2Cregular%2Citalic%2C500%2C500italic%2C700%2C700italic%2C900%2C900italic|font_style:400%20regular%3A400%3Anormal&#8220;][\/vc_column][\/vc_row][vc_row][vc_column offset=&#8220;vc_hidden-xs&#8220;][vc_tta_tabs shape=&#8220;square&#8220; color=&#8220;juicy-pink&#8220; alignment=&#8220;center&#8220; active_section=&#8220;1&#8243;][vc_tta_section title=&#8220;Programm&#8220; tab_id=&#8220;1645777668819-be153009-1f91&#8243;][info_list_father][info_list_son style=&#8220;icon&#8220; size=&#8220;15&#8243; width=&#8220;20&#8243; height=&#8220;20&#8243; titleclr=&#8220;#890000&#8243; icon=&#8220;fas fa-calendar-check&#8220; iconclr=&#8220;#890000&#8243; title=&#8220;TAG 1: NAIROBI [&hellip;]<\/p>\n","protected":false},"author":4,"featured_media":0,"parent":33450,"menu_order":2,"comment_status":"closed","ping_status":"closed","template":"page-blank.php","meta":{"_themeisle_gutenberg_block_has_review":false,"footnotes":""},"class_list":["post-30853","page","type-page","status-publish","hentry"],"_links":{"self":[{"href":"https:\/\/mufasatoursandtravels.com\/de\/wp-json\/wp\/v2\/pages\/30853","targetHints":{"allow":["GET"]}}],"collection":[{"href":"https:\/\/mufasatoursandtravels.com\/de\/wp-json\/wp\/v2\/pages"}],"about":[{"href":"https:\/\/mufasatoursandtravels.com\/de\/wp-json\/wp\/v2\/types\/page"}],"author":[{"embeddable":true,"href":"https:\/\/mufasatoursandtravels.com\/de\/wp-json\/wp\/v2\/users\/4"}],"replies":[{"embeddable":true,"href":"https:\/\/mufasatoursandtravels.com\/de\/wp-json\/wp\/v2\/comments?post=30853"}],"version-history":[{"count":2,"href":"https:\/\/mufasatoursandtravels.com\/de\/wp-json\/wp\/v2\/pages\/30853\/revisions"}],"predecessor-version":[{"id":33493,"href":"https:\/\/mufasatoursandtravels.com\/de\/wp-json\/wp\/v2\/pages\/30853\/revisions\/33493"}],"up":[{"embeddable":true,"href":"https:\/\/mufasatoursandtravels.com\/de\/wp-json\/wp\/v2\/pages\/33450"}],"wp:attachment":[{"href":"https:\/\/mufasatoursandtravels.com\/de\/wp-json\/wp\/v2\/media?parent=30853"}],"curies":[{"name":"wp","href":"https:\/\/api.w.org\/{rel}","templated":true}]}}