{"id":30877,"date":"2022-03-25T06:51:26","date_gmt":"2022-03-25T03:51:26","guid":{"rendered":"https:\/\/mufasatoursandtravels.com\/flugziele\/nationalreservat-samburu\/"},"modified":"2025-04-08T12:10:34","modified_gmt":"2025-04-08T09:10:34","slug":"nationalreservat-samburu","status":"publish","type":"page","link":"https:\/\/mufasatoursandtravels.com\/de\/flugziele\/nationalreservat-samburu\/","title":{"rendered":"Nationalreservat Samburu"},"content":{"rendered":"[vc_row full_width=&#8220;stretch_row&#8220;][vc_column css=&#8220;.vc_custom_1679044842327{border-bottom-width: 10px !important;}&#8220;][ucaddon_classic_banner title=&#8220;&#8220; link_text=&#8220;Samburu National Reserve, Kenya&#8220; image=&#8220;6756&#8243; link=&#8220;&#8220; uc_init_settings=&#8220;&#8220; uc_fonts_data=&#8220;JTdCJTdE&#8220;][\/ucaddon_classic_banner][\/vc_column][\/vc_row][vc_row][vc_column css=&#8220;.vc_custom_1679044852908{border-top-width: 10px !important;}&#8220;][vc_tta_tabs shape=&#8220;square&#8220; color=&#8220;juicy-pink&#8220; alignment=&#8220;center&#8220; active_section=&#8220;1&#8243; no_fill_content_area=&#8220;true&#8220;][vc_tta_section title=&#8220;\u00dcber&#8220; tab_id=&#8220;1636302233132-39a30584-a642&#8243;][info_list_father][info_list_son style=&#8220;icon&#8220; size=&#8220;20&#8243; width=&#8220;25&#8243; height=&#8220;25&#8243; titleclr=&#8220;#800000&#8243; icon=&#8220;fas fa-question-circle&#8220; title=&#8220;Nationalreservat Samburu&#8220;]Es liegt an der s\u00fcd\u00f6stlichen Ecke des Samburu-Distrikts in der kenianischen Provinz Rift Valley. Er wird im S\u00fcden vom Ewaso Nyiro River begrenzt, der ihn vom Buffalo Springs National Reserve trennt. <\/p>\n<p>Das Reservat erstreckt sich \u00fcber eine Fl\u00e4che von 165 km\u00b2 und liegt etwa 345 km von Nairobi entfernt.<\/p>\n<p>Das Reservat liegt in der \u00f6kologischen Zone V, die als arid und semiarid mit einem Feuchtigkeitsindex von 42 bis 57 klassifiziert ist, was darauf hindeutet, dass die Evapotranspiration gr\u00f6\u00dfer ist als die verf\u00fcgbare Feuchtigkeit. Die Tage sind extrem hei\u00df, w\u00e4hrend die N\u00e4chte k\u00fchl sind. Die Jahresdurchschnittstemperaturen liegen zwischen 18 \u00b0C und 30 \u00b0C, w\u00e4hrend die durchschnittliche j\u00e4hrliche Niederschlagsmenge 354 mm betr\u00e4gt, mit Spitzenwerten im November und April. Die Trockenzeit beginnt Ende Mai und dauert bis Anfang Oktober, wenn aufgrund der \u00fcppigen Vegetation entlang des Ewaso Nyiro-Flusses, der Hauptwasserquelle des Reservats und der umliegenden Gemeinden, eine gro\u00dfe Konzentration von Wildtieren im Reservat zu finden ist   [\/info_list_son][info_list_son style=&#8220;icon&#8220; size=&#8220;20&#8243; width=&#8220;25&#8243; height=&#8220;25&#8243; titleclr=&#8220;#800000&#8243; icon=&#8220;fas fa-binoculars&#8220; title=&#8220;Tierwelt&#8220;]Das Reservat ist reich an Wildtieren und ist ber\u00fchmt f\u00fcr seinen Reichtum an seltenen n\u00f6rdlichen Spezialarten wie dem Grevy-Zebra, dem Somali-Strau\u00df, der Netzgiraffe, dem Gerenuk und der Beisa-Oryx (auch als Samburu Special bezeichnet). Das Reservat ist auch mit mindestens 900 Elefanten beliebt. Gro\u00dfe Raubtiere wie der L\u00f6we, der Leopard und der Gepard sind eine wichtige Attraktion (Kamunyak, die Wunderl\u00f6win, die das Oryxbaby adaptiert hat, ist ein Bewohner des Reservats). Wildhundesichtungen sind ebenfalls eine h\u00e4ufige Attraktion in diesem einzigartigen Schutzgebiet. Die Vogelwelt ist mit \u00fcber 450 registrierten Arten reichhaltig. Die V\u00f6gel des trockenen n\u00f6rdlichen Buschlandes werden durch eine Reihe von Flusswaldarten erg\u00e4nzt. Der Kleine Turmfalke und der Taitafalke sind Arten von weltweitem Naturschutzinteresse und beide nutzen das Reservat. F\u00fcnf Arten, die als gef\u00e4hrdet eingestuft wurden, wurden im Reservat registriert. Dabei handelt es sich um den afrikanischen Darter, den Silberreiher, den Wei\u00dfkopfgeier, den Kampfadler und den Gelbschnabel-Ochsenspecht. Vom Aussterben bedrohte Art unter CITIES \u2013 Pfannkuchenschildkr\u00f6te (<em>malacochersus tornieri<\/em>) kommt im Reservat vor.         [\/info_list_son][info_list_son style=&#8220;icon&#8220; size=&#8220;20&#8243; width=&#8220;25&#8243; height=&#8220;25&#8243; titleclr=&#8220;#800000&#8243; icon=&#8220;fas fa-paw&#8220; title=&#8220;Aktivit\u00e4ten&#8220;]\n<ul>\n<li>Spazierg\u00e4nge in der Natur.<\/li>\n<li>Pirschfahrten.<\/li>\n<li>Vogelbeobachtung.<\/li>\n<\/ul>\n[\/info_list_son][\/info_list_father][\/vc_tta_section][vc_tta_section title=&#8220;Anfahrt&#8220; tab_id=&#8220;1633455601016-f93699bc-5d92&#8243;][vc_gmaps link=&#8220;#E-8_JTNDaWZyYW1lJTIwc3JjJTNEJTIyaHR0cHMlM0ElMkYlMkZtYXBzLmdvb2dsZS5jb20lMkZtYXBzJTNGcSUzRHNhbWJ1cnUlMjUyMG5hdGlvbmFsJTI1MjByZXNlcnZlJTI2YW1wJTNCdCUzRCUyNmFtcCUzQnolM0QxMyUyNmFtcCUzQmllJTNEVVRGOCUyNmFtcCUzQml3bG9jJTNEJTI2YW1wJTNCb3V0cHV0JTNEZW1iZWQlMjIlMjB3aWR0aCUzRCUyMjYwMCUyMiUyMGhlaWdodCUzRCUyMjQ1MCUyMiUyMGZyYW1lYm9yZGVyJTNEJTIyMCUyMiUyMHN0eWxlJTNEJTIyYm9yZGVyJTNBMCUyMiUyMGFsbG93ZnVsbHNjcmVlbiUzRCUyMiUyMiUzRSUzQyUyRmlmcmFtZSUzRQ==&#8220;][\/vc_tta_section][\/vc_tta_tabs][\/vc_column][\/vc_row]\n","protected":false},"excerpt":{"rendered":"<p>[vc_row full_width=&#8220;stretch_row&#8220;][vc_column css=&#8220;.vc_custom_1679044842327{border-bottom-width: 10px !important;}&#8220;][ucaddon_classic_banner title=&#8220;&#8220; link_text=&#8220;Samburu National Reserve, Kenya&#8220; image=&#8220;6756&#8243; link=&#8220;&#8220; uc_init_settings=&#8220;&#8220; uc_fonts_data=&#8220;JTdCJTdE&#8220;][\/ucaddon_classic_banner][\/vc_column][\/vc_row][vc_row][vc_column css=&#8220;.vc_custom_1679044852908{border-top-width: 10px !important;}&#8220;][vc_tta_tabs shape=&#8220;square&#8220; color=&#8220;juicy-pink&#8220; alignment=&#8220;center&#8220; active_section=&#8220;1&#8243; no_fill_content_area=&#8220;true&#8220;][vc_tta_section title=&#8220;\u00dcber&#8220; tab_id=&#8220;1636302233132-39a30584-a642&#8243;][info_list_father][info_list_son style=&#8220;icon&#8220; size=&#8220;20&#8243; width=&#8220;25&#8243; height=&#8220;25&#8243; titleclr=&#8220;#800000&#8243; icon=&#8220;fas fa-question-circle&#8220; title=&#8220;Nationalreservat Samburu&#8220;]Es liegt an der s\u00fcd\u00f6stlichen Ecke des Samburu-Distrikts in der kenianischen Provinz Rift Valley. Er wird im S\u00fcden vom Ewaso Nyiro River begrenzt, [&hellip;]<\/p>\n","protected":false},"author":4,"featured_media":0,"parent":27929,"menu_order":21,"comment_status":"closed","ping_status":"closed","template":"","meta":{"_themeisle_gutenberg_block_has_review":false,"footnotes":""},"class_list":["post-30877","page","type-page","status-publish","hentry"],"_links":{"self":[{"href":"https:\/\/mufasatoursandtravels.com\/de\/wp-json\/wp\/v2\/pages\/30877","targetHints":{"allow":["GET"]}}],"collection":[{"href":"https:\/\/mufasatoursandtravels.com\/de\/wp-json\/wp\/v2\/pages"}],"about":[{"href":"https:\/\/mufasatoursandtravels.com\/de\/wp-json\/wp\/v2\/types\/page"}],"author":[{"embeddable":true,"href":"https:\/\/mufasatoursandtravels.com\/de\/wp-json\/wp\/v2\/users\/4"}],"replies":[{"embeddable":true,"href":"https:\/\/mufasatoursandtravels.com\/de\/wp-json\/wp\/v2\/comments?post=30877"}],"version-history":[{"count":1,"href":"https:\/\/mufasatoursandtravels.com\/de\/wp-json\/wp\/v2\/pages\/30877\/revisions"}],"predecessor-version":[{"id":30879,"href":"https:\/\/mufasatoursandtravels.com\/de\/wp-json\/wp\/v2\/pages\/30877\/revisions\/30879"}],"up":[{"embeddable":true,"href":"https:\/\/mufasatoursandtravels.com\/de\/wp-json\/wp\/v2\/pages\/27929"}],"wp:attachment":[{"href":"https:\/\/mufasatoursandtravels.com\/de\/wp-json\/wp\/v2\/media?parent=30877"}],"curies":[{"name":"wp","href":"https:\/\/api.w.org\/{rel}","templated":true}]}}