{"id":30905,"date":"2022-03-25T06:42:05","date_gmt":"2022-03-25T03:42:05","guid":{"rendered":"https:\/\/mufasatoursandtravels.com\/flugziele\/olpejeta-naturschutzgebiet\/"},"modified":"2025-04-08T12:11:10","modified_gmt":"2025-04-08T09:11:10","slug":"olpejeta-naturschutzgebiet","status":"publish","type":"page","link":"https:\/\/mufasatoursandtravels.com\/de\/flugziele\/olpejeta-naturschutzgebiet\/","title":{"rendered":"Olpejeta Naturschutzgebiet"},"content":{"rendered":"[vc_row full_width=&#8220;stretch_row&#8220;][vc_column css=&#8220;.vc_custom_1679044516903{border-bottom-width: 10px !important;}&#8220;][ucaddon_classic_banner title=&#8220;&#8220; link_text=&#8220;Olpejeta Conservancy, Kenya&#8220; image=&#8220;5860&#8243; link=&#8220;&#8220; uc_init_settings=&#8220;&#8220; uc_fonts_data=&#8220;JTdCJTdE&#8220;][\/ucaddon_classic_banner][\/vc_column][\/vc_row][vc_row][vc_column css=&#8220;.vc_custom_1679044526788{border-top-width: 10px !important;}&#8220;][vc_tta_tabs shape=&#8220;square&#8220; color=&#8220;juicy-pink&#8220; alignment=&#8220;center&#8220; active_section=&#8220;1&#8243; no_fill_content_area=&#8220;true&#8220;][vc_tta_section title=&#8220;\u00dcber&#8220; tab_id=&#8220;1636302233132-39a30584-a642&#8243;][info_list_father][info_list_son style=&#8220;icon&#8220; size=&#8220;20&#8243; width=&#8220;25&#8243; height=&#8220;25&#8243; titleclr=&#8220;#800000&#8243; icon=&#8220;fas fa-question-circle&#8220; title=&#8220;Olpejeta Naturschutzgebiet&#8220;]Das Hotel liegt am \u00c4quator westlich von Nanyuki, zwischen den Ausl\u00e4ufern der Aberdares und dem Mount Kenya. Das Ol Pejeta Conservancy arbeitet daran, Wildtiere zu erhalten, ein Schutzgebiet f\u00fcr Menschenaffen zu schaffen und Einkommen durch Wildtiertourismus und erg\u00e4nzende Unternehmen f\u00fcr Reinvestitionen in den Naturschutz und die Entwicklung der Gemeinschaft zu generieren. <\/p>\n<p>Das Naturschutzgebiet verf\u00fcgt \u00fcber das gr\u00f6\u00dfte Schutzgebiet f\u00fcr Spitzmaulnash\u00f6rner in Ostafrika. Im Jahr 2013 erreichte sie einen Meilenstein von 100 Spitzmaulnash\u00f6rnern. Es beherbergt auch die beiden weltweit verbliebenen N\u00f6rdlichen Breitmaulnash\u00f6rner, die aus dem Zoo Dv\u016fr Kr\u00e1lov\u00e9 in Tschechien dorthin gebracht wurden. Hier befindet sich das Sweetwaters Chimpanzee Sanctuary, das verwaisten, verlassenen und geretteten Schimpansen einen Zufluchtsort bietet. Es ist der einzige Ort in Kenia, an dem Schimpansen zu sehen sind. Das Conservancy beherbergt die &#8222;Big Five Game&#8220;-Tiere und eine gro\u00dfe Auswahl an anderen afrikanischen Tieren, was es zu einem beliebten Safari-Ziel macht. Es betreibt auch ein erfolgreiches Viehzuchtprogramm, das den lokalen Viehz\u00fcchtern und Wildtieren zugute kommt. Im Rahmen des Gemeindeentwicklungsprogramms des Naturschutzgebiets stellt Ol Pejeta den umliegenden Gemeinden Finanzmittel zur Verf\u00fcgung, um Gesundheits-, Bildungs-, Wasser- und Infrastrukturprojekte zu unterst\u00fctzen. Sie unterst\u00fctzen auch die Bereitstellung von Beratungsdiensten in den Bereichen Landwirtschaft und Viehzucht sowie die Entwicklung von gemeindebasierten Naturschutztourismusprojekten.       [\/info_list_son][info_list_son style=&#8220;icon&#8220; size=&#8220;20&#8243; width=&#8220;25&#8243; height=&#8220;25&#8243; titleclr=&#8220;#800000&#8243; icon=&#8220;fas fa-binoculars&#8220; title=&#8220;Tierwelt&#8220;]Alle Mitglieder der &#8222;Big Five Game&#8220; (L\u00f6we, Kapb\u00fcffel, afrikanischer Elefant, Leopard und Nashorn) sind in der Ol Pejeta Conservancy zu finden. Sowohl Spitzmaulnash\u00f6rner als auch Breitmaulnash\u00f6rner gedeihen hier. Im Jahr 2013 wurde in Ol Pejeta das 100. Spitzmaulnashorn geboren. Das bedeutet, dass die Conservancy nun eine &#8222;Key 1&#8220;-Population von Spitzmaulnash\u00f6rnern auf der IUCN-Klassifizierung der African Rhino Specialist Group ist. Es ist eines von nur acht Schutzgebieten in Afrika, die diese Auszeichnung erhalten.    <\/p>\n<p>Andere seltene Tiere, die auf Ol Pejeta zu finden sind, sind der vom Aussterben bedrohte afrikanische Wildhund, der Oryx, das Jackson-Kuhantilope, das Grevy-Zebra, der Serval, der Gepard und der Fledermausohrfuchs. Auch die h\u00e4ufigere afrikanische Tierwelt ist zu finden, darunter Giraffen, Gr\u00fcnmeerkatzen, Paviane, Flusspferde, Impalas, Elenantin, Grant-Gazelle, Dik-Dik, Steppenzebra, Silberr\u00fcckenschakal und Hy\u00e4nen. Es gibt auch \u00fcber 300 Vogelarten in der Conservancy.  <\/p>\n<p>Alle Tiere k\u00f6nnen sich frei in das Reservat hinein und aus ihm heraus bewegen, und zwar durch speziell angelegte &#8222;Wildkorridore&#8220;, die nur die Bewegung der Nash\u00f6rner einschr\u00e4nken. Kniehohe Pfosten im Boden, die sehr dicht beieinander liegen, stellen f\u00fcr Elefanten, Antilopen und Fleischfresser keine Herausforderung dar, da sie leicht springen oder treten k\u00f6nnen. Nash\u00f6rner sind dazu jedoch nicht in der Lage und d\u00fcrfen daher nicht in Gebiete vordringen, in denen sie Gefahr laufen, wegen ihres Horns geschlachtet zu werden.  [\/info_list_son][info_list_son style=&#8220;icon&#8220; size=&#8220;20&#8243; width=&#8220;25&#8243; height=&#8220;25&#8243; titleclr=&#8220;#800000&#8243; icon=&#8220;fas fa-paw&#8220; title=&#8220;Aktivit\u00e4ten&#8220;]\n<ul>\n<li>Pirschfahrten.<\/li>\n<li>Vogelbeobachtung.<\/li>\n<li>Spazierg\u00e4nge in der Natur.<\/li>\n<\/ul>\n[\/info_list_son][\/info_list_father][\/vc_tta_section][vc_tta_section title=&#8220;Anfahrt&#8220; tab_id=&#8220;1633455601016-f93699bc-5d92&#8243;][vc_gmaps link=&#8220;#E-8_JTNDaWZyYW1lJTIwc3JjJTNEJTIyaHR0cHMlM0ElMkYlMkZtYXBzLmdvb2dsZS5jb20lMkZtYXBzJTNGd2lkdGglM0QxMDAlMjUyNSUyNmFtcCUzQmhlaWdodCUzRDYwMCUyNmFtcCUzQmhsJTNEZW4lMjZhbXAlM0JxJTNEb2xwZWpldGElMjUyMGNvbnNlcnZhbmN5JTJCJTI4JTI5JTI2YW1wJTNCdCUzRCUyNmFtcCUzQnolM0QxNCUyNmFtcCUzQmllJTNEVVRGOCUyNmFtcCUzQml3bG9jJTNEQiUyNmFtcCUzQm91dHB1dCUzRGVtYmVkJTIyJTIwd2lkdGglM0QlMjI2MDAlMjIlMjBoZWlnaHQlM0QlMjI0NTAlMjIlMjBmcmFtZWJvcmRlciUzRCUyMjAlMjIlMjBzdHlsZSUzRCUyMmJvcmRlciUzQTAlMjIlMjBhbGxvd2Z1bGxzY3JlZW4lM0QlMjIlMjIlM0UlM0MlMkZpZnJhbWUlM0U=&#8220;][\/vc_tta_section][\/vc_tta_tabs][\/vc_column][\/vc_row]\n","protected":false},"excerpt":{"rendered":"<p>[vc_row full_width=&#8220;stretch_row&#8220;][vc_column css=&#8220;.vc_custom_1679044516903{border-bottom-width: 10px !important;}&#8220;][ucaddon_classic_banner title=&#8220;&#8220; link_text=&#8220;Olpejeta Conservancy, Kenya&#8220; image=&#8220;5860&#8243; link=&#8220;&#8220; uc_init_settings=&#8220;&#8220; uc_fonts_data=&#8220;JTdCJTdE&#8220;][\/ucaddon_classic_banner][\/vc_column][\/vc_row][vc_row][vc_column css=&#8220;.vc_custom_1679044526788{border-top-width: 10px !important;}&#8220;][vc_tta_tabs shape=&#8220;square&#8220; color=&#8220;juicy-pink&#8220; alignment=&#8220;center&#8220; active_section=&#8220;1&#8243; no_fill_content_area=&#8220;true&#8220;][vc_tta_section title=&#8220;\u00dcber&#8220; tab_id=&#8220;1636302233132-39a30584-a642&#8243;][info_list_father][info_list_son style=&#8220;icon&#8220; size=&#8220;20&#8243; width=&#8220;25&#8243; height=&#8220;25&#8243; titleclr=&#8220;#800000&#8243; icon=&#8220;fas fa-question-circle&#8220; title=&#8220;Olpejeta Naturschutzgebiet&#8220;]Das Hotel liegt am \u00c4quator westlich von Nanyuki, zwischen den Ausl\u00e4ufern der Aberdares und dem Mount Kenya. Das Ol Pejeta Conservancy arbeitet daran, Wildtiere [&hellip;]<\/p>\n","protected":false},"author":4,"featured_media":0,"parent":27929,"menu_order":19,"comment_status":"closed","ping_status":"closed","template":"","meta":{"_themeisle_gutenberg_block_has_review":false,"footnotes":""},"class_list":["post-30905","page","type-page","status-publish","hentry"],"_links":{"self":[{"href":"https:\/\/mufasatoursandtravels.com\/de\/wp-json\/wp\/v2\/pages\/30905","targetHints":{"allow":["GET"]}}],"collection":[{"href":"https:\/\/mufasatoursandtravels.com\/de\/wp-json\/wp\/v2\/pages"}],"about":[{"href":"https:\/\/mufasatoursandtravels.com\/de\/wp-json\/wp\/v2\/types\/page"}],"author":[{"embeddable":true,"href":"https:\/\/mufasatoursandtravels.com\/de\/wp-json\/wp\/v2\/users\/4"}],"replies":[{"embeddable":true,"href":"https:\/\/mufasatoursandtravels.com\/de\/wp-json\/wp\/v2\/comments?post=30905"}],"version-history":[{"count":1,"href":"https:\/\/mufasatoursandtravels.com\/de\/wp-json\/wp\/v2\/pages\/30905\/revisions"}],"predecessor-version":[{"id":30908,"href":"https:\/\/mufasatoursandtravels.com\/de\/wp-json\/wp\/v2\/pages\/30905\/revisions\/30908"}],"up":[{"embeddable":true,"href":"https:\/\/mufasatoursandtravels.com\/de\/wp-json\/wp\/v2\/pages\/27929"}],"wp:attachment":[{"href":"https:\/\/mufasatoursandtravels.com\/de\/wp-json\/wp\/v2\/media?parent=30905"}],"curies":[{"name":"wp","href":"https:\/\/api.w.org\/{rel}","templated":true}]}}