{"id":30906,"date":"2022-03-25T06:42:10","date_gmt":"2022-03-25T03:42:10","guid":{"rendered":"https:\/\/mufasatoursandtravels.com\/flugziele\/mombasa-malindi-diani\/"},"modified":"2025-04-08T12:10:46","modified_gmt":"2025-04-08T09:10:46","slug":"mombasa-malindi-diani","status":"publish","type":"page","link":"https:\/\/mufasatoursandtravels.com\/de\/flugziele\/mombasa-malindi-diani\/","title":{"rendered":"Mombasa, Malindi &amp; Diani"},"content":{"rendered":"[vc_row full_width=&#8220;stretch_row&#8220;][vc_column css=&#8220;.vc_custom_1679044707407{border-bottom-width: 10px !important;}&#8220;][ucaddon_classic_banner title=&#8220;&#8220; link_text=&#8220;Mombasa, Malindi and Diani Beach&#8220; image=&#8220;8102&#8243; link=&#8220;&#8220; uc_init_settings=&#8220;&#8220; uc_fonts_data=&#8220;JTdCJTdE&#8220;][\/ucaddon_classic_banner][\/vc_column][\/vc_row][vc_row][vc_column css=&#8220;.vc_custom_1679044719336{border-top-width: 10px !important;}&#8220;][vc_tta_tabs shape=&#8220;square&#8220; color=&#8220;juicy-pink&#8220; alignment=&#8220;center&#8220; active_section=&#8220;1&#8243; no_fill_content_area=&#8220;true&#8220;][vc_tta_section title=&#8220;\u00dcber&#8220; tab_id=&#8220;1636302233132-39a30584-a642&#8243;][info_list_father][info_list_son style=&#8220;icon&#8220; size=&#8220;20&#8243; width=&#8220;25&#8243; height=&#8220;25&#8243; titleclr=&#8220;#800000&#8243; icon=&#8220;fas fa-question-circle&#8220; title=&#8220;Mombasa, Malindi und Diani Strand&#8220;]Die K\u00fcste Kenias oder der K\u00fcste des Indischen Ozeans ist ein herrliches Band aus Silber und Saphir, leuchtenden Korallen und wei\u00dfen Str\u00e4nden. Die einzigartige Swahili-Kultur, eine Verschmelzung der vielen Einfl\u00fcsse der fr\u00fchen Zeiten an der K\u00fcste, hat ein Lebenstempo, einen Mythos, ein Erbe und eine Magie geschaffen, die nirgendwo sonst auf der Welt zu finden ist. Zu den H\u00f6hepunkten der K\u00fcste geh\u00f6ren das historische Mombasa, das um die Wasserf\u00e4lle des Fort Jesus aus dem 16. Jahrhundert und das pr\u00e4chtige Lamu herum erbaut wurde. Die wehenden Palmen, Moscheen mit wei\u00dfen W\u00e4nden, schwarz verschleierte Frauen und eine Flotte von Dhows, die die Passatwinde nutzen, verzaubern und faszinieren die Swahili-K\u00fcste.  [\/info_list_son][info_list_son style=&#8220;icon&#8220; size=&#8220;20&#8243; width=&#8220;25&#8243; height=&#8220;25&#8243; titleclr=&#8220;#800000&#8243; icon=&#8220;fas fa-binoculars&#8220; title=&#8220;Tierwelt&#8220;]Die K\u00fcstenregion ist in ihrer Weite mit einer Sch\u00f6nheit bereichert, die unvorstellbar ist; Vom glitzernden Sonnenaufgang \u00fcber die reiche Fauna und die Sandstr\u00e4nde bis hin zum herrlichen Sonnenuntergang.[\/info_list_son][info_list_son style=&#8220;icon&#8220; size=&#8220;20&#8243; width=&#8220;25&#8243; height=&#8220;25&#8243; titleclr=&#8220;#800000&#8243; icon=&#8220;fas fa-paw&#8220; title=&#8220;Aktivit\u00e4ten&#8220;]\n<ul>\n<li>Schwimmen.<\/li>\n<li>Schnorcheln.<\/li>\n<li>Kajakfahren auf dem Meer.<\/li>\n<li>Tauchen.<\/li>\n<li>Wassersport.<\/li>\n<li>Dhau-Trips.<\/li>\n<li>Naturlehrpfade.<\/li>\n<li>Besuch historischer Orte<\/li>\n<\/ul>\n[\/info_list_son][\/info_list_father][\/vc_tta_section][vc_tta_section title=&#8220;Anfahrt&#8220; tab_id=&#8220;1633455601016-f93699bc-5d92&#8243;][vc_gmaps link=&#8220;#E-8_JTNDaWZyYW1lJTIwc3JjJTNEJTIyaHR0cHMlM0ElMkYlMkZtYXBzLmdvb2dsZS5jb20lMkZtYXBzJTNGcSUzRG1vbWJhc2ElMjZhbXAlM0J0JTNEayUyNmFtcCUzQnolM0QxMSUyNmFtcCUzQmllJTNEVVRGOCUyNmFtcCUzQml3bG9jJTNEJTI2YW1wJTNCb3V0cHV0JTNEZW1iZWQlMjIlMjB3aWR0aCUzRCUyMjYwMCUyMiUyMGhlaWdodCUzRCUyMjQ1MCUyMiUyMGZyYW1lYm9yZGVyJTNEJTIyMCUyMiUyMHN0eWxlJTNEJTIyYm9yZGVyJTNBMCUyMiUyMGFsbG93ZnVsbHNjcmVlbiUzRCUyMiUyMiUzRSUzQyUyRmlmcmFtZSUzRQ==&#8220;][\/vc_tta_section][\/vc_tta_tabs][\/vc_column][\/vc_row]\n","protected":false},"excerpt":{"rendered":"<p>[vc_row full_width=&#8220;stretch_row&#8220;][vc_column css=&#8220;.vc_custom_1679044707407{border-bottom-width: 10px !important;}&#8220;][ucaddon_classic_banner title=&#8220;&#8220; link_text=&#8220;Mombasa, Malindi and Diani Beach&#8220; image=&#8220;8102&#8243; link=&#8220;&#8220; uc_init_settings=&#8220;&#8220; uc_fonts_data=&#8220;JTdCJTdE&#8220;][\/ucaddon_classic_banner][\/vc_column][\/vc_row][vc_row][vc_column css=&#8220;.vc_custom_1679044719336{border-top-width: 10px !important;}&#8220;][vc_tta_tabs shape=&#8220;square&#8220; color=&#8220;juicy-pink&#8220; alignment=&#8220;center&#8220; active_section=&#8220;1&#8243; no_fill_content_area=&#8220;true&#8220;][vc_tta_section title=&#8220;\u00dcber&#8220; tab_id=&#8220;1636302233132-39a30584-a642&#8243;][info_list_father][info_list_son style=&#8220;icon&#8220; size=&#8220;20&#8243; width=&#8220;25&#8243; height=&#8220;25&#8243; titleclr=&#8220;#800000&#8243; icon=&#8220;fas fa-question-circle&#8220; title=&#8220;Mombasa, Malindi und Diani Strand&#8220;]Die K\u00fcste Kenias oder der K\u00fcste des Indischen Ozeans ist ein herrliches Band aus Silber und Saphir, leuchtenden Korallen [&hellip;]<\/p>\n","protected":false},"author":4,"featured_media":0,"parent":27929,"menu_order":20,"comment_status":"closed","ping_status":"closed","template":"","meta":{"_themeisle_gutenberg_block_has_review":false,"footnotes":""},"class_list":["post-30906","page","type-page","status-publish","hentry"],"_links":{"self":[{"href":"https:\/\/mufasatoursandtravels.com\/de\/wp-json\/wp\/v2\/pages\/30906","targetHints":{"allow":["GET"]}}],"collection":[{"href":"https:\/\/mufasatoursandtravels.com\/de\/wp-json\/wp\/v2\/pages"}],"about":[{"href":"https:\/\/mufasatoursandtravels.com\/de\/wp-json\/wp\/v2\/types\/page"}],"author":[{"embeddable":true,"href":"https:\/\/mufasatoursandtravels.com\/de\/wp-json\/wp\/v2\/users\/4"}],"replies":[{"embeddable":true,"href":"https:\/\/mufasatoursandtravels.com\/de\/wp-json\/wp\/v2\/comments?post=30906"}],"version-history":[{"count":1,"href":"https:\/\/mufasatoursandtravels.com\/de\/wp-json\/wp\/v2\/pages\/30906\/revisions"}],"predecessor-version":[{"id":30907,"href":"https:\/\/mufasatoursandtravels.com\/de\/wp-json\/wp\/v2\/pages\/30906\/revisions\/30907"}],"up":[{"embeddable":true,"href":"https:\/\/mufasatoursandtravels.com\/de\/wp-json\/wp\/v2\/pages\/27929"}],"wp:attachment":[{"href":"https:\/\/mufasatoursandtravels.com\/de\/wp-json\/wp\/v2\/media?parent=30906"}],"curies":[{"name":"wp","href":"https:\/\/api.w.org\/{rel}","templated":true}]}}