{"id":30930,"date":"2022-03-25T06:32:22","date_gmt":"2022-03-25T03:32:22","guid":{"rendered":"https:\/\/mufasatoursandtravels.com\/flugziele\/bogoria-see\/"},"modified":"2025-04-08T12:12:02","modified_gmt":"2025-04-08T09:12:02","slug":"bogoria-see","status":"publish","type":"page","link":"https:\/\/mufasatoursandtravels.com\/de\/flugziele\/bogoria-see\/","title":{"rendered":"Bogoria-See"},"content":{"rendered":"[vc_row full_width=&#8220;stretch_row&#8220;][vc_column css=&#8220;.vc_custom_1675676441774{border-top-width: 10px !important;border-right-width: 10px !important;border-bottom-width: 10px !important;border-left-width: 10px !important;}&#8220;][ucaddon_classic_banner title=&#8220;&#8220; link_text=&#8220;Lake Bogoria, Kenya&#8220; image=&#8220;29744&#8243; link=&#8220;#&#8220; uc_init_settings=&#8220;&#8220; uc_fonts_data=&#8220;JTdCJTdE&#8220;][\/ucaddon_classic_banner][\/vc_column][\/vc_row][vc_row][vc_column css=&#8220;.vc_custom_1675676424171{border-top-width: 10px !important;border-right-width: 10px !important;border-bottom-width: 10px !important;border-left-width: 10px !important;}&#8220;][vc_tta_tabs shape=&#8220;square&#8220; color=&#8220;juicy-pink&#8220; alignment=&#8220;center&#8220; active_section=&#8220;1&#8243; no_fill_content_area=&#8220;true&#8220;][vc_tta_section title=&#8220;\u00dcber&#8220; tab_id=&#8220;1636302233132-39a30584-a642&#8243;][info_list_father listclr=&#8220;#f8f8f8&#8243;][info_list_son style=&#8220;icon&#8220; size=&#8220;20&#8243; width=&#8220;25&#8243; height=&#8220;25&#8243; titleclr=&#8220;#800000&#8243; icon=&#8220;fas fa-question-circle&#8220; title=&#8220;Bogoria-See&#8220;]Es handelt sich um einen salzhaltigen, alkalischen See, der in einer Vulkanregion in einem Halbgrabenbecken s\u00fcdlich des Baringo-Sees in Kenia, etwas n\u00f6rdlich des \u00c4quators, liegt. Der Bogoria-See ist wie der Nakuru-See, der Elementeita-See und der Magadi-See weiter s\u00fcdlich im Rift Valley und der Logipi-See im Norden zeitweise die Heimat einer der weltweit gr\u00f6\u00dften Populationen von Zwergflamingos. Der See ist ein Ramsar-Gebiet und das Bogoria-See-Nationalreservat ist seit dem 29. November 1973 ein gesch\u00fctztes Nationalreservat. Der Bogoria-See ist flach (ca. 10 m tief), etwa 34 km lang und 3,5 km breit und hat ein Einzugsgebiet von 700<sup>km2<\/sup>. Es befindet sich im Landkreis Baringo.    <\/p>\n<p>Zu den lokalen Besonderheiten geh\u00f6ren der Kesubo-Sumpf im Norden und der Siracho-Steilhang im Osten, beide innerhalb des Nationalreservats. Der See ist auch ber\u00fchmt f\u00fcr seine Geysire und hei\u00dfen Quellen entlang des Ufers des Sees und im See. An vier Stellen rund um den See sind mindestens 10 Geysire zu beobachten, die bis zu 5 m hoch ausbrechen. Die Geysiraktivit\u00e4t wird durch die Schwankungen des Seespiegels beeinflusst, die einige Geysire \u00fcberfluten oder freilegen k\u00f6nnen.  [\/info_list_son][info_list_son style=&#8220;icon&#8220; size=&#8220;20&#8243; width=&#8220;25&#8243; height=&#8220;25&#8243; titleclr=&#8220;#800000&#8243; icon=&#8220;fas fa-binoculars&#8220; title=&#8220;Tierwelt&#8220;]Der See ist alkalisch und ern\u00e4hrt Blaualgen, die wiederum Flamingos ern\u00e4hren. Manchmal kann die Zahl der Flamingos, die im See fressen, bis zu zwei Millionen betragen. Greifv\u00f6gel wie Waldadler machen Jagd auf die Flamingos. Insgesamt wurden 135 Vogelarten registriert. Dazu geh\u00f6ren Zwergtaucher, Pratincole, Mauersegler, kleiner Bienenfresser, Kappfeifente, Gelbschnabelstorch, afrikanischer L\u00f6ffler, Augurbussard, Gabar-Habicht, Wasserdikkop, Kohlmeise, Star, Nashornvogel und Crombec.    <\/p>\n<p>Im Reservat gibt es eine Herde des relativ seltenen Greater Kudu. Andere gro\u00dfe S\u00e4ugetiere sind B\u00fcffel, Zebras, Geparden, Paviane, Warzenschweine, Karakale, T\u00fcpfelhy\u00e4nen, Impalas und Dik Dik. <\/p>\n<p>Der Waseges flie\u00dft durch Regionen mit intensivem Kaffeeanbau, in denen chemische D\u00fcngemittel und Pestizide stark eingesetzt werden, die den See verschmutzen k\u00f6nnen. Viele Besucher werden von den hei\u00dfen Quellen am westlichen Seeufer angezogen, die die Verschmutzung durch feste Abf\u00e4lle verursachen. Die Verschlammung ist eine weitere Bedrohung f\u00fcr die Artenvielfalt.  [\/info_list_son][info_list_son style=&#8220;icon&#8220; size=&#8220;20&#8243; width=&#8220;25&#8243; height=&#8220;25&#8243; titleclr=&#8220;#800000&#8243; icon=&#8220;fas fa-paw&#8220; title=&#8220;Aktivit\u00e4ten&#8220;]\n<ul>\n<li>Bootstouren.<\/li>\n<li>Vogelbeobachtung.<\/li>\n<li>Kabarnet-Museum.<\/li>\n<li>Radfahren.<\/li>\n<\/ul>\n[\/info_list_son][\/info_list_father][\/vc_tta_section][vc_tta_section title=&#8220;Anfahrt&#8220; tab_id=&#8220;1633455601016-f93699bc-5d92&#8243;][vc_gmaps link=&#8220;#E-8_JTNDaWZyYW1lJTIwc3JjJTNEJTIyaHR0cHMlM0ElMkYlMkZtYXBzLmdvb2dsZS5jb20lMkZtYXBzJTNGd2lkdGglM0QxMDAlMjUyNSUyNmFtcCUzQmhlaWdodCUzRDYwMCUyNmFtcCUzQmhsJTNEZW4lMjZhbXAlM0JxJTNEbGFrZSUyNTIwYm9nb3JpYSUyQiUyOE15JTI1MjBCdXNpbmVzcyUyNTIwTmFtZSUyOSUyNmFtcCUzQnQlM0RrJTI2YW1wJTNCeiUzRDE0JTI2YW1wJTNCaWUlM0RVVEY4JTI2YW1wJTNCaXdsb2MlM0RCJTI2YW1wJTNCb3V0cHV0JTNEZW1iZWQlMjIlMjB3aWR0aCUzRCUyMjYwMCUyMiUyMGhlaWdodCUzRCUyMjQ1MCUyMiUyMGZyYW1lYm9yZGVyJTNEJTIyMCUyMiUyMHN0eWxlJTNEJTIyYm9yZGVyJTNBMCUyMiUyMGFsbG93ZnVsbHNjcmVlbiUzRCUyMiUyMiUzRSUzQyUyRmlmcmFtZSUzRQ==&#8220;][\/vc_tta_section][vc_tta_section title=&#8220;Unterkunft&#8220; tab_id=&#8220;1741933572346-82e583e4-b58e&#8220;][vc_row_inner][vc_column_inner width=&#8220;1\/2&#8243; offset=&#8220;vc_hidden-md vc_hidden-sm vc_hidden-xs&#8220;][vc_images_carousel images=&#8220;29683,29677,29689&#8243; onclick=&#8220;link_no&#8220;][\/vc_column_inner][vc_column_inner width=&#8220;1\/2&#8243;][vc_headings style=&#8220;theme3&#8243; linewidth=&#8220;100&#8243; borderclr=&#8220;#890000&#8243; title=&#8220;Tumbili Cliff Lodge&#8220; align=&#8220;left&#8220; google_fonts=&#8220;font_family:Roboto%3A100%2C100italic%2C300%2C300italic%2Cregular%2Citalic%2C500%2C500italic%2C700%2C700italic%2C900%2C900italic&#8220; titleclr=&#8220;#000000&#8243; caption_url=&#8220;&#8220; caption_urls=&#8220;&#8220; caption_urlss=&#8220;&#8220; caption_urldesc=&#8220;&#8220;][\/vc_headings][vc_column_text]\n<p class=\"Standard\"><span lang=\"EN-GB\" xml:lang=\"EN-GB\">Das Hotel liegt am Ufer des Baringo-Sees, eingebettet in einen felsigen H\u00fcgel, 5 Meter \u00fcber dem Seespiegel !  <\/span><span lang=\"EN-GB\" xml:lang=\"EN-GB\">Diese privilegierte Lage bietet einen einzigartigen Blick auf die atemberaubende Landschaft!  <\/span><span lang=\"EN-GB\" xml:lang=\"EN-GB\">Die Lodge wurde von Simon Chebon, einem geb\u00fcrtigen Baringo, erdacht und gegr\u00fcndet, der ein professioneller ornithologischer F\u00fchrer ist und den See und seine Geheimnisse besser kennt als jeder andere.  <\/span><\/p>\n[\/vc_column_text][vc_btn title=&#8220;Ansehen&#8220; style=&#8220;outline-custom&#8220; outline_custom_color=&#8220;#890000&#8243; outline_custom_hover_background=&#8220;#890000&#8243; outline_custom_hover_text=&#8220;#ffffff&#8220; shape=&#8220;round&#8220; size=&#8220;sm&#8220; i_align=&#8220;right&#8220; i_icon_fontawesome=&#8220;fas fa-arrow-circle-right&#8220; add_icon=&#8220;true&#8220; link=&#8220;url:https%3A%2F%2Fwww.tumbilicliff.com%2Findex.html|&#8220;][\/vc_column_inner][\/vc_row_inner][vc_row_inner][vc_column_inner width=&#8220;1\/2&#8243; offset=&#8220;vc_hidden-md vc_hidden-sm vc_hidden-xs&#8220;][vc_images_carousel images=&#8220;29695,29701&#8243; onclick=&#8220;link_no&#8220;][\/vc_column_inner][vc_column_inner width=&#8220;1\/2&#8243;][vc_headings style=&#8220;theme3&#8243; linewidth=&#8220;100&#8243; borderclr=&#8220;#890000&#8243; title=&#8220;Lake Bogoria Resort &#038; Spa&#8220; align=&#8220;left&#8220; google_fonts=&#8220;font_family:Roboto%3A100%2C100italic%2C300%2C300italic%2Cregular%2Citalic%2C500%2C500italic%2C700%2C700italic%2C900%2C900italic&#8220; titleclr=&#8220;#000000&#8243; caption_url=&#8220;&#8220; caption_urls=&#8220;&#8220; caption_urlss=&#8220;&#8220; caption_urldesc=&#8220;&#8220;][\/vc_headings][vc_column_text]\n<p class=\"Standard\">Erleben Sie Kenias einzigen nat\u00fcrlichen beheizten Spa-Pool im Lake Bogoria Spa Resort im Great Rift Valley. Entspannen Sie sich bei Massagen und genie\u00dfen Sie einen gro\u00dfen kalten Pool, Restaurants und Einkaufsm\u00f6glichkeiten. Das Resort bietet kulturelle Touren und liegt nur wenige Minuten vom Naturschutzgebiet Bogoria-See entfernt, das f\u00fcr seine Vogel- und Tierwelt ber\u00fchmt ist  <\/p>\n[\/vc_column_text][vc_btn title=&#8220;Ansehen&#8220; style=&#8220;outline-custom&#8220; outline_custom_color=&#8220;#890000&#8243; outline_custom_hover_background=&#8220;#890000&#8243; outline_custom_hover_text=&#8220;#ffffff&#8220; shape=&#8220;round&#8220; size=&#8220;sm&#8220; i_align=&#8220;right&#8220; i_icon_fontawesome=&#8220;fas fa-arrow-circle-right&#8220; add_icon=&#8220;true&#8220; link=&#8220;url:https%3A%2F%2Fwww.lakebogoria-hotel.com%2Flakebogoriasparesort%2Fhome%23%2F|&#8220;][\/vc_column_inner][\/vc_row_inner][vc_row_inner][vc_column_inner width=&#8220;1\/2&#8243; offset=&#8220;vc_hidden-md vc_hidden-sm vc_hidden-xs&#8220;][vc_images_carousel images=&#8220;29707&#8243; onclick=&#8220;link_no&#8220;][\/vc_column_inner][vc_column_inner width=&#8220;1\/2&#8243;][vc_headings style=&#8220;theme3&#8243; linewidth=&#8220;100&#8243; borderclr=&#8220;#890000&#8243; title=&#8220;The Porcupine Guesthouse&#8220; align=&#8220;left&#8220; google_fonts=&#8220;font_family:Roboto%3A100%2C100italic%2C300%2C300italic%2Cregular%2Citalic%2C500%2C500italic%2C700%2C700italic%2C900%2C900italic&#8220; titleclr=&#8220;#000000&#8243; caption_url=&#8220;&#8220; caption_urls=&#8220;&#8220; caption_urlss=&#8220;&#8220; caption_urldesc=&#8220;&#8220;][\/vc_headings][vc_column_text]\n<p class=\"Standard\">Erleben Sie Kenias einzigen nat\u00fcrlichen beheizten Spa-Pool im Lake Bogoria Spa Resort im Great Rift Valley. Entspannen Sie sich bei Massagen und genie\u00dfen Sie einen gro\u00dfen kalten Pool, Restaurants und Einkaufsm\u00f6glichkeiten. Das Resort bietet kulturelle Touren und liegt nur wenige Minuten vom Naturschutzgebiet Bogoria-See entfernt, das f\u00fcr seine Vogel- und Tierwelt ber\u00fchmt ist  <\/p>\n[\/vc_column_text][vc_btn title=&#8220;Ansehen&#8220; style=&#8220;outline-custom&#8220; outline_custom_color=&#8220;#890000&#8243; outline_custom_hover_background=&#8220;#890000&#8243; outline_custom_hover_text=&#8220;#ffffff&#8220; shape=&#8220;round&#8220; size=&#8220;sm&#8220; i_align=&#8220;right&#8220; i_icon_fontawesome=&#8220;fas fa-arrow-circle-right&#8220; add_icon=&#8220;true&#8220;][\/vc_column_inner][\/vc_row_inner][vc_row_inner][vc_column_inner width=&#8220;1\/2&#8243; offset=&#8220;vc_hidden-md vc_hidden-sm vc_hidden-xs&#8220;][vc_images_carousel images=&#8220;29713,29719&#8243; onclick=&#8220;link_no&#8220;][\/vc_column_inner][vc_column_inner width=&#8220;1\/2&#8243;][vc_headings style=&#8220;theme3&#8243; linewidth=&#8220;100&#8243; borderclr=&#8220;#890000&#8243; title=&#8220;Lomanira Splendour&#8220; align=&#8220;left&#8220; google_fonts=&#8220;font_family:Roboto%3A100%2C100italic%2C300%2C300italic%2Cregular%2Citalic%2C500%2C500italic%2C700%2C700italic%2C900%2C900italic&#8220; titleclr=&#8220;#000000&#8243; caption_url=&#8220;&#8220; caption_urls=&#8220;&#8220; caption_urlss=&#8220;&#8220; caption_urldesc=&#8220;&#8220;][\/vc_headings][vc_column_text]\n<p class=\"Standard\">Erleben Sie Kenias einzigen nat\u00fcrlichen beheizten Spa-Pool im Lake Bogoria Spa Resort im Great Rift Valley. Entspannen Sie sich bei Massagen und genie\u00dfen Sie einen gro\u00dfen kalten Pool, Restaurants und Einkaufsm\u00f6glichkeiten. Das Resort bietet kulturelle Touren und liegt nur wenige Minuten vom Naturschutzgebiet Bogoria-See entfernt, das f\u00fcr seine Vogel- und Tierwelt ber\u00fchmt ist  <\/p>\n[\/vc_column_text][vc_btn title=&#8220;Ansehen&#8220; style=&#8220;outline-custom&#8220; outline_custom_color=&#8220;#890000&#8243; outline_custom_hover_background=&#8220;#890000&#8243; outline_custom_hover_text=&#8220;#ffffff&#8220; shape=&#8220;round&#8220; size=&#8220;sm&#8220; i_align=&#8220;right&#8220; i_icon_fontawesome=&#8220;fas fa-arrow-circle-right&#8220; add_icon=&#8220;true&#8220; link=&#8220;url:http%3A%2F%2Flomanirasplendour.com%2F|&#8220;][\/vc_column_inner][\/vc_row_inner][vc_row_inner][vc_column_inner width=&#8220;1\/2&#8243; offset=&#8220;vc_hidden-md vc_hidden-sm vc_hidden-xs&#8220;][vc_images_carousel images=&#8220;29725,29731,29737&#8243; onclick=&#8220;link_no&#8220;][\/vc_column_inner][vc_column_inner width=&#8220;1\/2&#8243;][vc_headings style=&#8220;theme3&#8243; linewidth=&#8220;100&#8243; borderclr=&#8220;#890000&#8243; title=&#8220;Samatian Island&#8220; align=&#8220;left&#8220; google_fonts=&#8220;font_family:Roboto%3A100%2C100italic%2C300%2C300italic%2Cregular%2Citalic%2C500%2C500italic%2C700%2C700italic%2C900%2C900italic&#8220; titleclr=&#8220;#000000&#8243; caption_url=&#8220;&#8220; caption_urls=&#8220;&#8220; caption_urlss=&#8220;&#8220; caption_urldesc=&#8220;&#8220;][\/vc_headings][vc_column_text]\n<p class=\"Standard\">Erleben Sie Kenias einzigen nat\u00fcrlichen beheizten Spa-Pool im Lake Bogoria Spa Resort im Great Rift Valley. Entspannen Sie sich bei Massagen und genie\u00dfen Sie einen gro\u00dfen kalten Pool, Restaurants und Einkaufsm\u00f6glichkeiten. Das Resort bietet kulturelle Touren und liegt nur wenige Minuten vom Naturschutzgebiet Bogoria-See entfernt, das f\u00fcr seine Vogel- und Tierwelt ber\u00fchmt ist  <\/p>\n[\/vc_column_text][vc_btn title=&#8220;Ansehen&#8220; style=&#8220;outline-custom&#8220; outline_custom_color=&#8220;#890000&#8243; outline_custom_hover_background=&#8220;#890000&#8243; outline_custom_hover_text=&#8220;#ffffff&#8220; shape=&#8220;round&#8220; size=&#8220;sm&#8220; i_align=&#8220;right&#8220; i_icon_fontawesome=&#8220;fas fa-arrow-circle-right&#8220; add_icon=&#8220;true&#8220; link=&#8220;url:http%3A%2F%2Fwww.samatianisland.com%2F|&#8220;][\/vc_column_inner][\/vc_row_inner][\/vc_tta_section][\/vc_tta_tabs][\/vc_column][\/vc_row]\n","protected":false},"excerpt":{"rendered":"<p>[vc_row full_width=&#8220;stretch_row&#8220;][vc_column css=&#8220;.vc_custom_1675676441774{border-top-width: 10px !important;border-right-width: 10px !important;border-bottom-width: 10px !important;border-left-width: 10px !important;}&#8220;][ucaddon_classic_banner title=&#8220;&#8220; link_text=&#8220;Lake Bogoria, Kenya&#8220; image=&#8220;29744&#8243; link=&#8220;#&#8220; uc_init_settings=&#8220;&#8220; uc_fonts_data=&#8220;JTdCJTdE&#8220;][\/ucaddon_classic_banner][\/vc_column][\/vc_row][vc_row][vc_column css=&#8220;.vc_custom_1675676424171{border-top-width: 10px !important;border-right-width: 10px !important;border-bottom-width: 10px !important;border-left-width: 10px !important;}&#8220;][vc_tta_tabs shape=&#8220;square&#8220; color=&#8220;juicy-pink&#8220; alignment=&#8220;center&#8220; active_section=&#8220;1&#8243; no_fill_content_area=&#8220;true&#8220;][vc_tta_section title=&#8220;\u00dcber&#8220; tab_id=&#8220;1636302233132-39a30584-a642&#8243;][info_list_father listclr=&#8220;#f8f8f8&#8243;][info_list_son style=&#8220;icon&#8220; size=&#8220;20&#8243; width=&#8220;25&#8243; height=&#8220;25&#8243; titleclr=&#8220;#800000&#8243; icon=&#8220;fas fa-question-circle&#8220; title=&#8220;Bogoria-See&#8220;]Es handelt sich um einen salzhaltigen, alkalischen See, der in einer Vulkanregion [&hellip;]<\/p>\n","protected":false},"author":4,"featured_media":0,"parent":27929,"menu_order":17,"comment_status":"closed","ping_status":"closed","template":"","meta":{"_themeisle_gutenberg_block_has_review":false,"footnotes":""},"class_list":["post-30930","page","type-page","status-publish","hentry"],"_links":{"self":[{"href":"https:\/\/mufasatoursandtravels.com\/de\/wp-json\/wp\/v2\/pages\/30930","targetHints":{"allow":["GET"]}}],"collection":[{"href":"https:\/\/mufasatoursandtravels.com\/de\/wp-json\/wp\/v2\/pages"}],"about":[{"href":"https:\/\/mufasatoursandtravels.com\/de\/wp-json\/wp\/v2\/types\/page"}],"author":[{"embeddable":true,"href":"https:\/\/mufasatoursandtravels.com\/de\/wp-json\/wp\/v2\/users\/4"}],"replies":[{"embeddable":true,"href":"https:\/\/mufasatoursandtravels.com\/de\/wp-json\/wp\/v2\/comments?post=30930"}],"version-history":[{"count":1,"href":"https:\/\/mufasatoursandtravels.com\/de\/wp-json\/wp\/v2\/pages\/30930\/revisions"}],"predecessor-version":[{"id":30932,"href":"https:\/\/mufasatoursandtravels.com\/de\/wp-json\/wp\/v2\/pages\/30930\/revisions\/30932"}],"up":[{"embeddable":true,"href":"https:\/\/mufasatoursandtravels.com\/de\/wp-json\/wp\/v2\/pages\/27929"}],"wp:attachment":[{"href":"https:\/\/mufasatoursandtravels.com\/de\/wp-json\/wp\/v2\/media?parent=30930"}],"curies":[{"name":"wp","href":"https:\/\/api.w.org\/{rel}","templated":true}]}}