{"id":30952,"date":"2022-03-25T06:32:17","date_gmt":"2022-03-25T03:32:17","guid":{"rendered":"https:\/\/mufasatoursandtravels.com\/flugziele\/tsavo-west-nationalpark\/"},"modified":"2025-04-08T12:12:55","modified_gmt":"2025-04-08T09:12:55","slug":"tsavo-west-nationalpark","status":"publish","type":"page","link":"https:\/\/mufasatoursandtravels.com\/de\/flugziele\/tsavo-west-nationalpark\/","title":{"rendered":"Tsavo West Nationalpark"},"content":{"rendered":"[vc_row full_width=&#8220;stretch_row&#8220;][vc_column css=&#8220;.vc_custom_1679043960797{border-bottom-width: 10px !important;}&#8220;][ucaddon_classic_banner title=&#8220;&#8220; link_text=&#8220;Tsavo West National Park, Kenya&#8220; image=&#8220;7073&#8243; link=&#8220;&#8220; uc_init_settings=&#8220;&#8220; uc_fonts_data=&#8220;JTdCJTdE&#8220;][\/ucaddon_classic_banner][\/vc_column][\/vc_row][vc_row][vc_column css=&#8220;.vc_custom_1679043973615{border-top-width: 10px !important;}&#8220;][vc_tta_tabs shape=&#8220;square&#8220; color=&#8220;juicy-pink&#8220; alignment=&#8220;center&#8220; active_section=&#8220;1&#8243; no_fill_content_area=&#8220;true&#8220;][vc_tta_section title=&#8220;\u00dcber&#8220; tab_id=&#8220;1636302233132-39a30584-a642&#8243;][info_list_father][info_list_son style=&#8220;icon&#8220; size=&#8220;20&#8243; width=&#8220;25&#8243; height=&#8220;25&#8243; titleclr=&#8220;#800000&#8243; icon=&#8220;fas fa-question-circle&#8220; title=&#8220;Nationalpark Tsavo West&#8220;]Vom Anblick von f\u00fcnfzig Millionen Gallonen kristallklarem Wasser, das aus dem unter ausgetrockneten Lavagestein der Mzima Springs hervorquillt, bis hin zu den Shetani-Lavastr\u00f6men, dem Land der Lava, Quellen, Menschenfresser und magischen Sonnenunterg\u00e4ngen, willkommen in Tsavo West eine wundersch\u00f6ne, zerkl\u00fcftete Wildnis. Das \u00d6kosystem der Savanne besteht aus offenem Grasland, Buschland und Akazienw\u00e4ldern, G\u00fcrteln mit Flussvegetation und felsigen Bergr\u00fccken, einschlie\u00dflich des Wilderer-Aussichtspunkts, von dem aus Besucher die wimmelnden Herden in den Ebenen darunter sehen k\u00f6nnen. Tsavo West bietet einige der gro\u00dfartigsten Wildbeobachtungen der Welt.  [\/info_list_son][info_list_son style=&#8220;icon&#8220; size=&#8220;20&#8243; width=&#8220;25&#8243; height=&#8220;25&#8243; titleclr=&#8220;#800000&#8243; icon=&#8220;fas fa-binoculars&#8220; title=&#8220;Tierwelt&#8220;]\n<div class=\"field field-name-field-attractions field-type-text-with-summary field-label-above\">\n<p>Das Spektakel Mzima Springs ist der Anblick von f\u00fcnfzig Millionen Gallonen kristallklarem Wasser, das aus den unter ausgetrockneten Lavafelsen hervorquillt und die einladendste und sch\u00f6nste Szenerie Afrikas bildet. Im Jahre 1898 wurde der Bau der ugandischen Eisenbahn abrupt gestoppt, als zwei der gefr\u00e4\u00dfigsten und uners\u00e4ttlichsten, menschenfressenden L\u00f6wen auf den Plan traten und \u00fcber neun Monate lang mit Unterbrechungen gegen die Eisenbahn und alle, die mit ihr in der Umgebung von Tsavo in Verbindung standen, gef\u00fchrt wurden. <\/p>\n<p>Eine lebendige Vulkanarena; Geschmolzene Lava, die Shetani-Lava bildet, spuckte vor etwa 200 Jahren aus der Erde und ihre feurige Wut wurde von den Einheimischen als Werk des Teufels angesehen. Wilderer-Aussichtspunkt und tosende Felsen; Der Park ist reich an Panorama-Vintage-Punkten, von denen aus man die Bewegung der Herden beobachten kann. Glorreiche Pirschfahrten; Der Tsavo West bietet einige der gro\u00dfartigsten Wildbeobachtungen der Welt. Ngulia Heiligtum; Hier entkommt die wachsende Population des stark gef\u00e4hrdeten Spitzmaulnashorns dem Abgrund des Aussterbens, das ihnen durch die z\u00fcgellose Wilderei in den 1960er Jahren aufgezwungen wurde.   <\/p>\n<p>Der Lake Jipe liegt rittlings an der Grenze zwischen Kenia und Tansania und ist voller Wasserlebewesen, Vogelbeobachtung I auch gro\u00dfe Aktivit\u00e4t rund um den See.<\/p>\n<p>Der vielleicht bizarrste Feldzug des Weltkriegs fand im &#8222;Bundu&#8220; (Busch) statt \u2013 der kaum erforschten Wildnis aus dornigem Gestr\u00fcpp und dichten W\u00e4ldern im Westen von Tsavo. Dieser letzte &#8222;Gentleman-Krieg&#8220; wurde unter dem Ehrenkodex gef\u00fchrt &#8211; manchmal; oder unter Guerilla-Taktiken, die von afrikanischen Stammesk\u00e4mpfern \u00fcbernommen wurden. Die gef\u00fchrten Touren durch den Krater, Kichwa Tembo und die Festung Mzima erm\u00f6glichen es Ihnen, den echten Fu\u00dfstapfen der Weltkriegsveteranen zu folgen.  <\/p><\/div>\n[\/info_list_son][info_list_son style=&#8220;icon&#8220; size=&#8220;20&#8243; width=&#8220;25&#8243; height=&#8220;25&#8243; titleclr=&#8220;#800000&#8243; icon=&#8220;fas fa-paw&#8220; title=&#8220;Aktivit\u00e4ten&#8220;]\n<ul>\n<li>Pirschfahrten.<\/li>\n<li>Spazierg\u00e4nge in der Natur.<\/li>\n<li>Kulturelle Besichtigungen.<\/li>\n<li>Vogelbeobachtung.<\/li>\n<\/ul>\n[\/info_list_son][\/info_list_father][\/vc_tta_section][vc_tta_section title=&#8220;Anfahrt&#8220; tab_id=&#8220;1633455601016-f93699bc-5d92&#8243;][vc_gmaps link=&#8220;#E-8_JTNDaWZyYW1lJTIwc3JjJTNEJTIyaHR0cHMlM0ElMkYlMkZtYXBzLmdvb2dsZS5jb20lMkZtYXBzJTNGcSUzRHRzYXZvJTI1MjB3ZXN0JTI2YW1wJTNCdCUzRGslMjZhbXAlM0J6JTNEMTMlMjZhbXAlM0JpZSUzRFVURjglMjZhbXAlM0Jpd2xvYyUzRCUyNmFtcCUzQm91dHB1dCUzRGVtYmVkJTIyJTIwd2lkdGglM0QlMjI2MDAlMjIlMjBoZWlnaHQlM0QlMjI0NTAlMjIlMjBmcmFtZWJvcmRlciUzRCUyMjAlMjIlMjBzdHlsZSUzRCUyMmJvcmRlciUzQTAlMjIlMjBhbGxvd2Z1bGxzY3JlZW4lM0QlMjIlMjIlM0UlM0MlMkZpZnJhbWUlM0U=&#8220;][\/vc_tta_section][\/vc_tta_tabs][\/vc_column][\/vc_row]\n","protected":false},"excerpt":{"rendered":"<p>[vc_row full_width=&#8220;stretch_row&#8220;][vc_column css=&#8220;.vc_custom_1679043960797{border-bottom-width: 10px !important;}&#8220;][ucaddon_classic_banner title=&#8220;&#8220; link_text=&#8220;Tsavo West National Park, Kenya&#8220; image=&#8220;7073&#8243; link=&#8220;&#8220; uc_init_settings=&#8220;&#8220; uc_fonts_data=&#8220;JTdCJTdE&#8220;][\/ucaddon_classic_banner][\/vc_column][\/vc_row][vc_row][vc_column css=&#8220;.vc_custom_1679043973615{border-top-width: 10px !important;}&#8220;][vc_tta_tabs shape=&#8220;square&#8220; color=&#8220;juicy-pink&#8220; alignment=&#8220;center&#8220; active_section=&#8220;1&#8243; no_fill_content_area=&#8220;true&#8220;][vc_tta_section title=&#8220;\u00dcber&#8220; tab_id=&#8220;1636302233132-39a30584-a642&#8243;][info_list_father][info_list_son style=&#8220;icon&#8220; size=&#8220;20&#8243; width=&#8220;25&#8243; height=&#8220;25&#8243; titleclr=&#8220;#800000&#8243; icon=&#8220;fas fa-question-circle&#8220; title=&#8220;Nationalpark Tsavo West&#8220;]Vom Anblick von f\u00fcnfzig Millionen Gallonen kristallklarem Wasser, das aus dem unter ausgetrockneten Lavagestein der Mzima Springs hervorquillt, bis hin zu [&hellip;]<\/p>\n","protected":false},"author":4,"featured_media":0,"parent":27929,"menu_order":16,"comment_status":"closed","ping_status":"closed","template":"","meta":{"_themeisle_gutenberg_block_has_review":false,"footnotes":""},"class_list":["post-30952","page","type-page","status-publish","hentry"],"_links":{"self":[{"href":"https:\/\/mufasatoursandtravels.com\/de\/wp-json\/wp\/v2\/pages\/30952","targetHints":{"allow":["GET"]}}],"collection":[{"href":"https:\/\/mufasatoursandtravels.com\/de\/wp-json\/wp\/v2\/pages"}],"about":[{"href":"https:\/\/mufasatoursandtravels.com\/de\/wp-json\/wp\/v2\/types\/page"}],"author":[{"embeddable":true,"href":"https:\/\/mufasatoursandtravels.com\/de\/wp-json\/wp\/v2\/users\/4"}],"replies":[{"embeddable":true,"href":"https:\/\/mufasatoursandtravels.com\/de\/wp-json\/wp\/v2\/comments?post=30952"}],"version-history":[{"count":10,"href":"https:\/\/mufasatoursandtravels.com\/de\/wp-json\/wp\/v2\/pages\/30952\/revisions"}],"predecessor-version":[{"id":30981,"href":"https:\/\/mufasatoursandtravels.com\/de\/wp-json\/wp\/v2\/pages\/30952\/revisions\/30981"}],"up":[{"embeddable":true,"href":"https:\/\/mufasatoursandtravels.com\/de\/wp-json\/wp\/v2\/pages\/27929"}],"wp:attachment":[{"href":"https:\/\/mufasatoursandtravels.com\/de\/wp-json\/wp\/v2\/media?parent=30952"}],"curies":[{"name":"wp","href":"https:\/\/api.w.org\/{rel}","templated":true}]}}