{"id":30990,"date":"2022-03-25T06:32:05","date_gmt":"2022-03-25T03:32:05","guid":{"rendered":"https:\/\/mufasatoursandtravels.com\/flugziele\/hells-gate-nationalpark\/"},"modified":"2025-04-08T12:13:35","modified_gmt":"2025-04-08T09:13:35","slug":"hells-gate-nationalpark","status":"publish","type":"page","link":"https:\/\/mufasatoursandtravels.com\/de\/flugziele\/hells-gate-nationalpark\/","title":{"rendered":"Hell&#8217;s Gate Nationalpark"},"content":{"rendered":"[vc_row full_width=&#8220;stretch_row&#8220;][vc_column css=&#8220;.vc_custom_1675675402927{border-top-width: 10px !important;border-right-width: 10px !important;border-bottom-width: 10px !important;border-left-width: 10px !important;}&#8220;][ucaddon_classic_banner title=&#8220;&#8220; link_text=&#8220;Hell&#8217;s Gate National Park, Kenya&#8220; image=&#8220;29562&#8243; link=&#8220;&#8220; uc_fonts_data=&#8220;JTdCJTdE&#8220;][\/ucaddon_classic_banner][\/vc_column][\/vc_row][vc_row][vc_column css=&#8220;.vc_custom_1675675416734{border-top-width: 10px !important;border-right-width: 10px !important;border-bottom-width: 10px !important;border-left-width: 10px !important;}&#8220;][vc_tta_tabs shape=&#8220;square&#8220; color=&#8220;juicy-pink&#8220; alignment=&#8220;center&#8220; active_section=&#8220;1&#8243; no_fill_content_area=&#8220;true&#8220;][vc_tta_section title=&#8220;\u00dcber&#8220; tab_id=&#8220;1636302233132-39a30584-a642&#8243;][info_list_father listclr=&#8220;#f8f8f8&#8243;][info_list_son style=&#8220;icon&#8220; size=&#8220;20&#8243; width=&#8220;25&#8243; height=&#8220;25&#8243; titleclr=&#8220;#800000&#8243; icon=&#8220;fas fa-question-circle&#8220; title=&#8220;Hell&#8217;s Gate Nationalpark&#8220;]Der Hell&#8217;s Gate Nationalpark liegt s\u00fcdlich des Naivasha-Sees in Kenia, nordwestlich von Nairobi. Der Hell&#8217;s Gate National Park ist nach einer schmalen L\u00fccke in den Klippen benannt, die einst ein Nebenfluss eines pr\u00e4historischen Sees war, der die fr\u00fchen Menschen im Rift Valley ern\u00e4hrte. Es wurde 1984 gegr\u00fcndet und ist bekannt f\u00fcr seine gro\u00dfe Vielfalt an Wildtieren und f\u00fcr seine Landschaft. Dazu geh\u00f6ren die S\u00e4ulen des Fischerturms und des Zentralturms sowie die Hell&#8217;s Gate Gorge. Der Nationalpark beherbergt auch f\u00fcnf Geothermiekraftwerke in Ol Karia. Der Park ist mit drei einfachen Campingpl\u00e4tzen ausgestattet und verf\u00fcgt \u00fcber ein Massai-Kulturzentrum, in dem die Kultur und Traditionen des Massai-Stammes n\u00e4her erl\u00e4utert werden.     [\/info_list_son][info_list_son style=&#8220;icon&#8220; size=&#8220;20&#8243; width=&#8220;25&#8243; height=&#8220;25&#8243; titleclr=&#8220;#800000&#8243; icon=&#8220;fas fa-binoculars&#8220; title=&#8220;Tierwelt&#8220;]Es gibt eine gro\u00dfe Vielfalt an Wildtieren im Nationalpark, wenn auch nur wenige. Beispiele f\u00fcr wenig gesehene Wildtiere sind L\u00f6wen, Leoparden und Geparden. Der Park war jedoch in der Vergangenheit eine wichtige Heimat f\u00fcr die seltenen L\u00e4mmergeiergeier. Es gibt \u00fcber 103 Vogelarten im Park, darunter Geier, Verreaux-Adler, Augurbussard und Mauersegler.   <\/p>\n<p>Klippscheibe, afrikanische B\u00fcffel, Zebras, Elenantilopen, Kuhantilopen, Thomson-Gazellen, Hy\u00e4nen und Paviane sind ebenfalls h\u00e4ufig. Der Park ist auch die Heimat von Serval und einer kleinen Anzahl von Klippspringer-Antilopen und Chanler-Bergschilfb\u00f6cken. [\/info_list_son][info_list_son style=&#8220;icon&#8220; size=&#8220;20&#8243; width=&#8220;25&#8243; height=&#8220;25&#8243; titleclr=&#8220;#800000&#8243; icon=&#8220;fas fa-paw&#8220; title=&#8220;Aktivit\u00e4ten&#8220;]\n<ul>\n<li>Mit dem Fahrrad durch den Park.<\/li>\n<li>Wandern durch die Schluchten.<\/li>\n<li>Die lokale Fauna sch\u00e4tzen.<\/li>\n<li>Vogelbeobachtung.<\/li>\n<\/ul>\n[\/info_list_son][\/info_list_father][\/vc_tta_section][vc_tta_section title=&#8220;Unterkunft&#8220; tab_id=&#8220;1741867605592-fb68bd77-c66b&#8220;][vc_row_inner][vc_column_inner width=&#8220;1\/2&#8243; offset=&#8220;vc_hidden-md vc_hidden-sm vc_hidden-xs&#8220;][vc_images_carousel images=&#8220;29580,29568,29574&#8243; onclick=&#8220;custom_link&#8220; custom_links_target=&#8220;_blank&#8220;][\/vc_column_inner][vc_column_inner width=&#8220;1\/2&#8243;][vc_headings style=&#8220;theme3&#8243; linewidth=&#8220;100&#8243; borderclr=&#8220;#890000&#8243; title=&#8220;Enashipai Resort &#038; Spa&#8220; align=&#8220;left&#8220; google_fonts=&#8220;font_family:Roboto%3A100%2C100italic%2C300%2C300italic%2Cregular%2Citalic%2C500%2C500italic%2C700%2C700italic%2C900%2C900italic&#8220; titleclr=&#8220;#000000&#8243;][\/vc_headings][vc_column_text]Enashipai \u2013 Ein Massai-Wort, das &#8222;Ein Ort des Gl\u00fccks&#8220; bedeutet! Das Enashipai Resort and Spa liegt in der Pracht des Gro\u00dfen Grabenbruchs und am Ufer des Naivasha-Sees und ist ein mehrfach preisgekr\u00f6ntes Freizeit- und Konferenzziel, das authentische afrikanische Gastfreundschaft mit Schwerpunkt auf Wellness bietet. Wir sind stolz darauf, einzigartige und unvergessliche Erlebnisse f\u00fcr unsere G\u00e4ste zu kuratieren.[\/vc_column_text][vc_btn title=&#8220;Ansehen&#8220; style=&#8220;outline-custom&#8220; outline_custom_color=&#8220;#890000&#8243; outline_custom_hover_background=&#8220;#890000&#8243; outline_custom_hover_text=&#8220;#ffffff&#8220; shape=&#8220;round&#8220; size=&#8220;sm&#8220; align=&#8220;left&#8220; i_icon_fontawesome=&#8220;fas fa-arrow-circle-right&#8220; css_animation=&#8220;slideInRight&#8220; add_icon=&#8220;true&#8220; link=&#8220;url:https%3A%2F%2Fwww.enashipai.com%2F|&#8220;][\/vc_column_inner][\/vc_row_inner][vc_row_inner][vc_column_inner width=&#8220;1\/2&#8243; offset=&#8220;vc_hidden-md vc_hidden-sm vc_hidden-xs&#8220;][vc_images_carousel images=&#8220;29598,29586,29592&#8243; onclick=&#8220;custom_link&#8220; custom_links_target=&#8220;_blank&#8220;][\/vc_column_inner][vc_column_inner width=&#8220;1\/2&#8243;][vc_headings style=&#8220;theme3&#8243; linewidth=&#8220;100&#8243; borderclr=&#8220;#890000&#8243; title=&#8220;Lake Naivasha Crescent Camp&#8220; align=&#8220;left&#8220; google_fonts=&#8220;font_family:Roboto%3A100%2C100italic%2C300%2C300italic%2Cregular%2Citalic%2C500%2C500italic%2C700%2C700italic%2C900%2C900italic&#8220; titleclr=&#8220;#000000&#8243;][\/vc_headings][vc_column_text]Dieses Camp in Kenia, an einem S\u00fc\u00dfwassersee, bietet gut eingerichtete Zelte mit Holzb\u00f6den und viel Platz. Jedes Zelt verf\u00fcgt \u00fcber ein eigenes Bad mit hei\u00dfem Wasser und eine Toilette. Die Zelte sind im traditionellen Stil gehalten und verschmelzen mit den Akazienb\u00e4umen, was eine entspannte Atmosph\u00e4re schafft. Camping ist auch m\u00f6glich.[\/vc_column_text][vc_btn title=&#8220;Ansehen&#8220; style=&#8220;outline-custom&#8220; outline_custom_color=&#8220;#890000&#8243; outline_custom_hover_background=&#8220;#890000&#8243; outline_custom_hover_text=&#8220;#ffffff&#8220; shape=&#8220;round&#8220; size=&#8220;sm&#8220; align=&#8220;left&#8220; i_icon_fontawesome=&#8220;fas fa-arrow-circle-right&#8220; css_animation=&#8220;slideInRight&#8220; add_icon=&#8220;true&#8220; link=&#8220;url:http%3A%2F%2Fcrescentcamp.co.ke%2F|&#8220;][\/vc_column_inner][\/vc_row_inner][vc_row_inner][vc_column_inner width=&#8220;1\/2&#8243; offset=&#8220;vc_hidden-md vc_hidden-sm vc_hidden-xs&#8220;][vc_images_carousel images=&#8220;29604,29610,29616&#8243; onclick=&#8220;custom_link&#8220; custom_links_target=&#8220;_blank&#8220;][\/vc_column_inner][vc_column_inner width=&#8220;1\/2&#8243;][vc_headings style=&#8220;theme3&#8243; linewidth=&#8220;100&#8243; borderclr=&#8220;#890000&#8243; title=&#8220;Naivasha Kongoni Lodge&#8220; align=&#8220;left&#8220; google_fonts=&#8220;font_family:Roboto%3A100%2C100italic%2C300%2C300italic%2Cregular%2Citalic%2C500%2C500italic%2C700%2C700italic%2C900%2C900italic&#8220; titleclr=&#8220;#000000&#8243;][\/vc_headings][vc_column_text]Erleben Sie einen ruhigen R\u00fcckzugsort in der Naivasha Kongoni Lodge im Gro\u00dfen Afrikanischen Grabenbruch in Kenia mit atemberaubendem Blick auf den Naivasha-See. 90 Minuten von Nairobi entfernt, bietet die Lodge komfortable Zimmer mit eigenem Balkon, um Zebras, Giraffen und eine vielf\u00e4ltige Vogelwelt zu beobachten.[\/vc_column_text][vc_btn title=&#8220;Ansehen&#8220; style=&#8220;outline-custom&#8220; outline_custom_color=&#8220;#890000&#8243; outline_custom_hover_background=&#8220;#890000&#8243; outline_custom_hover_text=&#8220;#ffffff&#8220; shape=&#8220;round&#8220; size=&#8220;sm&#8220; align=&#8220;left&#8220; i_icon_fontawesome=&#8220;fas fa-arrow-circle-right&#8220; css_animation=&#8220;slideInRight&#8220; add_icon=&#8220;true&#8220; link=&#8220;url:https%3A%2F%2Fnaivashakongonilodge.com%2F|&#8220;][\/vc_column_inner][\/vc_row_inner][vc_row_inner][vc_column_inner width=&#8220;1\/2&#8243; offset=&#8220;vc_hidden-md vc_hidden-sm vc_hidden-xs&#8220;][vc_images_carousel images=&#8220;29635,29623,29629&#8243; onclick=&#8220;custom_link&#8220; custom_links_target=&#8220;_blank&#8220;][\/vc_column_inner][vc_column_inner width=&#8220;1\/2&#8243;][vc_headings style=&#8220;theme3&#8243; linewidth=&#8220;100&#8243; borderclr=&#8220;#890000&#8243; title=&#8220;Loldia Lodge&#8220; align=&#8220;left&#8220; google_fonts=&#8220;font_family:Roboto%3A100%2C100italic%2C300%2C300italic%2Cregular%2Citalic%2C500%2C500italic%2C700%2C700italic%2C900%2C900italic&#8220; titleclr=&#8220;#000000&#8243;][\/vc_headings][vc_column_text]Das Loldia House befindet sich auf einem 6.500 Hektar gro\u00dfen Familienbauernhof am Lake Naivasha und ist ideal zum Entspannen und zur Erkundung des Great Rift Valley. Freuen Sie sich auf Cottages, luxuri\u00f6se Suiten mit Seeblick und ein Spa am Pool. Nur zwei Stunden von Nairobi entfernt, eignet es sich bequem f\u00fcr Tagesausfl\u00fcge zum Lake Nakuru National Park und bietet t\u00e4gliche Fl\u00fcge zur Mara an.[\/vc_column_text][vc_btn title=&#8220;Ansehen&#8220; style=&#8220;outline-custom&#8220; outline_custom_color=&#8220;#890000&#8243; outline_custom_hover_background=&#8220;#890000&#8243; outline_custom_hover_text=&#8220;#ffffff&#8220; shape=&#8220;round&#8220; size=&#8220;sm&#8220; align=&#8220;left&#8220; i_icon_fontawesome=&#8220;fas fa-arrow-circle-right&#8220; css_animation=&#8220;slideInRight&#8220; add_icon=&#8220;true&#8220; link=&#8220;url:https%3A%2F%2Fwww.governorscamp.com%2Fstay%2Floldia-house%2F|&#8220;][\/vc_column_inner][\/vc_row_inner][vc_row_inner][vc_column_inner width=&#8220;1\/2&#8243; offset=&#8220;vc_hidden-md vc_hidden-sm vc_hidden-xs&#8220;][vc_images_carousel images=&#8220;29641,29647,29653&#8243; onclick=&#8220;custom_link&#8220; custom_links_target=&#8220;_blank&#8220;][\/vc_column_inner][vc_column_inner width=&#8220;1\/2&#8243;][vc_headings style=&#8220;theme3&#8243; linewidth=&#8220;100&#8243; borderclr=&#8220;#890000&#8243; title=&#8220;Lake Naivasha Simba Lodge&#8220; align=&#8220;left&#8220; google_fonts=&#8220;font_family:Roboto%3A100%2C100italic%2C300%2C300italic%2Cregular%2Citalic%2C500%2C500italic%2C700%2C700italic%2C900%2C900italic&#8220; titleclr=&#8220;#000000&#8243;][\/vc_headings][vc_column_text]Eingebettet in eine ruhige Natursch\u00f6nheit hat die Lake Naivasha Simba Lodge Lob f\u00fcr ihre sauberen, ger\u00e4umigen Zimmer mit Blick auf die Tierwelt erhalten.[\/vc_column_text][vc_btn title=&#8220;Ansehen&#8220; style=&#8220;outline-custom&#8220; outline_custom_color=&#8220;#890000&#8243; outline_custom_hover_background=&#8220;#890000&#8243; outline_custom_hover_text=&#8220;#ffffff&#8220; shape=&#8220;round&#8220; size=&#8220;sm&#8220; align=&#8220;left&#8220; i_icon_fontawesome=&#8220;fas fa-arrow-circle-right&#8220; css_animation=&#8220;slideInRight&#8220; add_icon=&#8220;true&#8220; link=&#8220;url:http%3A%2F%2Fwww.simbalodges.com%2F|&#8220;][\/vc_column_inner][\/vc_row_inner][\/vc_tta_section][vc_tta_section title=&#8220;Anfahrt&#8220; tab_id=&#8220;1633455601016-f93699bc-5d92&#8243;][vc_gmaps link=&#8220;#E-8_JTNDaWZyYW1lJTIwc3JjJTNEJTIyaHR0cHMlM0ElMkYlMkZtYXBzLmdvb2dsZS5jb20lMkZtYXBzJTNGcSUzRGhlbGxzJTI1MjBnYXRlJTI2YW1wJTNCdCUzRGslMjZhbXAlM0J6JTNEMTElMjZhbXAlM0JpZSUzRFVURjglMjZhbXAlM0Jpd2xvYyUzRCUyNmFtcCUzQm91dHB1dCUzRGVtYmVkJTIyJTIwd2lkdGglM0QlMjI2MDAlMjIlMjBoZWlnaHQlM0QlMjI0NTAlMjIlMjBmcmFtZWJvcmRlciUzRCUyMjAlMjIlMjBzdHlsZSUzRCUyMmJvcmRlciUzQTAlMjIlMjBhbGxvd2Z1bGxzY3JlZW4lM0QlMjIlMjIlM0UlM0MlMkZpZnJhbWUlM0U=&#8220;][\/vc_tta_section][\/vc_tta_tabs][\/vc_column][\/vc_row]\n","protected":false},"excerpt":{"rendered":"<p>[vc_row full_width=&#8220;stretch_row&#8220;][vc_column css=&#8220;.vc_custom_1675675402927{border-top-width: 10px !important;border-right-width: 10px !important;border-bottom-width: 10px !important;border-left-width: 10px !important;}&#8220;][ucaddon_classic_banner title=&#8220;&#8220; link_text=&#8220;Hell&#8217;s Gate National Park, Kenya&#8220; image=&#8220;29562&#8243; link=&#8220;&#8220; uc_fonts_data=&#8220;JTdCJTdE&#8220;][\/ucaddon_classic_banner][\/vc_column][\/vc_row][vc_row][vc_column css=&#8220;.vc_custom_1675675416734{border-top-width: 10px !important;border-right-width: 10px !important;border-bottom-width: 10px !important;border-left-width: 10px !important;}&#8220;][vc_tta_tabs shape=&#8220;square&#8220; color=&#8220;juicy-pink&#8220; alignment=&#8220;center&#8220; active_section=&#8220;1&#8243; no_fill_content_area=&#8220;true&#8220;][vc_tta_section title=&#8220;\u00dcber&#8220; tab_id=&#8220;1636302233132-39a30584-a642&#8243;][info_list_father listclr=&#8220;#f8f8f8&#8243;][info_list_son style=&#8220;icon&#8220; size=&#8220;20&#8243; width=&#8220;25&#8243; height=&#8220;25&#8243; titleclr=&#8220;#800000&#8243; icon=&#8220;fas fa-question-circle&#8220; title=&#8220;Hell&#8217;s Gate Nationalpark&#8220;]Der Hell&#8217;s Gate Nationalpark liegt s\u00fcdlich des Naivasha-Sees in [&hellip;]<\/p>\n","protected":false},"author":4,"featured_media":0,"parent":27929,"menu_order":5,"comment_status":"closed","ping_status":"closed","template":"","meta":{"_themeisle_gutenberg_block_has_review":false,"footnotes":""},"class_list":["post-30990","page","type-page","status-publish","hentry"],"_links":{"self":[{"href":"https:\/\/mufasatoursandtravels.com\/de\/wp-json\/wp\/v2\/pages\/30990","targetHints":{"allow":["GET"]}}],"collection":[{"href":"https:\/\/mufasatoursandtravels.com\/de\/wp-json\/wp\/v2\/pages"}],"about":[{"href":"https:\/\/mufasatoursandtravels.com\/de\/wp-json\/wp\/v2\/types\/page"}],"author":[{"embeddable":true,"href":"https:\/\/mufasatoursandtravels.com\/de\/wp-json\/wp\/v2\/users\/4"}],"replies":[{"embeddable":true,"href":"https:\/\/mufasatoursandtravels.com\/de\/wp-json\/wp\/v2\/comments?post=30990"}],"version-history":[{"count":1,"href":"https:\/\/mufasatoursandtravels.com\/de\/wp-json\/wp\/v2\/pages\/30990\/revisions"}],"predecessor-version":[{"id":30992,"href":"https:\/\/mufasatoursandtravels.com\/de\/wp-json\/wp\/v2\/pages\/30990\/revisions\/30992"}],"up":[{"embeddable":true,"href":"https:\/\/mufasatoursandtravels.com\/de\/wp-json\/wp\/v2\/pages\/27929"}],"wp:attachment":[{"href":"https:\/\/mufasatoursandtravels.com\/de\/wp-json\/wp\/v2\/media?parent=30990"}],"curies":[{"name":"wp","href":"https:\/\/api.w.org\/{rel}","templated":true}]}}