{"id":30991,"date":"2022-03-25T06:29:51","date_gmt":"2022-03-25T03:29:51","guid":{"rendered":"https:\/\/mufasatoursandtravels.com\/flugziele\/der-naivasha-see\/"},"modified":"2025-04-30T15:58:42","modified_gmt":"2025-04-30T12:58:42","slug":"der-naivasha-see","status":"publish","type":"page","link":"https:\/\/mufasatoursandtravels.com\/de\/flugziele\/der-naivasha-see\/","title":{"rendered":"Der Naivasha-See"},"content":{"rendered":"[vc_row css=&#8220;.vc_custom_1741951879423{background: rgba(0,0,0,0.47) url(https:\/\/mufasatoursandtravels.com\/wp-content\/uploads\/2025\/03\/lake-naivasha.jpg?id=29797) !important;background-position: center !important;background-repeat: no-repeat !important;background-size: cover !important;*background-color: rgb(0,0,0) !important;}&#8220;][vc_column css=&#8220;.vc_custom_1687881881512{padding-top: 30px !important;padding-right: 50px !important;padding-bottom: 30px !important;padding-left: 50px !important;background-color: rgba(0,0,0,0.47) !important;*background-color: rgb(0,0,0) !important;}&#8220;][vc_empty_space][vc_empty_space height=&#8220;64px&#8220;][vc_btn title=&#8220;Naivasha-See, Kenia&#8220; style=&#8220;outline&#8220; shape=&#8220;round&#8220; align=&#8220;left&#8220; el_class=&#8220;explore-btn&#8220;][\/vc_column][\/vc_row][vc_row][vc_column css=&#8220;.vc_custom_1679043583646{border-top-width: 10px !important;}&#8220;][vc_empty_space][vc_tta_tabs shape=&#8220;square&#8220; color=&#8220;juicy-pink&#8220; alignment=&#8220;center&#8220; active_section=&#8220;1&#8243; no_fill_content_area=&#8220;true&#8220;][vc_tta_section title=&#8220;\u00dcber&#8220; tab_id=&#8220;1636302233132-39a30584-a642&#8243;][info_list_father listclr=&#8220;#f8f8f8&#8243;][info_list_son style=&#8220;icon&#8220; size=&#8220;20&#8243; width=&#8220;25&#8243; height=&#8220;25&#8243; titleclr=&#8220;#800000&#8243; icon=&#8220;fas fa-question-circle&#8220; title=&#8220;Lake Naivasha Kenya&#8220;]<a href=\"https:\/\/whc.unesco.org\/en\/tentativelists\/1345\/\" target=\"_blank\" rel=\"dofollow noopener\">Lake Naivasha<\/a>, a magnificent freshwater lake that is located in the center of Kenya, captivates tourists with its serene beauty and an array of species. This magnificent place, surrounded by natural landscapes, provides a variety of attractions, from opulent resorts and campers to breathtaking animals and national parks. The Lake is the highest lake in Kenya&#8217;s Great Rift Valley and is a freshwater lake that is situated around 90 kilometers northwest of Nairobi. Both nature lovers and those looking for adventure go to it because of its breathtaking beauty and abundant biodiversity. Being surrounded by beautiful scenery and covering an area of around 139 square kilometers, the lake is a photographer&#8217;s and nature lover&#8217;s dream.[\/info_list_son][info_list_son style=&#8220;icon&#8220; size=&#8220;20&#8243; width=&#8220;25&#8243; height=&#8220;25&#8243; titleclr=&#8220;#800000&#8243; icon=&#8220;fas fa-campground&#8220; title=&#8220;Lake Naivasha Crescent Camp&#8220;]Crescent Camp is an ideal hideaway that offers a harmonious combination of luxury and natural beauty. It is located along the beaches of <a href=\"https:\/\/mufasatoursandtravels.com\/tour\/3-days-northern-cyprus\/\" target=\"_blank\" rel=\"noopener\">Lake Naivasha<\/a>. This camp offers a tranquil retreat from the hectic city life with its roomy tents and expansive lake views. Crescent Camp is an excellent starting point for discovering the delights of Lake Naivasha, whether you&#8217;re looking for tranquility or exhilarating activities like boat safaris or nature walks.<\/p>\n<figure id=\"attachment_10916\" aria-describedby=\"caption-attachment-10916\" style=\"width: 700px\" class=\"wp-caption aligncenter\"><img loading=\"lazy\" decoding=\"async\" class=\"wp-image-10916 size-full\" src=\"https:\/\/mufasatoursandtravels.com\/wp-content\/uploads\/2023\/05\/lake-naivasha-national-park.jpg\" alt=\"lake naivasha national park\" width=\"700\" height=\"350\" srcset=\"https:\/\/mufasatoursandtravels.com\/wp-content\/uploads\/2023\/05\/lake-naivasha-national-park.jpg 700w, https:\/\/mufasatoursandtravels.com\/wp-content\/uploads\/2023\/05\/lake-naivasha-national-park-300x150.jpg 300w, https:\/\/mufasatoursandtravels.com\/wp-content\/uploads\/2023\/05\/lake-naivasha-national-park-24x12.jpg 24w, https:\/\/mufasatoursandtravels.com\/wp-content\/uploads\/2023\/05\/lake-naivasha-national-park-36x18.jpg 36w, https:\/\/mufasatoursandtravels.com\/wp-content\/uploads\/2023\/05\/lake-naivasha-national-park-48x24.jpg 48w\" sizes=\"auto, (max-width: 700px) 100vw, 700px\" \/><figcaption id=\"caption-attachment-10916\" class=\"wp-caption-text\">Lake Naivasha National Park<\/figcaption><\/figure>[\/info_list_son][info_list_son style=&#8220;icon&#8220; size=&#8220;20&#8243; width=&#8220;25&#8243; height=&#8220;25&#8243; titleclr=&#8220;#800000&#8243; icon=&#8220;fas fa-hotel&#8220; title=&#8220;Lake Naivasha Hotels and Resorts&#8220;]<span data-contrast=\"auto\">Lake Naivasha has a diverse range of lodgings to suit a variety of tastes and budgets. There&#8217;s something for everyone, from opulent resorts to charming boutique motels. The Lake Naivasha Resort, which combines elegance and comfort, and the Lake Naivasha Country Club, which is noted for its colonial beauty and spectacular lake views, are two notable establishments. The Lake Naivasha Sopa Resort and <a href=\"http:\/\/www.simbalodges.com\/lake-naivasha-simba-lodge\" target=\"_blank\" rel=\"noopener nofollow\">Lake Naivasha Simba Lodge<\/a> offer exceptional experiences amidst the environment for visitors wanting a bit of African authenticity.<\/span><span data-ccp-props=\"{&quot;201341983&quot;:0,&quot;335559739&quot;:160,&quot;335559740&quot;:259}\">\u00a0<\/span>[\/info_list_son][info_list_son style=&#8220;icon&#8220; size=&#8220;20&#8243; width=&#8220;25&#8243; height=&#8220;25&#8243; titleclr=&#8220;#800000&#8243; icon=&#8220;fas fa-water&#8220; title=&#8220;Lake Naivasha&#8220;]<span style=\"padding: 20px;\" data-contrast=\"auto\">The Lake Naivasha National Park, which is adjacent to the lake, acts as a haven for a variety of wildlife species. The Park is home to a variety of wildlife, including giraffes, buffalos, zebras, and antelopes. Visitors can go on guided game drives or go on a boat <a href=\"https:\/\/mufasatoursandtravels.com\/tour\/10-days-taormina-vacation\/\" target=\"_blank\" rel=\"noopener\">safari<\/a> to see these gorgeous creatures in their natural habitat. One of the delights of Lake Naivasha is the sight of flocks of graceful flamingos, whose vivid pink colours cover the shores, producing a vision that is both hypnotic and unforgettable.<\/span><span data-ccp-props=\"{&quot;201341983&quot;:0,&quot;335559739&quot;:160,&quot;335559740&quot;:259}\">\u00a0<\/span><\/p>\n<figure id=\"attachment_10915\" aria-describedby=\"caption-attachment-10915\" style=\"width: 700px\" class=\"wp-caption aligncenter\"><img loading=\"lazy\" decoding=\"async\" class=\"wp-image-10915 size-full\" src=\"https:\/\/mufasatoursandtravels.com\/wp-content\/uploads\/2023\/05\/lake-naivasha-kenya-1.jpg\" alt=\"lake naivasha kenya\" width=\"700\" height=\"350\" srcset=\"https:\/\/mufasatoursandtravels.com\/wp-content\/uploads\/2023\/05\/lake-naivasha-kenya-1.jpg 700w, https:\/\/mufasatoursandtravels.com\/wp-content\/uploads\/2023\/05\/lake-naivasha-kenya-1-300x150.jpg 300w, https:\/\/mufasatoursandtravels.com\/wp-content\/uploads\/2023\/05\/lake-naivasha-kenya-1-24x12.jpg 24w, https:\/\/mufasatoursandtravels.com\/wp-content\/uploads\/2023\/05\/lake-naivasha-kenya-1-36x18.jpg 36w, https:\/\/mufasatoursandtravels.com\/wp-content\/uploads\/2023\/05\/lake-naivasha-kenya-1-48x24.jpg 48w\" sizes=\"auto, (max-width: 700px) 100vw, 700px\" \/><figcaption id=\"caption-attachment-10915\" class=\"wp-caption-text\">lake naivasha kenya<\/figcaption><\/figure>\n<p>&nbsp;[\/info_list_son][info_list_son style=&#8220;icon&#8220; size=&#8220;20&#8243; width=&#8220;25&#8243; height=&#8220;25&#8243; titleclr=&#8220;#800000&#8243; icon=&#8220;fas fa-crow&#8220; title=&#8220;Lake Naivasha Flamingos&#8220;]Lake Naivasha&#8217;s flamingos create an awe-inspiring natural phenomenon that delights visitors from all corners of the globe. Their vibrant pink plumage, synchronized movements, and unique feeding habits make them an iconic symbol of this picturesque Kenyan lake. Whether you&#8217;re witnessing the massive flocks of Lesser Flamingos or the majestic presence of Greater Flamingos, the experience is truly unforgettable. Lake Naivasha stands as a testament to the beauty and diversity of nature, reminding us of the need to protect and cherish these magnificent birds and their habitats for generations to come.<\/p>\n<p>Lake Naivasha, with its stunning beauty, abundant wildlife, and luxurious accommodations, is an enchanting destination that beckons travelers from around the world. Whether you&#8217;re seeking a tranquil retreat, thrilling adventures, or an up-close encounter with nature, Lake Naivasha has it all. From the breathtaking Crescent Camp to the array of remarkable hotels and resorts, visitors are spoilt for choice when it comes to accommodations. With its vibrant flamingos and the wildlife-rich <a href=\"https:\/\/mufasatoursandtravels.com\/de\/kenia-safari-mit-dem-auto\/safaris-mit-mittlerem-aufenthalt\/\">Lake Naivasha National Park<\/a>, this Kenyan gem promises an unforgettable experience that will leave you yearning to return time and time again.[\/info_list_son][\/info_list_father][vc_single_image image=&#8220;10894&#8243; img_size=&#8220;full&#8220; alignment=&#8220;center&#8220;][vc_btn title=&#8220;Reisen Sie mit uns&#8220; style=&#8220;custom&#8220; custom_background=&#8220;#890000&#8243; custom_text=&#8220;#ffffff&#8220; shape=&#8220;square&#8220; align=&#8220;center&#8220; i_icon_fontawesome=&#8220;fas fa-chevron-right&#8220; add_icon=&#8220;true&#8220; link=&#8220;url:https%3A%2F%2Fmufasatoursandtravels.com%2Fde%2Fangebot-anfordern%2F|title:Angebot%20anfordern|&#8220;][\/vc_tta_section][vc_tta_section title=&#8220;Unterkunft&#8220; tab_id=&#8220;1699524104337-c36c235c-d0f7&#8243;][vc_row_inner][vc_column_inner width=&#8220;1\/2&#8243; offset=&#8220;vc_hidden-md vc_hidden-sm vc_hidden-xs&#8220;][vc_images_carousel images=&#8220;35107&#8243; onclick=&#8220;link_no&#8220;][\/vc_column_inner][vc_column_inner width=&#8220;1\/2&#8243;][vc_headings style=&#8220;theme3&#8243; linewidth=&#8220;100&#8243; borderclr=&#8220;#890000&#8243; title=&#8220;Loldia House&#8220; align=&#8220;left&#8220; google_fonts=&#8220;font_family:Roboto%3A100%2C100italic%2C300%2C300italic%2Cregular%2Citalic%2C500%2C500italic%2C700%2C700italic%2C900%2C900italic&#8220; titleclr=&#8220;#000000&#8243;][\/vc_headings][vc_column_text]Inmitten eines 6.500 Hektar gro\u00dfen Familienbauernhofs am Ufer des Naivasha-Sees gelegen, ist dieses charmante Anwesen geschichtstr\u00e4chtig und stammt aus dem Jahr 1939. Die G\u00e4ste sind eingeladen, einen sanften Lebensrhythmus zu genie\u00dfen. Entspannen Sie sich am Pool, genie\u00dfen Sie die Aussicht oder begeben Sie sich auf eine Pirschfahrt. Im urspr\u00fcnglichen Familienhaus gibt es ein Doppelzimmer mit eigenem Bad. In der N\u00e4he befinden sich drei G\u00e4steh\u00e4user (jeweils mit zwei separaten Zimmern mit Bad) und zwei Luxussuiten mit unglaublichem Blick \u00fcber den See.[\/vc_column_text][vc_btn title=&#8220;Ansehen&#8220; style=&#8220;outline-custom&#8220; outline_custom_color=&#8220;#890000&#8243; outline_custom_hover_background=&#8220;#890000&#8243; outline_custom_hover_text=&#8220;#ffffff&#8220; shape=&#8220;round&#8220; size=&#8220;sm&#8220; i_align=&#8220;right&#8220; i_icon_fontawesome=&#8220;fas fa-arrow-circle-right&#8220; add_icon=&#8220;true&#8220; link=&#8220;url:https%3A%2F%2Fgovernorscamp.com%2Fsafari-camps%2Floldia-house%2F|&#8220;][\/vc_column_inner][\/vc_row_inner][vc_row_inner][vc_column_inner width=&#8220;1\/2&#8243; offset=&#8220;vc_hidden-md vc_hidden-sm vc_hidden-xs&#8220;][vc_images_carousel images=&#8220;29574&#8243;][\/vc_column_inner][vc_column_inner width=&#8220;1\/2&#8243;][vc_headings style=&#8220;theme3&#8243; linewidth=&#8220;100&#8243; borderclr=&#8220;#890000&#8243; title=&#8220;Enashipai Resort &#038; Spa&#8220; align=&#8220;left&#8220; google_fonts=&#8220;font_family:Roboto%3A100%2C100italic%2C300%2C300italic%2Cregular%2Citalic%2C500%2C500italic%2C700%2C700italic%2C900%2C900italic&#8220; titleclr=&#8220;#000000&#8243;][\/vc_headings][vc_column_text]Das Enashipai Resort and Spa liegt in der Pracht des Gro\u00dfen Grabenbruchs und am Ufer des Naivasha-Sees und ist ein mehrfach preisgekr\u00f6ntes Freizeit- und Konferenzziel, das authentische afrikanische Gastfreundschaft mit Schwerpunkt auf Wellness bietet. Wir sind stolz darauf, einzigartige und unvergessliche Erlebnisse f\u00fcr unsere G\u00e4ste zu kuratieren.[\/vc_column_text][vc_btn title=&#8220;Ansehen&#8220; style=&#8220;outline-custom&#8220; outline_custom_color=&#8220;#890000&#8243; outline_custom_hover_background=&#8220;#890000&#8243; outline_custom_hover_text=&#8220;#ffffff&#8220; shape=&#8220;round&#8220; size=&#8220;sm&#8220; i_align=&#8220;right&#8220; i_icon_fontawesome=&#8220;fas fa-arrow-circle-right&#8220; add_icon=&#8220;true&#8220; link=&#8220;url:https%3A%2F%2Fwww.enashipai.com%2F|&#8220;][\/vc_column_inner][\/vc_row_inner][vc_row_inner][vc_column_inner width=&#8220;1\/2&#8243; offset=&#8220;vc_hidden-md vc_hidden-sm vc_hidden-xs&#8220;][vc_images_carousel images=&#8220;29641&#8243; onclick=&#8220;link_no&#8220;][\/vc_column_inner][vc_column_inner width=&#8220;1\/2&#8243;][vc_headings style=&#8220;theme3&#8243; linewidth=&#8220;100&#8243; borderclr=&#8220;#890000&#8243; title=&#8220;Lake Naivasha Simba&#8220; align=&#8220;left&#8220; google_fonts=&#8220;font_family:Roboto%3A100%2C100italic%2C300%2C300italic%2Cregular%2Citalic%2C500%2C500italic%2C700%2C700italic%2C900%2C900italic&#8220; titleclr=&#8220;#000000&#8243;][\/vc_headings][vc_column_text]Eine bezaubernde Umgebung, in der sich zeitgen\u00f6ssischer Komfort stilvoll in die Natur einf\u00fcgt, um eine Umgebung zu bieten, in der die G\u00e4ste ihre Sinne erfrischen, ihre Liebe zum Reisen neu entfachen und sich wieder mit der Welt um sie herum verbinden k\u00f6nnen. Jedes Zimmer ist herrlich privat; Du kannst auf deinem Balkon sitzen und unsere Tierwelt beobachten, ein Nickerchen machen und mit atemberaubendem Blick auf den Busch aufwachen. Tauchen Sie sich in dieses exklusive Refugium ein und lassen Sie Ihr Herz im Rhythmus Afrikas zu schlagen beginnen.[\/vc_column_text][vc_btn title=&#8220;Ansehen&#8220; style=&#8220;outline-custom&#8220; outline_custom_color=&#8220;#890000&#8243; outline_custom_hover_background=&#8220;#890000&#8243; outline_custom_hover_text=&#8220;#ffffff&#8220; shape=&#8220;round&#8220; size=&#8220;sm&#8220; i_align=&#8220;right&#8220; i_icon_fontawesome=&#8220;fas fa-arrow-circle-right&#8220; add_icon=&#8220;true&#8220; link=&#8220;url:http%3A%2F%2Fwww.simbalodges.com%2Flake-naivasha-simba-lodge|&#8220;][\/vc_column_inner][\/vc_row_inner][vc_row_inner][vc_column_inner width=&#8220;1\/2&#8243; offset=&#8220;vc_hidden-md vc_hidden-sm vc_hidden-xs&#8220;][vc_images_carousel images=&#8220;35156&#8243; onclick=&#8220;link_no&#8220;][\/vc_column_inner][vc_column_inner width=&#8220;1\/2&#8243;][vc_headings style=&#8220;theme3&#8243; linewidth=&#8220;100&#8243; borderclr=&#8220;#890000&#8243; title=&#8220;Lake Naivasha Sawela Lodge&#8220; align=&#8220;left&#8220; google_fonts=&#8220;font_family:Roboto%3A100%2C100italic%2C300%2C300italic%2Cregular%2Citalic%2C500%2C500italic%2C700%2C700italic%2C900%2C900italic&#8220; titleclr=&#8220;#000000&#8243;][\/vc_headings][vc_column_text]Entspannen Sie sich in sch\u00f6nem, nat\u00fcrlichem Luxus Mit einer Vielzahl von Freizeitaktivit\u00e4ten zur Auswahl, bietet die Sawela Lodge in Naivasha den G\u00e4sten eine Vielzahl von Aktivit\u00e4ten, von einem Bio-Pool f\u00fcr beide Erwachsenen, gro\u00dfen Rasenfl\u00e4chen f\u00fcr Fu\u00dfball und andere Kontaktsportarten, Volleyball- und Netzballpl\u00e4tze, einem Kinderspielplatz, Fahrr\u00e4dern, Bootfahren, Rasenschl\u00e4gerball, einer gef\u00fchrten Naturwanderung und schlie\u00dflich dem SAWELA TRAIL,  was Ihnen die M\u00f6glichkeit gibt, sich w\u00e4hrend Ihres Aufenthalts auszutoben[\/vc_column_text][vc_btn title=&#8220;Ansehen&#8220; style=&#8220;outline-custom&#8220; outline_custom_color=&#8220;#890000&#8243; outline_custom_hover_background=&#8220;#890000&#8243; outline_custom_hover_text=&#8220;#ffffff&#8220; shape=&#8220;round&#8220; size=&#8220;sm&#8220; i_align=&#8220;right&#8220; i_icon_fontawesome=&#8220;fas fa-arrow-circle-right&#8220; add_icon=&#8220;true&#8220; link=&#8220;url:https%3A%2F%2Fsawelalodges.com%2F|&#8220;][\/vc_column_inner][\/vc_row_inner][vc_row_inner][vc_column_inner width=&#8220;1\/2&#8243; offset=&#8220;vc_hidden-md vc_hidden-sm vc_hidden-xs&#8220;][vc_images_carousel images=&#8220;29616&#8243; onclick=&#8220;link_no&#8220;][\/vc_column_inner][vc_column_inner width=&#8220;1\/2&#8243;][vc_headings style=&#8220;theme3&#8243; linewidth=&#8220;100&#8243; borderclr=&#8220;#890000&#8243; title=&#8220;Kongoni Lodge&#8220; align=&#8220;left&#8220; google_fonts=&#8220;font_family:Roboto%3A100%2C100italic%2C300%2C300italic%2Cregular%2Citalic%2C500%2C500italic%2C700%2C700italic%2C900%2C900italic&#8220; titleclr=&#8220;#000000&#8243; caption_url=&#8220;&#8220; caption_urls=&#8220;&#8220; caption_urlss=&#8220;&#8220; caption_urldesc=&#8220;&#8220;][\/vc_headings][vc_column_text]Die Lake Naivasha Kongoni Lodge liegt am Ufer des <strong>Lake Naivasha<\/strong> im <strong>Great Rift Valley<\/strong> in Kenia. Es bietet einen ruhigen und eleganten R\u00fcckzugsort mit herrlichem Blick auf den See und die umliegende Natur.[\/vc_column_text][vc_btn title=&#8220;Ansehen&#8220; style=&#8220;outline-custom&#8220; outline_custom_color=&#8220;#890000&#8243; outline_custom_hover_background=&#8220;#890000&#8243; outline_custom_hover_text=&#8220;#ffffff&#8220; shape=&#8220;round&#8220; size=&#8220;sm&#8220; i_align=&#8220;right&#8220; i_icon_fontawesome=&#8220;fas fa-arrow-circle-right&#8220; add_icon=&#8220;true&#8220; link=&#8220;url:https%3A%2F%2Fnaivashakongonilodge.com%2F|&#8220;][\/vc_column_inner][\/vc_row_inner][\/vc_tta_section][vc_tta_section title=&#8220;Anfahrt&#8220; tab_id=&#8220;1633455601016-f93699bc-5d92&#8243;][vc_gmaps link=&#8220;#E-8_JTNDaWZyYW1lJTIwc3JjJTNEJTIyaHR0cHMlM0ElMkYlMkZtYXBzLmdvb2dsZS5jb20lMkZtYXBzJTNGcSUzRExha2UlMjUyMG5haXZhc2hhJTI2YW1wJTNCdCUzRCUyNmFtcCUzQnolM0QxMSUyNmFtcCUzQmllJTNEVVRGOCUyNmFtcCUzQml3bG9jJTNEJTI2YW1wJTNCb3V0cHV0JTNEZW1iZWQlMjIlMjB3aWR0aCUzRCUyMjYwMCUyMiUyMGhlaWdodCUzRCUyMjQ1MCUyMiUyMGZyYW1lYm9yZGVyJTNEJTIyMCUyMiUyMHNjcm9sbGluZyUzRCUyMm5vJTIyJTIwc3R5bGUlM0QlMjJib3JkZXIlM0EwJTIyJTIwYWxsb3dmdWxsc2NyZWVuJTNEJTIyJTIyJTNFJTNDJTJGaWZyYW1lJTNF&#8220;][\/vc_tta_section][\/vc_tta_tabs][\/vc_column][\/vc_row][vc_row][vc_column][vc_headings style=&#8220;theme3&#8243; borderclr=&#8220;#890000&#8243; title=&#8220;Lake Naivasha H\u00e4ufig gestellte Fragen&#8220; use_theme_fonts=&#8220;yes&#8220; titleclr=&#8220;#890000&#8243;][\/vc_headings][vc_empty_space][\/vc_column][\/vc_row][vc_row][vc_column][vc_toggle title=&#8220;Was sind die besten Aktivit\u00e4ten am Lake Naivasha?&#8220; style=&#8220;square&#8220;]<span data-contrast=\"auto\">Am Naivasha See gibt es viele Dinge zu tun, darunter:<\/span><span data-ccp-props=\"{\"201341983\":0,\"335559739\":160,\"335559740\":259}\"> <\/span><\/p>\n<ul>\n<li data-leveltext=\"\uf0b7\" data-font=\"Symbol\" data-listid=\"1\" data-list-defn-props=\"{\"335552541\":1,\"335559684\":-2,\"335559685\":720,\"335559991\":360,\"469769226\":\"Symbol\",\"469769242\":[8226],\"469777803\":\"left\",\"469777804\":\"\uf0b7\",\"469777815\":\"hybridMultilevel\"}\" aria-setsize=\"-1\" data-aria-posinset=\"1\" data-aria-level=\"1\"><b><span data-contrast=\"auto\">Pirschfahrten:<\/span><\/b><span data-contrast=\"auto\"> Der Naivasha-See ist ein gro\u00dfartiger Ort f\u00fcr eine Pirschfahrt, da Sie eine Vielzahl von Wildtieren sehen k\u00f6nnen, darunter Flusspferde, Elefanten, L\u00f6wen und Zebras.<\/span><span data-ccp-props=\"{\"201341983\":0,\"335559739\":160,\"335559740\":259}\"> <\/span><\/li>\n<li data-leveltext=\"\uf0b7\" data-font=\"Symbol\" data-listid=\"1\" data-list-defn-props=\"{\"335552541\":1,\"335559684\":-2,\"335559685\":720,\"335559991\":360,\"469769226\":\"Symbol\",\"469769242\":[8226],\"469777803\":\"left\",\"469777804\":\"\uf0b7\",\"469777815\":\"hybridMultilevel\"}\" aria-setsize=\"-1\" data-aria-posinset=\"2\" data-aria-level=\"1\"><b><span data-contrast=\"auto\">Bootfahren:<\/span><\/b><span data-contrast=\"auto\"> Der Naivasha-See ist ein gro\u00dfartiger Ort zum Bootfahren, da Sie den See erkunden und die Tierwelt aus einer anderen Perspektive sehen k\u00f6nnen.<\/span><span data-ccp-props=\"{\"201341983\":0,\"335559739\":160,\"335559740\":259}\"> <\/span><\/li>\n<\/ul>\n<ul>\n<li data-leveltext=\"\uf0b7\" data-font=\"Symbol\" data-listid=\"1\" data-list-defn-props=\"{\"335552541\":1,\"335559684\":-2,\"335559685\":720,\"335559991\":360,\"469769226\":\"Symbol\",\"469769242\":[8226],\"469777803\":\"left\",\"469777804\":\"\uf0b7\",\"469777815\":\"hybridMultilevel\"}\" aria-setsize=\"-1\" data-aria-posinset=\"1\" data-aria-level=\"1\"><b><span data-contrast=\"auto\">Wandern:<\/span><\/b><span data-contrast=\"auto\"> Rund um den Naivasha-See gibt es mehrere Wanderwege, die einen atemberaubenden Blick auf den See und die umliegende Landschaft bieten.<\/span><span data-ccp-props=\"{\"201341983\":0,\"335559739\":160,\"335559740\":259}\"> <\/span><\/li>\n<li data-leveltext=\"\uf0b7\" data-font=\"Symbol\" data-listid=\"1\" data-list-defn-props=\"{\"335552541\":1,\"335559684\":-2,\"335559685\":720,\"335559991\":360,\"469769226\":\"Symbol\",\"469769242\":[8226],\"469777803\":\"left\",\"469777804\":\"\uf0b7\",\"469777815\":\"hybridMultilevel\"}\" aria-setsize=\"-1\" data-aria-posinset=\"2\" data-aria-level=\"1\"><b><span data-contrast=\"auto\">Vogelbeobachtung:<\/span><\/b><span data-contrast=\"auto\"> Der Naivasha-See ist ein gro\u00dfartiger Ort, um V\u00f6gel zu beobachten, da er \u00fcber 400 Vogelarten beheimatet.<\/span><span data-ccp-props=\"{\"201341983\":0,\"335559739\":160,\"335559740\":259}\"> <\/span><\/li>\n<\/ul>\n[\/vc_toggle][vc_toggle title=&#8220;Wann ist die beste Zeit, um den Naivasha See zu besuchen?&#8220; style=&#8220;square&#8220;]Die beste Zeit f\u00fcr einen Besuch des Naivasha-Sees ist w\u00e4hrend der Trockenzeit, die von Juni bis Oktober dauert. Das Wetter ist in dieser Zeit warm und sonnig und der See ist am klarsten.[\/vc_toggle][vc_toggle title=&#8220;Wie komme ich zum Naivasha-See?&#8220; style=&#8220;square&#8220;]Es gibt mehrere M\u00f6glichkeiten, zum Naivasha See zu gelangen. Sie k\u00f6nnen zum Jomo Kenyatta International Airport in Nairobi fliegen und dann ein Taxi oder einen Bus zum Lake Naivasha nehmen. Sie k\u00f6nnen auch einen Zug von Nairobi nach Nakuru nehmen und dann ein Taxi oder einen Bus zum Naivasha-See nehmen.[\/vc_toggle][vc_toggle title=&#8220;Wie viel kostet es, den Naivasha See zu besuchen?&#8220; style=&#8220;square&#8220;]Die Kosten f\u00fcr den Besuch des Naivasha-Sees variieren je nach den Aktivit\u00e4ten, f\u00fcr die Sie sich entscheiden. Eine preisg\u00fcnstige Reise zum Lake Naivasha kann etwa 100 $ pro Tag kosten, w\u00e4hrend eine luxuri\u00f6sere Reise mehr als 500 $ pro Tag kosten kann.[\/vc_toggle][vc_toggle title=&#8220;Was sollte ich f\u00fcr eine Reise zum Naivasha See einpacken?&#8220; style=&#8220;square&#8220;]Hier sind einige Dinge, die Sie f\u00fcr eine Reise zum Naivasha-See einpacken sollten: Sonnencreme, Hut, Sonnenbrille, bequeme Schuhe, Kamera, Fernglas, Regenkleidung.[\/vc_toggle][\/vc_column][\/vc_row]\n","protected":false},"excerpt":{"rendered":"<p>[vc_row css=&#8220;.vc_custom_1741951879423{background: rgba(0,0,0,0.47) url(https:\/\/mufasatoursandtravels.com\/wp-content\/uploads\/2025\/03\/lake-naivasha.jpg?id=29797) !important;background-position: center !important;background-repeat: no-repeat !important;background-size: cover !important;*background-color: rgb(0,0,0) !important;}&#8220;][vc_column css=&#8220;.vc_custom_1687881881512{padding-top: 30px !important;padding-right: 50px !important;padding-bottom: 30px !important;padding-left: 50px !important;background-color: rgba(0,0,0,0.47) !important;*background-color: rgb(0,0,0) !important;}&#8220;][vc_empty_space][vc_empty_space height=&#8220;64px&#8220;][vc_btn title=&#8220;Naivasha-See, Kenia&#8220; style=&#8220;outline&#8220; shape=&#8220;round&#8220; align=&#8220;left&#8220; el_class=&#8220;explore-btn&#8220;][\/vc_column][\/vc_row][vc_row][vc_column css=&#8220;.vc_custom_1679043583646{border-top-width: 10px !important;}&#8220;][vc_empty_space][vc_tta_tabs shape=&#8220;square&#8220; color=&#8220;juicy-pink&#8220; alignment=&#8220;center&#8220; active_section=&#8220;1&#8243; no_fill_content_area=&#8220;true&#8220;][vc_tta_section title=&#8220;\u00dcber&#8220; tab_id=&#8220;1636302233132-39a30584-a642&#8243;][info_list_father listclr=&#8220;#f8f8f8&#8243;][info_list_son style=&#8220;icon&#8220; size=&#8220;20&#8243; width=&#8220;25&#8243; height=&#8220;25&#8243; titleclr=&#8220;#800000&#8243; icon=&#8220;fas fa-question-circle&#8220; title=&#8220;Lake Naivasha Kenya&#8220;]Lake Naivasha, [&hellip;]<\/p>\n","protected":false},"author":4,"featured_media":0,"parent":27929,"menu_order":3,"comment_status":"closed","ping_status":"closed","template":"","meta":{"_themeisle_gutenberg_block_has_review":false,"footnotes":""},"class_list":["post-30991","page","type-page","status-publish","hentry"],"_links":{"self":[{"href":"https:\/\/mufasatoursandtravels.com\/de\/wp-json\/wp\/v2\/pages\/30991","targetHints":{"allow":["GET"]}}],"collection":[{"href":"https:\/\/mufasatoursandtravels.com\/de\/wp-json\/wp\/v2\/pages"}],"about":[{"href":"https:\/\/mufasatoursandtravels.com\/de\/wp-json\/wp\/v2\/types\/page"}],"author":[{"embeddable":true,"href":"https:\/\/mufasatoursandtravels.com\/de\/wp-json\/wp\/v2\/users\/4"}],"replies":[{"embeddable":true,"href":"https:\/\/mufasatoursandtravels.com\/de\/wp-json\/wp\/v2\/comments?post=30991"}],"version-history":[{"count":20,"href":"https:\/\/mufasatoursandtravels.com\/de\/wp-json\/wp\/v2\/pages\/30991\/revisions"}],"predecessor-version":[{"id":35832,"href":"https:\/\/mufasatoursandtravels.com\/de\/wp-json\/wp\/v2\/pages\/30991\/revisions\/35832"}],"up":[{"embeddable":true,"href":"https:\/\/mufasatoursandtravels.com\/de\/wp-json\/wp\/v2\/pages\/27929"}],"wp:attachment":[{"href":"https:\/\/mufasatoursandtravels.com\/de\/wp-json\/wp\/v2\/media?parent=30991"}],"curies":[{"name":"wp","href":"https:\/\/api.w.org\/{rel}","templated":true}]}}