{"id":31025,"date":"2022-03-25T06:29:38","date_gmt":"2022-03-25T03:29:38","guid":{"rendered":"https:\/\/mufasatoursandtravels.com\/flugziele\/der-nakuru-see-nationalpark\/"},"modified":"2025-04-30T15:58:47","modified_gmt":"2025-04-30T12:58:47","slug":"der-nakuru-see-nationalpark","status":"publish","type":"page","link":"https:\/\/mufasatoursandtravels.com\/de\/flugziele\/der-nakuru-see-nationalpark\/","title":{"rendered":"Der Nakuru-See Nationalpark"},"content":{"rendered":"[vc_row full_width=&#8220;stretch_row&#8220;][vc_column css=&#8220;.vc_custom_1679043382997{border-bottom-width: 10px !important;}&#8220;][ucaddon_classic_banner title=&#8220;&#8220; link_text=&#8220;Lake Nakuru National Park, Kenya&#8220; image=&#8220;8196&#8243; link=&#8220;&#8220; uc_fonts_data=&#8220;JTdCJTdE&#8220;][\/ucaddon_classic_banner][\/vc_column][\/vc_row][vc_row][vc_column css=&#8220;.vc_custom_1679043391840{border-top-width: 10px !important;}&#8220;][vc_tta_tabs shape=&#8220;square&#8220; color=&#8220;juicy-pink&#8220; alignment=&#8220;center&#8220; active_section=&#8220;1&#8243; no_fill_content_area=&#8220;true&#8220;][vc_tta_section title=&#8220;\u00dcber&#8220; tab_id=&#8220;1636302233132-39a30584-a642&#8243;][info_list_father listclr=&#8220;#f8f8f8&#8243;][info_list_son style=&#8220;icon&#8220; size=&#8220;20&#8243; width=&#8220;25&#8243; height=&#8220;25&#8243; titleclr=&#8220;#800000&#8243; icon=&#8220;fas fa-question-circle&#8220; title=&#8220;Der Nakuru-See Nationalpark&#8220;]Es ist das erste Nashornschutzgebiet in Kenia und wurde gegr\u00fcndet, kurz nachdem die Nash\u00f6rner zu einer gef\u00e4hrdeten Art geworden waren. Der Park beherbergt eine gro\u00dfe Population von ihnen und ist voller rosa Flamingos. Die Flamingos, sowohl die Gro\u00dfen als auch die Kleinen, versammeln sich an den Seeschuhen, um blaugr\u00fcne Algen als Nahrung zu gewinnen, die schon von weitem rosa Wolken bilden und die Hauptattraktion des Parks sind.  [\/info_list_son][info_list_son style=&#8220;icon&#8220; size=&#8220;20&#8243; width=&#8220;25&#8243; height=&#8220;25&#8243; titleclr=&#8220;#800000&#8243; icon=&#8220;fas fa-binoculars&#8220; title=&#8220;Tierwelt&#8220;]Der Park beherbergt eine gro\u00dfe \u00f6kologische Vielfalt, wobei Flamingos (gro\u00dfe und kleine) und andere Wasserv\u00f6gel die Hauptattraktionen des Gebiets sind. Das \u00d6kosystem beherbergt etwa 56 verschiedene S\u00e4ugetierarten, darunter das Breitmaulnashorn und B\u00fcffel, sowie eine Vielzahl von Landv\u00f6geln mit fast 450 Arten. <\/p>\n<p>Wildtiere wie der Steinschlieferliefer, der Stummelaffe, das Nilpferd, der Leopard, der L\u00f6we, das Spitz- und Breitmaulnashorn, der Wasserbock, die Streifenhy\u00e4ne, die Goldkatze, die Thomson- und Grant-Gazelle und die Rothschild-Giraffe leben hier. Eine der Besonderheiten des Lake Nakuru Nationalparks ist, dass er kompakt ist und eine hohe Wilddichte aufweist. Daher ist es einfach, w\u00e4hrend des Safari-Trails Wildtieren zu begegnen. Es ist sehr wahrscheinlich, dass Sie einen Leoparden sehen, und L\u00f6wen sind leicht zu begegnen.  [\/info_list_son][info_list_son style=&#8220;icon&#8220; size=&#8220;20&#8243; width=&#8220;25&#8243; height=&#8220;25&#8243; titleclr=&#8220;#800000&#8243; icon=&#8220;fas fa-paw&#8220; title=&#8220;Aktivit\u00e4ten&#8220;]\n<ul>\n<li>Pirschfahrten.<\/li>\n<li>Bootsfahrten\/ Kanufahrten.<\/li>\n<li>Radfahren.<\/li>\n<li>Vogelbeobachtung.<\/li>\n<li>Spazierg\u00e4nge in der Natur.<\/li>\n<\/ul>\n[\/info_list_son][\/info_list_father][\/vc_tta_section][vc_tta_section title=&#8220;Unterkunft&#8220; tab_id=&#8220;1741957987068-23e7e841-2648&#8243;][vc_row_inner][vc_column_inner width=&#8220;1\/2&#8243; offset=&#8220;vc_hidden-md vc_hidden-sm vc_hidden-xs&#8220;][vc_images_carousel images=&#8220;35177&#8243; onclick=&#8220;link_no&#8220;][\/vc_column_inner][vc_column_inner width=&#8220;1\/2&#8243;][vc_headings style=&#8220;theme3&#8243; linewidth=&#8220;100&#8243; borderclr=&#8220;#890000&#8243; title=&#8220;The Cliff&#8220; align=&#8220;left&#8220; google_fonts=&#8220;font_family:Roboto%3A100%2C100italic%2C300%2C300italic%2Cregular%2Citalic%2C500%2C500italic%2C700%2C700italic%2C900%2C900italic&#8220; titleclr=&#8220;#000000&#8243;][\/vc_headings][vc_column_text]Auf der Klippe gelegen, genie\u00dfen Sie den Blick auf den Sodasee des Rift Valley, den Lake Nakuru. Ber\u00fchmt f\u00fcr seine Extravaganz von Flamingos, die zu diesem See gelockt werden, k\u00f6nnten Sie nicht idealer gelegen sein.[\/vc_column_text][vc_btn title=&#8220;Ansehen&#8220; style=&#8220;outline-custom&#8220; outline_custom_color=&#8220;#890000&#8243; outline_custom_hover_background=&#8220;#890000&#8243; outline_custom_hover_text=&#8220;#ffffff&#8220; shape=&#8220;round&#8220; size=&#8220;sm&#8220; i_align=&#8220;right&#8220; i_icon_fontawesome=&#8220;fas fa-arrow-circle-right&#8220; add_icon=&#8220;true&#8220; link=&#8220;url:https%3A%2F%2Fwww.thecliffkenya.com%2F|&#8220;][\/vc_column_inner][\/vc_row_inner][vc_row_inner][vc_column_inner width=&#8220;1\/2&#8243; offset=&#8220;vc_hidden-md vc_hidden-sm vc_hidden-xs&#8220;][vc_images_carousel images=&#8220;35201&#8243; onclick=&#8220;link_no&#8220;][\/vc_column_inner][vc_column_inner width=&#8220;1\/2&#8243;][vc_headings style=&#8220;theme3&#8243; linewidth=&#8220;100&#8243; borderclr=&#8220;#890000&#8243; title=&#8220;Mbweha Camp&#8220; align=&#8220;left&#8220; google_fonts=&#8220;font_family:Roboto%3A100%2C100italic%2C300%2C300italic%2Cregular%2Citalic%2C500%2C500italic%2C700%2C700italic%2C900%2C900italic&#8220; titleclr=&#8220;#000000&#8243;][\/vc_headings][vc_column_text]Eingebettet in das beeindruckende Great Rift Valley liegt das Mbweha Camp in der privaten 6400 Hektar gro\u00dfen Congreve Conservancy, die an den Lake Nakuru National Park grenzt. Dieser ruhige R\u00fcckzugsort bietet einen atemberaubenden Blick auf die Gebirgsz\u00fcge Eburru und Mau und verbindet nahtlos rustikalen Charme mit einem tiefen Engagement f\u00fcr den Umweltschutz.[\/vc_column_text][vc_btn title=&#8220;Ansehen&#8220; style=&#8220;outline-custom&#8220; outline_custom_color=&#8220;#890000&#8243; outline_custom_hover_background=&#8220;#890000&#8243; outline_custom_hover_text=&#8220;#ffffff&#8220; shape=&#8220;round&#8220; size=&#8220;sm&#8220; i_align=&#8220;right&#8220; i_icon_fontawesome=&#8220;fas fa-arrow-circle-right&#8220; add_icon=&#8220;true&#8220; link=&#8220;url:https%3A%2F%2Fwww.atua-enkop.com%2Fmbweha|&#8220;][\/vc_column_inner][\/vc_row_inner][vc_row_inner][vc_column_inner width=&#8220;1\/2&#8243; offset=&#8220;vc_hidden-md vc_hidden-sm vc_hidden-xs&#8220;][vc_images_carousel images=&#8220;35213&#8243; onclick=&#8220;link_no&#8220;][\/vc_column_inner][vc_column_inner width=&#8220;1\/2&#8243;][vc_headings style=&#8220;theme3&#8243; linewidth=&#8220;100&#8243; borderclr=&#8220;#890000&#8243; title=&#8220;Sarova Woodlands&#8220; align=&#8220;left&#8220; google_fonts=&#8220;font_family:Roboto%3A100%2C100italic%2C300%2C300italic%2Cregular%2Citalic%2C500%2C500italic%2C700%2C700italic%2C900%2C900italic&#8220; titleclr=&#8220;#000000&#8243;][\/vc_headings][vc_column_text]Das Sarova Woodlands Hotel and Spa in Nakuru ist ein ruhiger R\u00fcckzugsort f\u00fcr Gesch\u00e4ftsreisende und Urlauber und bietet den idealen Ort, um die Reise f\u00fcr diejenigen zu unterbrechen, die durch die Stadt Nakuru reisen.[\/vc_column_text][vc_btn title=&#8220;Ansehen&#8220; style=&#8220;outline-custom&#8220; outline_custom_color=&#8220;#890000&#8243; outline_custom_hover_background=&#8220;#890000&#8243; outline_custom_hover_text=&#8220;#ffffff&#8220; shape=&#8220;round&#8220; size=&#8220;sm&#8220; i_align=&#8220;right&#8220; i_icon_fontawesome=&#8220;fas fa-arrow-circle-right&#8220; add_icon=&#8220;true&#8220; link=&#8220;url:https%3A%2F%2Fwww.sarovahotels.com%2Fwoodlands-nakuru%2F|&#8220;][\/vc_column_inner][\/vc_row_inner][vc_row_inner][vc_column_inner width=&#8220;1\/2&#8243; offset=&#8220;vc_hidden-md vc_hidden-sm vc_hidden-xs&#8220;][vc_images_carousel images=&#8220;35221&#8243; onclick=&#8220;link_no&#8220;][\/vc_column_inner][vc_column_inner width=&#8220;1\/2&#8243;][vc_headings style=&#8220;theme3&#8243; linewidth=&#8220;100&#8243; borderclr=&#8220;#890000&#8243; title=&#8220;Lake Nakuru Sopa&#8220; align=&#8220;left&#8220; google_fonts=&#8220;font_family:Roboto%3A100%2C100italic%2C300%2C300italic%2Cregular%2Citalic%2C500%2C500italic%2C700%2C700italic%2C900%2C900italic&#8220; titleclr=&#8220;#000000&#8243;][\/vc_headings][vc_column_text]Die Lodge liegt auf einer H\u00fcgelkette, die die westliche Grenze des Gro\u00dfen Afrikanischen Grabenbruchs bildet, und bietet einen spektakul\u00e4ren Blick \u00fcber die Weiten Afrikas. Die Lodge \u00fcberblickt auch den Lake Nakuru und den umliegenden Nationalpark, der ein Paradies f\u00fcr Vogelbeobachter und Tierliebhaber gleicherma\u00dfen ist. Der Lake Nakuru Nationalpark ist haupts\u00e4chlich ein bewaldetes und buschiges Grasland mit einer gro\u00dfen \u00f6kologischen Vielfalt und charakteristischen Lebensr\u00e4umen, die von den Gew\u00e4ssern des Sees bis zu den Steilh\u00e4ngen und Bergr\u00fccken reichen.[\/vc_column_text][vc_btn title=&#8220;Ansehen&#8220; style=&#8220;outline-custom&#8220; outline_custom_color=&#8220;#890000&#8243; outline_custom_hover_background=&#8220;#890000&#8243; outline_custom_hover_text=&#8220;#ffffff&#8220; shape=&#8220;round&#8220; size=&#8220;sm&#8220; i_align=&#8220;right&#8220; i_icon_fontawesome=&#8220;fas fa-arrow-circle-right&#8220; add_icon=&#8220;true&#8220; link=&#8220;url:https%3A%2F%2Fsopalodges.com%2Flake-nakuru-sopa-lodge%2Fthe-lodge|&#8220;][\/vc_column_inner][\/vc_row_inner][vc_row_inner][vc_column_inner width=&#8220;1\/2&#8243; offset=&#8220;vc_hidden-md vc_hidden-sm vc_hidden-xs&#8220;][vc_images_carousel images=&#8220;35228&#8243; onclick=&#8220;link_no&#8220;][\/vc_column_inner][vc_column_inner width=&#8220;1\/2&#8243;][vc_headings style=&#8220;theme3&#8243; linewidth=&#8220;100&#8243; borderclr=&#8220;#890000&#8243; title=&#8220;Lake Nakuru Lodge&#8220; align=&#8220;left&#8220; google_fonts=&#8220;font_family:Roboto%3A100%2C100italic%2C300%2C300italic%2Cregular%2Citalic%2C500%2C500italic%2C700%2C700italic%2C900%2C900italic&#8220; titleclr=&#8220;#000000&#8243;][\/vc_headings][vc_column_text]Die Lodge befindet sich im Lake Nakuru National Park, einem Paradies f\u00fcr Vogelbeobachter \/ rosa Herz Kenias, und bietet einen atemberaubenden Blick auf den See und die Hilfe unseres erfahrenen, freundlichen Personals.[\/vc_column_text][vc_btn title=&#8220;Ansehen&#8220; style=&#8220;outline-custom&#8220; outline_custom_color=&#8220;#890000&#8243; outline_custom_hover_background=&#8220;#890000&#8243; outline_custom_hover_text=&#8220;#ffffff&#8220; shape=&#8220;round&#8220; size=&#8220;sm&#8220; i_align=&#8220;right&#8220; i_icon_fontawesome=&#8220;fas fa-arrow-circle-right&#8220; add_icon=&#8220;true&#8220; link=&#8220;url:https%3A%2F%2Flakenakurulodge.com%2F|&#8220;][\/vc_column_inner][\/vc_row_inner][\/vc_tta_section][vc_tta_section title=&#8220;Anfahrt&#8220; tab_id=&#8220;1633455601016-f93699bc-5d92&#8243;][vc_gmaps link=&#8220;#E-8_JTNDaWZyYW1lJTIwc3JjJTNEJTIyaHR0cHMlM0ElMkYlMkZtYXBzLmdvb2dsZS5jb20lMkZtYXBzJTNGcSUzRExha2UlMjUyMG5ha3VydSUyNmFtcCUzQnQlM0QlMjZhbXAlM0J6JTNEMTElMjZhbXAlM0JpZSUzRFVURjglMjZhbXAlM0Jpd2xvYyUzRCUyNmFtcCUzQm91dHB1dCUzRGVtYmVkJTIyJTIwd2lkdGglM0QlMjI2MDAlMjIlMjBoZWlnaHQlM0QlMjI0NTAlMjIlMjBmcmFtZWJvcmRlciUzRCUyMjAlMjIlMjBzY3JvbGxpbmclM0QlMjJubyUyMiUyMHN0eWxlJTNEJTIyYm9yZGVyJTNBMCUyMiUyMGFsbG93ZnVsbHNjcmVlbiUzRCUyMiUyMiUzRSUzQyUyRmlmcmFtZSUzRQ==&#8220;][\/vc_tta_section][\/vc_tta_tabs][\/vc_column][\/vc_row]\n","protected":false},"excerpt":{"rendered":"<p>[vc_row full_width=&#8220;stretch_row&#8220;][vc_column css=&#8220;.vc_custom_1679043382997{border-bottom-width: 10px !important;}&#8220;][ucaddon_classic_banner title=&#8220;&#8220; link_text=&#8220;Lake Nakuru National Park, Kenya&#8220; image=&#8220;8196&#8243; link=&#8220;&#8220; uc_fonts_data=&#8220;JTdCJTdE&#8220;][\/ucaddon_classic_banner][\/vc_column][\/vc_row][vc_row][vc_column css=&#8220;.vc_custom_1679043391840{border-top-width: 10px !important;}&#8220;][vc_tta_tabs shape=&#8220;square&#8220; color=&#8220;juicy-pink&#8220; alignment=&#8220;center&#8220; active_section=&#8220;1&#8243; no_fill_content_area=&#8220;true&#8220;][vc_tta_section title=&#8220;\u00dcber&#8220; tab_id=&#8220;1636302233132-39a30584-a642&#8243;][info_list_father listclr=&#8220;#f8f8f8&#8243;][info_list_son style=&#8220;icon&#8220; size=&#8220;20&#8243; width=&#8220;25&#8243; height=&#8220;25&#8243; titleclr=&#8220;#800000&#8243; icon=&#8220;fas fa-question-circle&#8220; title=&#8220;Der Nakuru-See Nationalpark&#8220;]Es ist das erste Nashornschutzgebiet in Kenia und wurde gegr\u00fcndet, kurz nachdem die Nash\u00f6rner zu einer gef\u00e4hrdeten Art geworden waren. Der [&hellip;]<\/p>\n","protected":false},"author":4,"featured_media":0,"parent":27929,"menu_order":4,"comment_status":"closed","ping_status":"closed","template":"","meta":{"_themeisle_gutenberg_block_has_review":false,"footnotes":""},"class_list":["post-31025","page","type-page","status-publish","hentry"],"_links":{"self":[{"href":"https:\/\/mufasatoursandtravels.com\/de\/wp-json\/wp\/v2\/pages\/31025","targetHints":{"allow":["GET"]}}],"collection":[{"href":"https:\/\/mufasatoursandtravels.com\/de\/wp-json\/wp\/v2\/pages"}],"about":[{"href":"https:\/\/mufasatoursandtravels.com\/de\/wp-json\/wp\/v2\/types\/page"}],"author":[{"embeddable":true,"href":"https:\/\/mufasatoursandtravels.com\/de\/wp-json\/wp\/v2\/users\/4"}],"replies":[{"embeddable":true,"href":"https:\/\/mufasatoursandtravels.com\/de\/wp-json\/wp\/v2\/comments?post=31025"}],"version-history":[{"count":16,"href":"https:\/\/mufasatoursandtravels.com\/de\/wp-json\/wp\/v2\/pages\/31025\/revisions"}],"predecessor-version":[{"id":35833,"href":"https:\/\/mufasatoursandtravels.com\/de\/wp-json\/wp\/v2\/pages\/31025\/revisions\/35833"}],"up":[{"embeddable":true,"href":"https:\/\/mufasatoursandtravels.com\/de\/wp-json\/wp\/v2\/pages\/27929"}],"wp:attachment":[{"href":"https:\/\/mufasatoursandtravels.com\/de\/wp-json\/wp\/v2\/media?parent=31025"}],"curies":[{"name":"wp","href":"https:\/\/api.w.org\/{rel}","templated":true}]}}