{"id":31492,"date":"2025-02-27T13:15:42","date_gmt":"2025-02-27T10:15:42","guid":{"rendered":"https:\/\/mufasatoursandtravels.com\/sansibar-safaris\/"},"modified":"2025-04-10T15:28:17","modified_gmt":"2025-04-10T12:28:17","slug":"sansibar-safaris","status":"publish","type":"page","link":"https:\/\/mufasatoursandtravels.com\/de\/sansibar-safaris\/","title":{"rendered":"Sansibar Safaris"},"content":{"rendered":"[vc_row full_width=&#8220;stretch_row_content&#8220; css=&#8220;.vc_custom_1740662458077{margin-top: -50px !important;background: rgba(0,0,0,0.89) url(https:\/\/mufasatoursandtravels.com\/wp-content\/uploads\/2022\/03\/melia-hotel-zanzibar-packages-luxury-safari-and-all.jpg?id=5731) !important;*background-color: rgb(0,0,0) !important;}&#8220;][vc_column css=&#8220;.vc_custom_1687869367906{padding-top: 30px !important;padding-right: 50px !important;padding-bottom: 30px !important;padding-left: 50px !important;background-color: rgba(0,0,0,0.57) !important;*background-color: rgb(0,0,0) !important;}&#8220;][vc_empty_space height=&#8220;70px&#8220;][vc_custom_heading text=&#8220;Sansibar&#8220; font_container=&#8220;tag:h1|font_size:35|text_align:center|color:%23ffffff&#8220; use_theme_fonts=&#8220;yes&#8220; el_class=&#8220;custom-opacity-text&#8220; css=&#8220;.vc_custom_1740651830108{margin-top: 30px !important;}&#8220;][vc_separator el_width=&#8220;40&#8243;][vc_empty_space height=&#8220;70px&#8220;][\/vc_column][\/vc_row][vc_row][vc_column][vc_empty_space][\/vc_column][\/vc_row][vc_row][vc_column][vc_headings style=&#8220;theme3&#8243; linewidth=&#8220;150&#8243; borderclr=&#8220;#890000&#8243; title=&#8220;Strand von Sansibar&#8220; use_theme_fonts=&#8220;yes&#8220; titleclr=&#8220;#890000&#8243;][\/vc_headings][\/vc_column][\/vc_row][vc_row][vc_column][vc_column_text]\n<p style=\"font-size: 18px; text-align: center;\">Eine Mischung aus Paradies und Kultur mit wei\u00dfem Sand und t\u00fcrkisfarbenem Wasser, die auf eine Mischung aus arabischen und afrikanischen Traditionen trifft. Ein Ort zum Entspannen, Erkunden von Unterwasserwundern und Erleben einzigartiger kultureller Einfl\u00fcsse. <\/p>\n[\/vc_column_text][vc_empty_space][\/vc_column][\/vc_row][vc_row][vc_column width=&#8220;1\/4&#8243;][ucaddon_uc_classic_carousel_content title=&#8220;Pongwe Beach Hotel  &#8220; border_color=&#8220;#890000&#8243; btn_hvr_clr=&#8220;#890000&#8243; image=&#8220;&#8220; primary_color=&#8220;#890000&#8243; btn_text=&#8220;View \u2192&#8220; link=&#8220;https:\/\/pongwe.com\/&#8220; uc_init_settings=&#8220;&#8220; uc_fonts_data=&#8220;JTdCJTIydGl0bGUlMjIlM0ElN0IlMjJmb250LWZhbWlseSUyMiUzQSUyMlJvYm90byUyMiU3RCUyQyUyMmJ0bl90ZXh0JTIyJTNBJTdCJTIyZm9udC1mYW1pbHklMjIlM0ElMjJSb2JvdG8lMjIlN0QlN0Q=&#8220;][\/ucaddon_uc_classic_carousel_content][\/vc_column][vc_column width=&#8220;1\/4&#8243;][ucaddon_uc_classic_carousel_content title=&#8220;Matemwe Lodge  &#8220; border_color=&#8220;#890000&#8243; btn_hvr_clr=&#8220;#890000&#8243; image=&#8220;&#8220; primary_color=&#8220;#890000&#8243; btn_text=&#8220;View \u2192&#8220; link=&#8220;https:\/\/hotels-attitude.com\/fr\/matemwe-zanzibar&#8220; uc_init_settings=&#8220;&#8220; uc_fonts_data=&#8220;JTdCJTIydGl0bGUlMjIlM0ElN0IlMjJmb250LWZhbWlseSUyMiUzQSUyMlJvYm90byUyMiU3RCUyQyUyMmJ0bl90ZXh0JTIyJTNBJTdCJTIyZm9udC1mYW1pbHklMjIlM0ElMjJSb2JvdG8lMjIlN0QlN0Q=&#8220;][\/ucaddon_uc_classic_carousel_content][\/vc_column][vc_column width=&#8220;1\/4&#8243;][ucaddon_uc_classic_carousel_content title=&#8220;Sternschnuppe Lodge  &#8220; border_color=&#8220;#890000&#8243; btn_hvr_clr=&#8220;#890000&#8243; image=&#8220;&#8220; primary_color=&#8220;#890000&#8243; btn_text=&#8220;View \u2192&#8220; link=&#8220;https:\/\/www.shootingstarlodge.com\/&#8220; uc_init_settings=&#8220;&#8220; uc_fonts_data=&#8220;JTdCJTIydGl0bGUlMjIlM0ElN0IlMjJmb250LWZhbWlseSUyMiUzQSUyMlJvYm90byUyMiU3RCUyQyUyMmJ0bl90ZXh0JTIyJTNBJTdCJTIyZm9udC1mYW1pbHklMjIlM0ElMjJSb2JvdG8lMjIlN0QlN0Q=&#8220;][\/ucaddon_uc_classic_carousel_content][\/vc_column][vc_column width=&#8220;1\/4&#8243;][ucaddon_uc_classic_carousel_content title=&#8220;  Mnemba Island Lodge  &#8220; border_color=&#8220;#890000&#8243; btn_hvr_clr=&#8220;#890000&#8243; image=&#8220;&#8220; primary_color=&#8220;#890000&#8243; btn_text=&#8220;View \u2192&#8220; link=&#8220;https:\/\/www.andbeyond.com\/our-lodges\/indian-ocean-islands\/zanzibar\/andbeyond-mnemba-island\/?utm_source=google&amp;utm_medium=organic&amp;utm_campaign=organic-global-bofu-gmb-listing-mnemba-island&#8220; uc_init_settings=&#8220;&#8220; uc_fonts_data=&#8220;JTdCJTIydGl0bGUlMjIlM0ElN0IlMjJmb250LWZhbWlseSUyMiUzQSUyMlJvYm90byUyMiU3RCUyQyUyMmJ0bl90ZXh0JTIyJTNBJTdCJTIyZm9udC1mYW1pbHklMjIlM0ElMjJSb2JvdG8lMjIlN0QlN0Q=&#8220;][\/ucaddon_uc_classic_carousel_content][\/vc_column][\/vc_row][vc_row][vc_column width=&#8220;1\/4&#8243;][ucaddon_uc_classic_carousel_content title=&#8220;Unguja Lodge&#8220; border_color=&#8220;#890000&#8243; btn_hvr_clr=&#8220;#890000&#8243; image=&#8220;&#8220; primary_color=&#8220;#890000&#8243; btn_text=&#8220;View \u2192&#8220; link=&#8220;http:\/\/www.ungujalodge.com\/photogallery&#8220; uc_init_settings=&#8220;&#8220; uc_fonts_data=&#8220;JTdCJTIydGl0bGUlMjIlM0ElN0IlMjJmb250LWZhbWlseSUyMiUzQSUyMlJvYm90byUyMiU3RCUyQyUyMmJ0bl90ZXh0JTIyJTNBJTdCJTIyZm9udC1mYW1pbHklMjIlM0ElMjJSb2JvdG8lMjIlN0QlN0Q=&#8220;][\/ucaddon_uc_classic_carousel_content][\/vc_column][vc_column width=&#8220;1\/4&#8243;][ucaddon_uc_classic_carousel_content title=&#8220;  Chumbe Island Lodge  &#8220; border_color=&#8220;#890000&#8243; btn_hvr_clr=&#8220;#890000&#8243; image=&#8220;&#8220; primary_color=&#8220;#890000&#8243; btn_text=&#8220;View \u2192&#8220; link=&#8220;https:\/\/chumbeisland.com\/&#8220; uc_init_settings=&#8220;&#8220; uc_fonts_data=&#8220;JTdCJTIydGl0bGUlMjIlM0ElN0IlMjJmb250LWZhbWlseSUyMiUzQSUyMlJvYm90byUyMiU3RCUyQyUyMmJ0bl90ZXh0JTIyJTNBJTdCJTIyZm9udC1mYW1pbHklMjIlM0ElMjJSb2JvdG8lMjIlN0QlN0Q=&#8220;][\/ucaddon_uc_classic_carousel_content][\/vc_column][vc_column width=&#8220;1\/4&#8243;][ucaddon_uc_classic_carousel_content title=&#8220;  Fumba Beach Lodge  &#8220; border_color=&#8220;#890000&#8243; btn_hvr_clr=&#8220;#890000&#8243; image=&#8220;&#8220; primary_color=&#8220;#890000&#8243; btn_text=&#8220;View \u2192&#8220; link=&#8220;http:\/\/fumbabeachlodge.com\/&#8220; uc_init_settings=&#8220;&#8220; uc_fonts_data=&#8220;JTdCJTIydGl0bGUlMjIlM0ElN0IlMjJmb250LWZhbWlseSUyMiUzQSUyMlJvYm90byUyMiU3RCUyQyUyMmJ0bl90ZXh0JTIyJTNBJTdCJTIyZm9udC1mYW1pbHklMjIlM0ElMjJSb2JvdG8lMjIlN0QlN0Q=&#8220;][\/ucaddon_uc_classic_carousel_content][\/vc_column][vc_column width=&#8220;1\/4&#8243;][ucaddon_uc_classic_carousel_content title=&#8220;Die Residenz Sansibar&#8220; border_color=&#8220;#890000&#8243; btn_hvr_clr=&#8220;#890000&#8243; image=&#8220;&#8220; primary_color=&#8220;#890000&#8243; btn_text=&#8220;View \u2192&#8220; link=&#8220;https:\/\/www.cenizaro.com\/theresidence\/zanzibar?utm_source=google&amp;utm_medium=organic&amp;utm_campaign=zanzibar&#8220; uc_init_settings=&#8220;&#8220; uc_fonts_data=&#8220;JTdCJTIydGl0bGUlMjIlM0ElN0IlMjJmb250LWZhbWlseSUyMiUzQSUyMlJvYm90byUyMiU3RCUyQyUyMmJ0bl90ZXh0JTIyJTNBJTdCJTIyZm9udC1mYW1pbHklMjIlM0ElMjJSb2JvdG8lMjIlN0QlN0Q=&#8220;][\/ucaddon_uc_classic_carousel_content][\/vc_column][\/vc_row][vc_row][vc_column width=&#8220;1\/4&#8243;][ucaddon_uc_classic_carousel_content title=&#8220;  Breezes Beach Club  &#8220; border_color=&#8220;#890000&#8243; btn_hvr_clr=&#8220;#890000&#8243; image=&#8220;&#8220; primary_color=&#8220;#890000&#8243; btn_text=&#8220;View \u2192&#8220; link=&#8220;https:\/\/www.breezes-zanzibar.com\/image-gallery\/&#8220; uc_init_settings=&#8220;&#8220; uc_fonts_data=&#8220;JTdCJTIydGl0bGUlMjIlM0ElN0IlMjJmb250LWZhbWlseSUyMiUzQSUyMlJvYm90byUyMiU3RCUyQyUyMmJ0bl90ZXh0JTIyJTNBJTdCJTIyZm9udC1mYW1pbHklMjIlM0ElMjJSb2JvdG8lMjIlN0QlN0Q=&#8220;][\/ucaddon_uc_classic_carousel_content][\/vc_column][vc_column width=&#8220;1\/4&#8243;][ucaddon_uc_classic_carousel_content title=&#8220;  Qambani Privat&#8220; border_color=&#8220;#890000&#8243; btn_hvr_clr=&#8220;#890000&#8243; image=&#8220;&#8220; primary_color=&#8220;#890000&#8243; btn_text=&#8220;View \u2192&#8220; link=&#8220;https:\/\/www.our-zanzibar.com\/hotel\/qambani-private-residence\/&#8220; uc_init_settings=&#8220;&#8220; uc_fonts_data=&#8220;JTdCJTIydGl0bGUlMjIlM0ElN0IlMjJmb250LWZhbWlseSUyMiUzQSUyMlJvYm90byUyMiU3RCUyQyUyMmJ0bl90ZXh0JTIyJTNBJTdCJTIyZm9udC1mYW1pbHklMjIlM0ElMjJSb2JvdG8lMjIlN0QlN0Q=&#8220;][\/ucaddon_uc_classic_carousel_content][\/vc_column][vc_column width=&#8220;1\/4&#8243;][ucaddon_uc_classic_carousel_content title=&#8220;Baraza Resort und Spa&#8220; border_color=&#8220;#890000&#8243; btn_hvr_clr=&#8220;#890000&#8243; image=&#8220;&#8220; primary_color=&#8220;#890000&#8243; btn_text=&#8220;View \u2192&#8220; link=&#8220;https:\/\/www.baraza-zanzibar.com\/&#8220; uc_init_settings=&#8220;&#8220; uc_fonts_data=&#8220;JTdCJTIydGl0bGUlMjIlM0ElN0IlMjJmb250LWZhbWlseSUyMiUzQSUyMlJvYm90byUyMiU3RCUyQyUyMmJ0bl90ZXh0JTIyJTNBJTdCJTIyZm9udC1mYW1pbHklMjIlM0ElMjJSb2JvdG8lMjIlN0QlN0Q=&#8220;][\/ucaddon_uc_classic_carousel_content][\/vc_column][vc_column width=&#8220;1\/4&#8243;][ucaddon_uc_classic_carousel_content title=&#8220;Die Palmen  &#8220; border_color=&#8220;#890000&#8243; btn_hvr_clr=&#8220;#890000&#8243; image=&#8220;&#8220; primary_color=&#8220;#890000&#8243; btn_text=&#8220;View \u2192&#8220; link=&#8220;https:\/\/www.palms-zanzibar.com\/&#8220; uc_init_settings=&#8220;&#8220; uc_fonts_data=&#8220;JTdCJTIydGl0bGUlMjIlM0ElN0IlMjJmb250LWZhbWlseSUyMiUzQSUyMlJvYm90byUyMiU3RCUyQyUyMmJ0bl90ZXh0JTIyJTNBJTdCJTIyZm9udC1mYW1pbHklMjIlM0ElMjJSb2JvdG8lMjIlN0QlN0Q=&#8220;][\/ucaddon_uc_classic_carousel_content][\/vc_column][\/vc_row][vc_row][vc_column][vc_headings style=&#8220;theme3&#8243; linewidth=&#8220;150&#8243; borderclr=&#8220;#890000&#8243; title=&#8220;Stone Town&#8220; use_theme_fonts=&#8220;yes&#8220; titleclr=&#8220;#890000&#8243;][\/vc_headings][vc_column_text]\n<p style=\"font-size: 18px; text-align: center;\">Erleben Sie ein fesselndes Labyrinth aus Geschichte und Kultur! Schlendern Sie durch die engen Gassen, entdecken Sie gesch\u00e4ftige M\u00e4rkte und bewundern Sie die kunstvoll geschnitzten Holzt\u00fcren. <\/p>\n[\/vc_column_text][\/vc_column][\/vc_row][vc_row][vc_column width=&#8220;1\/4&#8243;][ucaddon_uc_classic_carousel_content title=&#8220;Der Ort auf Sansibar&#8220; border_color=&#8220;#890000&#8243; btn_hvr_clr=&#8220;#890000&#8243; image=&#8220;&#8220; btn_text=&#8220;View \u2192&#8220; link=&#8220;https:\/\/zanzibarpalacehotel.com\/&#8220; uc_init_settings=&#8220;&#8220; uc_fonts_data=&#8220;JTdCJTIydGl0bGUlMjIlM0ElN0IlMjJmb250LWZhbWlseSUyMiUzQSUyMlJvYm90byUyMiU3RCUyQyUyMmJ0bl90ZXh0JTIyJTNBJTdCJTIyZm9udC1mYW1pbHklMjIlM0ElMjJSb2JvdG8lMjIlN0QlN0Q=&#8220;][\/ucaddon_uc_classic_carousel_content][\/vc_column][vc_column width=&#8220;1\/4&#8243;][ucaddon_uc_classic_carousel_content title=&#8220;Beyt Al Salaam&#8220; border_color=&#8220;#890000&#8243; btn_hvr_clr=&#8220;#890000&#8243; image=&#8220;&#8220; btn_text=&#8220;View \u2192&#8220; link=&#8220;https:\/\/beytalsalaam.com\/&#8220; uc_init_settings=&#8220;&#8220; uc_fonts_data=&#8220;JTdCJTIydGl0bGUlMjIlM0ElN0IlMjJmb250LWZhbWlseSUyMiUzQSUyMlJvYm90byUyMiU3RCUyQyUyMmJ0bl90ZXh0JTIyJTNBJTdCJTIyZm9udC1mYW1pbHklMjIlM0ElMjJSb2JvdG8lMjIlN0QlN0Q=&#8220;][\/ucaddon_uc_classic_carousel_content][\/vc_column][vc_column width=&#8220;1\/4&#8243;][ucaddon_uc_classic_carousel_content title=&#8220;Emerson Gew\u00fcrz&#8220; border_color=&#8220;#890000&#8243; btn_hvr_clr=&#8220;#890000&#8243; image=&#8220;&#8220; btn_text=&#8220;View \u2192&#8220; link=&#8220;https:\/\/emersonzanzibar.com\/emerson-spice-hotel-stone-town\/&#8220; uc_fonts_data=&#8220;JTdCJTIydGl0bGUlMjIlM0ElN0IlMjJmb250LWZhbWlseSUyMiUzQSUyMlJvYm90byUyMiU3RCUyQyUyMmJ0bl90ZXh0JTIyJTNBJTdCJTIyZm9udC1mYW1pbHklMjIlM0ElMjJSb2JvdG8lMjIlN0QlN0Q=&#8220;][\/ucaddon_uc_classic_carousel_content][\/vc_column][vc_column width=&#8220;1\/4&#8243;][ucaddon_uc_classic_carousel_content title=&#8220;Kholle Haus&#8220; border_color=&#8220;#890000&#8243; btn_hvr_clr=&#8220;#890000&#8243; image=&#8220;&#8220; btn_text=&#8220;View \u2192&#8220; link=&#8220;https:\/\/www.khollehouse.com\/accommodations\/&#8220; uc_init_settings=&#8220;&#8220; uc_fonts_data=&#8220;JTdCJTIydGl0bGUlMjIlM0ElN0IlMjJmb250LWZhbWlseSUyMiUzQSUyMlJvYm90byUyMiU3RCUyQyUyMmJ0bl90ZXh0JTIyJTNBJTdCJTIyZm9udC1mYW1pbHklMjIlM0ElMjJSb2JvdG8lMjIlN0QlN0Q=&#8220;][\/ucaddon_uc_classic_carousel_content][\/vc_column][\/vc_row][vc_row][vc_column width=&#8220;1\/4&#8243;][ucaddon_uc_classic_carousel_content title=&#8220;Jafferji Haus &amp; Spa&#8220; border_color=&#8220;#890000&#8243; btn_hvr_clr=&#8220;#890000&#8243; image=&#8220;&#8220; btn_text=&#8220;View \u2192&#8220; link=&#8220;http:\/\/jafferjihouse.net\/&#8220; uc_init_settings=&#8220;&#8220; uc_fonts_data=&#8220;JTdCJTIydGl0bGUlMjIlM0ElN0IlMjJmb250LWZhbWlseSUyMiUzQSUyMlJvYm90byUyMiU3RCUyQyUyMmJ0bl90ZXh0JTIyJTNBJTdCJTIyZm9udC1mYW1pbHklMjIlM0ElMjJSb2JvdG8lMjIlN0QlN0Q=&#8220;][\/ucaddon_uc_classic_carousel_content][\/vc_column][vc_column width=&#8220;1\/4&#8243;][ucaddon_uc_classic_carousel_content title=&#8220;Swahili-Haus&#8220; border_color=&#8220;#890000&#8243; btn_hvr_clr=&#8220;#890000&#8243; image=&#8220;&#8220; btn_text=&#8220;View \u2192&#8220; link=&#8220;https:\/\/swahilihouse.com\/&#8220; uc_init_settings=&#8220;&#8220; uc_fonts_data=&#8220;JTdCJTIydGl0bGUlMjIlM0ElN0IlMjJmb250LWZhbWlseSUyMiUzQSUyMlJvYm90byUyMiU3RCUyQyUyMmJ0bl90ZXh0JTIyJTNBJTdCJTIyZm9udC1mYW1pbHklMjIlM0ElMjJSb2JvdG8lMjIlN0QlN0Q=&#8220;][\/ucaddon_uc_classic_carousel_content][\/vc_column][vc_column width=&#8220;1\/4&#8243;][ucaddon_uc_classic_carousel_content title=&#8220;Das Tembo Hotel&#8220; border_color=&#8220;#890000&#8243; btn_hvr_clr=&#8220;#890000&#8243; image=&#8220;&#8220; btn_text=&#8220;View \u2192&#8220; link=&#8220;https:\/\/www.guestreservations.com\/tembo-house-hotel\/booking?utm_source=google&amp;utm_medium=cpc&amp;utm_campaign=990875490&amp;gad_source=1&amp;gclid=EAIaIQobChMIlomqnbn1iwMVO6ODBx1juSSbEAAYAiAAEgL2PvD_BwE&#8220; uc_init_settings=&#8220;&#8220; uc_fonts_data=&#8220;JTdCJTIydGl0bGUlMjIlM0ElN0IlMjJmb250LWZhbWlseSUyMiUzQSUyMlJvYm90byUyMiU3RCUyQyUyMmJ0bl90ZXh0JTIyJTNBJTdCJTIyZm9udC1mYW1pbHklMjIlM0ElMjJSb2JvdG8lMjIlN0QlN0Q=&#8220;][\/ucaddon_uc_classic_carousel_content][\/vc_column][vc_column width=&#8220;1\/4&#8243;][ucaddon_uc_classic_carousel_content title=&#8220;Park Hyatt Sansibar&#8220; border_color=&#8220;#890000&#8243; btn_hvr_clr=&#8220;#890000&#8243; image=&#8220;&#8220; btn_text=&#8220;View \u2192&#8220; link=&#8220;https:\/\/www.hyatt.com\/en-US\/hotel\/tanzania\/park-hyatt-zanzibar\/znzph?src=corp_lclb_google_seo_znzph&amp;utm_source=google&amp;utm_medium=organic&amp;utm_campaign=lmr&#8220; uc_init_settings=&#8220;&#8220; uc_fonts_data=&#8220;JTdCJTIydGl0bGUlMjIlM0ElN0IlMjJmb250LWZhbWlseSUyMiUzQSUyMlJvYm90byUyMiU3RCUyQyUyMmJ0bl90ZXh0JTIyJTNBJTdCJTIyZm9udC1mYW1pbHklMjIlM0ElMjJSb2JvdG8lMjIlN0QlN0Q=&#8220;][\/ucaddon_uc_classic_carousel_content][\/vc_column][\/vc_row][vc_row][vc_column width=&#8220;1\/4&#8243;][ucaddon_uc_classic_carousel_content title=&#8220;Kisiwa-Haus&#8220; border_color=&#8220;#890000&#8243; btn_hvr_clr=&#8220;#890000&#8243; image=&#8220;&#8220; btn_text=&#8220;View \u2192&#8220; link=&#8220;https:\/\/www.kisiwahotelszanzibar.com\/&#8220; uc_init_settings=&#8220;&#8220; uc_fonts_data=&#8220;JTdCJTIydGl0bGUlMjIlM0ElN0IlMjJmb250LWZhbWlseSUyMiUzQSUyMlJvYm90byUyMiU3RCUyQyUyMmJ0bl90ZXh0JTIyJTNBJTdCJTIyZm9udC1mYW1pbHklMjIlM0ElMjJSb2JvdG8lMjIlN0QlN0Q=&#8220;][\/ucaddon_uc_classic_carousel_content][\/vc_column][vc_column width=&#8220;1\/4&#8243;][ucaddon_uc_classic_carousel_content title=&#8220;Das Maru Maru Hotel&#8220; border_color=&#8220;#890000&#8243; btn_hvr_clr=&#8220;#890000&#8243; image=&#8220;&#8220; btn_text=&#8220;View \u2192&#8220; link=&#8220;https:\/\/www.marumaruzanzibar.com\/&#8220; uc_init_settings=&#8220;&#8220; uc_fonts_data=&#8220;JTdCJTIydGl0bGUlMjIlM0ElN0IlMjJmb250LWZhbWlseSUyMiUzQSUyMlJvYm90byUyMiU3RCUyQyUyMmJ0bl90ZXh0JTIyJTNBJTdCJTIyZm9udC1mYW1pbHklMjIlM0ElMjJSb2JvdG8lMjIlN0QlN0Q=&#8220;][\/ucaddon_uc_classic_carousel_content][\/vc_column][vc_column width=&#8220;1\/4&#8243;][ucaddon_uc_classic_carousel_content title=&#8220;Mbweni Ruinen Hotel&#8220; border_color=&#8220;#890000&#8243; btn_hvr_clr=&#8220;#890000&#8243; image=&#8220;&#8220; btn_text=&#8220;View \u2192&#8220; link=&#8220;https:\/\/www.mbweniruinsandgardens.com\/&#8220; uc_init_settings=&#8220;&#8220; uc_fonts_data=&#8220;JTdCJTIydGl0bGUlMjIlM0ElN0IlMjJmb250LWZhbWlseSUyMiUzQSUyMlJvYm90byUyMiU3RCUyQyUyMmJ0bl90ZXh0JTIyJTNBJTdCJTIyZm9udC1mYW1pbHklMjIlM0ElMjJSb2JvdG8lMjIlN0QlN0Q=&#8220;][\/ucaddon_uc_classic_carousel_content][\/vc_column][vc_column width=&#8220;1\/4&#8243;][ucaddon_uc_classic_carousel_content title=&#8220;Emerson \u00fcber Hurumzi&#8220; border_color=&#8220;#890000&#8243; btn_hvr_clr=&#8220;#890000&#8243; image=&#8220;&#8220; btn_text=&#8220;View \u2192&#8220; link=&#8220;https:\/\/emersonzanzibar.com\/emerson-on-hurumzi-hotel\/&#8220; uc_init_settings=&#8220;&#8220; uc_fonts_data=&#8220;JTdCJTIydGl0bGUlMjIlM0ElN0IlMjJmb250LWZhbWlseSUyMiUzQSUyMlJvYm90byUyMiU3RCUyQyUyMmJ0bl90ZXh0JTIyJTNBJTdCJTIyZm9udC1mYW1pbHklMjIlM0ElMjJSb2JvdG8lMjIlN0QlN0Q=&#8220;][\/ucaddon_uc_classic_carousel_content][\/vc_column][\/vc_row][vc_row][vc_column width=&#8220;1\/4&#8243;][ucaddon_uc_classic_carousel_content title=&#8220;Sansibar Serena Hotel&#8220; border_color=&#8220;#890000&#8243; btn_hvr_clr=&#8220;#890000&#8243; image=&#8220;&#8220; btn_text=&#8220;View \u2192&#8220; link=&#8220;https:\/\/www.serenahotels.com\/zanzibar\/&#8220; uc_init_settings=&#8220;&#8220; uc_fonts_data=&#8220;JTdCJTIydGl0bGUlMjIlM0ElN0IlMjJmb250LWZhbWlseSUyMiUzQSUyMlJvYm90byUyMiU3RCUyQyUyMmJ0bl90ZXh0JTIyJTNBJTdCJTIyZm9udC1mYW1pbHklMjIlM0ElMjJSb2JvdG8lMjIlN0QlN0Q=&#8220;][\/ucaddon_uc_classic_carousel_content][\/vc_column][vc_column width=&#8220;1\/4&#8243;][ucaddon_uc_classic_carousel_content title=&#8220;Dhau-Palast&#8220; border_color=&#8220;#890000&#8243; btn_hvr_clr=&#8220;#890000&#8243; image=&#8220;&#8220; btn_text=&#8220;View \u2192&#8220; link=&#8220;https:\/\/dhowpalacehotel.tanzania-hotel.top\/en\/&#8220; uc_init_settings=&#8220;&#8220; uc_fonts_data=&#8220;JTdCJTIydGl0bGUlMjIlM0ElN0IlMjJmb250LWZhbWlseSUyMiUzQSUyMlJvYm90byUyMiU3RCUyQyUyMmJ0bl90ZXh0JTIyJTNBJTdCJTIyZm9udC1mYW1pbHklMjIlM0ElMjJSb2JvdG8lMjIlN0QlN0Q=&#8220;][\/ucaddon_uc_classic_carousel_content][\/vc_column][vc_column width=&#8220;1\/4&#8243;][\/vc_column][vc_column width=&#8220;1\/4&#8243;][\/vc_column][\/vc_row][vc_row css=&#8220;.vc_custom_1698936963708{margin-top: 10px !important;}&#8220;][vc_column][vc_empty_space][\/vc_column][\/vc_row]\n","protected":false},"excerpt":{"rendered":"<p>[vc_row full_width=&#8220;stretch_row_content&#8220; css=&#8220;.vc_custom_1740662458077{margin-top: -50px !important;background: rgba(0,0,0,0.89) url(https:\/\/mufasatoursandtravels.com\/wp-content\/uploads\/2022\/03\/melia-hotel-zanzibar-packages-luxury-safari-and-all.jpg?id=5731) !important;*background-color: rgb(0,0,0) !important;}&#8220;][vc_column css=&#8220;.vc_custom_1687869367906{padding-top: 30px !important;padding-right: 50px !important;padding-bottom: 30px !important;padding-left: 50px !important;background-color: rgba(0,0,0,0.57) !important;*background-color: rgb(0,0,0) !important;}&#8220;][vc_empty_space height=&#8220;70px&#8220;][vc_custom_heading text=&#8220;Sansibar&#8220; font_container=&#8220;tag:h1|font_size:35|text_align:center|color:%23ffffff&#8220; use_theme_fonts=&#8220;yes&#8220; el_class=&#8220;custom-opacity-text&#8220; css=&#8220;.vc_custom_1740651830108{margin-top: 30px !important;}&#8220;][vc_separator el_width=&#8220;40&#8243;][vc_empty_space height=&#8220;70px&#8220;][\/vc_column][\/vc_row][vc_row][vc_column][vc_empty_space][\/vc_column][\/vc_row][vc_row][vc_column][vc_headings style=&#8220;theme3&#8243; linewidth=&#8220;150&#8243; borderclr=&#8220;#890000&#8243; title=&#8220;Strand von Sansibar&#8220; use_theme_fonts=&#8220;yes&#8220; titleclr=&#8220;#890000&#8243;][\/vc_headings][\/vc_column][\/vc_row][vc_row][vc_column][vc_column_text] Eine Mischung aus Paradies und Kultur mit wei\u00dfem Sand und t\u00fcrkisfarbenem Wasser, die auf [&hellip;]<\/p>\n","protected":false},"author":2,"featured_media":0,"parent":0,"menu_order":11,"comment_status":"closed","ping_status":"closed","template":"","meta":{"_themeisle_gutenberg_block_has_review":false,"footnotes":""},"class_list":["post-31492","page","type-page","status-publish","hentry"],"_links":{"self":[{"href":"https:\/\/mufasatoursandtravels.com\/de\/wp-json\/wp\/v2\/pages\/31492","targetHints":{"allow":["GET"]}}],"collection":[{"href":"https:\/\/mufasatoursandtravels.com\/de\/wp-json\/wp\/v2\/pages"}],"about":[{"href":"https:\/\/mufasatoursandtravels.com\/de\/wp-json\/wp\/v2\/types\/page"}],"author":[{"embeddable":true,"href":"https:\/\/mufasatoursandtravels.com\/de\/wp-json\/wp\/v2\/users\/2"}],"replies":[{"embeddable":true,"href":"https:\/\/mufasatoursandtravels.com\/de\/wp-json\/wp\/v2\/comments?post=31492"}],"version-history":[{"count":1,"href":"https:\/\/mufasatoursandtravels.com\/de\/wp-json\/wp\/v2\/pages\/31492\/revisions"}],"predecessor-version":[{"id":31496,"href":"https:\/\/mufasatoursandtravels.com\/de\/wp-json\/wp\/v2\/pages\/31492\/revisions\/31496"}],"wp:attachment":[{"href":"https:\/\/mufasatoursandtravels.com\/de\/wp-json\/wp\/v2\/media?parent=31492"}],"curies":[{"name":"wp","href":"https:\/\/api.w.org\/{rel}","templated":true}]}}