{"id":31931,"date":"2024-04-17T12:28:42","date_gmt":"2024-04-17T09:28:42","guid":{"rendered":"https:\/\/mufasatoursandtravels.com\/tansania-safaris\/tansania-long-stay-safaris\/tansania-tranquil-trail-safari\/"},"modified":"2025-04-10T15:43:12","modified_gmt":"2025-04-10T12:43:12","slug":"tansania-tranquil-trail-safari","status":"publish","type":"page","link":"https:\/\/mufasatoursandtravels.com\/de\/tansania-safaris\/tansania-long-stay-safaris\/tansania-tranquil-trail-safari\/","title":{"rendered":"Tansania Tranquil Trail Safari"},"content":{"rendered":"[vc_row full_width=&#8220;stretch_row&#8220; gap=&#8220;1&#8243; css=&#8220;.vc_custom_1678881709947{border: 5px initial !important;}&#8220;][vc_column parallax=&#8220;content-moving&#8220; parallax_image=&#8220;14777&#8243; parallax_speed_bg=&#8220;1.8&#8243; css=&#8220;.vc_custom_1713345805986{padding-top: 80px !important;padding-right: 80px !important;padding-bottom: 80px !important;padding-left: 80px !important;}&#8220;][vc_headings style=&#8220;theme2&#8243; linewidth=&#8220;150&#8243; borderclr=&#8220;#ffffff&#8220; title=&#8220;Tansania Tranquil Trail Safari&#8220; use_theme_fonts=&#8220;yes&#8220; titlesize=&#8220;32&#8243; titleclr=&#8220;#ffffff&#8220; classname=&#8220;line-heading&#8220;]\n<p style=\"text-align: center; font-size: 14pt; color: #fff;\">8 Tage<\/p>\n<p style=\"text-align: center; font-size: 12pt; color: #fff;\">Tansania<\/p>\n[\/vc_headings][\/vc_column][\/vc_row][vc_row][vc_column css=&#8220;.vc_custom_1673873878049{border-top-width: 10px !important;border-right-width: 10px !important;border-bottom-width: 10px !important;border-left-width: 10px !important;}&#8220;][vc_tta_tabs shape=&#8220;square&#8220; color=&#8220;juicy-pink&#8220; alignment=&#8220;center&#8220; active_section=&#8220;1&#8243; no_fill_content_area=&#8220;true&#8220;][vc_tta_section title=&#8220;Programm&#8220; tab_id=&#8220;1633454673222-3d94f956-010c&#8220;][info_list_father listclr=&#8220;#f4f4f4&#8243; css=&#8220;.vc_custom_1699449026929{padding-top: 10px !important;}&#8220;][info_list_son style=&#8220;icon&#8220; size=&#8220;15&#8243; width=&#8220;20&#8243; height=&#8220;20&#8243; titleclr=&#8220;#890000&#8243; icon=&#8220;fas fa-calendar-check&#8220; iconclr=&#8220;#890000&#8243; iconbg=&#8220;#f4f4f4&#8243; borderclr=&#8220;#f4f4f4&#8243; title=&#8220;TAG 1: ARUSHA ZUM TARANGIRE NATIONALPARK&#8220;]Abfahrt zum Tarangire-Nationalpark und Ankunft in Ihrer jeweiligen Lodge\/Hotel zum Einchecken und Mittagessen. Genie\u00dfen Sie Pirschfahrten am Nachmittag und kehren Sie sp\u00e4ter zu Ihrer Lodge\/Ihrem Hotel zur\u00fcck, wo Sie zu Abend essen und \u00fcbernachten k\u00f6nnen [\/info_list_son][info_list_son style=&#8220;icon&#8220; size=&#8220;15&#8243; width=&#8220;20&#8243; height=&#8220;20&#8243; titleclr=&#8220;#890000&#8243; icon=&#8220;fas fa-calendar-check&#8220; iconclr=&#8220;#890000&#8243; iconbg=&#8220;#f4f4f4&#8243; borderclr=&#8220;#f4f4f4&#8243; title=&#8220;TAG 2: PIRSCHFAHRT IM TARANGIRE NATIONALPARK&#8220;]Genie\u00dfen Sie ganzt\u00e4gige Pirschfahrten mit Picknick-Lunchpaket und kehren Sie sp\u00e4ter zur Lodge\/zum Hotel zur\u00fcck, wo Sie zu Abend essen und \u00fcbernachten[\/info_list_son][info_list_son style=&#8220;icon&#8220; size=&#8220;15&#8243; width=&#8220;20&#8243; height=&#8220;20&#8243; titleclr=&#8220;#890000&#8243; icon=&#8220;fas fa-calendar-check&#8220; iconclr=&#8220;#890000&#8243; iconbg=&#8220;#f4f4f4&#8243; borderclr=&#8220;#f4f4f4&#8243; title=&#8220;TAG 3: TARANGIRE ZUM MAYARA-SEE&#8220;]Abfahrt zum Lake Manyara Nationalpark, Ankunft in Ihrer jeweiligen Lodge\/Hotel zum Mittagessen und Einchecken. Genie\u00dfen Sie Pirschfahrten am Nachmittag und kehren Sie sp\u00e4ter zu Ihrem Hotel\/Ihrer Lodge zur\u00fcck, wo Sie zu Abend essen und \u00fcbernachten k\u00f6nnen [\/info_list_son][info_list_son style=&#8220;icon&#8220; size=&#8220;15&#8243; width=&#8220;20&#8243; height=&#8220;20&#8243; titleclr=&#8220;#890000&#8243; icon=&#8220;fas fa-calendar-check&#8220; iconclr=&#8220;#890000&#8243; iconbg=&#8220;#f4f4f4&#8243; borderclr=&#8220;#f4f4f4&#8243; title=&#8220;TAG 4: LAKE MANYARA ZUM NGORONGORO NATIONALPARK&#8220;]Abfahrt nach Ngorongoro, wo Sie einchecken und zu Mittag essen. Sp\u00e4ter steigen Sie (600 m) in den Boden des Ngorongoro-Kraters ab und genie\u00dfen Pirschfahrten und einen atemberaubenden Blick auf die Ngoitoktok-Quellen.  Sp\u00e4ter steigen Sie auf und kehren zu Ihrer jeweiligen Lodge zur\u00fcck, wo Sie zu Abend essen und \u00fcbernachten k\u00f6nnen.[\/info_list_son][info_list_son style=&#8220;icon&#8220; size=&#8220;15&#8243; width=&#8220;20&#8243; height=&#8220;20&#8243; titleclr=&#8220;#890000&#8243; icon=&#8220;fas fa-calendar-check&#8220; iconclr=&#8220;#890000&#8243; iconbg=&#8220;#f4f4f4&#8243; borderclr=&#8220;#f4f4f4&#8243; title=&#8220;TAG 5: NGORONGORO ZUM SERENGETI NATIONALPARK&#8220;]Abfahrt zum Serengeti-Nationalpark, Ankunft in Ihrer jeweiligen Lodge zum Mittagessen und Einchecken. Genie\u00dfen Sie Pirschfahrten am Nachmittag und kehren Sie sp\u00e4ter zum Hotel\/Lodge zur\u00fcck, wo Sie zu Abend essen und \u00fcbernachten k\u00f6nnen. [\/info_list_son][info_list_son style=&#8220;icon&#8220; size=&#8220;15&#8243; width=&#8220;20&#8243; height=&#8220;20&#8243; titleclr=&#8220;#890000&#8243; icon=&#8220;fas fa-calendar-check&#8220; iconclr=&#8220;#890000&#8243; iconbg=&#8220;#f4f4f4&#8243; borderclr=&#8220;#f4f4f4&#8243; title=&#8220;TAG 6: PIRSCHFAHRT IM SERENGETI-NATIONALPARK&#8220;]Genie\u00dfen Sie ganzt\u00e4gige Pirschfahrten mit Picknick-Lunchpaket und kehren Sie sp\u00e4ter zur Lodge\/zum Hotel zur\u00fcck, wo Sie zu Abend essen und \u00fcbernachten[\/info_list_son][info_list_son style=&#8220;icon&#8220; size=&#8220;15&#8243; width=&#8220;20&#8243; height=&#8220;20&#8243; titleclr=&#8220;#890000&#8243; icon=&#8220;fas fa-calendar-check&#8220; iconclr=&#8220;#890000&#8243; iconbg=&#8220;#f4f4f4&#8243; borderclr=&#8220;#f4f4f4&#8243; title=&#8220;TAG 7: SERENGETI ZUM LAKE NATRON&#8220;]Abfahrt zum Lake Natron, Ankunft zum Mittagessen und Einchecken. Sp\u00e4ter k\u00f6nnen Sie eine Vielzahl von Aktivit\u00e4ten wie Schwimmen, Vogelbeobachtung und eine Wanderung entlang des Sees genie\u00dfen, um die ber\u00fchmten Flamingos zu sehen. Sp\u00e4ter kehren Sie zu Ihrem Hotel\/Ihrer Lodge zur\u00fcck, um dort zu Abend zu essen und zu \u00fcbernachten.  [\/info_list_son][info_list_son style=&#8220;icon&#8220; size=&#8220;15&#8243; width=&#8220;20&#8243; height=&#8220;20&#8243; titleclr=&#8220;#890000&#8243; icon=&#8220;fas fa-calendar-check&#8220; iconclr=&#8220;#890000&#8243; iconbg=&#8220;#f4f4f4&#8243; borderclr=&#8220;#f4f4f4&#8243; title=&#8220;TAG 8: LAKE NATRON NACH ARUSHA&#8220;]Fr\u00fches Fr\u00fchst\u00fcck und Check-out. Genie\u00dfen Sie die wundersch\u00f6nen Sehensw\u00fcrdigkeiten von Natron auf dem R\u00fcckweg nach Arusha [\/info_list_son][\/info_list_father][\/vc_tta_section][vc_tta_section title=&#8220;Inklusive\/Exklusiv&#8220; tab_id=&#8220;1633455601016-f93699bc-5d92&#8243;][vc_row_inner][vc_column_inner width=&#8220;1\/2&#8243;][info_list_father listclr=&#8220;#f4f4f4&#8243;][info_list_son style=&#8220;icon&#8220; size=&#8220;15&#8243; width=&#8220;20&#8243; height=&#8220;20&#8243; titleclr=&#8220;#890000&#8243; icon=&#8220;fas fa-user-plus&#8220; iconclr=&#8220;#890000&#8243; iconbg=&#8220;#f4f4f4&#8243; borderclr=&#8220;#f4f4f4&#8243; title=&#8220;INKLUSIVE&#8220; caption_url=&#8220;&#8220;]\n<ul>\n<li>Parkgeb\u00fchren f\u00fcr den Park angegeben.<\/li>\n<li>Privater Transport in einem Land Cruiser mit offenem Dach.<\/li>\n<li>Service eines professionellen Fahrerf\u00fchrers.<\/li>\n<li>Mahlzeiten mit Vollpension in der Lodge\/im Camp.<\/li>\n<li>7 \u00dcbernachtungen im jeweils angegebenen Hotel.<\/li>\n<li>Unbegrenzt Wasser im Fahrzeug.<\/li>\n<\/ul>\n<p>&nbsp;[\/info_list_son][\/info_list_father][\/vc_column_inner][vc_column_inner width=&#8220;1\/2&#8243;][info_list_father listclr=&#8220;#f4f4f4&#8243;][info_list_son style=&#8220;icon&#8220; size=&#8220;15&#8243; width=&#8220;20&#8243; height=&#8220;20&#8243; titleclr=&#8220;#890000&#8243; icon=&#8220;fas fa-user-minus&#8220; iconclr=&#8220;#890000&#8243; iconbg=&#8220;#f4f4f4&#8243; borderclr=&#8220;#f4f4f4&#8243; title=&#8220;AUSSCHLIE\u00dfLICH&#8220; caption_url=&#8220;&#8220;]\n<ul>\n<li>Kultureller Besuch des Masai Village @ $ 20 pro Person.<\/li>\n<li>Tipps zum Fahrerf\u00fchrer (<strong>Sehr empfehlenswert<\/strong>).<\/li>\n<li>Pers\u00f6nliche Gegenst\u00e4nde (Souvenirs, Reiseversicherungen, Visageb\u00fchren, etc.)<\/li>\n<li>Von der Regierung verordnete Erh\u00f6hung der Steuern und\/oder Parkgeb\u00fchren.<\/li>\n<li>Hei\u00dfluftballonfahrten @ $ 505 pro Erwachsener \/ $ 380 pro Kind (<strong>unter 12 Jahren<\/strong>).<\/li>\n<li>Internationale Fl\u00fcge und E-Visum.<\/li>\n<\/ul>\n<p>&nbsp;[\/info_list_son][\/info_list_father][\/vc_column_inner][\/vc_row_inner][\/vc_tta_section][vc_tta_section title=&#8220;Reise-Checkliste&#8220; tab_id=&#8220;1700212164211-ae5831b4-7968&#8243;][vc_row_inner css=&#8220;.vc_custom_1700227496101{padding-top: 10px !important;}&#8220;][vc_column_inner width=&#8220;1\/2&#8243;][vc_headings style=&#8220;theme2&#8243; linewidth=&#8220;150&#8243; borderclr=&#8220;#890000&#8243; title=&#8220;Before Traveling&#8220; align=&#8220;left&#8220; use_theme_fonts=&#8220;yes&#8220; titleclr=&#8220;#890000&#8243;]Before you set off on your journey, make sure to go through our comprehensive travel tips for a seamless experience.[\/vc_headings][vc_empty_space height=&#8220;77px&#8220;][vc_btn title=&#8220;Weitere Informationen&#8220; style=&#8220;outline-custom&#8220; outline_custom_color=&#8220;#890000&#8243; outline_custom_hover_background=&#8220;#890000&#8243; outline_custom_hover_text=&#8220;#ffffff&#8220; size=&#8220;sm&#8220; i_align=&#8220;right&#8220; i_icon_fontawesome=&#8220;fas fa-chevron-right&#8220; add_icon=&#8220;true&#8220; link=&#8220;url:https%3A%2F%2Fmufasatoursandtravels.com%2Fpreparing-to-travel%2F|title:Vorbereitung%20auf%20die%20Reise|&#8220;][\/vc_column_inner][vc_column_inner width=&#8220;1\/2&#8243;][vc_headings style=&#8220;theme2&#8243; linewidth=&#8220;150&#8243; borderclr=&#8220;#890000&#8243; title=&#8220;On Booking&#8220; align=&#8220;left&#8220; use_theme_fonts=&#8220;yes&#8220; titleclr=&#8220;#890000&#8243;]Enhance your travel planning by downloading valuable destination information, such as passport and visa requirements, recommended vaccinations, baggage restrictions, packing list, and tipping guidelines.[\/vc_headings][vc_empty_space][vc_btn title=&#8220;Weitere Informationen&#8220; style=&#8220;outline-custom&#8220; outline_custom_color=&#8220;#890000&#8243; outline_custom_hover_background=&#8220;#890000&#8243; outline_custom_hover_text=&#8220;#ffffff&#8220; size=&#8220;sm&#8220; i_align=&#8220;right&#8220; i_icon_fontawesome=&#8220;fas fa-chevron-right&#8220; add_icon=&#8220;true&#8220; link=&#8220;url:https%3A%2F%2Fmufasatoursandtravels.com%2Fwhat-to-know-before-arrival-in-east-africa%2F|title:WAS%20SIE%20VOR%20DER%20ANKUNFT%20IN%20OSTAFRIKA%20WISSEN%20SOLLTEN|&#8220;][\/vc_column_inner][\/vc_row_inner][vc_row_inner][vc_column_inner width=&#8220;1\/2&#8243;][vc_headings style=&#8220;theme2&#8243; linewidth=&#8220;150&#8243; borderclr=&#8220;#890000&#8243; title=&#8220;During Tour&#8220; align=&#8220;left&#8220; use_theme_fonts=&#8220;yes&#8220; titleclr=&#8220;#890000&#8243;]Maximize your trip&#8217;s success by downloading essential information about your destination(s), including passport and visa requirements, vaccination guidelines, baggage restrictions, packing list, and tipping advice.[\/vc_headings][vc_empty_space][vc_btn title=&#8220;Weitere Informationen&#8220; style=&#8220;outline-custom&#8220; outline_custom_color=&#8220;#890000&#8243; outline_custom_hover_background=&#8220;#890000&#8243; outline_custom_hover_text=&#8220;#ffffff&#8220; size=&#8220;sm&#8220; i_align=&#8220;right&#8220; i_icon_fontawesome=&#8220;fas fa-chevron-right&#8220; add_icon=&#8220;true&#8220; link=&#8220;url:https%3A%2F%2Fmufasatoursandtravels.com%2Fpassports-and-visas%2F|title:P%C3%A4sse%20und%20Visa|&#8220;][\/vc_column_inner][vc_column_inner width=&#8220;1\/2&#8243;][vc_headings style=&#8220;theme2&#8243; linewidth=&#8220;150&#8243; borderclr=&#8220;#890000&#8243; title=&#8220;Nach der Tour&#8220; align=&#8220;left&#8220; use_theme_fonts=&#8220;yes&#8220; titleclr=&#8220;#890000&#8243;]W\u00e4hrend Sie sich im Nachglanz Ihres Abenteuers sonnen, sind wir hier, um Ihnen mit wichtigen Tipps nach der Reise zu helfen, um sicherzustellen, dass Ihre R\u00fcckkehr nach Hause so nahtlos und komfortabel ist wie Ihre Reise selbst.[\/vc_headings][\/vc_column_inner][\/vc_row_inner][\/vc_tta_section][\/vc_tta_tabs][wdo_ult_icon_seperator wdo_seperator_icon=&#8220;fas fa-paw&#8220; wdo_seperator_color=&#8220;#890000&#8243; wdo_seperator_opacity=&#8220;.2&#8243;][vc_btn title=&#8220;Angebot anfordern&#8220; style=&#8220;outline-custom&#8220; outline_custom_color=&#8220;#890000&#8243; outline_custom_hover_background=&#8220;#890000&#8243; outline_custom_hover_text=&#8220;#ffffff&#8220; size=&#8220;sm&#8220; align=&#8220;center&#8220; i_align=&#8220;right&#8220; i_icon_fontawesome=&#8220;fas fa-angle-right&#8220; add_icon=&#8220;true&#8220; link=&#8220;url:https%3A%2F%2Fmufasatoursandtravels.com%2Fde%2Fangebot-anfordern%2F|title:Angebot%20anfordern|&#8220;][\/vc_column][\/vc_row]\n","protected":false},"excerpt":{"rendered":"<p>[vc_row full_width=&#8220;stretch_row&#8220; gap=&#8220;1&#8243; css=&#8220;.vc_custom_1678881709947{border: 5px initial !important;}&#8220;][vc_column parallax=&#8220;content-moving&#8220; parallax_image=&#8220;14777&#8243; parallax_speed_bg=&#8220;1.8&#8243; css=&#8220;.vc_custom_1713345805986{padding-top: 80px !important;padding-right: 80px !important;padding-bottom: 80px !important;padding-left: 80px !important;}&#8220;][vc_headings style=&#8220;theme2&#8243; linewidth=&#8220;150&#8243; borderclr=&#8220;#ffffff&#8220; title=&#8220;Tansania Tranquil Trail Safari&#8220; use_theme_fonts=&#8220;yes&#8220; titlesize=&#8220;32&#8243; titleclr=&#8220;#ffffff&#8220; classname=&#8220;line-heading&#8220;] 8 Tage Tansania [\/vc_headings][\/vc_column][\/vc_row][vc_row][vc_column css=&#8220;.vc_custom_1673873878049{border-top-width: 10px !important;border-right-width: 10px !important;border-bottom-width: 10px !important;border-left-width: 10px !important;}&#8220;][vc_tta_tabs shape=&#8220;square&#8220; color=&#8220;juicy-pink&#8220; alignment=&#8220;center&#8220; active_section=&#8220;1&#8243; no_fill_content_area=&#8220;true&#8220;][vc_tta_section title=&#8220;Programm&#8220; tab_id=&#8220;1633454673222-3d94f956-010c&#8220;][info_list_father listclr=&#8220;#f4f4f4&#8243; css=&#8220;.vc_custom_1699449026929{padding-top: 10px !important;}&#8220;][info_list_son style=&#8220;icon&#8220; [&hellip;]<\/p>\n","protected":false},"author":1,"featured_media":0,"parent":28025,"menu_order":1,"comment_status":"closed","ping_status":"closed","template":"","meta":{"_themeisle_gutenberg_block_has_review":false,"footnotes":""},"class_list":["post-31931","page","type-page","status-publish","hentry"],"_links":{"self":[{"href":"https:\/\/mufasatoursandtravels.com\/de\/wp-json\/wp\/v2\/pages\/31931","targetHints":{"allow":["GET"]}}],"collection":[{"href":"https:\/\/mufasatoursandtravels.com\/de\/wp-json\/wp\/v2\/pages"}],"about":[{"href":"https:\/\/mufasatoursandtravels.com\/de\/wp-json\/wp\/v2\/types\/page"}],"author":[{"embeddable":true,"href":"https:\/\/mufasatoursandtravels.com\/de\/wp-json\/wp\/v2\/users\/1"}],"replies":[{"embeddable":true,"href":"https:\/\/mufasatoursandtravels.com\/de\/wp-json\/wp\/v2\/comments?post=31931"}],"version-history":[{"count":3,"href":"https:\/\/mufasatoursandtravels.com\/de\/wp-json\/wp\/v2\/pages\/31931\/revisions"}],"predecessor-version":[{"id":31936,"href":"https:\/\/mufasatoursandtravels.com\/de\/wp-json\/wp\/v2\/pages\/31931\/revisions\/31936"}],"up":[{"embeddable":true,"href":"https:\/\/mufasatoursandtravels.com\/de\/wp-json\/wp\/v2\/pages\/28025"}],"wp:attachment":[{"href":"https:\/\/mufasatoursandtravels.com\/de\/wp-json\/wp\/v2\/media?parent=31931"}],"curies":[{"name":"wp","href":"https:\/\/api.w.org\/{rel}","templated":true}]}}