{"id":31974,"date":"2023-07-15T19:37:48","date_gmt":"2023-07-15T16:37:48","guid":{"rendered":"https:\/\/mufasatoursandtravels.com\/paesse-und-visa\/"},"modified":"2026-03-06T18:19:23","modified_gmt":"2026-03-06T15:19:23","slug":"paesse-und-visa","status":"publish","type":"page","link":"https:\/\/mufasatoursandtravels.com\/de\/paesse-und-visa\/","title":{"rendered":"P\u00e4sse und Visa"},"content":{"rendered":"[vc_row][vc_column][vc_headings style=&#8220;theme3&#8243; linewidth=&#8220;200&#8243; borderclr=&#8220;#890000&#8243; title=&#8220;Passports and Visas&#8220; use_theme_fonts=&#8220;yes&#8220; titleclr=&#8220;#890000&#8243;][\/vc_headings][vc_empty_space][vc_column_text]F\u00fcr US-amerikanische und kanadische Staatsb\u00fcrger, die zu allen internationalen Zielen reisen, ist ein g\u00fcltiger Reisepass erforderlich. Der Reisepass muss noch sechs Monate nach der R\u00fcckkehr der Reise g\u00fcltig sein und sollte auch \u00fcber ausreichend leere Visaseiten f\u00fcr Ein- und Ausreisestempel verf\u00fcgen. Bitte beachten Sie, dass es in der alleinigen Verantwortung der G\u00e4ste liegt, die entsprechenden g\u00fcltigen Reisedokumente zu beschaffen. Wenn Sie nicht \u00fcber die richtigen Dokumente verf\u00fcgen, kann Ihnen das Boarding oder der Eintritt ohne R\u00fcckerstattung verweigert werden.   <\/p>\n<p>Viele Reiseziele verlangen auch ein Visum f\u00fcr Inhaber eines US-amerikanischen und kanadischen Passes. Im Folgenden ist angegeben, in welchen L\u00e4ndern vor der Abreise ein Visum beantragt werden muss oder in welchen L\u00e4ndern A&amp;K empfiehlt, ein Visum bei der Ankunft zu beantragen. Wenn ein Land nicht aufgef\u00fchrt ist, ist f\u00fcr Inhaber eines US-amerikanischen und kanadischen Reisepasses kein Visum erforderlich. Diese Informationen sind auch in Ihren Unterlagen vor der Reise angegeben.   <\/p>\n<p>Staatsangeh\u00f6rige anderer L\u00e4nder sollten sich f\u00fcr die Einreisebestimmungen f\u00fcr ihre Reise an das zust\u00e4ndige Konsulat wenden.<\/p>\n<p>&nbsp;<\/p>\n<p><strong>Reiseziele, f\u00fcr die vor der Abreise ein Visum erforderlich ist<\/strong><\/p>\n<p>Inhaber eines US-amerikanischen und kanadischen Reisepasses m\u00fcssen <strong>vor der Abreise ein Visum <\/strong>f\u00fcr die unten aufgef\u00fchrten L\u00e4nder beantragen. Klicken Sie auf die Links zum Ziel, um detaillierte Informationen zur Beantragung eines Visums zu erhalten. <\/p>\n<table>\n<tbody>\n<tr>\n<td><u>\u00c4thiopien<\/u>*<\/td>\n<td><u>Kenia<\/u><\/td>\n<\/tr>\n<tr>\n<td><u>Tansania<\/u>*<\/td>\n<td><u>Uganda<\/u><\/td>\n<\/tr>\n<\/tbody>\n<\/table>\n<p>*Ein Visum ist bei der Ankunft in diesen L\u00e4ndern erh\u00e4ltlich; Wir empfehlen jedoch, im Voraus ein e-Visum zu beantragen, da lange Warteschlangen \u00fcblich sind.<\/p>\n<p><strong>Reiseziele, bei denen wir ein Visum bei der Ankunft empfehlen<\/strong><\/p>\n<p>Inhaber eines US-amerikanischen und kanadischen Reisepasses k\u00f6nnen bei <strong>der Ankunft ein Visum<\/strong> f\u00fcr die unten aufgef\u00fchrten L\u00e4nder erhalten. Klicken Sie auf die Links zum Ziel, um detaillierte Informationen dar\u00fcber zu erhalten, wie Sie ein Visum bei der Ankunft erhalten. <\/p>\n<table>\n<tbody>\n<tr>\n<td>Ruanda,<\/td>\n<\/tr>\n<tr>\n<td>Seychellen<\/td>\n<\/tr>\n<\/tbody>\n<\/table>\n<h1>KENIAS PASS- UND VISAINFORMATIONEN<\/h1>\n<p>Ihr Reisepass muss <strong>noch mindestens sechs (6) Monate<\/strong> nach Beendigung Ihrer Reise g\u00fcltig sein und sollte mindestens zwei (2) leere Visaseiten f\u00fcr Ein- und Ausreisestempel enthalten.<\/p>\n<p><strong>F\u00fcr die Einreise nach Kenia ist ein elektronisches Touristenvisum (eVisa) f\u00fcr Inhaber eines US-amerikanischen und kanadischen Reisepasses erforderlich.<\/strong> Um ein e-Visum zu beantragen, besuchen Sie <a href=\"http:\/\/evisa.go.ke\/evisa.html\" rel=\"nofollow noopener\" target=\"_blank\">evisa.go.ke\/evisa.html<\/a><a href=\"http:\/\/evisa.go.ke\/evisa.html\" rel=\"nofollow noopener\" target=\"_blank\">.<\/a> Die aktuelle Geb\u00fchr f\u00fcr ein Visum f\u00fcr die einmalige Einreise* betr\u00e4gt 51 USD (\u00c4nderungen ohne vorherige Ank\u00fcndigung vorbehalten). Ein Touristenvisum ist nur 90 Tage ab dem Ausstellungsdatum g\u00fcltig, beantragen Sie Ihr Kenia-Visum also nicht mehr als 90 Tage vor der Abreise. <\/p>\n<p><em>Kenia verzichtet derzeit auf die Visabestimmungen f\u00fcr Kinder ab 15 Jahren. Kinder in dieser Altersgruppe m\u00fcssen bei Ankunft nur einen g\u00fcltigen Reisepass vorlegen.  <\/em><\/p>\n<p>Wenn Sie Ihr e-Visum beantragen, stellen Sie sicher, dass Sie Ihre Passdaten, eine Kopie Ihres Passfotos und Ihre Reiseroute f\u00fcr Ihre Reise in Kenia haben, da Sie diese Dokumente hochladen m\u00fcssen, um den Antragsprozess abzuschlie\u00dfen.<\/p>\n<p>Bitte beachten Sie folgendes:<\/p>\n<ul>\n<li>Sie m\u00fcssen die Art des Visums angeben, das Sie ben\u00f6tigen. Mit einem e-Visum f\u00fcr die einmalige Einreise nach Kenia k\u00f6nnen Sie nach einem Besuch in Tansania, Uganda oder Ruanda in das Land einreisen, ausreisen und wieder einreisen, ohne ein Visum f\u00fcr die mehrfache Einreise kaufen zu m\u00fcssen. <\/li>\n<\/ul>\n<p>F\u00fcllen Sie den Abschnitt &#8222;Reiseinformationen&#8220; des Antrags wie unten angegeben aus:<\/p>\n<ol>\n<li>Bewerber Anlass f\u00fcr die Reise: W\u00e4hlen Sie &#8222;Tourismus&#8220;<\/li>\n<li>Einreisedatum: Geben Sie Ihr Einreisedatum f\u00fcr Kenia ein<\/li>\n<li>Abreisedatum: Geben Sie Ihr Abreisedatum aus Kenia ein<\/li>\n<li>Host-Details: W\u00e4hlen Sie &#8222;Firma&#8220; aus.<\/li>\n<li>Vollst\u00e4ndige Namen und Anschrift des Gastgebers: Mufasa Tours &amp; Travels, Norfolk Towers, Kijabe Street, Nairobi, Kenia.<\/li>\n<li>Telefonnummer des Gastgebers: +254757836023<\/li>\n<li>E-Mail-Adresse des Gastgebers: <u>info@mufasatoursandtravels.com<\/u><\/li>\n<li>W\u00e4hlen Sie, wie Sie anreisen werden int. Kenia: Flugzeug, Schiff, Stra\u00dfe <\/li>\n<li>W\u00e4hlen Sie &#8222;Einstiegspunkt&#8220; aus dem Dropdown-Men\u00fc<\/li>\n<\/ol>\n<p>&nbsp;<\/p>\n<p>Wenn Sie technische Probleme mit der eVisa-Website haben, versuchen Sie es einige Stunden sp\u00e4ter oder am n\u00e4chsten Tag erneut.<\/p>\n<p>Staatsangeh\u00f6rige anderer L\u00e4nder sollten sich f\u00fcr die Einreisebestimmungen f\u00fcr ihre Reise an das zust\u00e4ndige Konsulat wenden.<\/p>\n<h1>TANSANIA PASS- UND VISAINFORMATIONEN<\/h1>\n<p>Ihr Reisepass muss <strong>noch mindestens sechs (6) Monate<\/strong> nach Beendigung Ihrer Reise g\u00fcltig sein und sollte mindestens zwei (2) leere Visaseiten f\u00fcr Ein- und Ausreisestempel enthalten.<\/p>\n<p><strong>F\u00fcr die Einreise nach Tansania ist ein Touristenvisum f\u00fcr Inhaber eines US-amerikanischen und kanadischen Reisepasses erforderlich.<\/strong>  Derzeit stehen zwei Optionen zur Verf\u00fcgung, wie unten beschrieben. A&amp;K empfiehlt ein elektronisches Visum (eVisa).<\/p>\n<p><strong>Elektronisches Visum (eVisa):<\/strong> Um ein e-Visum zu beantragen, besuchen Sie <a href=\"https:\/\/visa.immigration.go.tz\/\" rel=\"nofollow noopener\" target=\"_blank\">https:\/\/visa.immigration.go.tz\/<\/a><a href=\"https:\/\/visa.immigration.go.tz\/\" rel=\"nofollow noopener\" target=\"_blank\">.<\/a> US-B\u00fcrger, die Tansania zu touristischen Zwecken besuchen, m\u00fcssen ein Visum f\u00fcr die mehrfache Einreise beantragen, das ein Jahr lang g\u00fcltig ist. Die Kosten betragen 100 USD (\u00c4nderungen ohne vorherige Ank\u00fcndigung vorbehalten). Staatsb\u00fcrger Kanadas k\u00f6nnen ein e-Visum f\u00fcr die einmalige Einreise (normales Visum) erhalten, das drei Monate g\u00fcltig ist. Die Kosten betragen 50 $USD (\u00c4nderungen vorbehalten). Wir empfehlen Ihnen, sich mindestens 60 Tage vor Ihrem Ankunftsdatum zu bewerben. Die durchschnittliche Zeit, um ein e-Visum zu erhalten, betr\u00e4gt ca. 10 Tage.     <\/p>\n<p>&nbsp;<\/p>\n<p>Wenn Sie Ihr e-Visum beantragen, stellen Sie sicher, dass Sie Ihre Passdaten, eine Kopie Ihres Passfotos und Ihres R\u00fcckflugtickets haben, da Sie diese Dokumente hochladen m\u00fcssen, um den Antragsprozess abzuschlie\u00dfen. Lesen und befolgen Sie alle Anweisungen sorgf\u00e4ltig, um eine reibungslose Ankunft in Tansania zu gew\u00e4hrleisten. <\/p>\n<ul>\n<li>F\u00fcllen Sie den Abschnitt &#8222;Reiseinformationen&#8220; des Antrags wie unten angegeben aus:<\/li>\n<\/ul>\n<ol>\n<li>Art des Visums: Mehrfache Einreise (US-B\u00fcrger); Einmalige Einreise\/Gew\u00f6hnliche Einreise (kanadische Staatsb\u00fcrger)<\/li>\n<li>Zweck des Besuchs: &#8222;Freizeit und Urlaub&#8220;<\/li>\n<li>Hafentyp: W\u00e4hlen Sie entweder &#8222;Flugh\u00e4fen&#8220; oder &#8222;Stra\u00dfen&#8220;<\/li>\n<li>Einreise- und Abfahrtshafen: Diese spezifischen H\u00e4fen k\u00f6nnen leer gelassen werden<\/li>\n<li>Ankunftsdatum: Geben Sie Ihr Einreisedatum f\u00fcr Tansania ein<\/li>\n<li>Abreisedatum: Geben Sie Ihr Abreisedatum aus Tansania ein<\/li>\n<li>Angaben zum Gastgeber: W\u00e4hlen Sie &#8222;Unternehmen\/Organisation&#8220;<\/li>\n<li>Vollst\u00e4ndige Namen und Anschrift des Gastgebers: Gilgal Business Center, Sakina, Arusha<\/li>\n<li>Telefonnummer des Gastgebers: +254757836023<\/li>\n<li><u>E-Mail-Adresse des<\/u> Gastgebers: info@ <u>com<\/u><\/li>\n<li>Wo werden Sie \u00fcbernachten? W\u00e4hlen Sie Hotel aus dem Dropdown-Men\u00fc und geben Sie dann die Kontaktinformationen des ersten Hotels auf Ihrer Reiseroute ein. <\/li>\n<\/ol>\n<p>Wenn Sie technische Probleme mit der eVisa-Website haben, versuchen Sie es einige Stunden sp\u00e4ter oder am n\u00e4chsten Tag erneut.<\/p>\n<p><em>Ein Visum kann auch bei der Ankunft in Tansania beantragt werden, jedoch m\u00fcssen die Antragsteller bei der Ankunft in mehreren verschiedenen Schlangen stehen, mit Wartezeiten von zwei Stunden oder l\u00e4nger.  <\/em><\/p>\n<p>Staatsangeh\u00f6rige anderer L\u00e4nder sollten sich f\u00fcr die Einreisebestimmungen f\u00fcr ihre Reise an das zust\u00e4ndige Konsulat wenden.[\/vc_column_text][\/vc_column][\/vc_row]\n","protected":false},"excerpt":{"rendered":"<p>[vc_row][vc_column][vc_headings style=&#8220;theme3&#8243; linewidth=&#8220;200&#8243; borderclr=&#8220;#890000&#8243; title=&#8220;Passports and Visas&#8220; use_theme_fonts=&#8220;yes&#8220; titleclr=&#8220;#890000&#8243;][\/vc_headings][vc_empty_space][vc_column_text]F\u00fcr US-amerikanische und kanadische Staatsb\u00fcrger, die zu allen internationalen Zielen reisen, ist ein g\u00fcltiger Reisepass erforderlich. Der Reisepass muss noch sechs Monate nach der R\u00fcckkehr der Reise g\u00fcltig sein und sollte auch \u00fcber ausreichend leere Visaseiten f\u00fcr Ein- und Ausreisestempel verf\u00fcgen. Bitte beachten Sie, dass es in [&hellip;]<\/p>\n","protected":false},"author":7,"featured_media":0,"parent":0,"menu_order":9,"comment_status":"closed","ping_status":"closed","template":"","meta":{"_themeisle_gutenberg_block_has_review":false,"footnotes":""},"class_list":["post-31974","page","type-page","status-publish","hentry"],"_links":{"self":[{"href":"https:\/\/mufasatoursandtravels.com\/de\/wp-json\/wp\/v2\/pages\/31974","targetHints":{"allow":["GET"]}}],"collection":[{"href":"https:\/\/mufasatoursandtravels.com\/de\/wp-json\/wp\/v2\/pages"}],"about":[{"href":"https:\/\/mufasatoursandtravels.com\/de\/wp-json\/wp\/v2\/types\/page"}],"author":[{"embeddable":true,"href":"https:\/\/mufasatoursandtravels.com\/de\/wp-json\/wp\/v2\/users\/7"}],"replies":[{"embeddable":true,"href":"https:\/\/mufasatoursandtravels.com\/de\/wp-json\/wp\/v2\/comments?post=31974"}],"version-history":[{"count":2,"href":"https:\/\/mufasatoursandtravels.com\/de\/wp-json\/wp\/v2\/pages\/31974\/revisions"}],"predecessor-version":[{"id":46489,"href":"https:\/\/mufasatoursandtravels.com\/de\/wp-json\/wp\/v2\/pages\/31974\/revisions\/46489"}],"wp:attachment":[{"href":"https:\/\/mufasatoursandtravels.com\/de\/wp-json\/wp\/v2\/media?parent=31974"}],"curies":[{"name":"wp","href":"https:\/\/api.w.org\/{rel}","templated":true}]}}