{"id":32012,"date":"2024-04-12T11:29:42","date_gmt":"2024-04-12T08:29:42","guid":{"rendered":"https:\/\/mufasatoursandtravels.com\/tansania-safaris\/tansania-kurzaufenthalt-safaris\/serengeti-sonnenaufgangssafari\/"},"modified":"2025-05-14T10:12:25","modified_gmt":"2025-05-14T07:12:25","slug":"serengeti-sonnenaufgangssafari","status":"publish","type":"page","link":"https:\/\/mufasatoursandtravels.com\/de\/tansania-safaris\/tansania-kurzaufenthalt-safaris\/serengeti-sonnenaufgangssafari\/","title":{"rendered":"Tarangire Sonnenaufgangssafari"},"content":{"rendered":"[vc_row full_width=&#8220;stretch_row&#8220; gap=&#8220;1&#8243; css=&#8220;.vc_custom_1678881709947{border: 5px initial !important;}&#8220;][vc_column parallax=&#8220;content-moving&#8220; parallax_image=&#8220;14583&#8243; parallax_speed_bg=&#8220;2&#8243; css=&#8220;.vc_custom_1712911783700{padding-top: 80px !important;padding-right: 80px !important;padding-bottom: 80px !important;padding-left: 80px !important;}&#8220; el_class=&#8220;des&#8220;][vc_headings style=&#8220;theme3&#8243; linewidth=&#8220;150&#8243; borderclr=&#8220;#ffffff&#8220; title=&#8220;Tarangire Sunrise Safari&#8220; use_theme_fonts=&#8220;yes&#8220; titlesize=&#8220;32&#8243; titleclr=&#8220;#ffffff&#8220; classname=&#8220;line-heading&#8220; caption_url=&#8220;&#8220; caption_urls=&#8220;&#8220; caption_urlss=&#8220;&#8220; caption_urldesc=&#8220;&#8220;][\/vc_headings][vc_empty_space][vc_custom_heading text=&#8220;Tarangire \u2192 Ngorongoro \u2192 Manyara-See&#8220; font_container=&#8220;tag:h2|text_align:center|color:%23ffffff&#8220; use_theme_fonts=&#8220;yes&#8220;][\/vc_column][\/vc_row][vc_row][vc_column css=&#8220;.vc_custom_1673873878049{border-top-width: 10px !important;border-right-width: 10px !important;border-bottom-width: 10px !important;border-left-width: 10px !important;}&#8220;][vc_tta_tabs shape=&#8220;square&#8220; color=&#8220;juicy-pink&#8220; alignment=&#8220;center&#8220; active_section=&#8220;1&#8243; no_fill_content_area=&#8220;true&#8220;][vc_tta_section title=&#8220;Programm&#8220; tab_id=&#8220;1633454673222-3d94f956-010c&#8220;][info_list_father listclr=&#8220;#f8f8f8&#8243;][info_list_son style=&#8220;icon&#8220; size=&#8220;15&#8243; width=&#8220;20&#8243; height=&#8220;20&#8243; titleclr=&#8220;#890000&#8243; title=&#8220;Tag 1 : Arusha zum Tarangire Nationalpark&#8220; icon=&#8220;fas fa-calendar-check&#8220; iconclr=&#8220;#890000&#8243; iconbg=&#8220;#f8f8f8&#8243; borderclr=&#8220;#f8f8f8&#8243;]Abfahrt von Arusha zum Tarangire-Nationalpark. Checken Sie bei Ihrer Ankunft in Ihrer Lodge\/Ihrem Hotel ein und essen Sie zu Mittag. Genie\u00dfen Sie Pirschfahrten am Nachmittag und kehren Sie zum Abendessen und \u00dcbernachtungsangebot in Ihre Lodge\/Ihr Hotel zur\u00fcck.  [\/info_list_son][info_list_son style=&#8220;icon&#8220; size=&#8220;15&#8243; width=&#8220;20&#8243; height=&#8220;20&#8243; titleclr=&#8220;#890000&#8243; title=&#8220;Tag 2: Tarangire Nationalpark Zum Ngorongoro-Krater&#8220; icon=&#8220;fas fa-calendar-check&#8220; iconclr=&#8220;#890000&#8243; iconbg=&#8220;#f8f8f8&#8243; borderclr=&#8220;#f8f8f8&#8243;]Abfahrt nach Ngorongoro, Check-in und Mittagessen Steigen Sie in den Ngorongoro-Krater hinab und genie\u00dfen Sie Pirschfahrten und atemberaubende Ausblicke auf die Ngoitoktok-Quellen. Danach steigen Sie auf und kehren zu Ihrer Lodge zur\u00fcck, wo Sie zu Abend essen und \u00fcbernachten.  [\/info_list_son][info_list_son style=&#8220;icon&#8220; size=&#8220;15&#8243; width=&#8220;20&#8243; height=&#8220;20&#8243; titleclr=&#8220;#890000&#8243; title=&#8220;Tag 3 : Ngorongoro-Krater Zum Lake Manyara und zur\u00fcck&#8220; icon=&#8220;fas fa-calendar-check&#8220; iconclr=&#8220;#890000&#8243; iconbg=&#8220;#f8f8f8&#8243; borderclr=&#8220;#f8f8f8&#8243;]Checken Sie fr\u00fch aus und fahren Sie zum Lake Manyara Nationalpark. Genie\u00dfen Sie Pirschfahrten und kehren Sie dann nach Arusha zur\u00fcck, wo Sie zu Ihrem Hotel oder zum Flughafen gebracht werden. [\/info_list_son][\/info_list_father][\/vc_tta_section][vc_tta_section title=&#8220;Inklusive\/Exklusiv&#8220; tab_id=&#8220;1633455601016-f93699bc-5d92&#8243;][vc_row_inner][vc_column_inner width=&#8220;1\/2&#8243;][info_list_father listclr=&#8220;#f8f8f8&#8243;][info_list_son style=&#8220;icon&#8220; size=&#8220;15&#8243; width=&#8220;20&#8243; height=&#8220;20&#8243; titleclr=&#8220;#890000&#8243; iconclr=&#8220;#890000&#8243; iconbg=&#8220;#f8f8f8&#8243; borderclr=&#8220;#f8f8f8&#8243; title=&#8220;IINKLUSIVE&#8220; icon=&#8220;fas fa-user-plus&#8220;]\n<ul>\n<li>Parkgeb\u00fchren f\u00fcr den Park angegeben.<\/li>\n<li>Transport in einem Van mit offenem Dach.<\/li>\n<li>Service eines professionellen Fahrerf\u00fchrers.<\/li>\n<li>Mahlzeiten mit Vollpension in der Lodge\/ im Camp.<\/li>\n<li>1 \u00dcbernachtung im jeweils angegebenen Hotel.<\/li>\n<li>Unbegrenzt Wasser im Fahrzeug.<\/li>\n<\/ul>\n<p>&nbsp;<\/p>\n<p>&nbsp;[\/info_list_son][\/info_list_father][\/vc_column_inner][vc_column_inner width=&#8220;1\/2&#8243;][info_list_father listclr=&#8220;#f8f8f8&#8243;][info_list_son style=&#8220;icon&#8220; size=&#8220;15&#8243; width=&#8220;20&#8243; height=&#8220;20&#8243; titleclr=&#8220;#890000&#8243; iconclr=&#8220;#890000&#8243; iconbg=&#8220;#f8f8f8&#8243; borderclr=&#8220;#f8f8f8&#8243; icon=&#8220;fas fa-user-minus&#8220; title=&#8220;AUSGESCHLOSSEN&#8220;]\n<ul>\n<li>Parkgeb\u00fchren f\u00fcr den Park angegeben.<\/li>\n<li>Transport in einem Van mit offenem Dach.<\/li>\n<li>Service eines professionellen Fahrerf\u00fchrers.<\/li>\n<li>Mahlzeiten mit Vollpension in der Lodge\/ im Camp.<\/li>\n<li>1 \u00dcbernachtung im jeweils angegebenen Hotel.<\/li>\n<li>Unbegrenzt Wasser im Fahrzeug.<\/li>\n<\/ul>\n<p>&nbsp;[\/info_list_son][\/info_list_father][\/vc_column_inner][\/vc_row_inner][\/vc_tta_section][vc_tta_section title=&#8220;Reise-Checkliste&#8220; tab_id=&#8220;1712905223236-f9340348-d2f2&#8243;][vc_row_inner][vc_column_inner width=&#8220;1\/2&#8243;][vc_headings style=&#8220;theme3&#8243; linewidth=&#8220;120&#8243; borderclr=&#8220;#890000&#8243; title=&#8220;Before Traveling&#8220; align=&#8220;left&#8220; google_fonts=&#8220;font_family:Open%20Sans%3A300%2C300italic%2Cregular%2Citalic%2C600%2C600italic%2C700%2C700italic%2C800%2C800italic|font_style:400%20regular%3A400%3Anormal&#8220; titlesize=&#8220;18&#8243; titleclr=&#8220;#890000&#8243;][\/vc_headings][vc_column_text]Bevor Sie sich auf die Reise begeben, sollten Sie sich unsere umfassenden Reisetipps durchlesen, um ein reibungsloses Erlebnis zu gew\u00e4hrleisten.[\/vc_column_text][vc_empty_space height=&#8220;45px&#8220;][vc_btn title=&#8220;Weitere Informationen&#8220; style=&#8220;outline-custom&#8220; outline_custom_color=&#8220;#890000&#8243; outline_custom_hover_background=&#8220;#890000&#8243; outline_custom_hover_text=&#8220;#ffffff&#8220; size=&#8220;sm&#8220; i_align=&#8220;right&#8220; i_icon_fontawesome=&#8220;fas fa-angle-right&#8220; add_icon=&#8220;true&#8220; link=&#8220;url:https%3A%2F%2Fmufasatoursandtravels.com%2Fde%2Fvorbereitung-auf-die-reise%2F|title:Vorbereitung%20auf%20die%20Reise|&#8220;][vc_empty_space][\/vc_column_inner][vc_column_inner width=&#8220;1\/2&#8243;][vc_headings style=&#8220;theme3&#8243; linewidth=&#8220;120&#8243; borderclr=&#8220;#890000&#8243; title=&#8220;On Booking&#8220; align=&#8220;left&#8220; google_fonts=&#8220;font_family:Open%20Sans%3A300%2C300italic%2Cregular%2Citalic%2C600%2C600italic%2C700%2C700italic%2C800%2C800italic|font_style:400%20regular%3A400%3Anormal&#8220; titlesize=&#8220;18&#8243; titleclr=&#8220;#890000&#8243;][\/vc_headings][vc_column_text]Verbessern Sie Ihre Reiseplanung, indem Sie wertvolle Informationen zum Reiseziel herunterladen, wie z. B. Pass- und Visabestimmungen, empfohlene Impfungen, Gep\u00e4ckbeschr\u00e4nkungen, Packliste und Trinkgeldrichtlinien.[\/vc_column_text][vc_btn title=&#8220;Weitere Informationen&#8220; style=&#8220;outline-custom&#8220; outline_custom_color=&#8220;#890000&#8243; outline_custom_hover_background=&#8220;#890000&#8243; outline_custom_hover_text=&#8220;#ffffff&#8220; size=&#8220;sm&#8220; i_align=&#8220;right&#8220; i_icon_fontawesome=&#8220;fas fa-angle-right&#8220; add_icon=&#8220;true&#8220; link=&#8220;url:https%3A%2F%2Fmufasatoursandtravels.com%2Fde%2Fwas-sie-vor-der-ankunft-in-ostafrika-wissen-sollten%2F|title:WAS%20SIE%20VOR%20DER%20ANKUNFT%20IN%20OSTAFRIKA%20WISSEN%20SOLLTEN|&#8220;][\/vc_column_inner][\/vc_row_inner][vc_row_inner][vc_column_inner width=&#8220;1\/2&#8243;][vc_headings style=&#8220;theme3&#8243; linewidth=&#8220;120&#8243; borderclr=&#8220;#890000&#8243; title=&#8220;During Tour&#8220; align=&#8220;left&#8220; google_fonts=&#8220;font_family:Open%20Sans%3A300%2C300italic%2Cregular%2Citalic%2C600%2C600italic%2C700%2C700italic%2C800%2C800italic|font_style:400%20regular%3A400%3Anormal&#8220; titlesize=&#8220;18&#8243; titleclr=&#8220;#890000&#8243;][\/vc_headings][vc_column_text]Maximieren Sie den Erfolg Ihrer Reise, indem Sie wichtige Informationen \u00fcber Ihr(e) Reiseziel(e) herunterladen, einschlie\u00dflich Pass- und Visabestimmungen, Impfrichtlinien, Gep\u00e4ckbeschr\u00e4nkungen, Packliste und Trinkgelder.[\/vc_column_text][vc_btn title=&#8220;Weitere Informationen&#8220; style=&#8220;outline-custom&#8220; outline_custom_color=&#8220;#890000&#8243; outline_custom_hover_background=&#8220;#890000&#8243; outline_custom_hover_text=&#8220;#ffffff&#8220; size=&#8220;sm&#8220; i_align=&#8220;right&#8220; i_icon_fontawesome=&#8220;fas fa-angle-right&#8220; add_icon=&#8220;true&#8220; link=&#8220;url:https%3A%2F%2Fmufasatoursandtravels.com%2Fde%2Fpaesse-und-visa%2F|title:P%C3%A4sse%20und%20Visa|&#8220;][\/vc_column_inner][vc_column_inner width=&#8220;1\/2&#8243;][vc_headings style=&#8220;theme3&#8243; linewidth=&#8220;120&#8243; borderclr=&#8220;#890000&#8243; title=&#8220;After Tour&#8220; align=&#8220;left&#8220; google_fonts=&#8220;font_family:Open%20Sans%3A300%2C300italic%2Cregular%2Citalic%2C600%2C600italic%2C700%2C700italic%2C800%2C800italic|font_style:400%20regular%3A400%3Anormal&#8220; titlesize=&#8220;18&#8243; titleclr=&#8220;#890000&#8243;][\/vc_headings][vc_column_text]W\u00e4hrend Sie sich im Nachglanz Ihres Abenteuers sonnen, sind wir hier, um Ihnen mit wichtigen Tipps nach der Reise zu helfen, um sicherzustellen, dass Ihre R\u00fcckkehr nach Hause so nahtlos und komfortabel ist wie Ihre Reise selbst.[\/vc_column_text][\/vc_column_inner][\/vc_row_inner][\/vc_tta_section][\/vc_tta_tabs][wdo_ult_icon_seperator wdo_seperator_icon=&#8220;fas fa-paw&#8220; wdo_seperator_color=&#8220;#890000&#8243; wdo_seperator_opacity=&#8220;.2&#8243;][vc_btn title=&#8220;Angebot anfordern&#8220; style=&#8220;outline-custom&#8220; outline_custom_color=&#8220;#890000&#8243; outline_custom_hover_background=&#8220;#890000&#8243; outline_custom_hover_text=&#8220;#ffffff&#8220; shape=&#8220;square&#8220; size=&#8220;sm&#8220; align=&#8220;center&#8220; i_align=&#8220;right&#8220; i_icon_fontawesome=&#8220;fas fa-angle-right&#8220; add_icon=&#8220;true&#8220; link=&#8220;url:https%3A%2F%2Fmufasatoursandtravels.com%2Fde%2Fangebot-anfordern%2F|title:Angebot%20anfordern|&#8220;][vc_column_text]\n<p style=\"text-align: left;\"><strong>VERZICHTSERKL\u00c4RUNG.<\/strong><\/p>\n<ul>\n<li>Diese Tour wird von <a href=\"https:\/\/mufasatoursandtravels.com\/de\/\">Mufasa Tours and Travels<\/a> angeboten.<\/li>\n<li>Alle unsere Safaris finden auf privater Basis statt.<\/li>\n<li>Kinder zwischen 0 \u2013 2 Jahren sind kostenlos.<\/li>\n<li>Kinder von 3 \u2013 12 Jahren zahlen 50% des Erwachsenenpreises, wenn sie im selben Zimmer mit Erwachsenen \u00fcbernachten.<\/li>\n<li>Kinder von 3 \u2013 12 Jahren zahlen 75% des Erwachsenenpreises, wenn sie in einem separaten Zimmer von Erwachsenen \u00fcbernachten.<\/li>\n<li>Kinder \u00fcber 12 Jahre werden in den Camps und Lodges als Erwachsene anerkannt.<\/li>\n<li>Wir behalten uns das Recht vor, das Programm wie angek\u00fcndigt zu \u00e4ndern.<\/li>\n<li>Sollte eine Unterkunft ausgebucht sein, schlagen wir Ihnen vergleichbare Alternativm\u00f6glichkeiten vor.<\/li>\n<li>Die genaue Reihenfolge, der Inhalt und die Preise dieser Tour unterliegen der Verf\u00fcgbarkeit.<\/li>\n<li>Diese Tour unterliegt den <a href=\"https:\/\/mufasatoursandtravels.com\/de\/allgemeine-geschaeftsbedingungen\/\">Allgemeinen Gesch\u00e4ftsbedingungen<\/a> von <a href=\"https:\/\/mufasatoursandtravels.com\/de\/\">Mufasa Tours and Travels.<\/a><\/li>\n<\/ul>\n[\/vc_column_text][\/vc_column][\/vc_row]\n","protected":false},"excerpt":{"rendered":"<p>[vc_row full_width=&#8220;stretch_row&#8220; gap=&#8220;1&#8243; css=&#8220;.vc_custom_1678881709947{border: 5px initial !important;}&#8220;][vc_column parallax=&#8220;content-moving&#8220; parallax_image=&#8220;14583&#8243; parallax_speed_bg=&#8220;2&#8243; css=&#8220;.vc_custom_1712911783700{padding-top: 80px !important;padding-right: 80px !important;padding-bottom: 80px !important;padding-left: 80px !important;}&#8220; el_class=&#8220;des&#8220;][vc_headings style=&#8220;theme3&#8243; linewidth=&#8220;150&#8243; borderclr=&#8220;#ffffff&#8220; title=&#8220;Tarangire Sunrise Safari&#8220; use_theme_fonts=&#8220;yes&#8220; titlesize=&#8220;32&#8243; titleclr=&#8220;#ffffff&#8220; classname=&#8220;line-heading&#8220; caption_url=&#8220;&#8220; caption_urls=&#8220;&#8220; caption_urlss=&#8220;&#8220; caption_urldesc=&#8220;&#8220;][\/vc_headings][vc_empty_space][vc_custom_heading text=&#8220;Tarangire \u2192 Ngorongoro \u2192 Manyara-See&#8220; font_container=&#8220;tag:h2|text_align:center|color:%23ffffff&#8220; use_theme_fonts=&#8220;yes&#8220;][\/vc_column][\/vc_row][vc_row][vc_column css=&#8220;.vc_custom_1673873878049{border-top-width: 10px !important;border-right-width: 10px !important;border-bottom-width: 10px !important;border-left-width: 10px !important;}&#8220;][vc_tta_tabs shape=&#8220;square&#8220; color=&#8220;juicy-pink&#8220; alignment=&#8220;center&#8220; active_section=&#8220;1&#8243; no_fill_content_area=&#8220;true&#8220;][vc_tta_section [&hellip;]<\/p>\n","protected":false},"author":2,"featured_media":0,"parent":28026,"menu_order":4,"comment_status":"closed","ping_status":"closed","template":"","meta":{"_themeisle_gutenberg_block_has_review":false,"footnotes":""},"class_list":["post-32012","page","type-page","status-publish","hentry"],"_links":{"self":[{"href":"https:\/\/mufasatoursandtravels.com\/de\/wp-json\/wp\/v2\/pages\/32012","targetHints":{"allow":["GET"]}}],"collection":[{"href":"https:\/\/mufasatoursandtravels.com\/de\/wp-json\/wp\/v2\/pages"}],"about":[{"href":"https:\/\/mufasatoursandtravels.com\/de\/wp-json\/wp\/v2\/types\/page"}],"author":[{"embeddable":true,"href":"https:\/\/mufasatoursandtravels.com\/de\/wp-json\/wp\/v2\/users\/2"}],"replies":[{"embeddable":true,"href":"https:\/\/mufasatoursandtravels.com\/de\/wp-json\/wp\/v2\/comments?post=32012"}],"version-history":[{"count":3,"href":"https:\/\/mufasatoursandtravels.com\/de\/wp-json\/wp\/v2\/pages\/32012\/revisions"}],"predecessor-version":[{"id":36189,"href":"https:\/\/mufasatoursandtravels.com\/de\/wp-json\/wp\/v2\/pages\/32012\/revisions\/36189"}],"up":[{"embeddable":true,"href":"https:\/\/mufasatoursandtravels.com\/de\/wp-json\/wp\/v2\/pages\/28026"}],"wp:attachment":[{"href":"https:\/\/mufasatoursandtravels.com\/de\/wp-json\/wp\/v2\/media?parent=32012"}],"curies":[{"name":"wp","href":"https:\/\/api.w.org\/{rel}","templated":true}]}}