{"id":32061,"date":"2023-11-03T20:06:42","date_gmt":"2023-11-03T17:06:42","guid":{"rendered":"https:\/\/mufasatoursandtravels.com\/tansania-safaris\/tansania-safaris-mit-mittlerem-aufenthalt\/serengeti-ngorongoro-odyssee\/"},"modified":"2026-03-06T17:58:30","modified_gmt":"2026-03-06T14:58:30","slug":"serengeti-ngorongoro-odyssee","status":"publish","type":"page","link":"https:\/\/mufasatoursandtravels.com\/de\/tansania-safaris\/tansania-safaris-mit-mittlerem-aufenthalt\/serengeti-ngorongoro-odyssee\/","title":{"rendered":"Serengeti-Ngorongoro Odyssee"},"content":{"rendered":"[vc_row full_width=&#8220;stretch_row&#8220; gap=&#8220;1&#8243; css=&#8220;.vc_custom_1678881709947{border: 5px initial !important;}&#8220;][vc_column parallax=&#8220;content-moving&#8220; parallax_image=&#8220;14724&#8243; parallax_speed_bg=&#8220;1.7&#8243; css=&#8220;.vc_custom_1713163331416{padding-top: 80px !important;padding-right: 80px !important;padding-bottom: 80px !important;padding-left: 80px !important;}&#8220;][vc_headings style=&#8220;theme2&#8243; linewidth=&#8220;150&#8243; borderclr=&#8220;#ffffff&#8220; title=&#8220;Serengeti &#8211; Ngorongoro Odessey&#8220; use_theme_fonts=&#8220;yes&#8220; titlesize=&#8220;32&#8243; titleclr=&#8220;#ffffff&#8220; classname=&#8220;line-heading&#8220;]&nbsp;<\/p>\n<p style=\"text-align: center;\"><strong><span style=\"color: #fff; font-size: 18px;\">4 Tage<\/span><\/strong><\/p>\n[\/vc_headings][\/vc_column][\/vc_row][vc_row][vc_column css=&#8220;.vc_custom_1673873878049{border-top-width: 10px !important;border-right-width: 10px !important;border-bottom-width: 10px !important;border-left-width: 10px !important;}&#8220;][vc_tta_tabs color=&#8220;juicy-pink&#8220; gap=&#8220;1&#8243; alignment=&#8220;center&#8220; active_section=&#8220;1&#8243;][vc_tta_section title=&#8220;Programm&#8220; tab_id=&#8220;1633454673222-3d94f956-010c&#8220;][info_list_father listclr=&#8220;#f4f4f4&#8243; css=&#8220;.vc_custom_1699450234338{padding-top: 10px !important;}&#8220;][info_list_son style=&#8220;icon&#8220; size=&#8220;15&#8243; width=&#8220;20&#8243; height=&#8220;20&#8243; titleclr=&#8220;#890000&#8243; icon=&#8220;fas fa-calendar-check&#8220; iconclr=&#8220;#890000&#8243; iconbg=&#8220;#f4f4f4&#8243; borderclr=&#8220;#f4f4f4&#8243; title=&#8220;TAG 1: Arusha zur Serengeti&#8220;]Abfahrt zum Serengeti-Nationalpark, Ankunft in Ihrer jeweiligen Lodge zum Mittagessen und Einchecken. Genie\u00dfen Sie Pirschfahrten am Nachmittag und kehren Sie sp\u00e4ter zum Hotel\/Lodge zur\u00fcck, wo Sie zu Abend essen und \u00fcbernachten k\u00f6nnen. [\/info_list_son][info_list_son style=&#8220;icon&#8220; size=&#8220;15&#8243; width=&#8220;20&#8243; height=&#8220;20&#8243; titleclr=&#8220;#890000&#8243; icon=&#8220;fas fa-calendar-check&#8220; iconclr=&#8220;#890000&#8243; iconbg=&#8220;#f4f4f4&#8243; borderclr=&#8220;#f4f4f4&#8243; title=&#8220;TAG 2: Pirschfahrten in der Serengeti&#8220;]Begeben Sie sich auf ein aufregendes Abenteuer mit ganzt\u00e4gigen Pirschfahrten, begleitet von einem k\u00f6stlichen Picknick-Lunchpaket. Tauchen Sie ein in die Sehensw\u00fcrdigkeiten und Kl\u00e4nge der Wildnis, w\u00e4hrend Sie die ungez\u00e4hmten Landschaften erkunden. Dann, wenn sich der Tag dem Ende zuneigt, kehren Sie in den Komfort Ihrer Lodge\/Ihres Hotels zur\u00fcck, um ein \u00fcppiges Abendessen und eine erholsame \u00dcbernachtung zu genie\u00dfen.  [\/info_list_son][info_list_son style=&#8220;icon&#8220; size=&#8220;15&#8243; width=&#8220;20&#8243; height=&#8220;20&#8243; titleclr=&#8220;#890000&#8243; icon=&#8220;fas fa-calendar-check&#8220; iconclr=&#8220;#890000&#8243; iconbg=&#8220;#f4f4f4&#8243; borderclr=&#8220;#f4f4f4&#8243; title=&#8220;TAG 3: Serengeti Nach Ngorongoro&#8220;]Begeben Sie sich auf eine epische Reise nach Ngorongoro, wo Abenteuer auf Sie warten. Nach dem Check-in und einem leckeren Mittagessen steigen Sie 600 Meter in den ber\u00fchmten Ngorongoro-Krater hinab. Erfreuen Sie sich an aufregenden Pirschfahrten und bestaunen Sie die atemberaubende Aussicht auf die Ngoitoktok-Quellen. Wenn die Nacht hereinbricht, kehren Sie zu Ihrer Lodge zur\u00fcck, um ein k\u00f6stliches Abendessen und eine erholsame \u00dcbernachtung zu genie\u00dfen und einen Tag voller Aufregung und Wunder abzurunden.   [\/info_list_son][info_list_son style=&#8220;icon&#8220; size=&#8220;15&#8243; width=&#8220;20&#8243; height=&#8220;20&#8243; titleclr=&#8220;#890000&#8243; icon=&#8220;fas fa-calendar-check&#8220; iconclr=&#8220;#890000&#8243; iconbg=&#8220;#f4f4f4&#8243; borderclr=&#8220;#f4f4f4&#8243; title=&#8220;TAG 4: Ngorongoro nach Arusha&#8220;]Fr\u00fches Fr\u00fchst\u00fcck und Check-out. Genie\u00dfen Sie unterwegs Pirschfahrten, w\u00e4hrend Sie zur\u00fcck nach Arusha fahren. [\/info_list_son][\/info_list_father][\/vc_tta_section][vc_tta_section title=&#8220;Inklusiv\/Exklusiv&#8220; tab_id=&#8220;1633455601016-f93699bc-5d92&#8243;][vc_row_inner][vc_column_inner width=&#8220;1\/2&#8243;][info_list_father listclr=&#8220;#f4f4f4&#8243; css=&#8220;.vc_custom_1699449732334{padding-top: 10px !important;}&#8220;][info_list_son style=&#8220;icon&#8220; size=&#8220;15&#8243; width=&#8220;20&#8243; height=&#8220;20&#8243; titleclr=&#8220;#890000&#8243; icon=&#8220;fas fa-paw&#8220; iconclr=&#8220;#890000&#8243; iconbg=&#8220;#f4f4f4&#8243; borderclr=&#8220;#f4f4f4&#8243; title=&#8220;INKLUSIVE&#8220; caption_url=&#8220;&#8220;]\n<ul>\n<li>Parkgeb\u00fchren f\u00fcr den Park angegeben.<\/li>\n<li>Privater Transport in einem Land Cruiser mit offenem Dach.<\/li>\n<li>Service eines professionellen Fahrf\u00fchrers.<\/li>\n<li>Mahlzeiten mit voller Verpflegung in der Lodge oder im Camp.<\/li>\n<li>3 \u00dcbernachtungen im jeweiligen Hotel, Lodge oder Camp.<\/li>\n<li>Unbegrenztes Wasser im Fahrzeug.<\/li>\n<li>Flughafentransfers.<\/li>\n<li>Bed &amp; Breakfast in Nairobi.<\/li>\n<\/ul>\n<p>&nbsp;<\/p>\n<p>&nbsp;[\/info_list_son][\/info_list_father][\/vc_column_inner][vc_column_inner width=&#8220;1\/2&#8243;][info_list_father listclr=&#8220;#f4f4f4&#8243; css=&#8220;.vc_custom_1699449815694{padding-top: 10px !important;}&#8220;][info_list_son style=&#8220;icon&#8220; size=&#8220;15&#8243; width=&#8220;20&#8243; height=&#8220;20&#8243; titleclr=&#8220;#890000&#8243; icon=&#8220;fas fa-paw&#8220; iconclr=&#8220;#890000&#8243; iconbg=&#8220;#f4f4f4&#8243; borderclr=&#8220;#f4f4f4&#8243; title=&#8220;AUSSCHLIE\u00dfLICH&#8220; caption_url=&#8220;&#8220;]\n<ul>\n<li>Kultureller Besuch des Masai Village @ $ 20 pro Person.<\/li>\n<li>Tipps zum Fahrerf\u00fchrer (<strong>Sehr empfehlenswert<\/strong>).<\/li>\n<li>Pers\u00f6nliche Gegenst\u00e4nde (Souvenirs, Reiseversicherungen, Visageb\u00fchren, etc.)<\/li>\n<li>Die Regierung verh\u00e4ngte eine Erh\u00f6hung der Steuern und\/oder Parkgeb\u00fchren.<\/li>\n<li>Hei\u00dfluftballonfahrten @ $ 505 pro Erwachsener und $ 380 pro Kind (<strong>unter 12 Jahren<\/strong>).<\/li>\n<li>Internationale Fl\u00fcge und E-Visum.<\/li>\n<\/ul>\n<p>&nbsp;[\/info_list_son][\/info_list_father][\/vc_column_inner][\/vc_row_inner][\/vc_tta_section][vc_tta_section title=&#8220;Reise-Checkliste&#8220; tab_id=&#8220;1700225911267-4d68baeb-35cd&#8220;][vc_row_inner css=&#8220;.vc_custom_1700227522813{padding-top: 10px !important;}&#8220;][vc_column_inner width=&#8220;1\/2&#8243;][vc_custom_heading text=&#8220;Vor der Reise&#8220; font_container=&#8220;tag:h2|text_align:left|color:%23890000&#8243; google_fonts=&#8220;font_family:Open%20Sans%3A300%2C300italic%2Cregular%2Citalic%2C600%2C600italic%2C700%2C700italic%2C800%2C800italic|font_style:400%20regular%3A400%3Anormal&#8220;][vc_separator color=&#8220;custom&#8220; align=&#8220;align_left&#8220; border_width=&#8220;2&#8243; el_width=&#8220;20&#8243; accent_color=&#8220;#890000&#8243;][vc_column_text]Bevor Sie Ihre Reise antreten, sollten Sie unbedingt unsere umfassenden Reisetipps f\u00fcr ein nahtloses Erlebnis durchlesen.[\/vc_column_text][vc_empty_space height=&#8220;47px&#8220;][vc_btn title=&#8220;Weitere Informationen&#8220; style=&#8220;outline-custom&#8220; outline_custom_color=&#8220;#890000&#8243; outline_custom_hover_background=&#8220;#890000&#8243; outline_custom_hover_text=&#8220;#ffffff&#8220; size=&#8220;sm&#8220; i_align=&#8220;right&#8220; i_icon_fontawesome=&#8220;fas fa-chevron-right&#8220; add_icon=&#8220;true&#8220; link=&#8220;url:https%3A%2F%2Fmufasatoursandtravels.com%2Fpreparing-to-travel%2F|title:Reisevorbereitung|&#8220;][\/vc_column_inner][vc_column_inner width=&#8220;1\/2&#8243;][vc_custom_heading text=&#8220;Vor der Reise&#8220; font_container=&#8220;tag:h2|text_align:left|color:%23890000&#8243; google_fonts=&#8220;font_family:Open%20Sans%3A300%2C300italic%2Cregular%2Citalic%2C600%2C600italic%2C700%2C700italic%2C800%2C800italic|font_style:400%20regular%3A400%3Anormal&#8220;][vc_separator color=&#8220;custom&#8220; align=&#8220;align_left&#8220; border_width=&#8220;2&#8243; el_width=&#8220;20&#8243; accent_color=&#8220;#890000&#8243;][vc_column_text]Verbessern Sie Ihre Reiseplanung, indem Sie wertvolle Reiseinformationen herunterladen, wie Reisepass- und Visabestimmungen, empfohlene Impfungen, Gep\u00e4ckbeschr\u00e4nkungen, Packlisten und Trinkgeldrichtlinien.[\/vc_column_text][vc_btn title=&#8220;Weitere Informationen&#8220; style=&#8220;outline-custom&#8220; outline_custom_color=&#8220;#890000&#8243; outline_custom_hover_background=&#8220;#890000&#8243; outline_custom_hover_text=&#8220;#ffffff&#8220; size=&#8220;sm&#8220; i_align=&#8220;right&#8220; i_icon_fontawesome=&#8220;fas fa-chevron-right&#8220; add_icon=&#8220;true&#8220; link=&#8220;url:https%3A%2F%2Fmufasatoursandtravels.com%2Fwhat-to-know-before-arrival-in-east-africa%2F|title:WAS%20SIE%20VOR%20DER%20ANKUNFT%20IN%20OSTAFRIKA%20WISSEN%20SOLLTEN|&#8220;][\/vc_column_inner][\/vc_row_inner][vc_row_inner][vc_column_inner width=&#8220;1\/2&#8243;][vc_custom_heading text=&#8220;Vor der Reise&#8220; font_container=&#8220;tag:h2|text_align:left|color:%23890000&#8243; google_fonts=&#8220;font_family:Open%20Sans%3A300%2C300italic%2Cregular%2Citalic%2C600%2C600italic%2C700%2C700italic%2C800%2C800italic|font_style:400%20regular%3A400%3Anormal&#8220;][vc_separator color=&#8220;custom&#8220; align=&#8220;align_left&#8220; border_width=&#8220;2&#8243; el_width=&#8220;20&#8243; accent_color=&#8220;#890000&#8243;][vc_column_text]Maximieren Sie den Erfolg Ihrer Reise, indem Sie wichtige Informationen zu Ihrem Reiseziel herunterladen, einschlie\u00dflich Pass- und Visabestimmungen, Impfrichtlinien, Gep\u00e4ckbeschr\u00e4nkungen, Packliste und Trinkgeldtipps.[\/vc_column_text][vc_btn title=&#8220;Weitere Informationen&#8220; style=&#8220;outline-custom&#8220; outline_custom_color=&#8220;#890000&#8243; outline_custom_hover_background=&#8220;#890000&#8243; outline_custom_hover_text=&#8220;#ffffff&#8220; size=&#8220;sm&#8220; i_align=&#8220;right&#8220; i_icon_fontawesome=&#8220;fas fa-chevron-right&#8220; add_icon=&#8220;true&#8220; link=&#8220;url:https%3A%2F%2Fmufasatoursandtravels.com%2Fpassports-and-visas%2F|title:P%C3%A4sse%20und%20Visa|&#8220;][\/vc_column_inner][vc_column_inner width=&#8220;1\/2&#8243;][vc_custom_heading text=&#8220;Vor der Reise&#8220; font_container=&#8220;tag:h2|text_align:left|color:%23890000&#8243; google_fonts=&#8220;font_family:Open%20Sans%3A300%2C300italic%2Cregular%2Citalic%2C600%2C600italic%2C700%2C700italic%2C800%2C800italic|font_style:400%20regular%3A400%3Anormal&#8220;][vc_separator color=&#8220;custom&#8220; align=&#8220;align_left&#8220; border_width=&#8220;2&#8243; el_width=&#8220;20&#8243; accent_color=&#8220;#890000&#8243;][vc_column_text]W\u00e4hrend Sie das Nachgl\u00fchen Ihres Abenteuers genie\u00dfen, helfen wir Ihnen mit wichtigen Tipps nach der Reise, damit Ihre R\u00fcckkehr nach Hause genauso reibungslos und angenehm verl\u00e4uft wie Ihre Reise selbst.[\/vc_column_text][\/vc_column_inner][\/vc_row_inner][\/vc_tta_section][\/vc_tta_tabs][\/vc_column][\/vc_row][vc_row][vc_column][\/vc_column][\/vc_row]\n","protected":false},"excerpt":{"rendered":"<p>[vc_row full_width=&#8220;stretch_row&#8220; gap=&#8220;1&#8243; css=&#8220;.vc_custom_1678881709947{border: 5px initial !important;}&#8220;][vc_column parallax=&#8220;content-moving&#8220; parallax_image=&#8220;14724&#8243; parallax_speed_bg=&#8220;1.7&#8243; css=&#8220;.vc_custom_1713163331416{padding-top: 80px !important;padding-right: 80px !important;padding-bottom: 80px !important;padding-left: 80px !important;}&#8220;][vc_headings style=&#8220;theme2&#8243; linewidth=&#8220;150&#8243; borderclr=&#8220;#ffffff&#8220; title=&#8220;Serengeti &#8211; Ngorongoro Odessey&#8220; use_theme_fonts=&#8220;yes&#8220; titlesize=&#8220;32&#8243; titleclr=&#8220;#ffffff&#8220; classname=&#8220;line-heading&#8220;]&nbsp; 4 Tage [\/vc_headings][\/vc_column][\/vc_row][vc_row][vc_column css=&#8220;.vc_custom_1673873878049{border-top-width: 10px !important;border-right-width: 10px !important;border-bottom-width: 10px !important;border-left-width: 10px !important;}&#8220;][vc_tta_tabs color=&#8220;juicy-pink&#8220; gap=&#8220;1&#8243; alignment=&#8220;center&#8220; active_section=&#8220;1&#8243;][vc_tta_section title=&#8220;Programm&#8220; tab_id=&#8220;1633454673222-3d94f956-010c&#8220;][info_list_father listclr=&#8220;#f4f4f4&#8243; css=&#8220;.vc_custom_1699450234338{padding-top: 10px !important;}&#8220;][info_list_son style=&#8220;icon&#8220; size=&#8220;15&#8243; width=&#8220;20&#8243; [&hellip;]<\/p>\n","protected":false},"author":7,"featured_media":0,"parent":28109,"menu_order":0,"comment_status":"closed","ping_status":"closed","template":"","meta":{"_themeisle_gutenberg_block_has_review":false,"footnotes":""},"class_list":["post-32061","page","type-page","status-publish","hentry"],"_links":{"self":[{"href":"https:\/\/mufasatoursandtravels.com\/de\/wp-json\/wp\/v2\/pages\/32061","targetHints":{"allow":["GET"]}}],"collection":[{"href":"https:\/\/mufasatoursandtravels.com\/de\/wp-json\/wp\/v2\/pages"}],"about":[{"href":"https:\/\/mufasatoursandtravels.com\/de\/wp-json\/wp\/v2\/types\/page"}],"author":[{"embeddable":true,"href":"https:\/\/mufasatoursandtravels.com\/de\/wp-json\/wp\/v2\/users\/7"}],"replies":[{"embeddable":true,"href":"https:\/\/mufasatoursandtravels.com\/de\/wp-json\/wp\/v2\/comments?post=32061"}],"version-history":[{"count":3,"href":"https:\/\/mufasatoursandtravels.com\/de\/wp-json\/wp\/v2\/pages\/32061\/revisions"}],"predecessor-version":[{"id":46251,"href":"https:\/\/mufasatoursandtravels.com\/de\/wp-json\/wp\/v2\/pages\/32061\/revisions\/46251"}],"up":[{"embeddable":true,"href":"https:\/\/mufasatoursandtravels.com\/de\/wp-json\/wp\/v2\/pages\/28109"}],"wp:attachment":[{"href":"https:\/\/mufasatoursandtravels.com\/de\/wp-json\/wp\/v2\/media?parent=32061"}],"curies":[{"name":"wp","href":"https:\/\/api.w.org\/{rel}","templated":true}]}}