{"id":32211,"date":"2023-07-15T18:51:39","date_gmt":"2023-07-15T15:51:39","guid":{"rendered":"https:\/\/mufasatoursandtravels.com\/vorbereitung-auf-die-reise\/"},"modified":"2026-03-06T18:23:16","modified_gmt":"2026-03-06T15:23:16","slug":"vorbereitung-auf-die-reise","status":"publish","type":"page","link":"https:\/\/mufasatoursandtravels.com\/de\/vorbereitung-auf-die-reise\/","title":{"rendered":"Reisevorbereitung"},"content":{"rendered":"[vc_row][vc_column][vc_headings style=&#8220;theme3&#8243; linewidth=&#8220;200&#8243; borderclr=&#8220;#890000&#8243; title=&#8220;Preparing to Travel&#8220; use_theme_fonts=&#8220;yes&#8220; titleclr=&#8220;#890000&#8243; caption_url=&#8220;&#8220; caption_urls=&#8220;&#8220; caption_urlss=&#8220;&#8220; caption_urldesc=&#8220;&#8220;][\/vc_headings][vc_empty_space][vc_column_text]\n<ol>\n<li><strong>REISEP\u00c4SSE<\/strong> \u2013 Um nach Ostafrika zu reisen, muss Ihr Reisepass noch mindestens sechs (6) Monate nach Beendigung Ihrer Reise g\u00fcltig sein und sollte mindestens vier (4) leere Visaseiten f\u00fcr Ein- und Ausreisestempel enthalten.<\/li>\n<\/ol>\n<p>&nbsp;<\/p>\n<ol start=\"2\">\n<li><strong>VISUM\u2013 <\/strong>Da wir in ostafrikanischen L\u00e4ndern wie Kenia, Tansania, Ruanda und Uganda t\u00e4tig sind, finden Sie unten die Richtlinie f\u00fcr andere L\u00e4nder:<\/li>\n<\/ol>\n<ul>\n<li>Kenia &#8211; Um nach Kenia zu reisen, m\u00fcssen Sie ein Visum beantragen und es wird normalerweise hier beantragt &#8211; <a href=\"https:\/\/evisa.go.ke\/\" rel=\"nofollow noopener\" target=\"_blank\">https:\/\/evisa.go.ke\/<\/a> und ist normalerweise 3 Monate ab dem Reisedatum g\u00fcltig. Sie berechnen 51 US-Dollar pro Visumantrag f\u00fcr Personen ab 16 Jahren. Personen unter 16 Jahren ben\u00f6tigen kein Visum, um nach Kenia zu reisen, sondern m\u00fcssen dies von der Begleitperson bei der Bewerbung des Erwachsenen erkl\u00e4ren. Die Bearbeitung des Visums dauert ca. 24 bis 72 Stunden. Wenn Sie nach Kenia reisen, stellen Sie sicher, dass Sie nur ein Single Entry Visa (SEV) und kein Multicounty-Visum beantragen, wenn Sie sich zu touristischen Zwecken hier befinden. G\u00e4ste, die kein Visum ben\u00f6tigen, um nach Kenia zu reisen, sehen Sie sich bitte die Liste hier an, um zu best\u00e4tigen, ob Sie ein Visum ben\u00f6tigen &#8211; <a href=\"https:\/\/evisa.go.ke\/eligibility\" rel=\"nofollow noopener\" target=\"_blank\">https:\/\/evisa.go.ke\/eligibility<\/a>     <\/li>\n<li>Tansania \u2013 Um nach Tansania zu reisen, ben\u00f6tigen Sie ein Visum und k\u00f6nnen es bei der Ankunft erhalten, oder Sie k\u00f6nnen es online beantragen, bevor Sie hier ankommen &#8211; <a href=\"https:\/\/visa.immigration.go.tz\/\" rel=\"nofollow noopener\" target=\"_blank\">https:\/\/visa.immigration.go.tz\/<\/a> . Weitere Informationen zu den Richtlinien finden Sie hier &#8211; <a href=\"https:\/\/visa.immigration.go.tz\/guidelines\" rel=\"nofollow noopener\" target=\"_blank\">https:\/\/visa.immigration.go.tz\/guidelines<\/a> <\/li>\n<li>Uganda \u2013 Um nach Uganda zu reisen, m\u00fcssen Sie das Visum online beantragen und NICHT bei der Ankunft. Weitere Informationen finden Sie hier &#8211; <a href=\"https:\/\/www.visas.immigration.go.ug\/\" rel=\"nofollow noopener\" target=\"_blank\">https:\/\/www.visas.immigration.go.ug\/<\/a> <\/li>\n<li>Ruanda \u2013 Um nach Ruanda zu reisen, beantragen Sie ein Visum bei der Ankunft oder beantragen Sie es online hier f\u00fcr weitere Informationen &#8211; <a href=\"https:\/\/www.migration.gov.rw\/\" rel=\"nofollow noopener\" target=\"_blank\">https:\/\/www.migration.gov.rw\/<\/a><\/li>\n<\/ul>\n<p>&nbsp;<\/p>\n<ol start=\"3\">\n<li><strong>IMPFUNGEN- <\/strong>Kenia und Tansania haben derzeit keine COVID-19-Impf- oder Testanforderungen f\u00fcr die Einreise, so dass auch f\u00fcr die Einreise COVID-Impfungen erforderlich sind. Eine Gelbfieberimpfung ist f\u00fcr die Einreise nach Kenia und Tansania nur erforderlich, wenn Sie aus einem Gelbfieber-Endemiegebiet in S\u00fcdamerika oder Afrika einreisen oder dieses durchquert haben \u2013 einschlie\u00dflich ostafrikanischer L\u00e4nder wie Kenia und Uganda. Eine aktuelle Liste aller betroffenen L\u00e4nder stellt die WHO hier zur Verf\u00fcgung &#8211; <a href=\"https:\/\/www.fitfortravel.nhs.uk\/advice\/disease-prevention-advice\/yellow-fever\/yellow-fever-risk-areas\" rel=\"nofollow noopener\" target=\"_blank\">https:\/\/www.fitfortravel.nhs.uk\/advice\/disease-prevention-advice\/yellow-fever\/yellow-fever-risk-areas<\/a> . F\u00fcr G\u00e4ste, die Kenia besuchen, ist nur kein Gelbfieber erforderlich, da es kein MUSS ist, aber empfohlen wird. F\u00fcr G\u00e4ste, deren Reiseplan Besuche sowohl in Kenia als auch in Tansania beinhaltet, ist eine Impfung gegen Gelbfieber erforderlich und Sie m\u00fcssen eine internationale Impfbescheinigung mit sich f\u00fchren, die von Ihrem Arzt ausgestellt wurde. Ohne sie kann Ihnen der Zutritt verweigert werden. Wenn Ihr Arzt aufgrund Ihrer pers\u00f6nlichen Krankengeschichte von der Impfung abr\u00e4t, kann er Ihnen die notwendigen Unterlagen f\u00fcr das Land\/die L\u00e4nder, die Sie besuchen, zur Verf\u00fcgung stellen. Sie reisen in Gebiete, in denen Malaria \u00fcbertragen wird. Wir empfehlen Ihnen dringend, mit Ihrem Arzt oder Ihrer Reiseklinik \u00fcber Ihre Reiseroute, die individuelle Risikobewertung und die M\u00f6glichkeiten zur Vorbeugung von M\u00fcckenstichen und Malariamedikamenten zu sprechen. Wir empfehlen, alle Rezepte vor Ihrer Abreise einzul\u00f6sen.        <\/li>\n<\/ol>\n<p>&nbsp;<\/p>\n<ol start=\"4\">\n<li><strong>PLASTIKT\u00dcTEN IN KENIA UND TANSANIA  <\/strong><\/li>\n<\/ol>\n<p>Die Regierungen von Kenia und Tansania haben ein Verbot von Plastikt\u00fcten eingef\u00fchrt. Das Verbot gilt f\u00fcr &#8222;Trage- und Flachbeutel&#8220;, die in erster Linie auf Taschen aus Gesch\u00e4ften und Lebensmittelgesch\u00e4ften abzielen, aber auch auf Ziploc-Beutel, Duty-Free-Taschen und Luftpolsterfolie. Wenn Touristen diese Art von Taschen am Flughafen sichtbar haben, werden sie wahrscheinlich beschlagnahmt. Taschen, die f\u00fcr den mehrfachen Gebrauch konzipiert sind, wie z. B. Kosmetiktaschen mit Rei\u00dfverschluss, sind nicht von dem Verbot betroffen.   <\/p>\n<ol start=\"5\">\n<li><strong>PACKLISTE &amp; GEP\u00c4CKBESCHR\u00c4NKUNGEN  <\/strong><\/li>\n<\/ol>\n<p>Auf Fl\u00fcgen innerhalb Ostafrikas ist jeder Passagier auf ein maximales Gep\u00e4ckgewicht von 33 Pfund (15 Kilogramm) beschr\u00e4nkt. Dazu geh\u00f6rt neben dem regul\u00e4ren Gep\u00e4ck auch das Gewicht von Geldb\u00f6rsen und Kameraausr\u00fcstung. Die Gep\u00e4ckbeschr\u00e4nkungen werden sehr streng eingehalten und die Passagiere sollten ihre Koffer entsprechend packen. Weichgep\u00e4ck oder Sees\u00e4cke sind Hartgep\u00e4ck f\u00fcr die Aufbewahrung in Safarifahrzeugen und auch in Flugzeugen, die in ganz Ostafrika eingesetzt werden, dem Hartgep\u00e4ck vorzuziehen. Die Abmessungen sollten 23 Zoll (58 Zentimeter) lang x 13 Zoll (33 Zentimeter) hoch x 10 Zoll (25 Zentimeter) breit sein. Fl\u00fcge an Bord von Leichtflugzeugen innerhalb Ostafrikas sind m\u00f6glicherweise keine Direktfl\u00fcge. Es k\u00f6nnen mehrere Zwischenstopps eingelegt werden, um Passagiere auf den Landebahnen des Safari-Camps abzuladen.      <\/p>\n<ol start=\"6\">\n<li><strong>WAS ZU TRANSPORTIEREN<\/strong><\/li>\n<\/ol>\n<ul>\n<li>Helle Sommerkleidung f\u00fcr die Safari-Tour (kr\u00e4ftige Farben ziehen unerw\u00fcnschte Aufmerksamkeit durch Fliegen auf sich, die in bestimmten Bereichen des Parks gefunden werden)<\/li>\n<li>Umfangreichere Kleidung f\u00fcr den Abend im Hotel und in der Lodge wie lange Hosen und lang\u00e4rmelige Hemden, um Sie nach Sonnenuntergang vor M\u00fccken und bei Bedarf vor der Sonne zu sch\u00fctzen.<\/li>\n<li>Eine Jacke\/ Pullover, da es am fr\u00fchen Morgen und Abend k\u00fchl sein kann.<\/li>\n<li>Sommerschuhe (z. B. Sportschuhe und Baumwollsocken\/). Zu vermeiden, dass Sie nachts aufgrund von M\u00fccken barfu\u00df laufen und\/oder Ihre Beine nackt lassen. <\/li>\n<li>Netzteil mit 3-4 Steckdosen. Steckdosen vom Typ UK werden in ostafrikanischen L\u00e4ndern verwendet. <\/li>\n<li>Kleine Taschenlampe und zus\u00e4tzliche Batterien<\/li>\n<li>Hut, der vor hei\u00dfer Sonne sch\u00fctzt.<\/li>\n<li>Sonnencreme, Sonnenbrille und Lippenbalsam.<\/li>\n<li>Zus\u00e4tzliche Batterien f\u00fcr Kameras, Rekorder.<\/li>\n<li>Ein paar Kopien aller pers\u00f6nlichen Dokumente wie P\u00e4sse, Flugtickets, Reiseversicherungen, Visa, Impfausweise und internationale Debitkarten.<\/li>\n<li>Leichtes Fernglas.<\/li>\n<\/ul>\n<ol start=\"7\">\n<li><strong>REGISTRIEREN SIE IHRE FAHRT  <\/strong><\/li>\n<\/ol>\n<p>Stellen Sie sicher, dass Sie sich bei der n\u00e4chstgelegenen Botschaft oder dem n\u00e4chstgelegenen Konsulat f\u00fcr die Reiseziele anmelden, die in Ihrer Reise enthalten sind. US-B\u00fcrger k\u00f6nnen sich \u00fcber STEP, das Smart Traveler Enrollment Program (step.state.gov\/step), registrieren. Kanadische Staatsb\u00fcrger k\u00f6nnen sich bei der Registrierung von Kanadiern im Ausland unter Registrierung von Kanadiern im Ausland anmelden.  <\/p>\n<ol start=\"8\">\n<li><strong>UPDATE IMPFSTOFFE &amp; MEDIKAMENTE  <\/strong><\/li>\n<\/ol>\n<p>Erkundigen Sie sich bei den Centers for Disease Control and Prevention (cdc.gov\/travel) oder der Weltgesundheitsorganisation (who.int\/en) nach den neuesten Informationen zu den erforderlichen und empfohlenen Impfstoffen und dem Malariarisiko f\u00fcr Ihr Reiseziel. Sie sollten einige Monate vor der Abreise Ihren Arzt oder Ihre \u00f6rtliche Reiseklinik aufsuchen, um Zeit zu haben, damit die Impfungen wirken oder eventuelle Rezepte eingel\u00f6st werden k\u00f6nnen. Packen Sie Ihre Original-COVID-19- und andere Impfbescheinigungen sowie die erforderlichen Gesundheitsdokumente in Ihr pers\u00f6nliches Handgep\u00e4ck, falls Sie bei der Ankunft aufgefordert werden, sie vorzuzeigen.  <\/p>\n<ol start=\"9\">\n<li><strong>AUF GELD KOMMT ES AN  <\/strong><\/li>\n<\/ol>\n<p>Wir empfehlen, mit etwas Bargeld und mindestens zwei verschiedenen g\u00e4ngigen Kreditkarten wie Visa und Mastercard zu reisen, damit Sie ein Backup haben, falls Ihre Karte nicht akzeptiert wird oder verloren geht. Wenden Sie sich an Ihre Bank und Ihr Kreditkartenunternehmen, um ihnen mitzuteilen, wohin und wann Sie reisen werden, und um etwaige Geb\u00fchren f\u00fcr Auslandstransaktionen zu best\u00e4tigen. Wenn Sie Bargeld mit sich f\u00fchren, versuchen Sie, nur mit k\u00fcrzlich ausgegebenem Bargeld in kleineren St\u00fcckelungen zu reisen. Viele H\u00e4ndler in \u00dcbersee akzeptieren keine zerknitterten oder zerrissenen Scheine. Tauschen Sie Geld nur an autorisierten Verkaufsstellen wie Wechselstuben, Geldautomaten oder Hotels um und bewahren Sie Quittungen auf, da diese f\u00fcr den Ausgang erforderlich sein k\u00f6nnen.   <\/p>\n<ol start=\"10\">\n<li><strong>BLEIBEN SIE IN VERBINDUNG  <\/strong><\/li>\n<\/ol>\n<p>W\u00e4hrend die meisten Smartphones im Ausland funktionieren, m\u00fcssen Sie m\u00f6glicherweise den internationalen Roaming-Dienst aktivieren, bevor Sie reisen. Wenden Sie sich an Ihren Mobilfunkanbieter, um Informationen zur Abdeckung sowie zu den Sprach- und Datentarifoptionen bei Auslandsreisen zu erhalten. <\/p>\n<ol start=\"11\">\n<li><strong>ONLINE GEHEN  <\/strong><\/li>\n<\/ol>\n<p>Viele Hotels und \u00f6ffentliche Orte verf\u00fcgen \u00fcber WLAN, und Sie k\u00f6nnen in der Regel w\u00e4hrend Ihrer gesamten Reise in Verbindung bleiben, obwohl der Internetzugang an abgelegenen Reisezielen schlecht bis gar nicht vorhanden sein kann. Beachten Sie, dass einige L\u00e4nder den Zugriff auf Social-Media-Websites blockieren oder anderweitig Einschr\u00e4nkungen hinsichtlich der Inhalte auferlegen, die Sie online anzeigen oder senden k\u00f6nnen. <\/p>\n<ol start=\"12\">\n<li><strong>WETTER &amp; ZEITZONEN  <\/strong><\/li>\n<\/ol>\n<p>Viele Websites und Smartphone-Apps erm\u00f6glichen es Ihnen, die Vorhersage und die Zeitzonen f\u00fcr bestimmte Ziele zu \u00fcberpr\u00fcfen. Wir empfehlen weather.com und timeanddate.com\/worldclock. Bei der Ankunft passt sich die Uhrzeit auf den meisten Smartphones automatisch an die Ortszeit an.  <\/p>\n<ol start=\"13\">\n<li><strong>BLEIBEN SIE GESUND UNTERWEGS  <\/strong><\/li>\n<\/ol>\n<p>Tragen Sie Ihre Rezepte und rezeptfreien Medikamente in den Originalbeh\u00e4ltern in Ihrem Handgep\u00e4ck. Packen Sie ein einfaches Erste-Hilfe-Set zusammen mit Medikamenten gegen Reisekrankheit und leichte Magenverstimmungen. Verwenden Sie vorsichtshalber nur Wasser in Flaschen und vermeiden Sie Lebensmittel von Stra\u00dfenverk\u00e4ufern. Achten Sie darauf, auf Reisen sichere Gesundheitspraktiken einzuhalten. M\u00f6glicherweise m\u00fcssen Sie gem\u00e4\u00df den \u00f6rtlichen Vorschriften und Anforderungen des Dienstleisters eine Maske tragen. Spezifische Details zu Ihrer Reise sind in den Grundlegenden Informationen enthalten. Wenn Sie sich zu irgendeinem Zeitpunkt Ihrer Reise unwohl f\u00fchlen, informieren Sie bitte Ihren Reiseleiter. Alle Protokolle k\u00f6nnen sich \u00e4ndern.      <\/p>\n<ol start=\"14\">\n<li><strong>PACKEN F\u00dcR IHRE REISE  <\/strong><\/li>\n<\/ol>\n<p>Planen Sie, mit leichtem Gep\u00e4ck zu packen \u2013 viele Reisen von MUFASA TOURS AND TRAVELS beinhalten Inlandsfl\u00fcge, f\u00fcr die viel strengere Gewichtsbeschr\u00e4nkungen gelten als bei Ihrer internationalen Fluggesellschaft. Konsultieren Sie die Packliste und die Gep\u00e4ckbeschr\u00e4nkungen, die in den wesentlichen Informationen enthalten sind. Vergewissern Sie sich vor dem Packen auch \u00fcber die Gep\u00e4ckbeschr\u00e4nkungen bei Ihrer internationalen Fluggesellschaft. Die typische Kleidung auf Reisen von MUFASA TOURS AND TRAVELS ist tags\u00fcber entspannt und ungezwungen. W\u00e4hlen Sie bequeme, vielseitige Kleidung, die im Laufe des Tages in Schichten getragen werden kann, um den Wetter\u00e4nderungen Rechnung zu tragen. Smart Casual ist f\u00fcr den Abend geeignet. Stellen Sie sicher, dass Sie ein globales Reiseadapterset mitbringen, um Ihre elektronischen Ger\u00e4te in Ihrem Hotel oder an Bord des Schiffes aufzuladen.      <\/p>\n<ol start=\"15\">\n<li><strong>FL\u00dcGE  <\/strong><\/li>\n<\/ol>\n<p>Stellen Sie sicher, dass Sie Ihre internationalen Fl\u00fcge 24 Stunden vor Ihrem Abflug erneut best\u00e4tigen. Tickets f\u00fcr alle Inlandsfl\u00fcge, sofern sie in Ihrer Reiseroute enthalten sind, werden von MUFASA TOURS AND TRAVELS-Vertretern an Ihrem Zielort ausgestellt und Ihnen bei Bedarf vorgelegt. <\/p>\n<ol start=\"16\">\n<li><strong>BEWAHREN SIE WERTSACHEN SICHER AUF  <\/strong><\/li>\n<\/ol>\n<p>Wir empfehlen dringend, Wertsachen wie Schmuck zu Hause zu lassen, da MUFASA TOURS AND TRAVELS nicht daf\u00fcr verantwortlich sein kann. Verwenden Sie Safes, wo verf\u00fcgbar, um Ihre Wertsachen zu sichern, insbesondere P\u00e4sse, Geld, Schmuck, Elektronik und Medikamente. Der Ersatz eines verlorenen oder gestohlenen Reisepasses ist viel einfacher, wenn Sie eine Kopie zur Hand haben. Packen Sie eine Fotokopie der pers\u00f6nlichen Daten Ihres Reisepasses in Ihr Gep\u00e4ck und behalten Sie ein Foto davon auf Ihrem Smartphone.   <\/p>\n<ol start=\"17\">\n<li><strong>KOMMEN SIE ZU EINEM HERZLICHEN EMPFANG<\/strong><\/li>\n<\/ol>\n<p>Ihr lokaler Vertreter von MUFASA TOURS AND TRAVELS holt Sie bei Ihrer Ankunft am Flughafen ab. In Ihrer Reiseroute finden Sie weitere Anweisungen zur Ankunft. <\/p>\n<ol start=\"18\">\n<li><strong>INTELLIGENTES EINKAUFEN  <\/strong><\/li>\n<\/ol>\n<p>Wenn Sie sich f\u00fcr Shopping interessieren, kann Ihnen Ihr Reiseleiter von MUFASA TOURS AND TRAVELS lokale Gesch\u00e4fte empfehlen. MUFASA TOURS AND TRAVELS ist jedoch nicht verantwortlich f\u00fcr die Qualit\u00e4t oder den Wert der Waren. Alle Eink\u00e4ufe und der Versand liegen in Ihrem alleinigen Ermessen. Achten Sie darauf, Ihre Kreditkartenbelege zu \u00fcberpr\u00fcfen, bevor Sie unterschreiben, und achten Sie dabei besonders auf die W\u00e4hrungsumrechnung. Wir empfehlen, wenn immer m\u00f6glich, Artikel mitzunehmen, anstatt sie zu versenden. Wenden Sie sich an die \u00f6rtliche Zollbeh\u00f6rde (cbp.gov in den USA und travel.gc.ca in Kanada), um Informationen dar\u00fcber zu erhalten, was Sie zur\u00fcckbringen k\u00f6nnen und welche Zollgeb\u00fchren anfallen. Bewahren Sie Belege und Artikel zusammen auf.     <\/p>\n<ol start=\"19\">\n<li><strong>ETIKETTE F\u00dcR DIE FOTOGRAFIE  <\/strong><\/li>\n<\/ol>\n<p>Fragen Sie unbedingt um Erlaubnis, bevor Sie Fotos von Einheimischen, einschlie\u00dflich kleiner Kinder, machen. Hinweis: Das Fotografieren ist an einigen Orten nicht erlaubt, was in der Regel deutlich gekennzeichnet ist. Bitten Sie im Zweifelsfall Ihren Reiseleiter, um zu vermeiden, dass Ihre Kamera beschlagnahmt wird.  <\/p>\n<ol start=\"20\">\n<li><strong>TIPPS ZUM TRINKGELD  <\/strong><\/li>\n<\/ol>\n<p>Trinkgelder f\u00fcr MUFASA TOURS AND TRAVELS-Reisen variieren je nachdem, wohin und wie Sie reisen. Konsultieren Sie die Trinkgeldrichtlinien f\u00fcr Ihre Reise in den wesentlichen Informationen. [\/vc_column_text][\/vc_column][\/vc_row]\n","protected":false},"excerpt":{"rendered":"<p>[vc_row][vc_column][vc_headings style=&#8220;theme3&#8243; linewidth=&#8220;200&#8243; borderclr=&#8220;#890000&#8243; title=&#8220;Preparing to Travel&#8220; use_theme_fonts=&#8220;yes&#8220; titleclr=&#8220;#890000&#8243; caption_url=&#8220;&#8220; caption_urls=&#8220;&#8220; caption_urlss=&#8220;&#8220; caption_urldesc=&#8220;&#8220;][\/vc_headings][vc_empty_space][vc_column_text] REISEP\u00c4SSE \u2013 Um nach Ostafrika zu reisen, muss Ihr Reisepass noch mindestens sechs (6) Monate nach Beendigung Ihrer Reise g\u00fcltig sein und sollte mindestens vier (4) leere Visaseiten f\u00fcr Ein- und Ausreisestempel enthalten. &nbsp; VISUM\u2013 Da wir in ostafrikanischen L\u00e4ndern wie Kenia, [&hellip;]<\/p>\n","protected":false},"author":7,"featured_media":0,"parent":0,"menu_order":6,"comment_status":"closed","ping_status":"closed","template":"","meta":{"_themeisle_gutenberg_block_has_review":false,"footnotes":""},"class_list":["post-32211","page","type-page","status-publish","hentry"],"_links":{"self":[{"href":"https:\/\/mufasatoursandtravels.com\/de\/wp-json\/wp\/v2\/pages\/32211","targetHints":{"allow":["GET"]}}],"collection":[{"href":"https:\/\/mufasatoursandtravels.com\/de\/wp-json\/wp\/v2\/pages"}],"about":[{"href":"https:\/\/mufasatoursandtravels.com\/de\/wp-json\/wp\/v2\/types\/page"}],"author":[{"embeddable":true,"href":"https:\/\/mufasatoursandtravels.com\/de\/wp-json\/wp\/v2\/users\/7"}],"replies":[{"embeddable":true,"href":"https:\/\/mufasatoursandtravels.com\/de\/wp-json\/wp\/v2\/comments?post=32211"}],"version-history":[{"count":7,"href":"https:\/\/mufasatoursandtravels.com\/de\/wp-json\/wp\/v2\/pages\/32211\/revisions"}],"predecessor-version":[{"id":46541,"href":"https:\/\/mufasatoursandtravels.com\/de\/wp-json\/wp\/v2\/pages\/32211\/revisions\/46541"}],"wp:attachment":[{"href":"https:\/\/mufasatoursandtravels.com\/de\/wp-json\/wp\/v2\/media?parent=32211"}],"curies":[{"name":"wp","href":"https:\/\/api.w.org\/{rel}","templated":true}]}}