{"id":32235,"date":"2023-06-05T10:14:42","date_gmt":"2023-06-05T07:14:42","guid":{"rendered":"https:\/\/mufasatoursandtravels.com\/kenia-safari-mit-dem-auto\/safaris-fuer-lange-aufenthalte\/tembea-kenia-safari-paket\/"},"modified":"2025-04-10T15:57:34","modified_gmt":"2025-04-10T12:57:34","slug":"tembea-kenia-safari-paket","status":"publish","type":"page","link":"https:\/\/mufasatoursandtravels.com\/de\/kenia-safari-mit-dem-auto\/safaris-fuer-lange-aufenthalte\/tembea-kenia-safari-paket\/","title":{"rendered":"Tembea Kenia Safari-Paket"},"content":{"rendered":"[vc_row full_width=&#8220;stretch_row&#8220; gap=&#8220;1&#8243;][vc_column parallax=&#8220;content-moving&#8220; parallax_image=&#8220;11270&#8243; css=&#8220;.vc_custom_1687418546706{padding-top: 80px !important;padding-right: 80px !important;padding-bottom: 80px !important;padding-left: 80px !important;}&#8220;][vc_custom_heading text=&#8220;TEMBEA KENIA SAFARI&#8220; font_container=&#8220;tag:h1|font_size:32|text_align:center|color:%23ffffff&#8220; google_fonts=&#8220;font_family:Roboto%3A100%2C100italic%2C300%2C300italic%2Cregular%2Citalic%2C500%2C500italic%2C700%2C700italic%2C900%2C900italic|font_style:400%20regular%3A400%3Anormal&#8220;][vc_separator color=&#8220;custom&#8220; border_width=&#8220;2&#8243; el_width=&#8220;50&#8243; accent_color=&#8220;#f8f8f8&#8243;][vc_custom_heading text=&#8220;Aberdare \u21fe L. Nakuru \u21fe Masai Mara \u21fe L. Naivasha \u21fe Amboseli \u21fe Diani&#8220; font_container=&#8220;tag:h2|font_size:18|text_align:center|color:%23ffffff&#8220; google_fonts=&#8220;font_family:Roboto%3A100%2C100italic%2C300%2C300italic%2Cregular%2Citalic%2C500%2C500italic%2C700%2C700italic%2C900%2C900italic|font_style:400%20regular%3A400%3Anormal&#8220;][\/vc_column][\/vc_row][vc_row][vc_column css=&#8220;.vc_custom_1673438873315{border-top-width: 10px !important;border-right-width: 10px !important;border-bottom-width: 10px !important;border-left-width: 10px !important;}&#8220;][vc_tta_tabs shape=&#8220;square&#8220; color=&#8220;juicy-pink&#8220; alignment=&#8220;center&#8220; active_section=&#8220;1&#8243; no_fill_content_area=&#8220;true&#8220;][vc_tta_section title=&#8220;Programm&#8220; tab_id=&#8220;1633454673222-3d94f956-010c&#8220;][info_list_father listclr=&#8220;#f8f8f8&#8243;][info_list_son style=&#8220;icon&#8220; size=&#8220;10&#8243; width=&#8220;20&#8243; height=&#8220;20&#8243; titleclr=&#8220;#811a18&#8243; title=&#8220;DAY 1: Aberdare National Park&#8220; icon=&#8220;fas fa-dot-circle&#8220; iconclr=&#8220;#811a18&#8243; lineheight=&#8220;2&#8243;]\n<ul>\n<li>Depart Nairobi and head to Aberdare (approximately 3 hrs). Cruise through scenery, arriving in time for a stimulating buffet lunch at Aberdare Country Club.<\/li>\n<li>Check-in at the Arc Lodge Aberdare that overlooks scenic watering hole and enjoy game viewing of the beautiful park.<\/li>\n<li>Overnight stay at Aberdare.<\/li>\n<\/ul>\n[\/info_list_son][info_list_son style=&#8220;icon&#8220; size=&#8220;10&#8243; width=&#8220;20&#8243; height=&#8220;20&#8243; titleclr=&#8220;#811a18&#8243; icon=&#8220;fas fa-dot-circle&#8220; iconclr=&#8220;#811a18&#8243; title=&#8220;DAY 2: LAKE NAKURU NATIONAL PARK&#8220; lineheight=&#8220;2&#8243;]\n<ul>\n<li>Early Morning Breakfast at the Arc.<\/li>\n<li>Depart Aberdares for Lake Nakuru National Park (approx. 4-5 hours).<\/li>\n<li>Check-in at your lodge located near the lake.<\/li>\n<li>Embark on an afternoon game drive, known for its flamingo population.<\/li>\n<li>Afternoon Game drive at the Park till sunset.<\/li>\n<li>Dinner at the Lodge.<\/li>\n<li>Overnight stay at Lake Nakuru<\/li>\n<\/ul>\n[\/info_list_son][info_list_son style=&#8220;icon&#8220; size=&#8220;10&#8243; width=&#8220;20&#8243; height=&#8220;20&#8243; titleclr=&#8220;#811a18&#8243; icon=&#8220;fas fa-dot-circle&#8220; iconclr=&#8220;#811a18&#8243; title=&#8220;DAY 3: MASAI MARA GAME RESERVE&#8220; lineheight=&#8220;2&#8243;]\n<ul>\n<li>Early morning Breakfast at the Hotel.<\/li>\n<li>Depart Lake Nakuru for the world-famous Masai Mara.<\/li>\n<li>Arrive for lunch at your tented camp or lodge.<\/li>\n<li>Unwind and relax.<\/li>\n<li>Enjoy afternoon game drives to witness the incredible wildlife.<\/li>\n<li>Dinner at the Hotel.<\/li>\n<li>Retire for the Night.<\/li>\n<\/ul>\n[\/info_list_son][info_list_son style=&#8220;icon&#8220; size=&#8220;10&#8243; width=&#8220;20&#8243; height=&#8220;20&#8243; titleclr=&#8220;#811a18&#8243; icon=&#8220;fas fa-dot-circle&#8220; iconclr=&#8220;#811a18&#8243; title=&#8220;DAY 4: MASAI MARA GAME RESERVE&#8220; lineheight=&#8220;2&#8243;]\n<ul>\n<li>Enjoy an early breakfast at the Lodge\/Tented Camp<\/li>\n<li>Game Drive<\/li>\n<li>Immerse yourself in the Mara&#8217;s rich ecosystem and capture stunning photographs including of the Great Migration (season-dependent).<\/li>\n<li>Lunch Served as picnic in the Savannah<\/li>\n<li>Return to the Lodge\/Tented Camp<\/li>\n<li>Enjoy Dinner at the lodge and partake in activities at your leisure.<\/li>\n<\/ul>\n[\/info_list_son][info_list_son style=&#8220;icon&#8220; size=&#8220;10&#8243; width=&#8220;20&#8243; height=&#8220;20&#8243; titleclr=&#8220;#811a18&#8243; icon=&#8220;fas fa-dot-circle&#8220; iconclr=&#8220;#811a18&#8243; title=&#8220;DAY 5: LAKE NAIVASHA&#8220; lineheight=&#8220;2&#8243;]\n<ul>\n<li>Partake in an early morning Breakfast at the lodge.<\/li>\n<li>Depart Masai Mara and head to Lake Naivasha<\/li>\n<li>Check-in at your lakeside accommodation<\/li>\n<li>Enjoy Lunch at your Accommodation and relax and unwind.<\/li>\n<li>Take a boat ride on the lake and visit Crescent Island, known for its wildlife<\/li>\n<li>Return to your lodge for a scrumptious dinner and retire for the night.<\/li>\n<\/ul>\n[\/info_list_son][info_list_son style=&#8220;icon&#8220; size=&#8220;10&#8243; width=&#8220;20&#8243; height=&#8220;20&#8243; titleclr=&#8220;#811a18&#8243; icon=&#8220;fas fa-dot-circle&#8220; iconclr=&#8220;#811a18&#8243; title=&#8220;DAY 6: LAKE NAIVASHA&#8220; lineheight=&#8220;2&#8243;]\n<ul>\n<li>Early Moring Breakfast at the Lodge<\/li>\n<li>Explore Hells Gate National Park on a cycling or walking safari (at an extra cost)<\/li>\n<li>Optional activities include birdwatching, horseback riding, or a visit to Elsamere Conservation Centre (at an extra cost)<\/li>\n<li>Retire to the lodge for a delectable dinner and partake in activities of your choosing or retire for the night at your leisure.<\/li>\n<\/ul>\n[\/info_list_son][info_list_son style=&#8220;icon&#8220; size=&#8220;10&#8243; width=&#8220;20&#8243; height=&#8220;20&#8243; titleclr=&#8220;#811a18&#8243; icon=&#8220;fas fa-dot-circle&#8220; iconclr=&#8220;#811a18&#8243; title=&#8220;DAY 7: AMBOSELI NATIONAL PARK&#8220; lineheight=&#8220;2&#8243;]\n<ul>\n<li>Enjoy a hearty early morning breakfast.<\/li>\n<li>Depart Lake Naivasha for Amboseli National Park<\/li>\n<li>Check-in at your lodge with stunning views of Mount Kilimanjaro<\/li>\n<li>Relax and unwind at your leisure.<\/li>\n<li>Indulge in dinner at the lodge and retire for the night.<\/li>\n<\/ul>\n[\/info_list_son][info_list_son style=&#8220;icon&#8220; size=&#8220;10&#8243; width=&#8220;20&#8243; height=&#8220;20&#8243; titleclr=&#8220;#811a18&#8243; icon=&#8220;fas fa-dot-circle&#8220; iconclr=&#8220;#811a18&#8243; title=&#8220;DAY 8: AMBOSELI NATIONAL PARK&#8220; lineheight=&#8220;2&#8243;]\n<ul>\n<li>Enjoy a hearty early morning breakfast.<\/li>\n<li>Marvel at the majestic Mount Kilimanjaro and capture memorable photographs<\/li>\n<li>Embark upon a game drive to experience all the flora and fauna indigenous to that region.<\/li>\n<li>Lunch is served Picnic Style in the Bush.<\/li>\n<li>Continue of the scenic game drive taking in the scenery and making new memories.<\/li>\n<li>Retire to the Lodge for a delicious meal and to unwind at your leisure.<\/li>\n<li>Retire for the night.<\/li>\n<\/ul>\n[\/info_list_son][info_list_son style=&#8220;icon&#8220; size=&#8220;10&#8243; width=&#8220;20&#8243; height=&#8220;20&#8243; titleclr=&#8220;#811a18&#8243; icon=&#8220;fas fa-dot-circle&#8220; iconclr=&#8220;#811a18&#8243; title=&#8220;DAY 9:AMBOSELI NATIONAL PARK TO DIANI BEACH&#8220; lineheight=&#8220;2&#8243;]\n<ul>\n<li>Early morning breakfast at the lodge.<\/li>\n<li>Depart Amboseli for Emali Train Station for the 9 AM train.<\/li>\n<li>Board the train and head for Mombasa arriving at 2pm.<\/li>\n<li>Meet and Great team from Mufasa will receive you at the strain station and transfer you to the resort.<\/li>\n<li>Check-in at your resort and enjoy the beauty of the Indian Ocean<\/li>\n<li>Relax on the white sandy beaches, swim in turquoise waters, and indulge in water sports (at an extra cost.<\/li>\n<li>Unwind at your leisure<\/li>\n<li>Enjoy a sumptuous dinner and retire at your leisure.<\/li>\n<\/ul>\n[\/info_list_son][info_list_son style=&#8220;icon&#8220; size=&#8220;10&#8243; width=&#8220;20&#8243; height=&#8220;20&#8243; titleclr=&#8220;#811a18&#8243; icon=&#8220;fas fa-dot-circle&#8220; iconclr=&#8220;#811a18&#8243; title=&#8220;DAY 10 &amp; 11 : DIANI BEACH&#8220; lineheight=&#8220;2&#8243;]\n<ul>\n<li>Enjoy a filling morning breakfast at the resort.<\/li>\n<li>Relax on the white sandy beaches, swim in turquoise waters, and indulge in water sports (at an extra cost.<\/li>\n<li>Optional activities include snorkelling, scuba diving, or exploring nearby marine reserves (at an extra cost)<\/li>\n<li>Enjoy Lunch at your resort while indulging in marvellous seafood and coastal inspired dishes.<\/li>\n<li>Take time to unwind, soak up the sun, and enjoy the vibrant beach atmosphere.<\/li>\n<li>Partake in activities of your choosing at your leisure<\/li>\n<li>Enjoy a scrumptious dinner at the resort and retire to prepare for your upcoming Journey back.<\/li>\n<\/ul>\n[\/info_list_son][info_list_son style=&#8220;icon&#8220; size=&#8220;10&#8243; width=&#8220;20&#8243; height=&#8220;20&#8243; titleclr=&#8220;#811a18&#8243; icon=&#8220;fas fa-dot-circle&#8220; iconclr=&#8220;#811a18&#8243; title=&#8220;DAY 12 : DIANI BEACH TO NAIROBI&#8220; lineheight=&#8220;2&#8243;]\n<ul>\n<li>Enjoy a tasty breakfast at the resort.<\/li>\n<li>Check out from the resort where our hospitality team will be waiting to meet you and facilitate your transfer to Ukunda Airstrip.<\/li>\n<li>Departure and Transfer to the airport.<\/li>\n<\/ul>\n[\/info_list_son][\/info_list_father][vc_btn title=&#8220;Angebot anfordern&#8220; style=&#8220;outline-custom&#8220; outline_custom_color=&#8220;#890000&#8243; outline_custom_hover_background=&#8220;#890000&#8243; outline_custom_hover_text=&#8220;#ffffff&#8220; shape=&#8220;square&#8220; size=&#8220;sm&#8220; align=&#8220;center&#8220; i_align=&#8220;right&#8220; i_icon_fontawesome=&#8220;fas fa-angle-right&#8220; add_icon=&#8220;true&#8220; link=&#8220;url:https%3A%2F%2Fmufasatoursandtravels.com%2Fde%2Fangebot-anfordern%2F|title:Angebot%20anfordern|&#8220;][\/vc_tta_section][vc_tta_section title=&#8220;Inklusive\/Exklusiv&#8220; tab_id=&#8220;1633455601016-f93699bc-5d92&#8243;][vc_row_inner][vc_column_inner width=&#8220;1\/2&#8243;][info_list_father listclr=&#8220;#f8f8f8&#8243;][info_list_son style=&#8220;icon&#8220; size=&#8220;15&#8243; width=&#8220;20&#8243; height=&#8220;20&#8243; titleclr=&#8220;#890000&#8243; icon=&#8220;fas fa-plus-circle&#8220; iconclr=&#8220;#890000&#8243; title=&#8220;IINKLUSIVE&#8220; lineheight=&#8220;2&#8243; iconbg=&#8220;#f8f8f8&#8243;]\n<ul>\n<li>Parkgeb\u00fchren f\u00fcr den Park angegeben.<\/li>\n<li>Transport in einem Van mit offenem Dach.<\/li>\n<li>Service eines professionellen Fahrerf\u00fchrers.<\/li>\n<li>Mahlzeiten mit Vollpension in der Lodge\/ im Camp.<\/li>\n<li>9 \u00dcbernachtungen im jeweils angegebenen Hotel.<\/li>\n<li>Unbegrenzt Wasser im Fahrzeug.<\/li>\n<\/ul>\n<p>&nbsp;[\/info_list_son][\/info_list_father][\/vc_column_inner][vc_column_inner width=&#8220;1\/2&#8243;][info_list_father listclr=&#8220;#f8f8f8&#8243;][info_list_son style=&#8220;icon&#8220; size=&#8220;15&#8243; width=&#8220;20&#8243; height=&#8220;20&#8243; titleclr=&#8220;#890000&#8243; icon=&#8220;fas fa-minus-circle&#8220; iconclr=&#8220;#811a18&#8243; title=&#8220;AUSGESCHLOSSEN&#8220; lineheight=&#8220;2&#8243; iconbg=&#8220;#f8f8f8&#8243;]\n<ul>\n<li>Kultureller Besuch des Masai Village @ $ 20 pro Person.<\/li>\n<li>Tipps zum Fahrerf\u00fchrer (<strong>Sehr empfehlenswert<\/strong>).<\/li>\n<li>Pers\u00f6nliche Gegenst\u00e4nde (Souvenirs, Reiseversicherungen, Visageb\u00fchren usw.).<\/li>\n<li>Zus\u00e4tzliche Unterkunft vor und am Ende der Tour.<\/li>\n<li>Die Regierung verh\u00e4ngte eine Erh\u00f6hung der Steuern und\/oder Parkgeb\u00fchren.<\/li>\n<li>Hei\u00dfluftballonfahrten @ $ 505 pro Erwachsener \/ $ 380 pro Kind (<strong>unter 18 Jahren<\/strong>).<\/li>\n<\/ul>\n<p>&nbsp;[\/info_list_son][\/info_list_father][\/vc_column_inner][\/vc_row_inner][\/vc_tta_section][\/vc_tta_tabs][\/vc_column][\/vc_row][vc_row][vc_column el_id=&#8220;disclaimer&#8220;][vc_column_text]\n<p style=\"text-align: left;\"><strong>VERZICHTSERKL\u00c4RUNG.<\/strong><\/p>\n<ul>\n<li>Diese Tour wird von <a href=\"https:\/\/mufasatoursandtravels.com\/de\/\">Mufasa Tours and Travels<\/a> angeboten.<\/li>\n<li>Alle unsere Safaris finden auf privater Basis statt.<\/li>\n<li>Kinder zwischen 0 \u2013 2 Jahren sind kostenlos.<\/li>\n<li>Kinder von 3 \u2013 12 Jahren zahlen 50% des Erwachsenenpreises, wenn sie im selben Zimmer mit Erwachsenen \u00fcbernachten.<\/li>\n<li>Kinder von 3 \u2013 12 Jahren zahlen 75% des Erwachsenenpreises, wenn sie in einem separaten Zimmer von Erwachsenen \u00fcbernachten.<\/li>\n<li>Kinder \u00fcber 12 Jahre werden in den Camps und Lodges als Erwachsene anerkannt.<\/li>\n<li>Wir behalten uns das Recht vor, das Programm wie angek\u00fcndigt zu \u00e4ndern.<\/li>\n<li>Sollte eine Unterkunft ausgebucht sein, schlagen wir Ihnen vergleichbare Alternativm\u00f6glichkeiten vor.<\/li>\n<li>Die genaue Reihenfolge, der Inhalt und die Preise dieser Tour unterliegen der Verf\u00fcgbarkeit.<\/li>\n<li>Diese Tour unterliegt den <a href=\"https:\/\/mufasatoursandtravels.com\/terms-and-conditions\/\">Allgemeinen Gesch\u00e4ftsbedingungen<\/a> von <a href=\"https:\/\/mufasatoursandtravels.com\/de\/\">Mufasa Tours and Travels.<\/a><\/li>\n<\/ul>\n[\/vc_column_text][\/vc_column][\/vc_row]\n","protected":false},"excerpt":{"rendered":"<p>[vc_row full_width=&#8220;stretch_row&#8220; gap=&#8220;1&#8243;][vc_column parallax=&#8220;content-moving&#8220; parallax_image=&#8220;11270&#8243; css=&#8220;.vc_custom_1687418546706{padding-top: 80px !important;padding-right: 80px !important;padding-bottom: 80px !important;padding-left: 80px !important;}&#8220;][vc_custom_heading text=&#8220;TEMBEA KENIA SAFARI&#8220; font_container=&#8220;tag:h1|font_size:32|text_align:center|color:%23ffffff&#8220; google_fonts=&#8220;font_family:Roboto%3A100%2C100italic%2C300%2C300italic%2Cregular%2Citalic%2C500%2C500italic%2C700%2C700italic%2C900%2C900italic|font_style:400%20regular%3A400%3Anormal&#8220;][vc_separator color=&#8220;custom&#8220; border_width=&#8220;2&#8243; el_width=&#8220;50&#8243; accent_color=&#8220;#f8f8f8&#8243;][vc_custom_heading text=&#8220;Aberdare \u21fe L. Nakuru \u21fe Masai Mara \u21fe L. Naivasha \u21fe Amboseli \u21fe Diani&#8220; font_container=&#8220;tag:h2|font_size:18|text_align:center|color:%23ffffff&#8220; google_fonts=&#8220;font_family:Roboto%3A100%2C100italic%2C300%2C300italic%2Cregular%2Citalic%2C500%2C500italic%2C700%2C700italic%2C900%2C900italic|font_style:400%20regular%3A400%3Anormal&#8220;][\/vc_column][\/vc_row][vc_row][vc_column css=&#8220;.vc_custom_1673438873315{border-top-width: 10px !important;border-right-width: 10px !important;border-bottom-width: 10px !important;border-left-width: 10px !important;}&#8220;][vc_tta_tabs shape=&#8220;square&#8220; color=&#8220;juicy-pink&#8220; alignment=&#8220;center&#8220; active_section=&#8220;1&#8243; no_fill_content_area=&#8220;true&#8220;][vc_tta_section title=&#8220;Programm&#8220; tab_id=&#8220;1633454673222-3d94f956-010c&#8220;][info_list_father [&hellip;]<\/p>\n","protected":false},"author":1,"featured_media":0,"parent":27942,"menu_order":4,"comment_status":"closed","ping_status":"closed","template":"","meta":{"_themeisle_gutenberg_block_has_review":false,"footnotes":""},"class_list":["post-32235","page","type-page","status-publish","hentry"],"_links":{"self":[{"href":"https:\/\/mufasatoursandtravels.com\/de\/wp-json\/wp\/v2\/pages\/32235","targetHints":{"allow":["GET"]}}],"collection":[{"href":"https:\/\/mufasatoursandtravels.com\/de\/wp-json\/wp\/v2\/pages"}],"about":[{"href":"https:\/\/mufasatoursandtravels.com\/de\/wp-json\/wp\/v2\/types\/page"}],"author":[{"embeddable":true,"href":"https:\/\/mufasatoursandtravels.com\/de\/wp-json\/wp\/v2\/users\/1"}],"replies":[{"embeddable":true,"href":"https:\/\/mufasatoursandtravels.com\/de\/wp-json\/wp\/v2\/comments?post=32235"}],"version-history":[{"count":1,"href":"https:\/\/mufasatoursandtravels.com\/de\/wp-json\/wp\/v2\/pages\/32235\/revisions"}],"predecessor-version":[{"id":32237,"href":"https:\/\/mufasatoursandtravels.com\/de\/wp-json\/wp\/v2\/pages\/32235\/revisions\/32237"}],"up":[{"embeddable":true,"href":"https:\/\/mufasatoursandtravels.com\/de\/wp-json\/wp\/v2\/pages\/27942"}],"wp:attachment":[{"href":"https:\/\/mufasatoursandtravels.com\/de\/wp-json\/wp\/v2\/media?parent=32235"}],"curies":[{"name":"wp","href":"https:\/\/api.w.org\/{rel}","templated":true}]}}