{"id":32282,"date":"2023-03-04T17:44:45","date_gmt":"2023-03-04T14:44:45","guid":{"rendered":"https:\/\/mufasatoursandtravels.com\/flugziele\/bwindi-impenetrable-nationalpark\/"},"modified":"2025-04-10T16:00:00","modified_gmt":"2025-04-10T13:00:00","slug":"bwindi-impenetrable-nationalpark","status":"publish","type":"page","link":"https:\/\/mufasatoursandtravels.com\/de\/flugziele\/bwindi-impenetrable-nationalpark\/","title":{"rendered":"Bwindi Impenetrable Nationalpark"},"content":{"rendered":"[vc_row css=&#8220;.vc_custom_1687882484603{background: rgba(0,0,0,0.47) url(https:\/\/mufasatoursandtravels.com\/wp-content\/uploads\/2022\/05\/exDxHdJwZ.jpg?id=7471) !important;background-position: center !important;background-repeat: no-repeat !important;background-size: cover !important;*background-color: rgb(0,0,0) !important;}&#8220;][vc_column css=&#8220;.vc_custom_1687869367906{padding-top: 30px !important;padding-right: 50px !important;padding-bottom: 30px !important;padding-left: 50px !important;background-color: rgba(0,0,0,0.57) !important;*background-color: rgb(0,0,0) !important;}&#8220;][vc_custom_heading text=&#8220;Bwindi Impenetrable Nationalpark, Uganda&#8220; font_container=&#8220;tag:h1|font_size:28|text_align:center|color:%23ffffff&#8220; use_theme_fonts=&#8220;yes&#8220; el_class=&#8220;custom-opacity-text&#8220; css=&#8220;.vc_custom_1687882549512{margin-top: 30px !important;}&#8220;][vc_empty_space][vc_btn title=&#8220;Entdecken Sie mit uns&#8220; style=&#8220;outline&#8220; shape=&#8220;round&#8220; align=&#8220;center&#8220; link=&#8220;url:https%3A%2F%2Fmufasatoursandtravels.com%2Fde%2Fangebot-anfordern%2F|&#8220;][\/vc_column][\/vc_row][vc_row][vc_column][vc_tta_tabs shape=&#8220;square&#8220; color=&#8220;juicy-pink&#8220; alignment=&#8220;center&#8220; active_section=&#8220;1&#8243; no_fill_content_area=&#8220;true&#8220;][vc_tta_section title=&#8220;\u00dcber&#8220; tab_id=&#8220;1636302233132-39a30584-a642&#8243;][info_list_father][info_list_son style=&#8220;icon&#8220; size=&#8220;20&#8243; width=&#8220;25&#8243; height=&#8220;25&#8243; titleclr=&#8220;#800000&#8243; icon=&#8220;fas fa-question-circle&#8220; title=&#8220;Bwindi Impenetrable Nationalpark: ein unvergessliches Erlebnis&#8220;]\n<div>\n<div>Der Bwindi Impenetrable National Park ist ein bekanntes <a href=\"https:\/\/mufasatoursandtravels.com\/de\/flugziele\/\">Safari-Reiseziel<\/a> in <a href=\"https:\/\/mufasatoursandtravels.com\/de\/uganda-safari\/\">Uganda<\/a>, das f\u00fcr seinen dichten Wald und seine seltenen Berggorillas bekannt ist. Der Park befindet sich im S\u00fcdwesten Ugandas und erstreckt sich \u00fcber eine Fl\u00e4che von etwa 321 Quadratkilometern. Mit seinem einzigartigen \u00d6kosystem, der vielf\u00e4ltigen Tierwelt und der atemberaubenden Landschaft bietet der Bwindi Impenetrable Nationalpark Besuchern auf der ganzen Welt ein unvergessliches Erlebnis. Von Wanderungen durch dichte W\u00e4lder bis hin zur Begegnung mit einigen der am st\u00e4rksten gef\u00e4hrdeten Primaten der Welt bietet der Park ein fesselndes Erlebnis. Das zerkl\u00fcftete Gel\u00e4nde, die nebligen Berge und die reiche Tierwelt des Parks machen ihn zu einem idealen Reiseziel f\u00fcr Naturliebhaber und Abenteuerlustige. Egal, ob Sie auf der Suche nach einer aufregenden Gorilla-Trekking-Expedition oder einem friedlichen Spaziergang in der Natur sind, der <a href=\"https:\/\/mufasatoursandtravels.com\/uganda-safari\/3-day-gorilla-trekking\/\">Bwindi Impenetrable National Park<\/a> verspricht ein unvergessliches Safari-Erlebnis, das Ihnen f\u00fcr immer in Erinnerung bleiben wird.     <\/div>\n<\/div>\n<p>&nbsp;[\/info_list_son][info_list_son style=&#8220;icon&#8220; size=&#8220;20&#8243; width=&#8220;25&#8243; height=&#8220;25&#8243; titleclr=&#8220;#800000&#8243; icon=&#8220;fas fa-binoculars&#8220; title=&#8220;Bwindi Impenetrable Forest: Ein Weltkulturerbe&#8220;]\n<div>\n<div>Der Bwindi Impenetrable Forest ist ein UNESCO-Weltkulturerbe, in dem \u00fcber 400 Berggorillas leben, was ihn zu einem der wichtigsten Schutzgebiete Afrikas macht. Der Wald ist auch die Heimat von \u00fcber 120 S\u00e4ugetierarten, darunter Elefanten, Schimpansen und verschiedene Affenarten, sowie \u00fcber 350 Vogelarten. Besucher des Bwindi Impenetrable Forest k\u00f6nnen an gef\u00fchrten Naturwanderungen, Vogelbeobachtungstouren und Gorilla-Trekking-Expeditionen teilnehmen.  <\/div>\n<\/div>\n[\/info_list_son][info_list_son style=&#8220;icon&#8220; size=&#8220;20&#8243; width=&#8220;25&#8243; height=&#8220;25&#8243; titleclr=&#8220;#800000&#8243; icon=&#8220;fas fa-paw&#8220; title=&#8220;Bwindi Gorilla Trekking: ein einmaliges Erlebnis&#8220;]\n<div>\n<div><a href=\"https:\/\/mufasatoursandtravels.com\/?page_id=7670\">Das Bwindi Gorilla Trekking<\/a> ist eine der beliebtesten Aktivit\u00e4ten im Park, bei der die Besucher die vom Aussterben bedrohten Berggorillas hautnah erleben k\u00f6nnen. Die Wanderung beinhaltet eine Wanderung durch den dichten Wald, um die Gorillas in ihrem nat\u00fcrlichen Lebensraum aufzusp\u00fcren und zu beobachten. Das Erlebnis ist streng reguliert, um die Sicherheit und das Wohlbefinden der Gorillas und Besucher zu gew\u00e4hrleisten. Der Bwindi Impenetrable National Park ist einer der wenigen Orte, an denen Besucher dieses einmalige Erlebnis erleben k\u00f6nnen.   <\/div>\n<\/div>\n<div><\/div>\n<div>\n<p class=\"code-line\" dir=\"auto\" data-line=\"31\">Der Park ist in vier Sektoren unterteilt, von denen jeder seine eigenen Gorillafamilien und Trekkingrouten hat:<\/p>\n<p class=\"code-line\" dir=\"auto\" data-line=\"33\"><strong>Buhoma Sektor:<\/strong> Dies ist der belebteste Sektor des Parks und die Heimat einiger der beliebtesten Gorillafamilien. Die Gruppen Mubare, Habinyanja und Rushegura befinden sich alle in diesem Gebiet, und das Trekking hier kann aufgrund der steilen H\u00e4nge und der dichten Vegetation eine ziemliche Herausforderung sein. <\/p>\n<p class=\"code-line\" dir=\"auto\" data-line=\"35\"><strong>Ruhija-Sektor:<\/strong> Dieser Sektor befindet sich auf der Ostseite des Parks und ist weniger \u00fcberf\u00fcllt als der Buhoma-Sektor. Besucher k\u00f6nnen hier zu den Gorillafamilien Oruzogo, Bitukura und Kyaguliro wandern, die f\u00fcr ihre verspielte Natur und wundersch\u00f6ne Landschaft bekannt sind. <\/p>\n<p class=\"code-line\" dir=\"auto\" data-line=\"37\"><strong>Rushaga Sektor:<\/strong> Der Rushaga-Sektor befindet sich im s\u00fcdlichen Teil des Parks und ist die Heimat der gr\u00f6\u00dften Anzahl von Gorillafamilien. Besucher k\u00f6nnen zu den Gruppen Nshongi, Kahungye, Busingye und Mishaya wandern. <\/p>\n<p class=\"code-line\" dir=\"auto\" data-line=\"39\"><strong>Nkuringo-Sektor:<\/strong> Dieser Sektor befindet sich im s\u00fcdwestlichen Teil des Parks und bietet einige der spektakul\u00e4rsten Ausblicke auf den Park. Besucher k\u00f6nnen hier zu den Gorillafamilien Nkuringo und Bushaho wandern. <\/p>\n<\/div>\n<p>&nbsp;[\/info_list_son][info_list_son style=&#8220;icon&#8220; size=&#8220;20&#8243; width=&#8220;25&#8243; height=&#8220;25&#8243; titleclr=&#8220;#800000&#8243; icon=&#8220;fas fa-hotel&#8220; title=&#8220;Bwindi Safari Lodge: Ein luxuri\u00f6ser R\u00fcckzugsort&#8220;]Die Bwindi Safari Lodge ist ein luxuri\u00f6ser R\u00fcckzugsort im Herzen des Bwindi Impenetrable Nationalparks. Die Lodge bietet einen atemberaubenden Blick auf den Wald und ist der perfekte Ausgangspunkt f\u00fcr Besucher, die die Tierwelt und die nat\u00fcrliche Sch\u00f6nheit des Parks erkunden m\u00f6chten. Die Lodge verf\u00fcgt \u00fcber komfortable Unterk\u00fcnfte, ein Restaurant mit regionaler und internationaler K\u00fcche sowie eine Reihe von Aktivit\u00e4ten, darunter Gorilla-Trekking und gef\u00fchrte Naturwanderungen.  [\/info_list_son][info_list_son style=&#8220;icon&#8220; size=&#8220;20&#8243; width=&#8220;25&#8243; height=&#8220;25&#8243; titleclr=&#8220;#800000&#8243; icon=&#8220;fas fa-hotel&#8220; title=&#8220;Bwindi Gorilla Lodge: Ein intimes Gorilla-Erlebnis&#8220;]\n<p class=\"code-line\" dir=\"auto\" data-line=\"51\"><a href=\"https:\/\/www.mountaingorillalodge.com\/\" target=\"_blank\" rel=\"dofollow noopener\">Die Bwindi Gorilla Lodge<\/a> ist eine Boutique-Lodge, die ein intimes Gorilla-Erlebnis bietet. Die Lodge befindet sich in der N\u00e4he des Gorilla-Trekking-Ausgangspunkts des Parks, so dass Besucher den Lebensraum der Gorillas leicht erreichen k\u00f6nnen. Die Lodge verf\u00fcgt \u00fcber ger\u00e4umige und komfortable Unterk\u00fcnfte, ein Restaurant mit regionaler und internationaler K\u00fcche sowie eine Reihe von Aktivit\u00e4ten, darunter gef\u00fchrte Naturwanderungen und kulturelle Besuche in den nahe gelegenen Gemeinden.  <\/p>\n<p>&nbsp;[\/info_list_son][info_list_son style=&#8220;icon&#8220; size=&#8220;20&#8243; width=&#8220;25&#8243; height=&#8220;25&#8243; titleclr=&#8220;#800000&#8243; icon=&#8220;fas fa-bath&#8220; title=&#8220;Unterk\u00fcnfte im Bwindi Nationalpark&#8220;]Der Bwindi Impenetrable National Park bietet einzigartige Unterkunftsm\u00f6glichkeiten, die es Besuchern erm\u00f6glichen, im Herzen des Waldes zu \u00fcbernachten. Die Bwindi Safari Lodge und die Bwindi Gorilla Lodge sind zwei Beispiele f\u00fcr umweltfreundliche Lodges, die einen komfortablen und nachhaltigen Aufenthalt bieten und es den G\u00e4sten erm\u00f6glichen, in die nat\u00fcrliche Sch\u00f6nheit des Parks einzutauchen. Der Aufenthalt in diesen Lodges erm\u00f6glicht es den Besuchern auch, die Tierwelt des Parks aus n\u00e4chster N\u00e4he zu erleben, da die Tiere oft in der N\u00e4he der Lodges umherstreifen.  [\/info_list_son][info_list_son style=&#8220;icon&#8220; size=&#8220;20&#8243; width=&#8220;25&#8243; height=&#8220;25&#8243; titleclr=&#8220;#800000&#8243; icon=&#8220;fas fa-blind&#8220; title=&#8220;Aktivit\u00e4ten im Bwindi-Nationalpark&#8220;]<strong>Gorilla Trekking:<\/strong> Gorilla-Trekking ist die Hauptattraktion des Bwindi Impenetrable Nationalparks. Besucher k\u00f6nnen an gef\u00fchrten Wanderungen teilnehmen, um die gef\u00e4hrdeten Berggorillas in ihrem nat\u00fcrlichen Lebensraum aufzusp\u00fcren und zu beobachten. Gorilla-Trekking ist ein einmaliges Erlebnis, das es Ihnen erm\u00f6glicht, diese unglaublichen Tiere aus n\u00e4chster N\u00e4he zu erleben.  <\/p>\n<p><strong>Spazierg\u00e4nge in der Natur:<\/strong> Gef\u00fchrte Wanderungen in der Natur sind eine gro\u00dfartige M\u00f6glichkeit, den dichten Wald des Parks zu erkunden und die vielf\u00e4ltige Tierwelt zu beobachten. Den Besuchern stehen verschiedene Wanderwege zur Auswahl, die jeweils ein einzigartiges Erlebnis bieten. Die Wanderungen werden von erfahrenen F\u00fchrern geleitet, die Ihnen helfen, verschiedene Tier- und Vogelarten zu beobachten und Ihnen etwas \u00fcber das \u00d6kosystem des Parks beizubringen.  <\/p>\n<p><strong>Vogelbeobachtung:<\/strong> Der Bwindi Impenetrable National Park ist die Heimat von \u00fcber 350 Vogelarten und damit ein Paradies f\u00fcr Vogelbeobachter. Besucher k\u00f6nnen an gef\u00fchrten Vogelbeobachtungstouren teilnehmen, um verschiedene Vogelarten zu beobachten, darunter den afrikanischen gr\u00fcnen Breitschnabel, den schwarzen Bienenfresser und den gelb\u00e4ugigen schwarzen Fliegenschn\u00e4pper. <\/p>\n<p><strong>Kulturelle Touren:<\/strong> Besucher des Parks k\u00f6nnen auch an kulturellen Touren in die umliegenden Gemeinden teilnehmen, um mehr \u00fcber die lokale Kultur und Lebensweise zu erfahren. Sie k\u00f6nnen traditionelle Geh\u00f6fte besuchen, Einheimische treffen und an kulturellen Aktivit\u00e4ten wie Tanz und Musik teilnehmen. <\/p>\n<p><strong>Pirschfahrten:<\/strong> W\u00e4hrend der Park in erster Linie f\u00fcr seine Gorillas bekannt ist, ist er auch die Heimat verschiedener anderer Wildtierarten, darunter Elefanten, Schimpansen und Affenarten. Besucher k\u00f6nnen Pirschfahrten unternehmen, um diese Tiere in ihrem nat\u00fcrlichen Lebensraum zu sehen. <\/p>\n<p><strong>Batwa Trail:<\/strong> Der Batwa Trail ist ein einzigartiges kulturelles Erlebnis, das es den Besuchern erm\u00f6glicht, die traditionelle Lebensweise des Batwa-Volkes, der urspr\u00fcnglichen Bewohner des Waldes, kennenzulernen. Der Weg beinhaltet Besuche in Batwa-Gemeinden, kulturelle Darbietungen und das Kennenlernen traditioneller Jagd- und Sammlermethoden. <\/p>\n<p>Der Bwindi Impenetrable National Park ist ein Muss f\u00fcr jeden, der die Sch\u00f6nheit der ugandischen Tierwelt und Naturlandschaften erleben m\u00f6chte. Von Gorilla-Trekking bis hin zu gef\u00fchrten Naturwanderungen k\u00f6nnen Besucher verschiedene Aktivit\u00e4ten genie\u00dfen, die einen Einblick in das einzigartige \u00d6kosystem und die vielf\u00e4ltige Tierwelt des Parks bieten. Egal, ob Sie in der Bwindi Safari Lodge oder der Bwindi Gorilla Lodge \u00fcbernachten, Ihnen ist ein luxuri\u00f6ses und unvergessliches Erlebnis garantiert, das Sie in den kommenden Jahren in Erinnerung behalten werden.  [\/info_list_son][\/info_list_father][\/vc_tta_section][vc_tta_section title=&#8220;Anfahrt&#8220; tab_id=&#8220;1633455601016-f93699bc-5d92&#8243;][vc_gmaps link=&#8220;#E-8_JTNDaWZyYW1lJTIwc3JjJTNEJTIyaHR0cHMlM0ElMkYlMkZtYXBzLmdvb2dsZS5jb20lMkZtYXBzJTNGcSUzRG1hc2FpJTI1MjBtYXJhJTI1MjBuYXRpb25hbCUyNTIwcmVzZXJ2ZSUyNmFtcCUzQnQlM0RrJTI2YW1wJTNCeiUzRDExJTI2YW1wJTNCaWUlM0RVVEY4JTI2YW1wJTNCaXdsb2MlM0QlMjZhbXAlM0JvdXRwdXQlM0RlbWJlZCUyMiUyMHdpZHRoJTNEJTIyNjAwJTIyJTIwaGVpZ2h0JTNEJTIyNDUwJTIyJTIwZnJhbWVib3JkZXIlM0QlMjIwJTIyJTIwc3R5bGUlM0QlMjJib3JkZXIlM0EwJTIyJTIwYWxsb3dmdWxsc2NyZWVuJTNEJTIyJTIyJTNFJTNDJTJGaWZyYW1lJTNF&#8220;][\/vc_tta_section][\/vc_tta_tabs][\/vc_column][\/vc_row][vc_row][vc_column][vc_empty_space][vc_custom_heading text=&#8220;Bwindi Impenetrable Nationalpark H\u00e4ufig gestellte Fragen&#8220; use_theme_fonts=&#8220;yes&#8220;][vc_empty_space][\/vc_column][\/vc_row][vc_row][vc_column][vc_toggle title=&#8220;Wo befindet sich der Bwindi Impenetrable Nationalpark?&#8220; style=&#8220;square&#8220;]Der Bwindi Impenetrable Nationalpark liegt im S\u00fcdwesten Ugandas, nahe der Grenze zu Ruanda und der Demokratischen Republik Kongo. Er erstreckt sich \u00fcber eine Fl\u00e4che von etwa 331 Quadratkilometern.[\/vc_toggle][vc_toggle title=&#8220;Wof\u00fcr ist der Bwindi Impenetrable Nationalpark bekannt?&#8220; style=&#8220;square&#8220;]Der Bwindi Impenetrable Nationalpark ist bekannt f\u00fcr seine Population an gef\u00e4hrdeten Berggorillas. Es ist einer der wenigen Orte, an denen Besucher <a href=\"https:\/\/mufasatoursandtravels.com\/uganda-safari\/4-days-primate-tracking-safari\/\">Gorilla-Trekking<\/a>unternehmen und diese unglaublichen Kreaturen aus n\u00e4chster N\u00e4he erleben k\u00f6nnen. Der Park ist auch ber\u00fchmt f\u00fcr seinen dichten und unber\u00fchrten Bwindi Impenetrable Forest, der eine gro\u00dfe Vielfalt an Flora und Fauna beherbergt.[\/vc_toggle][vc_toggle title=&#8220;Welche andere Tierwelt kann man im Bwindi Impenetrable Nationalpark finden?&#8220; style=&#8220;square&#8220;]Neben den Berggorillas beherbergt der Bwindi Impenetrable National Park eine reiche Vielfalt an Wildtieren. Besucher k\u00f6nnen anderen Primaten wie Schimpansen, Stummelaffen und Pavianen begegnen. Der Park beherbergt auch \u00fcber 350 Vogelarten, darunter zahlreiche endemische Arten des Albertinischen Grabenbruchs. Sie k\u00f6nnen auch andere S\u00e4ugetiere wie Waldelefanten, B\u00fcffel und verschiedene Antilopenarten beobachten.[\/vc_toggle][vc_toggle title=&#8220;Was ist die beste Zeit, um den Bwindi Impenetrable National Park zu besuchen?&#8220; style=&#8220;square&#8220;]Der Bwindi Impenetrable National Park kann das ganze Jahr \u00fcber besucht werden, aber die Trockenzeit von Juni bis August und Dezember bis Februar gilt im Allgemeinen als die beste Zeit. In diesen Zeiten sind die Wege weniger schlammig und das Wetter ist g\u00fcnstiger f\u00fcr das Trekking.[\/vc_toggle][vc_toggle title=&#8220;Gibt es Unterk\u00fcnfte in Bwindi Impenetrable Nationalpark?&#8220; style=&#8220;square&#8220;]Ja, es gibt mehrere Unterk\u00fcnfte in und um den Bwindi Impenetrable National Park, f\u00fcr unterschiedliche Budgets und Vorlieben. Die Bwindi Safari Lodge und die Bwindi Gorilla Lodge sind beliebte Optionen und bieten komfortable Zimmer und einen atemberaubenden Blick auf den Wald. Es ist ratsam, Ihre Unterk\u00fcnfte im Voraus zu buchen, insbesondere w\u00e4hrend der Hauptsaison f\u00fcr Gorilla-Trekking.[\/vc_toggle][\/vc_column][\/vc_row]\n","protected":false},"excerpt":{"rendered":"<p>[vc_row css=&#8220;.vc_custom_1687882484603{background: rgba(0,0,0,0.47) url(https:\/\/mufasatoursandtravels.com\/wp-content\/uploads\/2022\/05\/exDxHdJwZ.jpg?id=7471) !important;background-position: center !important;background-repeat: no-repeat !important;background-size: cover !important;*background-color: rgb(0,0,0) !important;}&#8220;][vc_column css=&#8220;.vc_custom_1687869367906{padding-top: 30px !important;padding-right: 50px !important;padding-bottom: 30px !important;padding-left: 50px !important;background-color: rgba(0,0,0,0.57) !important;*background-color: rgb(0,0,0) !important;}&#8220;][vc_custom_heading text=&#8220;Bwindi Impenetrable Nationalpark, Uganda&#8220; font_container=&#8220;tag:h1|font_size:28|text_align:center|color:%23ffffff&#8220; use_theme_fonts=&#8220;yes&#8220; el_class=&#8220;custom-opacity-text&#8220; css=&#8220;.vc_custom_1687882549512{margin-top: 30px !important;}&#8220;][vc_empty_space][vc_btn title=&#8220;Entdecken Sie mit uns&#8220; style=&#8220;outline&#8220; shape=&#8220;round&#8220; align=&#8220;center&#8220; link=&#8220;url:https%3A%2F%2Fmufasatoursandtravels.com%2Fde%2Fangebot-anfordern%2F|&#8220;][\/vc_column][\/vc_row][vc_row][vc_column][vc_tta_tabs shape=&#8220;square&#8220; color=&#8220;juicy-pink&#8220; alignment=&#8220;center&#8220; active_section=&#8220;1&#8243; no_fill_content_area=&#8220;true&#8220;][vc_tta_section title=&#8220;\u00dcber&#8220; tab_id=&#8220;1636302233132-39a30584-a642&#8243;][info_list_father][info_list_son style=&#8220;icon&#8220; size=&#8220;20&#8243; width=&#8220;25&#8243; height=&#8220;25&#8243; [&hellip;]<\/p>\n","protected":false},"author":7,"featured_media":0,"parent":27929,"menu_order":14,"comment_status":"closed","ping_status":"closed","template":"","meta":{"_themeisle_gutenberg_block_has_review":false,"footnotes":""},"class_list":["post-32282","page","type-page","status-publish","hentry"],"_links":{"self":[{"href":"https:\/\/mufasatoursandtravels.com\/de\/wp-json\/wp\/v2\/pages\/32282","targetHints":{"allow":["GET"]}}],"collection":[{"href":"https:\/\/mufasatoursandtravels.com\/de\/wp-json\/wp\/v2\/pages"}],"about":[{"href":"https:\/\/mufasatoursandtravels.com\/de\/wp-json\/wp\/v2\/types\/page"}],"author":[{"embeddable":true,"href":"https:\/\/mufasatoursandtravels.com\/de\/wp-json\/wp\/v2\/users\/7"}],"replies":[{"embeddable":true,"href":"https:\/\/mufasatoursandtravels.com\/de\/wp-json\/wp\/v2\/comments?post=32282"}],"version-history":[{"count":1,"href":"https:\/\/mufasatoursandtravels.com\/de\/wp-json\/wp\/v2\/pages\/32282\/revisions"}],"predecessor-version":[{"id":32285,"href":"https:\/\/mufasatoursandtravels.com\/de\/wp-json\/wp\/v2\/pages\/32282\/revisions\/32285"}],"up":[{"embeddable":true,"href":"https:\/\/mufasatoursandtravels.com\/de\/wp-json\/wp\/v2\/pages\/27929"}],"wp:attachment":[{"href":"https:\/\/mufasatoursandtravels.com\/de\/wp-json\/wp\/v2\/media?parent=32282"}],"curies":[{"name":"wp","href":"https:\/\/api.w.org\/{rel}","templated":true}]}}