{"id":32360,"date":"2023-03-21T15:00:42","date_gmt":"2023-03-21T12:00:42","guid":{"rendered":"https:\/\/mufasatoursandtravels.com\/zahlungsbedingungen\/"},"modified":"2026-03-06T18:49:17","modified_gmt":"2026-03-06T15:49:17","slug":"zahlungsbedingungen","status":"publish","type":"page","link":"https:\/\/mufasatoursandtravels.com\/de\/zahlungsbedingungen\/","title":{"rendered":"Zahlungsbedingungen"},"content":{"rendered":"[vc_row][vc_column][vc_column_text]\n<h1 style=\"text-align: center;\"><strong>Zahlungsbedingungen<\/strong><\/h1>\n<p>Um Ihre Reiseplanung zu sichern, ist eine Anzahlung zum Zeitpunkt der Buchung erforderlich, wobei der verbleibende Betrag gem\u00e4\u00df den unten aufgef\u00fchrten destinationsspezifischen Zeitpl\u00e4nen f\u00e4llig ist.<br \/>F\u00fcr Buchungen, die weniger als <b data-path-to-node=\"4\" data-index-in-node=\"206\">7 Tage<\/b> vor der Tour vorgenommen werden, ist die vollst\u00e4ndige Zahlung sofort erforderlich.<\/p>\n<h3 data-path-to-node=\"5\"><b data-path-to-node=\"5\" data-index-in-node=\"0\">Einzahlungs- und Gutstandsplan<\/b><\/h3>\n<ul data-path-to-node=\"6\">\n<li>\n<p data-path-to-node=\"6,0,0\"><strong>Nur Kenia:<\/strong> 30 % Anzahlung; Der Restbetrag ist <b data-path-to-node=\"6,0,0\" data-index-in-node=\"37\">3\u20137 Tage<\/b> vor der Reise f\u00e4llig.<\/p>\n<\/li>\n<li>\n<p data-path-to-node=\"6,1,0\"><strong>Kenya &amp; Tanzania Safari:<\/strong> 30 % Anzahlung; der Restbetrag ist <b data-path-to-node=\"6,1,0\" data-index-in-node=\"50\">7\u201314 Tage<\/b> vor der Reise f\u00e4llig.<\/p>\n<\/li>\n<li>\n<p data-path-to-node=\"6,2,0\"><strong>Kenia, Tansania &amp; Sansibar:<\/strong> 30 % Einzahlung; der Restbetrag ist <b data-path-to-node=\"6,2,0\" data-index-in-node=\"53\">7\u201314 Tage<\/b> vor der Reise f\u00e4llig.<\/p>\n<\/li>\n<li>\n<p data-path-to-node=\"6,3,0\"><strong>Kenya &amp; Uganda Safari<\/strong>: 50 % Anzahlung; Der Saldo f\u00e4llt <b data-path-to-node=\"6,3,0\" data-index-in-node=\"48\">14 Tage<\/b> vor der Reise.<\/p>\n<\/li>\n<li>\n<p data-path-to-node=\"6,4,0\"><strong>Kenia, Tansania &amp; Uganda:<\/strong> 50 % Einzahlung; Restbetrag <b data-path-to-node=\"6,4,0\" data-index-in-node=\"51\">14\u201321 Tage<\/b> vor der Reise.<\/p>\n<\/li>\n<li><strong>Uganda &amp; Ruanda: <\/strong>50 % Einzahlung; Der Restbetrag ist <strong>7-14 Tage <\/strong>vor der Reise f\u00e4llig.<\/li>\n<\/ul>\n<h3 data-path-to-node=\"7\"><strong>Versp\u00e4tete Zahlungen und Stornierungen<\/strong><b data-path-to-node=\"7\" data-index-in-node=\"0\"><br \/><\/b><\/h3>\n<p>Wenn Sie nicht p\u00fcnktlich gem\u00e4\u00df den oben genannten Zeitpl\u00e4nen zahlen, kann dies zur automatischen Stornierung Ihrer Buchung f\u00fchren.<\/p>\n<h3>Zahlungsmethoden<\/h3>\n<p>Mufasa Tours and Travel Agency akzeptiert verschiedene Zahlungsarten, einschlie\u00dflich, aber nicht beschr\u00e4nkt auf<\/p>\n<ul>\n<li>Kreditkarte (Master Card, Visa Card, Union Pay,)<\/li>\n<li>Debitkarte (Master Card, Visa Card, Union Pay,)<\/li>\n<li>Bank\u00fcberweisung<\/li>\n<li>Mobiler Geldtransfer (M-Pesa)<\/li>\n<\/ul>\n<p>Alle Zahlungen unterliegen den Allgemeinen Gesch\u00e4ftsbedingungen der jeweiligen Zahlungsmethode.<\/p>\n<p>Bitte beachten Sie, dass wir keine Barzahlungen in USD-Banknoten aus den Jahren 1996 bis 2006 akzeptieren.<\/p>\n<p>Mufasa Tours and Travel beh\u00e4lt sich das Recht vor, jede Form der Zahlung nach eigenem Ermessen abzulehnen.<\/p>\n<p>\u00c4nderungen, Stornierungen und R\u00fcckerstattungen von Touren werden gem\u00e4\u00df unseren <a href=\"https:\/\/mufasatoursandtravels.com\/de\/aenderungs-stornierungs-und-rueckerstattungsrichtlinie\/\">Richtlinien f\u00fcr \u00c4nderungen, Stornierungen und R\u00fcckerstattungen<\/a> bearbeitet.<\/p>\n<p>Wenn Sie Fragen oder Bedenken bez\u00fcglich unserer Zahlungsrichtlinie haben, kontaktieren Sie uns bitte unter <a href=\"mailto:info@mufasatoursandtravels.com\">info@mufasatoursandtravels.com<\/a>[\/vc_column_text][\/vc_column][\/vc_row]\n","protected":false},"excerpt":{"rendered":"<p>[vc_row][vc_column][vc_column_text] Zahlungsbedingungen Um Ihre Reiseplanung zu sichern, ist eine Anzahlung zum Zeitpunkt der Buchung erforderlich, wobei der verbleibende Betrag gem\u00e4\u00df den unten aufgef\u00fchrten destinationsspezifischen Zeitpl\u00e4nen f\u00e4llig ist.F\u00fcr Buchungen, die weniger als 7 Tage vor der Tour vorgenommen werden, ist die vollst\u00e4ndige Zahlung sofort erforderlich. Einzahlungs- und Gutstandsplan Nur Kenia: 30 % Anzahlung; Der Restbetrag ist [&hellip;]<\/p>\n","protected":false},"author":7,"featured_media":0,"parent":0,"menu_order":45,"comment_status":"closed","ping_status":"closed","template":"","meta":{"_themeisle_gutenberg_block_has_review":false,"footnotes":""},"class_list":["post-32360","page","type-page","status-publish","hentry"],"_links":{"self":[{"href":"https:\/\/mufasatoursandtravels.com\/de\/wp-json\/wp\/v2\/pages\/32360","targetHints":{"allow":["GET"]}}],"collection":[{"href":"https:\/\/mufasatoursandtravels.com\/de\/wp-json\/wp\/v2\/pages"}],"about":[{"href":"https:\/\/mufasatoursandtravels.com\/de\/wp-json\/wp\/v2\/types\/page"}],"author":[{"embeddable":true,"href":"https:\/\/mufasatoursandtravels.com\/de\/wp-json\/wp\/v2\/users\/7"}],"replies":[{"embeddable":true,"href":"https:\/\/mufasatoursandtravels.com\/de\/wp-json\/wp\/v2\/comments?post=32360"}],"version-history":[{"count":22,"href":"https:\/\/mufasatoursandtravels.com\/de\/wp-json\/wp\/v2\/pages\/32360\/revisions"}],"predecessor-version":[{"id":46637,"href":"https:\/\/mufasatoursandtravels.com\/de\/wp-json\/wp\/v2\/pages\/32360\/revisions\/46637"}],"wp:attachment":[{"href":"https:\/\/mufasatoursandtravels.com\/de\/wp-json\/wp\/v2\/media?parent=32360"}],"curies":[{"name":"wp","href":"https:\/\/api.w.org\/{rel}","templated":true}]}}