{"id":32420,"date":"2023-02-28T11:10:42","date_gmt":"2023-02-28T08:10:42","guid":{"rendered":"https:\/\/mufasatoursandtravels.com\/fehler-404\/"},"modified":"2026-03-06T18:47:51","modified_gmt":"2026-03-06T15:47:51","slug":"fehler-404","status":"publish","type":"page","link":"https:\/\/mufasatoursandtravels.com\/de\/fehler-404\/","title":{"rendered":"Fehler 404"},"content":{"rendered":"[vc_row css=&#8220;.vc_custom_1677579459114{margin-top: 20px !important;margin-bottom: 20px !important;}&#8220;][vc_column width=&#8220;1\/2&#8243;][vc_column_text]\n<h2 style=\"text-align: center; font-size: 72px; color: #811a18;\">404<\/h2>\n<h2 style=\"text-align: center;\">SEITE NICHT GEFUNDEN<\/h2>\n[\/vc_column_text][\/vc_column][vc_column width=&#8220;1\/2&#8243;][vc_column_text]\n<h2>Hoppla, du bist mitten im Nirgendwo.<\/h2>\n<p><strong>Keine Sorge. Wahrscheinlich sind Sie irgendwo falsch abgebogen. <\/strong><\/p>\n<ul>\n<li>Wenn Sie die Adresse eingegeben haben, \u00fcberpr\u00fcfen Sie die Rechtschreibung. K\u00f6nnte nur ein Tippfehler sein. <\/li>\n<li>Wenn Sie einem Link gefolgt sind, ist er wahrscheinlich defekt. Bitte <a href=\"https:\/\/mufasatoursandtravels.com\/contact\/\">kontaktieren Sie uns<\/a> und wir werden das Problem beheben. <\/li>\n<li>Wenn Sie sich nicht sicher sind, wonach Sie suchen, gehen Sie zur\u00fcck zur <a href=\"https:\/\/mufasatoursandtravels.com\/de\/\">Startseite<\/a>.<\/li>\n<\/ul>\n[\/vc_column_text][\/vc_column][\/vc_row][vc_row][vc_column][vc_custom_heading text=&#8220;Top-Reiseziele&#8220; font_container=&#8220;tag:h2|text_align:left|color:%23811a18&#8243; use_theme_fonts=&#8220;yes&#8220;][\/vc_column][vc_column width=&#8220;1\/3&#8243;][wdo_ult_banner ult_banner_image=&#8220;9029&#8243; ult_banner_link=&#8220;https:\/\/mufasatoursandtravels.com\/kenya-safari-by-road\/&#8220;]\n<p style=\"text-align: center;\"><span style=\"font-size: 24pt;\"><strong>KENIA ROAD SAFARIS<\/strong><\/span><\/p>\n<p style=\"text-align: center;\"><span style=\"font-size: 14pt;\">(PRIVATE SAFARIS)<\/span><\/p>\n[\/wdo_ult_banner][\/vc_column][vc_column width=&#8220;1\/3&#8243;][wdo_ult_banner ult_banner_image=&#8220;9028&#8243; ult_banner_link=&#8220;https:\/\/mufasatoursandtravels.com\/kenya-flying-safaris-2\/&#8220;]\n<p style=\"text-align: center;\"><span style=\"font-size: 24pt;\"><strong>KENIA LUXUS-SAFARIS<\/strong><\/span><\/p>\n<p style=\"text-align: center;\"><span style=\"font-size: 14pt;\">(PRIVATE SAFARIS)<\/span><\/p>\n[\/wdo_ult_banner][\/vc_column][vc_column width=&#8220;1\/3&#8243;][wdo_ult_banner ult_banner_image=&#8220;9030&#8243; ult_banner_link=&#8220;https:\/\/mufasatoursandtravels.com\/kenya-tanzania-zanzibar-safaris\/&#8220;]\n<p style=\"text-align: center;\"><span style=\"font-size: 24pt;\"><strong>KENIA &#8211; TANSANIA SAFARIS<\/strong><\/span><\/p>\n<p style=\"text-align: center;\"><span style=\"font-size: 14pt;\">(PRIVATE SAFARIS)<\/span><\/p>\n<p>&nbsp;<\/p>\n[\/wdo_ult_banner][\/vc_column][\/vc_row][vc_row css=&#8220;.vc_custom_1677578734592{margin-top: 20px !important;margin-bottom: 20px !important;}&#8220;][vc_column][\/vc_column][vc_column width=&#8220;1\/3&#8243;][wdo_ult_banner ult_banner_image=&#8220;9027&#8243; ult_banner_link=&#8220;https:\/\/mufasatoursandtravels.com\/rwanda-safari\/&#8220;]\n<p style=\"text-align: center;\"><span style=\"font-size: 24pt;\"><strong>MUFASA IN RUANDA<\/strong><\/span><\/p>\n<p style=\"text-align: center;\"><span style=\"font-size: 14pt;\">(Gorilla Trekking Safaris)<\/span><\/p>\n[\/wdo_ult_banner][\/vc_column][vc_column width=&#8220;1\/3&#8243;][wdo_ult_banner ult_banner_image=&#8220;9043&#8243; ult_banner_link=&#8220;https:\/\/mufasatoursandtravels.com\/uganda-safari\/&#8220;]\n<p style=\"text-align: center;\"><span style=\"font-size: 24pt;\"><strong>MUFASA IN UGANDA<\/strong><\/span><\/p>\n<p style=\"text-align: center;\"><span style=\"font-size: 14pt;\">(Gorilla Trekking &amp; Schimpanse Safaris)<\/span><\/p>\n[\/wdo_ult_banner][\/vc_column][vc_column width=&#8220;1\/3&#8243;][wdo_ult_banner ult_banner_image=&#8220;9033&#8243; ult_banner_link=&#8220;https:\/\/mufasatoursandtravels.com\/tanzania-and-zanzibar-safari\/&#8220;]\n<p style=\"text-align: center;\"><span style=\"font-size: 24pt;\"><strong>SAFARIS IN MEHREREN L\u00c4NDERN<\/strong><\/span><\/p>\n<p style=\"text-align: center;\"><span style=\"font-size: 12pt;\">( Ost- und S\u00fcdafrika )<\/span><\/p>\n[\/wdo_ult_banner][\/vc_column][\/vc_row]\n","protected":false},"excerpt":{"rendered":"<p>[vc_row css=&#8220;.vc_custom_1677579459114{margin-top: 20px !important;margin-bottom: 20px !important;}&#8220;][vc_column width=&#8220;1\/2&#8243;][vc_column_text] 404 SEITE NICHT GEFUNDEN [\/vc_column_text][\/vc_column][vc_column width=&#8220;1\/2&#8243;][vc_column_text] Hoppla, du bist mitten im Nirgendwo. Keine Sorge. Wahrscheinlich sind Sie irgendwo falsch abgebogen. Wenn Sie die Adresse eingegeben haben, \u00fcberpr\u00fcfen Sie die Rechtschreibung. K\u00f6nnte nur ein Tippfehler sein. Wenn Sie einem Link gefolgt sind, ist er wahrscheinlich defekt. Bitte kontaktieren Sie [&hellip;]<\/p>\n","protected":false},"author":7,"featured_media":0,"parent":0,"menu_order":48,"comment_status":"closed","ping_status":"closed","template":"","meta":{"_themeisle_gutenberg_block_has_review":false,"footnotes":""},"class_list":["post-32420","page","type-page","status-publish","hentry"],"_links":{"self":[{"href":"https:\/\/mufasatoursandtravels.com\/de\/wp-json\/wp\/v2\/pages\/32420","targetHints":{"allow":["GET"]}}],"collection":[{"href":"https:\/\/mufasatoursandtravels.com\/de\/wp-json\/wp\/v2\/pages"}],"about":[{"href":"https:\/\/mufasatoursandtravels.com\/de\/wp-json\/wp\/v2\/types\/page"}],"author":[{"embeddable":true,"href":"https:\/\/mufasatoursandtravels.com\/de\/wp-json\/wp\/v2\/users\/7"}],"replies":[{"embeddable":true,"href":"https:\/\/mufasatoursandtravels.com\/de\/wp-json\/wp\/v2\/comments?post=32420"}],"version-history":[{"count":16,"href":"https:\/\/mufasatoursandtravels.com\/de\/wp-json\/wp\/v2\/pages\/32420\/revisions"}],"predecessor-version":[{"id":46616,"href":"https:\/\/mufasatoursandtravels.com\/de\/wp-json\/wp\/v2\/pages\/32420\/revisions\/46616"}],"wp:attachment":[{"href":"https:\/\/mufasatoursandtravels.com\/de\/wp-json\/wp\/v2\/media?parent=32420"}],"curies":[{"name":"wp","href":"https:\/\/api.w.org\/{rel}","templated":true}]}}