{"id":32444,"date":"2022-05-31T13:09:42","date_gmt":"2022-05-31T10:09:42","guid":{"rendered":"https:\/\/mufasatoursandtravels.com\/uganda-safari\/7-tage-naturwunder-safari\/"},"modified":"2026-01-29T11:41:20","modified_gmt":"2026-01-29T08:41:20","slug":"7-tage-naturwunder-safari","status":"publish","type":"page","link":"https:\/\/mufasatoursandtravels.com\/de\/uganda-safari\/7-tage-naturwunder-safari\/","title":{"rendered":"7 Tage Naturwunder Safari"},"content":{"rendered":"[vc_row full_width=&#8220;stretch_row&#8220; gap=&#8220;1&#8243;][vc_column parallax=&#8220;content-moving&#8220; parallax_image=&#8220;29188&#8243; css=&#8220;.vc_custom_1741340313633{padding-top: 80px !important;padding-right: 80px !important;padding-bottom: 80px !important;padding-left: 80px !important;}&#8220;][vc_custom_heading text=&#8220;Die wunderbare Safari der Natur&#8220; font_container=&#8220;tag:h2|font_size:32|text_align:left|color:%23ffffff&#8220; google_fonts=&#8220;font_family:Quicksand%3A300%2Cregular%2C700|font_style:400%20regular%3A400%3Anormal&#8220; el_class=&#8220;txt-display&#8220;][vc_custom_heading text=&#8220;7 Tage&#8220; font_container=&#8220;tag:h2|font_size:22|text_align:left|color:%23ffffff&#8220; google_fonts=&#8220;font_family:Quicksand%3A300%2Cregular%2C700|font_style:300%20light%20regular%3A300%3Anormal&#8220; el_class=&#8220;txt-display&#8220;][vc_separator color=&#8220;custom&#8220; el_width=&#8220;20&#8243; accent_color=&#8220;#f8f8f8&#8243; el_class=&#8220;txt-display&#8220;][vc_custom_heading text=&#8220;Entebbe \u21fe Lk.Mburo Nationalpark \u21fe Bwindi Impenetrable \u21fe Queen Elizabeth Nationalpark \u21fe Kibale Wald \u21fe Entebbe&#8220; font_container=&#8220;tag:h2|font_size:18|text_align:left|color:%23ffffff&#8220; google_fonts=&#8220;font_family:Quicksand%3A300%2Cregular%2C700|font_style:300%20light%20regular%3A300%3Anormal&#8220; el_class=&#8220;txt-display&#8220;][\/vc_column][\/vc_row][vc_row css=&#8220;.vc_custom_1690451343941{padding-top: 10px !important;}&#8220;][vc_column][vc_tta_tabs shape=&#8220;square&#8220; color=&#8220;juicy-pink&#8220; alignment=&#8220;center&#8220; active_section=&#8220;1&#8243; no_fill_content_area=&#8220;true&#8220;][vc_tta_section title=&#8220;\u00dcberblick&#8220; tab_id=&#8220;1633892890537-5637ec0b-4c69&#8243;][vc_column_text]Erleben Sie die Wunder Ugandas \u2013 beginnend in Kampala werden Sie am Flughafen empfangen und zu Ihrem Hotel in der N\u00e4he des Victoriasees gebracht. Reisen Sie zum Queen Elizabeth Nationalpark, wo spannende Safaris und atemberaubende Bootsfahrten auf Sie warten und Begegnungen mit vielf\u00e4ltiger Tierwelt und atemberaubenden Landschaften bieten. Fahren Sie weiter zum Bwindi Impenetrable Nationalpark f\u00fcr ein einmaliges Gorilla-Trekking-Abenteuer, umgeben von der Sch\u00f6nheit des Waldes. Beenden Sie Ihre Uganda-Safari mit einer Stadtreise in Kigali, bei der Sie die bewegende Geschichte des Genozid-Gedenkst\u00e4ttes erkunden. Buchen Sie Ihre Safari und Touren nach Uganda jetzt f\u00fcr ein immersives und fesselndes afrikanisches Erlebnis.[\/vc_column_text][\/vc_tta_section][vc_tta_section title=&#8220;Programm&#8220; tab_id=&#8220;1633454673222-3d94f956-010c&#8220;][info_list_father connector_h=&#8220;20&#8243; listclr=&#8220;#f8f8f8&#8243;][info_list_son style=&#8220;icon&#8220; size=&#8220;15&#8243; width=&#8220;20&#8243; height=&#8220;20&#8243; titleclr=&#8220;#890000&#8243; icon=&#8220;fas fa-hiking&#8220; iconclr=&#8220;#890000&#8243; iconbg=&#8220;#f8f8f8&#8243; borderclr=&#8220;#f8f8f8&#8243; title=&#8220;TAG 1 : Entebbe Zum Lake Mburo Nationalpark&#8220;]\n<ul>\n<li>Verlassen Sie Entebbe\/Kampala am Morgen f\u00fcr eine malerische Fahrt zum Lake Mburo Nationalpark.<\/li>\n<li>Unterwegs halten Sie am \u00c4quator, um Fotos zu machen und das Experiment &#8222;Nord- und S\u00fcdhemisph\u00e4re&#8220; kurz zu erleben.<\/li>\n<li>Kommen Sie rechtzeitig zum Mittagessen und zur Entspannung in Ihrer Lodge an.<\/li>\n<li>Am Nachmittag begeben Sie sich auf eine Bootssafari auf dem Mburo-See und beobachten Flusspferde, Krokodile und verschiedene Vogelarten.<\/li>\n<\/ul>\n<p> <em><strong> Optional<\/strong>: Abendliche Pirschfahrt zu Zebras, Impalas, B\u00fcffeln und Elenantilopen<\/em>.<\/p>\n<ul>\n<li>Abendessen und \u00dcbernachtung in der Lodge<\/li>\n<\/ul>\n[\/info_list_son][info_list_son style=&#8220;icon&#8220; size=&#8220;15&#8243; width=&#8220;20&#8243; height=&#8220;20&#8243; titleclr=&#8220;#890000&#8243; icon=&#8220;fas fa-hiking&#8220; iconclr=&#8220;#890000&#8243; iconbg=&#8220;#f8f8f8&#8243; borderclr=&#8220;#f8f8f8&#8243; title=&#8220;TAG 2: Lake Mburo nach Bwindi Impenetrable&#8220;]\n<ul>\n<li>Genie\u00dfen Sie vor dem Fr\u00fchst\u00fcck einen Spaziergang in der Natur am fr\u00fchen Morgen oder eine Pirschfahrt.<\/li>\n<li>Abfahrt zum Bwindi Impenetrable National Park. Halten Sie unterwegs zum Mittagessen an und genie\u00dfen Sie die spektakul\u00e4re Aussicht auf Ugandas sanfte H\u00fcgel und \u00fcppige Landschaften. <\/li>\n<li>Kommen Sie am sp\u00e4ten Nachmittag in Bwindi an, checken Sie in Ihrer Lodge ein und entspannen Sie sich.<\/li>\n<li>Abendessen und \u00dcbernachtung in der Lodge, umgeben von den mystischen W\u00e4ldern<\/li>\n<\/ul>\n[\/info_list_son][info_list_son style=&#8220;icon&#8220; size=&#8220;15&#8243; width=&#8220;20&#8243; height=&#8220;20&#8243; titleclr=&#8220;#890000&#8243; icon=&#8220;fas fa-hiking&#8220; iconclr=&#8220;#890000&#8243; iconbg=&#8220;#f8f8f8&#8243; borderclr=&#8220;#f8f8f8&#8243; title=&#8220;TAG 3: Gorilla Trekking&#8220;]\n<ul>\n<li>Fr\u00fches Fr\u00fchst\u00fcck, dann Transfer zum Hauptquartier des Parks, wo Sie eine Einweisung vor der Wanderung erhalten.<\/li>\n<li>Beginnen Sie Ihre Wanderung in den dichten Regenwald mit erfahrenen Rangern und verfolgen Sie eine der gewohnten Gorillafamilien.<\/li>\n<li>Sobald du sie gefunden hast, verbringe <strong>eine magische Stunde<\/strong> damit, ihr Verhalten, ihre Interaktionen und ihre verspielten Jungen zu beobachten.<\/li>\n<li>R\u00fcckkehr zur Lodge zum Mittagessen und Entspannen.<\/li>\n<li>Nachmittags zur freien Verf\u00fcgung oder <strong>optionale Aktivit\u00e4ten<\/strong> wie ein Besuch der Batwa-Gemeinde, ein Waldspaziergang oder eine malerische Wanderung zum Aussichtspunkt.<\/li>\n<li>Abendessen und \u00dcbernachtung in der Lodge<\/li>\n<\/ul>\n[\/info_list_son][info_list_son style=&#8220;icon&#8220; size=&#8220;15&#8243; width=&#8220;20&#8243; height=&#8220;20&#8243; titleclr=&#8220;#890000&#8243; icon=&#8220;fas fa-hiking&#8220; iconclr=&#8220;#890000&#8243; iconbg=&#8220;#f8f8f8&#8243; borderclr=&#8220;#f8f8f8&#8243; title=&#8220;TAG 4: Bwindi undurchdringlich zum Queen Elizabeth Nationalpark.&#8220;]\n<ul>\n<li>Nach dem Fr\u00fchst\u00fcck fahren Sie zum Queen Elizabeth National Park, vorbei an malerischen Highlands und Teeplantagen.<\/li>\n<li>Kommen Sie rechtzeitig zum Mittagessen und Check-in in Ihrer Lodge an.<\/li>\n<li>Am Nachmittag begeben Sie sich auf eine Bootsfahrt auf dem Kazinga-Kanal, bei der Sie gro\u00dfe Schulen von Flusspferden, Elefanten, Krokodilen und einer unglaublichen Vielfalt an Vogelarten sehen k\u00f6nnen.<\/li>\n<li>Abendessen und \u00dcbernachtung in der Lodge, im Camp oder im Hotel.<\/li>\n<\/ul>\n[\/info_list_son][info_list_son style=&#8220;icon&#8220; size=&#8220;15&#8243; width=&#8220;20&#8243; height=&#8220;20&#8243; titleclr=&#8220;#890000&#8243; icon=&#8220;fas fa-hiking&#8220; iconclr=&#8220;#890000&#8243; iconbg=&#8220;#f8f8f8&#8243; borderclr=&#8220;#f8f8f8&#8243; title=&#8220;TAG 5: Queen Elizabeth Nationalpark Zum Kibale Forest&#8220;]\n<ul>\n<li>Fr\u00fchmorgendliche Pirschfahrt im Ishasha-Sektor, der f\u00fcr seine baumkletternden L\u00f6wen ber\u00fchmt ist.<\/li>\n<li>Beobachten Sie Elefanten, B\u00fcffel, Uganda-Kobs und Warzenschweine in ihrem nat\u00fcrlichen Lebensraum.<\/li>\n<li>Nach der Pirschfahrt geht es weiter zum Kibale Forest National Park, wo Sie rechtzeitig zum Mittagessen in der Lodge ankommen.<\/li>\n<li>Der Nachmittag steht zur freien Verf\u00fcgung, mit einem optionalen Naturspaziergang um Kraterseen oder einem Besuch einer lokalen Teeplantage.<\/li>\n<li>Abendessen und \u00dcbernachtung in der Lodge, im Camp oder in der Lodge.<\/li>\n<\/ul>\n[\/info_list_son][info_list_son style=&#8220;icon&#8220; size=&#8220;15&#8243; width=&#8220;20&#8243; height=&#8220;20&#8243; titleclr=&#8220;#890000&#8243; icon=&#8220;fas fa-hiking&#8220; iconclr=&#8220;#890000&#8243; iconbg=&#8220;#f8f8f8&#8243; borderclr=&#8220;#f8f8f8&#8243; title=&#8220;TAG 6: Schimpansen-Trekking&#8220;]\n<ul>\n<li>Fr\u00fches Fr\u00fchst\u00fcck, dann Transfer zum Kanyanchu Visitor Center, wo Sie eine Einweisung in das Schimpansen-Trekking erhalten.<\/li>\n<li>Gef\u00fchrte Wanderung durch den Kibale-Wald und folgen Sie Schimpansen, w\u00e4hrend sie sich durch die Baumkronen schwingen und in ihrer nat\u00fcrlichen Umgebung interagieren.<\/li>\n<li>Genie\u00dfen Sie eine <strong>einst\u00fcndige<\/strong> Begegnung mit den Schimpansen und werden Sie Zeuge ihres faszinierenden Verhaltens.<\/li>\n<li>R\u00fcckkehr zur Lodge zum Mittagessen und Entspannen.<\/li>\n<li>Am Nachmittag besuchen Sie das Bigodi Wetland Sanctuary, in dem Affen, Schmetterlinge und \u00fcber 200 Vogelarten leben.<\/li>\n<li>Abendessen und \u00dcbernachtung in der Lodge, im Camp oder im Hotel.<\/li>\n<\/ul>\n[\/info_list_son][info_list_son style=&#8220;icon&#8220; size=&#8220;15&#8243; width=&#8220;20&#8243; height=&#8220;20&#8243; titleclr=&#8220;#890000&#8243; icon=&#8220;fas fa-hiking&#8220; iconclr=&#8220;#890000&#8243; iconbg=&#8220;#f8f8f8&#8243; borderclr=&#8220;#f8f8f8&#8243; title=&#8220;TAG 7: Kibale Forest nach Entebbe&#8220;]\n<ul>\n<li>Genie\u00dfen Sie ein entspanntes Fr\u00fchst\u00fcck, bevor Sie nach Entebbe\/Kampala aufbrechen.<\/li>\n<li>Halten Sie unterwegs an, um zu Mittag zu essen und Souvenirs auf Kunsthandwerksm\u00e4rkten zu kaufen.<\/li>\n<li>Kommen Sie rechtzeitig vor Ihrem internationalen Abflug oder <em>einem optionalen Besuch des Uganda Wildlife Education Center vor Ihrem Flug<\/em> in Entebbe an.<\/li>\n<\/ul>\n[\/info_list_son][\/info_list_father][\/vc_tta_section][vc_tta_section title=&#8220;Inklusiv\/Exklusiv&#8220; tab_id=&#8220;1633455601016-f93699bc-5d92&#8243;][vc_row_inner][vc_column_inner width=&#8220;1\/2&#8243;][info_list_father listclr=&#8220;#f8f8f8&#8243;][info_list_son style=&#8220;icon&#8220; size=&#8220;15&#8243; width=&#8220;20&#8243; height=&#8220;20&#8243; titleclr=&#8220;#890000&#8243; icon=&#8220;fas fa-user-plus&#8220; iconclr=&#8220;#333333&#8243; title=&#8220;IINKLUSIVE&#8220; lineheight=&#8220;2&#8243;]\n<ul>\n<li><span style=\"font-size: 12pt;\">Parkgeb\u00fchren f\u00fcr den Besuch des Parks.<\/span><\/li>\n<li><span style=\"font-size: 12pt;\">Unbegrenztes Wasser im Fahrzeug.<\/span><\/li>\n<li><span style=\"font-size: 12pt;\">Service eines professionellen Fahrers\/Guides<\/span><\/li>\n<li><span style=\"font-size: 12pt;\">Transport in einem komfortablen Fahrzeug.<\/span><\/li>\n<\/ul>\n[\/info_list_son][\/info_list_father][\/vc_column_inner][vc_column_inner width=&#8220;1\/2&#8243;][info_list_father listclr=&#8220;#f8f8f8&#8243;][info_list_son style=&#8220;icon&#8220; size=&#8220;15&#8243; width=&#8220;20&#8243; height=&#8220;20&#8243; titleclr=&#8220;#890000&#8243; icon=&#8220;fas fa-user-minus&#8220; iconclr=&#8220;#333333&#8243; title=&#8220;AUSGESCHLOSSEN&#8220; lineheight=&#8220;2&#8243;]\n<ul>\n<li>Zus\u00e4tzliche Unterkunft vor und am Ende der Tour.<\/li>\n<li>Tipps (Sehr zu empfehlen)<\/li>\n<li>Pers\u00f6nliche Gegenst\u00e4nde (Souvenirs, Reiseversicherungen, Visageb\u00fchren, etc.)<\/li>\n<li>Schwankungen bei staatlich auferlegten Steuern und\/oder Parkgeb\u00fchren.<\/li>\n<\/ul>\n[\/info_list_son][\/info_list_father][\/vc_column_inner][\/vc_row_inner][\/vc_tta_section][\/vc_tta_tabs][\/vc_column][\/vc_row]\n","protected":false},"excerpt":{"rendered":"<p>[vc_row full_width=&#8220;stretch_row&#8220; gap=&#8220;1&#8243;][vc_column parallax=&#8220;content-moving&#8220; parallax_image=&#8220;29188&#8243; css=&#8220;.vc_custom_1741340313633{padding-top: 80px !important;padding-right: 80px !important;padding-bottom: 80px !important;padding-left: 80px !important;}&#8220;][vc_custom_heading text=&#8220;Die wunderbare Safari der Natur&#8220; font_container=&#8220;tag:h2|font_size:32|text_align:left|color:%23ffffff&#8220; google_fonts=&#8220;font_family:Quicksand%3A300%2Cregular%2C700|font_style:400%20regular%3A400%3Anormal&#8220; el_class=&#8220;txt-display&#8220;][vc_custom_heading text=&#8220;7 Tage&#8220; font_container=&#8220;tag:h2|font_size:22|text_align:left|color:%23ffffff&#8220; google_fonts=&#8220;font_family:Quicksand%3A300%2Cregular%2C700|font_style:300%20light%20regular%3A300%3Anormal&#8220; el_class=&#8220;txt-display&#8220;][vc_separator color=&#8220;custom&#8220; el_width=&#8220;20&#8243; accent_color=&#8220;#f8f8f8&#8243; el_class=&#8220;txt-display&#8220;][vc_custom_heading text=&#8220;Entebbe \u21fe Lk.Mburo Nationalpark \u21fe Bwindi Impenetrable \u21fe Queen Elizabeth Nationalpark \u21fe Kibale Wald \u21fe Entebbe&#8220; font_container=&#8220;tag:h2|font_size:18|text_align:left|color:%23ffffff&#8220; google_fonts=&#8220;font_family:Quicksand%3A300%2Cregular%2C700|font_style:300%20light%20regular%3A300%3Anormal&#8220; el_class=&#8220;txt-display&#8220;][\/vc_column][\/vc_row][vc_row css=&#8220;.vc_custom_1690451343941{padding-top: 10px !important;}&#8220;][vc_column][vc_tta_tabs shape=&#8220;square&#8220; color=&#8220;juicy-pink&#8220; [&hellip;]<\/p>\n","protected":false},"author":4,"featured_media":0,"parent":28065,"menu_order":9,"comment_status":"closed","ping_status":"closed","template":"","meta":{"_themeisle_gutenberg_block_has_review":false,"footnotes":""},"class_list":["post-32444","page","type-page","status-publish","hentry"],"_links":{"self":[{"href":"https:\/\/mufasatoursandtravels.com\/de\/wp-json\/wp\/v2\/pages\/32444","targetHints":{"allow":["GET"]}}],"collection":[{"href":"https:\/\/mufasatoursandtravels.com\/de\/wp-json\/wp\/v2\/pages"}],"about":[{"href":"https:\/\/mufasatoursandtravels.com\/de\/wp-json\/wp\/v2\/types\/page"}],"author":[{"embeddable":true,"href":"https:\/\/mufasatoursandtravels.com\/de\/wp-json\/wp\/v2\/users\/4"}],"replies":[{"embeddable":true,"href":"https:\/\/mufasatoursandtravels.com\/de\/wp-json\/wp\/v2\/comments?post=32444"}],"version-history":[{"count":9,"href":"https:\/\/mufasatoursandtravels.com\/de\/wp-json\/wp\/v2\/pages\/32444\/revisions"}],"predecessor-version":[{"id":44013,"href":"https:\/\/mufasatoursandtravels.com\/de\/wp-json\/wp\/v2\/pages\/32444\/revisions\/44013"}],"up":[{"embeddable":true,"href":"https:\/\/mufasatoursandtravels.com\/de\/wp-json\/wp\/v2\/pages\/28065"}],"wp:attachment":[{"href":"https:\/\/mufasatoursandtravels.com\/de\/wp-json\/wp\/v2\/media?parent=32444"}],"curies":[{"name":"wp","href":"https:\/\/api.w.org\/{rel}","templated":true}]}}