{"id":32705,"date":"2025-03-07T12:33:42","date_gmt":"2025-03-07T09:33:42","guid":{"rendered":"https:\/\/mufasatoursandtravels.com\/uganda-safari\/8-tage-geheimnisse-des-dschungels\/"},"modified":"2026-01-29T11:43:22","modified_gmt":"2026-01-29T08:43:22","slug":"8-tage-geheimnisse-des-dschungels","status":"publish","type":"page","link":"https:\/\/mufasatoursandtravels.com\/de\/uganda-safari\/8-tage-geheimnisse-des-dschungels\/","title":{"rendered":"8 Tage Geheimnisse des Dschungels"},"content":{"rendered":"[vc_row full_width=&#8220;stretch_row&#8220; gap=&#8220;1&#8243;][vc_column parallax=&#8220;content-moving&#8220; parallax_image=&#8220;3267&#8243; css=&#8220;.vc_custom_1768549617612{padding-top: 80px !important;padding-right: 80px !important;padding-bottom: 80px !important;padding-left: 80px !important;}&#8220;][vc_custom_heading text=&#8220;Geheimnisse des Dschungels&#8220; font_container=&#8220;tag:h2|font_size:32|text_align:left|color:%23ffffff&#8220; google_fonts=&#8220;font_family:Quicksand%3A300%2Cregular%2C700|font_style:400%20regular%3A400%3Anormal&#8220; el_class=&#8220;banner-txt&#8220;][vc_custom_heading text=&#8220;8 Tage | Stra\u00dfe &amp; Fly-in&#8220; font_container=&#8220;tag:h2|font_size:18|text_align:left|color:%23ffffff&#8220; google_fonts=&#8220;font_family:Quicksand%3A300%2Cregular%2C700|font_style:400%20regular%3A400%3Anormal&#8220; el_class=&#8220;banner-txt&#8220;][vc_separator color=&#8220;custom&#8220; align=&#8220;align_left&#8220; el_width=&#8220;20&#8243; accent_color=&#8220;#f8f8f8&#8243; el_class=&#8220;banner-txt&#8220;][vc_custom_heading text=&#8220;Murchison Falls \u21fe Kibale Forest \u21fe Queen Elizabeth Nationalpark \u21fe Bwindi Impenetrable \u21fe Entebbe&#8220; font_container=&#8220;tag:h2|font_size:18|text_align:left|color:%23ffffff&#8220; google_fonts=&#8220;font_family:Quicksand%3A300%2Cregular%2C700|font_style:400%20regular%3A400%3Anormal&#8220; el_class=&#8220;banner-txt&#8220;][\/vc_column][\/vc_row][vc_row css=&#8220;.vc_custom_1690451343941{padding-top: 10px !important;}&#8220;][vc_column][vc_tta_tabs shape=&#8220;square&#8220; color=&#8220;juicy-pink&#8220; alignment=&#8220;center&#8220; active_section=&#8220;1&#8243; no_fill_content_area=&#8220;true&#8220;][vc_tta_section title=&#8220;\u00dcberblick&#8220; tab_id=&#8220;1633892890537-5637ec0b-4c69&#8243;][vc_column_text]Deine afrikanische Odyssee beginnt an den ruhigen, lapisfarbenen Ufern des Victoriasees, ein sanfter Vorgeschmack auf die rohe Pracht, die vor uns liegt. Von den salzig duftenden Winden des Queen Elizabeth Nationalparks \u2013 wo L\u00f6wen die Ebenen \u00fcberblicken und der Kazinga-Kanal vor Leben wimmelt \u2013 bewegen Sie sich auf die alte, smaragdgr\u00fcne Wand von Bwindi zu. In dieser Kathedrale aus B\u00e4umen wartet eine stille, pers\u00f6nliche Begegnung mit den Berggorillas \u2013 ein Moment, der das Gew\u00f6hnliche \u00fcbersteigt. Ihre Reise gipfelt in den H\u00fcgeln von Kigali, einer Stadt von bemerkenswerter Widerstandskraft, die eine bewegende Hommage an die St\u00e4rke des menschlichen Geistes darstellt. Das ist Uganda, unmaskiert und unvergesslich.    <\/p>\n<p>&nbsp;<\/p>\n<ul>\n<li>Murchison Falls Safari-Fahrten und Nilbootsafari<\/li>\n<li>Schimpansenspuren im Kibale-Wald<\/li>\n<li>Kazinga-Kanal-Bootskreuzfahrt mit Queen Elizabeth<\/li>\n<li>Gorilla-Trekking im Bwindi Undurchdringlichen Wald<\/li>\n<li>Landschaftlich reizvolle Stra\u00dfensafari durch Westuganda<\/li>\n<li>Zeitsparender Inlandsflug zur\u00fcck nach Entebbe<\/li>\n<\/ul>\n[\/vc_column_text][\/vc_tta_section][vc_tta_section title=&#8220;Programm&#8220; tab_id=&#8220;1633454673222-3d94f956-010c&#8220;][info_list_father connector_h=&#8220;20&#8243; listclr=&#8220;#f8f8f8&#8243;][info_list_son style=&#8220;icon&#8220; size=&#8220;15&#8243; width=&#8220;20&#8243; height=&#8220;20&#8243; titleclr=&#8220;#890000&#8243; icon=&#8220;fas fa-hiking&#8220; iconclr=&#8220;#890000&#8243; iconbg=&#8220;#f8f8f8&#8243; borderclr=&#8220;#f8f8f8&#8243; title=&#8220;TAG 1: Entebbe zu den Murchison Falls&#8220;]Verlassen Sie Entebbe morgens und fahren Sie n\u00f6rdlich durch die Landschaft Ugandas in Richtung <strong>Murchison Falls National Park<\/strong>, Ugandas gr\u00f6\u00dftes und landschaftlich reizvollstes Wildreservat. Genie\u00dfen Sie unterwegs eine Mittagspause. <\/p>\n<p>Kommen Sie am Nachmittag im Park an und besuchen Sie den <strong>Top of the Falls<\/strong>, wo der Nil in einer kraftvollen Szene durch eine enge Schlucht st\u00fcrzt. Fahren Sie weiter zu Ihrer Lodge zum Check-in und zur Entspannung. <\/p>\n<p><strong>\u00dcbernacht:<\/strong> Murchison Falls in einer Lodge oder einem Camp<br \/><strong>Mahlzeiten:<\/strong> Mittag- und Abendessen[\/info_list_son][info_list_son style=&#8220;icon&#8220; size=&#8220;15&#8243; width=&#8220;20&#8243; height=&#8220;20&#8243; titleclr=&#8220;#890000&#8243; icon=&#8220;fas fa-hiking&#8220; iconclr=&#8220;#890000&#8243; iconbg=&#8220;#f8f8f8&#8243; borderclr=&#8220;#f8f8f8&#8243; title=&#8220;TAG 2: Pirschfahrt und Bootsfahrt auf dem Nil&#8220;]Nach einem fr\u00fchen Fr\u00fchst\u00fcck genie\u00dfen Sie eine <strong>morgendliche Wildfahrt<\/strong> am n\u00f6rdlichen Nilufer. Achten Sie auf <strong>L\u00f6wen, Elefanten, Giraffen, B\u00fcffel, Uganda Kob und Hartebeest<\/strong>. <\/p>\n<p>Am Nachmittag machen Sie eine <strong>Bootssafari entlang des Nils<\/strong> bis zum Fu\u00df der Murchison Falls. Diese entspannende Kreuzfahrt bietet hervorragende Sichtungen von <strong>Nilpferden, Nilkrokodilen<\/strong> und einer reichen Vogelwelt. <\/p>\n<p><strong>\u00dcbernacht:<\/strong> Murchison Falls in einer Lodge oder einem Camp<br \/><strong>Mahlzeiten:<\/strong> Fr\u00fchst\u00fcck, Mittag- und Abendessen[\/info_list_son][info_list_son style=&#8220;icon&#8220; size=&#8220;15&#8243; width=&#8220;20&#8243; height=&#8220;20&#8243; titleclr=&#8220;#890000&#8243; icon=&#8220;fas fa-hiking&#8220; iconclr=&#8220;#890000&#8243; iconbg=&#8220;#f8f8f8&#8243; borderclr=&#8220;#f8f8f8&#8243; title=&#8220;TAG 3: Murchison Falls Zum Kibale Forest&#8220;]Nach dem Fr\u00fchst\u00fcck verlassen Sie Murchison Falls und reisen s\u00fcdwestlich durch sich ver\u00e4ndernde Landschaften in Richtung <a href=\"http:\/\/www.mufasatoursandtravels.com\/destinations\/kibale-forest-national-park\/\"><strong>Kibale Forest National Park<\/strong><\/a>, der f\u00fcr die h\u00f6chste Primatenkonzentration Afrikas ber\u00fchmt ist.<\/p>\n<p>Kommen Sie am Nachmittag an, checken Sie in Ihrer Lodge ein und genie\u00dfen Sie die Waldumgebung.<\/p>\n<p><strong>\u00dcbernacht:<\/strong> Kibale in einer Lodge oder einem Camp<br \/><strong>Mahlzeiten:<\/strong> Fr\u00fchst\u00fcck, Mittag- und Abendessen[\/info_list_son][info_list_son style=&#8220;icon&#8220; size=&#8220;15&#8243; width=&#8220;20&#8243; height=&#8220;20&#8243; titleclr=&#8220;#890000&#8243; icon=&#8220;fas fa-hiking&#8220; iconclr=&#8220;#890000&#8243; iconbg=&#8220;#f8f8f8&#8243; borderclr=&#8220;#f8f8f8&#8243; title=&#8220;TAG 4: Chipanzee Trekking und Bigodi Wetland Walk&#8220;]Nach dem Fr\u00fchst\u00fcck gehen Sie zum Parkhauptquartier f\u00fcr ein Briefing, bevor Sie im Kibale-Wald die <strong>Schimpansen-Sp\u00fcrung<\/strong> machen. Verfolgen Sie Schimpansen und andere Primaten wie rote Colobus und L&#8217;Hoests Affen. <\/p>\n<p>Am Nachmittag besuchen Sie das <strong>Bigodi Wetland Sanctuary<\/strong>, ein von der Gemeinschaft betriebenes Projekt mit reicher Vogelwelt und kulturellen Begegnungen.<\/p>\n<p><strong>\u00dcbernacht:<\/strong> Kibale in einer Lodge oder einem Camp<br \/><strong>Mahlzeiten:<\/strong> Fr\u00fchst\u00fcck, Mittag- und Abendessen[\/info_list_son][info_list_son style=&#8220;icon&#8220; size=&#8220;15&#8243; width=&#8220;20&#8243; height=&#8220;20&#8243; titleclr=&#8220;#890000&#8243; icon=&#8220;fas fa-hiking&#8220; iconclr=&#8220;#890000&#8243; iconbg=&#8220;#f8f8f8&#8243; borderclr=&#8220;#f8f8f8&#8243; title=&#8220;TAG 5: Kibale Forest Zum Queen Elizabeth Nationalpark&#8220;]Fahren Sie nach S\u00fcden zum <a href=\"http:\/\/www.mufasatoursandtravels.com\/destinations\/queen%20-elizabeth-national-park\/\"><strong>Queen Elizabeth Nationalpark<\/strong><\/a>, vorbei an Kraterseen und den Ausl\u00e4ufern der Rwenzori-Berge. Komm rechtzeitig zum Mittagessen an. <\/p>\n<p>Am Nachmittag genie\u00dfen Sie eine <strong>Bootsfahrt auf dem Kazinga-Kanal<\/strong>, der f\u00fcr seine dichte Konzentration von Nilpferden, Krokodilen und Wasserv\u00f6geln ber\u00fchmt ist.<\/p>\n<p><strong>\u00dcbernacht:<\/strong> Queen Elizabeth in einer Lodge oder einem Lager<br \/><strong>Mahlzeiten:<\/strong> Fr\u00fchst\u00fcck, Mittag- und Abendessen[\/info_list_son][info_list_son style=&#8220;icon&#8220; size=&#8220;15&#8243; width=&#8220;20&#8243; height=&#8220;20&#8243; titleclr=&#8220;#890000&#8243; icon=&#8220;fas fa-hiking&#8220; iconclr=&#8220;#890000&#8243; iconbg=&#8220;#f8f8f8&#8243; borderclr=&#8220;#f8f8f8&#8243; title=&#8220;TAG 6: Queen Elizabeth Nationalpark Zum undurchdringlichen Bwindi&#8220;]Beginnen Sie den Tag mit einer <strong>fr\u00fchen Safari-Tour<\/strong> im Queen Elizabeth Nationalpark, die Gelegenheit bietet, Elefanten, B\u00fcffel, Antilopen und L\u00f6wen zu sehen.<\/p>\n<p>Nach dem Fr\u00fchst\u00fcck fahren Sie s\u00fcdw\u00e4rts in Richtung <a href=\"http:\/\/www.mufasatoursandtravels.com\/destinations\/bwindi-impenetrable-forest\/\"><strong>Bwindi Undurchdringlichen Wald<\/strong><\/a> und reisen durch malerische Landschaften und l\u00e4ndliche D\u00f6rfer. Kommen Sie am Nachmittag in Ihrer Lodge an und entspannen Sie sich, um sich auf das Gorilla-Trekking vorzubereiten. <\/p>\n<p><strong>\u00dcbernacht:<\/strong> Bwindi in einer Lodge oder einem Camp<br \/><strong>Mahlzeiten:<\/strong> Fr\u00fchst\u00fcck, Mittag- und Abendessen[\/info_list_son][info_list_son style=&#8220;icon&#8220; size=&#8220;15&#8243; width=&#8220;20&#8243; height=&#8220;20&#8243; titleclr=&#8220;#890000&#8243; icon=&#8220;fas fa-hiking&#8220; iconclr=&#8220;#890000&#8243; iconbg=&#8220;#f8f8f8&#8243; borderclr=&#8220;#f8f8f8&#8243; title=&#8220;TAG 7: Gorilla Trekking&#8220;]Nach einem fr\u00fchen Fr\u00fchst\u00fcck nehmen Sie an einem Briefing der Ranger der Uganda Wildlife Authority teil, bevor Sie Ihre <strong>Gorilla-Trekking-Safari<\/strong> beginnen.<\/p>\n<p>Wandern Sie durch den dichten Regenwald auf der Suche nach einer gewohnten Gorillafamilie. Sobald Sie gefunden sind, genie\u00dfen Sie <strong>eine unvergessliche Stunde<\/strong> , in der Sie die Gorillas in ihrem nat\u00fcrlichen Lebensraum beobachten \u2013 das Highlight jeder Uganda-Safari. <\/p>\n<p>Kehren Sie am Nachmittag zur Ruhe oder einem optionalen Gemeinschaftsbesuch in Ihre Lodge zur\u00fcck.<\/p>\n<p><strong>\u00dcbernacht:<\/strong> Bwindi in einer Lodge oder einem Camp<br \/><strong>Mahlzeiten:<\/strong> Fr\u00fchst\u00fcck, Mittag- und Abendessen[\/info_list_son][info_list_son style=&#8220;icon&#8220; size=&#8220;15&#8243; width=&#8220;20&#8243; height=&#8220;20&#8243; titleclr=&#8220;#890000&#8243; icon=&#8220;fas fa-hiking&#8220; iconclr=&#8220;#890000&#8243; iconbg=&#8220;#f8f8f8&#8243; borderclr=&#8220;#f8f8f8&#8243; title=&#8220;TAG 8: Rundflug nach Entebbe&#8220;]Nach dem Fr\u00fchst\u00fcck wechseln Sie auf <strong>die Landebahn Kihihi oder Kisoro<\/strong> f\u00fcr Ihren geplanten <strong>Inlandsflug zur\u00fcck nach Entebbe<\/strong>.<\/p>\n<p>Kommen Sie rechtzeitig f\u00fcr Ihren internationalen Weiterflug in Entebbe an und markieren Sie damit das Ende Ihres achtt\u00e4gigen Safari-Abenteuers in Uganda.<\/p>\n<p><strong>Mahlzeiten:<\/strong> Fr\u00fchst\u00fcck[\/info_list_son][\/info_list_father][\/vc_tta_section][vc_tta_section title=&#8220;Inklusiv\/Exklusiv&#8220; tab_id=&#8220;1633455601016-f93699bc-5d92&#8243;][vc_row_inner][vc_column_inner width=&#8220;1\/2&#8243;][info_list_father listclr=&#8220;#f8f8f8&#8243;][info_list_son style=&#8220;icon&#8220; size=&#8220;15&#8243; width=&#8220;20&#8243; height=&#8220;20&#8243; titleclr=&#8220;#890000&#8243; icon=&#8220;fas fa-user-plus&#8220; iconclr=&#8220;#890000&#8243; title=&#8220;IINKLUSIVE&#8220; lineheight=&#8220;2&#8243;]\n<ul>\n<li>Privates 4&#215;4-Safarifahrzeug mit professionellem Fahrf\u00fchrer<\/li>\n<li>Alle Parkeintrittsgeb\u00fchren und geplante Aktivit\u00e4ten<\/li>\n<li>Schimpansen-Trekkingerlaubnis (Kibale)<\/li>\n<li>Gorilla-Trekking-Erlaubnis (Bwindi)<\/li>\n<li>Inlandsflug Bwindi\u2013Entebbe<\/li>\n<li>Unterkunft und Verpflegung wie angegeben<\/li>\n<\/ul>\n[\/info_list_son][\/info_list_father][\/vc_column_inner][vc_column_inner width=&#8220;1\/2&#8243;][info_list_father listclr=&#8220;#f8f8f8&#8243;][info_list_son style=&#8220;icon&#8220; size=&#8220;15&#8243; width=&#8220;20&#8243; height=&#8220;20&#8243; titleclr=&#8220;#890000&#8243; icon=&#8220;fas fa-user-minus&#8220; iconclr=&#8220;#890000&#8243; title=&#8220;AUSGESCHLOSSEN&#8220; lineheight=&#8220;2&#8243;]\n<ul>\n<li>Alles, was nicht im Includes ist.<\/li>\n<\/ul>\n[\/info_list_son][\/info_list_father][\/vc_column_inner][\/vc_row_inner][\/vc_tta_section][\/vc_tta_tabs][\/vc_column][\/vc_row]\n","protected":false},"excerpt":{"rendered":"<p>[vc_row full_width=&#8220;stretch_row&#8220; gap=&#8220;1&#8243;][vc_column parallax=&#8220;content-moving&#8220; parallax_image=&#8220;3267&#8243; css=&#8220;.vc_custom_1768549617612{padding-top: 80px !important;padding-right: 80px !important;padding-bottom: 80px !important;padding-left: 80px !important;}&#8220;][vc_custom_heading text=&#8220;Geheimnisse des Dschungels&#8220; font_container=&#8220;tag:h2|font_size:32|text_align:left|color:%23ffffff&#8220; google_fonts=&#8220;font_family:Quicksand%3A300%2Cregular%2C700|font_style:400%20regular%3A400%3Anormal&#8220; el_class=&#8220;banner-txt&#8220;][vc_custom_heading text=&#8220;8 Tage | Stra\u00dfe &amp; Fly-in&#8220; font_container=&#8220;tag:h2|font_size:18|text_align:left|color:%23ffffff&#8220; google_fonts=&#8220;font_family:Quicksand%3A300%2Cregular%2C700|font_style:400%20regular%3A400%3Anormal&#8220; el_class=&#8220;banner-txt&#8220;][vc_separator color=&#8220;custom&#8220; align=&#8220;align_left&#8220; el_width=&#8220;20&#8243; accent_color=&#8220;#f8f8f8&#8243; el_class=&#8220;banner-txt&#8220;][vc_custom_heading text=&#8220;Murchison Falls \u21fe Kibale Forest \u21fe Queen Elizabeth Nationalpark \u21fe Bwindi Impenetrable \u21fe Entebbe&#8220; font_container=&#8220;tag:h2|font_size:18|text_align:left|color:%23ffffff&#8220; google_fonts=&#8220;font_family:Quicksand%3A300%2Cregular%2C700|font_style:400%20regular%3A400%3Anormal&#8220; el_class=&#8220;banner-txt&#8220;][\/vc_column][\/vc_row][vc_row css=&#8220;.vc_custom_1690451343941{padding-top: 10px !important;}&#8220;][vc_column][vc_tta_tabs shape=&#8220;square&#8220; [&hellip;]<\/p>\n","protected":false},"author":2,"featured_media":0,"parent":28065,"menu_order":10,"comment_status":"closed","ping_status":"closed","template":"","meta":{"_themeisle_gutenberg_block_has_review":false,"footnotes":""},"class_list":["post-32705","page","type-page","status-publish","hentry"],"_links":{"self":[{"href":"https:\/\/mufasatoursandtravels.com\/de\/wp-json\/wp\/v2\/pages\/32705","targetHints":{"allow":["GET"]}}],"collection":[{"href":"https:\/\/mufasatoursandtravels.com\/de\/wp-json\/wp\/v2\/pages"}],"about":[{"href":"https:\/\/mufasatoursandtravels.com\/de\/wp-json\/wp\/v2\/types\/page"}],"author":[{"embeddable":true,"href":"https:\/\/mufasatoursandtravels.com\/de\/wp-json\/wp\/v2\/users\/2"}],"replies":[{"embeddable":true,"href":"https:\/\/mufasatoursandtravels.com\/de\/wp-json\/wp\/v2\/comments?post=32705"}],"version-history":[{"count":14,"href":"https:\/\/mufasatoursandtravels.com\/de\/wp-json\/wp\/v2\/pages\/32705\/revisions"}],"predecessor-version":[{"id":44036,"href":"https:\/\/mufasatoursandtravels.com\/de\/wp-json\/wp\/v2\/pages\/32705\/revisions\/44036"}],"up":[{"embeddable":true,"href":"https:\/\/mufasatoursandtravels.com\/de\/wp-json\/wp\/v2\/pages\/28065"}],"wp:attachment":[{"href":"https:\/\/mufasatoursandtravels.com\/de\/wp-json\/wp\/v2\/media?parent=32705"}],"curies":[{"name":"wp","href":"https:\/\/api.w.org\/{rel}","templated":true}]}}