{"id":33036,"date":"2023-01-05T09:53:37","date_gmt":"2023-01-05T06:53:37","guid":{"rendered":"https:\/\/mufasatoursandtravels.com\/watamu-beach-safari-verlaengerung\/"},"modified":"2025-04-10T16:56:19","modified_gmt":"2025-04-10T13:56:19","slug":"watamu-beach-safari-verlaengerung","status":"publish","type":"page","link":"https:\/\/mufasatoursandtravels.com\/de\/kenia-safari-mit-dem-auto\/stranderweiterung-safaris\/watamu-beach-safari-verlaengerung\/","title":{"rendered":"Watamu Beach Safari Verl\u00e4ngerung"},"content":{"rendered":"[vc_row full_width=&#8220;stretch_row&#8220; gap=&#8220;1&#8243;][vc_column parallax=&#8220;content-moving&#8220; parallax_image=&#8220;8140&#8243; parallax_speed_bg=&#8220;1.7&#8243; css=&#8220;.vc_custom_1687338890669{padding: 80px !important;}&#8220;][vc_custom_heading text=&#8220;WATAMU &amp; MALINDI ERWEITERUNG&#8220; font_container=&#8220;tag:h1|font_size:32|text_align:center|color:%23ffffff&#8220; google_fonts=&#8220;font_family:Roboto%3A100%2C100italic%2C300%2C300italic%2Cregular%2Citalic%2C500%2C500italic%2C700%2C700italic%2C900%2C900italic|font_style:400%20regular%3A400%3Anormal&#8220;][vc_separator color=&#8220;custom&#8220; border_width=&#8220;2&#8243; el_width=&#8220;50&#8243; accent_color=&#8220;#f8f8f8&#8243;][vc_empty_space][\/vc_column][\/vc_row][vc_row][vc_column][vc_tta_tabs shape=&#8220;square&#8220; color=&#8220;juicy-pink&#8220; alignment=&#8220;center&#8220; active_section=&#8220;1&#8243; no_fill_content_area=&#8220;true&#8220;][vc_tta_section title=&#8220;\u00dcber&#8220; tab_id=&#8220;1633454673222-3d94f956-010c&#8220;][info_list_father listclr=&#8220;#f8f8f8&#8243;][info_list_son style=&#8220;icon&#8220; size=&#8220;15&#8243; width=&#8220;20&#8243; height=&#8220;20&#8243; titleclr=&#8220;#811a18&#8243; title=&#8220;About Malindi.&#8220; icon=&#8220;fas fa-paw&#8220; iconclr=&#8220;#811a18&#8243; lineheight=&#8220;2&#8243; iconbg=&#8220;#f8f8f8&#8243; borderclr=&#8220;#890000&#8243;]Standing on a panoramic sweep of the bay where surfing is possible all-year-round, Malindi boasts numerous water-sport centres and 13 superb dive sites. It also offers the Malindi Marine National Park, world-renowned for its coral reef and visits by turtles, whale sharks and dolphins. This is the perfect spot for snorkeling.<\/p>\n<p>Malindi is also celebrated as a big game fishing destination &#8211; especially so for its abundance of sailfish, marlin and barracuda.[\/info_list_son][info_list_son style=&#8220;icon&#8220; size=&#8220;15&#8243; width=&#8220;20&#8243; height=&#8220;20&#8243; titleclr=&#8220;#811a18&#8243; title=&#8220;About Watamu.&#8220; icon=&#8220;fas fa-paw&#8220; iconclr=&#8220;#811a18&#8243; lineheight=&#8220;2&#8243; iconbg=&#8220;#f8f8f8&#8243; borderclr=&#8220;#890000&#8243;]Watamu epitomize tropical paradise: picture-perfect beaches, clear ocean waters, and the space to do as much or as little as you please. And there\u2019s no shortage of activities on offer.<\/p>\n<p>The\u00a0<strong>Watamu National Marine Park and Reserve<\/strong> offer kitesurfing, paddleboarding, boogie-boarding, snorkeling, and sailing. It also boasts a glorious coral reef with 1000 species of reef fish and sightings of manta rays, grouper, and barracuda. A world-renowned diving destination, Watamu offers year-round clear water and an impressive selection of world-class dive profiles including cliffs, dropoffs, night dives, and wreck dives. Watamu is also known as the game fishing capital of East Africa, boasting record-breaking marlin, wahoo, and sailfish.<\/p>\n<p>Watamu village is a unique mix of enchanting Swahili culture and modern facilities. There are Italian coffee shops, gelato bars, wine shops, delicatessens, and bakeries. Restaurants range from gourmet to authentic local cuisine, and in the evening there\u2019s a great selection of bars, discos, and clubs.[\/info_list_son][\/info_list_father][vc_btn title=&#8220;Angebot anfordern&#8220; style=&#8220;outline-custom&#8220; outline_custom_color=&#8220;#890000&#8243; outline_custom_hover_background=&#8220;#890000&#8243; outline_custom_hover_text=&#8220;#ffffff&#8220; shape=&#8220;square&#8220; size=&#8220;sm&#8220; align=&#8220;center&#8220; i_align=&#8220;right&#8220; i_icon_fontawesome=&#8220;fas fa-angle-right&#8220; add_icon=&#8220;true&#8220; link=&#8220;url:https%3A%2F%2Fmufasatoursandtravels.com%2Fde%2Fangebot-anfordern%2F|title:Angebot%20anfordern|&#8220;][\/vc_tta_section][vc_tta_section title=&#8220;Inklusive\/Exklusiv&#8220; tab_id=&#8220;1633455601016-f93699bc-5d92&#8243;][vc_row_inner][vc_column_inner width=&#8220;1\/2&#8243;][info_list_father listclr=&#8220;#f8f8f8&#8243;][info_list_son style=&#8220;icon&#8220; size=&#8220;15&#8243; width=&#8220;20&#8243; height=&#8220;20&#8243; titleclr=&#8220;#890000&#8243; icon=&#8220;fas fa-plus-circle&#8220; iconclr=&#8220;#890000&#8243; title=&#8220;IINKLUSIVE&#8220; lineheight=&#8220;2&#8243; iconbg=&#8220;#f8f8f8&#8243; borderclr=&#8220;#890000&#8243;]\n<ul>\n<li>Mahlzeiten wie angegeben.<\/li>\n<li>Unterkunft in der Kategorie Standardzimmer.<\/li>\n<li>Hoteleinrichtungen wie WLAN, Schwimmen, Fitnessraum usw.<\/li>\n<\/ul>\n[\/info_list_son][\/info_list_father][\/vc_column_inner][vc_column_inner width=&#8220;1\/2&#8243;][info_list_father listclr=&#8220;#f8f8f8&#8243;][info_list_son style=&#8220;icon&#8220; size=&#8220;15&#8243; width=&#8220;20&#8243; height=&#8220;20&#8243; titleclr=&#8220;#890000&#8243; icon=&#8220;fas fa-plus-circle&#8220; iconclr=&#8220;#890000&#8243; title=&#8220;AUSGESCHLOSSEN&#8220; lineheight=&#8220;2&#8243; iconbg=&#8220;#f8f8f8&#8243; borderclr=&#8220;#890000&#8243;]\n<ul>\n<li>Zus\u00e4tzliche Aktivit\u00e4ten wie Schnorcheln, Kitesurfen usw.<\/li>\n<li>Tipps.<\/li>\n<li>Pers\u00f6nliche Gegenst\u00e4nde (Souvenirs, Reiseversicherungen, Visageb\u00fchren usw.).<\/li>\n<li>Transport zu den Unterk\u00fcnften wie Fl\u00fcge, Zugtickets usw.<\/li>\n<li>Die Regierung verh\u00e4ngte eine Erh\u00f6hung der Steuern und\/oder Parkgeb\u00fchren.<\/li>\n<\/ul>\n[\/info_list_son][\/info_list_father][\/vc_column_inner][\/vc_row_inner][\/vc_tta_section][\/vc_tta_tabs][\/vc_column][\/vc_row][vc_row][vc_column el_id=&#8220;disclaimer&#8220;][vc_column_text]\n<p style=\"text-align: left;\"><strong>VERZICHTSERKL\u00c4RUNG.<\/strong><\/p>\n<ul>\n<li>Diese Tour wird von <a href=\"https:\/\/mufasatoursandtravels.com\/de\/\">Mufasa Tours and Travels<\/a> angeboten.<\/li>\n<li>Alle unsere Safaris finden auf privater Basis statt.<\/li>\n<li>Kinder zwischen 0 \u2013 2 Jahren sind kostenlos.<\/li>\n<li>Kinder von 3 \u2013 12 Jahren zahlen 50% des Erwachsenenpreises, wenn sie im selben Zimmer mit Erwachsenen \u00fcbernachten.<\/li>\n<li>Kinder von 3 \u2013 12 Jahren zahlen 75% des Erwachsenenpreises, wenn sie in einem separaten Zimmer von Erwachsenen \u00fcbernachten.<\/li>\n<li>Kinder \u00fcber 12 Jahre werden in den Camps und Lodges als Erwachsene anerkannt.<\/li>\n<li>Wir behalten uns das Recht vor, das Programm wie angek\u00fcndigt zu \u00e4ndern.<\/li>\n<li>Sollte eine Unterkunft ausgebucht sein, schlagen wir Ihnen vergleichbare Alternativm\u00f6glichkeiten vor.<\/li>\n<li>Die genaue Reihenfolge, der Inhalt und die Preise dieser Tour unterliegen der Verf\u00fcgbarkeit.<\/li>\n<li>Diese Tour unterliegt den <a href=\"https:\/\/mufasatoursandtravels.com\/de\/allgemeine-geschaeftsbedingungen\/\">Allgemeinen Gesch\u00e4ftsbedingungen<\/a> von <a href=\"https:\/\/mufasatoursandtravels.com\/de\/\">Mufasa Tours and Travels.<\/a><\/li>\n<\/ul>\n[\/vc_column_text][\/vc_column][\/vc_row]\n","protected":false},"excerpt":{"rendered":"<p>[vc_row full_width=&#8220;stretch_row&#8220; gap=&#8220;1&#8243;][vc_column parallax=&#8220;content-moving&#8220; parallax_image=&#8220;8140&#8243; parallax_speed_bg=&#8220;1.7&#8243; css=&#8220;.vc_custom_1687338890669{padding: 80px !important;}&#8220;][vc_custom_heading text=&#8220;WATAMU &amp; MALINDI ERWEITERUNG&#8220; font_container=&#8220;tag:h1|font_size:32|text_align:center|color:%23ffffff&#8220; google_fonts=&#8220;font_family:Roboto%3A100%2C100italic%2C300%2C300italic%2Cregular%2Citalic%2C500%2C500italic%2C700%2C700italic%2C900%2C900italic|font_style:400%20regular%3A400%3Anormal&#8220;][vc_separator color=&#8220;custom&#8220; border_width=&#8220;2&#8243; el_width=&#8220;50&#8243; accent_color=&#8220;#f8f8f8&#8243;][vc_empty_space][\/vc_column][\/vc_row][vc_row][vc_column][vc_tta_tabs shape=&#8220;square&#8220; color=&#8220;juicy-pink&#8220; alignment=&#8220;center&#8220; active_section=&#8220;1&#8243; no_fill_content_area=&#8220;true&#8220;][vc_tta_section title=&#8220;\u00dcber&#8220; tab_id=&#8220;1633454673222-3d94f956-010c&#8220;][info_list_father listclr=&#8220;#f8f8f8&#8243;][info_list_son style=&#8220;icon&#8220; size=&#8220;15&#8243; width=&#8220;20&#8243; height=&#8220;20&#8243; titleclr=&#8220;#811a18&#8243; title=&#8220;About Malindi.&#8220; icon=&#8220;fas fa-paw&#8220; iconclr=&#8220;#811a18&#8243; lineheight=&#8220;2&#8243; iconbg=&#8220;#f8f8f8&#8243; borderclr=&#8220;#890000&#8243;]Standing on a panoramic sweep of the bay where surfing is possible all-year-round, Malindi boasts numerous [&hellip;]<\/p>\n","protected":false},"author":4,"featured_media":0,"parent":33938,"menu_order":2,"comment_status":"closed","ping_status":"closed","template":"","meta":{"_themeisle_gutenberg_block_has_review":false,"footnotes":""},"class_list":["post-33036","page","type-page","status-publish","hentry"],"_links":{"self":[{"href":"https:\/\/mufasatoursandtravels.com\/de\/wp-json\/wp\/v2\/pages\/33036","targetHints":{"allow":["GET"]}}],"collection":[{"href":"https:\/\/mufasatoursandtravels.com\/de\/wp-json\/wp\/v2\/pages"}],"about":[{"href":"https:\/\/mufasatoursandtravels.com\/de\/wp-json\/wp\/v2\/types\/page"}],"author":[{"embeddable":true,"href":"https:\/\/mufasatoursandtravels.com\/de\/wp-json\/wp\/v2\/users\/4"}],"replies":[{"embeddable":true,"href":"https:\/\/mufasatoursandtravels.com\/de\/wp-json\/wp\/v2\/comments?post=33036"}],"version-history":[{"count":1,"href":"https:\/\/mufasatoursandtravels.com\/de\/wp-json\/wp\/v2\/pages\/33036\/revisions"}],"predecessor-version":[{"id":33038,"href":"https:\/\/mufasatoursandtravels.com\/de\/wp-json\/wp\/v2\/pages\/33036\/revisions\/33038"}],"up":[{"embeddable":true,"href":"https:\/\/mufasatoursandtravels.com\/de\/wp-json\/wp\/v2\/pages\/33938"}],"wp:attachment":[{"href":"https:\/\/mufasatoursandtravels.com\/de\/wp-json\/wp\/v2\/media?parent=33036"}],"curies":[{"name":"wp","href":"https:\/\/api.w.org\/{rel}","templated":true}]}}