{"id":33037,"date":"2023-02-17T20:49:08","date_gmt":"2023-02-17T17:49:08","guid":{"rendered":"https:\/\/mufasatoursandtravels.com\/kenia-flugsafaris\/kenia-flying-safaris-kurzaufenthalt\/southern-sky-flugsafari\/"},"modified":"2026-03-06T18:01:28","modified_gmt":"2026-03-06T15:01:28","slug":"southern-sky-flugsafari","status":"publish","type":"page","link":"https:\/\/mufasatoursandtravels.com\/de\/kenia-flugsafaris\/kenia-flying-safaris-kurzaufenthalt\/southern-sky-flugsafari\/","title":{"rendered":"Southern Sky Flugsafari"},"content":{"rendered":"[vc_row css=&#8220;.vc_custom_1678799337936{border-top-width: 10px !important;border-right-width: 10px !important;border-bottom-width: 10px !important;border-left-width: 10px !important;}&#8220;][vc_column parallax=&#8220;content-moving&#8220; parallax_image=&#8220;11307&#8243; parallax_speed_bg=&#8220;2.1&#8243; css=&#8220;.vc_custom_1690362566163{padding-top: 80px !important;padding-right: 80px !important;padding-bottom: 80px !important;padding-left: 80px !important;}&#8220;][vc_custom_heading text=&#8220;S\u00dcDLICHER HIMMEL&#8220; font_container=&#8220;tag:h2|font_size:32|text_align:center|color:%23ffffff&#8220; google_fonts=&#8220;font_family:Roboto%3A100%2C100italic%2C300%2C300italic%2Cregular%2Citalic%2C500%2C500italic%2C700%2C700italic%2C900%2C900italic|font_style:500%20bold%20regular%3A500%3Anormal&#8220;][vc_custom_heading text=&#8220;Fliegen Sie ein&#8220; font_container=&#8220;tag:h2|font_size:20|text_align:center|color:%23ffffff&#8220; google_fonts=&#8220;font_family:Roboto%3A100%2C100italic%2C300%2C300italic%2Cregular%2Citalic%2C500%2C500italic%2C700%2C700italic%2C900%2C900italic|font_style:400%20regular%3A400%3Anormal&#8220;][vc_separator color=&#8220;custom&#8220; el_width=&#8220;80&#8243; accent_color=&#8220;#f8f8f8&#8243;][vc_custom_heading text=&#8220;Amboseli \u21fe Masai Mara&#8220; font_container=&#8220;tag:h2|font_size:22|text_align:center|color:%23ffffff&#8220; google_fonts=&#8220;font_family:Roboto%3A100%2C100italic%2C300%2C300italic%2Cregular%2Citalic%2C500%2C500italic%2C700%2C700italic%2C900%2C900italic|font_style:400%20regular%3A400%3Anormal&#8220;][vc_empty_space height=&#8220;64px&#8220;][\/vc_column][\/vc_row][vc_row css=&#8220;.vc_custom_1678799352947{border-top-width: 10px !important;border-right-width: 10px !important;border-bottom-width: 10px !important;border-left-width: 10px !important;}&#8220;][vc_column][vc_tta_tabs shape=&#8220;square&#8220; color=&#8220;juicy-pink&#8220; alignment=&#8220;center&#8220; active_section=&#8220;1&#8243;][vc_tta_section title=&#8220;Programm&#8220; tab_id=&#8220;1646384790848-1498beff-bda8&#8243;][info_list_father listclr=&#8220;#f8f8f8&#8243;][info_list_son style=&#8220;icon&#8220; size=&#8220;15&#8243; width=&#8220;20&#8243; height=&#8220;20&#8243; titleclr=&#8220;#890000&#8243; icon=&#8220;fas fa-map-marker-alt&#8220; iconclr=&#8220;#890000&#8243; title=&#8220;TAG 1: NAIROBI FLUG NACH AMBOSELI&#8220; caption_url=&#8220;&#8220;]\n<ul>\n<li>Abholung vom Hotel in Nairobi um 6.00 Uhr durch unseren Unternehmensvertreter und Transfer zum Flughafen Wilson.<\/li>\n<li>Checken Sie ein und warten Sie um 7.30 Uhr auf das Boarding in den Amboseli-Nationalpark, Ankunft um 8.30 Uhr.<\/li>\n<li>Bei Ihrer Ankunft in Amboseli werden Sie von unserem Fahrerf\u00fchrer an der Landebahn abgeholt und zu Ihrem jeweiligen Camp oder Ihrer Lodge mit Pirschfahrten auf dem Weg innerhalb des Amboseli Nationalparks gebracht.<\/li>\n<li>Ankunft zum Mittagessen und Check-in im Camp oder in der Lodge und Entspannung.<\/li>\n<li>Am Abend geht es dann auf eine abendliche Pirschfahrt innerhalb des Amboseli Nationalparks bis zum afrikanischen Sonnenuntergang.<\/li>\n<li>R\u00fcckkehr zur Lodge f\u00fcr das Abendessen und die \u00dcbernachtung.<\/li>\n<\/ul>\n[\/info_list_son][info_list_son style=&#8220;icon&#8220; size=&#8220;15&#8243; width=&#8220;20&#8243; height=&#8220;20&#8243; titleclr=&#8220;#890000&#8243; icon=&#8220;fas fa-paw&#8220; iconclr=&#8220;#890000&#8243; title=&#8220;TAG 2: AMBOSELI FLUG \u00dcBER NAIROBI NACH MASAI MARA&#8220; caption_url=&#8220;&#8220;]\n<ul>\n<li data-shorten=\"300\">Fr\u00fches Fr\u00fchst\u00fcck in der Lodge oder im Camp.<\/li>\n<li data-shorten=\"300\">Checken Sie aus und fahren Sie zur Landebahn mit Pirschfahrten auf dem Weg, um den R\u00fcckflug nach Nairobi um 8.30 Uhr zu nehmen und um 9.30 Uhr in Nairobi anzukommen.<\/li>\n<li data-shorten=\"300\">Nach der Ankunft am Flughafen Wilson steigen Sie um 10.00 Uhr in den n\u00e4chsten Flug nach Masai Mara.<\/li>\n<li>Bei Ihrer Ankunft in der Masai Mara werden Sie von unserem Fahrerf\u00fchrer auf der Landebahn abgeholt und zu Ihrem jeweiligen Camp oder Ihrer Lodge mit Pirschfahrten auf dem Weg innerhalb des Masai Mara Nationalreservats gebracht.<\/li>\n<li>Ankunft zum Mittagessen und Check-in im Camp oder in der Lodge und Entspannung.<\/li>\n<li>Am Abend begeben Sie sich auf eine abendliche Pirschfahrt innerhalb des Masai Mara Nationalreservats bis zum afrikanischen Sonnenuntergang.<\/li>\n<li>R\u00fcckkehr zur Lodge f\u00fcr das Abendessen und die \u00dcbernachtung.<\/li>\n<\/ul>\n[\/info_list_son][info_list_son style=&#8220;icon&#8220; size=&#8220;15&#8243; width=&#8220;20&#8243; height=&#8220;20&#8243; titleclr=&#8220;#890000&#8243; icon=&#8220;fas fa-paw&#8220; iconclr=&#8220;#890000&#8243; title=&#8220;TAG 3: PIRSCHFAHRTEN IN DER MASAI MARA&#8220; caption_url=&#8220;&#8220;]\n<ul>\n<li data-shorten=\"300\">Fr\u00fches Fr\u00fchst\u00fcck im Camp oder in der Lodge.<\/li>\n<li data-shorten=\"300\">Nach dem Fr\u00fchst\u00fcck brechen die G\u00e4ste am fr\u00fchen Morgen zu einem ganzen Tag in das <a href=\"https:\/\/www.safaribookings.com\/masai-mara\" rel=\"nofollow noopener\" target=\"_blank\">Masai Mara Nationalreservat<\/a> auf, um unter dem offenen Dach eines Tourfahrzeugs mit Lunchpaket nach den <a href=\"https:\/\/www.nationalgeographic.com\/animals\/article\/africa-big-five-safaris-lions\" rel=\"nofollow noopener\" target=\"_blank\">Big Five Afrikas<\/a> zu suchen, mit Lunchpaket, das als Picknick in der wilden Savanne serviert wird. Die <a href=\"https:\/\/www.nationalgeographic.com\/animals\/article\/africa-big-five-safaris-lions\" rel=\"nofollow noopener\" target=\"_blank\">Big Five Afrikas<\/a> sind der afrikanische Elefant, der L\u00f6we, das Nashorn, der B\u00fcffel und der Leopard sowie eine Vielzahl von Vogelarten von mehr als 200 Arten und Pflanzenfressern wie Zebras und Gnus in gro\u00dfer Zahl auf dem Weg zum <a href=\"https:\/\/en.wikipedia.org\/wiki\/Mara_River\" rel=\"nofollow noopener\" target=\"_blank\">Great Mara River<\/a> , wo jedes Jahr von Juli bis August das 8. Weltwunder stattfindet, das sogenannte <a href=\"https:\/\/www.masaimara.com\/great-migration-kenya.php#:~:text=Each%20year%2C%20over%20two%20million,an%20iconic%20safari%20must%2Dsee.\" rel=\"nofollow noopener\" target=\"_blank\">Great Wildebeest Migration<\/a>. Sie werden diese erstaunliche Tierwelt w\u00e4hrend der ganzt\u00e4gigen Pirschfahrt vom offenen Dach des Fahrzeugs aus beobachten, um bis zum sp\u00e4ten Nachmittag eine herrliche Aussicht zu genie\u00dfen und Fotos zu machen.  <\/li>\n<li data-shorten=\"300\">R\u00fcckkehr zur Lodge zum Abendessen und \u00dcbernachtung im Camp oder in der Lodge.<\/li>\n<\/ul>\n[\/info_list_son][info_list_son style=&#8220;icon&#8220; size=&#8220;15&#8243; width=&#8220;20&#8243; height=&#8220;20&#8243; titleclr=&#8220;#890000&#8243; icon=&#8220;fas fa-paw&#8220; iconclr=&#8220;#890000&#8243; title=&#8220;TAG 4: MASAI MARA FLUG NACH NAIROBI&#8220; caption_url=&#8220;&#8220;]\n<ul>\n<li>Fr\u00fches Fr\u00fchst\u00fcck im Camp oder in der Lodge.<\/li>\n<li>Genie\u00dfen Sie eine Pirschfahrt bei Sonnenaufgang im <a href=\"https:\/\/www.safaribookings.com\/masai-mara\" rel=\"nofollow noopener\" target=\"_blank\">Masai Mara Nationalreservat<\/a> , bei der Sie die M\u00f6glichkeit haben, vom offenen Dach des Fahrzeugs aus die Tierwelt mit einem Sonnenaufgangshintergrund zu betrachten.<\/li>\n<li data-shorten=\"300\">Danach, wenn die G\u00e4ste m\u00f6chten, k\u00f6nnen sie das Massai Cultural Village optional @ $ 20 pro Person besuchen, w\u00e4hrend sie zur\u00fcck nach Nairobi fahren.<\/li>\n<li data-shorten=\"300\">Fahren Sie zur Landebahn und nehmen Sie um 11.00 Uhr den Flug, um zur\u00fcck zum Flughafen Wilson zu fliegen.<\/li>\n<li data-shorten=\"300\">Bei Ihrer Ankunft wird Sie unser Firmenvertreter abholen und Sie zu Ihrem jeweiligen Hotel in Nairobi bringen.<\/li>\n<\/ul>\n[\/info_list_son][\/info_list_father][\/vc_tta_section][vc_tta_section title=&#8220;Inklusiv\/Exklusiv&#8220; tab_id=&#8220;1646384791347-62216ac9-c080&#8243;][vc_row_inner][vc_column_inner width=&#8220;1\/2&#8243;][info_list_father][info_list_son style=&#8220;icon&#8220; size=&#8220;15&#8243; width=&#8220;10&#8243; height=&#8220;10&#8243; titleclr=&#8220;#890000&#8243; icon=&#8220;fas fa-paw&#8220; iconclr=&#8220;#890000&#8243; title=&#8220;IINKLUSIVE&#8220; caption_url=&#8220;&#8220; borderclr=&#8220;#890000&#8243; iconbg=&#8220;#f8f8f8&#8243;]\n<ul class=\"list list--icon\">\n<li>Parkgeb\u00fchren f\u00fcr den Park angegeben.<\/li>\n<li>Transport in einem Landcruiser mit offenem Dach.<\/li>\n<li>Service eines professionellen Fahrf\u00fchrers.<\/li>\n<li>Mahlzeiten mit voller Verpflegung in der Lodge oder im Camp.<\/li>\n<li>3 \u00dcbernachtungen im jeweils angegebenen Hotel.<\/li>\n<li>Unbegrenztes Wasser im Fahrzeug.<\/li>\n<li>Flugtickets wie angegeben.<\/li>\n<li>Flughafentransfers<\/li>\n<\/ul>\n<p>&nbsp;[\/info_list_son][\/info_list_father][\/vc_column_inner][vc_column_inner width=&#8220;1\/2&#8243;][info_list_father][info_list_son style=&#8220;icon&#8220; size=&#8220;15&#8243; width=&#8220;10&#8243; height=&#8220;10&#8243; titleclr=&#8220;#890000&#8243; icon=&#8220;fas fa-paw&#8220; iconclr=&#8220;#890000&#8243; title=&#8220;AUSGESCHLOSSEN&#8220; iconbg=&#8220;#f8f8f8&#8243; caption_url=&#8220;&#8220; borderclr=&#8220;#890000&#8243;]\n<ul class=\"list list--icon\">\n<li>Kultureller Besuch des Masai Village @ $ 20 pro Person.<\/li>\n<li>Tipps zum Fahrerf\u00fchrer (<strong>Sehr empfehlenswert<\/strong>).<\/li>\n<li>Pers\u00f6nliche Gegenst\u00e4nde <span class=\"txt--xsmall txt--xgrey\">(Souvenirs, Reiseversicherungen, Visageb\u00fchren, etc.)<\/span><\/li>\n<li>Zus\u00e4tzliche Unterkunft vor und am Ende der Tour.<\/li>\n<li>Die Regierung verh\u00e4ngte eine Erh\u00f6hung der Steuern und\/oder Parkgeb\u00fchren.<\/li>\n<li>Hei\u00dfluftballonfahrten @ $ 505 pro Erwachsener \/ $ 380 pro Kind (<strong>unter 18 Jahren<\/strong>).<\/li>\n<li>Die Freigep\u00e4ckmenge ist STRENG auf 15 kg pro Person begrenzt.<\/li>\n<li>Kleinkinder, die nicht f\u00fcr einen Sitzplatz bezahlen, haben keinen Anspruch auf Freigep\u00e4ck.<\/li>\n<\/ul>\n<p>&nbsp;[\/info_list_son][\/info_list_father][\/vc_column_inner][\/vc_row_inner][\/vc_tta_section][vc_tta_section title=&#8220;Checkliste f\u00fcr Reisen&#8220; tab_id=&#8220;1646384792962-ceb76e6c-5c6d&#8220;][vc_row_inner][vc_column_inner width=&#8220;1\/2&#8243;][vc_custom_heading text=&#8220;Vor der Reise&#8220; font_container=&#8220;tag:h2|text_align:left|color:%23890000&#8243; google_fonts=&#8220;font_family:Open%20Sans%3A300%2C300italic%2Cregular%2Citalic%2C600%2C600italic%2C700%2C700italic%2C800%2C800italic&#8220;][vc_separator color=&#8220;custom&#8220; align=&#8220;align_left&#8220; border_width=&#8220;2&#8243; el_width=&#8220;20&#8243; accent_color=&#8220;#890000&#8243;][vc_column_text]Bevor Sie Ihre Reise antreten, sollten Sie unbedingt unsere umfassenden Reisetipps f\u00fcr ein nahtloses Erlebnis durchlesen.[\/vc_column_text][vc_btn title=&#8220;Weitere Informationen&#8220; style=&#8220;outline-custom&#8220; outline_custom_color=&#8220;#890000&#8243; outline_custom_hover_background=&#8220;#890000&#8243; outline_custom_hover_text=&#8220;#ffffff&#8220; shape=&#8220;square&#8220; size=&#8220;sm&#8220; i_align=&#8220;right&#8220; i_icon_fontawesome=&#8220;fas fa-angle-right&#8220; add_icon=&#8220;true&#8220; link=&#8220;url:https%3A%2F%2Fmufasatoursandtravels.com%2Fpreparing-to-travel%2F|title:Reisevorbereitung|&#8220;][\/vc_column_inner][vc_column_inner width=&#8220;1\/2&#8243;][vc_custom_heading text=&#8220;Bei der Buchung&#8220; font_container=&#8220;tag:h2|text_align:left|color:%23890000&#8243; google_fonts=&#8220;font_family:Open%20Sans%3A300%2C300italic%2Cregular%2Citalic%2C600%2C600italic%2C700%2C700italic%2C800%2C800italic&#8220;][vc_separator color=&#8220;custom&#8220; align=&#8220;align_left&#8220; border_width=&#8220;2&#8243; el_width=&#8220;20&#8243; accent_color=&#8220;#890000&#8243;][vc_column_text]Verbessern Sie Ihre Reiseplanung, indem Sie wertvolle Reiseinformationen herunterladen, wie Reisepass- und Visabestimmungen, empfohlene Impfungen, Gep\u00e4ckbeschr\u00e4nkungen, Packlisten und Trinkgeldrichtlinien.[\/vc_column_text][vc_btn title=&#8220;Weitere Informationen&#8220; style=&#8220;outline-custom&#8220; outline_custom_color=&#8220;#890000&#8243; outline_custom_hover_background=&#8220;#890000&#8243; outline_custom_hover_text=&#8220;#ffffff&#8220; shape=&#8220;square&#8220; size=&#8220;sm&#8220; i_align=&#8220;right&#8220; i_icon_fontawesome=&#8220;fas fa-angle-right&#8220; add_icon=&#8220;true&#8220; link=&#8220;url:https%3A%2F%2Fmufasatoursandtravels.com%2Fwhat-to-know-before-arrival-in-east-africa%2F|title:WAS%20SIE%20VOR%20DER%20ANKUNFT%20IN%20OSTAFRIKA%20WISSEN%20SOLLTEN|&#8220;][\/vc_column_inner][\/vc_row_inner][vc_row_inner][vc_column_inner width=&#8220;1\/2&#8243;][vc_custom_heading text=&#8220;Auf Tournee&#8220; font_container=&#8220;tag:h2|text_align:left|color:%23890000&#8243; google_fonts=&#8220;font_family:Open%20Sans%3A300%2C300italic%2Cregular%2Citalic%2C600%2C600italic%2C700%2C700italic%2C800%2C800italic&#8220;][vc_separator color=&#8220;custom&#8220; align=&#8220;align_left&#8220; border_width=&#8220;2&#8243; el_width=&#8220;20&#8243; accent_color=&#8220;#890000&#8243;][vc_column_text]Maximieren Sie den Erfolg Ihrer Reise, indem Sie wichtige Informationen zu Ihrem Reiseziel herunterladen, einschlie\u00dflich Pass- und Visabestimmungen, Impfrichtlinien, Gep\u00e4ckbeschr\u00e4nkungen, Packliste und Trinkgeldtipps.[\/vc_column_text][vc_btn title=&#8220;Weitere Informationen&#8220; style=&#8220;outline-custom&#8220; outline_custom_color=&#8220;#890000&#8243; outline_custom_hover_background=&#8220;#890000&#8243; outline_custom_hover_text=&#8220;#ffffff&#8220; shape=&#8220;square&#8220; size=&#8220;sm&#8220; i_align=&#8220;right&#8220; i_icon_fontawesome=&#8220;fas fa-angle-right&#8220; add_icon=&#8220;true&#8220; link=&#8220;url:https%3A%2F%2Fmufasatoursandtravels.com%2Fpassports-and-visas%2F|title:P%C3%A4sse%20und%20Visa|&#8220;][\/vc_column_inner][vc_column_inner width=&#8220;1\/2&#8243;][vc_custom_heading text=&#8220;Nach der Reise&#8220; font_container=&#8220;tag:h2|text_align:left|color:%23890000&#8243; google_fonts=&#8220;font_family:Open%20Sans%3A300%2C300italic%2Cregular%2Citalic%2C600%2C600italic%2C700%2C700italic%2C800%2C800italic&#8220;][vc_separator color=&#8220;custom&#8220; align=&#8220;align_left&#8220; border_width=&#8220;2&#8243; el_width=&#8220;20&#8243; accent_color=&#8220;#890000&#8243;][vc_column_text]W\u00e4hrend Sie das Nachgl\u00fchen Ihres Abenteuers genie\u00dfen, helfen wir Ihnen mit wichtigen Tipps nach der Reise, damit Ihre R\u00fcckkehr nach Hause genauso reibungslos und angenehm verl\u00e4uft wie Ihre Reise selbst.[\/vc_column_text][\/vc_column_inner][\/vc_row_inner][\/vc_tta_section][\/vc_tta_tabs][wdo_ult_icon_seperator wdo_seperator_icon=&#8220;fas fa-paw&#8220; wdo_seperator_color=&#8220;#890000&#8243; wdo_seperator_opacity=&#8220;.2&#8243;][vc_btn title=&#8220;Holen Sie sich ein Angebot an&#8220; style=&#8220;outline-custom&#8220; outline_custom_color=&#8220;#890000&#8243; outline_custom_hover_background=&#8220;#890000&#8243; outline_custom_hover_text=&#8220;#ffffff&#8220; shape=&#8220;square&#8220; size=&#8220;sm&#8220; align=&#8220;center&#8220; i_align=&#8220;right&#8220; i_icon_fontawesome=&#8220;fas fa-angle-right&#8220; add_icon=&#8220;true&#8220; link=&#8220;url:https%3A%2F%2Fmufasatoursandtravels.com%2Frequest-a-quote%2F|title:Angebot%20anfordern|&#8220; css=&#8220;.vc_custom_1724155549314{padding: 10px !important;}&#8220;][vc_column_text]\n<p style=\"text-align: left;\"><strong>HAFTUNGSAUSSCHLUSS.<\/strong><\/p>\n<ul>\n<li>Diese Tour wird von <a href=\"https:\/\/mufasatoursandtravels.com\/de\/\">Mufasa Tours and Travels<\/a> angeboten.<\/li>\n<li>Alle unsere Safaris finden privat statt.<\/li>\n<li>Kinder im Alter von 0 bis 2 Jahren sind kostenlos.<\/li>\n<li>Kinder im Alter von 3 bis 12 Jahren zahlen 50 % des Erwachsenentarifs, wenn sie sich das gleiche Zimmer mit Erwachsenen teilen.<\/li>\n<li>Kinder im Alter von 3 bis 12 Jahren zahlen 75 % des Erwachsenentarifs, wenn sie in ihrem eigenen getrennten Zimmer von Erwachsenen wohnen.<\/li>\n<li>Kinder \u00fcber 12 Jahre werden in Camps und Lodges als Erwachsene anerkannt.<\/li>\n<li>Wir behalten uns das Recht vor, das Programm wie beworben zu \u00e4ndern.<\/li>\n<li>Wenn eine Unterkunft voll ausgebucht ist, schlagen wir vergleichbare Alternativen vor.<\/li>\n<li>Die genaue Reihenfolge, der Inhalt und die Preise dieser Tour h\u00e4ngen von der Verf\u00fcgbarkeit ab.<\/li>\n<li>Diese Tour unterliegt den <a href=\"https:\/\/mufasatoursandtravels.com\/de\/allgemeine-geschaeftsbedingungen-2\/\">Gesch\u00e4ftsbedingungen<\/a> von <a href=\"https:\/\/mufasatoursandtravels.com\/de\/\">Mufasa Tours and Travels.<\/a><\/li>\n<\/ul>\n[\/vc_column_text][\/vc_column][\/vc_row]\n","protected":false},"excerpt":{"rendered":"<p>[vc_row css=&#8220;.vc_custom_1678799337936{border-top-width: 10px !important;border-right-width: 10px !important;border-bottom-width: 10px !important;border-left-width: 10px !important;}&#8220;][vc_column parallax=&#8220;content-moving&#8220; parallax_image=&#8220;11307&#8243; parallax_speed_bg=&#8220;2.1&#8243; css=&#8220;.vc_custom_1690362566163{padding-top: 80px !important;padding-right: 80px !important;padding-bottom: 80px !important;padding-left: 80px !important;}&#8220;][vc_custom_heading text=&#8220;S\u00dcDLICHER HIMMEL&#8220; font_container=&#8220;tag:h2|font_size:32|text_align:center|color:%23ffffff&#8220; google_fonts=&#8220;font_family:Roboto%3A100%2C100italic%2C300%2C300italic%2Cregular%2Citalic%2C500%2C500italic%2C700%2C700italic%2C900%2C900italic|font_style:500%20bold%20regular%3A500%3Anormal&#8220;][vc_custom_heading text=&#8220;Fliegen Sie ein&#8220; font_container=&#8220;tag:h2|font_size:20|text_align:center|color:%23ffffff&#8220; google_fonts=&#8220;font_family:Roboto%3A100%2C100italic%2C300%2C300italic%2Cregular%2Citalic%2C500%2C500italic%2C700%2C700italic%2C900%2C900italic|font_style:400%20regular%3A400%3Anormal&#8220;][vc_separator color=&#8220;custom&#8220; el_width=&#8220;80&#8243; accent_color=&#8220;#f8f8f8&#8243;][vc_custom_heading text=&#8220;Amboseli \u21fe Masai Mara&#8220; font_container=&#8220;tag:h2|font_size:22|text_align:center|color:%23ffffff&#8220; google_fonts=&#8220;font_family:Roboto%3A100%2C100italic%2C300%2C300italic%2Cregular%2Citalic%2C500%2C500italic%2C700%2C700italic%2C900%2C900italic|font_style:400%20regular%3A400%3Anormal&#8220;][vc_empty_space height=&#8220;64px&#8220;][\/vc_column][\/vc_row][vc_row css=&#8220;.vc_custom_1678799352947{border-top-width: 10px !important;border-right-width: 10px !important;border-bottom-width: 10px !important;border-left-width: 10px !important;}&#8220;][vc_column][vc_tta_tabs shape=&#8220;square&#8220; color=&#8220;juicy-pink&#8220; alignment=&#8220;center&#8220; active_section=&#8220;1&#8243;][vc_tta_section title=&#8220;Programm&#8220; [&hellip;]<\/p>\n","protected":false},"author":7,"featured_media":0,"parent":31119,"menu_order":4,"comment_status":"closed","ping_status":"closed","template":"page-blank.php","meta":{"_themeisle_gutenberg_block_has_review":false,"footnotes":""},"class_list":["post-33037","page","type-page","status-publish","hentry"],"_links":{"self":[{"href":"https:\/\/mufasatoursandtravels.com\/de\/wp-json\/wp\/v2\/pages\/33037","targetHints":{"allow":["GET"]}}],"collection":[{"href":"https:\/\/mufasatoursandtravels.com\/de\/wp-json\/wp\/v2\/pages"}],"about":[{"href":"https:\/\/mufasatoursandtravels.com\/de\/wp-json\/wp\/v2\/types\/page"}],"author":[{"embeddable":true,"href":"https:\/\/mufasatoursandtravels.com\/de\/wp-json\/wp\/v2\/users\/7"}],"replies":[{"embeddable":true,"href":"https:\/\/mufasatoursandtravels.com\/de\/wp-json\/wp\/v2\/comments?post=33037"}],"version-history":[{"count":3,"href":"https:\/\/mufasatoursandtravels.com\/de\/wp-json\/wp\/v2\/pages\/33037\/revisions"}],"predecessor-version":[{"id":46306,"href":"https:\/\/mufasatoursandtravels.com\/de\/wp-json\/wp\/v2\/pages\/33037\/revisions\/46306"}],"up":[{"embeddable":true,"href":"https:\/\/mufasatoursandtravels.com\/de\/wp-json\/wp\/v2\/pages\/31119"}],"wp:attachment":[{"href":"https:\/\/mufasatoursandtravels.com\/de\/wp-json\/wp\/v2\/media?parent=33037"}],"curies":[{"name":"wp","href":"https:\/\/api.w.org\/{rel}","templated":true}]}}