{"id":33051,"date":"2022-05-31T13:08:51","date_gmt":"2022-05-31T10:08:51","guid":{"rendered":"https:\/\/mufasatoursandtravels.com\/uganda-safari\/6-tage-fluestern-des-windes\/"},"modified":"2026-01-29T11:33:49","modified_gmt":"2026-01-29T08:33:49","slug":"6-tage-fluestern-des-windes","status":"publish","type":"page","link":"https:\/\/mufasatoursandtravels.com\/de\/uganda-safari\/6-tage-fluestern-des-windes\/","title":{"rendered":"6 Tage Fl\u00fcstern Des Windes"},"content":{"rendered":"[vc_row full_width=&#8220;stretch_row&#8220; gap=&#8220;1&#8243;][vc_column parallax=&#8220;content-moving&#8220; parallax_image=&#8220;41273&#8243; css=&#8220;.vc_custom_1768548947271{padding-top: 80px !important;padding-right: 80px !important;padding-bottom: 80px !important;padding-left: 80px !important;}&#8220;][vc_custom_heading text=&#8220;Fl\u00fcstern des Windes&#8220; font_container=&#8220;tag:h2|font_size:32|text_align:left|color:%23ffffff&#8220; google_fonts=&#8220;font_family:Quicksand%3A300%2Cregular%2C700|font_style:400%20regular%3A400%3Anormal&#8220; el_class=&#8220;banner-txt&#8220;][vc_custom_heading text=&#8220;6 Tage&#8220; font_container=&#8220;tag:h2|font_size:22|text_align:left|color:%23ffffff&#8220; google_fonts=&#8220;font_family:Quicksand%3A300%2Cregular%2C700|font_style:400%20regular%3A400%3Anormal&#8220; el_class=&#8220;banner-txt&#8220;][vc_separator color=&#8220;custom&#8220; align=&#8220;align_left&#8220; el_width=&#8220;20&#8243; accent_color=&#8220;#f8f8f8&#8243; el_class=&#8220;banner-txt&#8220;][vc_custom_heading text=&#8220;Kampala \u21fe Kibale Wald \u21fe Queen Elizabeth Nationalpark \u21fe Bwindi Impenetrable \u21fe Entebbe&#8220; font_container=&#8220;tag:h2|font_size:18|text_align:left|color:%23ffffff&#8220; google_fonts=&#8220;font_family:Quicksand%3A300%2Cregular%2C700|font_style:300%20light%20regular%3A300%3Anormal&#8220; el_class=&#8220;banner-txt&#8220;][\/vc_column][\/vc_row][vc_row][vc_column css=&#8220;.vc_custom_1678438234909{border-top-width: 10px !important;border-right-width: 10px !important;border-bottom-width: 10px !important;border-left-width: 10px !important;}&#8220;][vc_tta_tabs shape=&#8220;square&#8220; color=&#8220;juicy-pink&#8220; alignment=&#8220;center&#8220; active_section=&#8220;1&#8243; no_fill_content_area=&#8220;true&#8220;][vc_tta_section title=&#8220;\u00dcberblick&#8220; tab_id=&#8220;1633892890537-5637ec0b-4c69&#8243;][vc_column_text]Begeben Sie sich auf eine unvergessliche Uganda-Safari. Diese sechst\u00e4gige Reiseroute nimmt Sie mit auf ein Abenteuer in Uganda und Ruanda. Von Kampala aus genie\u00dfen Sie die landschaftliche Sch\u00f6nheit des Viktoriasees, bevor Sie zum Lake Mburo National Park fahren, der f\u00fcr seine vielf\u00e4ltigen Vogelarten und Wildtiere bekannt ist. Pirschfahrten und eine Bootsfahrt bieten die M\u00f6glichkeit, Zebras, Giraffen, Elefanten und verschiedene Vogelarten zu beobachten. Die Reise geht weiter zum Bwindi Impenetrable National Park, wo Sie sich auf ein aufregendes Gorilla-Trekking-Erlebnis begeben. Die Reise endet in Kigali, Ruanda, mit einer Stadtrundfahrt und einem Besuch der Gedenkst\u00e4tte f\u00fcr den V\u00f6lkermord, bevor es nach Hause geht.     <\/p>\n<p>&nbsp;<\/p>\n<ul>\n<li>Schimpansenspuren im Kibale-Wald.<\/li>\n<li>Wildtier- und Bootssafari im Queen Elizabeth Nationalpark.<\/li>\n<li>Gorilla-Trekking im undurchdringlichen Bwindi-Wald.<\/li>\n<li>Malerische Stra\u00dfensafari durch Westuganda.<\/li>\n<li>Zeitsparender Inlandsflug zur\u00fcck nach Entebbe.<\/li>\n<\/ul>\n[\/vc_column_text][\/vc_tta_section][vc_tta_section title=&#8220;Programm&#8220; tab_id=&#8220;1633454673222-3d94f956-010c&#8220;][info_list_father listclr=&#8220;#f8f8f8&#8243;][info_list_son style=&#8220;icon&#8220; size=&#8220;15&#8243; width=&#8220;20&#8243; height=&#8220;20&#8243; titleclr=&#8220;#811a18&#8243; title=&#8220;TAG 1: Entebbe zum Kibale Forest Nationalpark&#8220; icon=&#8220;fas fa-hiking&#8220; iconclr=&#8220;#811a18&#8243; lineheight=&#8220;2&#8243; iconbg=&#8220;#f8f8f8&#8243; borderclr=&#8220;#f8f8f8&#8243;]Verlassen Sie Entebbe morgens und fahren Sie westw\u00e4rts durch malerische Landschaft, Teeplantagen und sanfte H\u00fcgel in Richtung <strong>Kibale Forest National Park<\/strong>, der f\u00fcr seine Primatenvielfalt bekannt ist.<\/p>\n<p>Kommen Sie am Nachmittag an und checken Sie in Ihrer Lodge ein. Verbringen Sie den Rest des Tages in Ruhe und genie\u00dfen Sie die Waldatmosph\u00e4re und die reiche Vogelwelt. <\/p>\n<p><strong>\u00dcbernacht:<\/strong> Kibale in einer Lodge oder einem Camp<br \/><strong>Mahlzeitenplan:<\/strong> Mittag- und Abendessen[\/info_list_son][info_list_son style=&#8220;icon&#8220; size=&#8220;15&#8243; width=&#8220;20&#8243; height=&#8220;20&#8243; titleclr=&#8220;#811a18&#8243; title=&#8220;TAG 2: Schimpansenverfolgung &amp; Bigodi-Feuchtgebiet&#8220; icon=&#8220;fas fa-hiking&#8220; iconclr=&#8220;#811a18&#8243; lineheight=&#8220;2&#8243; iconbg=&#8220;#f8f8f8&#8243; borderclr=&#8220;#f8f8f8&#8243;]Nach einem fr\u00fchen Fr\u00fchst\u00fcck wechseln Sie zum Parkhauptquartier f\u00fcr eine Einweisung, bevor Sie Ihr <strong>Schimpansen-Tracking-Erlebnis<\/strong> im Kibale-Wald beginnen. Folgen Sie erfahrenen F\u00fchrern durch den Wald auf der Suche nach gew\u00f6hnten Schimpansenfamilien. <\/p>\n<p>Kehren Sie zum Mittagessen in die Lodge zur\u00fcck und genie\u00dfen Sie anschlie\u00dfend einen Nachmittagsbesuch im <strong>Bigodi Wetland Sanctuary<\/strong>, einem von der Gemeinschaft organisierten Projekt, das hervorragende Vogelbeobachtung und die M\u00f6glichkeit bietet, andere Primaten zu sehen.<\/p>\n<p><strong>\u00dcbernacht:<\/strong> Kibale in einer Lodge oder einem Camp<br \/><strong>Mahlzeitenplan:<\/strong> Fr\u00fchst\u00fcck, Mittag- und Abendessen[\/info_list_son][info_list_son style=&#8220;icon&#8220; size=&#8220;15&#8243; width=&#8220;20&#8243; height=&#8220;20&#8243; titleclr=&#8220;#811a18&#8243; title=&#8220;TAG 3: Kibale Forest zum Queen Elizabeth Nationalpark&#8220; icon=&#8220;fas fa-hiking&#8220; iconclr=&#8220;#811a18&#8243; lineheight=&#8220;2&#8243; iconbg=&#8220;#f8f8f8&#8243; borderclr=&#8220;#f8f8f8&#8243;]Nach dem Fr\u00fchst\u00fcck fahren Sie s\u00fcdw\u00e4rts zum <strong>Queen Elizabeth Nationalpark<\/strong>, vorbei an Kraterseen und dramatischen Landschaften entlang der Rwenzori-Ausl\u00e4ufer.<\/p>\n<p>Kommen Sie rechtzeitig zum Mittagessen an, gefolgt von einer <strong>Nachmittags-Bootssafari auf dem Kazinga-Kanal<\/strong>, der f\u00fcr seine hohe Konzentration an Nilpferden, Krokodilen und Vogelarten ber\u00fchmt ist.<\/p>\n<p><strong>\u00dcbernacht:<\/strong> K\u00f6nigin Elisabeth in einer Lodge oder einem Lager<br \/><strong>Mahlzeitenplan:<\/strong> Fr\u00fchst\u00fcck, Mittag- und Abendessen[\/info_list_son][info_list_son style=&#8220;icon&#8220; size=&#8220;15&#8243; width=&#8220;20&#8243; height=&#8220;20&#8243; titleclr=&#8220;#811a18&#8243; title=&#8220;TAG 4: Queen Elizabeth Nationalpark Zum Bwindi Impenetrable Nationalpark&#8220; icon=&#8220;fas fa-hiking&#8220; iconclr=&#8220;#811a18&#8243; lineheight=&#8220;2&#8243; iconbg=&#8220;#f8f8f8&#8243; borderclr=&#8220;#f8f8f8&#8243;]Genie\u00dfen Sie eine <strong>fr\u00fche Safari-Fahrt<\/strong> im Queen Elizabeth Nationalpark, mit der M\u00f6glichkeit, Elefanten, L\u00f6wen, B\u00fcffel, Antilopen und mehr zu entdecken.<\/p>\n<p>Nach dem Fr\u00fchst\u00fcck fahren Sie weiter s\u00fcdw\u00e4rts in Richtung <strong>Bwindi Undurchdringlicher Wald<\/strong> und reisen durch den Ishasha-Sektor (Heimat von kletternden L\u00f6wen, sofern die Saison es erlaubt) und die landschaftlich reizvollen Hochl\u00e4nder.<\/p>\n<p>Kommen Sie am Nachmittag in Ihrer Bwindi-Lodge an und entspannen Sie sich auf die Gorilla-Wanderung.<\/p>\n<p><strong>\u00dcbernacht:<\/strong> Bwindi in einer Lodge oder einem Camp<br \/><strong>Mahlzeitenplan:<\/strong> Fr\u00fchst\u00fcck, Mittag- und Abendessen[\/info_list_son][info_list_son style=&#8220;icon&#8220; size=&#8220;15&#8243; width=&#8220;20&#8243; height=&#8220;20&#8243; titleclr=&#8220;#811a18&#8243; title=&#8220;TAG 5: Gorilla-Trekking in Bwindi&#8220; icon=&#8220;fas fa-hiking&#8220; iconclr=&#8220;#811a18&#8243; lineheight=&#8220;2&#8243; iconbg=&#8220;#f8f8f8&#8243; borderclr=&#8220;#f8f8f8&#8243;]Nach einem fr\u00fchen Fr\u00fchst\u00fcck nehmen Sie an einem Briefing im Parkhauptquartier teil, bevor Sie Ihr <strong>gef\u00fchrtes Gorilla-Trekking-Erlebnis<\/strong> beginnen. Die Trekkingzeit variiert je nach Standort der Gorillafamilie. <\/p>\n<p>Sobald Sie gefunden sind, verbringen Sie <strong>eine magische Stunde<\/strong> damit, die Gorillas in ihrem nat\u00fcrlichen Lebensraum zu beobachten \u2013 eine unvergessliche Begegnung mit der Tierwelt.<\/p>\n<p>Kehren Sie am Nachmittag zur Loge zur\u00fcck, um sich zu entspannen oder einen optionalen Gemeinschaftsbesuch zu machen.<\/p>\n<p><strong>\u00dcbernacht:<\/strong> Bwindi in einer Lodge oder einem Camp<br \/><strong>Mahlzeitenplan:<\/strong> Fr\u00fchst\u00fcck, Mittag- und Abendessen[\/info_list_son][info_list_son style=&#8220;icon&#8220; size=&#8220;15&#8243; width=&#8220;20&#8243; height=&#8220;20&#8243; titleclr=&#8220;#811a18&#8243; title=&#8220;TAG 6: Bwindi fliegen nach Entebbe&#8220; icon=&#8220;fas fa-hiking&#8220; iconclr=&#8220;#811a18&#8243; lineheight=&#8220;2&#8243; iconbg=&#8220;#f8f8f8&#8243; borderclr=&#8220;#f8f8f8&#8243;]Nach dem Fr\u00fchst\u00fcck wechseln Sie auf <strong>die Landebahn Kihihi oder Kisoro<\/strong> f\u00fcr Ihren geplanten Inlandsflug zur\u00fcck nach <strong>Entebbe<\/strong>.<\/p>\n<p>Kommen Sie rechtzeitig f\u00fcr Ihren internationalen Weiterflug oder eine optionale \u00dcbernachtung in Entebbe an, was das Ende Ihrer Uganda-Safari markiert.<\/p>\n<p><strong>Mahlzeitenplan:<\/strong> Fr\u00fchst\u00fcck[\/info_list_son][\/info_list_father][\/vc_tta_section][vc_tta_section title=&#8220;Inklusiv\/Exklusiv&#8220; tab_id=&#8220;1633455601016-f93699bc-5d92&#8243;][vc_row_inner][vc_column_inner width=&#8220;1\/2&#8243;][info_list_father listclr=&#8220;#f8f8f8&#8243;][info_list_son style=&#8220;icon&#8220; size=&#8220;15&#8243; width=&#8220;20&#8243; height=&#8220;20&#8243; titleclr=&#8220;#890000&#8243; icon=&#8220;fas fa-user-plus&#8220; iconclr=&#8220;#890000&#8243; title=&#8220;IINKLUSIVE&#8220; lineheight=&#8220;2&#8243;]\n<ul>\n<li>Privates 4&#215;4-Safarifahrzeug und professioneller Fahrerf\u00fchrer<\/li>\n<li>Parkeintrittsgeb\u00fchren und Aktivit\u00e4ten wie angegeben<\/li>\n<li>Schimpansen-Tracking-Erlaubnis (Kibale)<\/li>\n<li>Gorilla-Trekking-Erlaubnis (Bwindi)<\/li>\n<li>Inlandsflug Bwindi\u2013Entebbe<\/li>\n<li>Unterkunft und Verpflegung wie angegeben<\/li>\n<\/ul>\n[\/info_list_son][\/info_list_father][\/vc_column_inner][vc_column_inner width=&#8220;1\/2&#8243;][info_list_father listclr=&#8220;#f8f8f8&#8243;][info_list_son style=&#8220;icon&#8220; size=&#8220;15&#8243; width=&#8220;20&#8243; height=&#8220;20&#8243; titleclr=&#8220;#890000&#8243; icon=&#8220;fas fa-user-minus&#8220; iconclr=&#8220;#890000&#8243; title=&#8220;AUSGESCHLOSSEN&#8220; lineheight=&#8220;2&#8243;]\n<ul>\n<li>Alles, was nicht im Includes ist.<\/li>\n<\/ul>\n[\/info_list_son][\/info_list_father][\/vc_column_inner][\/vc_row_inner][\/vc_tta_section][\/vc_tta_tabs][\/vc_column][\/vc_row][vc_row][vc_column][\/vc_column][\/vc_row]\n","protected":false},"excerpt":{"rendered":"<p>[vc_row full_width=&#8220;stretch_row&#8220; gap=&#8220;1&#8243;][vc_column parallax=&#8220;content-moving&#8220; parallax_image=&#8220;41273&#8243; css=&#8220;.vc_custom_1768548947271{padding-top: 80px !important;padding-right: 80px !important;padding-bottom: 80px !important;padding-left: 80px !important;}&#8220;][vc_custom_heading text=&#8220;Fl\u00fcstern des Windes&#8220; font_container=&#8220;tag:h2|font_size:32|text_align:left|color:%23ffffff&#8220; google_fonts=&#8220;font_family:Quicksand%3A300%2Cregular%2C700|font_style:400%20regular%3A400%3Anormal&#8220; el_class=&#8220;banner-txt&#8220;][vc_custom_heading text=&#8220;6 Tage&#8220; font_container=&#8220;tag:h2|font_size:22|text_align:left|color:%23ffffff&#8220; google_fonts=&#8220;font_family:Quicksand%3A300%2Cregular%2C700|font_style:400%20regular%3A400%3Anormal&#8220; el_class=&#8220;banner-txt&#8220;][vc_separator color=&#8220;custom&#8220; align=&#8220;align_left&#8220; el_width=&#8220;20&#8243; accent_color=&#8220;#f8f8f8&#8243; el_class=&#8220;banner-txt&#8220;][vc_custom_heading text=&#8220;Kampala \u21fe Kibale Wald \u21fe Queen Elizabeth Nationalpark \u21fe Bwindi Impenetrable \u21fe Entebbe&#8220; font_container=&#8220;tag:h2|font_size:18|text_align:left|color:%23ffffff&#8220; google_fonts=&#8220;font_family:Quicksand%3A300%2Cregular%2C700|font_style:300%20light%20regular%3A300%3Anormal&#8220; el_class=&#8220;banner-txt&#8220;][\/vc_column][\/vc_row][vc_row][vc_column css=&#8220;.vc_custom_1678438234909{border-top-width: 10px !important;border-right-width: 10px !important;border-bottom-width: 10px !important;border-left-width: 10px !important;}&#8220;][vc_tta_tabs [&hellip;]<\/p>\n","protected":false},"author":4,"featured_media":0,"parent":28065,"menu_order":8,"comment_status":"closed","ping_status":"closed","template":"","meta":{"_themeisle_gutenberg_block_has_review":false,"footnotes":""},"class_list":["post-33051","page","type-page","status-publish","hentry"],"_links":{"self":[{"href":"https:\/\/mufasatoursandtravels.com\/de\/wp-json\/wp\/v2\/pages\/33051","targetHints":{"allow":["GET"]}}],"collection":[{"href":"https:\/\/mufasatoursandtravels.com\/de\/wp-json\/wp\/v2\/pages"}],"about":[{"href":"https:\/\/mufasatoursandtravels.com\/de\/wp-json\/wp\/v2\/types\/page"}],"author":[{"embeddable":true,"href":"https:\/\/mufasatoursandtravels.com\/de\/wp-json\/wp\/v2\/users\/4"}],"replies":[{"embeddable":true,"href":"https:\/\/mufasatoursandtravels.com\/de\/wp-json\/wp\/v2\/comments?post=33051"}],"version-history":[{"count":16,"href":"https:\/\/mufasatoursandtravels.com\/de\/wp-json\/wp\/v2\/pages\/33051\/revisions"}],"predecessor-version":[{"id":43978,"href":"https:\/\/mufasatoursandtravels.com\/de\/wp-json\/wp\/v2\/pages\/33051\/revisions\/43978"}],"up":[{"embeddable":true,"href":"https:\/\/mufasatoursandtravels.com\/de\/wp-json\/wp\/v2\/pages\/28065"}],"wp:attachment":[{"href":"https:\/\/mufasatoursandtravels.com\/de\/wp-json\/wp\/v2\/media?parent=33051"}],"curies":[{"name":"wp","href":"https:\/\/api.w.org\/{rel}","templated":true}]}}