{"id":33101,"date":"2022-05-31T12:08:40","date_gmt":"2022-05-31T09:08:40","guid":{"rendered":"https:\/\/mufasatoursandtravels.com\/uganda-safari\/4-tage-primaten-faehrtensuche-safari\/"},"modified":"2026-01-29T11:32:31","modified_gmt":"2026-01-29T08:32:31","slug":"4-tage-primaten-faehrtensuche-safari","status":"publish","type":"page","link":"https:\/\/mufasatoursandtravels.com\/de\/uganda-safari\/4-tage-primaten-faehrtensuche-safari\/","title":{"rendered":"4 Tage Primaten-F\u00e4hrtensuche Safari"},"content":{"rendered":"[vc_row full_width=&#8220;stretch_row&#8220; gap=&#8220;1&#8243;][vc_column parallax=&#8220;content-moving&#8220; parallax_image=&#8220;4087&#8243; parallax_speed_bg=&#8220;1.1&#8243; css=&#8220;.vc_custom_1768548754099{padding-top: 80px !important;padding-right: 80px !important;padding-bottom: 80px !important;padding-left: 80px !important;}&#8220;][vc_custom_heading text=&#8220;Primaten-F\u00e4hrtensuche Safari&#8220; font_container=&#8220;tag:h2|font_size:32|text_align:left|color:%23ffffff&#8220; google_fonts=&#8220;font_family:Quicksand%3A300%2Cregular%2C700|font_style:400%20regular%3A400%3Anormal&#8220; el_class=&#8220;banner-txt&#8220;][vc_custom_heading text=&#8220;4 Tage | Zur\u00fcck nach Entebbe fliegen&#8220; font_container=&#8220;tag:h2|font_size:22|text_align:left|color:%23ffffff&#8220; google_fonts=&#8220;font_family:Quicksand%3A300%2Cregular%2C700|font_style:400%20regular%3A400%3Anormal&#8220; el_class=&#8220;banner-txt&#8220;][vc_separator color=&#8220;custom&#8220; align=&#8220;align_left&#8220; el_width=&#8220;20&#8243; accent_color=&#8220;#f8f8f8&#8243; el_class=&#8220;banner-txt&#8220;][vc_custom_heading text=&#8220;Lake Mburo Nationalpark \u21fe Bwindi undurchdringlich&#8220; font_container=&#8220;tag:h2|font_size:18|text_align:left|color:%23ffffff&#8220; google_fonts=&#8220;font_family:Quicksand%3A300%2Cregular%2C700|font_style:300%20light%20regular%3A300%3Anormal&#8220; el_class=&#8220;banner-txt&#8220;][\/vc_column][\/vc_row][vc_row][vc_column css=&#8220;.vc_custom_1678436420411{border-top-width: 10px !important;border-right-width: 10px !important;border-bottom-width: 10px !important;border-left-width: 10px !important;}&#8220;][vc_tta_tabs shape=&#8220;square&#8220; color=&#8220;juicy-pink&#8220; alignment=&#8220;center&#8220; active_section=&#8220;1&#8243; no_fill_content_area=&#8220;true&#8220;][vc_tta_section title=&#8220;\u00dcberblick&#8220; tab_id=&#8220;1633892890537-5637ec0b-4c69&#8243;][vc_column_text]Wagen Sie sich auf einer Primaten-F\u00e4hrtensafari in die \u00fcppigen W\u00e4lder Ugandas. Verfolgen Sie Schimpansen im Kibale Forest National Park oder wandern Sie durch den nebligen Dschungel des Budongo Forest Reserve auf der Suche nach den scheuen und gef\u00e4hrdeten Schimpansen. Unterwegs k\u00f6nnen Sie anderen Primaten wie Stummelaffen, Rotschwanzaffen und Pavianen begegnen, die einen faszinierenden Einblick in ihre nat\u00fcrlichen Verhaltensweisen und Lebensr\u00e4ume geben.  <\/p>\n<p>&nbsp;<\/p>\n<ul>\n<li>Landschaftlich reizvolle Stra\u00dfensafari durch S\u00fcdwest-Uganda<\/li>\n<li>Wildtier- und Wandersafaris im Lake Mburo Nationalpark<\/li>\n<li>Einmaliges Gorilla-Wandern in Bwindi<\/li>\n<li>Zeitsparender Inlandsflug zur\u00fcck nach Entebbe<\/li>\n<li>Ideale Verbindung f\u00fcr weitergehende internationale Reisen<\/li>\n<\/ul>\n[\/vc_column_text][\/vc_tta_section][vc_tta_section title=&#8220;Programm&#8220; tab_id=&#8220;1633454673222-3d94f956-010c&#8220;][info_list_father listclr=&#8220;#f8f8f8&#8243;][info_list_son style=&#8220;icon&#8220; size=&#8220;15&#8243; width=&#8220;20&#8243; height=&#8220;20&#8243; titleclr=&#8220;#811a18&#8243; title=&#8220;TAG 1: Entebbe Zum Lake Mburo Nationalpark&#8220; icon=&#8220;fas fa-hiking&#8220; iconclr=&#8220;#811a18&#8243; lineheight=&#8220;2&#8243; iconbg=&#8220;#f8f8f8&#8243; borderclr=&#8220;#f8f8f8&#8243;]Verlassen Sie Entebbe morgens und fahren Sie s\u00fcdwestlich durch sanfte H\u00fcgel, Viehfarmen und traditionelle Ankole-Landschaften. Genie\u00dfen Sie unterwegs eine Mittagspause. <\/p>\n<p>Kommen Sie am Nachmittag im <strong>Lake Mburo Nationalpark<\/strong> an und checken Sie in Ihrer Lodge ein. Sp\u00e4ter genie\u00dfen Sie eine <strong>abendliche Wildfahrt<\/strong> oder <strong>einen gef\u00fchrten Naturspaziergang<\/strong> \u2013 ein einzigartiges Erlebnis am Lake Mburo, bei dem Wandersafaris erlaubt sind. <\/p>\n<p>Bietet die M\u00f6glichkeit <strong>, Zebras, Impalas, Elands, B\u00fcffel<\/strong> und eine gro\u00dfe Vielfalt an Vogelarten zu sehen. Wenn die Natur es zul\u00e4sst. <\/p>\n<p><strong>\u00dcbernacht:<\/strong> Lake Mburo in einer Lodge oder einem Camp<br \/><strong>Mahlzeitenplan:<\/strong> Mittag- und Abendessen[\/info_list_son][info_list_son style=&#8220;icon&#8220; size=&#8220;15&#8243; width=&#8220;20&#8243; height=&#8220;20&#8243; titleclr=&#8220;#811a18&#8243; title=&#8220;TAG 2: Lake Mburo Nationalpark Zum Bwindi Impenetrable Nationalpark.&#8220; icon=&#8220;fas fa-hiking&#8220; iconclr=&#8220;#811a18&#8243; lineheight=&#8220;2&#8243; iconbg=&#8220;#f8f8f8&#8243; borderclr=&#8220;#f8f8f8&#8243;]Nach einem fr\u00fchen Fr\u00fchst\u00fcck genie\u00dfen Sie eine <strong>morgendliche Wildfahrt<\/strong> oder <strong>eine optionale Bootsfahrt auf dem Lake Mburo<\/strong>, die hervorragende Vogelbeobachtung bietet und die M\u00f6glichkeit bietet, Nilpferde und Krokodile zu beobachten.<\/p>\n<p>Verlassen Sie den Lake Mburo am Vormittag und fahren weiter s\u00fcdw\u00e4rts in Richtung <strong>Bwindi Impenetrable Forest<\/strong>, vorbei an Teeplantagen und malerischen Hochl\u00e4ndern.<\/p>\n<p>Kommen Sie am Nachmittag in Ihrer Bwindi-Lodge an. Verbringe den Rest des Tages damit, dich zu entspannen und dich auf die Gorilla-Wanderung am n\u00e4chsten Tag vorzubereiten. <\/p>\n<p><strong>\u00dcbernacht:<\/strong> Bwindi in einer Lodge oder einem Camp<br \/><strong>Mahlzeiten:<\/strong> Fr\u00fchst\u00fcck, Mittag- und Abendessen[\/info_list_son][info_list_son style=&#8220;icon&#8220; size=&#8220;15&#8243; width=&#8220;20&#8243; height=&#8220;20&#8243; titleclr=&#8220;#811a18&#8243; title=&#8220;TAG 3: Gorilla Trekking&#8220; icon=&#8220;fas fa-hiking&#8220; iconclr=&#8220;#811a18&#8243; lineheight=&#8220;2&#8243; iconbg=&#8220;#f8f8f8&#8243; borderclr=&#8220;#f8f8f8&#8243;]Nach einem fr\u00fchen Fr\u00fchst\u00fcck wechseln Sie zum Parkhauptquartier f\u00fcr eine Einweisung, bevor Sie Ihr <strong>Gorilla-Trekking-Erlebnis<\/strong> beginnen. Begleitet von erfahrenen F\u00fchrern und Rangern zieht ihr durch den dichten Wald auf der Suche nach einer gewohnten Gorillafamilie. <\/p>\n<p>Einmal gefunden, verbringst du <strong>eine magische Stunde<\/strong> damit, diese sanften Riesen in ihrem nat\u00fcrlichen Lebensraum zu beobachten \u2013 eine unvergessliche Begegnung mit der Tierwelt.<\/p>\n<p>Kehren Sie am Nachmittag zur Lodge zur\u00fcck, um sich zu entspannen oder einen optionalen Gemeinschaftsbesuch zu genie\u00dfen.<\/p>\n<p><strong>\u00dcbernacht:<\/strong> Bwindi in einer Lodge oder einem Camp<br \/><strong>Mahlzeiten:<\/strong> Fr\u00fchst\u00fcck, Mittag- und Abendessen[\/info_list_son][info_list_son style=&#8220;icon&#8220; size=&#8220;15&#8243; width=&#8220;20&#8243; height=&#8220;20&#8243; titleclr=&#8220;#811a18&#8243; title=&#8220;TAG 4: Rundflug nach Entebbe&#8220; icon=&#8220;fas fa-hiking&#8220; iconclr=&#8220;#811a18&#8243; lineheight=&#8220;2&#8243; iconbg=&#8220;#f8f8f8&#8243; borderclr=&#8220;#f8f8f8&#8243;]Nach dem Fr\u00fchst\u00fcck wechseln Sie auf <strong>die Landebahn Kihihi oder Kisoro<\/strong> f\u00fcr Ihren geplanten Inlandsflug zur\u00fcck nach Entebbe.<\/p>\n<p>Kommen Sie rechtzeitig zu Ihrem <strong>internationalen Weiterflug<\/strong> in Entebbe an, was das Ende Ihrer Uganda-Safari markiert.<\/p>\n<p><strong>Mahlzeitenplan:<\/strong> Fr\u00fchst\u00fcck[\/info_list_son][\/info_list_father][\/vc_tta_section][vc_tta_section title=&#8220;Inklusiv\/Exklusiv&#8220; tab_id=&#8220;1633455601016-f93699bc-5d92&#8243;][vc_row_inner][vc_column_inner width=&#8220;1\/2&#8243;][info_list_father listclr=&#8220;#f8f8f8&#8243;][info_list_son style=&#8220;icon&#8220; size=&#8220;15&#8243; width=&#8220;20&#8243; height=&#8220;20&#8243; titleclr=&#8220;#890000&#8243; icon=&#8220;fas fa-user-plus&#8220; iconclr=&#8220;#890000&#8243; title=&#8220;IINKLUSIVE&#8220; lineheight=&#8220;2&#8243;]\n<ul>\n<li>Privates 4&#215;4-Safarifahrzeug und professioneller Fahrerf\u00fchrer<\/li>\n<li>Parkeintrittsgeb\u00fchren und Aktivit\u00e4ten wie angegeben<\/li>\n<li>Gorilla-Trekking-Erlaubnis (Uganda)<\/li>\n<li>Inlandsflug Bwindi\u2013Entebbe<\/li>\n<li>Unterkunft und Mahlzeiten wie angegeben.<\/li>\n<\/ul>\n[\/info_list_son][\/info_list_father][\/vc_column_inner][vc_column_inner width=&#8220;1\/2&#8243;][info_list_father listclr=&#8220;#f8f8f8&#8243;][info_list_son style=&#8220;icon&#8220; size=&#8220;15&#8243; width=&#8220;20&#8243; height=&#8220;20&#8243; titleclr=&#8220;#890000&#8243; icon=&#8220;fas fa-user-minus&#8220; iconclr=&#8220;#890000&#8243; title=&#8220;AUSGESCHLOSSEN&#8220; lineheight=&#8220;2&#8243;]\n<ul>\n<li>Alles, was nicht im Includes ist.<\/li>\n<\/ul>\n[\/info_list_son][\/info_list_father][\/vc_column_inner][\/vc_row_inner][\/vc_tta_section][\/vc_tta_tabs][\/vc_column][\/vc_row]\n","protected":false},"excerpt":{"rendered":"<p>[vc_row full_width=&#8220;stretch_row&#8220; gap=&#8220;1&#8243;][vc_column parallax=&#8220;content-moving&#8220; parallax_image=&#8220;4087&#8243; parallax_speed_bg=&#8220;1.1&#8243; css=&#8220;.vc_custom_1768548754099{padding-top: 80px !important;padding-right: 80px !important;padding-bottom: 80px !important;padding-left: 80px !important;}&#8220;][vc_custom_heading text=&#8220;Primaten-F\u00e4hrtensuche Safari&#8220; font_container=&#8220;tag:h2|font_size:32|text_align:left|color:%23ffffff&#8220; google_fonts=&#8220;font_family:Quicksand%3A300%2Cregular%2C700|font_style:400%20regular%3A400%3Anormal&#8220; el_class=&#8220;banner-txt&#8220;][vc_custom_heading text=&#8220;4 Tage | Zur\u00fcck nach Entebbe fliegen&#8220; font_container=&#8220;tag:h2|font_size:22|text_align:left|color:%23ffffff&#8220; google_fonts=&#8220;font_family:Quicksand%3A300%2Cregular%2C700|font_style:400%20regular%3A400%3Anormal&#8220; el_class=&#8220;banner-txt&#8220;][vc_separator color=&#8220;custom&#8220; align=&#8220;align_left&#8220; el_width=&#8220;20&#8243; accent_color=&#8220;#f8f8f8&#8243; el_class=&#8220;banner-txt&#8220;][vc_custom_heading text=&#8220;Lake Mburo Nationalpark \u21fe Bwindi undurchdringlich&#8220; font_container=&#8220;tag:h2|font_size:18|text_align:left|color:%23ffffff&#8220; google_fonts=&#8220;font_family:Quicksand%3A300%2Cregular%2C700|font_style:300%20light%20regular%3A300%3Anormal&#8220; el_class=&#8220;banner-txt&#8220;][\/vc_column][\/vc_row][vc_row][vc_column css=&#8220;.vc_custom_1678436420411{border-top-width: 10px !important;border-right-width: 10px !important;border-bottom-width: 10px !important;border-left-width: 10px !important;}&#8220;][vc_tta_tabs shape=&#8220;square&#8220; color=&#8220;juicy-pink&#8220; [&hellip;]<\/p>\n","protected":false},"author":4,"featured_media":0,"parent":28065,"menu_order":4,"comment_status":"closed","ping_status":"closed","template":"","meta":{"_themeisle_gutenberg_block_has_review":false,"footnotes":""},"class_list":["post-33101","page","type-page","status-publish","hentry"],"_links":{"self":[{"href":"https:\/\/mufasatoursandtravels.com\/de\/wp-json\/wp\/v2\/pages\/33101","targetHints":{"allow":["GET"]}}],"collection":[{"href":"https:\/\/mufasatoursandtravels.com\/de\/wp-json\/wp\/v2\/pages"}],"about":[{"href":"https:\/\/mufasatoursandtravels.com\/de\/wp-json\/wp\/v2\/types\/page"}],"author":[{"embeddable":true,"href":"https:\/\/mufasatoursandtravels.com\/de\/wp-json\/wp\/v2\/users\/4"}],"replies":[{"embeddable":true,"href":"https:\/\/mufasatoursandtravels.com\/de\/wp-json\/wp\/v2\/comments?post=33101"}],"version-history":[{"count":16,"href":"https:\/\/mufasatoursandtravels.com\/de\/wp-json\/wp\/v2\/pages\/33101\/revisions"}],"predecessor-version":[{"id":43954,"href":"https:\/\/mufasatoursandtravels.com\/de\/wp-json\/wp\/v2\/pages\/33101\/revisions\/43954"}],"up":[{"embeddable":true,"href":"https:\/\/mufasatoursandtravels.com\/de\/wp-json\/wp\/v2\/pages\/28065"}],"wp:attachment":[{"href":"https:\/\/mufasatoursandtravels.com\/de\/wp-json\/wp\/v2\/media?parent=33101"}],"curies":[{"name":"wp","href":"https:\/\/api.w.org\/{rel}","templated":true}]}}