{"id":33128,"date":"2022-05-31T10:53:01","date_gmt":"2022-05-31T07:53:01","guid":{"rendered":"https:\/\/mufasatoursandtravels.com\/uganda-safari\/3-tage-gorilla-trekking\/"},"modified":"2026-01-29T11:28:09","modified_gmt":"2026-01-29T08:28:09","slug":"3-tage-gorilla-trekking","status":"publish","type":"page","link":"https:\/\/mufasatoursandtravels.com\/de\/uganda-safari\/3-tage-gorilla-trekking\/","title":{"rendered":"3 Tage Gorilla Trekking"},"content":{"rendered":"[vc_row full_width=&#8220;stretch_row&#8220; gap=&#8220;1&#8243;][vc_column parallax=&#8220;content-moving&#8220; parallax_image=&#8220;11712&#8243; css=&#8220;.vc_custom_1690445567527{padding: 80px !important;}&#8220;][vc_custom_heading text=&#8220;Gorilla Trekking&#8220; font_container=&#8220;tag:h2|font_size:32|text_align:left|color:%23ffffff&#8220; google_fonts=&#8220;font_family:Quicksand%3A300%2Cregular%2C700|font_style:400%20regular%3A400%3Anormal&#8220; el_class=&#8220;banner-txt&#8220;][vc_custom_heading text=&#8220;3 Tage | Flug in Safari&#8220; font_container=&#8220;tag:h2|font_size:22|text_align:left|color:%23ffffff&#8220; google_fonts=&#8220;font_family:Quicksand%3A300%2Cregular%2C700|font_style:400%20regular%3A400%3Anormal&#8220; el_class=&#8220;banner-txt&#8220;][vc_separator color=&#8220;custom&#8220; align=&#8220;align_left&#8220; el_width=&#8220;20&#8243; accent_color=&#8220;#f8f8f8&#8243;][vc_custom_heading text=&#8220;Bwindi Impenetrable Nationalpark&#8220; font_container=&#8220;tag:h2|font_size:18|text_align:left|color:%23ffffff&#8220; google_fonts=&#8220;font_family:Quicksand%3A300%2Cregular%2C700|font_style:400%20regular%3A400%3Anormal&#8220; el_class=&#8220;banner-txt&#8220;][\/vc_column][\/vc_row][vc_row][vc_column css=&#8220;.vc_custom_1678435156380{border-top-width: 10px !important;border-right-width: 10px !important;border-bottom-width: 10px !important;border-left-width: 10px !important;}&#8220;][vc_tta_tabs shape=&#8220;square&#8220; color=&#8220;juicy-pink&#8220; alignment=&#8220;center&#8220; active_section=&#8220;1&#8243; no_fill_content_area=&#8220;true&#8220;][vc_tta_section title=&#8220;\u00dcberblick&#8220; tab_id=&#8220;1768478879672-af10a868-238f&#8220;][vc_row_inner][vc_column_inner][vc_column_text]Bereiten Sie sich auf ein beeindruckendes Erlebnis vor, w\u00e4hrend Sie sich auf ein Gorilla-Trekking in den dichten W\u00e4ldern des Bwindi Impenetrable National Park begeben. Wandern Sie durch die \u00fcppige Vegetation, gef\u00fchrt von erfahrenen Reiseleitern, und erleben Sie die bemerkenswerten Berggorillas in ihrem nat\u00fcrlichen Lebensraum. Diese Begegnung mit diesen sanften Riesen ist eine einmalige Gelegenheit, die Ihnen eine tiefe Wertsch\u00e4tzung f\u00fcr ihren Schutz vermitteln wird.  <\/p>\n<p>\u2713 Zeitsparende Inlandsfl\u00fcge von und nach Bwindi<br \/>\u2713 Einmaliges Gorilla-Trekking-Erlebnis<br \/>\u2713 Landschaftliche Luftaufnahmen von Uganda<br \/>\u2713 Ideal f\u00fcr enge Zeitpl\u00e4ne und Weiterreisen[\/vc_column_text][\/vc_column_inner][\/vc_row_inner][\/vc_tta_section][vc_tta_section title=&#8220;Programm&#8220; tab_id=&#8220;1633454673222-3d94f956-010c&#8220;][info_list_father listclr=&#8220;#f8f8f8&#8243;][info_list_son style=&#8220;icon&#8220; size=&#8220;15&#8243; width=&#8220;20&#8243; height=&#8220;20&#8243; titleclr=&#8220;#811a18&#8243; title=&#8220;TAG 1: Flug von Entebbe nach Bwindi Impenetrable Forest&#8220; icon=&#8220;fas fa-hiking&#8220; iconclr=&#8220;#811a18&#8243; lineheight=&#8220;2&#8243; iconbg=&#8220;#f8f8f8&#8243; borderclr=&#8220;#f8f8f8&#8243;]Wechsel von Ihrem Hotel zum <strong>Entebbe International Airport<\/strong> f\u00fcr Ihren planm\u00e4\u00dfigen Inlandsflug nach <strong>Kihihi oder Kisoro<\/strong>, je nach Standort Ihrer Lodge.<\/p>\n<p>Genie\u00dfen Sie w\u00e4hrend des Fluges malerische Luftaufnahmen von Ugandas Landschaft, Seen und Hochl\u00e4ndern.<\/p>\n<p>Bei der Ankunft treffen Sie Ihren Lodge-Guide und fahren Sie mit dem Auto zu Ihrer Bwindi-Lodge weiter. Check-in und den Nachmittag in Ruhe verbringen, entspannt im Regenwald. <\/p>\n<p><em>\u00dcbernachtung: <strong>Bwindi <\/strong> <\/em><br \/><em>Mahlzeiten: <strong>Mittag- und Abendessen<\/strong><\/em>[\/info_list_son][info_list_son style=&#8220;icon&#8220; size=&#8220;15&#8243; width=&#8220;20&#8243; height=&#8220;20&#8243; titleclr=&#8220;#811a18&#8243; title=&#8220;TAG 2 : Gorilla Trekking &amp; Batwa Kulturerlebnis.&#8220; icon=&#8220;fas fa-hiking&#8220; iconclr=&#8220;#811a18&#8243; lineheight=&#8220;2&#8243; iconbg=&#8220;#f8f8f8&#8243; borderclr=&#8220;#f8f8f8&#8243;]Nach einem fr\u00fchen Fr\u00fchst\u00fcck wechseln Sie zum Parkhauptquartier f\u00fcr eine Einweisung durch die Ranger der Uganda Wildlife Authority, bevor Sie Ihre <strong>gef\u00fchrte Gorilla-Wanderung<\/strong> beginnen. Die Dauer der Wanderung variiert je nach Standort der zugewiesenen Gorillafamilie. <\/p>\n<p>Sobald Sie gefunden sind, genie\u00dfen Sie <strong>eine unvergessliche Stunde<\/strong> , in der Sie die Gorillas in ihrem nat\u00fcrlichen Lebensraum beobachten \u2013 eine wahrhaft lebensver\u00e4ndernde Begegnung mit Wildtieren.<\/p>\n<p>Kehren Sie am Nachmittag zur Lodge zur\u00fcck, um sich zu entspannen oder optionale Aktivit\u00e4ten wie einen Gemeinschaftsbesuch oder einen Spaziergang in der Natur zu genie\u00dfen.<\/p>\n<p><em>\u00dcbernachtung: <strong>Bwindi<\/strong><\/em><br \/><em>  Mahlzeiten: <strong>Fr\u00fchst\u00fcck, Mittag- und Abendessen<\/strong><\/em>[\/info_list_son][info_list_son style=&#8220;icon&#8220; size=&#8220;15&#8243; width=&#8220;20&#8243; height=&#8220;20&#8243; titleclr=&#8220;#811a18&#8243; title=&#8220;TAG 3: Bwindi zur\u00fcck nach Entebbe&#8220; icon=&#8220;fas fa-hiking&#8220; iconclr=&#8220;#811a18&#8243; lineheight=&#8220;2&#8243; iconbg=&#8220;#f8f8f8&#8243; borderclr=&#8220;#f8f8f8&#8243;]Nach dem Fr\u00fchst\u00fcck wechseln Sie zur\u00fcck zur Landebahn f\u00fcr Ihren planm\u00e4\u00dfigen Flug nach <strong>Entebbe<\/strong>.<\/p>\n<p>Kommen Sie rechtzeitig f\u00fcr Ihren <strong>internationalen Weiterflug<\/strong> oder eine optionale \u00dcbernachtung in Entebbe an, was das Ende Ihrer Gorilla-Safari markiert.<\/p>\n<p><em>Mahlzeit:<strong> Fr\u00fchst\u00fcck<\/strong><\/em>[\/info_list_son][\/info_list_father][\/vc_tta_section][vc_tta_section title=&#8220;Inklusiv\/Exklusiv&#8220; tab_id=&#8220;1633455601016-f93699bc-5d92&#8243;][vc_row_inner][vc_column_inner width=&#8220;1\/2&#8243;][info_list_father listclr=&#8220;#f8f8f8&#8243;][info_list_son style=&#8220;icon&#8220; size=&#8220;15&#8243; width=&#8220;20&#8243; height=&#8220;20&#8243; titleclr=&#8220;#890000&#8243; icon=&#8220;fas fa-user-plus&#8220; iconclr=&#8220;#890000&#8243; title=&#8220;IINKLUSIVE&#8220; lineheight=&#8220;2&#8243;]\n<ul>\n<li>Zeitsparende Inlandsfl\u00fcge von und nach Bwindi<\/li>\n<li>Einmaliges Gorilla-Trekking-Erlebnis<\/li>\n<li>Landschaftlich reizvolle Luftaufnahmen von Uganda<\/li>\n<li>Ideal f\u00fcr enge Zeitpl\u00e4ne und Weiterreisen<\/li>\n<\/ul>\n[\/info_list_son][\/info_list_father][\/vc_column_inner][vc_column_inner width=&#8220;1\/2&#8243;][info_list_father listclr=&#8220;#f8f8f8&#8243;][info_list_son style=&#8220;icon&#8220; size=&#8220;15&#8243; width=&#8220;20&#8243; height=&#8220;20&#8243; titleclr=&#8220;#890000&#8243; icon=&#8220;fas fa-user-minus&#8220; iconclr=&#8220;#890000&#8243; title=&#8220;AUSGESCHLOSSEN&#8220; lineheight=&#8220;2&#8243;]\n<ul>\n<li>Alles, was nicht im Includes ist.<\/li>\n<\/ul>\n[\/info_list_son][\/info_list_father][\/vc_column_inner][\/vc_row_inner][\/vc_tta_section][\/vc_tta_tabs][\/vc_column][\/vc_row]\n","protected":false},"excerpt":{"rendered":"<p>[vc_row full_width=&#8220;stretch_row&#8220; gap=&#8220;1&#8243;][vc_column parallax=&#8220;content-moving&#8220; parallax_image=&#8220;11712&#8243; css=&#8220;.vc_custom_1690445567527{padding: 80px !important;}&#8220;][vc_custom_heading text=&#8220;Gorilla Trekking&#8220; font_container=&#8220;tag:h2|font_size:32|text_align:left|color:%23ffffff&#8220; google_fonts=&#8220;font_family:Quicksand%3A300%2Cregular%2C700|font_style:400%20regular%3A400%3Anormal&#8220; el_class=&#8220;banner-txt&#8220;][vc_custom_heading text=&#8220;3 Tage | Flug in Safari&#8220; font_container=&#8220;tag:h2|font_size:22|text_align:left|color:%23ffffff&#8220; google_fonts=&#8220;font_family:Quicksand%3A300%2Cregular%2C700|font_style:400%20regular%3A400%3Anormal&#8220; el_class=&#8220;banner-txt&#8220;][vc_separator color=&#8220;custom&#8220; align=&#8220;align_left&#8220; el_width=&#8220;20&#8243; accent_color=&#8220;#f8f8f8&#8243;][vc_custom_heading text=&#8220;Bwindi Impenetrable Nationalpark&#8220; font_container=&#8220;tag:h2|font_size:18|text_align:left|color:%23ffffff&#8220; google_fonts=&#8220;font_family:Quicksand%3A300%2Cregular%2C700|font_style:400%20regular%3A400%3Anormal&#8220; el_class=&#8220;banner-txt&#8220;][\/vc_column][\/vc_row][vc_row][vc_column css=&#8220;.vc_custom_1678435156380{border-top-width: 10px !important;border-right-width: 10px !important;border-bottom-width: 10px !important;border-left-width: 10px !important;}&#8220;][vc_tta_tabs shape=&#8220;square&#8220; color=&#8220;juicy-pink&#8220; alignment=&#8220;center&#8220; active_section=&#8220;1&#8243; no_fill_content_area=&#8220;true&#8220;][vc_tta_section title=&#8220;\u00dcberblick&#8220; tab_id=&#8220;1768478879672-af10a868-238f&#8220;][vc_row_inner][vc_column_inner][vc_column_text]Bereiten Sie sich auf ein beeindruckendes Erlebnis vor, [&hellip;]<\/p>\n","protected":false},"author":4,"featured_media":0,"parent":28065,"menu_order":2,"comment_status":"closed","ping_status":"closed","template":"","meta":{"_themeisle_gutenberg_block_has_review":false,"footnotes":""},"class_list":["post-33128","page","type-page","status-publish","hentry"],"_links":{"self":[{"href":"https:\/\/mufasatoursandtravels.com\/de\/wp-json\/wp\/v2\/pages\/33128","targetHints":{"allow":["GET"]}}],"collection":[{"href":"https:\/\/mufasatoursandtravels.com\/de\/wp-json\/wp\/v2\/pages"}],"about":[{"href":"https:\/\/mufasatoursandtravels.com\/de\/wp-json\/wp\/v2\/types\/page"}],"author":[{"embeddable":true,"href":"https:\/\/mufasatoursandtravels.com\/de\/wp-json\/wp\/v2\/users\/4"}],"replies":[{"embeddable":true,"href":"https:\/\/mufasatoursandtravels.com\/de\/wp-json\/wp\/v2\/comments?post=33128"}],"version-history":[{"count":31,"href":"https:\/\/mufasatoursandtravels.com\/de\/wp-json\/wp\/v2\/pages\/33128\/revisions"}],"predecessor-version":[{"id":43946,"href":"https:\/\/mufasatoursandtravels.com\/de\/wp-json\/wp\/v2\/pages\/33128\/revisions\/43946"}],"up":[{"embeddable":true,"href":"https:\/\/mufasatoursandtravels.com\/de\/wp-json\/wp\/v2\/pages\/28065"}],"wp:attachment":[{"href":"https:\/\/mufasatoursandtravels.com\/de\/wp-json\/wp\/v2\/media?parent=33128"}],"curies":[{"name":"wp","href":"https:\/\/api.w.org\/{rel}","templated":true}]}}