{"id":33166,"date":"2022-05-03T11:52:13","date_gmt":"2022-05-03T08:52:13","guid":{"rendered":"https:\/\/mufasatoursandtravels.com\/ruanda-safari\/ruanda-klassischer-primaten-trek\/"},"modified":"2025-04-10T16:40:36","modified_gmt":"2025-04-10T13:40:36","slug":"ruanda-klassischer-primaten-trek","status":"publish","type":"page","link":"https:\/\/mufasatoursandtravels.com\/de\/ruanda-safari\/ruanda-klassischer-primaten-trek\/","title":{"rendered":"Ruanda Klassischer Primaten-Trek"},"content":{"rendered":"[vc_row full_width=&#8220;stretch_row&#8220; gap=&#8220;1&#8243; el_class=&#8220;row&#8220;][vc_column parallax=&#8220;content-moving&#8220; parallax_image=&#8220;7469&#8243; css=&#8220;.vc_custom_1690532487149{padding-top: 80px !important;padding-right: 80px !important;padding-bottom: 80px !important;padding-left: 80px !important;}&#8220;][vc_custom_heading text=&#8220;4 Tage&#8220; font_container=&#8220;tag:h2|font_size:24|text_align:center|color:%23ffffff&#8220; google_fonts=&#8220;font_family:Roboto%3A100%2C100italic%2C300%2C300italic%2Cregular%2Citalic%2C500%2C500italic%2C700%2C700italic%2C900%2C900italic|font_style:400%20regular%3A400%3Anormal&#8220;][vc_text_separator title=&#8220;&#8220; i_icon_fontawesome=&#8220;fas fa-hiking&#8220; i_color=&#8220;custom&#8220; color=&#8220;custom&#8220; el_width=&#8220;80&#8243; add_icon=&#8220;true&#8220; i_custom_color=&#8220;#ffffff&#8220; accent_color=&#8220;#f8f8f8&#8243;][vc_custom_heading text=&#8220;Kigali \u21fe Vulkan Nationalpark \u21fe Berggorilla Trekking \u21fe Kigali&#8220; font_container=&#8220;tag:h2|font_size:18|text_align:center|color:%23ffffff&#8220; google_fonts=&#8220;font_family:Roboto%3A100%2C100italic%2C300%2C300italic%2Cregular%2Citalic%2C500%2C500italic%2C700%2C700italic%2C900%2C900italic|font_style:400%20regular%3A400%3Anormal&#8220;][\/vc_column][\/vc_row][vc_row css=&#8220;.vc_custom_1725348142774{padding: 10px !important;}&#8220;][vc_column][vc_tta_tabs color=&#8220;juicy-pink&#8220; alignment=&#8220;center&#8220; active_section=&#8220;1&#8243; no_fill_content_area=&#8220;true&#8220;][vc_tta_section title=&#8220;Programm&#8220; tab_id=&#8220;1633454673222-3d94f956-010c&#8220;][info_list_father listclr=&#8220;#f8f8f8&#8243;][info_list_son style=&#8220;icon&#8220; size=&#8220;15&#8243; width=&#8220;20&#8243; height=&#8220;20&#8243; titleclr=&#8220;#811a18&#8243; title=&#8220;Tag 1: ANKUNFT IN KIGALI&#8220; icon=&#8220;fas fa-calendar-check&#8220; iconclr=&#8220;#811a18&#8243; lineheight=&#8220;2&#8243;]\n<ul>\n<li style=\"text-align: justify;\">Ankunft am internationalen Flughafen Kigali. Meet &amp; Greet-Service, gefolgt von Transfer zu Ihrem Hotel in Kigali. <\/li>\n<\/ul>\n[\/info_list_son][info_list_son style=&#8220;icon&#8220; size=&#8220;15&#8243; width=&#8220;20&#8243; height=&#8220;20&#8243; titleclr=&#8220;#811a18&#8243; title=&#8220;Tag 2: KIGALI ZUM VULKAN NATIONALPARK&#8220; icon=&#8220;fas fa-calendar-check&#8220; iconclr=&#8220;#811a18&#8243; lineheight=&#8220;2&#8243; iconbg=&#8220;#f8f8f8&#8243;]\n<ul>\n<li style=\"text-align: justify;\">Vormittags Orientierungstour durch Kigali City, einschlie\u00dflich Besuch des Genocide Memorial Museum.<\/li>\n<li style=\"text-align: justify;\">Mittagessen im Hotel Mille Collines &#8211; zu sehen im Film &#8222;Hotel Rwanda&#8220; \u00fcber den V\u00f6lkermord an den Tutsi in Ruanda im Jahr 1994.<\/li>\n<li style=\"text-align: justify;\">Am Nachmittag fahren Sie zu den Volcanoes Mountains &#8211; der Heimat der Berggorillas und Golden Monkeys, wo Sie \u00fcbernachten k\u00f6nnen. 94 km, 2,5 Stunden <\/li>\n<\/ul>\n[\/info_list_son][info_list_son style=&#8220;icon&#8220; size=&#8220;15&#8243; width=&#8220;20&#8243; height=&#8220;20&#8243; titleclr=&#8220;#811a18&#8243; title=&#8220;Tag 3: BERGGORILLA TREKKING &amp; KULTURELLES DORF&#8220; icon=&#8220;fas fa-calendar-check&#8220; iconclr=&#8220;#811a18&#8243; lineheight=&#8220;2&#8243;]\n<ul>\n<li style=\"text-align: justify;\">Am Morgen begeben Sie sich auf das ultimative, einmalige aufregende Abenteuer &#8211; Mountain Gorillas Trek im Vulkanwald.<\/li>\n<li style=\"text-align: justify;\">Nach Ihrer einst\u00fcndigen Audienz mit Ihrer Gorillafamilie fahren Sie zur\u00fcck zu Ihrer Lodge \u2013 zum Erfrischen und Mittagessen<\/li>\n<li style=\"text-align: justify;\">Nach dem Mittagessen entspannen Sie sich in der Lodge und lassen die frischen Erinnerungen an Ihre Begegnung mit den Gorillas wieder aufleben.<\/li>\n<li style=\"text-align: justify;\">Am sp\u00e4ten Nachmittag besuchen Sie das Iby&#8217;Iwacu Cultural Village (Gorillas Guardians) &#8211; f\u00fcr einige Einblicke in den ver\u00e4nderten Lebensstil dieser Familien ehemaliger Gorilla-Wilderer.<\/li>\n<\/ul>\n[\/info_list_son][info_list_son style=&#8220;icon&#8220; size=&#8220;15&#8243; width=&#8220;20&#8243; height=&#8220;20&#8243; titleclr=&#8220;#811a18&#8243; title=&#8220;Tag 4: GOLDEN MONEKYS TREK ZUR\u00dcCK NACH KIGALI&#8220; icon=&#8220;fas fa-calendar-check&#8220; iconclr=&#8220;#811a18&#8243; lineheight=&#8220;2&#8243;]\n<ul>\n<li style=\"text-align: justify;\">Ein weiterer Morgen im Vulkanwald, f\u00fcr den Golden Monkeys Trek &#8211; Trekking der einzigen anderen Primatenart, die im Vulkanwald lebt.<\/li>\n<li style=\"text-align: justify;\">Erfrischen Sie sich und Mittagessen in der Lodge, gefolgt vom Check-out &#8211; bereit f\u00fcr Ihre R\u00fcckreise nach Kigali.<\/li>\n<li style=\"text-align: justify;\">Bevor Sie jedoch die Basisstadt Musanze im Vulkangebirge verlassen, machen Sie einen kurzen Zwischenstopp im DIAN FOSSEY MUSEUM.<\/li>\n<\/ul>\n[\/info_list_son][\/info_list_father][\/vc_tta_section][vc_tta_section title=&#8220;Wichtige Fakten&#8220; tab_id=&#8220;1633454673248-4ec9e207-8783&#8243;][vc_column_text]\n<div>\n<p data-sourcepos=\"3:1-3:25\"><strong>H\u00f6henlage und Klima<\/strong><\/p>\n<ul data-sourcepos=\"5:1-5:79\">\n<li data-sourcepos=\"5:1-5:79\"><strong>Gro\u00dfe H\u00f6he:<\/strong> Die Volcanoes Mountains liegen auf einer H\u00f6he von \u00fcber 2.400 Metern \u00fcber dem Meeresspiegel.<\/li>\n<li data-sourcepos=\"6:1-7:0\"><strong>K\u00fchle Temperaturen:<\/strong> Rechnen Sie mit k\u00fchlen Morgen und Abenden, vor allem in den h\u00f6heren Regionen. Warme Kleidung ist unerl\u00e4sslich. <\/li>\n<\/ul>\n<p data-sourcepos=\"8:1-8:2\"><strong>Gorilla Trekking Anforderungen<\/strong><\/p>\n<ul data-sourcepos=\"10:1-11:14\">\n<li data-sourcepos=\"10:1-10:95\"><strong>Altersgrenze:<\/strong> Die Teilnehmer m\u00fcssen mindestens 15 Jahre alt sein, um am Gorilla Trekking teilnehmen zu k\u00f6nnen.<\/li>\n<li data-sourcepos=\"11:1-11:14\"><strong>Erlaubt:<\/strong> Eine Gorilla-Trekking-Genehmigung kostet 1.500 US-Dollar pro Person. Genehmigungen sind nach dem Kauf nicht erstattungsf\u00e4hig. <\/li>\n<\/ul>\n<p data-sourcepos=\"13:1-13:23\"><strong>Wesentliches packen<\/strong><\/p>\n<ul data-sourcepos=\"15:1-15:11\">\n<li data-sourcepos=\"15:1-15:11\"><strong>Wetterschutz:<\/strong> Wasserdichte Kleidung, einschlie\u00dflich einer Jacke mit Kapuze und einer wasserdichten Hose, ist aufgrund des unvorhersehbaren Wetters von entscheidender Bedeutung.<\/li>\n<li data-sourcepos=\"16:1-16:128\"><strong>Schutz f\u00fcr das Wesentliche:<\/strong> Verwenden Sie wasserdichte Zip-Lock-Beutel, um Kameras, Filme, P\u00e4sse, Geld und andere Wertsachen zu sch\u00fctzen.<\/li>\n<li data-sourcepos=\"17:1-17:129\"><strong>W\u00e4rme und Schutz:<\/strong> Tragen Sie warme, wasserdichte Handschuhe, um Ihre H\u00e4nde warm und trocken zu halten und sie vor Brennnesseln zu sch\u00fctzen.<\/li>\n<li data-sourcepos=\"18:1-18:99\"><strong>Festes Schuhwerk:<\/strong> Wanderschuhe mit gutem Schlammgriff sind vor allem bei N\u00e4sse unerl\u00e4sslich.<\/li>\n<li data-sourcepos=\"19:1-19:85\"><strong>Gamaschen:<\/strong> Sch\u00fctzen Sie Ihre Hosenbeine und Stiefel mit Gamaschen vor Schlamm und N\u00e4sse.<\/li>\n<li data-sourcepos=\"20:1-20:28\"><strong>Komfort-Artikel:<\/strong> Ein kleines Hand-\/Gesichtstuch kann praktisch sein, um den Schwei\u00df w\u00e4hrend der Wanderung abzuwischen.<\/li>\n<\/ul>\n<p data-sourcepos=\"22:1-22:135\"><strong>Merken:<\/strong> Die richtige Vorbereitung ist der Schl\u00fcssel zu einem komfortablen und angenehmen Gorilla-Trekking-Erlebnis in den Vulkanbergen<\/p>\n<\/div>\n<p><strong>Verzichtserkl\u00e4rung:<\/strong><\/p>\n<ul>\n<li>Diese Tour wird von <a href=\"https:\/\/mufasatoursandtravels.com\/de\/\">Mufasa Tours and Travels<\/a> angeboten.<\/li>\n<li>Dieser Betreiber beh\u00e4lt sich das Recht vor, die Preise wie angek\u00fcndigt zu \u00e4ndern.<\/li>\n<li>Wenn Sie \u00c4nderungen an dieser Tour w\u00fcnschen, \u00e4ndern sich wahrscheinlich die beworbenen Preise.<\/li>\n<li>Sollte eine Unterkunft ausgebucht sein, wird der Betreiber vergleichbare Alternativm\u00f6glichkeiten vorschlagen.<\/li>\n<li>Die genaue Reihenfolge, der Inhalt und die Preise dieser Tour unterliegen der Verf\u00fcgbarkeit.<\/li>\n<li>Diese Tour unterliegt den <a href=\"https:\/\/mufasatoursandtravels.com\/de\/allgemeine-geschaeftsbedingungen\/\">Allgemeinen Gesch\u00e4ftsbedingungen<\/a> von <a href=\"https:\/\/mufasatoursandtravels.com\/de\/\">Mufasa Tours and Travels.<\/a><\/li>\n<\/ul>\n[\/vc_column_text][\/vc_tta_section][vc_tta_section title=&#8220;Inklusive\/Exklusiv&#8220; tab_id=&#8220;1633455601016-f93699bc-5d92&#8243;][vc_row_inner][vc_column_inner width=&#8220;1\/2&#8243;][info_list_father listclr=&#8220;#f8f8f8&#8243;][info_list_son style=&#8220;icon&#8220; size=&#8220;15&#8243; width=&#8220;20&#8243; height=&#8220;20&#8243; titleclr=&#8220;#890000&#8243; icon=&#8220;fas fa-user-plus&#8220; title=&#8220;IINKLUSIVE&#8220; lineheight=&#8220;2&#8243; iconclr=&#8220;#890000&#8243;]\n<ul>\n<li>Transfers zum Flughafen Kigali bei der Ankunft\/Abreise + Unterst\u00fctzung; (VIP Meet &amp; Assist Facilitation am Flughafen, auf Anfrage verf\u00fcgbar)<\/li>\n<li>1 \u00dcbernachtung in Kigali, auf Bed &amp; Breakfast-Basis.<\/li>\n<li>Kigali Stadtrundfahrt + Mittagessen an Tag 02 (inklusive der geltenden Geb\u00fchr f\u00fcr den Audioguide der Genozid-Museumshalle)<\/li>\n<li>2 \u00dcbernachtungen auf den Vulkanen, mit Vollpension.<\/li>\n<li>Gorilla Trek Genehmigungen &#8211; 1.500,00 USD pro Person und Wanderung.<\/li>\n<li>Gorillas &amp; Golden Monkeys Trek Genehmigungen &#8211; US$100,00 pro Person und Trek.<\/li>\n<li>Privater Transport im 4&#215;4 Safari Land-Cruiser + Dienstleistungen eines englischsprachigen Fahrer-Guides.<\/li>\n<li>Emergency Air Evacuation Cover (ausgenommen Krankenhausaufenthalte und Arztrechnungen).<\/li>\n<li>Trinkwasserflaschen w\u00e4hrend der Safari (im Fahrzeug) und w\u00e4hrend des Trekkings.<\/li>\n<li>Alle Steuern auf die oben genannten Dienstleistungen.<\/li>\n<\/ul>\n[\/info_list_son][\/info_list_father][\/vc_column_inner][vc_column_inner width=&#8220;1\/2&#8243;][info_list_father listclr=&#8220;#f8f8f8&#8243;][info_list_son style=&#8220;icon&#8220; size=&#8220;15&#8243; width=&#8220;20&#8243; height=&#8220;20&#8243; titleclr=&#8220;#890000&#8243; icon=&#8220;fas fa-user-minus&#8220; iconclr=&#8220;#890000&#8243; title=&#8220;AUSGESCHLOSSEN&#8220; lineheight=&#8220;2&#8243;]\n<ul>\n<li>Mahlzeiten und Getr\u00e4nke, die nicht angegeben sind.<\/li>\n<li>Alle anderen Besichtigungsaktivit\u00e4ten oder Unterk\u00fcnfte, die nicht im Programm angegeben sind.<\/li>\n<li>Internationale\/regionale Flugpreise und Pass-\/Visageb\u00fchren.<\/li>\n<li>\u00dcbergep\u00e4ckgeb\u00fchren, die von Fluggesellschaften erhoben werden.<\/li>\n<li>Trinkgelder \u2013 Fahrer-Guide\/Parkf\u00fchrer\/Gep\u00e4cktr\u00e4ger\/Hotelpersonal und andere Bef\u00f6rderungskr\u00e4fte.<\/li>\n<li>W\u00e4sche und andere pers\u00f6nliche Gegenst\u00e4nde wie Getr\u00e4nke, Telefonanrufe usw.<\/li>\n<li>Personen- und Gep\u00e4ckversicherung.<\/li>\n<li>Kosten f\u00fcr alles, was nicht ausdr\u00fccklich in der obigen Auflistung erw\u00e4hnt oder angefordert wurde.<\/li>\n<\/ul>\n[\/info_list_son][\/info_list_father][\/vc_column_inner][\/vc_row_inner][\/vc_tta_section][\/vc_tta_tabs][\/vc_column][\/vc_row]\n","protected":false},"excerpt":{"rendered":"<p>[vc_row full_width=&#8220;stretch_row&#8220; gap=&#8220;1&#8243; el_class=&#8220;row&#8220;][vc_column parallax=&#8220;content-moving&#8220; parallax_image=&#8220;7469&#8243; css=&#8220;.vc_custom_1690532487149{padding-top: 80px !important;padding-right: 80px !important;padding-bottom: 80px !important;padding-left: 80px !important;}&#8220;][vc_custom_heading text=&#8220;4 Tage&#8220; font_container=&#8220;tag:h2|font_size:24|text_align:center|color:%23ffffff&#8220; google_fonts=&#8220;font_family:Roboto%3A100%2C100italic%2C300%2C300italic%2Cregular%2Citalic%2C500%2C500italic%2C700%2C700italic%2C900%2C900italic|font_style:400%20regular%3A400%3Anormal&#8220;][vc_text_separator title=&#8220;&#8220; i_icon_fontawesome=&#8220;fas fa-hiking&#8220; i_color=&#8220;custom&#8220; color=&#8220;custom&#8220; el_width=&#8220;80&#8243; add_icon=&#8220;true&#8220; i_custom_color=&#8220;#ffffff&#8220; accent_color=&#8220;#f8f8f8&#8243;][vc_custom_heading text=&#8220;Kigali \u21fe Vulkan Nationalpark \u21fe Berggorilla Trekking \u21fe Kigali&#8220; font_container=&#8220;tag:h2|font_size:18|text_align:center|color:%23ffffff&#8220; google_fonts=&#8220;font_family:Roboto%3A100%2C100italic%2C300%2C300italic%2Cregular%2Citalic%2C500%2C500italic%2C700%2C700italic%2C900%2C900italic|font_style:400%20regular%3A400%3Anormal&#8220;][\/vc_column][\/vc_row][vc_row css=&#8220;.vc_custom_1725348142774{padding: 10px !important;}&#8220;][vc_column][vc_tta_tabs color=&#8220;juicy-pink&#8220; alignment=&#8220;center&#8220; active_section=&#8220;1&#8243; no_fill_content_area=&#8220;true&#8220;][vc_tta_section title=&#8220;Programm&#8220; tab_id=&#8220;1633454673222-3d94f956-010c&#8220;][info_list_father listclr=&#8220;#f8f8f8&#8243;][info_list_son style=&#8220;icon&#8220; size=&#8220;15&#8243; width=&#8220;20&#8243; height=&#8220;20&#8243; titleclr=&#8220;#811a18&#8243; title=&#8220;Tag [&hellip;]<\/p>\n","protected":false},"author":4,"featured_media":0,"parent":28041,"menu_order":1,"comment_status":"closed","ping_status":"closed","template":"","meta":{"_themeisle_gutenberg_block_has_review":false,"footnotes":""},"class_list":["post-33166","page","type-page","status-publish","hentry"],"_links":{"self":[{"href":"https:\/\/mufasatoursandtravels.com\/de\/wp-json\/wp\/v2\/pages\/33166","targetHints":{"allow":["GET"]}}],"collection":[{"href":"https:\/\/mufasatoursandtravels.com\/de\/wp-json\/wp\/v2\/pages"}],"about":[{"href":"https:\/\/mufasatoursandtravels.com\/de\/wp-json\/wp\/v2\/types\/page"}],"author":[{"embeddable":true,"href":"https:\/\/mufasatoursandtravels.com\/de\/wp-json\/wp\/v2\/users\/4"}],"replies":[{"embeddable":true,"href":"https:\/\/mufasatoursandtravels.com\/de\/wp-json\/wp\/v2\/comments?post=33166"}],"version-history":[{"count":1,"href":"https:\/\/mufasatoursandtravels.com\/de\/wp-json\/wp\/v2\/pages\/33166\/revisions"}],"predecessor-version":[{"id":33168,"href":"https:\/\/mufasatoursandtravels.com\/de\/wp-json\/wp\/v2\/pages\/33166\/revisions\/33168"}],"up":[{"embeddable":true,"href":"https:\/\/mufasatoursandtravels.com\/de\/wp-json\/wp\/v2\/pages\/28041"}],"wp:attachment":[{"href":"https:\/\/mufasatoursandtravels.com\/de\/wp-json\/wp\/v2\/media?parent=33166"}],"curies":[{"name":"wp","href":"https:\/\/api.w.org\/{rel}","templated":true}]}}