{"id":33216,"date":"2022-03-25T09:42:26","date_gmt":"2022-03-25T06:42:26","guid":{"rendered":"https:\/\/mufasatoursandtravels.com\/flugziele\/aberdare-nationalpark\/"},"modified":"2025-04-16T12:57:19","modified_gmt":"2025-04-16T09:57:19","slug":"aberdare-nationalpark","status":"publish","type":"page","link":"https:\/\/mufasatoursandtravels.com\/de\/flugziele\/aberdare-nationalpark\/","title":{"rendered":"Aberdare-Nationalpark"},"content":{"rendered":"[vc_row full_width=&#8220;stretch_row&#8220;][vc_column css=&#8220;.vc_custom_1675671142396{border-top-width: 10px !important;border-right-width: 10px !important;border-bottom-width: 10px !important;border-left-width: 10px !important;}&#8220;][ucaddon_classic_banner title=&#8220;&#8220; link_text=&#8220;Aberdare National Park, Kenya&#8220; image=&#8220;8699&#8243; link=&#8220;&#8220; uc_fonts_data=&#8220;JTdCJTdE&#8220;][\/ucaddon_classic_banner][\/vc_column][\/vc_row][vc_row][vc_column css=&#8220;.vc_custom_1675672165143{border-top-width: 10px !important;border-right-width: 10px !important;border-bottom-width: 10px !important;border-left-width: 10px !important;}&#8220;][vc_tta_tabs shape=&#8220;square&#8220; color=&#8220;juicy-pink&#8220; alignment=&#8220;center&#8220; active_section=&#8220;1&#8243; no_fill_content_area=&#8220;true&#8220;][vc_tta_section title=&#8220;\u00dcber&#8220; tab_id=&#8220;1636302233132-39a30584-a642&#8243;][info_list_father listclr=&#8220;#f8f8f8&#8243;][info_list_son style=&#8220;icon&#8220; size=&#8220;20&#8243; width=&#8220;25&#8243; height=&#8220;25&#8243; titleclr=&#8220;#800000&#8243; icon=&#8220;fas fa-question-circle&#8220; title=&#8220;Aberdare-Nationalpark&#8220;]Er liegt im Zentrum Kenias, etwa 160 Stra\u00dfenkilometer von Nairobi entfernt, und erstreckt sich hundert Kilometer von Norden nach S\u00fcden innerhalb des dritth\u00f6chsten Gebirges Kenias. Der Aberdare National Park erstreckt sich \u00fcber die h\u00f6heren Gebiete des Aberdare Gebirges, einer isolierten Vulkankette, die sich am \u00f6stlichen Ende des Great Rift Valley gebildet hat. [\/info_list_son][info_list_son style=&#8220;icon&#8220; size=&#8220;20&#8243; width=&#8220;25&#8243; height=&#8220;25&#8243; titleclr=&#8220;#800000&#8243; icon=&#8220;fas fa-binoculars&#8220; title=&#8220;Tierwelt&#8220;]Zu den Wildtieren, die im Schutzgebiet vorkommen, geh\u00f6ren L\u00f6we, Leopard, Elefant, Ostafrikanischer Wildhund, Riesenwaldschwein, Buschbock, Bergschilfbock, Wasserbock, Kapb\u00fcffel, Suni, Seitenstreifen-Schakal, Elenantiker, Perlan, Olivpavian, Schwarz-Wei\u00dfer Stummelaffe und Sykesaffe. Seltener sind die der afrikanischen Goldkatze und der Bongo. Arten wie der Elenantin, Serval leben in den h\u00f6heren Moorlandschaften.  <\/p>\n<p>Der Aberdare National Park beherbergt auch eine gro\u00dfe Population des \u00f6stlichen Spitzmaulnashorns und \u00fcber 250 Vogelarten, darunter das vom Aussterben bedrohte Aberdare cisticola, das Jackson-Spornhuhn, der Sperber, der afrikanische Habicht, der afrikanische Fischadler, die Sonnenv\u00f6gel und der Regenpfeifer.[\/info_list_son][info_list_son style=&#8220;icon&#8220; size=&#8220;20&#8243; width=&#8220;25&#8243; height=&#8220;25&#8243; titleclr=&#8220;#800000&#8243; icon=&#8220;fas fa-paw&#8220; title=&#8220;Aktivit\u00e4ten&#8220;]\n<ul>\n<li>Pirschfahrten.<\/li>\n<li>Vogelbeobachtung.<\/li>\n<li>Gel\u00e4ndewanderungen.<\/li>\n<\/ul>\n[\/info_list_son][\/info_list_father][\/vc_tta_section][vc_tta_section title=&#8220;Anfahrt&#8220; tab_id=&#8220;1633455601016-f93699bc-5d92&#8243;][vc_gmaps link=&#8220;#E-8_JTNDaWZyYW1lJTIwc3JjJTNEJTIyaHR0cHMlM0ElMkYlMkZtYXBzLmdvb2dsZS5jb20lMkZtYXBzJTNGcSUzREFiZXJkYXJlJTI1MjBuYXRpb25hbCUyNTIwcGFyayUyNmFtcCUzQnQlM0QlMjZhbXAlM0J6JTNEMTElMjZhbXAlM0JpZSUzRFVURjglMjZhbXAlM0Jpd2xvYyUzRCUyNmFtcCUzQm91dHB1dCUzRGVtYmVkJTIyJTIwc2Nyb2xsaW5nJTNEJTIybm8lMjIlMjB3aWR0aCUzRCUyMjYwMCUyMiUyMGhlaWdodCUzRCUyMjQ1MCUyMiUyMGZyYW1lYm9yZGVyJTNEJTIyMCUyMiUyMHN0eWxlJTNEJTIyYm9yZGVyJTNBMCUyMiUyMGFsbG93ZnVsbHNjcmVlbiUzRCUyMiUyMiUzRSUzQyUyRmlmcmFtZSUzRQ==&#8220;][\/vc_tta_section][vc_tta_section title=&#8220;Unterk\u00fcnfte&#8220; tab_id=&#8220;1741851885056-63b8e07c-6181&#8243;][vc_row_inner el_class=&#8220;card&#8220; css=&#8220;.vc_custom_1741853631700{border: 20px initial  !important;}&#8220;][vc_column_inner width=&#8220;1\/2&#8243;][vc_images_carousel images=&#8220;3119&#8243; onclick=&#8220;link_no&#8220; autoplay=&#8220;yes&#8220; css=&#8220;.vc_custom_1741855467912{background-position: center !important;background-repeat: no-repeat !important;background-size: contain !important;}&#8220;][\/vc_column_inner][vc_column_inner width=&#8220;1\/2&#8243;][vc_headings style=&#8220;theme3&#8243; linewidth=&#8220;100&#8243; borderclr=&#8220;#890000&#8243; title=&#8220;The Ark Lodge&#8220; align=&#8220;left&#8220; google_fonts=&#8220;font_family:Roboto%3A100%2C100italic%2C300%2C300italic%2Cregular%2Citalic%2C500%2C500italic%2C700%2C700italic%2C900%2C900italic&#8220; titleclr=&#8220;#000000&#8243;][\/vc_headings][vc_column_text]Das Hotel liegt im Herzen des Aberdare-Nationalparks, ikonisch und ja, skurril. <a href=\"https:\/\/marasa.net\/the-ark\/\" rel=\"nofollow noopener\" target=\"_blank\">Die Arche<\/a> \u00fcberblickt ein beleuchtetes Wasserloch und eine Salzlecke, die eine Vielzahl fantastischer Wildtiere anzieht. Die Arche, die der Arche Noah \u00e4hnelt und nach ihr benannt ist, besteht aus drei Decks, von denen aus zahlreiche Balkone und Lounges einen hervorragenden Ort bieten, um Wildtiere zu beobachten. Damit Sie keine Tiersichtungen verpassen, summt der Nachtw\u00e4chter in Ihrem Zimmer, wenn besondere Tiere an das Wasserloch kommen. Die Arche verf\u00fcgt \u00fcber vier Aussichtsbereiche, in denen man das allgegenw\u00e4rtige Tiertreiben beobachten kann.[\/vc_column_text][\/vc_column_inner][\/vc_row_inner][vc_row_inner el_class=&#8220;card&#8220; css=&#8220;.vc_custom_1741853631700{border: 20px initial  !important;}&#8220;][vc_column_inner width=&#8220;1\/2&#8243;][vc_images_carousel images=&#8220;29345&#8243; onclick=&#8220;link_no&#8220; autoplay=&#8220;yes&#8220; css=&#8220;.vc_custom_1741855983963{background-position: center !important;background-repeat: no-repeat !important;background-size: contain !important;}&#8220;][\/vc_column_inner][vc_column_inner width=&#8220;1\/2&#8243;][vc_headings style=&#8220;theme3&#8243; linewidth=&#8220;100&#8243; borderclr=&#8220;#890000&#8243; title=&#8220;Aberdare Country Club&#8220; align=&#8220;left&#8220; google_fonts=&#8220;font_family:Roboto%3A100%2C100italic%2C300%2C300italic%2Cregular%2Citalic%2C500%2C500italic%2C700%2C700italic%2C900%2C900italic&#8220; titleclr=&#8220;#000000&#8243;][\/vc_headings][vc_column_text el_class=&#8220;card&#8220;]Der <a href=\"https:\/\/marasa.net\/aberdare-country-club\/\" rel=\"nofollow noopener\" target=\"_blank\">Aberdare Country Club<\/a>, nur zweieinhalb Autostunden nord\u00f6stlich von Nairobi, liegt an einem Hang des Mweiga Hill in den Aberdare Highlands, einem Teil des Great Rift Valley. Dieser faszinierende Ort war das Geh\u00f6ft eines englischen Paares, das sich entschlossen hatte, sich in Kenia niederzulassen. Fast ein halbes Jahrhundert sp\u00e4ter wurde ihr Zuhause &#8222;The Steep&#8220; in Aberdare Country Club umbenannt und f\u00fcr G\u00e4ste ge\u00f6ffnet. Der Aberdare Country Club gilt als Kulturerbe in Kenia und hat sich den Charme eines Privathauses mit dem einfachen Komfort eines Landgasthofs bewahrt.[\/vc_column_text][\/vc_column_inner][\/vc_row_inner][vc_row_inner el_class=&#8220;card&#8220; css=&#8220;.vc_custom_1741853631700{border: 20px initial  !important;}&#8220;][vc_column_inner width=&#8220;1\/2&#8243;][vc_images_carousel images=&#8220;29351&#8243; onclick=&#8220;link_no&#8220; autoplay=&#8220;yes&#8220; css=&#8220;.vc_custom_1741856576745{background-position: center !important;background-repeat: no-repeat !important;background-size: contain !important;}&#8220;][\/vc_column_inner][vc_column_inner width=&#8220;1\/2&#8243;][vc_headings style=&#8220;theme3&#8243; linewidth=&#8220;100&#8243; borderclr=&#8220;#890000&#8243; title=&#8220;Treetops Lodge&#8220; align=&#8220;left&#8220; google_fonts=&#8220;font_family:Roboto%3A100%2C100italic%2C300%2C300italic%2Cregular%2Citalic%2C500%2C500italic%2C700%2C700italic%2C900%2C900italic&#8220; titleclr=&#8220;#000000&#8243;][\/vc_headings][vc_column_text el_class=&#8220;card&#8220;]Entdecken Sie ein Reiseziel, das eine perfekte Mischung aus Abenteuer, Entspannung und Kultur bietet. Egal, ob Sie ein Adrenalinjunkie sind oder jemand, der einen ruhigen R\u00fcckzugsort sucht, dieser Ort hat f\u00fcr jeden etwas zu bieten. Erkunden Sie atemberaubende Landschaften, tauchen Sie ein in die lokale Kultur und lassen Sie sich von der Weltklasse-K\u00fcche verw\u00f6hnen.[\/vc_column_text][\/vc_column_inner][\/vc_row_inner][vc_row_inner el_class=&#8220;card&#8220; css=&#8220;.vc_custom_1741853631700{border: 20px initial  !important;}&#8220;][vc_column_inner width=&#8220;1\/2&#8243;][vc_images_carousel images=&#8220;35052&#8243; onclick=&#8220;link_no&#8220; autoplay=&#8220;yes&#8220; css=&#8220;.vc_custom_1744796542252{background-position: center !important;background-repeat: no-repeat !important;background-size: contain !important;}&#8220;][\/vc_column_inner][vc_column_inner width=&#8220;1\/2&#8243;][vc_headings style=&#8220;theme3&#8243; linewidth=&#8220;100&#8243; borderclr=&#8220;#890000&#8243; title=&#8220;Rhino Watch Safari Lodge&#8220; align=&#8220;left&#8220; google_fonts=&#8220;font_family:Roboto%3A100%2C100italic%2C300%2C300italic%2Cregular%2Citalic%2C500%2C500italic%2C700%2C700italic%2C900%2C900italic&#8220; titleclr=&#8220;#000000&#8243;][\/vc_headings][vc_column_text el_class=&#8220;card&#8220;]<a href=\"https:\/\/rhinowatchlodge.com\/\" rel=\"nofollow noopener\" target=\"_blank\">Die Rhino Watch Safari Lodge<\/a> liegt im <strong>zentralen kenianischen Hochland<\/strong> in der Region Mweiga in Kenia. Es bietet einen <strong>wundersch\u00f6nen Blick auf den Mount Kenya<\/strong> und liegt strategisch g\u00fcnstig zwischen den Aberdare Mountains und dem Mount Kenya, was es zu einem idealen Ausgangspunkt f\u00fcr die Erkundung mehrerer nahegelegener Wildreservate macht.[\/vc_column_text][\/vc_column_inner][\/vc_row_inner][vc_row_inner el_class=&#8220;card&#8220; css=&#8220;.vc_custom_1741853631700{border: 20px initial  !important;}&#8220;][vc_column_inner width=&#8220;1\/2&#8243;][vc_images_carousel images=&#8220;35070&#8243; onclick=&#8220;link_no&#8220; autoplay=&#8220;yes&#8220; css=&#8220;.vc_custom_1744797239396{background-position: center !important;background-repeat: no-repeat !important;background-size: contain !important;}&#8220;][\/vc_column_inner][vc_column_inner width=&#8220;1\/2&#8243;][vc_headings style=&#8220;theme3&#8243; linewidth=&#8220;100&#8243; borderclr=&#8220;#890000&#8243; title=&#8220;Outspan Hotel&#8220; align=&#8220;left&#8220; google_fonts=&#8220;font_family:Roboto%3A100%2C100italic%2C300%2C300italic%2Cregular%2Citalic%2C500%2C500italic%2C700%2C700italic%2C900%2C900italic&#8220; titleclr=&#8220;#000000&#8243;][\/vc_headings][vc_column_text el_class=&#8220;card&#8220;]Das Outspan liegt im kenianischen Hochland und bietet ein ganzheitliches Gesch\u00e4fts-, Freizeit- und Abenteuererlebnis. Ein komfortables Hotel inmitten eines gepflegten tropischen Gartens mit gepflegten Rasenfl\u00e4chen und atemberaubendem Blick auf den Mount Kenya.[\/vc_column_text][\/vc_column_inner][\/vc_row_inner][\/vc_tta_section][\/vc_tta_tabs][\/vc_column][\/vc_row]\n","protected":false},"excerpt":{"rendered":"<p>[vc_row full_width=&#8220;stretch_row&#8220;][vc_column css=&#8220;.vc_custom_1675671142396{border-top-width: 10px !important;border-right-width: 10px !important;border-bottom-width: 10px !important;border-left-width: 10px !important;}&#8220;][ucaddon_classic_banner title=&#8220;&#8220; link_text=&#8220;Aberdare National Park, Kenya&#8220; image=&#8220;8699&#8243; link=&#8220;&#8220; uc_fonts_data=&#8220;JTdCJTdE&#8220;][\/ucaddon_classic_banner][\/vc_column][\/vc_row][vc_row][vc_column css=&#8220;.vc_custom_1675672165143{border-top-width: 10px !important;border-right-width: 10px !important;border-bottom-width: 10px !important;border-left-width: 10px !important;}&#8220;][vc_tta_tabs shape=&#8220;square&#8220; color=&#8220;juicy-pink&#8220; alignment=&#8220;center&#8220; active_section=&#8220;1&#8243; no_fill_content_area=&#8220;true&#8220;][vc_tta_section title=&#8220;\u00dcber&#8220; tab_id=&#8220;1636302233132-39a30584-a642&#8243;][info_list_father listclr=&#8220;#f8f8f8&#8243;][info_list_son style=&#8220;icon&#8220; size=&#8220;20&#8243; width=&#8220;25&#8243; height=&#8220;25&#8243; titleclr=&#8220;#800000&#8243; icon=&#8220;fas fa-question-circle&#8220; title=&#8220;Aberdare-Nationalpark&#8220;]Er liegt im Zentrum Kenias, etwa 160 Stra\u00dfenkilometer von Nairobi entfernt, und [&hellip;]<\/p>\n","protected":false},"author":4,"featured_media":0,"parent":27929,"menu_order":1,"comment_status":"closed","ping_status":"closed","template":"","meta":{"_themeisle_gutenberg_block_has_review":false,"footnotes":""},"class_list":["post-33216","page","type-page","status-publish","hentry"],"_links":{"self":[{"href":"https:\/\/mufasatoursandtravels.com\/de\/wp-json\/wp\/v2\/pages\/33216","targetHints":{"allow":["GET"]}}],"collection":[{"href":"https:\/\/mufasatoursandtravels.com\/de\/wp-json\/wp\/v2\/pages"}],"about":[{"href":"https:\/\/mufasatoursandtravels.com\/de\/wp-json\/wp\/v2\/types\/page"}],"author":[{"embeddable":true,"href":"https:\/\/mufasatoursandtravels.com\/de\/wp-json\/wp\/v2\/users\/4"}],"replies":[{"embeddable":true,"href":"https:\/\/mufasatoursandtravels.com\/de\/wp-json\/wp\/v2\/comments?post=33216"}],"version-history":[{"count":6,"href":"https:\/\/mufasatoursandtravels.com\/de\/wp-json\/wp\/v2\/pages\/33216\/revisions"}],"predecessor-version":[{"id":35084,"href":"https:\/\/mufasatoursandtravels.com\/de\/wp-json\/wp\/v2\/pages\/33216\/revisions\/35084"}],"up":[{"embeddable":true,"href":"https:\/\/mufasatoursandtravels.com\/de\/wp-json\/wp\/v2\/pages\/27929"}],"wp:attachment":[{"href":"https:\/\/mufasatoursandtravels.com\/de\/wp-json\/wp\/v2\/media?parent=33216"}],"curies":[{"name":"wp","href":"https:\/\/api.w.org\/{rel}","templated":true}]}}