{"id":33238,"date":"2022-03-25T07:17:27","date_gmt":"2022-03-25T04:17:27","guid":{"rendered":"https:\/\/mufasatoursandtravels.com\/flugziele\/taita-hills-heiligtum\/"},"modified":"2025-04-10T16:41:22","modified_gmt":"2025-04-10T13:41:22","slug":"taita-hills-heiligtum","status":"publish","type":"page","link":"https:\/\/mufasatoursandtravels.com\/de\/flugziele\/taita-hills-heiligtum\/","title":{"rendered":"Taita Hills Heiligtum"},"content":{"rendered":"[vc_row full_width=&#8220;stretch_row&#8220;][vc_column css=&#8220;.vc_custom_1679042447916{border-bottom-width: 10px !important;}&#8220;][ucaddon_classic_banner title=&#8220;&#8220; link_text=&#8220;Taita Hills Sanctuary, Kenya&#8220; image=&#8220;7064&#8243; link=&#8220;&#8220; uc_init_settings=&#8220;&#8220; uc_fonts_data=&#8220;JTdCJTdE&#8220;][\/ucaddon_classic_banner][\/vc_column][\/vc_row][vc_row][vc_column css=&#8220;.vc_custom_1679042436570{border-top-width: 10px !important;}&#8220;][vc_tta_tabs shape=&#8220;square&#8220; color=&#8220;juicy-pink&#8220; alignment=&#8220;center&#8220; active_section=&#8220;1&#8243; no_fill_content_area=&#8220;true&#8220;][vc_tta_section title=&#8220;\u00dcber&#8220; tab_id=&#8220;1636302233132-39a30584-a642&#8243;][info_list_father][info_list_son style=&#8220;icon&#8220; size=&#8220;20&#8243; width=&#8220;25&#8243; height=&#8220;25&#8243; titleclr=&#8220;#800000&#8243; icon=&#8220;fas fa-question-circle&#8220; title=&#8220;Heiligtum der Taita-H\u00fcgel&#8220;]\n<div class=\"wpb_text_column wpb_content_element \">\n<div class=\"wpb_wrapper\">\n<p>Die Taita Hills Wildlife Conservancy leitet ihren Namen von den umliegenden H\u00fcgelgruppen ab und ist ein integraler Bestandteil der Eastern Arc W\u00e4lder, die als Hotspot der Artenvielfalt eingestuft sind. Das Naturschutzgebiet erstreckt sich \u00fcber ein Gebiet von 28.000 Hektar Mosaik-Lebensraum, in dem die Pflanzenphysiognomie Flussw\u00e4lder, Savannenw\u00e4lder und Grasland umfasst. Die Vegetationsbildung ist in der Regel dicht, geschichtet und immer von Akazien-\/Commiphora-B\u00e4umen dominiert und kann in feuchten Gebieten wie in den zentralen Niederungen des Schutzgebietes immergr\u00fcn erscheinen.  <\/p>\n<p>Das Schutzgebiet erstreckt sich \u00fcber den Southern Tsavo West National Park und ist ein wichtiges Ausbreitungsgebiet und Migrationskorridor f\u00fcr Wildtiere zwischen dem Tsavo East National Park und dem Tsavo West National Park, was es zu einem hoch gesch\u00e4tzten touristischen Erholungsgebiet und von \u00f6kologischer Bedeutung macht. Die Topographie ist im Allgemeinen gebirgig und bietet atemberaubende Ausblicke auf den Kilimanjaro, Pare, das Uluguru-Gebirge und die Ansammlungen der Taita-H\u00fcgel mit einem saisonalen Fluss, der das Schutzgebiet in T\u00e4ler und Tieflandebenen unterteilt. <\/p><\/div>\n<\/div>\n[\/info_list_son][info_list_son style=&#8220;icon&#8220; size=&#8220;20&#8243; width=&#8220;25&#8243; height=&#8220;25&#8243; titleclr=&#8220;#800000&#8243; icon=&#8220;fas fa-binoculars&#8220; title=&#8220;Tierwelt&#8220;]Es beherbergt Kapb\u00fcffel, afrikanische Buschelefanten, Leoparden, L\u00f6wen, Geparden, Massai-Giraffen, Zebras, Kuhantilopen, Impalas, Wasserb\u00f6cke, Thomson-Gazelle, Kleine Kudus, Dik-Dik, Hy\u00e4nen und andere kleinere Tiere, einschlie\u00dflich einer Vielzahl von V\u00f6geln.[\/info_list_son][info_list_son style=&#8220;icon&#8220; size=&#8220;20&#8243; width=&#8220;25&#8243; height=&#8220;25&#8243; titleclr=&#8220;#800000&#8243; icon=&#8220;fas fa-paw&#8220; title=&#8220;Aktivit\u00e4ten&#8220;]\n<ul>\n<li>Spazierg\u00e4nge und L\u00e4ufe in der Natur.<\/li>\n<li>Pirschfahrten.<\/li>\n<li>Vogelbeobachtung.<\/li>\n<li>Taita Hills Museum aus dem 1. Weltkrieg.<\/li>\n<\/ul>\n[\/info_list_son][\/info_list_father][\/vc_tta_section][vc_tta_section title=&#8220;Anfahrt&#8220; tab_id=&#8220;1633455601016-f93699bc-5d92&#8243;][vc_gmaps link=&#8220;#E-8_JTNDaWZyYW1lJTIwc3JjJTNEJTIyaHR0cHMlM0ElMkYlMkZtYXBzLmdvb2dsZS5jb20lMkZtYXBzJTNGcSUzRFRhaXRhJTI1MjBoaWxscyUyNTIwd2lsZGxpZmUlMjUyMHNhbmN0dWFyeSUyNmFtcCUzQnQlM0RrJTI2YW1wJTNCeiUzRDEzJTI2YW1wJTNCaWUlM0RVVEY4JTI2YW1wJTNCaXdsb2MlM0QlMjZhbXAlM0JvdXRwdXQlM0RlbWJlZCUyMiUyMHdpZHRoJTNEJTIyNjAwJTIyJTIwaGVpZ2h0JTNEJTIyNDUwJTIyJTIwZnJhbWVib3JkZXIlM0QlMjIwJTIyJTIwc3R5bGUlM0QlMjJib3JkZXIlM0EwJTIyJTIwYWxsb3dmdWxsc2NyZWVuJTNEJTIyJTIyJTNFJTNDJTJGaWZyYW1lJTNF&#8220;][\/vc_tta_section][\/vc_tta_tabs][\/vc_column][\/vc_row]\n","protected":false},"excerpt":{"rendered":"<p>[vc_row full_width=&#8220;stretch_row&#8220;][vc_column css=&#8220;.vc_custom_1679042447916{border-bottom-width: 10px !important;}&#8220;][ucaddon_classic_banner title=&#8220;&#8220; link_text=&#8220;Taita Hills Sanctuary, Kenya&#8220; image=&#8220;7064&#8243; link=&#8220;&#8220; uc_init_settings=&#8220;&#8220; uc_fonts_data=&#8220;JTdCJTdE&#8220;][\/ucaddon_classic_banner][\/vc_column][\/vc_row][vc_row][vc_column css=&#8220;.vc_custom_1679042436570{border-top-width: 10px !important;}&#8220;][vc_tta_tabs shape=&#8220;square&#8220; color=&#8220;juicy-pink&#8220; alignment=&#8220;center&#8220; active_section=&#8220;1&#8243; no_fill_content_area=&#8220;true&#8220;][vc_tta_section title=&#8220;\u00dcber&#8220; tab_id=&#8220;1636302233132-39a30584-a642&#8243;][info_list_father][info_list_son style=&#8220;icon&#8220; size=&#8220;20&#8243; width=&#8220;25&#8243; height=&#8220;25&#8243; titleclr=&#8220;#800000&#8243; icon=&#8220;fas fa-question-circle&#8220; title=&#8220;Heiligtum der Taita-H\u00fcgel&#8220;] Die Taita Hills Wildlife Conservancy leitet ihren Namen von den umliegenden H\u00fcgelgruppen ab und ist ein integraler Bestandteil der Eastern Arc [&hellip;]<\/p>\n","protected":false},"author":4,"featured_media":0,"parent":27929,"menu_order":13,"comment_status":"closed","ping_status":"closed","template":"","meta":{"_themeisle_gutenberg_block_has_review":false,"footnotes":""},"class_list":["post-33238","page","type-page","status-publish","hentry"],"_links":{"self":[{"href":"https:\/\/mufasatoursandtravels.com\/de\/wp-json\/wp\/v2\/pages\/33238","targetHints":{"allow":["GET"]}}],"collection":[{"href":"https:\/\/mufasatoursandtravels.com\/de\/wp-json\/wp\/v2\/pages"}],"about":[{"href":"https:\/\/mufasatoursandtravels.com\/de\/wp-json\/wp\/v2\/types\/page"}],"author":[{"embeddable":true,"href":"https:\/\/mufasatoursandtravels.com\/de\/wp-json\/wp\/v2\/users\/4"}],"replies":[{"embeddable":true,"href":"https:\/\/mufasatoursandtravels.com\/de\/wp-json\/wp\/v2\/comments?post=33238"}],"version-history":[{"count":6,"href":"https:\/\/mufasatoursandtravels.com\/de\/wp-json\/wp\/v2\/pages\/33238\/revisions"}],"predecessor-version":[{"id":33263,"href":"https:\/\/mufasatoursandtravels.com\/de\/wp-json\/wp\/v2\/pages\/33238\/revisions\/33263"}],"up":[{"embeddable":true,"href":"https:\/\/mufasatoursandtravels.com\/de\/wp-json\/wp\/v2\/pages\/27929"}],"wp:attachment":[{"href":"https:\/\/mufasatoursandtravels.com\/de\/wp-json\/wp\/v2\/media?parent=33238"}],"curies":[{"name":"wp","href":"https:\/\/api.w.org\/{rel}","templated":true}]}}