{"id":33277,"date":"2022-03-25T07:16:40","date_gmt":"2022-03-25T04:16:40","guid":{"rendered":"https:\/\/mufasatoursandtravels.com\/flugziele\/loisaba-naturschutzgebiet\/"},"modified":"2025-04-10T16:41:48","modified_gmt":"2025-04-10T13:41:48","slug":"loisaba-naturschutzgebiet","status":"publish","type":"page","link":"https:\/\/mufasatoursandtravels.com\/de\/flugziele\/loisaba-naturschutzgebiet\/","title":{"rendered":"Loisaba Naturschutzgebiet"},"content":{"rendered":"[vc_row full_width=&#8220;stretch_row&#8220;][vc_column css=&#8220;.vc_custom_1679040823034{border-bottom-width: 10px !important;}&#8220;][ucaddon_classic_banner title=&#8220;&#8220; link_text=&#8220;Loisaba Conservancy, Kenya&#8220; image=&#8220;9755&#8243; link=&#8220;&#8220; uc_init_settings=&#8220;&#8220; uc_fonts_data=&#8220;JTdCJTdE&#8220;][\/ucaddon_classic_banner][\/vc_column][\/vc_row][vc_row][vc_column css=&#8220;.vc_custom_1679040833861{border-top-width: 10px !important;}&#8220;][vc_tta_tabs shape=&#8220;square&#8220; color=&#8220;juicy-pink&#8220; alignment=&#8220;center&#8220; active_section=&#8220;1&#8243; no_fill_content_area=&#8220;true&#8220;][vc_tta_section title=&#8220;\u00dcber&#8220; tab_id=&#8220;1636302233132-39a30584-a642&#8243;][info_list_father][info_list_son style=&#8220;icon&#8220; size=&#8220;20&#8243; width=&#8220;25&#8243; height=&#8220;25&#8243; titleclr=&#8220;#800000&#8243; icon=&#8220;fas fa-question-circle&#8220; title=&#8220;Loisaba Naturschutzgebiet&#8220;]\n<div class=\"template-page content av-content-full alpha units\">\n<div class=\"post-entry post-entry-type-page post-entry-13\">\n<div class=\"entry-content-wrapper clearfix\">\n<div class=\"flex_column_table av-3qw9d-5e67e7d59b8de21b83445ae60890e95c sc-av_one_half av-equal-height-column-flextable\">\n<div class=\"flex_column av-3qw9d-5e67e7d59b8de21b83445ae60890e95c av_one_half avia-builder-el-2 el_before_av_one_half avia-builder-el-first first flex_column_table_cell av-equal-height-column av-align-middle av-zero-column-padding \">\n<section class=\"av_textblock_section av-hzt2p-9d2d4cd957037d80691bc240b1ee573f\">\n<div class=\"avia_textblock av_inherit_color\">\n<p>Loisaba ist ein 57.000 Hektar gro\u00dfes Naturschutzgebiet in Laikipia, Nordkenia. Mit einer reichhaltigen Tierwelt, exquisiten Unterk\u00fcnften und abenteuerlichen Aktivit\u00e4ten wird Loisaba Ihren Geist beleben, Ihren K\u00f6rper verj\u00fcngen und Ihre Seele revitalisieren. <\/p><\/div>\n<\/section>\n<\/div>\n<\/div>\n<\/div>\n<\/div>\n<\/div>\n[\/info_list_son][info_list_son style=&#8220;icon&#8220; size=&#8220;20&#8243; width=&#8220;25&#8243; height=&#8220;25&#8243; titleclr=&#8220;#800000&#8243; icon=&#8220;fas fa-binoculars&#8220; title=&#8220;Tierwelt&#8220;]Das Loisaba Conservancy bietet einen sicheren Hafen f\u00fcr mehr als 260 Vogelarten und 50 S\u00e4ugetierarten, darunter L\u00f6wen, Wildhunde, Netzgiraffen und das vom Aussterben bedrohte Grevy-Zebra. Er liegt auch innerhalb eines wichtigen Bewegungskorridors f\u00fcr die zweitgr\u00f6\u00dfte Elefantenpopulation des Landes. [\/info_list_son][info_list_son style=&#8220;icon&#8220; size=&#8220;20&#8243; width=&#8220;25&#8243; height=&#8220;25&#8243; titleclr=&#8220;#800000&#8243; icon=&#8220;fas fa-paw&#8220; title=&#8220;Aktivit\u00e4ten&#8220;]\n<ul>\n<li>Pirschfahrten.<\/li>\n<li>Buschwanderungen.<\/li>\n<li>Reiten.<\/li>\n<li>Kamelreiten.<\/li>\n<li>Reiten in den Bergen.<\/li>\n<li>Angeln.<\/li>\n<li>Kulturelle Besichtigungen.<\/li>\n<\/ul>\n[\/info_list_son][\/info_list_father][\/vc_tta_section][vc_tta_section title=&#8220;Anfahrt&#8220; tab_id=&#8220;1633455601016-f93699bc-5d92&#8243;][vc_gmaps link=&#8220;#E-8_JTNDaWZyYW1lJTIwc3JjJTNEJTIyaHR0cHMlM0ElMkYlMkZtYXBzLmdvb2dsZS5jb20lMkZtYXBzJTNGcSUzRGxvaXNhYmElMjUyMGNvbnNlcnZhbmN5JTI2YW1wJTNCdCUzRGslMjZhbXAlM0J6JTNEMTElMjZhbXAlM0JpZSUzRFVURjglMjZhbXAlM0Jpd2xvYyUzRCUyNmFtcCUzQm91dHB1dCUzRGVtYmVkJTIyJTIwd2lkdGglM0QlMjI2MDAlMjIlMjBoZWlnaHQlM0QlMjI0NTAlMjIlMjBmcmFtZWJvcmRlciUzRCUyMjAlMjIlMjBzdHlsZSUzRCUyMmJvcmRlciUzQTAlMjIlMjBhbGxvd2Z1bGxzY3JlZW4lM0QlMjIlMjIlM0UlM0MlMkZpZnJhbWUlM0U=&#8220;][\/vc_tta_section][\/vc_tta_tabs][\/vc_column][\/vc_row]\n","protected":false},"excerpt":{"rendered":"<p>[vc_row full_width=&#8220;stretch_row&#8220;][vc_column css=&#8220;.vc_custom_1679040823034{border-bottom-width: 10px !important;}&#8220;][ucaddon_classic_banner title=&#8220;&#8220; link_text=&#8220;Loisaba Conservancy, Kenya&#8220; image=&#8220;9755&#8243; link=&#8220;&#8220; uc_init_settings=&#8220;&#8220; uc_fonts_data=&#8220;JTdCJTdE&#8220;][\/ucaddon_classic_banner][\/vc_column][\/vc_row][vc_row][vc_column css=&#8220;.vc_custom_1679040833861{border-top-width: 10px !important;}&#8220;][vc_tta_tabs shape=&#8220;square&#8220; color=&#8220;juicy-pink&#8220; alignment=&#8220;center&#8220; active_section=&#8220;1&#8243; no_fill_content_area=&#8220;true&#8220;][vc_tta_section title=&#8220;\u00dcber&#8220; tab_id=&#8220;1636302233132-39a30584-a642&#8243;][info_list_father][info_list_son style=&#8220;icon&#8220; size=&#8220;20&#8243; width=&#8220;25&#8243; height=&#8220;25&#8243; titleclr=&#8220;#800000&#8243; icon=&#8220;fas fa-question-circle&#8220; title=&#8220;Loisaba Naturschutzgebiet&#8220;] Loisaba ist ein 57.000 Hektar gro\u00dfes Naturschutzgebiet in Laikipia, Nordkenia. Mit einer reichhaltigen Tierwelt, exquisiten Unterk\u00fcnften und abenteuerlichen Aktivit\u00e4ten wird Loisaba Ihren Geist [&hellip;]<\/p>\n","protected":false},"author":4,"featured_media":0,"parent":27929,"menu_order":10,"comment_status":"closed","ping_status":"closed","template":"","meta":{"_themeisle_gutenberg_block_has_review":false,"footnotes":""},"class_list":["post-33277","page","type-page","status-publish","hentry"],"_links":{"self":[{"href":"https:\/\/mufasatoursandtravels.com\/de\/wp-json\/wp\/v2\/pages\/33277","targetHints":{"allow":["GET"]}}],"collection":[{"href":"https:\/\/mufasatoursandtravels.com\/de\/wp-json\/wp\/v2\/pages"}],"about":[{"href":"https:\/\/mufasatoursandtravels.com\/de\/wp-json\/wp\/v2\/types\/page"}],"author":[{"embeddable":true,"href":"https:\/\/mufasatoursandtravels.com\/de\/wp-json\/wp\/v2\/users\/4"}],"replies":[{"embeddable":true,"href":"https:\/\/mufasatoursandtravels.com\/de\/wp-json\/wp\/v2\/comments?post=33277"}],"version-history":[{"count":6,"href":"https:\/\/mufasatoursandtravels.com\/de\/wp-json\/wp\/v2\/pages\/33277\/revisions"}],"predecessor-version":[{"id":33305,"href":"https:\/\/mufasatoursandtravels.com\/de\/wp-json\/wp\/v2\/pages\/33277\/revisions\/33305"}],"up":[{"embeddable":true,"href":"https:\/\/mufasatoursandtravels.com\/de\/wp-json\/wp\/v2\/pages\/27929"}],"wp:attachment":[{"href":"https:\/\/mufasatoursandtravels.com\/de\/wp-json\/wp\/v2\/media?parent=33277"}],"curies":[{"name":"wp","href":"https:\/\/api.w.org\/{rel}","templated":true}]}}