{"id":33335,"date":"2022-03-25T07:04:29","date_gmt":"2022-03-25T04:04:29","guid":{"rendered":"https:\/\/mufasatoursandtravels.com\/flugziele\/lake-manyara-nationalpark\/"},"modified":"2025-04-10T16:42:43","modified_gmt":"2025-04-10T13:42:43","slug":"lake-manyara-nationalpark","status":"publish","type":"page","link":"https:\/\/mufasatoursandtravels.com\/de\/flugziele\/lake-manyara-nationalpark\/","title":{"rendered":"Lake Manyara Nationalpark"},"content":{"rendered":"[vc_row full_width=&#8220;stretch_row&#8220;][vc_column css=&#8220;.vc_custom_1679038137662{border-bottom-width: 10px !important;}&#8220;][ucaddon_classic_banner title=&#8220;&#8220; link_text=&#8220;Lake Manyara National Park, Tanzania&#8220; image=&#8220;29756&#8243; link=&#8220;&#8220; uc_init_settings=&#8220;&#8220; uc_fonts_data=&#8220;JTdCJTdE&#8220;][\/ucaddon_classic_banner][\/vc_column][\/vc_row][vc_row][vc_column css=&#8220;.vc_custom_1679038150343{border-top-width: 10px !important;}&#8220;][vc_tta_tabs shape=&#8220;square&#8220; color=&#8220;juicy-pink&#8220; alignment=&#8220;center&#8220; active_section=&#8220;1&#8243; no_fill_content_area=&#8220;true&#8220;][vc_tta_section title=&#8220;\u00dcber&#8220; tab_id=&#8220;1636302233132-39a30584-a642&#8243;][info_list_father listclr=&#8220;#f8f8f8&#8243;][info_list_son style=&#8220;icon&#8220; size=&#8220;20&#8243; width=&#8220;25&#8243; height=&#8220;25&#8243; titleclr=&#8220;#800000&#8243; icon=&#8220;fas fa-question-circle&#8220; title=&#8220;Lake Manyara Nationalpark&#8220;]Es ist ein unber\u00fchrtes Paradies aus Grundwasserw\u00e4ldern, die von unterirdischen Quellen gespeist werden und von Wildtieren wie Elefanten, Flusspferden, Giraffen, B\u00fcffeln, Antilopen und einigen der gr\u00f6\u00dften Paviangruppen Afrikas wimmeln. Aber die ber\u00fchmteste Attraktion sind zweifellos die baumkletternden L\u00f6wen, und Menschen aus der ganzen Welt str\u00f6men herbei, um diese ikonischen Raubtiere in den B\u00e4umen zu sehen. [\/info_list_son][info_list_son style=&#8220;icon&#8220; size=&#8220;20&#8243; width=&#8220;25&#8243; height=&#8220;25&#8243; titleclr=&#8220;#800000&#8243; icon=&#8220;fas fa-binoculars&#8220; title=&#8220;Tierwelt&#8220;]Hier befindet sich die gr\u00f6\u00dfte Konzentration von Elefanten in Afrika. Wenn es darum geht, Elefanten in freier Wildbahn zu beobachten, gibt es nur wenige Orte, die es mit Elefanten aufnehmen k\u00f6nnen. Neben diesen Riesen bietet der Park auch hervorragende M\u00f6glichkeiten, Mungos, den entz\u00fcckenden Kirk&#8217;s Dik-Dik, Flusspferde, B\u00fcffel, Antilopen, Gazellen und gro\u00dfe Paviantruppen zu sehen.  <\/p>\n<p>Hier finden Sie auch baumkletternde L\u00f6wen, eine Seltenheit unter ihren Artgenossen, da sie zu den wenigen L\u00f6wen der Welt geh\u00f6ren, die regelm\u00e4\u00dfig auf B\u00e4ume klettern und sie als Ruhepl\u00e4tze nutzen.[\/info_list_son][info_list_son style=&#8220;icon&#8220; size=&#8220;20&#8243; width=&#8220;25&#8243; height=&#8220;25&#8243; titleclr=&#8220;#800000&#8243; icon=&#8220;fas fa-paw&#8220; title=&#8220;Aktivit\u00e4ten&#8220;]\n<ul>\n<li>Pirschfahrten.<\/li>\n<li>Vogelbeobachtung.<\/li>\n<li>Bootsfahrten\/ Kanufahrten.<\/li>\n<li>Baum weggehen.<\/li>\n<\/ul>\n[\/info_list_son][\/info_list_father][\/vc_tta_section][vc_tta_section title=&#8220;Anfahrt&#8220; tab_id=&#8220;1633455601016-f93699bc-5d92&#8243;][vc_gmaps link=&#8220;#E-8_JTNDaWZyYW1lJTIwc3JjJTNEJTIyaHR0cHMlM0ElMkYlMkZtYXBzLmdvb2dsZS5jb20lMkZtYXBzJTNGcSUzRExha2UlMjUyME1hbnlhcmElMjUyME5hdGlvbmFsJTI1MjBwYXJrJTI2YW1wJTNCdCUzRCUyNmFtcCUzQnolM0QxMSUyNmFtcCUzQmllJTNEVVRGOCUyNmFtcCUzQml3bG9jJTNEJTI2YW1wJTNCb3V0cHV0JTNEZW1iZWQlMjIlMjBmcmFtZWJvcmRlciUzRCUyMjAlMjIlMjBzY3JvbGxpbmclM0QlMjJubyUyMiUyMG1hcmdpbmhlaWdodCUzRCUyMjAlMjIlMjBtYXJnaW53aWR0aCUzRCUyMjAlMjIlMjB3aWR0aCUzRCUyMjYwMCUyMiUyMGhlaWdodCUzRCUyMjQ1MCUyMiUyMHN0eWxlJTNEJTIyYm9yZGVyJTNBMCUyMiUyMGFsbG93ZnVsbHNjcmVlbiUzRCUyMiUyMiUzRSUzQyUyRmlmcmFtZSUzRQ==&#8220;][\/vc_tta_section][vc_tta_section title=&#8220;Unterkunft&#8220; tab_id=&#8220;1741937806950-484a1d61-ff3d&#8220;][vc_row_inner][vc_column_inner width=&#8220;1\/2&#8243;][vc_single_image image=&#8220;29762&#8243;][\/vc_column_inner][vc_column_inner width=&#8220;1\/2&#8243;][vc_headings style=&#8220;theme3&#8243; linewidth=&#8220;100&#8243; borderclr=&#8220;#890000&#8243; title=&#8220;Lake Manyara Tortilis Camp&#8220; align=&#8220;left&#8220; google_fonts=&#8220;font_family:Roboto%3A100%2C100italic%2C300%2C300italic%2Cregular%2Citalic%2C500%2C500italic%2C700%2C700italic%2C900%2C900italic&#8220; titlesize=&#8220;16&#8243; titleclr=&#8220;#000000&#8243;][\/vc_headings][vc_column_text]Das Lake Manyara Tortilis Camp befindet sich am Fu\u00dfe des Great Rift Valley Steilhangs im Lake Manyara Nationalpark in Tansania. Es bietet ein &#8222;Glamping&#8220;-Erlebnis mit komplett eingerichteten Zelten mit Blick auf den Lake Manyara. Die Zelte verf\u00fcgen \u00fcber Kingsize- oder Twin-Betten, ein eigenes Bad und sind in einem authentischen lokalen Stil eingerichtet. Sie k\u00f6nnen davon ausgehen, von Ihrem Zelt aus Wildtiere zu sehen, und Sie k\u00f6nnen L\u00f6wen br\u00fcllen h\u00f6ren oder von Hy\u00e4nen und B\u00fcffeln besucht werden. Der Campingplatz verf\u00fcgt auch \u00fcber ein Restaurant und eine Bar. Zu den Aktivit\u00e4ten geh\u00f6ren Pirschfahrten, gef\u00fchrte Wanderungen und Vogelbeobachtungen.[\/vc_column_text][vc_btn title=&#8220;ansehen&#8220; style=&#8220;outline-custom&#8220; outline_custom_color=&#8220;#890000&#8243; outline_custom_hover_background=&#8220;#890000&#8243; outline_custom_hover_text=&#8220;#ffffff&#8220; shape=&#8220;round&#8220; size=&#8220;sm&#8220; align=&#8220;left&#8220; i_align=&#8220;right&#8220; i_icon_fontawesome=&#8220;far fa-arrow-alt-circle-right&#8220; add_icon=&#8220;true&#8220;][\/vc_column_inner][\/vc_row_inner][vc_row_inner][vc_column_inner width=&#8220;1\/2&#8243;][vc_single_image image=&#8220;29769&#8243;][\/vc_column_inner][vc_column_inner width=&#8220;1\/2&#8243;][vc_headings style=&#8220;theme3&#8243; linewidth=&#8220;100&#8243; borderclr=&#8220;#890000&#8243; title=&#8220;Lake Manyara Serena Safari Lodge&#8220; align=&#8220;left&#8220; google_fonts=&#8220;font_family:Roboto%3A100%2C100italic%2C300%2C300italic%2Cregular%2Citalic%2C500%2C500italic%2C700%2C700italic%2C900%2C900italic&#8220; titlesize=&#8220;16&#8243; titleclr=&#8220;#000000&#8243;][\/vc_headings][vc_column_text]Tansanias hoch aufragender Mto wa Mbu-Steilhang bietet eine bemerkenswerte Kulisse f\u00fcr einen einzigartigen Besuch. Die Lake Manyara Serena Safari Lodge begr\u00fc\u00dft Sie mit einer ruhigen Lage inmitten der reichen Tierwelt und der un\u00fcbertroffenen Ruhe des Lake Manyara Nationalparks. Der See ist die Heimat von \u00fcber 300 Zugv\u00f6geln, darunter Flamingos, Haubenadler und Graukopfeisv\u00f6gel. Unsere Lodge ist so gestaltet, dass sie diese au\u00dfergew\u00f6hnliche Vogelwelt nachahmt, mit einem architektonischen Motiv mit geschwungenen Vogelkurven und farbenfrohen Wandfresken.[\/vc_column_text][vc_btn title=&#8220;ansehen&#8220; style=&#8220;outline-custom&#8220; outline_custom_color=&#8220;#890000&#8243; outline_custom_hover_background=&#8220;#890000&#8243; outline_custom_hover_text=&#8220;#ffffff&#8220; shape=&#8220;round&#8220; size=&#8220;sm&#8220; align=&#8220;left&#8220; i_align=&#8220;right&#8220; i_icon_fontawesome=&#8220;far fa-arrow-alt-circle-right&#8220; add_icon=&#8220;true&#8220; link=&#8220;url:https%3A%2F%2Fwww.serenahotels.com%2Flake-manyara|&#8220;][\/vc_column_inner][\/vc_row_inner][vc_row_inner][vc_column_inner width=&#8220;1\/2&#8243;][vc_single_image image=&#8220;29775&#8243;][\/vc_column_inner][vc_column_inner width=&#8220;1\/2&#8243;][vc_headings style=&#8220;theme3&#8243; linewidth=&#8220;100&#8243; borderclr=&#8220;#890000&#8243; title=&#8220;&amp; Beyond Lake Manyara Tree Lodge&#8220; align=&#8220;left&#8220; google_fonts=&#8220;font_family:Roboto%3A100%2C100italic%2C300%2C300italic%2Cregular%2Citalic%2C500%2C500italic%2C700%2C700italic%2C900%2C900italic&#8220; titlesize=&#8220;16&#8243; titleclr=&#8220;#000000&#8243;][\/vc_headings][vc_column_text]Der Lake Manyara National Park bietet ein wahres Wildniserlebnis in verschiedenen Lebensr\u00e4umen, vom Sodasee im Rift Valley bis hin zu dichten W\u00e4ldern und steilen Bergh\u00e4ngen. Die Lake Manyara Tree Lodge liegt in den \u00c4sten eines uralten Mahagoniwaldes und f\u00fcgt sich in die nat\u00fcrliche Sch\u00f6nheit ihrer atemberaubenden Umgebung ein.[\/vc_column_text][vc_btn title=&#8220;ansehen&#8220; style=&#8220;outline-custom&#8220; outline_custom_color=&#8220;#890000&#8243; outline_custom_hover_background=&#8220;#890000&#8243; outline_custom_hover_text=&#8220;#ffffff&#8220; shape=&#8220;round&#8220; size=&#8220;sm&#8220; align=&#8220;left&#8220; i_align=&#8220;right&#8220; i_icon_fontawesome=&#8220;far fa-arrow-alt-circle-right&#8220; add_icon=&#8220;true&#8220; link=&#8220;url:https%3A%2F%2Fwww.andbeyond.com%2Four-lodges%2Fafrica%2Ftanzania%2Flake-manyara-national-park%2Fandbeyond-lake-manyara-tree-lodge%2F%3Futm_source%3Dgoogle%26utm_medium%3Dorganic%26utm_campaign%3Dorganic-global-bofu-gmb-listing-lake-manyara-tree-lodge|&#8220;][\/vc_column_inner][\/vc_row_inner][vc_row_inner][vc_column_inner width=&#8220;1\/2&#8243;][vc_single_image image=&#8220;29781&#8243;][\/vc_column_inner][vc_column_inner width=&#8220;1\/2&#8243;][vc_headings style=&#8220;theme3&#8243; linewidth=&#8220;100&#8243; borderclr=&#8220;#890000&#8243; title=&#8220;Kirurumu Manyara Lodge&#8220; align=&#8220;left&#8220; google_fonts=&#8220;font_family:Roboto%3A100%2C100italic%2C300%2C300italic%2Cregular%2Citalic%2C500%2C500italic%2C700%2C700italic%2C900%2C900italic&#8220; titlesize=&#8220;16&#8243; titleclr=&#8220;#000000&#8243;][\/vc_headings][vc_column_text]Die Kirurumu Manyara Lodge liegt hoch am Rande des Gro\u00dfen Grabenbruchs und bietet einen herrlichen, erhebenden Panoramablick nach Osten \u00fcber den Lake Manyara, den Rift Floor und den Mt. Losimingori. Hinter Kirurumu erhebt sich das Ngorongoro-Hochland in gr\u00fcner und fruchtbarer Pracht und bildet das Tor zum Ngorongoro-Krater und schlie\u00dflich zur Olduvai-Schlucht, der Serengeti.[\/vc_column_text][vc_btn title=&#8220;ansehen&#8220; style=&#8220;outline-custom&#8220; outline_custom_color=&#8220;#890000&#8243; outline_custom_hover_background=&#8220;#890000&#8243; outline_custom_hover_text=&#8220;#ffffff&#8220; shape=&#8220;round&#8220; size=&#8220;sm&#8220; align=&#8220;left&#8220; i_align=&#8220;right&#8220; i_icon_fontawesome=&#8220;far fa-arrow-alt-circle-right&#8220; add_icon=&#8220;true&#8220; link=&#8220;url:https%3A%2F%2Fwww.kirurumu.net%2Fmanyara|&#8220;][\/vc_column_inner][\/vc_row_inner][vc_row_inner][vc_column_inner width=&#8220;1\/2&#8243;][vc_single_image image=&#8220;29787&#8243;][\/vc_column_inner][vc_column_inner width=&#8220;1\/2&#8243;][vc_headings style=&#8220;theme3&#8243; linewidth=&#8220;100&#8243; borderclr=&#8220;#890000&#8243; title=&#8220;Wellworth Lake Manyara Kilimamoja Lodge&#8220; align=&#8220;left&#8220; google_fonts=&#8220;font_family:Roboto%3A100%2C100italic%2C300%2C300italic%2Cregular%2Citalic%2C500%2C500italic%2C700%2C700italic%2C900%2C900italic&#8220; titlesize=&#8220;16&#8243; titleclr=&#8220;#000000&#8243; caption_url=&#8220;&#8220; caption_urls=&#8220;&#8220; caption_urlss=&#8220;&#8220; caption_urldesc=&#8220;&#8220;][\/vc_headings][vc_column_text]Manyara&#8217;s Secret, eine exklusive Boutique-Lodge, bietet eine Reihe von Aktivit\u00e4ten, die Sie genie\u00dfen k\u00f6nnen, vom einfachen Schwimmen oder Sitzen auf der Terrasse und dem Lesen eines Buches bis hin zur eigentlichen Safari. Sie k\u00f6nnen unter freiem Himmel duschen oder unter dem &#8222;umgedrehten Baum der afrikanischen Ebene&#8220;, dem Baobab-Baum, schlafen.[\/vc_column_text][vc_btn title=&#8220;ansehen&#8220; style=&#8220;outline-custom&#8220; outline_custom_color=&#8220;#890000&#8243; outline_custom_hover_background=&#8220;#890000&#8243; outline_custom_hover_text=&#8220;#ffffff&#8220; shape=&#8220;round&#8220; size=&#8220;sm&#8220; align=&#8220;left&#8220; i_align=&#8220;right&#8220; i_icon_fontawesome=&#8220;far fa-arrow-alt-circle-right&#8220; add_icon=&#8220;true&#8220; link=&#8220;url:https%3A%2F%2Fmanyarassecret.com%2F|&#8220;][\/vc_column_inner][\/vc_row_inner][\/vc_tta_section][\/vc_tta_tabs][\/vc_column][\/vc_row]\n","protected":false},"excerpt":{"rendered":"<p>[vc_row full_width=&#8220;stretch_row&#8220;][vc_column css=&#8220;.vc_custom_1679038137662{border-bottom-width: 10px !important;}&#8220;][ucaddon_classic_banner title=&#8220;&#8220; link_text=&#8220;Lake Manyara National Park, Tanzania&#8220; image=&#8220;29756&#8243; link=&#8220;&#8220; uc_init_settings=&#8220;&#8220; uc_fonts_data=&#8220;JTdCJTdE&#8220;][\/ucaddon_classic_banner][\/vc_column][\/vc_row][vc_row][vc_column css=&#8220;.vc_custom_1679038150343{border-top-width: 10px !important;}&#8220;][vc_tta_tabs shape=&#8220;square&#8220; color=&#8220;juicy-pink&#8220; alignment=&#8220;center&#8220; active_section=&#8220;1&#8243; no_fill_content_area=&#8220;true&#8220;][vc_tta_section title=&#8220;\u00dcber&#8220; tab_id=&#8220;1636302233132-39a30584-a642&#8243;][info_list_father listclr=&#8220;#f8f8f8&#8243;][info_list_son style=&#8220;icon&#8220; size=&#8220;20&#8243; width=&#8220;25&#8243; height=&#8220;25&#8243; titleclr=&#8220;#800000&#8243; icon=&#8220;fas fa-question-circle&#8220; title=&#8220;Lake Manyara Nationalpark&#8220;]Es ist ein unber\u00fchrtes Paradies aus Grundwasserw\u00e4ldern, die von unterirdischen Quellen gespeist werden und von Wildtieren wie Elefanten, Flusspferden, Giraffen, [&hellip;]<\/p>\n","protected":false},"author":4,"featured_media":0,"parent":27929,"menu_order":8,"comment_status":"closed","ping_status":"closed","template":"","meta":{"_themeisle_gutenberg_block_has_review":false,"footnotes":""},"class_list":["post-33335","page","type-page","status-publish","hentry"],"_links":{"self":[{"href":"https:\/\/mufasatoursandtravels.com\/de\/wp-json\/wp\/v2\/pages\/33335","targetHints":{"allow":["GET"]}}],"collection":[{"href":"https:\/\/mufasatoursandtravels.com\/de\/wp-json\/wp\/v2\/pages"}],"about":[{"href":"https:\/\/mufasatoursandtravels.com\/de\/wp-json\/wp\/v2\/types\/page"}],"author":[{"embeddable":true,"href":"https:\/\/mufasatoursandtravels.com\/de\/wp-json\/wp\/v2\/users\/4"}],"replies":[{"embeddable":true,"href":"https:\/\/mufasatoursandtravels.com\/de\/wp-json\/wp\/v2\/comments?post=33335"}],"version-history":[{"count":1,"href":"https:\/\/mufasatoursandtravels.com\/de\/wp-json\/wp\/v2\/pages\/33335\/revisions"}],"predecessor-version":[{"id":33337,"href":"https:\/\/mufasatoursandtravels.com\/de\/wp-json\/wp\/v2\/pages\/33335\/revisions\/33337"}],"up":[{"embeddable":true,"href":"https:\/\/mufasatoursandtravels.com\/de\/wp-json\/wp\/v2\/pages\/27929"}],"wp:attachment":[{"href":"https:\/\/mufasatoursandtravels.com\/de\/wp-json\/wp\/v2\/media?parent=33335"}],"curies":[{"name":"wp","href":"https:\/\/api.w.org\/{rel}","templated":true}]}}