{"id":33523,"date":"2022-01-08T09:41:19","date_gmt":"2022-01-08T06:41:19","guid":{"rendered":"https:\/\/mufasatoursandtravels.com\/kenia-safari-mit-dem-auto\/safaris-fuer-lange-aufenthalte\/das-beste-von-kenia-private-safari-paket\/"},"modified":"2025-04-10T16:45:47","modified_gmt":"2025-04-10T13:45:47","slug":"das-beste-von-kenia-private-safari-paket","status":"publish","type":"page","link":"https:\/\/mufasatoursandtravels.com\/de\/kenia-safari-mit-dem-auto\/safaris-fuer-lange-aufenthalte\/das-beste-von-kenia-private-safari-paket\/","title":{"rendered":"Das Beste von Kenia Private Safari-Paket"},"content":{"rendered":"[vc_row full_width=&#8220;stretch_row&#8220; gap=&#8220;1&#8243;][vc_column parallax=&#8220;content-moving&#8220; parallax_image=&#8220;8358&#8243; parallax_speed_bg=&#8220;1.3&#8243; css=&#8220;.vc_custom_1687417587635{padding-top: 80px !important;padding-right: 80px !important;padding-bottom: 80px !important;padding-left: 80px !important;}&#8220;][vc_custom_heading text=&#8220;DAS BESTE VON KENIA SAFARI&#8220; font_container=&#8220;tag:h1|font_size:32|text_align:center|color:%23ffffff&#8220; google_fonts=&#8220;font_family:Roboto%3A100%2C100italic%2C300%2C300italic%2Cregular%2Citalic%2C500%2C500italic%2C700%2C700italic%2C900%2C900italic|font_style:400%20regular%3A400%3Anormal&#8220;][vc_separator color=&#8220;custom&#8220; border_width=&#8220;2&#8243; el_width=&#8220;50&#8243; accent_color=&#8220;#f8f8f8&#8243;][vc_custom_heading text=&#8220;Samburu \u21fe Aberdare \u21fe L.Nakuru \u21fe Masai Mara \u21fe L.Naivasha \u21fe Amboseli&#8220; font_container=&#8220;tag:h2|font_size:18|text_align:center|color:%23ffffff&#8220; google_fonts=&#8220;font_family:Roboto%3A100%2C100italic%2C300%2C300italic%2Cregular%2Citalic%2C500%2C500italic%2C700%2C700italic%2C900%2C900italic|font_style:400%20regular%3A400%3Anormal&#8220;][\/vc_column][\/vc_row][vc_row][vc_column css=&#8220;.vc_custom_1673438873315{border-top-width: 10px !important;border-right-width: 10px !important;border-bottom-width: 10px !important;border-left-width: 10px !important;}&#8220;][vc_tta_tabs shape=&#8220;square&#8220; color=&#8220;juicy-pink&#8220; alignment=&#8220;center&#8220; active_section=&#8220;1&#8243; no_fill_content_area=&#8220;true&#8220;][vc_tta_section title=&#8220;Programm&#8220; tab_id=&#8220;1633454673222-3d94f956-010c&#8220;][info_list_father listclr=&#8220;#f8f8f8&#8243;][info_list_son style=&#8220;icon&#8220; size=&#8220;10&#8243; width=&#8220;20&#8243; height=&#8220;20&#8243; titleclr=&#8220;#811a18&#8243; title=&#8220;DAY 1: NAIROBI TO SAMBURU NATIONAL RESERVE&#8220; icon=&#8220;fas fa-dot-circle&#8220; iconclr=&#8220;#811a18&#8243; lineheight=&#8220;2&#8243;]\n<ul>\n<li><span style=\"font-weight: 400;\">Depart from Nairobi at 6.30am to Samburu National Reserve (approximately 5-6 hrs drive). <\/span><\/li>\n<li><span style=\"font-weight: 400;\">Arrive in time for a refreshing hot lunch at the lodge. Proceed for an afternoon game drive till sunset and sight-see the Samburu Special (Big 5 and Small 5 that include rare species such as the Grevy\u2019s Zebra, Reticulated Giraffe, Somali Ostrich, Gerenuk and the Beisa Oryx). <\/span><\/li>\n<li><span style=\"font-weight: 400;\">Return for dinner and overnight.<\/span><\/li>\n<\/ul>\n[\/info_list_son][info_list_son style=&#8220;icon&#8220; size=&#8220;10&#8243; width=&#8220;20&#8243; height=&#8220;20&#8243; titleclr=&#8220;#811a18&#8243; icon=&#8220;fas fa-dot-circle&#8220; iconclr=&#8220;#811a18&#8243; title=&#8220;DAY 2: SAMBURU NATIONAL RESERVE&#8220; lineheight=&#8220;2&#8243;]\n<ul>\n<li><span style=\"font-weight: 400;\">Have an early breakfast at the camp\/lodge and set off for a morning game drive. <\/span><\/li>\n<li><span style=\"font-weight: 400;\">The sunrise game drive will enchant you with sightings of carnivals in action. <\/span><\/li>\n<li><span style=\"font-weight: 400;\">Return for lunch and thereafter relax in the <\/span><span style=\"font-weight: 400;\">tranquillity of the hotel amenities (such as swimming). Head out for an evening safari in the African sunset. <\/span><\/li>\n<li><span style=\"font-weight: 400;\">Return to camp\/lodge for dinner and overnight.<\/span><\/li>\n<\/ul>\n[\/info_list_son][info_list_son style=&#8220;icon&#8220; size=&#8220;10&#8243; width=&#8220;20&#8243; height=&#8220;20&#8243; titleclr=&#8220;#811a18&#8243; icon=&#8220;fas fa-dot-circle&#8220; iconclr=&#8220;#811a18&#8243; title=&#8220;DAY 3:SAMBURU NATIONAL RESERVE TO ABERDARE&#8220; lineheight=&#8220;2&#8243;]\n<ul>\n<li><span style=\"font-weight: 400;\">Have a lovely breakfast and check out.<\/span><\/li>\n<li><span style=\"font-weight: 400;\">Depart for Aberdare National Park (approximately 3 hrs). Cruise through meandrous scenery, arriving in time for a stimulating buffet lunch at Aberdare Country Club. <\/span><\/li>\n<li><span style=\"font-weight: 400;\">Proceed to the Ark lodge and check in. Watch stunning views of elephants and splendid bird species from your balcony and dining area. <\/span><\/li>\n<li><span style=\"font-weight: 400;\">Enjoy dinner and overnight stay at the lodge.<\/span><\/li>\n<\/ul>\n[\/info_list_son][info_list_son style=&#8220;icon&#8220; size=&#8220;10&#8243; width=&#8220;20&#8243; height=&#8220;20&#8243; titleclr=&#8220;#811a18&#8243; icon=&#8220;fas fa-dot-circle&#8220; iconclr=&#8220;#811a18&#8243; title=&#8220;DAY 4: ABERDARE TO LAKE NAKURU NATIONAL PARK&#8220; lineheight=&#8220;2&#8243;]\n<ul>\n<li><span style=\"font-weight: 400;\">Enjoy a fortifying early breakfast at the lodge and check out. <\/span><\/li>\n<li><span style=\"font-weight: 400;\">Tootle through the highlands to Lake Nakuru National Park (approximately 5 hrs). <\/span><\/li>\n<li><span style=\"font-weight: 400;\">Arrive at the lodge for lunch and check in. Proceed to an afternoon game drive until sunset. Get a flattering feel from an interaction with acclaimed species such a Black Rhinos, Lions and Rothschild Giraffes. <\/span><\/li>\n<li><span style=\"font-weight: 400;\">Return for dinner and overnight.<\/span><\/li>\n<\/ul>\n[\/info_list_son][info_list_son style=&#8220;icon&#8220; size=&#8220;10&#8243; width=&#8220;20&#8243; height=&#8220;20&#8243; titleclr=&#8220;#811a18&#8243; icon=&#8220;fas fa-dot-circle&#8220; iconclr=&#8220;#811a18&#8243; title=&#8220;DAY 5: LAKE NAKURU TO MASAI MARA&#8220; lineheight=&#8220;2&#8243;]\n<ul>\n<li>Delight in an early breakfast and check out.<\/li>\n<li>Proceed to Maasai Mara National Reserve (approximately 2-3 hrs drive from Lake Nakuru).<\/li>\n<li>Arrive in time for an enlivening lunch and check in at the camp\/lodge in Masai mara. Head out for an afternoon game drive in the phenomenal grass plain, host to diverse wildlife.<\/li>\n<li>Return for dinner and overnight.<\/li>\n<\/ul>\n[\/info_list_son][info_list_son style=&#8220;icon&#8220; size=&#8220;10&#8243; width=&#8220;20&#8243; height=&#8220;20&#8243; titleclr=&#8220;#811a18&#8243; icon=&#8220;fas fa-dot-circle&#8220; iconclr=&#8220;#811a18&#8243; title=&#8220;DAY 6: MASAI MARA GAME DRIVES&#8220; lineheight=&#8220;2&#8243;]\n<ul>\n<li><span style=\"font-weight: 400;\">Have an early breakfast treat at the camp\/lodge. <\/span><\/li>\n<li><span style=\"font-weight: 400;\">Proceed for an exciting full day in the Maasai Mara National Reserve. Thrill in the expedition of the African Big Five under the open roof of our tour vehicle and enjoy a picnic lunch in the wild savannah. Stop by the Mara River where the 8th Wonder of the World happens annually from July-August. <\/span><\/li>\n<li><span style=\"font-weight: 400;\">Return for dinner and overnight.<\/span><\/li>\n<\/ul>\n[\/info_list_son][info_list_son style=&#8220;icon&#8220; size=&#8220;10&#8243; width=&#8220;20&#8243; height=&#8220;20&#8243; titleclr=&#8220;#811a18&#8243; icon=&#8220;fas fa-dot-circle&#8220; iconclr=&#8220;#811a18&#8243; title=&#8220;DAY 7: MASAI MARA TO LAKE NAIVASHA&#8220; lineheight=&#8220;2&#8243;]\n<ul>\n<li><span style=\"font-weight: 400;\">Enjoy an early breakfast at the camp\/lodge and check out. <\/span><\/li>\n<li><span style=\"font-weight: 400;\">Proceed to Lake Naivasha (approximately 5 hrs drive from Maasai Mara).<\/span><\/li>\n<li><span style=\"font-weight: 400;\">Arrive at the lodge in Lake Naivasha for a sumptuous lunch . <\/span><\/li>\n<li><span style=\"font-weight: 400;\">Head out for an adventurous walking safari at the Crescent Island and engage in exciting boat safaris at the shores of Lake Naivasha.\u00a0 <\/span><\/li>\n<li><span style=\"font-weight: 400;\">Return for dinner and overnight.<\/span><\/li>\n<\/ul>\n[\/info_list_son][info_list_son style=&#8220;icon&#8220; size=&#8220;10&#8243; width=&#8220;20&#8243; height=&#8220;20&#8243; titleclr=&#8220;#811a18&#8243; icon=&#8220;fas fa-dot-circle&#8220; iconclr=&#8220;#811a18&#8243; title=&#8220;DAY 8: LAKE NAIVASHA TO AMBOSELI NATIONAL PARK&#8220; lineheight=&#8220;2&#8243;]\n<ul>\n<li><span style=\"font-weight: 400;\">Enjoy early breakfast at the camp\/lodge and checkout. <\/span><\/li>\n<li><span style=\"font-weight: 400;\">Proceed to Amboseli National Park (approximately 5-6 hrs drive from Lake Naivasha). <\/span><\/li>\n<li><span style=\"font-weight: 400;\">Arrive in time for a gourmet lunch. <\/span><\/li>\n<li><span style=\"font-weight: 400;\">Head out for an afternoon game drive from 3.30 pm till sunset for a \u201cgame treat\u201d of sights of large-tusked herds of elephants and snow capped Mt. Kilimanjaro. <\/span><\/li>\n<li><span style=\"font-weight: 400;\">Return for dinner and overnight. <\/span><\/li>\n<\/ul>\n[\/info_list_son][info_list_son style=&#8220;icon&#8220; size=&#8220;10&#8243; width=&#8220;20&#8243; height=&#8220;20&#8243; titleclr=&#8220;#811a18&#8243; icon=&#8220;fas fa-dot-circle&#8220; iconclr=&#8220;#811a18&#8243; title=&#8220;DAY 9:AMBOSELI GAME DRIVES&#8220; lineheight=&#8220;2&#8243;]\n<ul>\n<li><span style=\"font-weight: 400;\">Excite your taste buds with an early breakfast at the camp\/lodge, priming for an exciting full day in Amboseli. <\/span><\/li>\n<li><span style=\"font-weight: 400;\">Proceed to a game drive complete with a hearty packed lunch to be savoured in a savannah style. Enjoy alluring views of bird and wildlife species hosted in the vast grass plains and dispersed acacia bushes. Take photos from our open roofed tour vehicle with Mt. Kilimanjaro as your backdrop. <\/span><\/li>\n<li><span style=\"font-weight: 400;\">Return and overnight.<\/span><\/li>\n<\/ul>\n[\/info_list_son][info_list_son style=&#8220;icon&#8220; size=&#8220;10&#8243; width=&#8220;20&#8243; height=&#8220;20&#8243; titleclr=&#8220;#811a18&#8243; icon=&#8220;fas fa-dot-circle&#8220; iconclr=&#8220;#811a18&#8243; title=&#8220;DAY 10:AMBOSELI NATIONAL PARK TO NAIROBI&#8220; lineheight=&#8220;2&#8243;]\n<ul>\n<li data-shorten=\"300\"><span style=\"font-weight: 400;\">Have breakfast and check out. Return to Nairobi (arriving late in the afternoon).<\/span><\/li>\n<\/ul>\n[\/info_list_son][\/info_list_father][vc_btn title=&#8220;Angebot anfordern&#8220; style=&#8220;outline-custom&#8220; outline_custom_color=&#8220;#890000&#8243; outline_custom_hover_background=&#8220;#890000&#8243; outline_custom_hover_text=&#8220;#ffffff&#8220; shape=&#8220;square&#8220; size=&#8220;sm&#8220; align=&#8220;center&#8220; i_align=&#8220;right&#8220; i_icon_fontawesome=&#8220;fas fa-angle-right&#8220; add_icon=&#8220;true&#8220; link=&#8220;url:https%3A%2F%2Fmufasatoursandtravels.com%2Fde%2Fangebot-anfordern%2F|title:Angebot%20anfordern|&#8220;][\/vc_tta_section][vc_tta_section title=&#8220;Inklusive\/Exklusiv&#8220; tab_id=&#8220;1633455601016-f93699bc-5d92&#8243;][vc_row_inner][vc_column_inner width=&#8220;1\/2&#8243;][info_list_father listclr=&#8220;#f8f8f8&#8243;][info_list_son style=&#8220;icon&#8220; size=&#8220;15&#8243; width=&#8220;20&#8243; height=&#8220;20&#8243; titleclr=&#8220;#890000&#8243; icon=&#8220;fas fa-plus-circle&#8220; iconclr=&#8220;#890000&#8243; title=&#8220;IINKLUSIVE&#8220; lineheight=&#8220;2&#8243; iconbg=&#8220;#f8f8f8&#8243;]\n<ul>\n<li>Parkgeb\u00fchren f\u00fcr den Park angegeben.<\/li>\n<li>Transport in einem Van mit offenem Dach.<\/li>\n<li>Service eines professionellen Fahrerf\u00fchrers.<\/li>\n<li>Mahlzeiten mit Vollpension in der Lodge\/ im Camp.<\/li>\n<li>9 \u00dcbernachtungen im jeweils angegebenen Hotel.<\/li>\n<li>Unbegrenzt Wasser im Fahrzeug.<\/li>\n<\/ul>\n<p>&nbsp;[\/info_list_son][\/info_list_father][\/vc_column_inner][vc_column_inner width=&#8220;1\/2&#8243;][info_list_father listclr=&#8220;#f8f8f8&#8243;][info_list_son style=&#8220;icon&#8220; size=&#8220;15&#8243; width=&#8220;20&#8243; height=&#8220;20&#8243; titleclr=&#8220;#890000&#8243; icon=&#8220;fas fa-minus-circle&#8220; iconclr=&#8220;#811a18&#8243; title=&#8220;AUSGESCHLOSSEN&#8220; lineheight=&#8220;2&#8243; iconbg=&#8220;#f8f8f8&#8243;]\n<ul>\n<li>Kultureller Besuch des Masai Village @ $ 20 pro Person.<\/li>\n<li>Tipps zum Fahrerf\u00fchrer (<strong>Sehr empfehlenswert<\/strong>).<\/li>\n<li>Pers\u00f6nliche Gegenst\u00e4nde (Souvenirs, Reiseversicherungen, Visageb\u00fchren usw.).<\/li>\n<li>Zus\u00e4tzliche Unterkunft vor und am Ende der Tour.<\/li>\n<li>Die Regierung verh\u00e4ngte eine Erh\u00f6hung der Steuern und\/oder Parkgeb\u00fchren.<\/li>\n<li>Hei\u00dfluftballonfahrten @ $ 505 pro Erwachsener \/ $ 380 pro Kind (<strong>unter 18 Jahren<\/strong>).<\/li>\n<\/ul>\n<p>&nbsp;[\/info_list_son][\/info_list_father][\/vc_column_inner][\/vc_row_inner][\/vc_tta_section][\/vc_tta_tabs][\/vc_column][\/vc_row][vc_row][vc_column el_id=&#8220;disclaimer&#8220;][vc_column_text]\n<p style=\"text-align: left;\"><strong>VERZICHTSERKL\u00c4RUNG.<\/strong><\/p>\n<ul>\n<li>Diese Tour wird von <a href=\"https:\/\/mufasatoursandtravels.com\/de\/\">Mufasa Tours and Travels<\/a> angeboten.<\/li>\n<li>Alle unsere Safaris finden auf privater Basis statt.<\/li>\n<li>Kinder zwischen 0 \u2013 2 Jahren sind kostenlos.<\/li>\n<li>Kinder von 3 \u2013 12 Jahren zahlen 50% des Erwachsenenpreises, wenn sie im selben Zimmer mit Erwachsenen \u00fcbernachten.<\/li>\n<li>Kinder von 3 \u2013 12 Jahren zahlen 75% des Erwachsenenpreises, wenn sie in einem separaten Zimmer von Erwachsenen \u00fcbernachten.<\/li>\n<li>Kinder \u00fcber 12 Jahre werden in den Camps und Lodges als Erwachsene anerkannt.<\/li>\n<li>Wir behalten uns das Recht vor, das Programm wie angek\u00fcndigt zu \u00e4ndern.<\/li>\n<li>Sollte eine Unterkunft ausgebucht sein, schlagen wir Ihnen vergleichbare Alternativm\u00f6glichkeiten vor.<\/li>\n<li>Die genaue Reihenfolge, der Inhalt und die Preise dieser Tour unterliegen der Verf\u00fcgbarkeit.<\/li>\n<li>Diese Tour unterliegt den <a href=\"https:\/\/mufasatoursandtravels.com\/de\/allgemeine-geschaeftsbedingungen\/\">Allgemeinen Gesch\u00e4ftsbedingungen<\/a> von <a href=\"https:\/\/mufasatoursandtravels.com\/de\/\">Mufasa Tours and Travels.<\/a><\/li>\n<\/ul>\n[\/vc_column_text][\/vc_column][\/vc_row]\n","protected":false},"excerpt":{"rendered":"<p>[vc_row full_width=&#8220;stretch_row&#8220; gap=&#8220;1&#8243;][vc_column parallax=&#8220;content-moving&#8220; parallax_image=&#8220;8358&#8243; parallax_speed_bg=&#8220;1.3&#8243; css=&#8220;.vc_custom_1687417587635{padding-top: 80px !important;padding-right: 80px !important;padding-bottom: 80px !important;padding-left: 80px !important;}&#8220;][vc_custom_heading text=&#8220;DAS BESTE VON KENIA SAFARI&#8220; font_container=&#8220;tag:h1|font_size:32|text_align:center|color:%23ffffff&#8220; google_fonts=&#8220;font_family:Roboto%3A100%2C100italic%2C300%2C300italic%2Cregular%2Citalic%2C500%2C500italic%2C700%2C700italic%2C900%2C900italic|font_style:400%20regular%3A400%3Anormal&#8220;][vc_separator color=&#8220;custom&#8220; border_width=&#8220;2&#8243; el_width=&#8220;50&#8243; accent_color=&#8220;#f8f8f8&#8243;][vc_custom_heading text=&#8220;Samburu \u21fe Aberdare \u21fe L.Nakuru \u21fe Masai Mara \u21fe L.Naivasha \u21fe Amboseli&#8220; font_container=&#8220;tag:h2|font_size:18|text_align:center|color:%23ffffff&#8220; google_fonts=&#8220;font_family:Roboto%3A100%2C100italic%2C300%2C300italic%2Cregular%2Citalic%2C500%2C500italic%2C700%2C700italic%2C900%2C900italic|font_style:400%20regular%3A400%3Anormal&#8220;][\/vc_column][\/vc_row][vc_row][vc_column css=&#8220;.vc_custom_1673438873315{border-top-width: 10px !important;border-right-width: 10px !important;border-bottom-width: 10px !important;border-left-width: 10px !important;}&#8220;][vc_tta_tabs shape=&#8220;square&#8220; color=&#8220;juicy-pink&#8220; alignment=&#8220;center&#8220; active_section=&#8220;1&#8243; no_fill_content_area=&#8220;true&#8220;][vc_tta_section title=&#8220;Programm&#8220; [&hellip;]<\/p>\n","protected":false},"author":4,"featured_media":0,"parent":27942,"menu_order":3,"comment_status":"closed","ping_status":"closed","template":"","meta":{"_themeisle_gutenberg_block_has_review":false,"footnotes":""},"class_list":["post-33523","page","type-page","status-publish","hentry"],"_links":{"self":[{"href":"https:\/\/mufasatoursandtravels.com\/de\/wp-json\/wp\/v2\/pages\/33523","targetHints":{"allow":["GET"]}}],"collection":[{"href":"https:\/\/mufasatoursandtravels.com\/de\/wp-json\/wp\/v2\/pages"}],"about":[{"href":"https:\/\/mufasatoursandtravels.com\/de\/wp-json\/wp\/v2\/types\/page"}],"author":[{"embeddable":true,"href":"https:\/\/mufasatoursandtravels.com\/de\/wp-json\/wp\/v2\/users\/4"}],"replies":[{"embeddable":true,"href":"https:\/\/mufasatoursandtravels.com\/de\/wp-json\/wp\/v2\/comments?post=33523"}],"version-history":[{"count":1,"href":"https:\/\/mufasatoursandtravels.com\/de\/wp-json\/wp\/v2\/pages\/33523\/revisions"}],"predecessor-version":[{"id":33530,"href":"https:\/\/mufasatoursandtravels.com\/de\/wp-json\/wp\/v2\/pages\/33523\/revisions\/33530"}],"up":[{"embeddable":true,"href":"https:\/\/mufasatoursandtravels.com\/de\/wp-json\/wp\/v2\/pages\/27942"}],"wp:attachment":[{"href":"https:\/\/mufasatoursandtravels.com\/de\/wp-json\/wp\/v2\/media?parent=33523"}],"curies":[{"name":"wp","href":"https:\/\/api.w.org\/{rel}","templated":true}]}}