{"id":33552,"date":"2022-01-08T09:39:19","date_gmt":"2022-01-08T06:39:19","guid":{"rendered":"https:\/\/mufasatoursandtravels.com\/kenia-safari-mit-dem-auto\/safaris-fuer-lange-aufenthalte\/entdecken-sie-kenia-safari-in-kenia-paket\/"},"modified":"2025-04-10T16:46:07","modified_gmt":"2025-04-10T13:46:07","slug":"entdecken-sie-kenia-safari-in-kenia-paket","status":"publish","type":"page","link":"https:\/\/mufasatoursandtravels.com\/de\/kenia-safari-mit-dem-auto\/safaris-fuer-lange-aufenthalte\/entdecken-sie-kenia-safari-in-kenia-paket\/","title":{"rendered":"Entdecken Sie Kenia Safari in Kenia Paket"},"content":{"rendered":"[vc_row full_width=&#8220;stretch_row&#8220; gap=&#8220;1&#8243;][vc_column parallax=&#8220;content-moving&#8220; parallax_image=&#8220;5860&#8243; css=&#8220;.vc_custom_1687417032899{padding: 80px !important;}&#8220;][vc_custom_heading text=&#8220;ENTDECKEN SIE KENIA SAFARI&#8220; font_container=&#8220;tag:h1|font_size:32|text_align:center|color:%23ffffff&#8220; google_fonts=&#8220;font_family:Roboto%3A100%2C100italic%2C300%2C300italic%2Cregular%2Citalic%2C500%2C500italic%2C700%2C700italic%2C900%2C900italic|font_style:400%20regular%3A400%3Anormal&#8220;][vc_separator color=&#8220;custom&#8220; border_width=&#8220;2&#8243; el_width=&#8220;50&#8243; accent_color=&#8220;#f8f8f8&#8243;][vc_custom_heading text=&#8220;Olpejeta \u21fe L.Nakuru \u21fe Masai Mara \u21fe L.Naivasha \u21fe Amboseli&#8220; font_container=&#8220;tag:h2|font_size:18|text_align:center|color:%23ffffff&#8220; google_fonts=&#8220;font_family:Roboto%3A100%2C100italic%2C300%2C300italic%2Cregular%2Citalic%2C500%2C500italic%2C700%2C700italic%2C900%2C900italic|font_style:400%20regular%3A400%3Anormal&#8220;][\/vc_column][\/vc_row][vc_row][vc_column css=&#8220;.vc_custom_1673438524461{border-top-width: 10px !important;border-right-width: 10px !important;border-bottom-width: 10px !important;border-left-width: 10px !important;}&#8220;][vc_tta_tabs shape=&#8220;square&#8220; color=&#8220;juicy-pink&#8220; alignment=&#8220;center&#8220; active_section=&#8220;1&#8243; no_fill_content_area=&#8220;true&#8220;][vc_tta_section title=&#8220;Programm&#8220; tab_id=&#8220;1633454673222-3d94f956-010c&#8220;][info_list_father listclr=&#8220;#f8f8f8&#8243;][info_list_son style=&#8220;icon&#8220; size=&#8220;10&#8243; width=&#8220;20&#8243; height=&#8220;20&#8243; titleclr=&#8220;#811a18&#8243; title=&#8220;DAY 1: NAIROBI TO OLPEJETA CONSERVANCY&#8220; icon=&#8220;fas fa-dot-circle&#8220; iconclr=&#8220;#811a18&#8243; lineheight=&#8220;2&#8243;]\n<ul>\n<li><span style=\"font-weight: 400;\">Depart from Nairobi at 7.30 am to Olpejeta Conservancy (approximately 3-4 hours). <\/span><\/li>\n<li><span style=\"font-weight: 400;\">Drive through an exciting road trip and arrive at the camp\/lodge for lunch. Proceed to an afternoon game drive in the conservancy (famous for hosting the last of the White Rhino species). <\/span><\/li>\n<li><span style=\"font-weight: 400;\">Return to camp\/lodge for dinner and overnight.<\/span><\/li>\n<\/ul>\n[\/info_list_son][info_list_son style=&#8220;icon&#8220; size=&#8220;10&#8243; width=&#8220;20&#8243; height=&#8220;20&#8243; titleclr=&#8220;#811a18&#8243; icon=&#8220;fas fa-dot-circle&#8220; iconclr=&#8220;#811a18&#8243; title=&#8220;DAY 2: OLPEJETA CONSERVANCY&#8220; lineheight=&#8220;2&#8243;]\n<ul>\n<li>Indulge in a hearty breakfast at the camp\/lodge and proceed for a morning game drive.<\/li>\n<li>Visit the rhino sanctuary, Olpejeta\u2019s haven for rehabilitating the black and white rhino.<\/li>\n<li>Return to the camp for lunch and refreshments. In the afternoon, head out to the famous Chimpanzee Sanctuary; a home for these primates and learn about their breeding and habitat.<\/li>\n<li>Return for dinner and overnight.<\/li>\n<\/ul>\n[\/info_list_son][info_list_son style=&#8220;icon&#8220; size=&#8220;10&#8243; width=&#8220;20&#8243; height=&#8220;20&#8243; titleclr=&#8220;#811a18&#8243; icon=&#8220;fas fa-dot-circle&#8220; iconclr=&#8220;#811a18&#8243; title=&#8220;DAY 3: OLPEJETA CONSERVANCY TO LAKE NAKURU&#8220; lineheight=&#8220;2&#8243;]\n<ul>\n<li><span style=\"font-weight: 400;\">Energize over an early breakfast and check out. <\/span><\/li>\n<li><span style=\"font-weight: 400;\">Proceed to Lake Nakuru National Park (approximately 5-6 hrs drive from Amboseli). <\/span><\/li>\n<li><span style=\"font-weight: 400;\">Arrive in time for an appetizing lunch and check in camp\/lodge at Lake Nakuru. Head out for an afternoon game drive and fancy the park that is famous for Black Rhinos, Lions and Rothshild Giraffes. <\/span><\/li>\n<li><span style=\"font-weight: 400;\">Return for dinner and overnight.<\/span><\/li>\n<\/ul>\n[\/info_list_son][info_list_son style=&#8220;icon&#8220; size=&#8220;10&#8243; width=&#8220;20&#8243; height=&#8220;20&#8243; titleclr=&#8220;#811a18&#8243; icon=&#8220;fas fa-dot-circle&#8220; iconclr=&#8220;#811a18&#8243; title=&#8220;DAY 4: LAKE NAKURU TO MASAI MARA&#8220; lineheight=&#8220;2&#8243;]\n<ul>\n<li><span style=\"font-weight: 400;\">Delight in an early breakfast and check out. <\/span><\/li>\n<li><span style=\"font-weight: 400;\">Proceed to Maasai Mara National Reserve (approximately 2-3 hrs drive from Lake Nakuru). Arrive in time for an enlivening lunch and check in at the camp\/lodge in Masai mara. Head out for an afternoon game drive in the phenomenal grass plain, host to diverse wildlife. <\/span><\/li>\n<li><span style=\"font-weight: 400;\">Return for dinner and overnight.<\/span><\/li>\n<\/ul>\n[\/info_list_son][info_list_son style=&#8220;icon&#8220; size=&#8220;10&#8243; width=&#8220;20&#8243; height=&#8220;20&#8243; titleclr=&#8220;#811a18&#8243; icon=&#8220;fas fa-dot-circle&#8220; iconclr=&#8220;#811a18&#8243; title=&#8220;DAY 5: MASAI MARA GAME DRIVES&#8220; lineheight=&#8220;2&#8243;]\n<ul>\n<li><span style=\"font-weight: 400;\">Have an early breakfast treat at the camp\/lodge. <\/span><\/li>\n<li><span style=\"font-weight: 400;\">Proceed for an exciting full day in the Maasai Mara National Reserve. Thrill in the expedition of the African Big Five under the open roof of our tour vehicle and enjoy a picnic lunch in the wild savannah. Stop by the Mara River where the 8th Wonder of the World happens annually from July-August. <\/span><\/li>\n<li><span style=\"font-weight: 400;\">Return for dinner and overnight.<\/span><\/li>\n<\/ul>\n[\/info_list_son][info_list_son style=&#8220;icon&#8220; size=&#8220;10&#8243; width=&#8220;20&#8243; height=&#8220;20&#8243; titleclr=&#8220;#811a18&#8243; icon=&#8220;fas fa-dot-circle&#8220; iconclr=&#8220;#811a18&#8243; title=&#8220;DAY 6: MASAI MARA TO LAKE NAIVASHA&#8220; lineheight=&#8220;2&#8243;]\n<ul>\n<li>Indulge your taste buds with an authentic Kenyan breakfast and check out.<\/li>\n<li>Check out and proceed to Lake Naivasha through the vast Great Rift Valley (approximately 5 hrs from Masai Mara).<\/li>\n<li>Arrive for a delicious hot lunch. Head out for a boat ride along the lovely shores of Lake Naivasha.<\/li>\n<li>Stroll on a walking safari in the Crescent Island (approximately 2-3 hrs of activities).<\/li>\n<li>Return for dinner and overnight.<\/li>\n<\/ul>\n[\/info_list_son][info_list_son style=&#8220;icon&#8220; size=&#8220;10&#8243; width=&#8220;20&#8243; height=&#8220;20&#8243; titleclr=&#8220;#811a18&#8243; icon=&#8220;fas fa-dot-circle&#8220; iconclr=&#8220;#811a18&#8243; title=&#8220;DAY 7: LAKE NAIVASHA TO AMBOSELI&#8220; lineheight=&#8220;2&#8243;]\n<ul>\n<li>Arise in the fresh Lake Naivasha morning air and take in its crispness as you partake in an early breakfast.<\/li>\n<li>Drive to Amboseli National Park (approximately 5-6 hrs from Lake Naivasha).<\/li>\n<li>Arrive in time for lunch and check in. Proceed for an afternoon game drive from 3.30 pm. Be wowed by the glamour of magnificent wildlife and the outstanding view of the Snow Capped Mt Kilimanjaro sitting majestically as a backdrop.<\/li>\n<li>Return for dinner and overnight.<\/li>\n<\/ul>\n[\/info_list_son][info_list_son style=&#8220;icon&#8220; size=&#8220;10&#8243; width=&#8220;20&#8243; height=&#8220;20&#8243; titleclr=&#8220;#811a18&#8243; icon=&#8220;fas fa-dot-circle&#8220; iconclr=&#8220;#811a18&#8243; title=&#8220;DAY 8: AMBOSELI GAME DRIVES&#8220; lineheight=&#8220;2&#8243;]\n<ul>\n<li>Chirping of birds and the crisp African morning air will be the ambience of your early breakfast.<\/li>\n<li>Proceed for an\u00a0 exciting full day of vibrant encounters at Amboseli National Park with picnic lunch to be enjoyed in the wild. Share the habitat for the day with a\u00a0 myriad of wild animals as you slowly glide through in our open-roofed tour vehicle.<\/li>\n<li>Return for dinner and overnight.<\/li>\n<\/ul>\n[\/info_list_son][info_list_son style=&#8220;icon&#8220; size=&#8220;10&#8243; width=&#8220;20&#8243; height=&#8220;20&#8243; titleclr=&#8220;#811a18&#8243; icon=&#8220;fas fa-dot-circle&#8220; iconclr=&#8220;#811a18&#8243; title=&#8220;DAY 9: AMBOSELI TO NAIROBI&#8220; lineheight=&#8220;2&#8243;]\n<ul>\n<li>Have breakfast and check out. Return to Nairobi (arriving late in the afternoon).<\/li>\n<\/ul>\n[\/info_list_son][\/info_list_father][vc_btn title=&#8220;Angebot anfordern&#8220; style=&#8220;outline-custom&#8220; outline_custom_color=&#8220;#890000&#8243; outline_custom_hover_background=&#8220;#890000&#8243; outline_custom_hover_text=&#8220;#ffffff&#8220; shape=&#8220;square&#8220; size=&#8220;sm&#8220; align=&#8220;center&#8220; i_align=&#8220;right&#8220; i_icon_fontawesome=&#8220;fas fa-angle-right&#8220; add_icon=&#8220;true&#8220; link=&#8220;url:https%3A%2F%2Fmufasatoursandtravels.com%2Fde%2Fangebot-anfordern%2F|title:Angebot%20anfordern|&#8220;][\/vc_tta_section][vc_tta_section title=&#8220;Inklusive\/Exklusiv&#8220; tab_id=&#8220;1633455601016-f93699bc-5d92&#8243;][vc_row_inner][vc_column_inner width=&#8220;1\/2&#8243;][info_list_father listclr=&#8220;#f8f8f8&#8243;][info_list_son style=&#8220;icon&#8220; size=&#8220;15&#8243; width=&#8220;20&#8243; height=&#8220;20&#8243; titleclr=&#8220;#890000&#8243; icon=&#8220;fas fa-plus-circle&#8220; iconclr=&#8220;#890000&#8243; title=&#8220;IINKLUSIVE&#8220; lineheight=&#8220;2&#8243; iconbg=&#8220;#f8f8f8&#8243;]\n<ul>\n<li>Parkgeb\u00fchren f\u00fcr den Park angegeben.<\/li>\n<li>Transport in einem Van mit offenem Dach.<\/li>\n<li>Service eines professionellen Fahrerf\u00fchrers.<\/li>\n<li>Mahlzeiten mit Vollpension in der Lodge\/ im Camp.<\/li>\n<li>8 \u00dcbernachtungen im jeweils angegebenen Hotel.<\/li>\n<li>Unbegrenzt Wasser im Fahrzeug.<\/li>\n<\/ul>\n<p>&nbsp;[\/info_list_son][\/info_list_father][\/vc_column_inner][vc_column_inner width=&#8220;1\/2&#8243;][info_list_father listclr=&#8220;#f8f8f8&#8243;][info_list_son style=&#8220;icon&#8220; size=&#8220;15&#8243; width=&#8220;20&#8243; height=&#8220;20&#8243; titleclr=&#8220;#890000&#8243; icon=&#8220;fas fa-minus-circle&#8220; iconclr=&#8220;#890000&#8243; title=&#8220;AUSGESCHLOSSEN&#8220; lineheight=&#8220;2&#8243; iconbg=&#8220;#f8f8f8&#8243;]\n<ul>\n<li>Kultureller Besuch des Masai Village @ $ 20 pro Person.<\/li>\n<li>Tipps zum Fahrerf\u00fchrer (<strong>Sehr empfehlenswert<\/strong>).<\/li>\n<li>Pers\u00f6nliche Gegenst\u00e4nde (Souvenirs, Reiseversicherungen, Visageb\u00fchren usw.).<\/li>\n<li>Zus\u00e4tzliche Unterkunft vor und am Ende der Tour.<\/li>\n<li>Die Regierung verh\u00e4ngte eine Erh\u00f6hung der Steuern und\/oder Parkgeb\u00fchren.<\/li>\n<li>Hei\u00dfluftballonfahrten @ $ 505 pro Erwachsener \/ $ 380 pro Kind (<strong>unter 18 Jahren<\/strong>).<\/li>\n<\/ul>\n<p>&nbsp;[\/info_list_son][\/info_list_father][\/vc_column_inner][\/vc_row_inner][\/vc_tta_section][\/vc_tta_tabs][\/vc_column][\/vc_row][vc_row][vc_column el_id=&#8220;disclaimer&#8220;][vc_column_text]\n<p style=\"text-align: left;\"><strong>VERZICHTSERKL\u00c4RUNG.<\/strong><\/p>\n<ul>\n<li>Diese Tour wird von <a href=\"https:\/\/mufasatoursandtravels.com\/de\/\">Mufasa Tours and Travels<\/a> angeboten.<\/li>\n<li>Alle unsere Safaris finden auf privater Basis statt.<\/li>\n<li>Kinder zwischen 0 \u2013 2 Jahren sind kostenlos.<\/li>\n<li>Kinder von 3 \u2013 12 Jahren zahlen 50% des Erwachsenenpreises, wenn sie im selben Zimmer mit Erwachsenen \u00fcbernachten.<\/li>\n<li>Kinder von 3 \u2013 12 Jahren zahlen 75% des Erwachsenenpreises, wenn sie in einem separaten Zimmer von Erwachsenen \u00fcbernachten.<\/li>\n<li>Kinder \u00fcber 12 Jahre werden in den Camps und Lodges als Erwachsene anerkannt.<\/li>\n<li>Wir behalten uns das Recht vor, das Programm wie angek\u00fcndigt zu \u00e4ndern.<\/li>\n<li>Sollte eine Unterkunft ausgebucht sein, schlagen wir Ihnen vergleichbare Alternativm\u00f6glichkeiten vor.<\/li>\n<li>Die genaue Reihenfolge, der Inhalt und die Preise dieser Tour unterliegen der Verf\u00fcgbarkeit.<\/li>\n<li>Diese Tour unterliegt den <a href=\"https:\/\/mufasatoursandtravels.com\/de\/allgemeine-geschaeftsbedingungen\/\">Allgemeinen Gesch\u00e4ftsbedingungen<\/a> von <a href=\"https:\/\/mufasatoursandtravels.com\/de\/\">Mufasa Tours and Travels.<\/a><\/li>\n<\/ul>\n[\/vc_column_text][\/vc_column][\/vc_row]\n","protected":false},"excerpt":{"rendered":"<p>[vc_row full_width=&#8220;stretch_row&#8220; gap=&#8220;1&#8243;][vc_column parallax=&#8220;content-moving&#8220; parallax_image=&#8220;5860&#8243; css=&#8220;.vc_custom_1687417032899{padding: 80px !important;}&#8220;][vc_custom_heading text=&#8220;ENTDECKEN SIE KENIA SAFARI&#8220; font_container=&#8220;tag:h1|font_size:32|text_align:center|color:%23ffffff&#8220; google_fonts=&#8220;font_family:Roboto%3A100%2C100italic%2C300%2C300italic%2Cregular%2Citalic%2C500%2C500italic%2C700%2C700italic%2C900%2C900italic|font_style:400%20regular%3A400%3Anormal&#8220;][vc_separator color=&#8220;custom&#8220; border_width=&#8220;2&#8243; el_width=&#8220;50&#8243; accent_color=&#8220;#f8f8f8&#8243;][vc_custom_heading text=&#8220;Olpejeta \u21fe L.Nakuru \u21fe Masai Mara \u21fe L.Naivasha \u21fe Amboseli&#8220; font_container=&#8220;tag:h2|font_size:18|text_align:center|color:%23ffffff&#8220; google_fonts=&#8220;font_family:Roboto%3A100%2C100italic%2C300%2C300italic%2Cregular%2Citalic%2C500%2C500italic%2C700%2C700italic%2C900%2C900italic|font_style:400%20regular%3A400%3Anormal&#8220;][\/vc_column][\/vc_row][vc_row][vc_column css=&#8220;.vc_custom_1673438524461{border-top-width: 10px !important;border-right-width: 10px !important;border-bottom-width: 10px !important;border-left-width: 10px !important;}&#8220;][vc_tta_tabs shape=&#8220;square&#8220; color=&#8220;juicy-pink&#8220; alignment=&#8220;center&#8220; active_section=&#8220;1&#8243; no_fill_content_area=&#8220;true&#8220;][vc_tta_section title=&#8220;Programm&#8220; tab_id=&#8220;1633454673222-3d94f956-010c&#8220;][info_list_father listclr=&#8220;#f8f8f8&#8243;][info_list_son style=&#8220;icon&#8220; size=&#8220;10&#8243; width=&#8220;20&#8243; height=&#8220;20&#8243; titleclr=&#8220;#811a18&#8243; title=&#8220;DAY 1: NAIROBI [&hellip;]<\/p>\n","protected":false},"author":4,"featured_media":0,"parent":27942,"menu_order":2,"comment_status":"closed","ping_status":"closed","template":"","meta":{"_themeisle_gutenberg_block_has_review":false,"footnotes":""},"class_list":["post-33552","page","type-page","status-publish","hentry"],"_links":{"self":[{"href":"https:\/\/mufasatoursandtravels.com\/de\/wp-json\/wp\/v2\/pages\/33552","targetHints":{"allow":["GET"]}}],"collection":[{"href":"https:\/\/mufasatoursandtravels.com\/de\/wp-json\/wp\/v2\/pages"}],"about":[{"href":"https:\/\/mufasatoursandtravels.com\/de\/wp-json\/wp\/v2\/types\/page"}],"author":[{"embeddable":true,"href":"https:\/\/mufasatoursandtravels.com\/de\/wp-json\/wp\/v2\/users\/4"}],"replies":[{"embeddable":true,"href":"https:\/\/mufasatoursandtravels.com\/de\/wp-json\/wp\/v2\/comments?post=33552"}],"version-history":[{"count":1,"href":"https:\/\/mufasatoursandtravels.com\/de\/wp-json\/wp\/v2\/pages\/33552\/revisions"}],"predecessor-version":[{"id":33554,"href":"https:\/\/mufasatoursandtravels.com\/de\/wp-json\/wp\/v2\/pages\/33552\/revisions\/33554"}],"up":[{"embeddable":true,"href":"https:\/\/mufasatoursandtravels.com\/de\/wp-json\/wp\/v2\/pages\/27942"}],"wp:attachment":[{"href":"https:\/\/mufasatoursandtravels.com\/de\/wp-json\/wp\/v2\/media?parent=33552"}],"curies":[{"name":"wp","href":"https:\/\/api.w.org\/{rel}","templated":true}]}}