{"id":33753,"date":"2022-01-08T09:16:40","date_gmt":"2022-01-08T06:16:40","guid":{"rendered":"https:\/\/mufasatoursandtravels.com\/kenia-safari-mit-dem-auto\/safaris-mit-mittlerem-aufenthalt\/southern-sky-private-safari-in-kenia-paket\/"},"modified":"2025-04-10T16:52:08","modified_gmt":"2025-04-10T13:52:08","slug":"southern-sky-private-safari-in-kenia-paket","status":"publish","type":"page","link":"https:\/\/mufasatoursandtravels.com\/de\/kenia-safari-mit-dem-auto\/safaris-mit-mittlerem-aufenthalt\/southern-sky-private-safari-in-kenia-paket\/","title":{"rendered":"Southern Sky Private Safari in Kenia Paket"},"content":{"rendered":"[vc_row full_width=&#8220;stretch_row&#8220; gap=&#8220;1&#8243;][vc_column parallax=&#8220;content-moving&#8220; parallax_image=&#8220;11720&#8243; css=&#8220;.vc_custom_1690812486275{padding-top: 80px !important;padding-right: 80px !important;padding-bottom: 80px !important;padding-left: 80px !important;}&#8220;][vc_custom_heading text=&#8220;S\u00dcDLICHE HIMMELSSAFARI&#8220; font_container=&#8220;tag:h1|font_size:32|text_align:center|color:%23ffffff&#8220; google_fonts=&#8220;font_family:Open%20Sans%3A300%2C300italic%2Cregular%2Citalic%2C600%2C600italic%2C700%2C700italic%2C800%2C800italic|font_style:400%20regular%3A400%3Anormal&#8220; css_animation=&#8220;none&#8220; el_id=&#8220;p-heading&#8220;][vc_separator color=&#8220;custom&#8220; border_width=&#8220;2&#8243; el_width=&#8220;50&#8243; accent_color=&#8220;#f8f8f8&#8243;][vc_custom_heading text=&#8220;Amboseli \u21fe Tsavo West \u21fe Mombasa&#8220; font_container=&#8220;tag:h2|font_size:18|text_align:center|color:%23ffffff&#8220; google_fonts=&#8220;font_family:Roboto%3A100%2C100italic%2C300%2C300italic%2Cregular%2Citalic%2C500%2C500italic%2C700%2C700italic%2C900%2C900italic|font_style:400%20regular%3A400%3Anormal&#8220;][\/vc_column][\/vc_row][vc_row css=&#8220;.vc_custom_1699969057799{padding-top: 10px !important;}&#8220;][vc_column css=&#8220;.vc_custom_1673872644881{border-top-width: 10px !important;border-right-width: 10px !important;border-bottom-width: 10px !important;border-left-width: 10px !important;}&#8220;][vc_tta_tabs shape=&#8220;square&#8220; color=&#8220;juicy-pink&#8220; alignment=&#8220;center&#8220; active_section=&#8220;1&#8243; no_fill_content_area=&#8220;true&#8220;][vc_tta_section title=&#8220;Programm&#8220; tab_id=&#8220;1633454673222-3d94f956-010c&#8220;][info_list_father listclr=&#8220;#f4f4f4&#8243;][info_list_son style=&#8220;icon&#8220; size=&#8220;15&#8243; width=&#8220;20&#8243; height=&#8220;20&#8243; titleclr=&#8220;#811a18&#8243; title=&#8220;DAY 1: NAIROBI TO AMBOSELI NATIONAL PARK&#8220; icon=&#8220;fas fa-calendar-check&#8220; iconclr=&#8220;#811a18&#8243; lineheight=&#8220;2&#8243; iconbg=&#8220;#f4f4f4&#8243; borderclr=&#8220;#f4f4f4&#8243;]\n<ul>\n<li>Depart from Nairobi at 7.30 am to Amboseli National Park (approximately 5-6 hrs drive).<\/li>\n<li>Journey through scenic views arriving at the camp\/lodge for a relaxing lunch.<\/li>\n<li>Proceed for an afternoon game drive from 3.30 pm till sunset. Pursue large herds of elephants in one of Kenya\u2019s most sought after parks.<\/li>\n<li>Return for dinner and overnight.<\/li>\n<\/ul>\n[\/info_list_son][info_list_son style=&#8220;icon&#8220; size=&#8220;15&#8243; width=&#8220;20&#8243; height=&#8220;20&#8243; titleclr=&#8220;#811a18&#8243; icon=&#8220;fas fa-calendar-check&#8220; iconclr=&#8220;#811a18&#8243; title=&#8220;DAY 2: AMBOSELI NATIONAL PARK GAME DRIVES&#8220; lineheight=&#8220;2&#8243; iconbg=&#8220;#f4f4f4&#8243; borderclr=&#8220;#f4f4f4&#8243;]\n<ul>\n<li>Enjoy early breakfast at the camp\/lodge, a good start for the exciting day ahead.<\/li>\n<li>Proceed to the park for a full day game drive with a stop over for picnic lunch at a perfect outdoor spot. Take pleasure in watching wildlife and capture photos with the snow-capped Mt. Kilimanjaro as a backdrop.<\/li>\n<li>Return for dinner and overnight.<\/li>\n<\/ul>\n[\/info_list_son][info_list_son style=&#8220;icon&#8220; size=&#8220;15&#8243; width=&#8220;20&#8243; height=&#8220;20&#8243; titleclr=&#8220;#811a18&#8243; icon=&#8220;fas fa-calendar-check&#8220; iconclr=&#8220;#811a18&#8243; title=&#8220;DAY 3: AMBOSELI NATIONAL PARK TO TSAVO WEST&#8220; lineheight=&#8220;2&#8243; iconbg=&#8220;#f4f4f4&#8243; borderclr=&#8220;#f4f4f4&#8243;]\n<ul>\n<li>Brighten up your morning with an early breakfast and check out.<\/li>\n<li>Sit back and enjoy the drive through the African wilderness to Tsavo West National Park (approximately 4 hrs from Amboseli).<\/li>\n<li>Arrive for lunch and check in.<\/li>\n<li>Proceed to an afternoon game drive and indulge in animated action until sunset. Watch the galloping \u2018dust-red\u2019 elephants as they water spray and roll in the mud.<\/li>\n<li>Return to the camp\/lodge for dinner and overnight.<\/li>\n<\/ul>\n[\/info_list_son][info_list_son style=&#8220;icon&#8220; size=&#8220;15&#8243; width=&#8220;20&#8243; height=&#8220;20&#8243; titleclr=&#8220;#811a18&#8243; icon=&#8220;fas fa-calendar-check&#8220; iconclr=&#8220;#811a18&#8243; title=&#8220;DAY 4: TSAVO WEST NATIONAL PARK TO MOMBASA&#8220; lineheight=&#8220;2&#8243; iconbg=&#8220;#f4f4f4&#8243; borderclr=&#8220;#f4f4f4&#8243;]\n<ul>\n<li>Have an early breakfast and check out.<\/li>\n<li>Proceed for an enroute sunrise game drive as you exit the park.<\/li>\n<li>Be dropped off at Mtito Andei train station to board train to Mombasa at 10.00am.<\/li>\n<li>On arrival at Mombasa Terminus at 2pm our company representative shall pick you up and drop you off at your respective beach resort.<\/li>\n<\/ul>\n[\/info_list_son][\/info_list_father][vc_btn title=&#8220;Angebot anfordern&#8220; style=&#8220;outline-custom&#8220; outline_custom_color=&#8220;#890000&#8243; outline_custom_hover_background=&#8220;#890000&#8243; outline_custom_hover_text=&#8220;#ffffff&#8220; shape=&#8220;square&#8220; size=&#8220;sm&#8220; align=&#8220;center&#8220; i_align=&#8220;right&#8220; i_icon_fontawesome=&#8220;fas fa-angle-right&#8220; add_icon=&#8220;true&#8220; link=&#8220;url:https%3A%2F%2Fmufasatoursandtravels.com%2Fde%2Fangebot-anfordern%2F|title:Angebot%20anfordern|&#8220;][\/vc_tta_section][vc_tta_section title=&#8220;Inklusive\/Exklusiv&#8220; tab_id=&#8220;1633455601016-f93699bc-5d92&#8243;][vc_row_inner][vc_column_inner width=&#8220;1\/2&#8243;][info_list_father listclr=&#8220;#f4f4f4&#8243;][info_list_son style=&#8220;icon&#8220; size=&#8220;15&#8243; width=&#8220;20&#8243; height=&#8220;20&#8243; titleclr=&#8220;#890000&#8243; icon=&#8220;fas fa-user-plus&#8220; iconclr=&#8220;#890000&#8243; title=&#8220;IINKLUSIVE&#8220; lineheight=&#8220;2&#8243; borderclr=&#8220;#f4f4f4&#8243;]\n<ul>\n<li>Parkgeb\u00fchren f\u00fcr den Park angegeben.<\/li>\n<li>Transport in einem Van mit offenem Dach.<\/li>\n<li>Service eines professionellen Fahrerf\u00fchrers.<\/li>\n<li>Mahlzeiten mit Vollpension in der Lodge\/ im Camp.<\/li>\n<li>3 \u00dcbernachtungen im jeweils angegebenen Hotel.<\/li>\n<li>Unbegrenzt Wasser im Fahrzeug.<\/li>\n<li>Zugtickets nach Mombasa (erste Klasse)<\/li>\n<\/ul>\n[\/info_list_son][\/info_list_father][\/vc_column_inner][vc_column_inner width=&#8220;1\/2&#8243;][info_list_father listclr=&#8220;#f4f4f4&#8243;][info_list_son style=&#8220;icon&#8220; size=&#8220;15&#8243; width=&#8220;20&#8243; height=&#8220;20&#8243; titleclr=&#8220;#890000&#8243; icon=&#8220;fas fa-user-minus&#8220; iconclr=&#8220;#890000&#8243; title=&#8220;AUSGESCHLOSSEN&#8220; lineheight=&#8220;2&#8243; borderclr=&#8220;#f4f4f4&#8243;]\n<ul>\n<li>Kultureller Besuch des Masai Village @ $ 20 pro Person.<\/li>\n<li>Tipps zum Fahrerf\u00fchrer (<strong>Sehr empfehlenswert<\/strong>).<\/li>\n<li>Pers\u00f6nliche Gegenst\u00e4nde (Souvenirs, Reiseversicherungen, Visageb\u00fchren, etc.)<\/li>\n<li>Zus\u00e4tzliche Unterkunft vor und am Ende der Tour.<\/li>\n<li>Die Regierung verh\u00e4ngte eine Erh\u00f6hung der Steuern und\/oder Parkgeb\u00fchren.<\/li>\n<li>Hei\u00dfluftballonfahrten @ $ 505 pro Erwachsener \/ $ 380 pro Kind (<strong>unter 18 Jahren<\/strong>).<\/li>\n<\/ul>\n<p>&nbsp;[\/info_list_son][\/info_list_father][\/vc_column_inner][\/vc_row_inner][\/vc_tta_section][vc_tta_section title=&#8220;Reise-Checkliste&#8220; tab_id=&#8220;1633892890537-5637ec0b-4c69&#8243;][vc_row_inner][vc_column_inner width=&#8220;1\/2&#8243;][vc_custom_heading text=&#8220;Vor der Reise&#8220; font_container=&#8220;tag:h2|text_align:left|color:%23890000&#8243; google_fonts=&#8220;font_family:Open%20Sans%3A300%2C300italic%2Cregular%2Citalic%2C600%2C600italic%2C700%2C700italic%2C800%2C800italic|font_style:400%20regular%3A400%3Anormal&#8220;][vc_separator color=&#8220;custom&#8220; align=&#8220;align_left&#8220; border_width=&#8220;2&#8243; el_width=&#8220;20&#8243; accent_color=&#8220;#890000&#8243;][vc_column_text]Bevor Sie sich auf die Reise begeben, sollten Sie sich unsere umfassenden Reisetipps durchlesen, um ein reibungsloses Erlebnis zu gew\u00e4hrleisten.[\/vc_column_text][vc_empty_space height=&#8220;46px&#8220;][vc_btn title=&#8220;Weitere Informationen&#8220; style=&#8220;outline-custom&#8220; outline_custom_color=&#8220;#890000&#8243; outline_custom_hover_background=&#8220;#890000&#8243; outline_custom_hover_text=&#8220;#ffffff&#8220; shape=&#8220;square&#8220; i_align=&#8220;right&#8220; i_icon_fontawesome=&#8220;fas fa-chevron-right&#8220; add_icon=&#8220;true&#8220; link=&#8220;url:https%3A%2F%2Fmufasatoursandtravels.com%2Fde%2Fvorbereitung-auf-die-reise%2F|&#8220;][\/vc_column_inner][vc_column_inner width=&#8220;1\/2&#8243;][vc_custom_heading text=&#8220;W\u00e4hrend der Buchung&#8220; font_container=&#8220;tag:h2|text_align:left|color:%23890000&#8243; google_fonts=&#8220;font_family:Open%20Sans%3A300%2C300italic%2Cregular%2Citalic%2C600%2C600italic%2C700%2C700italic%2C800%2C800italic|font_style:400%20regular%3A400%3Anormal&#8220;][vc_separator color=&#8220;custom&#8220; align=&#8220;align_left&#8220; border_width=&#8220;2&#8243; el_width=&#8220;20&#8243; accent_color=&#8220;#890000&#8243;][vc_column_text]Verbessern Sie Ihre Reiseplanung, indem Sie wertvolle Informationen zum Reiseziel herunterladen, wie z. B. Pass- und Visabestimmungen, empfohlene Impfungen, Gep\u00e4ckbeschr\u00e4nkungen, Packliste und Trinkgeldrichtlinien.[\/vc_column_text][vc_btn title=&#8220;Weitere Informationen&#8220; style=&#8220;outline-custom&#8220; outline_custom_color=&#8220;#890000&#8243; outline_custom_hover_background=&#8220;#890000&#8243; outline_custom_hover_text=&#8220;#ffffff&#8220; shape=&#8220;square&#8220; i_align=&#8220;right&#8220; i_icon_fontawesome=&#8220;fas fa-chevron-right&#8220; add_icon=&#8220;true&#8220; link=&#8220;url:https%3A%2F%2Fmufasatoursandtravels.com%2Fde%2Fwas-sie-vor-der-ankunft-in-ostafrika-wissen-sollten%2F|&#8220;][\/vc_column_inner][\/vc_row_inner][vc_row_inner][vc_column_inner width=&#8220;1\/2&#8243;][vc_custom_heading text=&#8220;W\u00e4hrend Ihrer Tour&#8220; font_container=&#8220;tag:h2|text_align:left|color:%23890000&#8243; google_fonts=&#8220;font_family:Open%20Sans%3A300%2C300italic%2Cregular%2Citalic%2C600%2C600italic%2C700%2C700italic%2C800%2C800italic|font_style:400%20regular%3A400%3Anormal&#8220;][vc_separator color=&#8220;custom&#8220; align=&#8220;align_left&#8220; border_width=&#8220;2&#8243; el_width=&#8220;20&#8243; accent_color=&#8220;#890000&#8243;][vc_column_text]Maximieren Sie den Erfolg Ihrer Reise, indem Sie wichtige Informationen \u00fcber Ihr(e) Reiseziel(e) herunterladen, einschlie\u00dflich Pass- und Visabestimmungen, Impfrichtlinien, Gep\u00e4ckbeschr\u00e4nkungen, Packliste und Trinkgelder.[\/vc_column_text][vc_btn title=&#8220;Weitere Informationen&#8220; style=&#8220;outline-custom&#8220; outline_custom_color=&#8220;#890000&#8243; outline_custom_hover_background=&#8220;#890000&#8243; outline_custom_hover_text=&#8220;#ffffff&#8220; shape=&#8220;square&#8220; i_align=&#8220;right&#8220; i_icon_fontawesome=&#8220;fas fa-chevron-right&#8220; add_icon=&#8220;true&#8220; link=&#8220;url:%20%0Ahttps%3A%2F%2Fmufasatoursandtravels.com%2Fpassports-and-visas%2F|&#8220;][\/vc_column_inner][vc_column_inner width=&#8220;1\/2&#8243;][vc_custom_heading text=&#8220;Nach der Tour&#8220; font_container=&#8220;tag:h2|text_align:left|color:%23890000&#8243; google_fonts=&#8220;font_family:Open%20Sans%3A300%2C300italic%2Cregular%2Citalic%2C600%2C600italic%2C700%2C700italic%2C800%2C800italic|font_style:400%20regular%3A400%3Anormal&#8220;][vc_separator color=&#8220;custom&#8220; align=&#8220;align_left&#8220; border_width=&#8220;2&#8243; el_width=&#8220;20&#8243; accent_color=&#8220;#890000&#8243;][vc_column_text]W\u00e4hrend Sie sich im Nachglanz Ihres Abenteuers sonnen, sind wir hier, um Ihnen mit wichtigen Tipps nach der Reise zu helfen, um sicherzustellen, dass Ihre R\u00fcckkehr nach Hause so nahtlos und komfortabel ist wie Ihre Reise selbst.[\/vc_column_text][\/vc_column_inner][\/vc_row_inner][\/vc_tta_section][\/vc_tta_tabs][\/vc_column][\/vc_row][vc_row][vc_column][vc_column_text]\n<p style=\"text-align: left;\"><strong>VERZICHTSERKL\u00c4RUNG.<\/strong><\/p>\n<ul>\n<li>Diese Tour wird von <a href=\"https:\/\/mufasatoursandtravels.com\/de\/\">Mufasa Tours and Travels<\/a> angeboten.<\/li>\n<li>Alle unsere Safaris finden auf privater Basis statt.<\/li>\n<li>Kinder zwischen 0 \u2013 2 Jahren sind kostenlos.<\/li>\n<li>Kinder von 3 \u2013 12 Jahren zahlen 50% des Erwachsenenpreises, wenn sie im selben Zimmer mit Erwachsenen \u00fcbernachten.<\/li>\n<li>Kinder von 3 \u2013 12 Jahren zahlen 75% des Erwachsenenpreises, wenn sie in einem separaten Zimmer von Erwachsenen \u00fcbernachten.<\/li>\n<li>Kinder \u00fcber 12 Jahre werden in den Camps und Lodges als Erwachsene anerkannt.<\/li>\n<li>Wir behalten uns das Recht vor, das Programm wie angek\u00fcndigt zu \u00e4ndern.<\/li>\n<li>Sollte eine Unterkunft ausgebucht sein, schlagen wir Ihnen vergleichbare Alternativm\u00f6glichkeiten vor.<\/li>\n<li>Die genaue Reihenfolge, der Inhalt und die Preise dieser Tour unterliegen der Verf\u00fcgbarkeit.<\/li>\n<li>Diese Tour unterliegt den <a href=\"https:\/\/mufasatoursandtravels.com\/de\/allgemeine-geschaeftsbedingungen\/\">Allgemeinen Gesch\u00e4ftsbedingungen<\/a> von <a href=\"https:\/\/mufasatoursandtravels.com\/de\/\">Mufasa Tours and Travels.<\/a><\/li>\n<\/ul>\n[\/vc_column_text][\/vc_column][\/vc_row]\n","protected":false},"excerpt":{"rendered":"<p>[vc_row full_width=&#8220;stretch_row&#8220; gap=&#8220;1&#8243;][vc_column parallax=&#8220;content-moving&#8220; parallax_image=&#8220;11720&#8243; css=&#8220;.vc_custom_1690812486275{padding-top: 80px !important;padding-right: 80px !important;padding-bottom: 80px !important;padding-left: 80px !important;}&#8220;][vc_custom_heading text=&#8220;S\u00dcDLICHE HIMMELSSAFARI&#8220; font_container=&#8220;tag:h1|font_size:32|text_align:center|color:%23ffffff&#8220; google_fonts=&#8220;font_family:Open%20Sans%3A300%2C300italic%2Cregular%2Citalic%2C600%2C600italic%2C700%2C700italic%2C800%2C800italic|font_style:400%20regular%3A400%3Anormal&#8220; css_animation=&#8220;none&#8220; el_id=&#8220;p-heading&#8220;][vc_separator color=&#8220;custom&#8220; border_width=&#8220;2&#8243; el_width=&#8220;50&#8243; accent_color=&#8220;#f8f8f8&#8243;][vc_custom_heading text=&#8220;Amboseli \u21fe Tsavo West \u21fe Mombasa&#8220; font_container=&#8220;tag:h2|font_size:18|text_align:center|color:%23ffffff&#8220; google_fonts=&#8220;font_family:Roboto%3A100%2C100italic%2C300%2C300italic%2Cregular%2Citalic%2C500%2C500italic%2C700%2C700italic%2C900%2C900italic|font_style:400%20regular%3A400%3Anormal&#8220;][\/vc_column][\/vc_row][vc_row css=&#8220;.vc_custom_1699969057799{padding-top: 10px !important;}&#8220;][vc_column css=&#8220;.vc_custom_1673872644881{border-top-width: 10px !important;border-right-width: 10px !important;border-bottom-width: 10px !important;border-left-width: 10px !important;}&#8220;][vc_tta_tabs shape=&#8220;square&#8220; color=&#8220;juicy-pink&#8220; alignment=&#8220;center&#8220; active_section=&#8220;1&#8243; no_fill_content_area=&#8220;true&#8220;][vc_tta_section title=&#8220;Programm&#8220; tab_id=&#8220;1633454673222-3d94f956-010c&#8220;][info_list_father listclr=&#8220;#f4f4f4&#8243;][info_list_son style=&#8220;icon&#8220; size=&#8220;15&#8243; width=&#8220;20&#8243; [&hellip;]<\/p>\n","protected":false},"author":4,"featured_media":0,"parent":27945,"menu_order":1,"comment_status":"closed","ping_status":"closed","template":"","meta":{"_themeisle_gutenberg_block_has_review":false,"footnotes":""},"class_list":["post-33753","page","type-page","status-publish","hentry"],"_links":{"self":[{"href":"https:\/\/mufasatoursandtravels.com\/de\/wp-json\/wp\/v2\/pages\/33753","targetHints":{"allow":["GET"]}}],"collection":[{"href":"https:\/\/mufasatoursandtravels.com\/de\/wp-json\/wp\/v2\/pages"}],"about":[{"href":"https:\/\/mufasatoursandtravels.com\/de\/wp-json\/wp\/v2\/types\/page"}],"author":[{"embeddable":true,"href":"https:\/\/mufasatoursandtravels.com\/de\/wp-json\/wp\/v2\/users\/4"}],"replies":[{"embeddable":true,"href":"https:\/\/mufasatoursandtravels.com\/de\/wp-json\/wp\/v2\/comments?post=33753"}],"version-history":[{"count":1,"href":"https:\/\/mufasatoursandtravels.com\/de\/wp-json\/wp\/v2\/pages\/33753\/revisions"}],"predecessor-version":[{"id":33755,"href":"https:\/\/mufasatoursandtravels.com\/de\/wp-json\/wp\/v2\/pages\/33753\/revisions\/33755"}],"up":[{"embeddable":true,"href":"https:\/\/mufasatoursandtravels.com\/de\/wp-json\/wp\/v2\/pages\/27945"}],"wp:attachment":[{"href":"https:\/\/mufasatoursandtravels.com\/de\/wp-json\/wp\/v2\/media?parent=33753"}],"curies":[{"name":"wp","href":"https:\/\/api.w.org\/{rel}","templated":true}]}}