{"id":33754,"date":"2022-01-08T09:16:41","date_gmt":"2022-01-08T06:16:41","guid":{"rendered":"https:\/\/mufasatoursandtravels.com\/kenia-safari-mit-dem-auto\/safaris-mit-mittlerem-aufenthalt\/rhino-private-safari-in-kenia-paket\/"},"modified":"2025-04-10T16:52:09","modified_gmt":"2025-04-10T13:52:09","slug":"rhino-private-safari-in-kenia-paket","status":"publish","type":"page","link":"https:\/\/mufasatoursandtravels.com\/de\/kenia-safari-mit-dem-auto\/safaris-mit-mittlerem-aufenthalt\/rhino-private-safari-in-kenia-paket\/","title":{"rendered":"Rhino Private Safari in Kenia Paket"},"content":{"rendered":"[vc_row full_width=&#8220;stretch_row&#8220; gap=&#8220;1&#8243;][vc_column parallax=&#8220;content-moving&#8220; parallax_image=&#8220;3174&#8243; parallax_speed_bg=&#8220;2&#8243; css=&#8220;.vc_custom_1687512226795{padding-top: 80px !important;padding-right: 80px !important;padding-bottom: 80px !important;padding-left: 80px !important;}&#8220;][vc_custom_heading text=&#8220;NASHORN-SAFARI&#8220; font_container=&#8220;tag:h1|font_size:32|text_align:center|color:%23ffffff&#8220; google_fonts=&#8220;font_family:Roboto%3A100%2C100italic%2C300%2C300italic%2Cregular%2Citalic%2C500%2C500italic%2C700%2C700italic%2C900%2C900italic|font_style:400%20regular%3A400%3Anormal&#8220;][vc_separator color=&#8220;custom&#8220; border_width=&#8220;2&#8243; el_width=&#8220;50&#8243; accent_color=&#8220;#f8f8f8&#8243;][vc_custom_heading text=&#8220;Masai Mara \u21fe L.Nakuru&#8220; font_container=&#8220;tag:h2|font_size:18|text_align:center|color:%23ffffff&#8220; google_fonts=&#8220;font_family:Roboto%3A100%2C100italic%2C300%2C300italic%2Cregular%2Citalic%2C500%2C500italic%2C700%2C700italic%2C900%2C900italic|font_style:400%20regular%3A400%3Anormal&#8220;][\/vc_column][\/vc_row][vc_row][vc_column css=&#8220;.vc_custom_1673873363096{border-top-width: 10px !important;border-right-width: 10px !important;border-bottom-width: 10px !important;border-left-width: 10px !important;}&#8220;][vc_tta_tabs shape=&#8220;square&#8220; color=&#8220;juicy-pink&#8220; alignment=&#8220;center&#8220; active_section=&#8220;1&#8243; no_fill_content_area=&#8220;true&#8220;][vc_tta_section title=&#8220;Programm&#8220; tab_id=&#8220;1633454673222-3d94f956-010c&#8220;][info_list_father listclr=&#8220;#f4f4f4&#8243; css=&#8220;.vc_custom_1699970014174{padding-top: -5px !important;}&#8220;][info_list_son style=&#8220;icon&#8220; size=&#8220;15&#8243; width=&#8220;20&#8243; height=&#8220;20&#8243; titleclr=&#8220;#811a18&#8243; title=&#8220;DAY 1: NAIROBI TO MASAI MARA&#8220; icon=&#8220;fas fa-calendar-check&#8220; iconclr=&#8220;#811a18&#8243; lineheight=&#8220;2&#8243; iconbg=&#8220;#f4f4f4&#8243; borderclr=&#8220;#f4f4f4&#8243;]\n<ul>\n<li>Depart from Nairobi at 7.30 am to Maasai Mara National Reserve (approximately 5 hrs).<\/li>\n<li>Drive via the renowned <a href=\"https:\/\/en.wikipedia.org\/wiki\/Great_Rift_Valley\" rel=\"nofollow noopener\" target=\"_blank\">Great Rift Valley<\/a> with a 15 minute stop over at the Viewpoint to create memorable moments. Arrive at the camp\/lodge for lunch and relaxation. Proceed to an afternoon game drive and enjoy awesome views of the Big 5 in the vast grass plains.<\/li>\n<li>Return to the camp\/lodge for dinner and overnight.<\/li>\n<\/ul>\n[\/info_list_son][info_list_son style=&#8220;icon&#8220; size=&#8220;15&#8243; width=&#8220;20&#8243; height=&#8220;20&#8243; titleclr=&#8220;#811a18&#8243; icon=&#8220;fas fa-calendar-check&#8220; iconclr=&#8220;#811a18&#8243; title=&#8220;DAY 2: MASAI MARA GAME DRIVES&#8220; lineheight=&#8220;2&#8243; iconbg=&#8220;#f4f4f4&#8243; borderclr=&#8220;#f4f4f4&#8243;]\n<ul>\n<li>Have an early breakfast, perfect energy boost for the thrilling day ahead.<\/li>\n<li>Set off to the Maasai Mara National Reserve, a full day&#8217;s expedition to encounter diverse wildlife. Enjoy a cozy picnic lunch in the wild. Proceed to the Mara River, the center stage of the 8th wonder of the world (the wildebeest migration which happens annually from July-August). The full day game drive (in our open rooftop vehicles) is an opportune festive moment for the ever curious photographer.<\/li>\n<li>Return to the camp\/lodge for dinner and overnight.<\/li>\n<\/ul>\n[\/info_list_son][info_list_son style=&#8220;icon&#8220; size=&#8220;15&#8243; width=&#8220;20&#8243; height=&#8220;20&#8243; titleclr=&#8220;#811a18&#8243; icon=&#8220;fas fa-calendar-check&#8220; iconclr=&#8220;#811a18&#8243; title=&#8220;DAY 3: MASAI MARA TO LAKE NAKURU NATIONAL PARK&#8220; lineheight=&#8220;2&#8243; iconbg=&#8220;#f4f4f4&#8243; borderclr=&#8220;#f4f4f4&#8243;]\n<ul>\n<li>Rejuvenate with an early breakfast and check out.<\/li>\n<li>Proceed to Lake Nakuru National Park (approximately 3 hrs drive from Masai Mara).<\/li>\n<li>Arrive in time for lunch at the camp\/lodge at Lake Nakuru National Park. Head out to an afternoon game drive and awe at rare species like the Black Rhino and the Rotschild Giraffe till sunset.<\/li>\n<li>Return for dinner and overnight.<\/li>\n<\/ul>\n[\/info_list_son][info_list_son style=&#8220;icon&#8220; size=&#8220;15&#8243; width=&#8220;20&#8243; height=&#8220;20&#8243; titleclr=&#8220;#811a18&#8243; icon=&#8220;fas fa-calendar-check&#8220; iconclr=&#8220;#811a18&#8243; title=&#8220;DAY 4: LAKE NAKURU NATIONAL PARK TO NAIROBI (VIA LAKE NAIVASHA)&#8220; lineheight=&#8220;2&#8243; iconbg=&#8220;#f4f4f4&#8243; borderclr=&#8220;#f4f4f4&#8243;]\n<ul>\n<li>Have an early breakfast at the camp\/lodge and check out.<\/li>\n<li>Proceed for morning game drives and glow in the pink wonder of flamingoes till 10:00 am (spilling over to an optional afternoon boat ride session along the shores of Lake Naivasha and walking safari at the Crescent Island at a small additional fee of $ 50 per person).<\/li>\n<li>Return to Nairobi.<\/li>\n<\/ul>\n[\/info_list_son][\/info_list_father][vc_btn title=&#8220;Holen Sie sich eine Qoute&#8220; style=&#8220;outline-custom&#8220; outline_custom_color=&#8220;#890000&#8243; outline_custom_hover_background=&#8220;#890000&#8243; outline_custom_hover_text=&#8220;#ffffff&#8220; shape=&#8220;square&#8220; size=&#8220;sm&#8220; align=&#8220;center&#8220; i_align=&#8220;right&#8220; i_icon_fontawesome=&#8220;fas fa-angle-right&#8220; add_icon=&#8220;true&#8220; link=&#8220;url:https%3A%2F%2Fmufasatoursandtravels.com%2Fde%2Fangebot-anfordern%2F|title:Angebot%20anfordern|&#8220;][\/vc_tta_section][vc_tta_section title=&#8220;Inklusive\/Exklusiv&#8220; tab_id=&#8220;1633455601016-f93699bc-5d92&#8243;][vc_row_inner][vc_column_inner width=&#8220;1\/2&#8243;][info_list_father listclr=&#8220;#f4f4f4&#8243;][info_list_son style=&#8220;icon&#8220; size=&#8220;15&#8243; width=&#8220;20&#8243; height=&#8220;20&#8243; titleclr=&#8220;#890000&#8243; icon=&#8220;fas fa-user-plus&#8220; iconclr=&#8220;#890000&#8243; title=&#8220;IINKLUSIVE&#8220; lineheight=&#8220;2&#8243; iconbg=&#8220;#f4f4f4&#8243; borderclr=&#8220;#f4f4f4&#8243;]\n<ul>\n<li>Parkgeb\u00fchren f\u00fcr den Park angegeben.<\/li>\n<li>Transport in einem Van mit offenem Dach.<\/li>\n<li>Service eines professionellen Fahrerf\u00fchrers.<\/li>\n<li>Mahlzeiten mit Vollpension in der Lodge\/ im Camp.<\/li>\n<li>3 \u00dcbernachtungen im jeweils angegebenen Hotel.<\/li>\n<li>Unbegrenzt Wasser im Fahrzeug.<\/li>\n<\/ul>\n[\/info_list_son][\/info_list_father][\/vc_column_inner][vc_column_inner width=&#8220;1\/2&#8243;][info_list_father listclr=&#8220;#f4f4f4&#8243;][info_list_son style=&#8220;icon&#8220; size=&#8220;15&#8243; width=&#8220;20&#8243; height=&#8220;20&#8243; titleclr=&#8220;#890000&#8243; icon=&#8220;fas fa-user-minus&#8220; iconclr=&#8220;#890000&#8243; title=&#8220;AUSGESCHLOSSEN&#8220; lineheight=&#8220;2&#8243; iconbg=&#8220;#f4f4f4&#8243; borderclr=&#8220;#f4f4f4&#8243;]\n<ul>\n<li>Kultureller Besuch des Masai Village @ $ 20 pro Person.<\/li>\n<li>Tipps zum Fahrerf\u00fchrer (<strong>Sehr empfehlenswert<\/strong>).<\/li>\n<li>Pers\u00f6nliche Gegenst\u00e4nde (Souvenirs, Reiseversicherungen, Visageb\u00fchren, etc.)<\/li>\n<li>Zus\u00e4tzliche Unterkunft vor und am Ende der Tour.<\/li>\n<li>Die Regierung verh\u00e4ngte eine Erh\u00f6hung der Steuern und\/oder Parkgeb\u00fchren.<\/li>\n<li>Hei\u00dfluftballonfahrten @ $ 505 pro Erwachsener \/ $ 380 pro Kind (<strong>unter 18 Jahren<\/strong>).<\/li>\n<li>Lake Naivasha Bootsfahrten von $ 50 pro Person<\/li>\n<\/ul>\n<p>&nbsp;[\/info_list_son][\/info_list_father][\/vc_column_inner][\/vc_row_inner][\/vc_tta_section][vc_tta_section title=&#8220;Reise-Checkliste&#8220; tab_id=&#8220;1633892890537-5637ec0b-4c69&#8243;][vc_row_inner][vc_column_inner width=&#8220;1\/2&#8243;][vc_separator color=&#8220;custom&#8220; align=&#8220;align_left&#8220; border_width=&#8220;2&#8243; el_width=&#8220;20&#8243; accent_color=&#8220;#890000&#8243;][vc_custom_heading text=&#8220;Vor der Reise&#8220; font_container=&#8220;tag:h2|text_align:left|color:%23890000&#8243; google_fonts=&#8220;font_family:Open%20Sans%3A300%2C300italic%2Cregular%2Citalic%2C600%2C600italic%2C700%2C700italic%2C800%2C800italic|font_style:400%20regular%3A400%3Anormal&#8220;][vc_column_text]Bevor Sie sich auf die Reise begeben, sollten Sie sich unsere umfassenden Reisetipps durchlesen, um ein reibungsloses Erlebnis zu gew\u00e4hrleisten.[\/vc_column_text][vc_empty_space height=&#8220;46px&#8220;][vc_btn title=&#8220;Weitere Informationen&#8220; style=&#8220;outline-custom&#8220; outline_custom_color=&#8220;#890000&#8243; outline_custom_hover_background=&#8220;#890000&#8243; outline_custom_hover_text=&#8220;#ffffff&#8220; shape=&#8220;square&#8220; i_align=&#8220;right&#8220; i_icon_fontawesome=&#8220;fas fa-chevron-right&#8220; add_icon=&#8220;true&#8220; link=&#8220;url:https%3A%2F%2Fmufasatoursandtravels.com%2Fde%2Fvorbereitung-auf-die-reise%2F|title:Vorbereitung%20auf%20die%20Reise|&#8220;][\/vc_column_inner][vc_column_inner width=&#8220;1\/2&#8243;][vc_custom_heading text=&#8220;W\u00e4hrend der Buchung&#8220; font_container=&#8220;tag:h2|text_align:left|color:%23890000&#8243; google_fonts=&#8220;font_family:Open%20Sans%3A300%2C300italic%2Cregular%2Citalic%2C600%2C600italic%2C700%2C700italic%2C800%2C800italic|font_style:400%20regular%3A400%3Anormal&#8220;][vc_separator color=&#8220;custom&#8220; align=&#8220;align_left&#8220; border_width=&#8220;2&#8243; el_width=&#8220;20&#8243; accent_color=&#8220;#890000&#8243;][vc_column_text]Verbessern Sie Ihre Reiseplanung, indem Sie wertvolle Informationen zum Reiseziel herunterladen, wie z. B. Pass- und Visabestimmungen, empfohlene Impfungen, Gep\u00e4ckbeschr\u00e4nkungen, Packliste und Trinkgeldrichtlinien.[\/vc_column_text][vc_btn title=&#8220;Weitere Informationen&#8220; style=&#8220;outline-custom&#8220; outline_custom_color=&#8220;#890000&#8243; outline_custom_hover_background=&#8220;#890000&#8243; outline_custom_hover_text=&#8220;#ffffff&#8220; shape=&#8220;square&#8220; i_align=&#8220;right&#8220; i_icon_fontawesome=&#8220;fas fa-chevron-right&#8220; add_icon=&#8220;true&#8220; link=&#8220;url:%20%0Ahttps%3A%2F%2Fmufasatoursandtravels.com%2Fwhat-to-know-before-arrival-in-east-africa%2F|title:WAS%20SIE%20VOR%20DER%20ANKUNFT%20IN%20OSTAFRIKA%20WISSEN%20SOLLTEN|&#8220;][\/vc_column_inner][\/vc_row_inner][vc_row_inner][vc_column_inner width=&#8220;1\/2&#8243;][vc_custom_heading text=&#8220;W\u00e4hrend der Tour&#8220; font_container=&#8220;tag:h2|text_align:left|color:%23890000&#8243; google_fonts=&#8220;font_family:Open%20Sans%3A300%2C300italic%2Cregular%2Citalic%2C600%2C600italic%2C700%2C700italic%2C800%2C800italic|font_style:400%20regular%3A400%3Anormal&#8220;][vc_separator color=&#8220;custom&#8220; align=&#8220;align_left&#8220; border_width=&#8220;2&#8243; el_width=&#8220;20&#8243; accent_color=&#8220;#890000&#8243;][vc_column_text]Maximieren Sie den Erfolg Ihrer Reise, indem Sie wichtige Informationen \u00fcber Ihr(e) Reiseziel(e) herunterladen, einschlie\u00dflich Pass- und Visabestimmungen, Impfrichtlinien, Gep\u00e4ckbeschr\u00e4nkungen, Packliste und Trinkgelder.[\/vc_column_text][vc_btn title=&#8220;Weitere Informationen&#8220; style=&#8220;outline-custom&#8220; outline_custom_color=&#8220;#890000&#8243; outline_custom_hover_background=&#8220;#890000&#8243; outline_custom_hover_text=&#8220;#ffffff&#8220; shape=&#8220;square&#8220; i_align=&#8220;right&#8220; i_icon_fontawesome=&#8220;fas fa-chevron-right&#8220; add_icon=&#8220;true&#8220; link=&#8220;url:https%3A%2F%2Fmufasatoursandtravels.com%2Fde%2Fpaesse-und-visa%2F|title:P%C3%A4sse%20und%20Visa|&#8220;][\/vc_column_inner][vc_column_inner width=&#8220;1\/2&#8243;][vc_custom_heading text=&#8220;Nach der Tour&#8220; font_container=&#8220;tag:h2|text_align:left|color:%23890000&#8243; google_fonts=&#8220;font_family:Open%20Sans%3A300%2C300italic%2Cregular%2Citalic%2C600%2C600italic%2C700%2C700italic%2C800%2C800italic|font_style:400%20regular%3A400%3Anormal&#8220; link=&#8220;url:https%3A%2F%2Fmufasatoursandtravels.com%2Fde%2Fvorbereitung-auf-die-reise%2F|title:P%C3%A4sse%20und%20Visa|&#8220;][vc_separator color=&#8220;custom&#8220; align=&#8220;align_left&#8220; border_width=&#8220;2&#8243; el_width=&#8220;20&#8243; accent_color=&#8220;#890000&#8243;][vc_column_text]W\u00e4hrend Sie sich im Nachglanz Ihres Abenteuers sonnen, sind wir hier, um Ihnen mit wichtigen Tipps nach der Reise zu helfen, um sicherzustellen, dass Ihre R\u00fcckkehr nach Hause so nahtlos und komfortabel ist wie Ihre Reise selbst.[\/vc_column_text][\/vc_column_inner][\/vc_row_inner][\/vc_tta_section][\/vc_tta_tabs][\/vc_column][\/vc_row][vc_row][vc_column][vc_column_text]\n<p style=\"text-align: left;\"><strong>VERZICHTSERKL\u00c4RUNG.<\/strong><\/p>\n<ul>\n<li>Diese Tour wird von <a href=\"https:\/\/mufasatoursandtravels.com\/de\/\">Mufasa Tours and Travels<\/a> angeboten.<\/li>\n<li>Alle unsere Safaris finden auf privater Basis statt.<\/li>\n<li>Kinder zwischen 0 \u2013 2 Jahren sind kostenlos.<\/li>\n<li>Kinder von 3 \u2013 12 Jahren zahlen 50% des Erwachsenenpreises, wenn sie im selben Zimmer mit Erwachsenen \u00fcbernachten.<\/li>\n<li>Kinder von 3 \u2013 12 Jahren zahlen 75% des Erwachsenenpreises, wenn sie in einem separaten Zimmer von Erwachsenen \u00fcbernachten.<\/li>\n<li>Kinder \u00fcber 12 Jahre werden in den Camps und Lodges als Erwachsene anerkannt.<\/li>\n<li>Wir behalten uns das Recht vor, das Programm wie angek\u00fcndigt zu \u00e4ndern.<\/li>\n<li>Sollte eine Unterkunft ausgebucht sein, schlagen wir Ihnen vergleichbare Alternativm\u00f6glichkeiten vor.<\/li>\n<li>Die genaue Reihenfolge, der Inhalt und die Preise dieser Tour unterliegen der Verf\u00fcgbarkeit.<\/li>\n<li>Diese Tour unterliegt den <a href=\"https:\/\/mufasatoursandtravels.com\/de\/allgemeine-geschaeftsbedingungen\/\">Allgemeinen Gesch\u00e4ftsbedingungen<\/a> von <a href=\"https:\/\/mufasatoursandtravels.com\/de\/\">Mufasa Tours and Travels.<\/a><\/li>\n<\/ul>\n[\/vc_column_text][\/vc_column][\/vc_row]\n","protected":false},"excerpt":{"rendered":"<p>[vc_row full_width=&#8220;stretch_row&#8220; gap=&#8220;1&#8243;][vc_column parallax=&#8220;content-moving&#8220; parallax_image=&#8220;3174&#8243; parallax_speed_bg=&#8220;2&#8243; css=&#8220;.vc_custom_1687512226795{padding-top: 80px !important;padding-right: 80px !important;padding-bottom: 80px !important;padding-left: 80px !important;}&#8220;][vc_custom_heading text=&#8220;NASHORN-SAFARI&#8220; font_container=&#8220;tag:h1|font_size:32|text_align:center|color:%23ffffff&#8220; google_fonts=&#8220;font_family:Roboto%3A100%2C100italic%2C300%2C300italic%2Cregular%2Citalic%2C500%2C500italic%2C700%2C700italic%2C900%2C900italic|font_style:400%20regular%3A400%3Anormal&#8220;][vc_separator color=&#8220;custom&#8220; border_width=&#8220;2&#8243; el_width=&#8220;50&#8243; accent_color=&#8220;#f8f8f8&#8243;][vc_custom_heading text=&#8220;Masai Mara \u21fe L.Nakuru&#8220; font_container=&#8220;tag:h2|font_size:18|text_align:center|color:%23ffffff&#8220; google_fonts=&#8220;font_family:Roboto%3A100%2C100italic%2C300%2C300italic%2Cregular%2Citalic%2C500%2C500italic%2C700%2C700italic%2C900%2C900italic|font_style:400%20regular%3A400%3Anormal&#8220;][\/vc_column][\/vc_row][vc_row][vc_column css=&#8220;.vc_custom_1673873363096{border-top-width: 10px !important;border-right-width: 10px !important;border-bottom-width: 10px !important;border-left-width: 10px !important;}&#8220;][vc_tta_tabs shape=&#8220;square&#8220; color=&#8220;juicy-pink&#8220; alignment=&#8220;center&#8220; active_section=&#8220;1&#8243; no_fill_content_area=&#8220;true&#8220;][vc_tta_section title=&#8220;Programm&#8220; tab_id=&#8220;1633454673222-3d94f956-010c&#8220;][info_list_father listclr=&#8220;#f4f4f4&#8243; css=&#8220;.vc_custom_1699970014174{padding-top: -5px !important;}&#8220;][info_list_son style=&#8220;icon&#8220; size=&#8220;15&#8243; width=&#8220;20&#8243; height=&#8220;20&#8243; titleclr=&#8220;#811a18&#8243; title=&#8220;DAY 1: [&hellip;]<\/p>\n","protected":false},"author":4,"featured_media":0,"parent":27945,"menu_order":2,"comment_status":"closed","ping_status":"closed","template":"","meta":{"_themeisle_gutenberg_block_has_review":false,"footnotes":""},"class_list":["post-33754","page","type-page","status-publish","hentry"],"_links":{"self":[{"href":"https:\/\/mufasatoursandtravels.com\/de\/wp-json\/wp\/v2\/pages\/33754","targetHints":{"allow":["GET"]}}],"collection":[{"href":"https:\/\/mufasatoursandtravels.com\/de\/wp-json\/wp\/v2\/pages"}],"about":[{"href":"https:\/\/mufasatoursandtravels.com\/de\/wp-json\/wp\/v2\/types\/page"}],"author":[{"embeddable":true,"href":"https:\/\/mufasatoursandtravels.com\/de\/wp-json\/wp\/v2\/users\/4"}],"replies":[{"embeddable":true,"href":"https:\/\/mufasatoursandtravels.com\/de\/wp-json\/wp\/v2\/comments?post=33754"}],"version-history":[{"count":1,"href":"https:\/\/mufasatoursandtravels.com\/de\/wp-json\/wp\/v2\/pages\/33754\/revisions"}],"predecessor-version":[{"id":33756,"href":"https:\/\/mufasatoursandtravels.com\/de\/wp-json\/wp\/v2\/pages\/33754\/revisions\/33756"}],"up":[{"embeddable":true,"href":"https:\/\/mufasatoursandtravels.com\/de\/wp-json\/wp\/v2\/pages\/27945"}],"wp:attachment":[{"href":"https:\/\/mufasatoursandtravels.com\/de\/wp-json\/wp\/v2\/media?parent=33754"}],"curies":[{"name":"wp","href":"https:\/\/api.w.org\/{rel}","templated":true}]}}