{"id":33795,"date":"2022-01-08T09:16:19","date_gmt":"2022-01-08T06:16:19","guid":{"rendered":"https:\/\/mufasatoursandtravels.com\/diani-beach-safari-verlaengerung\/"},"modified":"2025-04-10T16:56:12","modified_gmt":"2025-04-10T13:56:12","slug":"diani-beach-safari-verlaengerung","status":"publish","type":"page","link":"https:\/\/mufasatoursandtravels.com\/de\/kenia-safari-mit-dem-auto\/stranderweiterung-safaris\/diani-beach-safari-verlaengerung\/","title":{"rendered":"Diani Beach Safari Verl\u00e4ngerung"},"content":{"rendered":"[vc_row gap=&#8220;1&#8243; css=&#8220;.vc_custom_1687884114134{background-image: url(https:\/\/mufasatoursandtravels.com\/wp-content\/uploads\/2023\/05\/diani-beach.jpg?id=10929) !important;background-position: center !important;background-repeat: no-repeat !important;background-size: cover !important;}&#8220;][vc_column parallax=&#8220;content-moving&#8220; parallax_speed_bg=&#8220;1.6&#8243; css=&#8220;.vc_custom_1687884010897{padding-top: 80px !important;padding-bottom: 80px !important;background-color: rgba(0,0,0,0.49) !important;*background-color: rgb(0,0,0) !important;}&#8220;][vc_custom_heading text=&#8220;DIANI STRAND MOMBASA&#8220; font_container=&#8220;tag:h1|font_size:30|text_align:center|color:%23ffffff&#8220; use_theme_fonts=&#8220;yes&#8220;][vc_separator color=&#8220;custom&#8220; border_width=&#8220;2&#8243; el_width=&#8220;50&#8243; accent_color=&#8220;#f8f8f8&#8243;][vc_empty_space][\/vc_column][\/vc_row][vc_row][vc_column][vc_headings style=&#8220;theme3&#8243; borderclr=&#8220;#890000&#8243; title=&#8220;Diani Beach Mombasa, Resort, Hotels, Snorkeling, Weather&#8220; use_theme_fonts=&#8220;yes&#8220; titleclr=&#8220;#890000&#8243;][\/vc_headings][vc_empty_space][vc_tta_tabs shape=&#8220;square&#8220; color=&#8220;juicy-pink&#8220; alignment=&#8220;center&#8220; active_section=&#8220;1&#8243; no_fill_content_area=&#8220;true&#8220;][vc_tta_section title=&#8220;\u00dcber&#8220; tab_id=&#8220;1633454673222-3d94f956-010c&#8220;][info_list_father connector_h=&#8220;20&#8243; liststyle=&#8220;inset&#8220; listclr=&#8220;#890000&#8243;][info_list_son style=&#8220;icon&#8220; size=&#8220;15&#8243; width=&#8220;20&#8243; height=&#8220;20&#8243; titleclr=&#8220;#811a18&#8243; title=&#8220;Diani Strand&#8220; icon=&#8220;fas fa-umbrella-beach&#8220; iconclr=&#8220;#811a18&#8243; lineheight=&#8220;2&#8243; iconbg=&#8220;#f8f8f8&#8243; borderclr=&#8220;#890000&#8243;]Diani Beach in <a href=\"https:\/\/mufasatoursandtravels.com\/de\/flugziele\/mombasa-malindi-diani\/\">Mombasa<\/a>, Kenia, ist eine tropische Oase, die mit ihrem unber\u00fchrten wei\u00dfen Sand, dem t\u00fcrkisfarbenen Wasser und dem idyllischen K\u00fcstencharme lockt. The Beach ist ein malerischer K\u00fcstenabschnitt entlang des Indischen Ozeans, der f\u00fcr seinen puderweichen, weichen Sand und kristallklares Wasser bekannt ist. Sonnen Sie sich, nehmen Sie ein erfrischendes Bad im Meer und lassen Sie die sanfte Meeresbrise Ihre Sorgen wegwischen. Es ist das ideale <a href=\"https:\/\/mufasatoursandtravels.com\/de\/flugziele\/\">Safari-Ziel<\/a> zum Entspannen und Verj\u00fcngen.   <\/p>\n<p>&nbsp;[\/info_list_son][info_list_son style=&#8220;icon&#8220; size=&#8220;15&#8243; width=&#8220;20&#8243; height=&#8220;20&#8243; titleclr=&#8220;#811a18&#8243; title=&#8220;Diani Beach Resort&#8220; icon=&#8220;fas fa-hotel&#8220; iconclr=&#8220;#811a18&#8243; lineheight=&#8220;2&#8243; caption_url=&#8220;&#8220; borderclr=&#8220;#890000&#8243;]<figure id=\"attachment_10929\" aria-describedby=\"caption-attachment-10929\" style=\"width: 400px\" class=\"wp-caption alignright\"><img loading=\"lazy\" decoding=\"async\" class=\"wp-image-10929 size-thumbnail\" src=\"https:\/\/mufasatoursandtravels.com\/wp-content\/uploads\/2023\/05\/diani-beach-400x300.jpg\" alt=\"Palmen am Strand\" width=\"400\" height=\"300\" srcset=\"https:\/\/mufasatoursandtravels.com\/wp-content\/uploads\/2023\/05\/diani-beach-400x300.jpg 400w, https:\/\/mufasatoursandtravels.com\/wp-content\/uploads\/2023\/05\/diani-beach-800x600.jpg 800w\" sizes=\"auto, (max-width: 400px) 100vw, 400px\" \/><figcaption id=\"caption-attachment-10929\" class=\"wp-caption-text\">Diani Strand<\/figcaption><\/figure>\n<p>G\u00f6nnen Sie sich Luxus und Ruhe in einem der exquisiten Resorts am Diani Beach. Diese Resorts bieten erstklassige Annehmlichkeiten, einen atemberaubenden Blick auf den Strand und au\u00dfergew\u00f6hnliche Gastfreundschaft. Erleben Sie den Inbegriff der Entspannung, w\u00e4hrend Sie sich inmitten \u00fcppiger G\u00e4rten entspannen, k\u00f6stliche Gerichte genie\u00dfen und sich mit verj\u00fcngenden Spa-Behandlungen verw\u00f6hnen lassen.  <\/p>\n<p>&nbsp;<\/p>\n<p>&nbsp;[\/info_list_son][info_list_son style=&#8220;icon&#8220; size=&#8220;15&#8243; width=&#8220;20&#8243; height=&#8220;20&#8243; titleclr=&#8220;#811a18&#8243; title=&#8220;Strandhotels in Diani&#8220; icon=&#8220;fas fa-utensils&#8220; iconclr=&#8220;#811a18&#8243; lineheight=&#8220;2&#8243; borderclr=&#8220;#890000&#8243;]W\u00e4hlen Sie aus einer Reihe au\u00dfergew\u00f6hnlicher Hotels entlang des Diani Beach, von denen jedes ein einzigartiges Erlebnis bietet. Egal, ob Sie einen luxuri\u00f6sen R\u00fcckzugsort am Strand, ein familienfreundliches Resort oder ein gem\u00fctliches Boutique-Hotel suchen, <a href=\"https:\/\/mufasatoursandtravels.com\/de\/kenia-safari-mit-dem-auto\/stranderweiterung-safaris\/diani-beach-safari-verlaengerung\/\">Diani Beach<\/a> bietet Unterk\u00fcnfte f\u00fcr jeden Geschmack und jedes Budget. <\/p>\n<p>&nbsp;[\/info_list_son][info_list_son style=&#8220;icon&#8220; size=&#8220;15&#8243; width=&#8220;20&#8243; height=&#8220;20&#8243; titleclr=&#8220;#811a18&#8243; title=&#8220;Diani Beach Schnorcheln&#8220; icon=&#8220;fas fa-water&#8220; iconclr=&#8220;#811a18&#8243; lineheight=&#8220;2&#8243; borderclr=&#8220;#890000&#8243;]Diani Beach ist ein Tor zu den Wundern der Unterwasserwelt und l\u00e4dt Sie ein, lebendige Korallenriffe und eine vielf\u00e4ltige Unterwasserwelt zu erkunden. Begeben Sie sich auf ein Schnorchelabenteuer und tauchen Sie ein in die farbenfrohe Welt unter den Wellen. Entdecken Sie die Sch\u00f6nheit des Indischen Ozeans und schaffen Sie unvergessliche Erinnerungen mit den von Experten gef\u00fchrten Schnorcheltouren <a href=\"https:\/\/mufasatoursandtravels.com\/de\/\">von Mufasa Tours and Travel<\/a> .  <\/p>\n<p>&nbsp;[\/info_list_son][info_list_son style=&#8220;icon&#8220; size=&#8220;15&#8243; width=&#8220;20&#8243; height=&#8220;20&#8243; titleclr=&#8220;#811a18&#8243; title=&#8220;Diani Beach Reef Resort&#8220; icon=&#8220;fas fa-hotel&#8220; iconclr=&#8220;#811a18&#8243; lineheight=&#8220;2&#8243; borderclr=&#8220;#890000&#8243;]<figure id=\"attachment_10927\" aria-describedby=\"caption-attachment-10927\" style=\"width: 400px\" class=\"wp-caption alignleft\"><img loading=\"lazy\" decoding=\"async\" class=\"wp-image-10927 size-thumbnail\" src=\"https:\/\/mufasatoursandtravels.com\/wp-content\/uploads\/2023\/05\/diani-beach-resort-400x300.jpg\" alt=\"Diani Beach Resort\" width=\"400\" height=\"300\" srcset=\"https:\/\/mufasatoursandtravels.com\/wp-content\/uploads\/2023\/05\/diani-beach-resort-400x300.jpg 400w, https:\/\/mufasatoursandtravels.com\/wp-content\/uploads\/2023\/05\/diani-beach-resort-800x600.jpg 800w\" sizes=\"auto, (max-width: 400px) 100vw, 400px\" \/><figcaption id=\"caption-attachment-10927\" class=\"wp-caption-text\">Diani Strand<\/figcaption><\/figure>\n<p>Entdecken Sie das bezaubernde <a href=\"https:\/\/dianireef.com\/\" target=\"_blank\" rel=\"dofollow noopener\">Diani Beach Reef Resort<\/a>, eine K\u00fcstenoase am unber\u00fchrten Diani Beach in Kenia. Mit exquisiten Unterk\u00fcnften, einer Strandlage, unvergleichlichen Annehmlichkeiten und der Unterst\u00fctzung von Mufasa Tours and Travel wird Ihre Reise zu diesem K\u00fcstenjuwel garantiert unvergesslich. Erleben Sie Luxus, Abenteuer und Entspannung an einem faszinierenden Reiseziel  [\/info_list_son][info_list_son style=&#8220;icon&#8220; size=&#8220;15&#8243; width=&#8220;20&#8243; height=&#8220;20&#8243; titleclr=&#8220;#811a18&#8243; title=&#8220;Diani Beach Wetter&#8220; icon=&#8220;fas fa-cloud-sun&#8220; iconclr=&#8220;#811a18&#8243; lineheight=&#8220;2&#8243; borderclr=&#8220;#890000&#8243;]Sonnen Sie sich in der tropischen Sonne und genie\u00dfen Sie das ganze Jahr \u00fcber angenehme Temperaturen am Diani Beach. Mit seinem \u00e4quatorialen Klima bietet der Strand warmes und einladendes Wetter, das sich perfekt zum Sonnenbaden, Wassersport und f\u00fcr Outdoor-Aktivit\u00e4ten eignet. Erleben Sie endlose Sommertage in diesem K\u00fcstenparadies.  <\/p>\n<p>&nbsp;[\/info_list_son][info_list_son style=&#8220;icon&#8220; size=&#8220;15&#8243; width=&#8220;20&#8243; height=&#8220;20&#8243; titleclr=&#8220;#811a18&#8243; title=&#8220;Flughafen Diani Beach&#8220; icon=&#8220;fas fa-plane-departure&#8220; iconclr=&#8220;#811a18&#8243; lineheight=&#8220;2&#8243; caption_url=&#8220;&#8220;]<figure id=\"attachment_10928\" aria-describedby=\"caption-attachment-10928\" style=\"width: 400px\" class=\"wp-caption alignright\"><img loading=\"lazy\" decoding=\"async\" class=\"wp-image-10928 size-thumbnail\" src=\"https:\/\/mufasatoursandtravels.com\/wp-content\/uploads\/2023\/05\/diani-beach-mombasa-400x300.jpg\" alt=\"Wetter am Strand von Diani\" width=\"400\" height=\"300\" srcset=\"https:\/\/mufasatoursandtravels.com\/wp-content\/uploads\/2023\/05\/diani-beach-mombasa-400x300.jpg 400w, https:\/\/mufasatoursandtravels.com\/wp-content\/uploads\/2023\/05\/diani-beach-mombasa-800x600.jpg 800w\" sizes=\"auto, (max-width: 400px) 100vw, 400px\" \/><figcaption id=\"caption-attachment-10928\" class=\"wp-caption-text\">Diani Strand<\/figcaption><\/figure>\n<p>Diani Beach ist leicht zu erreichen durch die N\u00e4he zum Ukunda Airstrip, auch bekannt als Diani Beach Airport. Dieser Flughafen verbindet den Strand mit verschiedenen nationalen und internationalen Zielen und gew\u00e4hrleistet so eine problemlose Reise in Ihr tropisches Paradies. <\/p>\n<p>Wenn Sie bereit sind, <a href=\"https:\/\/en.wikipedia.org\/wiki\/Diani_Beach\" target=\"_blank\" rel=\"noopener nofollow\">Diani Beach<\/a> zu erleben, lassen Sie Mufasa Tours and Travels Ihr vertrauensw\u00fcrdiger Reisef\u00fchrer sein, um ein nahtloses und unvergessliches Reiseerlebnis zu gew\u00e4hrleisten. Buchen Sie noch heute Ihren Kurzurlaub in Diani Beach und schaffen Sie Erinnerungen, die ein Leben lang halten. <\/p>\n<p>&nbsp;[\/info_list_son][\/info_list_father][\/vc_tta_section][vc_tta_section title=&#8220;Grundsteuer&#8220; tab_id=&#8220;1633454673248-4ec9e207-8783&#8243;][vc_column_text]\n<div>\n<h3>Wichtig zu wissen:<\/h3>\n<ul>\n<li>Alle unten angebotenen Unterk\u00fcnfte verstehen sich pro Person und Nacht im Doppelzimmer.<\/li>\n<li>Kinder zwischen 0 \u2013 2 Jahren sind kostenlos.<\/li>\n<li>Kinder von 3 \u2013 12 Jahren zahlen 50% des Erwachsenenpreises, wenn sie im selben Zimmer mit Erwachsenen \u00fcbernachten.<\/li>\n<li>Kinder von 3 \u2013 12 Jahren zahlen 75% des Erwachsenenpreises, wenn sie in einem separaten Zimmer von Erwachsenen \u00fcbernachten.<\/li>\n<li>Kinder \u00fcber 12 Jahre werden in den Camps und Lodges als Erwachsene anerkannt.<\/li>\n<li>Zus\u00e4tzliche Aktivit\u00e4ten wie Schnorcheln, Bootsfahrten und Kitesurfen k\u00f6nnen direkt an der Rezeption erworben werden.<\/li>\n<li>Wenn Sie einen Transport zu den unten aufgef\u00fchrten Unterk\u00fcnften w\u00fcnschen, wenden Sie sich bitte direkt an unser B\u00fcro, um entweder Fl\u00fcge oder Zugtickets gegen Aufpreis zu buchen.<\/li>\n<li>Einzelzimmerzuschlag, der von Ihrem Reiseberater in unserem B\u00fcro beraten wird.<\/li>\n<\/ul>\n<\/div>\n<h3>Preise pro Person und Nacht<\/h3>\n<p style=\"text-align: center;\">Hinweis: <strong>Bitte beachten Sie, dass die Tarife aktualisiert werden<\/strong>. Kontaktieren Sie uns f\u00fcr ma\u00dfgeschneiderte Safaris, Preise und allgemeine Anfragen. <\/p>\nwpDataTable mit angegebener ID nicht gefunden!<strong><span style=\"text-align: center;\">Verzichtserkl\u00e4rung:<\/span><\/strong><\/p>\n<div>\n<ul>\n<li>Diese Tour wird von <a href=\"https:\/\/mufasatoursandtravels.com\/de\/\">Mufasa Tours and Travels<\/a> angeboten.<\/li>\n<li>Dieser Betreiber beh\u00e4lt sich das Recht vor, die Preise wie angek\u00fcndigt zu \u00e4ndern.<\/li>\n<li>Wenn Sie \u00c4nderungen an dieser Tour w\u00fcnschen, \u00e4ndern sich wahrscheinlich die beworbenen Preise.<\/li>\n<li>Sollte eine Unterkunft ausgebucht sein, wird der Betreiber vergleichbare Alternativm\u00f6glichkeiten vorschlagen.<\/li>\n<li>Die genaue Reihenfolge, der Inhalt und die Preise dieser Tour unterliegen der Verf\u00fcgbarkeit.<\/li>\n<li>Diese Tour unterliegt den <a href=\"https:\/\/mufasatoursandtravels.com\/de\/allgemeine-geschaeftsbedingungen\/\">Allgemeinen Gesch\u00e4ftsbedingungen<\/a> von <a href=\"https:\/\/mufasatoursandtravels.com\/de\/\">Mufasa Tours and Travels.<\/a><\/li>\n<\/ul>\n<\/div>\n[\/vc_column_text][\/vc_tta_section][vc_tta_section title=&#8220;Inklusive\/Exklusiv&#8220; tab_id=&#8220;1633455601016-f93699bc-5d92&#8243;][vc_row_inner][vc_column_inner width=&#8220;1\/2&#8243;][info_list_father listclr=&#8220;#f8f8f8&#8243;][info_list_son style=&#8220;icon&#8220; size=&#8220;10&#8243; width=&#8220;20&#8243; height=&#8220;20&#8243; titleclr=&#8220;#890000&#8243; icon=&#8220;fas fa-plus-circle&#8220; iconclr=&#8220;#333333&#8243; title=&#8220;IINKLUSIVE&#8220; lineheight=&#8220;2&#8243;]\n<ul>\n<li>Mahlzeiten wie angegeben.<\/li>\n<li>Unterkunft in der Kategorie Standardzimmer.<\/li>\n<li>Hoteleinrichtungen wie WLAN, Schwimmen, Fitnessraum usw.<\/li>\n<\/ul>\n[\/info_list_son][\/info_list_father][\/vc_column_inner][vc_column_inner width=&#8220;1\/2&#8243;][info_list_father listclr=&#8220;#f8f8f8&#8243;][info_list_son style=&#8220;icon&#8220; size=&#8220;10&#8243; width=&#8220;20&#8243; height=&#8220;20&#8243; titleclr=&#8220;#890000&#8243; icon=&#8220;fas fa-minus-circle&#8220; iconclr=&#8220;#333333&#8243; title=&#8220;AUSGESCHLOSSEN&#8220; lineheight=&#8220;2&#8243;]\n<ul>\n<li>Zus\u00e4tzliche Aktivit\u00e4ten wie Schnorcheln, Kitesurfen usw.<\/li>\n<li>Tipps.<\/li>\n<li>Pers\u00f6nliche Gegenst\u00e4nde (Souvenirs, Reiseversicherungen, Visageb\u00fchren usw.).<\/li>\n<li>Transport zu den Unterk\u00fcnften wie Fl\u00fcge, Zugtickets usw.<\/li>\n<li>Die Regierung verh\u00e4ngte eine Erh\u00f6hung der Steuern und\/oder Parkgeb\u00fchren.<\/li>\n<\/ul>\n[\/info_list_son][\/info_list_father][\/vc_column_inner][\/vc_row_inner][\/vc_tta_section][vc_tta_section title=&#8220;Landkarte&#8220; tab_id=&#8220;1633892890537-5637ec0b-4c69&#8243;][vc_gmaps link=&#8220;#E-8_JTNDaWZyYW1lJTIwc3JjJTNEJTIyaHR0cHMlM0ElMkYlMkZ3d3cuZ29vZ2xlLmNvbSUyRm1hcHMlMkZlbWJlZCUzRnBiJTNEJTIxMW0xOCUyMTFtMTIlMjExbTMlMjExZDYzMDQuODI5OTg2MTMxMjcxJTIxMmQtMTIyLjQ3NDY5NjgwMzMwOTIlMjEzZDM3LjgwMzc0NzUyMTYwNDQzJTIxMm0zJTIxMWYwJTIxMmYwJTIxM2YwJTIxM20yJTIxMWkxMDI0JTIxMmk3NjglMjE0ZjEzLjElMjEzbTMlMjExbTIlMjExczB4ODA4NTg2ZTYzMDI2MTVhMSUyNTNBMHg4NmJkMTMwMjUxNzU3YzAwJTIxMnNTdG9yZXklMkJBdmUlMjUyQyUyQlNhbiUyQkZyYW5jaXNjbyUyNTJDJTJCQ0ElMkI5NDEyOSUyMTVlMCUyMTNtMiUyMTFzZW4lMjEyc3VzJTIxNHYxNDM1ODI2NDMyMDUxJTIyJTIwd2lkdGglM0QlMjI2MDAlMjIlMjBoZWlnaHQlM0QlMjI0NTAlMjIlMjBmcmFtZWJvcmRlciUzRCUyMjAlMjIlMjBzdHlsZSUzRCUyMmJvcmRlciUzQTAlMjIlMjBhbGxvd2Z1bGxzY3JlZW4lM0QlMjIlMjIlM0UlM0MlMkZpZnJhbWUlM0U=&#8220;][\/vc_tta_section][\/vc_tta_tabs][\/vc_column][\/vc_row][vc_row][vc_column][vc_btn title=&#8220;Reisen Sie mit uns&#8220; style=&#8220;custom&#8220; custom_background=&#8220;#890000&#8243; custom_text=&#8220;#ffffff&#8220; shape=&#8220;square&#8220; align=&#8220;center&#8220; i_icon_fontawesome=&#8220;fas fa-chevron-right&#8220; add_icon=&#8220;true&#8220; link=&#8220;url:https%3A%2F%2Fmufasatoursandtravels.com%2Fde%2Fangebot-anfordern%2F|title:Angebot%20anfordern|&#8220;][\/vc_column][\/vc_row][vc_row][vc_column][vc_headings style=&#8220;theme3&#8243; borderclr=&#8220;#890000&#8243; title=&#8220;Diani Beach H\u00e4ufig gestellte Fragen&#8220; use_theme_fonts=&#8220;yes&#8220; titleclr=&#8220;#890000&#8243;][\/vc_headings][vc_empty_space][\/vc_column][\/vc_row][vc_row][vc_column][vc_toggle title=&#8220;Welche Aktivit\u00e4ten kann ich im Diani Beach genie\u00dfen?&#8220; style=&#8220;square&#8220;]<span data-contrast=\"auto\">Diani Beach bietet eine F\u00fclle von aufregenden Aktivit\u00e4ten wie Schnorcheln, Sonnenbaden, Wassersport und die Erkundung lebendiger Korallenriffe. Sie k\u00f6nnen sich auch in den Strandresorts entspannen und verj\u00fcngen. <\/span><span data-ccp-props=\"{\"201341983\":0,\"335559739\":160,\"335559740\":259}\"> <\/span>[\/vc_toggle][vc_toggle title=&#8220;Wie schneidet Diani Beach im Vergleich zu Sansibar ab?&#8220; style=&#8220;square&#8220;]<span data-contrast=\"auto\">W\u00e4hrend sowohl Diani Beach als auch Sansibar atemberaubende Stranderlebnisse bieten, sticht Diani Beach mit seiner unber\u00fchrten nat\u00fcrlichen Sch\u00f6nheit und seinem ruhigen Ambiente hervor. Erfahren Sie, warum viele Reisende Diani Beach f\u00fcr einen ruhigen R\u00fcckzugsort abseits der Menschenmassen w\u00e4hlen. <\/span><span data-ccp-props=\"{\"201341983\":0,\"335559739\":160,\"335559740\":259}\"> <\/span>[\/vc_toggle][vc_toggle title=&#8220;Wie ist das Wetter in Diani Beach?&#8220; style=&#8220;square&#8220;]Diani Beach genie\u00dft ein tropisches Klima mit angenehmen Temperaturen das ganze Jahr \u00fcber, was es zu einem idealen Ziel f\u00fcr Sonnenb\u00e4der, Wassersport und Outdoor-Aktivit\u00e4ten macht.[\/vc_toggle][vc_toggle title=&#8220;Wie kann ich eine Schnorcheltour in Diani Beach buchen?&#8220; style=&#8220;square&#8220;]<span data-contrast=\"auto\">Mufasa Tours and Travel bietet von Experten gef\u00fchrte Schnorcheltouren an, bei denen Sie die lebendigen Korallenriffe und die vielf\u00e4ltige Unterwasserwelt erkunden k\u00f6nnen. Kontaktieren Sie sie, um Ihr Schnorchelabenteuer zu buchen. <\/span><span data-ccp-props=\"{\"201341983\":0,\"335559739\":160,\"335559740\":259}\"> <\/span>[\/vc_toggle][vc_toggle title=&#8220;Wie kann ich eine Reise mit Mufasa Tours and Travel buchen?&#8220; style=&#8220;square&#8220;]<span data-contrast=\"auto\">Es ist m\u00f6glich, einen Urlaub mit Mufasa Tours and Travel zu buchen. Kontaktieren Sie uns \u00fcber die Website oder rufen Sie unseren Kundenservice an, um Ihre Vorlieben zu besprechen und eine personalisierte Reiseroute f\u00fcr Ihren Traumstrandurlaub in Diani Beach, Mombasa, zu erstellen. <\/span><span data-ccp-props=\"{\"201341983\":0,\"335559739\":160,\"335559740\":259}\"> <\/span>[\/vc_toggle][\/vc_column][\/vc_row]\n","protected":false},"excerpt":{"rendered":"<p>[vc_row gap=&#8220;1&#8243; css=&#8220;.vc_custom_1687884114134{background-image: url(https:\/\/mufasatoursandtravels.com\/wp-content\/uploads\/2023\/05\/diani-beach.jpg?id=10929) !important;background-position: center !important;background-repeat: no-repeat !important;background-size: cover !important;}&#8220;][vc_column parallax=&#8220;content-moving&#8220; parallax_speed_bg=&#8220;1.6&#8243; css=&#8220;.vc_custom_1687884010897{padding-top: 80px !important;padding-bottom: 80px !important;background-color: rgba(0,0,0,0.49) !important;*background-color: rgb(0,0,0) !important;}&#8220;][vc_custom_heading text=&#8220;DIANI STRAND MOMBASA&#8220; font_container=&#8220;tag:h1|font_size:30|text_align:center|color:%23ffffff&#8220; use_theme_fonts=&#8220;yes&#8220;][vc_separator color=&#8220;custom&#8220; border_width=&#8220;2&#8243; el_width=&#8220;50&#8243; accent_color=&#8220;#f8f8f8&#8243;][vc_empty_space][\/vc_column][\/vc_row][vc_row][vc_column][vc_headings style=&#8220;theme3&#8243; borderclr=&#8220;#890000&#8243; title=&#8220;Diani Beach Mombasa, Resort, Hotels, Snorkeling, Weather&#8220; use_theme_fonts=&#8220;yes&#8220; titleclr=&#8220;#890000&#8243;][\/vc_headings][vc_empty_space][vc_tta_tabs shape=&#8220;square&#8220; color=&#8220;juicy-pink&#8220; alignment=&#8220;center&#8220; active_section=&#8220;1&#8243; no_fill_content_area=&#8220;true&#8220;][vc_tta_section title=&#8220;\u00dcber&#8220; tab_id=&#8220;1633454673222-3d94f956-010c&#8220;][info_list_father connector_h=&#8220;20&#8243; liststyle=&#8220;inset&#8220; listclr=&#8220;#890000&#8243;][info_list_son style=&#8220;icon&#8220; size=&#8220;15&#8243; width=&#8220;20&#8243; [&hellip;]<\/p>\n","protected":false},"author":4,"featured_media":0,"parent":33938,"menu_order":0,"comment_status":"closed","ping_status":"closed","template":"","meta":{"_themeisle_gutenberg_block_has_review":false,"footnotes":""},"class_list":["post-33795","page","type-page","status-publish","hentry"],"_links":{"self":[{"href":"https:\/\/mufasatoursandtravels.com\/de\/wp-json\/wp\/v2\/pages\/33795","targetHints":{"allow":["GET"]}}],"collection":[{"href":"https:\/\/mufasatoursandtravels.com\/de\/wp-json\/wp\/v2\/pages"}],"about":[{"href":"https:\/\/mufasatoursandtravels.com\/de\/wp-json\/wp\/v2\/types\/page"}],"author":[{"embeddable":true,"href":"https:\/\/mufasatoursandtravels.com\/de\/wp-json\/wp\/v2\/users\/4"}],"replies":[{"embeddable":true,"href":"https:\/\/mufasatoursandtravels.com\/de\/wp-json\/wp\/v2\/comments?post=33795"}],"version-history":[{"count":2,"href":"https:\/\/mufasatoursandtravels.com\/de\/wp-json\/wp\/v2\/pages\/33795\/revisions"}],"predecessor-version":[{"id":33809,"href":"https:\/\/mufasatoursandtravels.com\/de\/wp-json\/wp\/v2\/pages\/33795\/revisions\/33809"}],"up":[{"embeddable":true,"href":"https:\/\/mufasatoursandtravels.com\/de\/wp-json\/wp\/v2\/pages\/33938"}],"wp:attachment":[{"href":"https:\/\/mufasatoursandtravels.com\/de\/wp-json\/wp\/v2\/media?parent=33795"}],"curies":[{"name":"wp","href":"https:\/\/api.w.org\/{rel}","templated":true}]}}