{"id":33938,"date":"2021-12-18T16:01:19","date_gmt":"2021-12-18T13:01:19","guid":{"rendered":"https:\/\/mufasatoursandtravels.com\/kenia-safari-mit-dem-auto\/stranderweiterung-safaris\/"},"modified":"2025-04-10T16:56:42","modified_gmt":"2025-04-10T13:56:42","slug":"stranderweiterung-safaris","status":"publish","type":"page","link":"https:\/\/mufasatoursandtravels.com\/de\/kenia-safari-mit-dem-auto\/stranderweiterung-safaris\/","title":{"rendered":"Stranderweiterung Safaris"},"content":{"rendered":"[vc_row full_width=&#8220;stretch_row_content_no_spaces&#8220; content_placement=&#8220;middle&#8220;][vc_column parallax=&#8220;content-moving&#8220; parallax_image=&#8220;11256&#8243; parallax_speed_bg=&#8220;3&#8243; css=&#8220;.vc_custom_1687434367654{padding: 100px !important;}&#8220;][vc_custom_heading text=&#8220;STRANDERWEITERUNGEN PRIVATE SAFARIS&#8220; font_container=&#8220;tag:h1|font_size:32|text_align:center|color:%23ffffff&#8220; google_fonts=&#8220;font_family:Roboto%3A100%2C100italic%2C300%2C300italic%2Cregular%2Citalic%2C500%2C500italic%2C700%2C700italic%2C900%2C900italic|font_style:400%20regular%3A400%3Anormal&#8220;][vc_separator color=&#8220;custom&#8220; border_width=&#8220;2&#8243; el_width=&#8220;50&#8243; accent_color=&#8220;#f8f8f8&#8243;][\/vc_column][\/vc_row][vc_row][vc_column css=&#8220;.vc_custom_1687434474441{padding: 10px !important;}&#8220;][vc_empty_space height=&#8220;20px&#8220;][vc_headings style=&#8220;theme3&#8243; linewidth=&#8220;100&#8243; borderclr=&#8220;#9b1815&#8243; title=&#8220;STRANDERWEITERUNGEN&#8220; google_fonts=&#8220;font_family:Roboto%3A100%2C100italic%2C300%2C300italic%2Cregular%2Citalic%2C500%2C500italic%2C700%2C700italic%2C900%2C900italic|font_style:400%20regular%3A400%3Anormal&#8220; transform=&#8220;uppercase&#8220; titleclr=&#8220;#9b1815&#8243;][\/vc_headings][\/vc_column][\/vc_row][vc_row][vc_column css=&#8220;.vc_custom_1687434474441{padding: 10px !important;}&#8220;][vc_custom_heading text=&#8220;Mit den unglaublich abenteuerlichen Tiererlebnissen, die unsere Safari-Pakete bieten, m\u00f6chten wir Ihre Safari zusammenfassen, indem wir die weiten wei\u00dfen Sandstr\u00e4nde, das pr\u00e4stine Wasser und die majest\u00e4tischen Korallenriffe mit hoch aufragenden Palmen, atemberaubenden Meeresk\u00fcsten und unschlagbaren Erlebnissen erkunden, die es wert sind, Ihre Erinnerungen zu f\u00fcllen.&#8220; font_container=&#8220;tag:h2|font_size:20|text_align:center|color:%23333333&#8243; google_fonts=&#8220;font_family:Roboto%3A100%2C100italic%2C300%2C300italic%2Cregular%2Citalic%2C500%2C500italic%2C700%2C700italic%2C900%2C900italic|font_style:400%20regular%3A400%3Anormal&#8220;][vc_empty_space height=&#8220;20px&#8220;][\/vc_column][\/vc_row][vc_row][vc_column width=&#8220;1\/3&#8243; css=&#8220;.vc_custom_1687434809613{padding: 10px !important;}&#8220;]<div class=\"cq-hovercard cq-rotateY  cq-hovercard-hideicon\" data-contentcolor=\"#ffffff\" data-iconcolor=\"#890000\" data-bgheight=\"240\" data-captionoffset=\"\" data-videowidth=\"640\" data-linktype=\"customlink\" data-bgtype=\"image\" data-lightboxmargin=\"\"><a href=\"https:\/\/mufasatoursandtravels.com\/kenya-safari-by-road\/beach-extension-safaris\/diani-beach-safari-extension\/\" title=\"Diani Beach Safari Extension\" target=\"\" class=\"cq-hovercard-customlink\"><img decoding=\"async\" src=\"https:\/\/mufasatoursandtravels.com\/wp-content\/uploads\/2022\/03\/Diani_Beach_Sunrise_Kenya-scaled.jpg\" class=\"cq-hovercard-background\" alt=\"\" \/><div class=\"cq-hovercard-textcontainer\"><div class=\"cq-hovercard-title\">Diani Strand<\/div><i class=\"cq-hovercard-icon fas fa-paw\"><\/i><\/div><\/a><\/div>[\/vc_column][vc_column width=&#8220;1\/3&#8243; css=&#8220;.vc_custom_1687434826479{padding: 10px !important;}&#8220;]<div class=\"cq-hovercard cq-rotateY  cq-hovercard-hideicon\" data-contentcolor=\"\" data-iconcolor=\"#890000\" data-bgheight=\"240\" data-captionoffset=\"\" data-videowidth=\"640\" data-linktype=\"customlink\" data-bgtype=\"image\" data-lightboxmargin=\"\"><a href=\"https:\/\/mufasatoursandtravels.com\/kenya-safari-by-road\/beach-extension-safaris\/mombasa-beach-safari-extension\/\" title=\"Mombasa Beach Safari Extension\" target=\"\" class=\"cq-hovercard-customlink\"><img decoding=\"async\" src=\"https:\/\/mufasatoursandtravels.com\/wp-content\/uploads\/2023\/01\/africa-ge7e8c6812_1920.jpg\" class=\"cq-hovercard-background\" alt=\"\" \/><div class=\"cq-hovercard-textcontainer\"><div class=\"cq-hovercard-title\">Strand von Mombasa<\/div><i class=\"cq-hovercard-icon fas fa-paw\"><\/i><\/div><\/a><\/div>[\/vc_column][vc_column width=&#8220;1\/3&#8243; css=&#8220;.vc_custom_1687434854114{padding: 10px !important;}&#8220;]<div class=\"cq-hovercard cq-rotateY  cq-hovercard-hideicon\" data-contentcolor=\"\" data-iconcolor=\"#890000\" data-bgheight=\"240\" data-captionoffset=\"\" data-videowidth=\"640\" data-linktype=\"customlink\" data-bgtype=\"image\" data-lightboxmargin=\"\"><a href=\"https:\/\/mufasatoursandtravels.com\/kenya-safari-by-road\/beach-extension-safaris\/watamu-beach-safari-extension\/\" title=\"Watamu Beach Safari Extension\" target=\"\" class=\"cq-hovercard-customlink\"><img decoding=\"async\" src=\"https:\/\/mufasatoursandtravels.com\/wp-content\/uploads\/2023\/01\/WATAMU-BEACH.jpg\" class=\"cq-hovercard-background\" alt=\"\" \/><div class=\"cq-hovercard-textcontainer\"><div class=\"cq-hovercard-title\">Malindi &amp; Watamu<\/div><i class=\"cq-hovercard-icon fas fa-paw\"><\/i><\/div><\/a><\/div>[\/vc_column][\/vc_row][vc_row][vc_column][vc_empty_space][\/vc_column][\/vc_row]\n","protected":false},"excerpt":{"rendered":"<p>[vc_row full_width=&#8220;stretch_row_content_no_spaces&#8220; content_placement=&#8220;middle&#8220;][vc_column parallax=&#8220;content-moving&#8220; parallax_image=&#8220;11256&#8243; parallax_speed_bg=&#8220;3&#8243; css=&#8220;.vc_custom_1687434367654{padding: 100px !important;}&#8220;][vc_custom_heading text=&#8220;STRANDERWEITERUNGEN PRIVATE SAFARIS&#8220; font_container=&#8220;tag:h1|font_size:32|text_align:center|color:%23ffffff&#8220; google_fonts=&#8220;font_family:Roboto%3A100%2C100italic%2C300%2C300italic%2Cregular%2Citalic%2C500%2C500italic%2C700%2C700italic%2C900%2C900italic|font_style:400%20regular%3A400%3Anormal&#8220;][vc_separator color=&#8220;custom&#8220; border_width=&#8220;2&#8243; el_width=&#8220;50&#8243; accent_color=&#8220;#f8f8f8&#8243;][\/vc_column][\/vc_row][vc_row][vc_column css=&#8220;.vc_custom_1687434474441{padding: 10px !important;}&#8220;][vc_empty_space height=&#8220;20px&#8220;][vc_headings style=&#8220;theme3&#8243; linewidth=&#8220;100&#8243; borderclr=&#8220;#9b1815&#8243; title=&#8220;STRANDERWEITERUNGEN&#8220; google_fonts=&#8220;font_family:Roboto%3A100%2C100italic%2C300%2C300italic%2Cregular%2Citalic%2C500%2C500italic%2C700%2C700italic%2C900%2C900italic|font_style:400%20regular%3A400%3Anormal&#8220; transform=&#8220;uppercase&#8220; titleclr=&#8220;#9b1815&#8243;][\/vc_headings][\/vc_column][\/vc_row][vc_row][vc_column css=&#8220;.vc_custom_1687434474441{padding: 10px !important;}&#8220;][vc_custom_heading text=&#8220;Mit den unglaublich abenteuerlichen Tiererlebnissen, die unsere Safari-Pakete bieten, m\u00f6chten wir Ihre Safari zusammenfassen, indem wir die weiten wei\u00dfen Sandstr\u00e4nde, das pr\u00e4stine Wasser [&hellip;]<\/p>\n","protected":false},"author":4,"featured_media":0,"parent":27919,"menu_order":3,"comment_status":"closed","ping_status":"closed","template":"page-blank.php","meta":{"_themeisle_gutenberg_block_has_review":false,"footnotes":""},"class_list":["post-33938","page","type-page","status-publish","hentry"],"_links":{"self":[{"href":"https:\/\/mufasatoursandtravels.com\/de\/wp-json\/wp\/v2\/pages\/33938","targetHints":{"allow":["GET"]}}],"collection":[{"href":"https:\/\/mufasatoursandtravels.com\/de\/wp-json\/wp\/v2\/pages"}],"about":[{"href":"https:\/\/mufasatoursandtravels.com\/de\/wp-json\/wp\/v2\/types\/page"}],"author":[{"embeddable":true,"href":"https:\/\/mufasatoursandtravels.com\/de\/wp-json\/wp\/v2\/users\/4"}],"replies":[{"embeddable":true,"href":"https:\/\/mufasatoursandtravels.com\/de\/wp-json\/wp\/v2\/comments?post=33938"}],"version-history":[{"count":1,"href":"https:\/\/mufasatoursandtravels.com\/de\/wp-json\/wp\/v2\/pages\/33938\/revisions"}],"predecessor-version":[{"id":33942,"href":"https:\/\/mufasatoursandtravels.com\/de\/wp-json\/wp\/v2\/pages\/33938\/revisions\/33942"}],"up":[{"embeddable":true,"href":"https:\/\/mufasatoursandtravels.com\/de\/wp-json\/wp\/v2\/pages\/27919"}],"wp:attachment":[{"href":"https:\/\/mufasatoursandtravels.com\/de\/wp-json\/wp\/v2\/media?parent=33938"}],"curies":[{"name":"wp","href":"https:\/\/api.w.org\/{rel}","templated":true}]}}