{"id":33959,"date":"2021-11-27T08:50:49","date_gmt":"2021-11-27T05:50:49","guid":{"rendered":"https:\/\/mufasatoursandtravels.com\/flugziele\/amboseli-nationalpark\/"},"modified":"2025-04-30T16:00:18","modified_gmt":"2025-04-30T13:00:18","slug":"amboseli-nationalpark","status":"publish","type":"page","link":"https:\/\/mufasatoursandtravels.com\/de\/flugziele\/amboseli-nationalpark\/","title":{"rendered":"Amboseli Nationalpark"},"content":{"rendered":"[vc_row css=&#8220;.vc_custom_1687877079683{background: rgba(0,0,0,0.47) url(https:\/\/mufasatoursandtravels.com\/wp-content\/uploads\/2022\/02\/destinations-amboseli1-boost.jpg?id=3983) !important;background-position: center !important;background-repeat: no-repeat !important;background-size: cover !important;*background-color: rgb(0,0,0) !important;}&#8220;][vc_column css=&#8220;.vc_custom_1687869367906{padding-top: 30px !important;padding-right: 50px !important;padding-bottom: 30px !important;padding-left: 50px !important;background-color: rgba(0,0,0,0.57) !important;*background-color: rgb(0,0,0) !important;}&#8220;][vc_custom_heading text=&#8220;Amboseli Nationalpark&#8220; font_container=&#8220;tag:h1|font_size:28|text_align:center|color:%23ffffff&#8220; use_theme_fonts=&#8220;yes&#8220; el_class=&#8220;custom-opacity-text&#8220; css=&#8220;.vc_custom_1687876617607{margin-top: 30px !important;}&#8220;][vc_empty_space][vc_btn title=&#8220;Entdecken Sie mit uns&#8220; style=&#8220;outline&#8220; shape=&#8220;round&#8220; align=&#8220;center&#8220; link=&#8220;url:https%3A%2F%2Fmufasatoursandtravels.com%2Fde%2Fangebot-anfordern%2F|&#8220;][\/vc_column][\/vc_row][vc_row][vc_column css=&#8220;.vc_custom_1675673043250{border-top-width: 10px !important;border-right-width: 10px !important;border-bottom-width: 10px !important;border-left-width: 10px !important;}&#8220;][vc_tta_tabs shape=&#8220;square&#8220; color=&#8220;juicy-pink&#8220; alignment=&#8220;center&#8220; active_section=&#8220;1&#8243; no_fill_content_area=&#8220;true&#8220;][vc_tta_section title=&#8220;\u00dcber&#8220; tab_id=&#8220;1636302233132-39a30584-a642&#8243;][info_list_father listclr=&#8220;#f8f8f8&#8243;][info_list_son style=&#8220;icon&#8220; size=&#8220;20&#8243; width=&#8220;25&#8243; height=&#8220;25&#8243; titleclr=&#8220;#800000&#8243; icon=&#8220;fas fa-question-circle&#8220; title=&#8220;Amboseli Nationalpark&#8220;]\n<div>\n<div>Der Amboseli-Nationalpark ist eines der beliebtesten Reiseziele in <a href=\"https:\/\/mufasatoursandtravels.com\/kenya-flying-safaris-2\/kenya-flying-safaris-long-stay\/\">Kenia<\/a> und bekannt f\u00fcr seine atemberaubenden Landschaften, seine reiche Tierwelt und seine einzigartigen kulturellen Erlebnisse. Amboseli liegt im Schatten des Kilimandscharo und bietet Besuchern die M\u00f6glichkeit, Elefanten aus n\u00e4chster N\u00e4he zu sehen, zusammen mit anderen ikonischen afrikanischen Tieren wie L\u00f6wen, Giraffen, Zebras und mehr. Der Park bietet auch eine Vielzahl von Aktivit\u00e4ten, darunter Pirschfahrten, gef\u00fchrte Naturwanderungen, Vogelbeobachtung und kulturelle Besuche in lokalen Massai-D\u00f6rfern. Mit komfortablen Unterkunftsm\u00f6glichkeiten und einer Reihe von Reiseveranstaltern ist Amboseli das perfekte Ziel f\u00fcr ein unvergessliches afrikanisches Safari-Abenteuer.   <\/div>\n<\/div>\n[\/info_list_son][info_list_son style=&#8220;icon&#8220; size=&#8220;20&#8243; width=&#8220;25&#8243; height=&#8220;25&#8243; titleclr=&#8220;#800000&#8243; icon=&#8220;fas fa-binoculars&#8220; title=&#8220;Lage und Geographie des Amboseli Nationalparks&#8220;]Der Park ist ber\u00fchmt daf\u00fcr, der beste Ort der Welt zu sein, um freilebenden Elefanten nahe zu kommen. Zu den weiteren Attraktionen des Parks geh\u00f6ren die M\u00f6glichkeit, Massai zu treffen und ein Massai-Dorf zu besuchen. Der Park bietet auch einen Blick auf den Kilimandscharo, den h\u00f6chsten freistehenden Berg der Welt.  <\/p>\n<p>Au\u00dferdem bietet es einige der besten M\u00f6glichkeiten, afrikanische Wildtiere zu beobachten, da die Vegetation aufgrund der langen, trockenen Monate sp\u00e4rlich ist. Das Schutzgebiet ist die Heimat von afrikanischen Buschelefanten, Kapb\u00fcffeln, Impalas, L\u00f6wen, Geparden, T\u00fcpfelhy\u00e4nen, Massai-Giraffen, Grant-Zebras und blauen Gnus. Es kommen auch eine Vielzahl von gro\u00dfen und kleinen V\u00f6geln vor. Der Park hat mehrere Regeln zum Schutz der Tierwelt: Verlassen Sie niemals das Fahrzeug, au\u00dfer an den daf\u00fcr vorgesehenen Stellen; Bel\u00e4stigen Sie die Tiere in keiner Weise; Halten Sie sich immer an die Spuren; kein Fahren im Gel\u00e4nde; und den Tieren immer Vorfahrt lassen.  [\/info_list_son][info_list_son style=&#8220;icon&#8220; size=&#8220;20&#8243; width=&#8220;25&#8243; height=&#8220;25&#8243; titleclr=&#8220;#800000&#8243; icon=&#8220;fas fa-blind&#8220; title=&#8220;Aktivit\u00e4ten und Attraktionen im Amboseli Nationalpark&#8220;]\n<ul>\n<li class=\"code-line\" dir=\"auto\" data-line=\"27\"><strong>Tierbeobachtung:<\/strong> Amboseli ist die Heimat einer Vielzahl von Wildtieren, aber besonders ber\u00fchmt f\u00fcr seine gro\u00dfen Elefantenherden. Besucher k\u00f6nnen Pirschfahrten oder gef\u00fchrte Wanderungen unternehmen, um Elefanten, L\u00f6wen, Geparden, Zebras, Giraffen und mehr in ihrem nat\u00fcrlichen Lebensraum zu beobachten. <\/li>\n<li class=\"code-line\" dir=\"auto\" data-line=\"28\"><strong>Vogelbeobachtung:<\/strong> \u00dcber 400 Vogelarten wurden in Amboseli registriert, was es zu einem ausgezeichneten Ziel f\u00fcr Vogelbeobachter macht. Zu den h\u00e4ufigen Arten geh\u00f6ren der afrikanische Fischadler, die Gelbkehl-Langkralle und der \u00f6stliche Habicht. <\/li>\n<li class=\"code-line\" dir=\"auto\" data-line=\"29\"><strong>Kulturelle Touren und Besichtigungen:<\/strong> Besucher k\u00f6nnen mehr \u00fcber die Kultur und Traditionen der Massai erfahren, indem sie die nahe gelegenen D\u00f6rfer besuchen, Gemeindeprojekte besuchen und Naturschutzbem\u00fchungen in der Region durchf\u00fchren. Diese Touren geben Einblicke in die lokale Lebensweise und die Herausforderungen, mit denen Gemeinden in der N\u00e4he von Wildreservaten konfrontiert sind. <\/li>\n<li class=\"code-line\" dir=\"auto\" data-line=\"30\"><strong>Trekking und Wandern:<\/strong> Amboseli liegt am Fu\u00dfe des Kilimandscharo. Besucher k\u00f6nnen zu verschiedenen Aussichtspunkten wandern, um einen atemberaubenden Blick auf den Berg und die umliegenden Ebenen zu genie\u00dfen. Gef\u00fchrte Wanderungen werden auch innerhalb des Parks selbst angeboten.  <\/li>\n<li class=\"code-line\" dir=\"auto\" data-line=\"31\"><strong>Fotografie:<\/strong> Die dramatischen Landschaften und die reiche Tierwelt von Amboseli machen es zu einem ausgezeichneten Reiseziel f\u00fcr Fotografie-Enthusiasten. Besucher k\u00f6nnen atemberaubende Bilder von Elefanten vor der Kulisse des Kilimandscharo aufnehmen oder Nahaufnahmen von V\u00f6geln und anderen Wildtieren machen. <\/li>\n<\/ul>\n<p>Besucher von Amboseli k\u00f6nnen unter anderem auch Sundowner und Buschdinner, n\u00e4chtliche Pirschfahrten und Hei\u00dfluftballon-Safaris genie\u00dfen. Diese bieten einzigartige M\u00f6glichkeiten, den Park anders zu erleben und die Tierwelt aus verschiedenen Perspektiven zu sehen. [\/info_list_son][info_list_son style=&#8220;icon&#8220; size=&#8220;20&#8243; width=&#8220;25&#8243; height=&#8220;25&#8243; titleclr=&#8220;#800000&#8243; icon=&#8220;fas fa-paw&#8220; title=&#8220;Tierwelt Amboseli Nationalpark&#8220;]Der Park ist bekannt f\u00fcr seine reiche Vielfalt an Wildtieren, darunter gro\u00dfe Herden von Elefanten, L\u00f6wen, Giraffen, Zebras und anderen Tieren. Der Park ist besonders ber\u00fchmt f\u00fcr seine majest\u00e4tischen Elefanten, die zu den gr\u00f6\u00dften Afrikas geh\u00f6ren. Amboseli ist einer der wenigen Orte auf der Welt, an dem Sie diese sanften Riesen in ihrem nat\u00fcrlichen Lebensraum hautnah erleben k\u00f6nnen. Neben den Elefanten ist Amboseli auch die Heimat einer Vielzahl anderer Tiere, darunter L\u00f6wen, Leoparden, Geparden, Hy\u00e4nen, Gazellen, Gnus, B\u00fcffel und viele mehr. Der Park ist ein Paradies f\u00fcr Tierliebhaber und Fotografen und bietet viele M\u00f6glichkeiten, unvergessliche Momente der Tierwelt zu beobachten und festzuhalten. Amboseli ist nicht nur ein Paradies f\u00fcr Wildtiere, sondern auch ein wichtiges Elefantenschutzgebiet, in dem sich st\u00e4ndig darum bem\u00fcht wird, diese gro\u00dfartigen Tiere zu sch\u00fctzen und zu erhalten. Der Park ist Teil des Amboseli-Tsavo-\u00d6kosystems, einem der bedeutendsten Lebensr\u00e4ume f\u00fcr Elefanten weltweit. Besucher von Amboseli k\u00f6nnen mehr \u00fcber den Schutz der Elefanten und die Bem\u00fchungen des Parks zum Schutz dieser gro\u00dfartigen Tiere erfahren.       [\/info_list_son][info_list_son style=&#8220;icon&#8220; size=&#8220;20&#8243; width=&#8220;25&#8243; height=&#8220;25&#8243; titleclr=&#8220;#800000&#8243; icon=&#8220;fas fa-cloud-moon-rain&#8220; title=&#8220;Beste Reisezeit f\u00fcr den Amboseli Nationalpark&#8220;]Im Amboseli Nationalpark herrscht ein halbtrockenes Klima, was bedeutet, dass die Temperaturen im Allgemeinen das ganze Jahr \u00fcber warm und trocken sind. Es gibt jedoch zwei verschiedene Jahreszeiten: die Trockenzeit und die Regenzeit. Die Trockenzeit dauert von Juni bis Oktober, wobei Juli bis September die Spitzenmonate sind. W\u00e4hrend dieser Zeit sind die Niederschl\u00e4ge minimal und die Temperaturen sind warm, mit k\u00fchlen Abenden. Diese Bedingungen machen es zur besten Zeit f\u00fcr Tierbeobachtungen, da sich die Tiere um die wenigen verbliebenen Wasserquellen im Park versammeln. Die Trockenzeit bietet auch die beste Sicht auf den Kilimandscharo, der in der Regenzeit oft in Wolken geh\u00fcllt ist.     <\/p>\n<p>&nbsp;<\/p>\n<p>Die Regenzeit dauert von November bis Mai, wobei April und Mai die Spitzenmonate sind. In dieser Zeit kann es zu mehr Niederschl\u00e4gen kommen und die Temperaturen k\u00f6nnen hei\u00df und feucht sein. Dies kann die Beobachtung von Wildtieren erschweren, da sich die Tiere auf der Suche nach Wasser im gesamten Park verteilen. Die Regenzeit bringt jedoch \u00fcppige Vegetation und Wildblumen mit sich, die atemberaubende Landschaften und einzigartige Fotomotive schaffen. Die beste Reisezeit f\u00fcr den Amboseli Nationalpark h\u00e4ngt von Ihren Priorit\u00e4ten ab. Die Trockenzeit ist die beste Wahl, wenn Ihr Hauptziel darin besteht, Wildtiere zu sehen. Wenn Sie sich jedoch mehr f\u00fcr die Landschaft interessieren und Ihnen der gelegentliche Regenschauer nichts ausmacht, kann die Regenzeit auch eine gute Zeit f\u00fcr einen Besuch sein.      [\/info_list_son][\/info_list_father][\/vc_tta_section][vc_tta_section title=&#8220;Anfahrt&#8220; tab_id=&#8220;1633455601016-f93699bc-5d92&#8243;][vc_gmaps link=&#8220;#E-8_JTNDaWZyYW1lJTIwc3JjJTNEJTIyaHR0cHMlM0ElMkYlMkZtYXBzLmdvb2dsZS5jb20lMkZtYXBzJTNGcSUzRGFtYm9zZWxpJTI1MjBuYXRpb25hbCUyNTIwcGFyayUyNmFtcCUzQnQlM0RrJTI2YW1wJTNCeiUzRDExJTI2YW1wJTNCaWUlM0RVVEY4JTI2YW1wJTNCaXdsb2MlM0QlMjZhbXAlM0JvdXRwdXQlM0RlbWJlZCUyMiUyMGZyYW1lYm9yZGVyJTNEJTIyMCUyMiUyMHNjcm9sbGluZyUzRCUyMm5vJTIyJTIwd2lkdGglM0QlMjI2MDAlMjIlMjBoZWlnaHQlM0QlMjI0NTAlMjIlMjBzdHlsZSUzRCUyMmJvcmRlciUzQTAlMjIlMjBhbGxvd2Z1bGxzY3JlZW4lM0QlMjIlMjIlM0UlM0MlMkZpZnJhbWUlM0U=&#8220;][\/vc_tta_section][vc_tta_section title=&#8220;Unterkunft&#8220; tab_id=&#8220;1741858764748-3414be80-043c&#8220;][vc_row_inner][vc_column_inner width=&#8220;1\/2&#8243;][vc_images_carousel images=&#8220;35088&#8243; onclick=&#8220;custom_link&#8220; custom_links_target=&#8220;_blank&#8220; custom_links=&#8220;#E-8_aHR0cHMlM0ElMkYlMkZvbHR1a2FpbG9kZ2UuY29tJTJG&#8220;][\/vc_column_inner][vc_column_inner width=&#8220;1\/2&#8243;][vc_headings style=&#8220;theme3&#8243; linewidth=&#8220;100&#8243; borderclr=&#8220;#890000&#8243; title=&#8220;Angama Amboseli&#8220; align=&#8220;left&#8220; google_fonts=&#8220;font_family:Roboto%3A100%2C100italic%2C300%2C300italic%2Cregular%2Citalic%2C500%2C500italic%2C700%2C700italic%2C900%2C900italic&#8220; titleclr=&#8220;#000000&#8243;][\/vc_headings][vc_column_text el_class=&#8220;card&#8220;]Bekannt f\u00fcr seine \u00fcppige Landschaft und die bemerkenswerte Dichte an Wildtieren &#8211; zusammen mit seiner ber\u00fchmten Kulisse, dem Kilimandscharo, dem h\u00f6chsten Gipfel Afrikas. Eingebettet in einen Fever Tree Forest, in dem einige der letzten Super Tuskers Afrikas umherstreifen &#8211; Elefanten mit Sto\u00dfz\u00e4hnen, die so gro\u00df sind, dass sie beim Gehen \u00fcber den Boden schleifen &#8211; ist <a href=\"https:\/\/angama.com\/\" rel=\"nofollow noopener\" target=\"_blank\">Angama Amboseli<\/a> ein sanfter Start oder Abschluss jeder ostafrikanischen Safari.[\/vc_column_text][\/vc_column_inner][\/vc_row_inner][vc_row_inner][vc_column_inner width=&#8220;1\/2&#8243;][vc_images_carousel images=&#8220;29444,29450,29456&#8243; onclick=&#8220;custom_link&#8220; custom_links_target=&#8220;_blank&#8220; custom_links=&#8220;#E-8_aHR0cHMlM0ElMkYlMkZ3d3cuZWxld2FuYWNvbGxlY3Rpb24uY29tJTJGdG9ydGlsaXMtY2FtcC1hbWJvc2VsaSUyRmF0LWEtZ2xhbmNl&#8220;][\/vc_column_inner][vc_column_inner width=&#8220;1\/2&#8243;][vc_headings style=&#8220;theme3&#8243; linewidth=&#8220;100&#8243; borderclr=&#8220;#890000&#8243; title=&#8220;Elewana Tortilis Camp&#8220; align=&#8220;left&#8220; google_fonts=&#8220;font_family:Roboto%3A100%2C100italic%2C300%2C300italic%2Cregular%2Citalic%2C500%2C500italic%2C700%2C700italic%2C900%2C900italic&#8220; titleclr=&#8220;#000000&#8243;][\/vc_headings][vc_column_text el_class=&#8220;card&#8220;]<a href=\"https:\/\/www.elewanacollection.com\/tortilis-camp-amboseli\/at-a-glance\" rel=\"nofollow noopener\" target=\"_blank\">Tortilis Lager<\/a> In einem privaten Naturschutzgebiet am Rande des Nationalparks finden Pirschfahrten, Wanderungen, Sundowner und Buschmahlzeiten sowohl innerhalb des Nationalparks als auch im Naturschutzgebiet statt, wo die G\u00e4ste Exklusivit\u00e4t genie\u00dfen. Die Zelte sind alle ger\u00e4umig, verf\u00fcgen \u00fcber Kingsize-Betten oder zwei Einzelbetten und ein elegantes Bad. Es gibt eine Hauptlounge, eine Bar und einen Essbereich, die alle exquisit mit nat\u00fcrlichen Materialien und Strohd\u00e4chern gebaut sind. Das Privathaus und das Familienzelt befinden sich etwas getrennt vom Hauptcamp auf dem H\u00fcgel, wo sie sich einen Pool teilen.[\/vc_column_text][\/vc_column_inner][\/vc_row_inner][vc_row_inner][vc_column_inner width=&#8220;1\/2&#8243;][vc_images_carousel images=&#8220;29364,29370,29376&#8243; onclick=&#8220;custom_link&#8220; custom_links_target=&#8220;_blank&#8220; custom_links=&#8220;#E-8_aHR0cHMlM0ElMkYlMkZraWJvc2FmYXJpY2FtcC5jb20lMkY=&#8220;][\/vc_column_inner][vc_column_inner width=&#8220;1\/2&#8243;][vc_headings style=&#8220;theme3&#8243; linewidth=&#8220;100&#8243; borderclr=&#8220;#890000&#8243; title=&#8220;Kibo Safari Camp&#8220; align=&#8220;left&#8220; google_fonts=&#8220;font_family:Roboto%3A100%2C100italic%2C300%2C300italic%2Cregular%2Citalic%2C500%2C500italic%2C700%2C700italic%2C900%2C900italic&#8220; titleclr=&#8220;#000000&#8243;][\/vc_headings][vc_column_text el_class=&#8220;card&#8220;]<a href=\"https:\/\/kibosafaricamp.com\/\" rel=\"nofollow noopener\" target=\"_blank\">Das Kibo Safari Camp<\/a> verf\u00fcgt \u00fcber 73 eigenst\u00e4ndige Zelte f\u00fcr Einzel-, Doppel-, Dreibett- und Familienunterk\u00fcnfte. Die Betten wurden nach Ma\u00df entworfen und vor Ort aus Buschst\u00e4mmen hergestellt und sorgen f\u00fcr einen erholsamen Schlaf! Alle Zelte verf\u00fcgen \u00fcber Sp\u00fcltoiletten, Duschen und Waschbecken. Sie k\u00f6nnen Ihre Dusche genie\u00dfen, wie Sie m\u00f6chten: sprudelnd hei\u00df oder erfrischend kalt. F\u00fcr die Dauer Ihres Aufenthalts im afrikanischen Busch wird das <a href=\"https:\/\/kibosafaricamp.com\/\" rel=\"nofollow noopener\" target=\"_blank\">Kibo Safari Camp<\/a> Ihr zweites Zuhause sein![\/vc_column_text][\/vc_column_inner][\/vc_row_inner][vc_row_inner][vc_column_inner width=&#8220;1\/2&#8243;][vc_images_carousel images=&#8220;35100&#8243; onclick=&#8220;custom_link&#8220; custom_links_target=&#8220;_blank&#8220; custom_links=&#8220;#E-8_aHR0cHMlM0ElMkYlMkZ3d3cuc2VyZW5haG90ZWxzLmNvbSUyRmFtYm9zZWxpJTNGc3JzbHRpZCUzREFmbUJPb3FPU2VEVVY1bDVaWWxWNmxha293cTlIQnR0djAwOEtqQmdlZlg0TDltUzZBV1ltaDFo&#8220;][\/vc_column_inner][vc_column_inner width=&#8220;1\/2&#8243;][vc_headings style=&#8220;theme3&#8243; linewidth=&#8220;100&#8243; borderclr=&#8220;#890000&#8243; title=&#8220;Amboseli Sopa Lodge&#8220; align=&#8220;left&#8220; google_fonts=&#8220;font_family:Roboto%3A100%2C100italic%2C300%2C300italic%2Cregular%2Citalic%2C500%2C500italic%2C700%2C700italic%2C900%2C900italic&#8220; titleclr=&#8220;#000000&#8243; caption_url=&#8220;&#8220; caption_urls=&#8220;&#8220; caption_urlss=&#8220;&#8220; caption_urldesc=&#8220;&#8220;][\/vc_headings][vc_column_text el_class=&#8220;card&#8220;]<a href=\"https:\/\/www.sopalodges.com\/amboseli-sopa-lodge\/the-lodge\" rel=\"nofollow noopener\" target=\"_blank\">Die Amboseli Sopa<\/a> Lodge liegt in den Ausl\u00e4ufern des Kilimandscharo. Es war diese Region Kenias, die in den 1930er Jahren Ernest Hemingway zu seinen unvergesslichen Geschichten &#8222;Der Schnee des Kilimandscharo&#8220; und &#8222;Das kurze, gl\u00fcckliche Leben des Francis Macomber&#8220; inspirierte, die in den sp\u00e4ten 1940er Jahren aufgrund ihrer ber\u00fchmten Schauspieler zu mehr als erfolgreichen Spielfilmen wurden[\/vc_column_text][\/vc_column_inner][\/vc_row_inner][vc_row_inner][vc_column_inner width=&#8220;1\/2&#8243;][vc_images_carousel images=&#8220;29405,29411,29417&#8243; onclick=&#8220;custom_link&#8220; custom_links_target=&#8220;_blank&#8220; custom_links=&#8220;#E-8_aHR0cHMlM0ElMkYlMkZ3d3cuYW1ib3NlbGkuY29tJTJGYWNjb21tb2RhdGlvbiUyRnNlbnRyaW0tYW1ib3NlbGk=&#8220;][\/vc_column_inner][vc_column_inner width=&#8220;1\/2&#8243;][vc_headings style=&#8220;theme3&#8243; linewidth=&#8220;100&#8243; borderclr=&#8220;#890000&#8243; title=&#8220;Sentrim Amboseli Lodge&#8220; align=&#8220;left&#8220; google_fonts=&#8220;font_family:Roboto%3A100%2C100italic%2C300%2C300italic%2Cregular%2Citalic%2C500%2C500italic%2C700%2C700italic%2C900%2C900italic&#8220; titleclr=&#8220;#000000&#8243;][\/vc_headings][vc_column_text el_class=&#8220;card&#8220;]Die Amboseli Sentrim Lodge ist eine luxuri\u00f6se Zelt-Lodge mit 60 modernen Zelten mit privatem Blick auf den Kilimandscharo und modernstem Luxus-Camping mit weichen Betten, einem eigenen Badezimmer mit dampfend hei\u00dfer Dusche, einem Waschbecken und Sp\u00fcltoiletten. Im Zelt bietet die Lodge eine Kaffee- und Teezubereitungsm\u00f6glichkeit, einen K\u00fchlschrank, einen Ventilator, einen Haartrockner und elektronische Safes.[\/vc_column_text][\/vc_column_inner][\/vc_row_inner][\/vc_tta_section][\/vc_tta_tabs][\/vc_column][\/vc_row]\n","protected":false},"excerpt":{"rendered":"<p>[vc_row css=&#8220;.vc_custom_1687877079683{background: rgba(0,0,0,0.47) url(https:\/\/mufasatoursandtravels.com\/wp-content\/uploads\/2022\/02\/destinations-amboseli1-boost.jpg?id=3983) !important;background-position: center !important;background-repeat: no-repeat !important;background-size: cover !important;*background-color: rgb(0,0,0) !important;}&#8220;][vc_column css=&#8220;.vc_custom_1687869367906{padding-top: 30px !important;padding-right: 50px !important;padding-bottom: 30px !important;padding-left: 50px !important;background-color: rgba(0,0,0,0.57) !important;*background-color: rgb(0,0,0) !important;}&#8220;][vc_custom_heading text=&#8220;Amboseli Nationalpark&#8220; font_container=&#8220;tag:h1|font_size:28|text_align:center|color:%23ffffff&#8220; use_theme_fonts=&#8220;yes&#8220; el_class=&#8220;custom-opacity-text&#8220; css=&#8220;.vc_custom_1687876617607{margin-top: 30px !important;}&#8220;][vc_empty_space][vc_btn title=&#8220;Entdecken Sie mit uns&#8220; style=&#8220;outline&#8220; shape=&#8220;round&#8220; align=&#8220;center&#8220; link=&#8220;url:https%3A%2F%2Fmufasatoursandtravels.com%2Fde%2Fangebot-anfordern%2F|&#8220;][\/vc_column][\/vc_row][vc_row][vc_column css=&#8220;.vc_custom_1675673043250{border-top-width: 10px !important;border-right-width: 10px !important;border-bottom-width: 10px !important;border-left-width: 10px !important;}&#8220;][vc_tta_tabs shape=&#8220;square&#8220; color=&#8220;juicy-pink&#8220; alignment=&#8220;center&#8220; active_section=&#8220;1&#8243; [&hellip;]<\/p>\n","protected":false},"author":3,"featured_media":0,"parent":27929,"menu_order":2,"comment_status":"closed","ping_status":"closed","template":"","meta":{"_themeisle_gutenberg_block_has_review":false,"footnotes":""},"class_list":["post-33959","page","type-page","status-publish","hentry"],"_links":{"self":[{"href":"https:\/\/mufasatoursandtravels.com\/de\/wp-json\/wp\/v2\/pages\/33959","targetHints":{"allow":["GET"]}}],"collection":[{"href":"https:\/\/mufasatoursandtravels.com\/de\/wp-json\/wp\/v2\/pages"}],"about":[{"href":"https:\/\/mufasatoursandtravels.com\/de\/wp-json\/wp\/v2\/types\/page"}],"author":[{"embeddable":true,"href":"https:\/\/mufasatoursandtravels.com\/de\/wp-json\/wp\/v2\/users\/3"}],"replies":[{"embeddable":true,"href":"https:\/\/mufasatoursandtravels.com\/de\/wp-json\/wp\/v2\/comments?post=33959"}],"version-history":[{"count":5,"href":"https:\/\/mufasatoursandtravels.com\/de\/wp-json\/wp\/v2\/pages\/33959\/revisions"}],"predecessor-version":[{"id":35896,"href":"https:\/\/mufasatoursandtravels.com\/de\/wp-json\/wp\/v2\/pages\/33959\/revisions\/35896"}],"up":[{"embeddable":true,"href":"https:\/\/mufasatoursandtravels.com\/de\/wp-json\/wp\/v2\/pages\/27929"}],"wp:attachment":[{"href":"https:\/\/mufasatoursandtravels.com\/de\/wp-json\/wp\/v2\/media?parent=33959"}],"curies":[{"name":"wp","href":"https:\/\/api.w.org\/{rel}","templated":true}]}}