{"id":33960,"date":"2021-11-07T15:42:58","date_gmt":"2021-11-07T12:42:58","guid":{"rendered":"https:\/\/mufasatoursandtravels.com\/flugziele\/nairobi-nationalpark\/"},"modified":"2025-04-10T16:57:32","modified_gmt":"2025-04-10T13:57:32","slug":"nairobi-nationalpark","status":"publish","type":"page","link":"https:\/\/mufasatoursandtravels.com\/de\/flugziele\/nairobi-nationalpark\/","title":{"rendered":"Nairobi Nationalpark"},"content":{"rendered":"[vc_row css=&#8220;.vc_custom_1687880254044{background: rgba(0,0,0,0.47) url(https:\/\/mufasatoursandtravels.com\/wp-content\/uploads\/2022\/01\/Nairobi-National-Park-700&#215;450-1.jpg?id=3076) !important;background-position: center !important;background-repeat: no-repeat !important;background-size: cover !important;*background-color: rgb(0,0,0) !important;}&#8220;][vc_column css=&#8220;.vc_custom_1687869367906{padding-top: 30px !important;padding-right: 50px !important;padding-bottom: 30px !important;padding-left: 50px !important;background-color: rgba(0,0,0,0.57) !important;*background-color: rgb(0,0,0) !important;}&#8220;][vc_custom_heading text=&#8220;Nairobi Nationalpark&#8220; font_container=&#8220;tag:h1|font_size:28|text_align:center|color:%23ffffff&#8220; use_theme_fonts=&#8220;yes&#8220; el_class=&#8220;custom-opacity-text&#8220; css=&#8220;.vc_custom_1687880065474{margin-top: 30px !important;}&#8220;][vc_empty_space][vc_btn title=&#8220;Entdecken Sie mit uns&#8220; style=&#8220;outline&#8220; shape=&#8220;round&#8220; align=&#8220;center&#8220; link=&#8220;url:https%3A%2F%2Fmufasatoursandtravels.com%2Fde%2Fangebot-anfordern%2F|&#8220;][\/vc_column][\/vc_row][vc_row][vc_column css=&#8220;.vc_custom_1679042664462{border-top-width: 10px !important;}&#8220;][vc_tta_tabs shape=&#8220;square&#8220; color=&#8220;juicy-pink&#8220; alignment=&#8220;center&#8220; active_section=&#8220;1&#8243; no_fill_content_area=&#8220;true&#8220;][vc_tta_section title=&#8220;\u00dcber&#8220; tab_id=&#8220;1636302233132-39a30584-a642&#8243;][info_list_father][info_list_son style=&#8220;icon&#8220; size=&#8220;20&#8243; width=&#8220;25&#8243; height=&#8220;25&#8243; titleclr=&#8220;#800000&#8243; icon=&#8220;fas fa-question-circle&#8220; title=&#8220;Nairobi Nationalpark, Safari Spaziergang, Pakete, Pirschfahrt, Lage, Hotels&#8220;][\/info_list_son][info_list_son style=&#8220;icon&#8220; size=&#8220;20&#8243; width=&#8220;25&#8243; height=&#8220;25&#8243; titleclr=&#8220;#800000&#8243; icon=&#8220;fas fa-question-circle&#8220; title=&#8220;Nairobi Nationalpark&#8220;]<span class=\"TextRun SCXW41475783 BCX9\" data-contrast=\"auto\" lang=\"EN-US\" xml:lang=\"EN-US\"><span class=\"NormalTextRun SCXW41475783 BCX9\">Der Nairobi-Nationalpark ist ein verstecktes Juwel, das ein unglaubliches Tiererlebnis bietet, nur wenige Schritte von der modernen Zivilisation entfernt. Es liegt versteckt am Rande von Kenias bl\u00fchender Hauptstadt. Dieser herrliche Nationalpark, der vielen Tierarten ein Refugium bietet und als Paradies f\u00fcr Natur- und Tierliebhaber gleicherma\u00dfen dient, verf\u00fcgt \u00fcber eine bemerkenswerte Vielfalt an Flora und Fauna. Entdecken Sie die Freuden, die Sie erwarten, wenn Sie sich mit Mufasa Tours auf eine aufregende Reise begeben und durch die ungez\u00e4hmte Wildnis des <a href=\"https:\/\/en.wikipedia.org\/wiki\/Nairobi_National_Park\" target=\"_blank\" rel=\"noopener nofollow\">Nairobi-Nationalparks<\/a> reisen.   <\/span><\/span><span class=\"EOP SCXW41475783 BCX9\" data-ccp-props=\"{\"201341983\":0,\"335559739\":160,\"335559740\":259}\">&nbsp;<\/span><\/p>\n<p>&nbsp;[\/info_list_son][info_list_son style=&#8220;icon&#8220; size=&#8220;20&#8243; width=&#8220;25&#8243; height=&#8220;25&#8243; titleclr=&#8220;#800000&#8243; icon=&#8220;fas fa-location-arrow&#8220; title=&#8220;Nairobi Nationalpark Lage&#8220;]<span class=\"TextRun SCXW221153073 BCX9\" xml:lang=\"EN-US\" data-contrast=\"none\" lang=\"EN-US\"><span class=\"NormalTextRun SCXW221153073 BCX9\" data-ccp-parastyle=\"heading 2\"><span class=\"TextRun SCXW91673634 BCX9\" xml:lang=\"EN-US\" data-contrast=\"auto\" lang=\"EN-US\"><span class=\"NormalTextRun SCXW91673634 BCX9\">Nur 7 Kilometer s\u00fcdlich des Stadtzentrums von Nairobi gelegen, ist der Nairobi-Nationalpark ein Zeugnis f\u00fcr das harmonische Zusammenleben von Stadt- und Naturlandschaften. Er erstreckt sich \u00fcber eine Fl\u00e4che von ca.   <\/span><span class=\"NormalTextRun AdvancedProofingIssueV2Themed SCXW91673634 BCX9\">117 Quadratkilometer<\/span><span class=\"NormalTextRun SCXW91673634 BCX9\">beherbergt der Park eine faszinierende Vielfalt an Wildtieren, darunter L\u00f6wen, Geparden, Leoparden, Giraffen, Zebras und eine Vielzahl von Vogelarten. Diese au\u00dfergew\u00f6hnliche N\u00e4he der Tierwelt zum Stadtbild macht den Nairobi-Nationalpark zu einem einzigartigen und unverzichtbaren Reiseziel f\u00fcr Reisende, die ein bemerkenswertes Safari-Erlebnis suchen, ohne sich zu weit zu wagen. <\/span><\/span><span class=\"EOP SCXW91673634 BCX9\" data-ccp-props=\"{\"201341983\":0,\"335559739\":160,\"335559740\":259}\">&nbsp;<\/span><\/span><\/span><\/p>\n<p>&nbsp;[\/info_list_son][info_list_son style=&#8220;icon&#8220; size=&#8220;20&#8243; width=&#8220;25&#8243; height=&#8220;25&#8243; titleclr=&#8220;#800000&#8243; icon=&#8220;fas fa-car&#8220; title=&#8220;Nairobi Nationalpark Safari Wanderung&#8220;]<span data-contrast=\"auto\">F\u00fcr diejenigen, die ein intimeres Naturerlebnis suchen, bietet der Nairobi-Nationalpark auch einen <a href=\"https:\/\/mufasatoursandtravels.com\/de\/kenia-safari-mit-dem-auto\/kurzaufenthalt-safaris\/nairobi-stadtrundfahrt-paket\/\">Safari-Spaziergang<\/a> an. Dieser von erfahrenen F\u00fchrern gef\u00fchrte Rundgang erm\u00f6glicht es Ihnen, den Park zu Fu\u00df zu erkunden und in die Sehensw\u00fcrdigkeiten, Kl\u00e4nge und D\u00fcfte der Wildnis einzutauchen. Der <a href=\"https:\/\/mufasatoursandtravels.com\/safari-tours\/\">Safari-Spaziergang<\/a> bietet eine einzigartige Gelegenheit, das \u00d6kosystem, die Flora und Fauna des Parks aus n\u00e4chster N\u00e4he kennenzulernen und dabei die frische Luft und Ruhe der Umgebung zu genie\u00dfen.  <\/span><span data-ccp-props=\"{\"201341983\":0,\"335559739\":160,\"335559740\":259}\">&nbsp;<\/span><\/p>\n<p>&nbsp;<\/p>\n<p><img loading=\"lazy\" decoding=\"async\" class=\"alignnone wp-image-7042 size-large\" src=\"https:\/\/mufasatoursandtravels.com\/wp-content\/uploads\/2022\/03\/nairobi-national-park-pre-image-1024x472.jpg\" alt=\"Nairobi Nationalpark\" width=\"1024\" height=\"472\" srcset=\"https:\/\/mufasatoursandtravels.com\/wp-content\/uploads\/2022\/03\/nairobi-national-park-pre-image-1024x472.jpg 1024w, https:\/\/mufasatoursandtravels.com\/wp-content\/uploads\/2022\/03\/nairobi-national-park-pre-image-300x138.jpg 300w, https:\/\/mufasatoursandtravels.com\/wp-content\/uploads\/2022\/03\/nairobi-national-park-pre-image-768x354.jpg 768w, https:\/\/mufasatoursandtravels.com\/wp-content\/uploads\/2022\/03\/nairobi-national-park-pre-image-18x8.jpg 18w, https:\/\/mufasatoursandtravels.com\/wp-content\/uploads\/2022\/03\/nairobi-national-park-pre-image-24x11.jpg 24w, https:\/\/mufasatoursandtravels.com\/wp-content\/uploads\/2022\/03\/nairobi-national-park-pre-image-36x17.jpg 36w, https:\/\/mufasatoursandtravels.com\/wp-content\/uploads\/2022\/03\/nairobi-national-park-pre-image-48x22.jpg 48w, https:\/\/mufasatoursandtravels.com\/wp-content\/uploads\/2022\/03\/nairobi-national-park-pre-image-600x277.jpg 600w, https:\/\/mufasatoursandtravels.com\/wp-content\/uploads\/2022\/03\/nairobi-national-park-pre-image.jpg 1492w\" sizes=\"auto, (max-width: 1024px) 100vw, 1024px\" \/><\/p>\n<p>&nbsp;<\/p>\n<p>&nbsp;<\/p>\n<p>&nbsp;[\/info_list_son][info_list_son style=&#8220;icon&#8220; size=&#8220;20&#8243; width=&#8220;25&#8243; height=&#8220;25&#8243; titleclr=&#8220;#800000&#8243; icon=&#8220;fas fa-dollar-sign&#8220; title=&#8220;Geb\u00fchren f\u00fcr den Nairobi-Nationalpark&#8220;]<span data-contrast=\"auto\">Die Geb\u00fchren f\u00fcr den Nairobi-Nationalpark sind so konzipiert, dass sie sowohl f\u00fcr lokale als auch f\u00fcr internationale Besucher erschwinglich und zug\u00e4nglich sind. Der Park bietet verschiedene Touroptionen f\u00fcr unterschiedliche Vorlieben und Budgets an, um ein unvergessliches Erlebnis f\u00fcr alle zu gew\u00e4hrleisten. Egal, ob Sie eine halbt\u00e4gige Tour oder eine ganzt\u00e4gige Erkundung bevorzugen, <a href=\"https:\/\/mufasatoursandtravels.com\/de\/\">Mufasa Tours and Travels bietet umfassende Pakete<\/a> , die auf Ihre Bed\u00fcrfnisse zugeschnitten sind.  <\/span><span data-ccp-props=\"{\"201341983\":0,\"335559739\":160,\"335559740\":259}\">&nbsp;<\/span><\/p>\n<p><span data-contrast=\"auto\">F\u00fcr diejenigen, die nur wenig Zeit haben, bietet die Halbtagestour durch den Nairobi-Nationalpark ein umfassendes Erlebnis, das die Highlights des Parks zeigt. Den Sonnenaufgang oder Sonnenuntergang vor dem Hintergrund des Panoramablicks des Parks zu erleben, ist ein beeindruckender Anblick, der Ihnen noch lange nach Ihrem Besuch in Erinnerung bleiben wird. <\/span><span data-ccp-props=\"{\"201341983\":0,\"335559739\":160,\"335559740\":259}\">&nbsp;<\/span><\/p>\n<p>&nbsp;[\/info_list_son][info_list_son style=&#8220;icon&#8220; size=&#8220;20&#8243; width=&#8220;25&#8243; height=&#8220;25&#8243; titleclr=&#8220;#800000&#8243; icon=&#8220;fas fa-shuttle-van&#8220; title=&#8220;Nairobi Nationalpark Tour Van-Geb\u00fchren&#8220;]<span data-contrast=\"auto\">Die Van-Geb\u00fchren f\u00fcr den Nairobi-Nationalpark sind angemessen und erm\u00f6glichen es Ihnen, den Park bequem zu erkunden, w\u00e4hrend Sie atemberaubende Fotos machen und in die faszinierende Landschaft eintauchen. Mufasa Tours and Travel sorgt f\u00fcr ein komfortables und nahtloses Safari-Erlebnis mit gut ausgestatteten Reisebussen. Diese ger\u00e4umigen Fahrzeuge sind so konzipiert, dass sie eine hervorragende Sicht bieten und es Ihnen erm\u00f6glichen, Wildtiere aus verschiedenen Blickwinkeln zu beobachten und gleichzeitig Ihre Sicherheit und Ihren Komfort w\u00e4hrend der gesamten Fahrt zu gew\u00e4hrleisten. Die von Mufasa Tours and Travel angebotenen Van-Geb\u00fchren f\u00fcr den Nairobi-Nationalpark sind wettbewerbsf\u00e4hig und bieten ein hervorragendes Preis-Leistungs-Verh\u00e4ltnis, sodass Sie sich auf ein unvergessliches Safari-Abenteuer begeben k\u00f6nnen, ohne die Bank zu sprengen.   <\/span><span data-ccp-props=\"{\"201341983\":0,\"335559739\":160,\"335559740\":259}\">&nbsp;<\/span>[\/info_list_son][info_list_son style=&#8220;icon&#8220; size=&#8220;20&#8243; width=&#8220;25&#8243; height=&#8220;25&#8243; titleclr=&#8220;#800000&#8243; icon=&#8220;fas fa-dollar-sign&#8220; title=&#8220;Geb\u00fchren f\u00fcr die Pirschfahrt im Nairobi-Nationalpark&#8220;]<span data-contrast=\"auto\">Wenn Sie Ihren Besuch planen, ist es wichtig, sich \u00fcber die Geb\u00fchren f\u00fcr die Pirschfahrt im Nairobi-Nationalpark im Klaren zu sein. Diese Geb\u00fchren tragen zu den Naturschutzbem\u00fchungen des Parks bei und tragen dazu bei, die Erhaltung seiner Naturwunder zu erhalten. Durch die Zahlung dieser Geb\u00fchren tragen Sie direkt zum Schutz und zur Erhaltung des kenianischen Wildtiererbes bei.  <\/span><span data-ccp-props=\"{\"201341983\":0,\"335559739\":160,\"335559740\":259}\">&nbsp;<\/span><\/p>\n<figure id=\"attachment_10840\" aria-describedby=\"caption-attachment-10840\" style=\"width: 800px\" class=\"wp-caption alignnone\"><img loading=\"lazy\" decoding=\"async\" class=\"wp-image-10840 size-full\" src=\"https:\/\/mufasatoursandtravels.com\/wp-content\/uploads\/2023\/05\/nairobi-national-park.jpg\" alt=\"Nairobi Nationalpark\" width=\"800\" height=\"350\" srcset=\"https:\/\/mufasatoursandtravels.com\/wp-content\/uploads\/2023\/05\/nairobi-national-park.jpg 800w, https:\/\/mufasatoursandtravels.com\/wp-content\/uploads\/2023\/05\/nairobi-national-park-300x131.jpg 300w, https:\/\/mufasatoursandtravels.com\/wp-content\/uploads\/2023\/05\/nairobi-national-park-768x336.jpg 768w, https:\/\/mufasatoursandtravels.com\/wp-content\/uploads\/2023\/05\/nairobi-national-park-24x11.jpg 24w, https:\/\/mufasatoursandtravels.com\/wp-content\/uploads\/2023\/05\/nairobi-national-park-36x16.jpg 36w, https:\/\/mufasatoursandtravels.com\/wp-content\/uploads\/2023\/05\/nairobi-national-park-48x21.jpg 48w\" sizes=\"auto, (max-width: 800px) 100vw, 800px\" \/><figcaption id=\"caption-attachment-10840\" class=\"wp-caption-text\">Nairobi Nationalpark<\/figcaption><\/figure>\n<p>&nbsp;<\/p>\n<p>&nbsp;[\/info_list_son][info_list_son style=&#8220;icon&#8220; size=&#8220;20&#8243; width=&#8220;25&#8243; height=&#8220;25&#8243; titleclr=&#8220;#800000&#8243; icon=&#8220;fas fa-hotel&#8220; title=&#8220;Hotels in Nairobi-Nationalpark&#8220;]<span data-contrast=\"auto\">Nach einem aufregenden Tag, an dem Sie die Wunder des Nairobi-Nationalparks erkundet haben, ist es beruhigend zu wissen, dass es in der N\u00e4he ausgezeichnete Unterkunftsm\u00f6glichkeiten gibt. Mehrere Hotels und Lodges befinden sich in unmittelbarer N\u00e4he des Parks und bieten den Besuchern einen komfortablen und bequemen Aufenthalt. Diese Unterk\u00fcnfte sind f\u00fcr verschiedene Budgets und Vorlieben geeignet und sorgen f\u00fcr ein erholsames und angenehmes Erlebnis nach einem Tag voller Abenteuer.  <\/span><span data-ccp-props=\"{\"201341983\":0,\"335559739\":160,\"335559740\":259}\">&nbsp;<\/span><\/p>\n<p><span data-contrast=\"auto\">Sind Sie bereit, in die Naturwunder des Nairobi-Nationalparks einzutauchen? Schlie\u00dfen Sie sich Mufasa Tours an und begeben Sie sich auf eine Reise, die Ihnen unvergessliche Erinnerungen hinterlassen wird. Mit ihren au\u00dfergew\u00f6hnlichen Tourpaketen, wettbewerbsf\u00e4higen Preisen und dem Engagement, au\u00dfergew\u00f6hnlichen Service zu bieten, ist Mufasa Tours and Travel Ihr Tor zu einem au\u00dfergew\u00f6hnlichen Wildtiererlebnis vor den Toren der Stadt. Buchen Sie noch heute Ihr Abenteuer im Nairobi-Nationalpark und machen Sie sich bereit, die Magie der ungez\u00e4hmten Sch\u00f6nheit Afrikas zu erleben.   <\/span><span data-ccp-props=\"{\"201341983\":0,\"335559739\":160,\"335559740\":259}\">&nbsp;<\/span><\/p>\n<p>&nbsp;[\/info_list_son][info_list_son style=&#8220;icon&#8220; size=&#8220;20&#8243; width=&#8220;25&#8243; height=&#8220;25&#8243; titleclr=&#8220;#800000&#8243; icon=&#8220;fas fa-binoculars&#8220; title=&#8220;Tierwelt&#8220;]Zu den wichtigsten Attraktionen der Tierwelt geh\u00f6ren das Spitzmaulnashorn, der L\u00f6we, der Leopard, der Gepard, die Hy\u00e4ne, B\u00fcffel, Giraffen, Zebras, Gnus, Elenantilopen und die vielf\u00e4ltige Vogelwelt mit \u00fcber 400 registrierten Arten. Zu den weiteren Attraktionen geh\u00f6ren die Elfenbeinverbrennungsst\u00e4tte Monument, der <a href=\"https:\/\/www.kws.go.ke\/content\/nairobi-safari-walk\" target=\"_blank\" rel=\"dofollow noopener\">Nairobi Safari Walk<\/a>, das Waisenhaus und die Wanderwege an den Flusspferdbecken. [\/info_list_son][info_list_son style=&#8220;icon&#8220; size=&#8220;20&#8243; width=&#8220;25&#8243; height=&#8220;25&#8243; titleclr=&#8220;#800000&#8243; icon=&#8220;fas fa-paw&#8220; title=&#8220;Aktivit\u00e4ten&#8220;]\n<ul>\n<li>Pirschfahrten.<\/li>\n<li>Spazierg\u00e4nge in der Natur.<\/li>\n<li>Radfahren<\/li>\n<li>Besuch des Giraffe Centers<\/li>\n<\/ul>\n<p><a class=\"fasc-button fasc-size-medium fasc-type-flat fasc-ico-before dashicons-arrow-right-alt2\" style=\"background-color: #890000; color: #ffffff;\" href=\"https:\/\/mufasatoursandtravels.com\/de\/angebot-anfordern\/\">Angebot anfordern<\/a>[\/info_list_son][\/info_list_father][\/vc_tta_section][vc_tta_section title=&#8220;Anfahrt&#8220; tab_id=&#8220;1633455601016-f93699bc-5d92&#8243;][vc_gmaps link=&#8220;#E-8_JTNDaWZyYW1lJTIwc3JjJTNEJTIyaHR0cHMlM0ElMkYlMkZtYXBzLmdvb2dsZS5jb20lMkZtYXBzJTNGcSUzRG5haXJvYmklMjUyMG5hdGlvbmFsJTI1MjBwYXJrJTI2YW1wJTNCdCUzRGslMjZhbXAlM0J6JTNEMTElMjZhbXAlM0JpZSUzRFVURjglMjZhbXAlM0Jpd2xvYyUzRCUyNmFtcCUzQm91dHB1dCUzRGVtYmVkJTIyJTIwd2lkdGglM0QlMjI2MDAlMjIlMjBoZWlnaHQlM0QlMjI0NTAlMjIlMjBmcmFtZWJvcmRlciUzRCUyMjAlMjIlMjBzdHlsZSUzRCUyMmJvcmRlciUzQTAlMjIlMjBhbGxvd2Z1bGxzY3JlZW4lM0QlMjIlMjIlM0UlM0MlMkZpZnJhbWUlM0U=&#8220;][\/vc_tta_section][\/vc_tta_tabs][\/vc_column][\/vc_row][vc_row][vc_column css=&#8220;.vc_custom_1685180531109{margin-bottom: 20px !important;}&#8220;][vc_headings style=&#8220;theme3&#8243; borderclr=&#8220;#890000&#8243; title=&#8220;Nairobi Nationalpark H\u00e4ufig gestellte Fragen&#8220; use_theme_fonts=&#8220;yes&#8220; titleclr=&#8220;#890000&#8243;][\/vc_headings][\/vc_column][\/vc_row][vc_row][vc_column][vc_toggle title=&#8220;Wo befindet sich Nairobi Nationalpark?&#8220; style=&#8220;square&#8220;]<span data-contrast=\"auto\">Der Nairobi Nationalpark liegt etwas au\u00dferhalb der Stadt Nairobi, Kenia.<\/span><span data-ccp-props=\"{\"201341983\":0,\"335559739\":160,\"335559740\":259}\">&nbsp;<\/span>[\/vc_toggle][vc_toggle title=&#8220;Welche Geb\u00fchren fallen f\u00fcr den Eintritt in den Nairobi-Nationalpark an?&#8220; style=&#8220;square&#8220;]<span data-contrast=\"auto\">Der Nairobi Nationalpark erhebt einen Eintrittspreis, der zur Unterst\u00fctzung der Naturschutzbem\u00fchungen und zur Instandhaltung der Infrastruktur des Parks verwendet wird.<\/span><span data-ccp-props=\"{\"201341983\":0,\"335559739\":160,\"335559740\":259}\">&nbsp;<\/span>[\/vc_toggle][vc_toggle title=&#8220;Welche Tourm\u00f6glichkeiten gibt es in Nairobi Nationalpark?&#8220; style=&#8220;square&#8220;]<span data-contrast=\"auto\">Der Nairobi-Nationalpark bietet verschiedene Touroptionen an, darunter Pirschfahrten, Safari-Wanderungen und gef\u00fchrte Touren.<\/span><span data-ccp-props=\"{\"201341983\":0,\"335559739\":160,\"335559740\":259}\">&nbsp;<\/span>[\/vc_toggle][vc_toggle title=&#8220;Welche Art von Wildtieren kann ich im Nairobi National Park erwarten?&#8220; style=&#8220;square&#8220;]<span data-contrast=\"auto\">Der Nairobi-Nationalpark ist die Heimat einer vielf\u00e4ltigen Tierwelt, darunter L\u00f6wen, Giraffen, Zebras, Nash\u00f6rner und zahlreiche Vogelarten.<\/span><span data-ccp-props=\"{\"201341983\":0,\"335559739\":160,\"335559740\":259}\">&nbsp;<\/span>[\/vc_toggle][vc_toggle title=&#8220;Kann ich den Nairobi-Nationalpark f\u00fcr eine Halbtagestour besuchen?&#8220; style=&#8220;square&#8220;]<span data-contrast=\"auto\">Ja, Nairobi National Park bietet halbt\u00e4gige Touren an, die es Besuchern erm\u00f6glichen, die Sch\u00f6nheit und Tierwelt des Parks in k\u00fcrzerer Zeit zu erkunden.<\/span><span data-ccp-props=\"{\"201341983\":0,\"335559739\":160,\"335559740\":259}\">&nbsp;<\/span>[\/vc_toggle][vc_toggle title=&#8220;Wie kann ich eine Tour mit Mufasa Tours and Travel buchen?&#8220; style=&#8220;square&#8220;]<span data-contrast=\"auto\">Sie k\u00f6nnen eine Tour durch den Nairobi-Nationalpark bei Mufasa Tours and Travel buchen, indem Sie die Website besuchen oder sich direkt an sie wenden, um weitere Informationen und Reservierungen zu erhalten.<\/span><span data-ccp-props=\"{\"201341983\":0,\"335559739\":160,\"335559740\":259}\">&nbsp;<\/span>[\/vc_toggle][\/vc_column][\/vc_row]\n","protected":false},"excerpt":{"rendered":"<p>[vc_row css=&#8220;.vc_custom_1687880254044{background: rgba(0,0,0,0.47) url(https:\/\/mufasatoursandtravels.com\/wp-content\/uploads\/2022\/01\/Nairobi-National-Park-700&#215;450-1.jpg?id=3076) !important;background-position: center !important;background-repeat: no-repeat !important;background-size: cover !important;*background-color: rgb(0,0,0) !important;}&#8220;][vc_column css=&#8220;.vc_custom_1687869367906{padding-top: 30px !important;padding-right: 50px !important;padding-bottom: 30px !important;padding-left: 50px !important;background-color: rgba(0,0,0,0.57) !important;*background-color: rgb(0,0,0) !important;}&#8220;][vc_custom_heading text=&#8220;Nairobi Nationalpark&#8220; font_container=&#8220;tag:h1|font_size:28|text_align:center|color:%23ffffff&#8220; use_theme_fonts=&#8220;yes&#8220; el_class=&#8220;custom-opacity-text&#8220; css=&#8220;.vc_custom_1687880065474{margin-top: 30px !important;}&#8220;][vc_empty_space][vc_btn title=&#8220;Entdecken Sie mit uns&#8220; style=&#8220;outline&#8220; shape=&#8220;round&#8220; align=&#8220;center&#8220; link=&#8220;url:https%3A%2F%2Fmufasatoursandtravels.com%2Fde%2Fangebot-anfordern%2F|&#8220;][\/vc_column][\/vc_row][vc_row][vc_column css=&#8220;.vc_custom_1679042664462{border-top-width: 10px !important;}&#8220;][vc_tta_tabs shape=&#8220;square&#8220; color=&#8220;juicy-pink&#8220; alignment=&#8220;center&#8220; active_section=&#8220;1&#8243; no_fill_content_area=&#8220;true&#8220;][vc_tta_section title=&#8220;\u00dcber&#8220; tab_id=&#8220;1636302233132-39a30584-a642&#8243;][info_list_father][info_list_son style=&#8220;icon&#8220; size=&#8220;20&#8243; width=&#8220;25&#8243; [&hellip;]<\/p>\n","protected":false},"author":3,"featured_media":0,"parent":27929,"menu_order":0,"comment_status":"closed","ping_status":"closed","template":"","meta":{"_themeisle_gutenberg_block_has_review":false,"footnotes":""},"class_list":["post-33960","page","type-page","status-publish","hentry"],"_links":{"self":[{"href":"https:\/\/mufasatoursandtravels.com\/de\/wp-json\/wp\/v2\/pages\/33960","targetHints":{"allow":["GET"]}}],"collection":[{"href":"https:\/\/mufasatoursandtravels.com\/de\/wp-json\/wp\/v2\/pages"}],"about":[{"href":"https:\/\/mufasatoursandtravels.com\/de\/wp-json\/wp\/v2\/types\/page"}],"author":[{"embeddable":true,"href":"https:\/\/mufasatoursandtravels.com\/de\/wp-json\/wp\/v2\/users\/3"}],"replies":[{"embeddable":true,"href":"https:\/\/mufasatoursandtravels.com\/de\/wp-json\/wp\/v2\/comments?post=33960"}],"version-history":[{"count":10,"href":"https:\/\/mufasatoursandtravels.com\/de\/wp-json\/wp\/v2\/pages\/33960\/revisions"}],"predecessor-version":[{"id":33986,"href":"https:\/\/mufasatoursandtravels.com\/de\/wp-json\/wp\/v2\/pages\/33960\/revisions\/33986"}],"up":[{"embeddable":true,"href":"https:\/\/mufasatoursandtravels.com\/de\/wp-json\/wp\/v2\/pages\/27929"}],"wp:attachment":[{"href":"https:\/\/mufasatoursandtravels.com\/de\/wp-json\/wp\/v2\/media?parent=33960"}],"curies":[{"name":"wp","href":"https:\/\/api.w.org\/{rel}","templated":true}]}}